{"id":10867,"date":"2023-05-29T10:12:56","date_gmt":"2023-05-29T08:12:56","guid":{"rendered":"https:\/\/derbedrosian.nl\/?page_id=10867"},"modified":"2025-12-21T15:18:13","modified_gmt":"2025-12-21T13:18:13","slug":"gwalt","status":"publish","type":"page","link":"https:\/\/www.derbedrosian.nl\/pl\/rechtsgebieden\/strafrecht\/verkrachting\/","title":{"rendered":"Gwa\u0142t"},"content":{"rendered":"<div data-elementor-type=\"wp-page\" data-elementor-id=\"10867\" class=\"elementor elementor-10867\" data-elementor-post-type=\"page\">\n\t\t\t\t<div class=\"wd-negative-gap elementor-element elementor-element-79ce637 e-flex e-con-boxed e-con e-parent\" data-id=\"79ce637\" data-element_type=\"container\" data-e-type=\"container\">\n\t\t\t\t\t<div class=\"e-con-inner\">\n\t\t\t\t<div class=\"elementor-element elementor-element-29f3aea elementor-hidden-desktop elementor-hidden-tablet elementor-hidden-mobile elementor-widget elementor-widget-wd_image_or_svg\" data-id=\"29f3aea\" data-element_type=\"widget\" data-e-type=\"widget\" id=\"seo-word\" data-widget_type=\"wd_image_or_svg.default\">\n\t\t\t\t<div class=\"elementor-widget-container\">\n\t\t\t\t\t\n\t\t<div class=\"wd-image text-left\">\n\t\t\t\t\t\t\t\t<img loading=\"lazy\" decoding=\"async\" width=\"1000\" height=\"667\" src=\"https:\/\/www.derbedrosian.nl\/wp-content\/uploads\/rechtsgebied-verkrachting.jpg\" class=\"attachment-full size-full\" alt=\"kara za gwa\u0142t adwokat przest\u0119pstwo napa\u015bci podejrzany o przest\u0119pstwo gwa\u0142tu\" srcset=\"https:\/\/www.derbedrosian.nl\/wp-content\/uploads\/rechtsgebied-verkrachting.jpg 1000w, https:\/\/www.derbedrosian.nl\/wp-content\/uploads\/rechtsgebied-verkrachting-400x267.jpg 400w, https:\/\/www.derbedrosian.nl\/wp-content\/uploads\/rechtsgebied-verkrachting-768x512.jpg 768w\" sizes=\"auto, (max-width: 1000px) 100vw, 1000px\" title=\"\">\t\t\t\t\t<\/div>\n\n\t\t\t\t\t\t<\/div>\n\t\t\t\t<\/div>\n\t\t\t\t<div class=\"elementor-element elementor-element-72c715a elementor-hidden-desktop elementor-hidden-tablet elementor-hidden-mobile elementor-widget elementor-widget-heading\" data-id=\"72c715a\" data-element_type=\"widget\" data-e-type=\"widget\" id=\"seo-word\" data-widget_type=\"heading.default\">\n\t\t\t\t<div class=\"elementor-widget-container\">\n\t\t\t\t\t<h2 class=\"elementor-heading-title elementor-size-default\">adwokat ds. gwa\u0142tu<\/h2>\t\t\t\t<\/div>\n\t\t\t\t<\/div>\n\t\t\t\t<div class=\"elementor-element elementor-element-a1d26a1 elementor-hidden-desktop elementor-hidden-tablet elementor-hidden-mobile elementor-widget elementor-widget-heading\" data-id=\"a1d26a1\" data-element_type=\"widget\" data-e-type=\"widget\" id=\"seo-word\" data-widget_type=\"heading.default\">\n\t\t\t\t<div class=\"elementor-widget-container\">\n\t\t\t\t\t<h5 class=\"elementor-heading-title elementor-size-default\">kara za gwa\u0142t<\/h5>\t\t\t\t<\/div>\n\t\t\t\t<\/div>\n\t\t\t\t<div class=\"elementor-element elementor-element-86df940 elementor-hidden-desktop elementor-hidden-tablet elementor-hidden-mobile elementor-widget elementor-widget-heading\" data-id=\"86df940\" data-element_type=\"widget\" data-e-type=\"widget\" id=\"seo-word\" data-widget_type=\"heading.default\">\n\t\t\t\t<div class=\"elementor-widget-container\">\n\t\t\t\t\t<h5 class=\"elementor-heading-title elementor-size-default\">gwa\u0142t w holandii<\/h5>\t\t\t\t<\/div>\n\t\t\t\t<\/div>\n\t\t\t\t<div class=\"elementor-element elementor-element-ddb554c elementor-hidden-desktop elementor-hidden-tablet elementor-hidden-mobile elementor-widget elementor-widget-heading\" data-id=\"ddb554c\" data-element_type=\"widget\" data-e-type=\"widget\" id=\"seo-word\" data-widget_type=\"heading.default\">\n\t\t\t\t<div class=\"elementor-widget-container\">\n\t\t\t\t\t<h5 class=\"elementor-heading-title elementor-size-default\">r\u00f3\u017cnica mi\u0119dzy napa\u015bci\u0105 seksualn\u0105 a gwa\u0142tem<\/h5>\t\t\t\t<\/div>\n\t\t\t\t<\/div>\n\t\t\t\t<div class=\"elementor-element elementor-element-4bfa2bd elementor-hidden-desktop elementor-hidden-tablet elementor-hidden-mobile elementor-widget elementor-widget-heading\" data-id=\"4bfa2bd\" data-element_type=\"widget\" data-e-type=\"widget\" id=\"seo-word\" data-widget_type=\"heading.default\">\n\t\t\t\t<div class=\"elementor-widget-container\">\n\t\t\t\t\t<h5 class=\"elementor-heading-title elementor-size-default\">przest\u0119pstwo<\/h5>\t\t\t\t<\/div>\n\t\t\t\t<\/div>\n\t\t\t\t<div class=\"elementor-element elementor-element-ac32fe0 elementor-hidden-desktop elementor-hidden-tablet elementor-hidden-mobile elementor-widget elementor-widget-heading\" data-id=\"ac32fe0\" data-element_type=\"widget\" data-e-type=\"widget\" id=\"seo-word\" data-widget_type=\"heading.default\">\n\t\t\t\t<div class=\"elementor-widget-container\">\n\t\t\t\t\t<h5 class=\"elementor-heading-title elementor-size-default\">prawnik pikietuj\u0105cy<\/h5>\t\t\t\t<\/div>\n\t\t\t\t<\/div>\n\t\t\t\t<div class=\"elementor-element elementor-element-f045f6d elementor-hidden-desktop elementor-hidden-tablet elementor-hidden-mobile elementor-widget elementor-widget-heading\" data-id=\"f045f6d\" data-element_type=\"widget\" data-e-type=\"widget\" id=\"seo-word\" data-widget_type=\"heading.default\">\n\t\t\t\t<div class=\"elementor-widget-container\">\n\t\t\t\t\t<h5 class=\"elementor-heading-title elementor-size-default\">adwokat w sprawach karnych enschede<\/h5>\t\t\t\t<\/div>\n\t\t\t\t<\/div>\n\t\t\t\t<div class=\"elementor-element elementor-element-8c1d0f5 elementor-hidden-desktop elementor-hidden-tablet elementor-hidden-mobile elementor-widget elementor-widget-heading\" data-id=\"8c1d0f5\" data-element_type=\"widget\" data-e-type=\"widget\" id=\"seo-word\" data-widget_type=\"heading.default\">\n\t\t\t\t<div class=\"elementor-widget-container\">\n\t\t\t\t\t<h5 class=\"elementor-heading-title elementor-size-default\">prawo karne enschede<\/h5>\t\t\t\t<\/div>\n\t\t\t\t<\/div>\n\t\t\t\t<div class=\"elementor-element elementor-element-eb1e1f5 elementor-hidden-desktop elementor-hidden-tablet elementor-hidden-mobile elementor-widget elementor-widget-heading\" data-id=\"eb1e1f5\" data-element_type=\"widget\" data-e-type=\"widget\" id=\"seo-word\" data-widget_type=\"heading.default\">\n\t\t\t\t<div class=\"elementor-widget-container\">\n\t\t\t\t\t<h5 class=\"elementor-heading-title elementor-size-default\">adwokat prawo karne enschede<\/h5>\t\t\t\t<\/div>\n\t\t\t\t<\/div>\n\t\t\t\t<div class=\"elementor-element elementor-element-c193e6a elementor-hidden-desktop elementor-hidden-tablet elementor-hidden-mobile elementor-widget elementor-widget-heading\" data-id=\"c193e6a\" data-element_type=\"widget\" data-e-type=\"widget\" id=\"seo-word\" data-widget_type=\"heading.default\">\n\t\t\t\t<div class=\"elementor-widget-container\">\n\t\t\t\t\t<h5 class=\"elementor-heading-title elementor-size-default\">adwokat prawo karne overijssel<\/h5>\t\t\t\t<\/div>\n\t\t\t\t<\/div>\n\t\t\t\t<div class=\"elementor-element elementor-element-35968d3 elementor-hidden-desktop elementor-hidden-tablet elementor-hidden-mobile elementor-widget elementor-widget-heading\" data-id=\"35968d3\" data-element_type=\"widget\" data-e-type=\"widget\" id=\"seo-word\" data-widget_type=\"heading.default\">\n\t\t\t\t<div class=\"elementor-widget-container\">\n\t\t\t\t\t<h5 class=\"elementor-heading-title elementor-size-default\">znaczenie gwa\u0142tu<\/h5>\t\t\t\t<\/div>\n\t\t\t\t<\/div>\n\t\t\t\t<div class=\"elementor-element elementor-element-4e3765c elementor-hidden-desktop elementor-hidden-tablet elementor-hidden-mobile elementor-widget elementor-widget-heading\" data-id=\"4e3765c\" data-element_type=\"widget\" data-e-type=\"widget\" id=\"seo-word\" data-widget_type=\"heading.default\">\n\t\t\t\t<div class=\"elementor-widget-container\">\n\t\t\t\t\t<h5 class=\"elementor-heading-title elementor-size-default\">W Enschede i Overijssel prawnicy specjalizuj\u0105cy si\u0119 w sprawach karnych z kancelarii Derbedrosian Criminal Lawyers s\u0105 Pa\u0144stwa zaufanymi partnerami prawnymi. Nasi prawnicy w Enschede specjalizuj\u0105 si\u0119 w sprawach karnych, w tym w powa\u017cnych sprawach, takich jak gwa\u0142t.\n\nGwa\u0142t jest powa\u017cnym przest\u0119pstwem w Holandii, za kt\u00f3re gro\u017c\u0105 surowe kary. Wa\u017cne jest, aby zrozumie\u0107 ramy prawne i kary za gwa\u0142t. R\u00f3\u017cnica mi\u0119dzy napa\u015bci\u0105 na tle seksualnym a gwa\u0142tem polega na charakterze i powadze przest\u0119pstwa.\n\nW nag\u0142ych przypadkach, takich jak aresztowanie lub przes\u0142uchanie, mo\u017cna wezwa\u0107 prawnika pikietuj\u0105cego, znanego r\u00f3wnie\u017c jako prawnik dy\u017curny, w celu zapewnienia pomocy prawnej. W sprawach dotycz\u0105cych gwa\u0142tu konieczne jest natychmiastowe zwr\u00f3cenie si\u0119 o pomoc prawn\u0105.\n\nNasi prawnicy w Enschede s\u0105 tutaj, aby doradza\u0107 i reprezentowa\u0107 Pa\u0144stwa interesy w sprawach karnych, w tym w sprawach o gwa\u0142t. Je\u015bli potrzebuj\u0105 Pa\u0144stwo pomocy prawnej w tak powa\u017cnych sprawach, prosimy o kontakt z kancelari\u0105 Derbedrosian Criminal Lawyers w celu uzyskania profesjonalnego wsparcia.<\/h5>\t\t\t\t<\/div>\n\t\t\t\t<\/div>\n\t\t\t\t<div class=\"elementor-element elementor-element-80a0103 color-scheme-inherit text-left elementor-widget elementor-widget-text-editor\" data-id=\"80a0103\" data-element_type=\"widget\" data-e-type=\"widget\" data-widget_type=\"text-editor.default\">\n\t\t\t\t<div class=\"elementor-widget-container\">\n\t\t\t\t\t\t\t\t\t<p><strong>Gwa\u0142t jest powa\u017cnym przest\u0119pstwem, w przypadku kt\u00f3rego holenderski system prawny musi zaj\u0105\u0107 si\u0119 takimi sytuacjami i zapewni\u0107 sprawiedliwe traktowanie zar\u00f3wno ofiar, jak i podejrzanych.<\/strong><\/p><p><strong>Dla ofiar dost\u0119pne s\u0105 r\u00f3wnie\u017c us\u0142ugi wsparcia medycznego i emocjonalnego, aby pom\u00f3c im w powrocie do zdrowia.<\/strong><\/p>\t\t\t\t\t\t\t\t<\/div>\n\t\t\t\t<\/div>\n\t\t\t\t<div class=\"elementor-element elementor-element-7bb2179 elementor-widget elementor-widget-spacer\" data-id=\"7bb2179\" data-element_type=\"widget\" data-e-type=\"widget\" data-widget_type=\"spacer.default\">\n\t\t\t\t<div class=\"elementor-widget-container\">\n\t\t\t\t\t\t\t<div class=\"elementor-spacer\">\n\t\t\t<div class=\"elementor-spacer-inner\"><\/div>\n\t\t<\/div>\n\t\t\t\t\t\t<\/div>\n\t\t\t\t<\/div>\n\t\t\t\t<div class=\"elementor-element elementor-element-4d0318a elementor-widget elementor-widget-heading\" data-id=\"4d0318a\" data-element_type=\"widget\" data-e-type=\"widget\" data-widget_type=\"heading.default\">\n\t\t\t\t<div class=\"elementor-widget-container\">\n\t\t\t\t\t<h3 class=\"elementor-heading-title elementor-size-default\">Czym jest gwa\u0142t?<\/h3>\t\t\t\t<\/div>\n\t\t\t\t<\/div>\n\t\t\t\t<div class=\"elementor-element elementor-element-96fd6ba color-scheme-inherit text-left elementor-widget elementor-widget-text-editor\" data-id=\"96fd6ba\" data-element_type=\"widget\" data-e-type=\"widget\" data-widget_type=\"text-editor.default\">\n\t\t\t\t<div class=\"elementor-widget-container\">\n\t\t\t\t\t\t\t\t\t<p>Zgodnie z prawem gwa\u0142t definiuje si\u0119 jako: \"Gwa\u0142t to jakakolwiek forma penetracji seksualnej, niezale\u017cnie od metody, kt\u00f3ra jest wykonywana wbrew woli osoby, niezale\u017cnie od tego, czy jest ona pod wp\u0142ywem si\u0142y, gro\u017aby lub presji psychologicznej\".<\/p><p>Wa\u017cne jest, aby zrozumie\u0107, co oznacza \"wbrew woli\". Obejmuje to:<\/p><ul><li><strong>Brak zgody:<\/strong>\u00a0Oznacza to, \u017ce penetracja seksualna mia\u0142a miejsce bez wolnej woli i zgody ofiary. Oznacza to, \u017ce dana osoba nie wyrazi\u0142a dobrowolnej zgody na akt seksualny.<\/li><li><strong>Niepe\u0142nosprawno\u015b\u0107 fizyczna lub umys\u0142owa:<\/strong>\u00a0Do gwa\u0142tu mo\u017ce r\u00f3wnie\u017c doj\u015b\u0107, gdy ofiara jest niepe\u0142nosprawna fizycznie lub umys\u0142owo, co uniemo\u017cliwia jej \u015bwiadome wyra\u017cenie zgody. Mo\u017ce tak by\u0107 na przyk\u0142ad w przypadku, gdy osoba nie jest w stanie jasno wyrazi\u0107 swojej woli z powodu zespo\u0142u Downa.<\/li><li><strong>Pod wp\u0142ywem alkoholu lub narkotyk\u00f3w:<\/strong> je\u015bli ofiara znajduje si\u0119 pod wp\u0142ywem alkoholu lub narkotyk\u00f3w i w zwi\u0105zku z tym nie jest w stanie \u015bwiadomie i dobrowolnie wyrazi\u0107 zgody na czynno\u015bci seksualne.<\/li><\/ul><p>Bardzo wa\u017cne jest, aby gwa\u0142t by\u0142 rozumiany zgodnie z tymi definicjami prawnymi, aby podkre\u015bli\u0107 powag\u0119 tego przest\u0119pstwa i chroni\u0107 prawa ofiar.<\/p>\t\t\t\t\t\t\t\t<\/div>\n\t\t\t\t<\/div>\n\t\t\t\t<div class=\"elementor-element elementor-element-8405b00 elementor-widget elementor-widget-spacer\" data-id=\"8405b00\" data-element_type=\"widget\" data-e-type=\"widget\" data-widget_type=\"spacer.default\">\n\t\t\t\t<div class=\"elementor-widget-container\">\n\t\t\t\t\t\t\t<div class=\"elementor-spacer\">\n\t\t\t<div class=\"elementor-spacer-inner\"><\/div>\n\t\t<\/div>\n\t\t\t\t\t\t<\/div>\n\t\t\t\t<\/div>\n\t\t\t\t<div class=\"elementor-element elementor-element-f93aeed elementor-widget elementor-widget-heading\" data-id=\"f93aeed\" data-element_type=\"widget\" data-e-type=\"widget\" data-widget_type=\"heading.default\">\n\t\t\t\t<div class=\"elementor-widget-container\">\n\t\t\t\t\t<h3 class=\"elementor-heading-title elementor-size-default\">Kara za gwa\u0142t<\/h3>\t\t\t\t<\/div>\n\t\t\t\t<\/div>\n\t\t\t\t<div class=\"elementor-element elementor-element-1e402ae color-scheme-inherit text-left elementor-widget elementor-widget-text-editor\" data-id=\"1e402ae\" data-element_type=\"widget\" data-e-type=\"widget\" data-widget_type=\"text-editor.default\">\n\t\t\t\t<div class=\"elementor-widget-container\">\n\t\t\t\t\t\t\t\t\t<p>Zgodnie z art. 242 holenderskiego kodeksu karnego maksymalna kara pozbawienia wolno\u015bci za gwa\u0142t wynosi obecnie 12 lat. Oznacza to, \u017ce osoba uznana za winn\u0105 gwa\u0142tu mo\u017ce zosta\u0107 skazana na kar\u0119 do 12 lat pozbawienia wolno\u015bci.<\/p><ul><li><strong>Kara pieni\u0119\u017cna:<\/strong> Opr\u00f3cz kary pozbawienia wolno\u015bci mo\u017ce zosta\u0107 r\u00f3wnie\u017c na\u0142o\u017cona grzywna. Grzywna za gwa\u0142t nale\u017cy do pi\u0105tej kategorii grzywien w holenderskim prawie karnym. Oznacza to, \u017ce grzywna mo\u017ce wynie\u015b\u0107 maksymalnie 90 000 euro, w zale\u017cno\u015bci od konkretnych okoliczno\u015bci sprawy.<\/li><\/ul>\t\t\t\t\t\t\t\t<\/div>\n\t\t\t\t<\/div>\n\t\t\t\t<div class=\"elementor-element elementor-element-cf0892b elementor-widget elementor-widget-spacer\" data-id=\"cf0892b\" data-element_type=\"widget\" data-e-type=\"widget\" data-widget_type=\"spacer.default\">\n\t\t\t\t<div class=\"elementor-widget-container\">\n\t\t\t\t\t\t\t<div class=\"elementor-spacer\">\n\t\t\t<div class=\"elementor-spacer-inner\"><\/div>\n\t\t<\/div>\n\t\t\t\t\t\t<\/div>\n\t\t\t\t<\/div>\n\t\t\t\t<div class=\"elementor-element elementor-element-d40230a elementor-widget elementor-widget-heading\" data-id=\"d40230a\" data-element_type=\"widget\" data-e-type=\"widget\" data-widget_type=\"heading.default\">\n\t\t\t\t<div class=\"elementor-widget-container\">\n\t\t\t\t\t<h3 class=\"elementor-heading-title elementor-size-default\">R\u00f3\u017cnica mi\u0119dzy napa\u015bci\u0105 na tle seksualnym a gwa\u0142tem<\/h3>\t\t\t\t<\/div>\n\t\t\t\t<\/div>\n\t\t\t\t<div class=\"elementor-element elementor-element-04ac6bf color-scheme-inherit text-left elementor-widget elementor-widget-text-editor\" data-id=\"04ac6bf\" data-element_type=\"widget\" data-e-type=\"widget\" data-widget_type=\"text-editor.default\">\n\t\t\t\t<div class=\"elementor-widget-container\">\n\t\t\t\t\t\t\t\t\t<p>Zar\u00f3wno napa\u015b\u0107 na tle seksualnym, jak i gwa\u0142t s\u0105 powa\u017cnymi przest\u0119pstwami<a href=\"https:\/\/www.derbedrosian.nl\/pl\/jurysdykcje\/prawo-karne\/przestepstwa\/\"> przest\u0119pstwa<\/a>Tak, ale istniej\u0105 mi\u0119dzy nimi istotne r\u00f3\u017cnice:<\/p><p><strong>Atak:<\/strong><\/p><ul><li><strong>Definicja:<\/strong>\u00a0Napa\u015b\u0107 na tle seksualnym polega na tym, \u017ce kto\u015b dotyka seksualnie, obmacuje lub wykonuje inne czynno\u015bci seksualne na innej osobie bez zgody i celowo. Mo\u017ce obejmowa\u0107 zar\u00f3wno niechciane dotykanie, jak i powa\u017cniejsze formy napa\u015bci na tle seksualnym, ale nie wi\u0105\u017ce si\u0119 z penetracj\u0105.<\/li><li><strong>Kara:<\/strong>\u00a0Kary za napa\u015b\u0107 na tle seksualnym mog\u0105 si\u0119 r\u00f3\u017cni\u0107 w zale\u017cno\u015bci od wagi przest\u0119pstwa, ale zazwyczaj obejmuj\u0105 kar\u0119 pozbawienia wolno\u015bci, prace spo\u0142eczne i\/lub grzywny.<\/li><\/ul><p><strong style=\"font-size: 17.6px; letter-spacing: var( --e-global-typography-text-letter-spacing ); text-transform: var( --e-global-typography-text-text-transform ); word-spacing: var( --e-global-typography-text-word-spacing ); color: var(--wd-text-color);\">Gwa\u0142t:<\/strong><\/p><ul><li><strong>Definicja:<\/strong>\u00a0Gwa\u0142t jest powa\u017cniejszym przest\u0119pstwem, w kt\u00f3rym osoba dokonuje penetracji seksualnej innej osoby bez jej zgody. Penetracja ta mo\u017ce mie\u0107 miejsce przy u\u017cyciu si\u0142y, gro\u017aby, presji psychologicznej lub w przypadkach, gdy ofiara nie jest w stanie wyrazi\u0107 zgody z powodu, na przyk\u0142ad, upo\u015bledzenia fizycznego lub umys\u0142owego, odurzenia lub <a href=\"https:\/\/www.derbedrosian.nl\/pl\/jurysdykcje\/prawo-karne\/narkotyki\/\">za\u017cywanie narkotyk\u00f3w.<\/a><\/li><li><strong>Kara: <\/strong>Gwa\u0142t jest surowo karany w wi\u0119kszo\u015bci system\u00f3w prawnych. Kary cz\u0119sto obejmuj\u0105 d\u0142ugie wyroki wi\u0119zienia, w zale\u017cno\u015bci od wagi przest\u0119pstwa i okoliczno\u015bci.<\/li><\/ul><p>G\u0142\u00f3wna r\u00f3\u017cnica mi\u0119dzy napa\u015bci\u0105 na tle seksualnym a gwa\u0142tem polega na tym, \u017ce gwa\u0142t obejmuje penetracj\u0119 seksualn\u0105 bez zgody, podczas gdy napa\u015b\u0107 na tle seksualnym koncentruje si\u0119 na aktach seksualnych bez penetracji. Oba przest\u0119pstwa s\u0105 powa\u017cne i podlegaj\u0105 surowej karze, ale charakter czyn\u00f3w jest r\u00f3\u017cny.<\/p>\t\t\t\t\t\t\t\t<\/div>\n\t\t\t\t<\/div>\n\t\t\t\t<div class=\"elementor-element elementor-element-5a433a3 elementor-widget elementor-widget-spacer\" data-id=\"5a433a3\" data-element_type=\"widget\" data-e-type=\"widget\" data-widget_type=\"spacer.default\">\n\t\t\t\t<div class=\"elementor-widget-container\">\n\t\t\t\t\t\t\t<div class=\"elementor-spacer\">\n\t\t\t<div class=\"elementor-spacer-inner\"><\/div>\n\t\t<\/div>\n\t\t\t\t\t\t<\/div>\n\t\t\t\t<\/div>\n\t\t\t\t<div class=\"elementor-element elementor-element-baf127d elementor-widget elementor-widget-heading\" data-id=\"baf127d\" data-element_type=\"widget\" data-e-type=\"widget\" data-widget_type=\"heading.default\">\n\t\t\t\t<div class=\"elementor-widget-container\">\n\t\t\t\t\t<h3 class=\"elementor-heading-title elementor-size-default\">Prawnik pikietuj\u0105cy<\/h3>\t\t\t\t<\/div>\n\t\t\t\t<\/div>\n\t\t\t\t<div class=\"elementor-element elementor-element-b873207 color-scheme-inherit text-left elementor-widget elementor-widget-text-editor\" data-id=\"b873207\" data-element_type=\"widget\" data-e-type=\"widget\" data-widget_type=\"text-editor.default\">\n\t\t\t\t<div class=\"elementor-widget-container\">\n\t\t\t\t\t\t\t\t\t<p>W Holandii, gdy podejrzany zostanie aresztowany przez policj\u0119 i umieszczony w areszcie, zostanie mu przydzielony adwokat. Prawnik ten b\u0119dzie dost\u0119pny w dniu Pana\/Pani aresztowania. Nie zawsze jednak mo\u017cna zagwarantowa\u0107, \u017ce adwokat ten specjalizuje si\u0119 w danej sprawie. <a href=\"https:\/\/www.derbedrosian.nl\/pl\/jurysdykcje\/prawo-karne\/\">prawo karne<\/a>nie m\u00f3wi\u0105c ju\u017c o skomplikowanych sprawach obyczajowych.<\/p><p>Cz\u0119sto dy\u017cury przy pikietach pe\u0142ni\u0105 aplikanci adwokaccy. W zwi\u0105zku z tym, w przypadku z\u0142o\u017conej sprawy s\u0105dowej, kt\u00f3ra wymaga specjalistycznej wiedzy, nie ma pewno\u015bci, czy uzyskaj\u0105 Pa\u0144stwo w\u0142a\u015bciw\u0105 pomoc prawn\u0105 od przydzielonego prawnika ds. pikiet.<\/p>\t\t\t\t\t\t\t\t<\/div>\n\t\t\t\t<\/div>\n\t\t\t\t<div class=\"elementor-element elementor-element-d9cb06b elementor-widget elementor-widget-spacer\" data-id=\"d9cb06b\" data-element_type=\"widget\" data-e-type=\"widget\" data-widget_type=\"spacer.default\">\n\t\t\t\t<div class=\"elementor-widget-container\">\n\t\t\t\t\t\t\t<div class=\"elementor-spacer\">\n\t\t\t<div class=\"elementor-spacer-inner\"><\/div>\n\t\t<\/div>\n\t\t\t\t\t\t<\/div>\n\t\t\t\t<\/div>\n\t\t\t\t<div class=\"elementor-element elementor-element-8765f97 elementor-widget elementor-widget-heading\" data-id=\"8765f97\" data-element_type=\"widget\" data-e-type=\"widget\" data-widget_type=\"heading.default\">\n\t\t\t\t<div class=\"elementor-widget-container\">\n\t\t\t\t\t<h3 class=\"elementor-heading-title elementor-size-default\">Prawnik podejrzany o gwa\u0142t<\/h3>\t\t\t\t<\/div>\n\t\t\t\t<\/div>\n\t\t\t\t<div class=\"elementor-element elementor-element-0f239d4 color-scheme-inherit text-left elementor-widget elementor-widget-text-editor\" data-id=\"0f239d4\" data-element_type=\"widget\" data-e-type=\"widget\" data-widget_type=\"text-editor.default\">\n\t\t\t\t<div class=\"elementor-widget-container\">\n\t\t\t\t\t\t\t\t\t<p>Je\u015bli s\u0105 Pa\u0144stwo podejrzani o gwa\u0142t, zawsze wa\u017cne jest, aby zwr\u00f3ci\u0107 si\u0119 o pomoc do wyspecjalizowanego prawnika. Wskazane jest, aby zrobi\u0107 to na jak najwcze\u015bniejszym etapie sprawy, aby prawnik m\u00f3g\u0142 nadal mie\u0107 du\u017cy wp\u0142yw na p\u00f3\u017aniejszy przebieg procesu. W kancelarii Der Bedrosian skontaktujemy Pa\u0144stwa bezpo\u015brednio z jednym z naszych prawnik\u00f3w. <a href=\"https:\/\/www.derbedrosian.nl\/pl\/prawnicy-2\/\">wyspecjalizowani prawnicy<\/a> kt\u00f3ry ma du\u017ce do\u015bwiadczenie w sprawach dotycz\u0105cych seksu.<\/p><p>Nasze zaanga\u017cowanie wykracza poza reprezentacj\u0119 prawn\u0105. Wsp\u00f3\u0142pracujemy z Pa\u0144stwem w celu ustalenia najlepszej strategii obrony, d\u0105\u017c\u0105c do sprawiedliwego rozstrzygni\u0119cia Pa\u0144stwa sprawy.<\/p>\t\t\t\t\t\t\t\t<\/div>\n\t\t\t\t<\/div>\n\t\t\t\t\t<\/div>\n\t\t\t\t<\/div>\n\t\t\t\t<\/div>","protected":false},"excerpt":{"rendered":"<p>gwa\u0142t adwokat gwa\u0142t kara gwa\u0142t nederland r\u00f3\u017cnica mi\u0119dzy napa\u015bci\u0105 seksualn\u0105 a gwa\u0142tem przest\u0119pstwo pikieta adwokat prawo karne enschede prawo karne enschede adwokat prawo karne<\/p>","protected":false},"author":1,"featured_media":0,"parent":10047,"menu_order":0,"comment_status":"closed","ping_status":"closed","template":"","meta":{"footnotes":""},"class_list":["post-10867","page","type-page","status-publish","hentry"],"_links":{"self":[{"href":"https:\/\/www.derbedrosian.nl\/pl\/wp-json\/wp\/v2\/pages\/10867","targetHints":{"allow":["GET"]}}],"collection":[{"href":"https:\/\/www.derbedrosian.nl\/pl\/wp-json\/wp\/v2\/pages"}],"about":[{"href":"https:\/\/www.derbedrosian.nl\/pl\/wp-json\/wp\/v2\/types\/page"}],"author":[{"embeddable":true,"href":"https:\/\/www.derbedrosian.nl\/pl\/wp-json\/wp\/v2\/users\/1"}],"replies":[{"embeddable":true,"href":"https:\/\/www.derbedrosian.nl\/pl\/wp-json\/wp\/v2\/comments?post=10867"}],"version-history":[{"count":0,"href":"https:\/\/www.derbedrosian.nl\/pl\/wp-json\/wp\/v2\/pages\/10867\/revisions"}],"up":[{"embeddable":true,"href":"https:\/\/www.derbedrosian.nl\/pl\/wp-json\/wp\/v2\/pages\/10047"}],"wp:attachment":[{"href":"https:\/\/www.derbedrosian.nl\/pl\/wp-json\/wp\/v2\/media?parent=10867"}],"curies":[{"name":"wp","href":"https:\/\/api.w.org\/{rel}","templated":true}]}}