{"id":10847,"date":"2023-05-29T10:06:17","date_gmt":"2023-05-29T08:06:17","guid":{"rendered":"https:\/\/derbedrosian.nl\/?page_id=10847"},"modified":"2025-12-21T15:42:03","modified_gmt":"2025-12-21T13:42:03","slug":"atak","status":"publish","type":"page","link":"https:\/\/www.derbedrosian.nl\/pl\/rechtsgebieden\/strafrecht\/mishandeling\/","title":{"rendered":"Atak"},"content":{"rendered":"<div data-elementor-type=\"wp-page\" data-elementor-id=\"10847\" class=\"elementor elementor-10847\" data-elementor-post-type=\"page\">\n\t\t\t\t<div class=\"wd-negative-gap elementor-element elementor-element-9a5b992 e-flex e-con-boxed e-con e-parent\" data-id=\"9a5b992\" data-element_type=\"container\" data-e-type=\"container\">\n\t\t\t\t\t<div class=\"e-con-inner\">\n\t\t\t\t<div class=\"elementor-element elementor-element-6a155b9 elementor-hidden-desktop elementor-hidden-tablet elementor-hidden-mobile elementor-widget elementor-widget-wd_image_or_svg\" data-id=\"6a155b9\" data-element_type=\"widget\" data-e-type=\"widget\" id=\"seo-word\" data-widget_type=\"wd_image_or_svg.default\">\n\t\t\t\t<div class=\"elementor-widget-container\">\n\t\t\t\t\t\n\t\t<div class=\"wd-image text-left\">\n\t\t\t\t\t\t\t\t<img loading=\"lazy\" decoding=\"async\" width=\"1000\" height=\"667\" src=\"https:\/\/www.derbedrosian.nl\/wp-content\/uploads\/rechtsgebied-mishandeling.jpg\" class=\"attachment-full size-full\" alt=\"Napa\u015b\u0107 prawnik gwa\u0142t zaniedbanie policja przest\u0119pstwo napa\u015b\u0107 na tle seksualnym\" srcset=\"https:\/\/www.derbedrosian.nl\/wp-content\/uploads\/rechtsgebied-mishandeling.jpg 1000w, https:\/\/www.derbedrosian.nl\/wp-content\/uploads\/rechtsgebied-mishandeling-400x267.jpg 400w, https:\/\/www.derbedrosian.nl\/wp-content\/uploads\/rechtsgebied-mishandeling-768x512.jpg 768w\" sizes=\"auto, (max-width: 1000px) 100vw, 1000px\" title=\"\">\t\t\t\t\t<\/div>\n\n\t\t\t\t\t\t<\/div>\n\t\t\t\t<\/div>\n\t\t\t\t<div class=\"elementor-element elementor-element-ec6fe98 elementor-hidden-desktop elementor-hidden-tablet elementor-hidden-mobile elementor-widget elementor-widget-heading\" data-id=\"ec6fe98\" data-element_type=\"widget\" data-e-type=\"widget\" id=\"seo-word\" data-widget_type=\"heading.default\">\n\t\t\t\t<div class=\"elementor-widget-container\">\n\t\t\t\t\t<h2 class=\"elementor-heading-title elementor-size-default\">Gwa\u0142t<\/h2>\t\t\t\t<\/div>\n\t\t\t\t<\/div>\n\t\t\t\t<div class=\"elementor-element elementor-element-953e9d2 elementor-hidden-desktop elementor-hidden-tablet elementor-hidden-mobile elementor-widget elementor-widget-heading\" data-id=\"953e9d2\" data-element_type=\"widget\" data-e-type=\"widget\" id=\"seo-word\" data-widget_type=\"heading.default\">\n\t\t\t\t<div class=\"elementor-widget-container\">\n\t\t\t\t\t<h5 class=\"elementor-heading-title elementor-size-default\">Zn\u0119canie si\u0119 psychiczne<\/h5>\t\t\t\t<\/div>\n\t\t\t\t<\/div>\n\t\t\t\t<div class=\"elementor-element elementor-element-e88a2b8 elementor-hidden-desktop elementor-hidden-tablet elementor-hidden-mobile elementor-widget elementor-widget-heading\" data-id=\"e88a2b8\" data-element_type=\"widget\" data-e-type=\"widget\" id=\"seo-word\" data-widget_type=\"heading.default\">\n\t\t\t\t<div class=\"elementor-widget-container\">\n\t\t\t\t\t<h5 class=\"elementor-heading-title elementor-size-default\">Napa\u015b\u0107 fizyczna<\/h5>\t\t\t\t<\/div>\n\t\t\t\t<\/div>\n\t\t\t\t<div class=\"elementor-element elementor-element-b95cad1 elementor-hidden-desktop elementor-hidden-tablet elementor-hidden-mobile elementor-widget elementor-widget-heading\" data-id=\"b95cad1\" data-element_type=\"widget\" data-e-type=\"widget\" id=\"seo-word\" data-widget_type=\"heading.default\">\n\t\t\t\t<div class=\"elementor-widget-container\">\n\t\t\t\t\t<h5 class=\"elementor-heading-title elementor-size-default\">Napa\u015b\u0107 na tle seksualnym<\/h5>\t\t\t\t<\/div>\n\t\t\t\t<\/div>\n\t\t\t\t<div class=\"elementor-element elementor-element-f1f6581 elementor-hidden-desktop elementor-hidden-tablet elementor-hidden-mobile elementor-widget elementor-widget-heading\" data-id=\"f1f6581\" data-element_type=\"widget\" data-e-type=\"widget\" id=\"seo-word\" data-widget_type=\"heading.default\">\n\t\t\t\t<div class=\"elementor-widget-container\">\n\t\t\t\t\t<h5 class=\"elementor-heading-title elementor-size-default\">Zaniedbanie<\/h5>\t\t\t\t<\/div>\n\t\t\t\t<\/div>\n\t\t\t\t<div class=\"elementor-element elementor-element-c06de47 elementor-hidden-desktop elementor-hidden-tablet elementor-hidden-mobile elementor-widget elementor-widget-heading\" data-id=\"c06de47\" data-element_type=\"widget\" data-e-type=\"widget\" id=\"seo-word\" data-widget_type=\"heading.default\">\n\t\t\t\t<div class=\"elementor-widget-container\">\n\t\t\t\t\t<h5 class=\"elementor-heading-title elementor-size-default\">adwokat od napa\u015bci<\/h5>\t\t\t\t<\/div>\n\t\t\t\t<\/div>\n\t\t\t\t<div class=\"elementor-element elementor-element-f164f70 elementor-hidden-desktop elementor-hidden-tablet elementor-hidden-mobile elementor-widget elementor-widget-heading\" data-id=\"f164f70\" data-element_type=\"widget\" data-e-type=\"widget\" id=\"seo-word\" data-widget_type=\"heading.default\">\n\t\t\t\t<div class=\"elementor-widget-container\">\n\t\t\t\t\t<h5 class=\"elementor-heading-title elementor-size-default\">Napad na policj\u0119 <\/h5>\t\t\t\t<\/div>\n\t\t\t\t<\/div>\n\t\t\t\t<div class=\"elementor-element elementor-element-c64e21f color-scheme-inherit text-left elementor-widget elementor-widget-text-editor\" data-id=\"c64e21f\" data-element_type=\"widget\" data-e-type=\"widget\" data-widget_type=\"text-editor.default\">\n\t\t\t\t<div class=\"elementor-widget-container\">\n\t\t\t\t\t\t\t\t\t<p><strong>Zn\u0119canie si\u0119 w Holandii jest powa\u017cnym problemem spo\u0142ecznym dotykaj\u0105cym zar\u00f3wno ofiary, jak i podejrzanych. W niniejszym wprowadzeniu zbadamy aspekty prawne, konsekwencje i \u015brodki zapobiegawcze zwi\u0105zane ze zn\u0119caniem si\u0119 w holenderskim systemie prawnym.<\/strong><\/p>\t\t\t\t\t\t\t\t<\/div>\n\t\t\t\t<\/div>\n\t\t\t\t<div class=\"elementor-element elementor-element-82861d5 elementor-widget elementor-widget-spacer\" data-id=\"82861d5\" data-element_type=\"widget\" data-e-type=\"widget\" data-widget_type=\"spacer.default\">\n\t\t\t\t<div class=\"elementor-widget-container\">\n\t\t\t\t\t\t\t<div class=\"elementor-spacer\">\n\t\t\t<div class=\"elementor-spacer-inner\"><\/div>\n\t\t<\/div>\n\t\t\t\t\t\t<\/div>\n\t\t\t\t<\/div>\n\t\t\t\t<div class=\"elementor-element elementor-element-19c607d elementor-widget elementor-widget-heading\" data-id=\"19c607d\" data-element_type=\"widget\" data-e-type=\"widget\" data-widget_type=\"heading.default\">\n\t\t\t\t<div class=\"elementor-widget-container\">\n\t\t\t\t\t<h3 class=\"elementor-heading-title elementor-size-default\">Czym jest z\u0142e traktowanie?<\/h3>\t\t\t\t<\/div>\n\t\t\t\t<\/div>\n\t\t\t\t<div class=\"elementor-element elementor-element-5bbe2a1 color-scheme-inherit text-left elementor-widget elementor-widget-text-editor\" data-id=\"5bbe2a1\" data-element_type=\"widget\" data-e-type=\"widget\" data-widget_type=\"text-editor.default\">\n\t\t\t\t<div class=\"elementor-widget-container\">\n\t\t\t\t\t\t\t\t\t<p>Z\u0142e traktowanie okre\u015blamy jako umy\u015blne i fizyczne lub psychiczne krzywdzenie osoby. Mo\u017ce ono przybiera\u0107 r\u00f3\u017cne formy, w tym<\/p><ul><li><strong>Przemoc fizyczna:<\/strong>\u00a0obejmuje to czyny, w kt\u00f3rych <a href=\"https:\/\/www.derbedrosian.nl\/pl\/jurysdykcje\/prawo-karne\/otwarta-przemoc-2\/\">przemoc<\/a> jest u\u017cywane. Obejmuje to bicie, kopanie, gryzienie, rzucanie przedmiotami lub powodowanie obra\u017ce\u0144 fizycznych w inny spos\u00f3b. Przemoc fizyczna mo\u017ce mie\u0107 r\u00f3\u017cny stopie\u0144 nasilenia, od \u0142agodnego do ci\u0119\u017ckiego, i mo\u017ce powodowa\u0107 widoczne obra\u017cenia lub uszkodzenia wewn\u0119trzne.<\/li><li><strong>Zn\u0119canie si\u0119 psychiczne:<\/strong>\u00a0b\u00f3l emocjonalny lub cierpienie zosta\u0142y celowo zadane ofierze. Obejmuje to poni\u017canie, gro\u017aby, zastraszanie, izolacj\u0119 lub przemoc werbaln\u0105.<\/li><li><strong>Napa\u015b\u0107 na tle seksualnym:<\/strong>\u00a0Napa\u015b\u0107 na tle seksualnym obejmuje niechciane czynno\u015bci seksualne wbrew woli danej osoby. Mo\u017ce to by\u0107 <a href=\"https:\/\/www.derbedrosian.nl\/pl\/jurysdykcje\/prawo-karne\/gwalt\/\">gwa\u0142t,<\/a> obejmuj\u0105 napa\u015b\u0107 na tle seksualnym, molestowanie seksualne lub jak\u0105kolwiek form\u0119 przemocy seksualnej.<\/li><li><strong>Zaniedbanie:<\/strong>\u00a0Dzieje si\u0119 tak, gdy kto\u015b odpowiedzialny za opiek\u0119 nad inn\u0105 osob\u0105, np. rodzic nad dzieckiem, nie zaspokaja podstawowych potrzeb tej osoby. Mo\u017ce to obejmowa\u0107 niezapewnienie wy\u017cywienia, schronienia, opieki medycznej lub wsparcia emocjonalnego.<\/li><\/ul><p>Napa\u015b\u0107 jest karalna i uznawana za przest\u0119pstwo w wielu krajach, w tym w Holandii. <a href=\"https:\/\/www.derbedrosian.nl\/pl\/jurysdykcje\/prawo-karne\/przestepstwa\/\">przest\u0119pstwo<\/a> skazany. Mo\u017ce to prowadzi\u0107 zar\u00f3wno do konsekwencji cywilnych, jak i karnych dla sprawcy. Ofiary zn\u0119cania si\u0119 mog\u0105 nosi\u0107 blizny zar\u00f3wno fizyczne, jak i emocjonalne, dlatego wa\u017cne jest, aby mia\u0142y dost\u0119p do wsparcia i pomocy w odzyskaniu zdrowia i dochodzeniu sprawiedliwo\u015bci.<\/p>\t\t\t\t\t\t\t\t<\/div>\n\t\t\t\t<\/div>\n\t\t\t\t<div class=\"elementor-element elementor-element-542e860 elementor-widget elementor-widget-spacer\" data-id=\"542e860\" data-element_type=\"widget\" data-e-type=\"widget\" data-widget_type=\"spacer.default\">\n\t\t\t\t<div class=\"elementor-widget-container\">\n\t\t\t\t\t\t\t<div class=\"elementor-spacer\">\n\t\t\t<div class=\"elementor-spacer-inner\"><\/div>\n\t\t<\/div>\n\t\t\t\t\t\t<\/div>\n\t\t\t\t<\/div>\n\t\t\t\t<div class=\"elementor-element elementor-element-07b8e5e elementor-widget elementor-widget-heading\" data-id=\"07b8e5e\" data-element_type=\"widget\" data-e-type=\"widget\" data-widget_type=\"heading.default\">\n\t\t\t\t<div class=\"elementor-widget-container\">\n\t\t\t\t\t<h3 class=\"elementor-heading-title elementor-size-default\">Post\u0119powanie karne w sprawie napa\u015bci (art. 300 Sr)<\/h3>\t\t\t\t<\/div>\n\t\t\t\t<\/div>\n\t\t\t\t<div class=\"elementor-element elementor-element-9e378c2 color-scheme-inherit text-left elementor-widget elementor-widget-text-editor\" data-id=\"9e378c2\" data-element_type=\"widget\" data-e-type=\"widget\" data-widget_type=\"text-editor.default\">\n\t\t\t\t<div class=\"elementor-widget-container\">\n\t\t\t\t\t\t\t\t\t<p>Niezale\u017cnie od tego, czy jest Pan\/Pani ofiar\u0105 napa\u015bci, czy te\u017c jest Pan\/Pani \u015bcigany\/a, warto wiedzie\u0107, co prawo m\u00f3wi o napa\u015bci. Zgodnie z art. 300 kodeksu karnego napa\u015b\u0107 jest karalna i mo\u017ce skutkowa\u0107 kar\u0105 pozbawienia wolno\u015bci do 3 lat lub grzywn\u0105 4. kategorii (do 22 500 euro). Je\u015bli ofiara dozna powa\u017cnych obra\u017ce\u0144 fizycznych, kary mog\u0105 by\u0107 znacznie surowsze, a w przypadku \u015bmierci ofiary mo\u017ce zosta\u0107 na\u0142o\u017cona kara pozbawienia wolno\u015bci do 6 lat. Nale\u017cy pami\u0119ta\u0107, \u017ce usi\u0142owanie napa\u015bci jest r\u00f3wnie\u017c karalne.<\/p>\t\t\t\t\t\t\t\t<\/div>\n\t\t\t\t<\/div>\n\t\t\t\t<div class=\"elementor-element elementor-element-48fd812 elementor-widget elementor-widget-spacer\" data-id=\"48fd812\" data-element_type=\"widget\" data-e-type=\"widget\" data-widget_type=\"spacer.default\">\n\t\t\t\t<div class=\"elementor-widget-container\">\n\t\t\t\t\t\t\t<div class=\"elementor-spacer\">\n\t\t\t<div class=\"elementor-spacer-inner\"><\/div>\n\t\t<\/div>\n\t\t\t\t\t\t<\/div>\n\t\t\t\t<\/div>\n\t\t\t\t<div class=\"elementor-element elementor-element-2df5101 elementor-widget elementor-widget-heading\" data-id=\"2df5101\" data-element_type=\"widget\" data-e-type=\"widget\" data-widget_type=\"heading.default\">\n\t\t\t\t<div class=\"elementor-widget-container\">\n\t\t\t\t\t<h3 class=\"elementor-heading-title elementor-size-default\">Konsekwencje napa\u015bci (art. 82 Sr)<\/h3>\t\t\t\t<\/div>\n\t\t\t\t<\/div>\n\t\t\t\t<div class=\"elementor-element elementor-element-1f07d45 color-scheme-inherit text-left elementor-widget elementor-widget-text-editor\" data-id=\"1f07d45\" data-element_type=\"widget\" data-e-type=\"widget\" data-widget_type=\"text-editor.default\">\n\t\t\t\t<div class=\"elementor-widget-container\">\n\t\t\t\t\t\t\t\t\t<p>Sekcja 82 Kodeksu karnego (Sr) zawiera szczeg\u00f3\u0142ow\u0105 definicj\u0119 tego, co jest uwa\u017cane za ci\u0119\u017ckie uszkodzenie cia\u0142a w kontek\u015bcie spraw o napa\u015b\u0107. Obejmuje to:<\/p><ul><li><strong>Choroby lub stany, z kt\u00f3rych dana osoba nie mo\u017ce zosta\u0107 wyleczona:<\/strong> Odnosi si\u0119 to do stan\u00f3w fizycznych lub chor\u00f3b, w przypadku kt\u00f3rych specjali\u015bci medyczni stwierdzaj\u0105, \u017ce nie ma szans na pe\u0142ne wyleczenie. Mog\u0105 to by\u0107 powa\u017cne i przewlek\u0142e problemy zdrowotne, w przypadku kt\u00f3rych pacjent do\u015bwiadcza utrzymuj\u0105cych si\u0119 objaw\u00f3w lub ogranicze\u0144 nawet po leczeniu.<\/li><li><strong>Trwa\u0142a niezdolno\u015b\u0107 do pracy:<\/strong> Sytuacja ta ma miejsce, gdy obra\u017cenia lub uszkodzenia cia\u0142a s\u0105 tak powa\u017cne, \u017ce ofiara nie jest w stanie powr\u00f3ci\u0107 do swojej zwyk\u0142ej pracy. Mo\u017ce to skutkowa\u0107 d\u0142ugotrwa\u0142\u0105 lub trwa\u0142\u0105 niepe\u0142nosprawno\u015bci\u0105 i mo\u017ce mie\u0107 znacz\u0105cy wp\u0142yw na \u017cycie zawodowe i dobrobyt finansowy danej osoby.<\/li><li><strong>Spowodowanie poronienia lub \u015bmierci nienarodzonego dziecka:<\/strong> Oznacza to, \u017ce zn\u0119canie si\u0119 doprowadzi\u0142o do utraty nienarodzonego dziecka, albo poprzez poronienie, albo dlatego, \u017ce dziecko zmar\u0142o bezpo\u015brednio w wyniku zn\u0119cania si\u0119.<\/li><li><strong>Zaburzenie zdolno\u015bci umys\u0142owych trwaj\u0105ce d\u0142u\u017cej ni\u017c 4 tygodnie:<\/strong> Odnosi si\u0119 to do przypadk\u00f3w, w kt\u00f3rych ofiara zn\u0119cania si\u0119 do\u015bwiadcza znacznego uszkodzenia swoich zdolno\u015bci umys\u0142owych, co skutkuje znacznym zak\u0142\u00f3ceniem funkcji poznawczych. Zak\u0142\u00f3cenie to musi utrzymywa\u0107 si\u0119 przez ponad cztery tygodnie, aby mo\u017cna je by\u0142o uzna\u0107 za ci\u0119\u017ckie uszkodzenie cia\u0142a.<\/li><\/ul>\t\t\t\t\t\t\t\t<\/div>\n\t\t\t\t<\/div>\n\t\t\t\t<div class=\"elementor-element elementor-element-8f37b06 elementor-widget elementor-widget-spacer\" data-id=\"8f37b06\" data-element_type=\"widget\" data-e-type=\"widget\" data-widget_type=\"spacer.default\">\n\t\t\t\t<div class=\"elementor-widget-container\">\n\t\t\t\t\t\t\t<div class=\"elementor-spacer\">\n\t\t\t<div class=\"elementor-spacer-inner\"><\/div>\n\t\t<\/div>\n\t\t\t\t\t\t<\/div>\n\t\t\t\t<\/div>\n\t\t\t\t<div class=\"elementor-element elementor-element-cf4a715 elementor-widget elementor-widget-heading\" data-id=\"cf4a715\" data-element_type=\"widget\" data-e-type=\"widget\" data-widget_type=\"heading.default\">\n\t\t\t\t<div class=\"elementor-widget-container\">\n\t\t\t\t\t<h3 class=\"elementor-heading-title elementor-size-default\">Prawnik podejrzany o nadu\u017cycie<\/h3>\t\t\t\t<\/div>\n\t\t\t\t<\/div>\n\t\t\t\t<div class=\"elementor-element elementor-element-4983c3b color-scheme-inherit text-left elementor-widget elementor-widget-text-editor\" data-id=\"4983c3b\" data-element_type=\"widget\" data-e-type=\"widget\" data-widget_type=\"text-editor.default\">\n\t\t\t\t<div class=\"elementor-widget-container\">\n\t\t\t\t\t\t\t\t\t<p>Prawnicy z Der Bedrosian Law Firm rozumiej\u0105 z\u0142o\u017cono\u015b\u0107 spraw dotycz\u0105cych napa\u015bci i s\u0105 zobowi\u0105zani do zapewnienia skutecznej pomocy prawnej, niezale\u017cnie od tego, po kt\u00f3rej stronie sprawy si\u0119 Pa\u0144stwo znajduj\u0105. Prosimy wi\u0119c skontaktowa\u0107 si\u0119 z jednym z naszych <a href=\"https:\/\/www.derbedrosian.nl\/pl\/prawnicy-2\/\">do\u015bwiadczeni prawnicy<\/a> aby uzyska\u0107 fachow\u0105 porad\u0119 i wsparcie.<\/p>\t\t\t\t\t\t\t\t<\/div>\n\t\t\t\t<\/div>\n\t\t\t\t\t<\/div>\n\t\t\t\t<\/div>\n\t\t\t\t<\/div>","protected":false},"excerpt":{"rendered":"<p>Verkrachting Psychische mishandeling Fysieke mishandeling Seksuele mishandeling Verwaarlozing advocaat mishandeling Mishandeling politie Mishandeling in Nederland is een ernstig maatschappelijk probleem<\/p>","protected":false},"author":1,"featured_media":0,"parent":10047,"menu_order":3,"comment_status":"closed","ping_status":"closed","template":"","meta":{"footnotes":""},"class_list":["post-10847","page","type-page","status-publish","hentry"],"_links":{"self":[{"href":"https:\/\/www.derbedrosian.nl\/pl\/wp-json\/wp\/v2\/pages\/10847","targetHints":{"allow":["GET"]}}],"collection":[{"href":"https:\/\/www.derbedrosian.nl\/pl\/wp-json\/wp\/v2\/pages"}],"about":[{"href":"https:\/\/www.derbedrosian.nl\/pl\/wp-json\/wp\/v2\/types\/page"}],"author":[{"embeddable":true,"href":"https:\/\/www.derbedrosian.nl\/pl\/wp-json\/wp\/v2\/users\/1"}],"replies":[{"embeddable":true,"href":"https:\/\/www.derbedrosian.nl\/pl\/wp-json\/wp\/v2\/comments?post=10847"}],"version-history":[{"count":0,"href":"https:\/\/www.derbedrosian.nl\/pl\/wp-json\/wp\/v2\/pages\/10847\/revisions"}],"up":[{"embeddable":true,"href":"https:\/\/www.derbedrosian.nl\/pl\/wp-json\/wp\/v2\/pages\/10047"}],"wp:attachment":[{"href":"https:\/\/www.derbedrosian.nl\/pl\/wp-json\/wp\/v2\/media?parent=10847"}],"curies":[{"name":"wp","href":"https:\/\/api.w.org\/{rel}","templated":true}]}}