{"id":10831,"date":"2023-05-29T09:59:12","date_gmt":"2023-05-29T07:59:12","guid":{"rendered":"https:\/\/derbedrosian.nl\/?page_id=10831"},"modified":"2025-12-20T18:33:25","modified_gmt":"2025-12-20T16:33:25","slug":"narkotyki","status":"publish","type":"page","link":"https:\/\/www.derbedrosian.nl\/pl\/rechtsgebieden\/strafrecht\/drugs\/","title":{"rendered":"Narkotyki"},"content":{"rendered":"<div data-elementor-type=\"wp-page\" data-elementor-id=\"10831\" class=\"elementor elementor-10831\" data-elementor-post-type=\"page\">\n\t\t\t\t<div class=\"wd-negative-gap elementor-element elementor-element-3dcdca4 e-flex e-con-boxed e-con e-parent\" data-id=\"3dcdca4\" data-element_type=\"container\" data-e-type=\"container\">\n\t\t\t\t\t<div class=\"e-con-inner\">\n\t\t\t\t<div class=\"elementor-element elementor-element-6f51017 elementor-hidden-desktop elementor-hidden-tablet elementor-hidden-mobile elementor-widget elementor-widget-wd_image_or_svg\" data-id=\"6f51017\" data-element_type=\"widget\" data-e-type=\"widget\" id=\"seo-word\" data-widget_type=\"wd_image_or_svg.default\">\n\t\t\t\t<div class=\"elementor-widget-container\">\n\t\t\t\t\t\n\t\t<div class=\"wd-image text-left\">\n\t\t\t\t\t\t\t\t<img loading=\"lazy\" decoding=\"async\" width=\"1000\" height=\"667\" src=\"https:\/\/www.derbedrosian.nl\/wp-content\/uploads\/rechtsgebied-drugsbezit.jpg\" class=\"attachment-full size-full\" alt=\"posiadanie narkotyk\u00f3w kara policja twarde narkotyki mi\u0119kkie narkotyki prawnik\" srcset=\"https:\/\/www.derbedrosian.nl\/wp-content\/uploads\/rechtsgebied-drugsbezit.jpg 1000w, https:\/\/www.derbedrosian.nl\/wp-content\/uploads\/rechtsgebied-drugsbezit-400x267.jpg 400w, https:\/\/www.derbedrosian.nl\/wp-content\/uploads\/rechtsgebied-drugsbezit-768x512.jpg 768w\" sizes=\"auto, (max-width: 1000px) 100vw, 1000px\" title=\"\">\t\t\t\t\t<\/div>\n\n\t\t\t\t\t\t<\/div>\n\t\t\t\t<\/div>\n\t\t\t\t<div class=\"elementor-element elementor-element-e0dd7f0 elementor-hidden-desktop elementor-hidden-tablet elementor-hidden-mobile elementor-widget elementor-widget-heading\" data-id=\"e0dd7f0\" data-element_type=\"widget\" data-e-type=\"widget\" id=\"seo-word\" data-widget_type=\"heading.default\">\n\t\t\t\t<div class=\"elementor-widget-container\">\n\t\t\t\t\t<h2 class=\"elementor-heading-title elementor-size-default\">prawnik zajmuj\u0105cy si\u0119 posiadaniem narkotyk\u00f3w<\/h2>\t\t\t\t<\/div>\n\t\t\t\t<\/div>\n\t\t\t\t<div class=\"elementor-element elementor-element-58e30e8 elementor-hidden-desktop elementor-hidden-tablet elementor-hidden-mobile elementor-widget elementor-widget-heading\" data-id=\"58e30e8\" data-element_type=\"widget\" data-e-type=\"widget\" id=\"seo-word\" data-widget_type=\"heading.default\">\n\t\t\t\t<div class=\"elementor-widget-container\">\n\t\t\t\t\t<h5 class=\"elementor-heading-title elementor-size-default\">Prawnik zajmuj\u0105cy si\u0119 narkotykami Enschede<\/h5>\t\t\t\t<\/div>\n\t\t\t\t<\/div>\n\t\t\t\t<div class=\"elementor-element elementor-element-3ecd847 elementor-hidden-desktop elementor-hidden-tablet elementor-hidden-mobile elementor-widget elementor-widget-heading\" data-id=\"3ecd847\" data-element_type=\"widget\" data-e-type=\"widget\" id=\"seo-word\" data-widget_type=\"heading.default\">\n\t\t\t\t<div class=\"elementor-widget-container\">\n\t\t\t\t\t<h5 class=\"elementor-heading-title elementor-size-default\">Prawnik - plantacja konopi Enschede<\/h5>\t\t\t\t<\/div>\n\t\t\t\t<\/div>\n\t\t\t\t<div class=\"elementor-element elementor-element-78a2195 elementor-hidden-desktop elementor-hidden-tablet elementor-hidden-mobile elementor-widget elementor-widget-heading\" data-id=\"78a2195\" data-element_type=\"widget\" data-e-type=\"widget\" id=\"seo-word\" data-widget_type=\"heading.default\">\n\t\t\t\t<div class=\"elementor-widget-container\">\n\t\t\t\t\t<h5 class=\"elementor-heading-title elementor-size-default\">narkotyki podlegaj\u0105ce karze<\/h5>\t\t\t\t<\/div>\n\t\t\t\t<\/div>\n\t\t\t\t<div class=\"elementor-element elementor-element-e3259b2 elementor-hidden-desktop elementor-hidden-tablet elementor-hidden-mobile elementor-widget elementor-widget-heading\" data-id=\"e3259b2\" data-element_type=\"widget\" data-e-type=\"widget\" id=\"seo-word\" data-widget_type=\"heading.default\">\n\t\t\t\t<div class=\"elementor-widget-container\">\n\t\t\t\t\t<h5 class=\"elementor-heading-title elementor-size-default\">prawo dotycz\u0105ce opium<\/h5>\t\t\t\t<\/div>\n\t\t\t\t<\/div>\n\t\t\t\t<div class=\"elementor-element elementor-element-db8ca5c elementor-hidden-desktop elementor-hidden-tablet elementor-hidden-mobile elementor-widget elementor-widget-heading\" data-id=\"db8ca5c\" data-element_type=\"widget\" data-e-type=\"widget\" id=\"seo-word\" data-widget_type=\"heading.default\">\n\t\t\t\t<div class=\"elementor-widget-container\">\n\t\t\t\t\t<h5 class=\"elementor-heading-title elementor-size-default\">twarde i mi\u0119kkie narkotyki<\/h5>\t\t\t\t<\/div>\n\t\t\t\t<\/div>\n\t\t\t\t<div class=\"elementor-element elementor-element-fb226e9 elementor-hidden-desktop elementor-hidden-tablet elementor-hidden-mobile elementor-widget elementor-widget-heading\" data-id=\"fb226e9\" data-element_type=\"widget\" data-e-type=\"widget\" id=\"seo-word\" data-widget_type=\"heading.default\">\n\t\t\t\t<div class=\"elementor-widget-container\">\n\t\t\t\t\t<h5 class=\"elementor-heading-title elementor-size-default\">dost\u0119pny online pod adresem listopad<\/h5>\t\t\t\t<\/div>\n\t\t\t\t<\/div>\n\t\t\t\t<div class=\"elementor-element elementor-element-b6d100e elementor-hidden-desktop elementor-hidden-tablet elementor-hidden-mobile elementor-widget elementor-widget-heading\" data-id=\"b6d100e\" data-element_type=\"widget\" data-e-type=\"widget\" id=\"seo-word\" data-widget_type=\"heading.default\">\n\t\t\t\t<div class=\"elementor-widget-container\">\n\t\t\t\t\t<h5 class=\"elementor-heading-title elementor-size-default\">lub skutki uboczne posiadania tabletek mg<\/h5>\t\t\t\t<\/div>\n\t\t\t\t<\/div>\n\t\t\t\t<div class=\"elementor-element elementor-element-e3b56ed elementor-hidden-desktop elementor-hidden-tablet elementor-hidden-mobile elementor-widget elementor-widget-heading\" data-id=\"e3b56ed\" data-element_type=\"widget\" data-e-type=\"widget\" id=\"seo-word\" data-widget_type=\"heading.default\">\n\t\t\t\t<div class=\"elementor-widget-container\">\n\t\t\t\t\t<h5 class=\"elementor-heading-title elementor-size-default\">adwokat w sprawach karnych enschede<\/h5>\t\t\t\t<\/div>\n\t\t\t\t<\/div>\n\t\t\t\t<div class=\"elementor-element elementor-element-f1f91e8 elementor-hidden-desktop elementor-hidden-tablet elementor-hidden-mobile elementor-widget elementor-widget-heading\" data-id=\"f1f91e8\" data-element_type=\"widget\" data-e-type=\"widget\" id=\"seo-word\" data-widget_type=\"heading.default\">\n\t\t\t\t<div class=\"elementor-widget-container\">\n\t\t\t\t\t<h5 class=\"elementor-heading-title elementor-size-default\">adwokat prawo karne overijssel<\/h5>\t\t\t\t<\/div>\n\t\t\t\t<\/div>\n\t\t\t\t<div class=\"elementor-element elementor-element-a66f37a elementor-hidden-desktop elementor-hidden-tablet elementor-hidden-mobile elementor-widget elementor-widget-heading\" data-id=\"a66f37a\" data-element_type=\"widget\" data-e-type=\"widget\" id=\"seo-word\" data-widget_type=\"heading.default\">\n\t\t\t\t<div class=\"elementor-widget-container\">\n\t\t\t\t\t<h5 class=\"elementor-heading-title elementor-size-default\">W celu uzyskania pomocy prawnej w Enschede i Overijssel, w szczeg\u00f3lno\u015bci w sprawach dotycz\u0105cych posiadania narkotyk\u00f3w i ustawy o opium, prawnicy z kancelarii Derbedrosian Criminal Lawyers s\u0105 Pa\u0144stwa niezawodnymi partnerami. Nasi prawnicy w Enschede maj\u0105 bogate do\u015bwiadczenie w prawie karnym i s\u0105 dobrze zorientowani w z\u0142o\u017conej kwestii twardych i mi\u0119kkich narkotyk\u00f3w, a tak\u017ce w przepisach prawnych ustawy o opium.\n\nW obliczu sprawy s\u0105dowej w Enschede obejmuj\u0105cej zarzuty zwi\u0105zane z narkotykami, kluczowe jest zaanga\u017cowanie wyspecjalizowanego prawnika karnego w Enschede. Nasi prawnicy w Overijssel s\u0105 tutaj, aby reprezentowa\u0107 Pa\u0144stwa interesy i zapewni\u0107 fachow\u0105 porad\u0119 prawn\u0105 i pomoc.\n\nProsz\u0119 nie waha\u0107 si\u0119 skontaktowa\u0107 z kancelari\u0105 Derbedrosian Criminal Lawyers w Enschede, je\u015bli potrzebuj\u0105 Pa\u0144stwo wsparcia prawnego w sprawach zwi\u0105zanych z narkotykami. Jeste\u015bmy do Pa\u0144stwa dyspozycji.<\/h5>\t\t\t\t<\/div>\n\t\t\t\t<\/div>\n\t\t\t\t<div class=\"elementor-element elementor-element-9cf1c27 color-scheme-inherit text-left elementor-widget elementor-widget-text-editor\" data-id=\"9cf1c27\" data-element_type=\"widget\" data-e-type=\"widget\" data-widget_type=\"text-editor.default\">\n\t\t\t\t<div class=\"elementor-widget-container\">\n\t\t\t\t\t\t\t\t\t<p><strong>W dzisiejszym \u015bwiecie stosowanie i regulacja narkotyk\u00f3w jest przedmiotem ci\u0105g\u0142ej debaty i ewoluuj\u0105cej polityki. Niezale\u017cnie od tego, czy chodzi o aspekty prawne, zagro\u017cenia dla zdrowia czy wp\u0142yw spo\u0142eczny.<\/strong><\/p>\t\t\t\t\t\t\t\t<\/div>\n\t\t\t\t<\/div>\n\t\t\t\t<div class=\"elementor-element elementor-element-660ba4b elementor-widget elementor-widget-spacer\" data-id=\"660ba4b\" data-element_type=\"widget\" data-e-type=\"widget\" data-widget_type=\"spacer.default\">\n\t\t\t\t<div class=\"elementor-widget-container\">\n\t\t\t\t\t\t\t<div class=\"elementor-spacer\">\n\t\t\t<div class=\"elementor-spacer-inner\"><\/div>\n\t\t<\/div>\n\t\t\t\t\t\t<\/div>\n\t\t\t\t<\/div>\n\t\t\t\t<div class=\"elementor-element elementor-element-37a4add elementor-widget elementor-widget-heading\" data-id=\"37a4add\" data-element_type=\"widget\" data-e-type=\"widget\" data-widget_type=\"heading.default\">\n\t\t\t\t<div class=\"elementor-widget-container\">\n\t\t\t\t\t<h3 class=\"elementor-heading-title elementor-size-default\">Co nale\u017cy rozumie\u0107 przez narkotyki?<\/h3>\t\t\t\t<\/div>\n\t\t\t\t<\/div>\n\t\t\t\t<div class=\"elementor-element elementor-element-f6a976a color-scheme-inherit text-left elementor-widget elementor-widget-text-editor\" data-id=\"f6a976a\" data-element_type=\"widget\" data-e-type=\"widget\" data-widget_type=\"text-editor.default\">\n\t\t\t\t<div class=\"elementor-widget-container\">\n\t\t\t\t\t\t\t\t\t<p>Narkotyki odnosz\u0105 si\u0119 do r\u00f3\u017cnych substancji o w\u0142a\u015bciwo\u015bciach psychoaktywnych, kt\u00f3re mog\u0105 by\u0107 legalne lub nielegalne. Mo\u017cna je podzieli\u0107 na kilka kategorii:<\/p><ul><li><strong>Legalne narkotyki:<\/strong> takich jak alkohol, nikotyna i niekt\u00f3re leki na recept\u0119.<\/li><li><strong>Nielegalne narkotyki:<\/strong> takich jak heroina, kokaina, ecstasy i marihuana.<\/li><li><strong>Leki na recept\u0119:<\/strong> S\u0105 to leki, kt\u00f3re s\u0105 legalne, ale mog\u0105 by\u0107 stosowane wy\u0142\u0105cznie z przepisu lekarza.<\/li><\/ul>\t\t\t\t\t\t\t\t<\/div>\n\t\t\t\t<\/div>\n\t\t\t\t<div class=\"elementor-element elementor-element-f5a7a9e elementor-widget elementor-widget-spacer\" data-id=\"f5a7a9e\" data-element_type=\"widget\" data-e-type=\"widget\" data-widget_type=\"spacer.default\">\n\t\t\t\t<div class=\"elementor-widget-container\">\n\t\t\t\t\t\t\t<div class=\"elementor-spacer\">\n\t\t\t<div class=\"elementor-spacer-inner\"><\/div>\n\t\t<\/div>\n\t\t\t\t\t\t<\/div>\n\t\t\t\t<\/div>\n\t\t\t\t<div class=\"elementor-element elementor-element-cf9fe3c elementor-widget elementor-widget-heading\" data-id=\"cf9fe3c\" data-element_type=\"widget\" data-e-type=\"widget\" data-widget_type=\"heading.default\">\n\t\t\t\t<div class=\"elementor-widget-container\">\n\t\t\t\t\t<h3 class=\"elementor-heading-title elementor-size-default\">Ustawa opiumowa i przest\u0119pczo\u015b\u0107 <\/h3>\t\t\t\t<\/div>\n\t\t\t\t<\/div>\n\t\t\t\t<div class=\"elementor-element elementor-element-3288add color-scheme-inherit text-left elementor-widget elementor-widget-text-editor\" data-id=\"3288add\" data-element_type=\"widget\" data-e-type=\"widget\" data-widget_type=\"text-editor.default\">\n\t\t\t\t<div class=\"elementor-widget-container\">\n\t\t\t\t\t\t\t\t\t<p>W Holandii istnieje prawo, kt\u00f3re okre\u015bla, jakie rodzaje narkotyk\u00f3w lub innych substancji s\u0105 zabronione w handlu, produkcji i przemycie. Prawo to znane jest jako ustawa opiumowa, kt\u00f3ra okre\u015bla wszystkie przepisy prawne dotycz\u0105ce narkotyk\u00f3w.<\/p><p>Zawiera 2 listy rozr\u00f3\u017cniaj\u0105ce twarde i mi\u0119kkie narkotyki.<\/p><ul><li>Lista I ustawy o opium: pierwsza z nich opisuje twarde narkotyki, kt\u00f3re mog\u0105 powodowa\u0107 powa\u017cne skutki zdrowotne i uzale\u017cnienie. Przyk\u0142ady obejmuj\u0105 kokain\u0119, GHB, XTC i heroin\u0119.<\/li><li>Lista II ustawy o opium: druga lista obejmuje mi\u0119kkie narkotyki, kt\u00f3re mog\u0105 powodowa\u0107 problemy zdrowotne i uzale\u017cnienie, podobnie jak twarde narkotyki, ale o znacznie \u0142agodniejszym dzia\u0142aniu. Dobrze znane mi\u0119kkie narkotyki to marihuana i haszysz.<\/li><\/ul><p>Z wyj\u0105tkiem coffee shop\u00f3w, sprzeda\u017c, produkcja i posiadanie narkotyk\u00f3w jest zabronione, jest to traktowane bardziej surowo w przypadku twardych narkotyk\u00f3w, takich jak heroina i kokaina. Wi\u0119kszo\u015b\u0107 spraw o posiadanie narkotyk\u00f3w dotyczy zazwyczaj twardych narkotyk\u00f3w lub du\u017cych ilo\u015bci mi\u0119kkich narkotyk\u00f3w.<\/p><p>W przypadku sprzeda\u017cy mi\u0119kkich narkotyk\u00f3w, takich jak marihuana i haszysz, istnieje specjalna regulacja z ustawy o opium, zwana polityk\u0105 tolerancji. W tym przypadku sprzeda\u017c mi\u0119kkich narkotyk\u00f3w nie jest oficjalnie legalna, ale w praktyce jest dozwolona przez w\u0142adze.<\/p><p>Jednak\u017ce, gdy w gr\u0119 wchodzi nielegalny handel i produkcja narkotyk\u00f3w na du\u017c\u0105 skal\u0119, jest to aktywnie \u015bcigane i nast\u0119puje \u015bciganie karne<\/p>\t\t\t\t\t\t\t\t<\/div>\n\t\t\t\t<\/div>\n\t\t\t\t<div class=\"elementor-element elementor-element-e9cba87 elementor-widget elementor-widget-spacer\" data-id=\"e9cba87\" data-element_type=\"widget\" data-e-type=\"widget\" data-widget_type=\"spacer.default\">\n\t\t\t\t<div class=\"elementor-widget-container\">\n\t\t\t\t\t\t\t<div class=\"elementor-spacer\">\n\t\t\t<div class=\"elementor-spacer-inner\"><\/div>\n\t\t<\/div>\n\t\t\t\t\t\t<\/div>\n\t\t\t\t<\/div>\n\t\t\t\t<div class=\"elementor-element elementor-element-c527cbe elementor-widget elementor-widget-heading\" data-id=\"c527cbe\" data-element_type=\"widget\" data-e-type=\"widget\" data-widget_type=\"heading.default\">\n\t\t\t\t<div class=\"elementor-widget-container\">\n\t\t\t\t\t<h2 class=\"elementor-heading-title elementor-size-default\">R\u00f3\u017cnica mi\u0119dzy twardymi i mi\u0119kkimi narkotykami<\/h2>\t\t\t\t<\/div>\n\t\t\t\t<\/div>\n\t\t\t\t<div class=\"elementor-element elementor-element-ef56398 color-scheme-inherit text-left elementor-widget elementor-widget-text-editor\" data-id=\"ef56398\" data-element_type=\"widget\" data-e-type=\"widget\" data-widget_type=\"text-editor.default\">\n\t\t\t\t<div class=\"elementor-widget-container\">\n\t\t\t\t\t\t\t\t\t<p>Kategoryzacja twardych i mi\u0119kkich narkotyk\u00f3w opiera si\u0119 na kilku czynnikach, w tym ich dzia\u0142aniu chemicznym, statusie prawnym, zagro\u017ceniach dla zdrowia i karach:<\/p><p><strong>Efekty chemiczne<\/strong><\/p><p>Narkotyki twarde s\u0105 silniejszymi substancjami ni\u017c narkotyki mi\u0119kkie, kt\u00f3re mog\u0105 powodowa\u0107 szkody fizyczne i psychiczne, takie jak heroina i kokaina. mo\u017ce to r\u00f3wnie\u017c dotyczy\u0107 narkotyk\u00f3w mi\u0119kkich, tylko o znacznie \u0142agodniejszym dzia\u0142aniu.<\/p><p><strong>Status prawny<\/strong><\/p><ul><li><strong>Twarde narkotyki<\/strong>Przewa\u017cnie nielegalne w wi\u0119kszo\u015bci kraj\u00f3w, w tym w Holandii, z surowymi karami za posiadanie, sprzeda\u017c i produkcj\u0119.<\/li><li><strong>Mi\u0119kkie narkotyki<\/strong>Status prawny mi\u0119kkich narkotyk\u00f3w r\u00f3\u017cni si\u0119 w zale\u017cno\u015bci od kraju. Niekt\u00f3re kraje, takie jak Holandia, stosuj\u0105 polityk\u0119 tolerancji dla niekt\u00f3rych form mi\u0119kkich narkotyk\u00f3w, takich jak marihuana. Jest to zapisane w ustawie o opium.\u00a0<\/li><\/ul><p><strong>Zagro\u017cenia dla zdrowia<\/strong><\/p><ul><li><strong>Twarde narkotyki<\/strong>Powa\u017cne zagro\u017cenia dla zdrowia, w tym uzale\u017cnienie, szkody fizyczne i psychiczne oraz potencjalnie zagra\u017caj\u0105ce \u017cyciu przedawkowanie.<\/li><li><strong>Mi\u0119kkie narkotyki<\/strong>Mniej powa\u017cne zagro\u017cenia dla zdrowia, cho\u0107 d\u0142ugotrwa\u0142e i nadmierne u\u017cywanie mo\u017ce by\u0107 szkodliwe, zw\u0142aszcza dla uk\u0142adu oddechowego w przypadku konopi indyjskich. Efekt uzale\u017cnienia mo\u017ce r\u00f3wnie\u017c dotyczy\u0107 narkotyk\u00f3w mi\u0119kkich.<\/li><\/ul>\t\t\t\t\t\t\t\t<\/div>\n\t\t\t\t<\/div>\n\t\t\t\t<div class=\"elementor-element elementor-element-8450ffd elementor-widget elementor-widget-spacer\" data-id=\"8450ffd\" data-element_type=\"widget\" data-e-type=\"widget\" data-widget_type=\"spacer.default\">\n\t\t\t\t<div class=\"elementor-widget-container\">\n\t\t\t\t\t\t\t<div class=\"elementor-spacer\">\n\t\t\t<div class=\"elementor-spacer-inner\"><\/div>\n\t\t<\/div>\n\t\t\t\t\t\t<\/div>\n\t\t\t\t<\/div>\n\t\t\t\t<div class=\"elementor-element elementor-element-1b091da elementor-widget elementor-widget-heading\" data-id=\"1b091da\" data-element_type=\"widget\" data-e-type=\"widget\" data-widget_type=\"heading.default\">\n\t\t\t\t<div class=\"elementor-widget-container\">\n\t\t\t\t\t<h3 class=\"elementor-heading-title elementor-size-default\">Jakie czynniki odgrywaj\u0105 rol\u0119 w karach za narkotyki?<\/h3>\t\t\t\t<\/div>\n\t\t\t\t<\/div>\n\t\t\t\t<div class=\"elementor-element elementor-element-ce391c0 color-scheme-inherit text-left elementor-widget elementor-widget-text-editor\" data-id=\"ce391c0\" data-element_type=\"widget\" data-e-type=\"widget\" data-widget_type=\"text-editor.default\">\n\t\t\t\t<div class=\"elementor-widget-container\">\n\t\t\t\t\t\t\t\t\t<p>Posiadanie, sprzeda\u017c i produkcja narkotyk\u00f3w wi\u0105\u017c\u0105 si\u0119 z wieloma czynnikami wp\u0142ywaj\u0105cymi na wymiar kary. Najwy\u017csza z tych kar zale\u017cy od nast\u0119puj\u0105cych kwestii:<\/p><ul><li><strong>Wiek:<\/strong> wiek os\u00f3b, wobec kt\u00f3rych pope\u0142niono przest\u0119pstwa, mo\u017ce mie\u0107 wp\u0142yw na wyrok. Na przyk\u0142ad ma\u0142oletni mog\u0105 by\u0107 traktowani inaczej w systemie wymiaru sprawiedliwo\u015bci w sprawach karnych.<\/li><li><strong>Wp\u0142yw spo\u0142eczny:<\/strong> Wp\u0142yw przest\u0119pstwa na spo\u0142ecze\u0144stwo i osoby bezpo\u015brednio zaanga\u017cowane odgrywaj\u0105 rol\u0119 w ustalaniu wyrok\u00f3w. Powa\u017cne szkody lub wp\u0142yw na inne osoby mog\u0105 skutkowa\u0107 surowszymi wyrokami.<\/li><li><strong>Stopie\u0144 zaanga\u017cowania:<\/strong> Rola i zaanga\u017cowanie danej osoby w handel narkotykami mog\u0105 by\u0107 r\u00f3\u017cne. Poziom zaanga\u017cowania, taki jak role kierownicze lub wykonawcze, mo\u017ce mie\u0107 wp\u0142yw na wyrok.<\/li><li><strong>Mi\u0119kkie lub twarde narkotyki:<\/strong> Wyrok mo\u017ce zale\u017ce\u0107 od klasyfikacji narkotyk\u00f3w. Narkotyki twarde, uwa\u017cane za bardziej niebezpieczne, mog\u0105 prowadzi\u0107 do surowszych kar w por\u00f3wnaniu z narkotykami mi\u0119kkimi.<\/li><li><strong>Ilo\u015b\u0107 wyra\u017cona w gramach:<\/strong> Ilo\u015b\u0107 narkotyk\u00f3w zaanga\u017cowanych w przest\u0119pstwo mo\u017ce by\u0107 wa\u017cnym czynnikiem przy ustalaniu wyroku. Wi\u0119ksze ilo\u015bci mog\u0105 skutkowa\u0107 surowszymi wyrokami ze wzgl\u0119du na mo\u017cliwo\u015b\u0107 wyrz\u0105dzenia wi\u0119kszych szk\u00f3d i wp\u0142ywu na spo\u0142ecze\u0144stwo.<\/li><\/ul>\t\t\t\t\t\t\t\t<\/div>\n\t\t\t\t<\/div>\n\t\t\t\t<div class=\"elementor-element elementor-element-efffd6e elementor-widget elementor-widget-spacer\" data-id=\"efffd6e\" data-element_type=\"widget\" data-e-type=\"widget\" data-widget_type=\"spacer.default\">\n\t\t\t\t<div class=\"elementor-widget-container\">\n\t\t\t\t\t\t\t<div class=\"elementor-spacer\">\n\t\t\t<div class=\"elementor-spacer-inner\"><\/div>\n\t\t<\/div>\n\t\t\t\t\t\t<\/div>\n\t\t\t\t<\/div>\n\t\t\t\t<div class=\"elementor-element elementor-element-939d987 elementor-widget elementor-widget-heading\" data-id=\"939d987\" data-element_type=\"widget\" data-e-type=\"widget\" data-widget_type=\"heading.default\">\n\t\t\t\t<div class=\"elementor-widget-container\">\n\t\t\t\t\t<h3 class=\"elementor-heading-title elementor-size-default\">Maksymalna dozwolona ilo\u015b\u0107<\/h3>\t\t\t\t<\/div>\n\t\t\t\t<\/div>\n\t\t\t\t<div class=\"elementor-element elementor-element-5db04a6 color-scheme-inherit text-left elementor-widget elementor-widget-text-editor\" data-id=\"5db04a6\" data-element_type=\"widget\" data-e-type=\"widget\" data-widget_type=\"text-editor.default\">\n\t\t\t\t<div class=\"elementor-widget-container\">\n\t\t\t\t\t\t\t\t\t<p>Poni\u017cej znajduje si\u0119 lista r\u00f3\u017cnych rodzaj\u00f3w narkotyk\u00f3w i ich maksymalnych dozwolonych ilo\u015bci w Holandii:<\/p><ul><li><strong>Haszysz i marihuana:<\/strong> W przypadku produkt\u00f3w z konopi indyjskich, takich jak haszysz i marihuana, maksymalna dozwolona ilo\u015b\u0107 wynosi 5 gram\u00f3w.<\/li><li><strong>Kokaina :<\/strong>\u00a00.5 g.<\/li><li><strong>XTC :<\/strong> W przypadku ecstasy (XTC) jest to maksymalnie 1 tabletka.<\/li><li><strong>GHB: <\/strong>GHB (kwas gamma-hydroksymas\u0142owy), 5 mililitr\u00f3w to maksymalna dozwolona ilo\u015b\u0107.<\/li><li><strong>Uprawa konopi:<\/strong> Je\u015bli chodzi o upraw\u0119 konopi, limit wynosi 5 ro\u015blin.<\/li><\/ul><p>Przekroczenie tych maksymalnych dozwolonych kwot mo\u017ce mie\u0107 powa\u017cne konsekwencje<\/p>\t\t\t\t\t\t\t\t<\/div>\n\t\t\t\t<\/div>\n\t\t\t\t<div class=\"elementor-element elementor-element-a4611bb elementor-widget elementor-widget-spacer\" data-id=\"a4611bb\" data-element_type=\"widget\" data-e-type=\"widget\" data-widget_type=\"spacer.default\">\n\t\t\t\t<div class=\"elementor-widget-container\">\n\t\t\t\t\t\t\t<div class=\"elementor-spacer\">\n\t\t\t<div class=\"elementor-spacer-inner\"><\/div>\n\t\t<\/div>\n\t\t\t\t\t\t<\/div>\n\t\t\t\t<\/div>\n\t\t\t\t<div class=\"elementor-element elementor-element-a5c03aa elementor-widget elementor-widget-heading\" data-id=\"a5c03aa\" data-element_type=\"widget\" data-e-type=\"widget\" data-widget_type=\"heading.default\">\n\t\t\t\t<div class=\"elementor-widget-container\">\n\t\t\t\t\t<h3 class=\"elementor-heading-title elementor-size-default\">Prawnik zajmuj\u0105cy si\u0119 posiadaniem narkotyk\u00f3w\n<\/h3>\t\t\t\t<\/div>\n\t\t\t\t<\/div>\n\t\t\t\t<div class=\"elementor-element elementor-element-da69342 color-scheme-inherit text-left elementor-widget elementor-widget-text-editor\" data-id=\"da69342\" data-element_type=\"widget\" data-e-type=\"widget\" data-widget_type=\"text-editor.default\">\n\t\t\t\t<div class=\"elementor-widget-container\">\n\t\t\t\t\t\t\t\t\t<p>Je\u015bli otrzymali Pa\u0144stwo wezwanie do s\u0105du w zwi\u0105zku z podejrzeniem posiadania narkotyk\u00f3w, rozs\u0105dnie jest jak najszybciej zatrudni\u0107 do\u015bwiadczonego prawnika.<\/p><p>The <a href=\"https:\/\/www.derbedrosian.nl\/pl\/prawnicy-2\/\">do\u015bwiadczeni prawnicy<\/a> kancelarii prawnej Der Bedrosian specjalizuj\u0105 si\u0119 w dziedzinie <a href=\"https:\/\/www.derbedrosian.nl\/pl\/jurysdykcje\/prawo-karne\/przestepstwa\/\">przest\u0119pstwa<\/a> i b\u0119dzie Pa\u0144stwa wspiera\u0107 i doradza\u0107 w trakcie ca\u0142ego procesu, aby jak najskuteczniej pom\u00f3c Pa\u0144stwu w Pa\u0144stwa sprawie.<\/p><p>Prosimy wi\u0119c skontaktowa\u0107 si\u0119 z nami, aby\u015bmy mogli opracowa\u0107 najlepsz\u0105 mo\u017cliw\u0105 obron\u0119.<\/p>\t\t\t\t\t\t\t\t<\/div>\n\t\t\t\t<\/div>\n\t\t\t\t\t<\/div>\n\t\t\t\t<\/div>\n\t\t\t\t<\/div>","protected":false},"excerpt":{"rendered":"<p>adwokat posiadanie narkotyk\u00f3w Adwokat ds. narkotyk\u00f3w Enschede Adwokat plantacja konopi Enschede narkotyki karalne ustawa o opium narkotyki twarde i mi\u0119kkie dost\u0119pne online pod adresem accessed<\/p>","protected":false},"author":1,"featured_media":0,"parent":10047,"menu_order":0,"comment_status":"closed","ping_status":"closed","template":"","meta":{"footnotes":""},"class_list":["post-10831","page","type-page","status-publish","hentry"],"_links":{"self":[{"href":"https:\/\/www.derbedrosian.nl\/pl\/wp-json\/wp\/v2\/pages\/10831","targetHints":{"allow":["GET"]}}],"collection":[{"href":"https:\/\/www.derbedrosian.nl\/pl\/wp-json\/wp\/v2\/pages"}],"about":[{"href":"https:\/\/www.derbedrosian.nl\/pl\/wp-json\/wp\/v2\/types\/page"}],"author":[{"embeddable":true,"href":"https:\/\/www.derbedrosian.nl\/pl\/wp-json\/wp\/v2\/users\/1"}],"replies":[{"embeddable":true,"href":"https:\/\/www.derbedrosian.nl\/pl\/wp-json\/wp\/v2\/comments?post=10831"}],"version-history":[{"count":0,"href":"https:\/\/www.derbedrosian.nl\/pl\/wp-json\/wp\/v2\/pages\/10831\/revisions"}],"up":[{"embeddable":true,"href":"https:\/\/www.derbedrosian.nl\/pl\/wp-json\/wp\/v2\/pages\/10047"}],"wp:attachment":[{"href":"https:\/\/www.derbedrosian.nl\/pl\/wp-json\/wp\/v2\/media?parent=10831"}],"curies":[{"name":"wp","href":"https:\/\/api.w.org\/{rel}","templated":true}]}}