{"id":10813,"date":"2023-05-29T09:52:50","date_gmt":"2023-05-29T07:52:50","guid":{"rendered":"https:\/\/derbedrosian.nl\/?page_id=10813"},"modified":"2025-12-21T16:40:58","modified_gmt":"2025-12-21T14:40:58","slug":"stypendium-naukowe","status":"publish","type":"page","link":"https:\/\/www.derbedrosian.nl\/pl\/rechtsgebieden\/sociaal-zekerheidsrecht\/studiefinanciering\/","title":{"rendered":"Finansowanie student\u00f3w"},"content":{"rendered":"<div data-elementor-type=\"wp-page\" data-elementor-id=\"10813\" class=\"elementor elementor-10813\" data-elementor-post-type=\"page\">\n\t\t\t\t<div class=\"wd-negative-gap elementor-element elementor-element-5b8e41a e-flex e-con-boxed e-con e-parent\" data-id=\"5b8e41a\" data-element_type=\"container\" data-e-type=\"container\">\n\t\t\t\t\t<div class=\"e-con-inner\">\n\t\t\t\t<div class=\"elementor-element elementor-element-a05ff38 elementor-hidden-desktop elementor-hidden-tablet elementor-hidden-mobile elementor-widget elementor-widget-wd_image_or_svg\" data-id=\"a05ff38\" data-element_type=\"widget\" data-e-type=\"widget\" id=\"seo-word\" data-widget_type=\"wd_image_or_svg.default\">\n\t\t\t\t<div class=\"elementor-widget-container\">\n\t\t\t\t\t\n\t\t<div class=\"wd-image text-left\">\n\t\t\t\t\t\t\t\t<img loading=\"lazy\" decoding=\"async\" width=\"1000\" height=\"667\" src=\"https:\/\/www.derbedrosian.nl\/wp-content\/uploads\/rechtsgebied-studiefinanciering.jpg\" class=\"attachment-full size-full\" alt=\"Wnioski o finansowanie student\u00f3w 2023 zagraniczni studenci odrzuceni prawnik prawo zabezpieczenia spo\u0142ecznego\" srcset=\"https:\/\/www.derbedrosian.nl\/wp-content\/uploads\/rechtsgebied-studiefinanciering.jpg 1000w, https:\/\/www.derbedrosian.nl\/wp-content\/uploads\/rechtsgebied-studiefinanciering-400x267.jpg 400w, https:\/\/www.derbedrosian.nl\/wp-content\/uploads\/rechtsgebied-studiefinanciering-768x512.jpg 768w\" sizes=\"auto, (max-width: 1000px) 100vw, 1000px\" title=\"\">\t\t\t\t\t<\/div>\n\n\t\t\t\t\t\t<\/div>\n\t\t\t\t<\/div>\n\t\t\t\t<div class=\"elementor-element elementor-element-f216327 elementor-hidden-desktop elementor-hidden-tablet elementor-hidden-mobile elementor-widget elementor-widget-heading\" data-id=\"f216327\" data-element_type=\"widget\" data-e-type=\"widget\" id=\"seo-word\" data-widget_type=\"heading.default\">\n\t\t\t\t<div class=\"elementor-widget-container\">\n\t\t\t\t\t<h2 class=\"elementor-heading-title elementor-size-default\">prawo do finansowania studi\u00f3w<\/h2>\t\t\t\t<\/div>\n\t\t\t\t<\/div>\n\t\t\t\t<div class=\"elementor-element elementor-element-82a91af elementor-hidden-desktop elementor-hidden-tablet elementor-hidden-mobile elementor-widget elementor-widget-heading\" data-id=\"82a91af\" data-element_type=\"widget\" data-e-type=\"widget\" id=\"seo-word\" data-widget_type=\"heading.default\">\n\t\t\t\t<div class=\"elementor-widget-container\">\n\t\t\t\t\t<h5 class=\"elementor-heading-title elementor-size-default\">Co to jest finansowanie studi\u00f3w z mbo do hbo?<\/h5>\t\t\t\t<\/div>\n\t\t\t\t<\/div>\n\t\t\t\t<div class=\"elementor-element elementor-element-adf6b1b elementor-hidden-desktop elementor-hidden-tablet elementor-hidden-mobile elementor-widget elementor-widget-heading\" data-id=\"adf6b1b\" data-element_type=\"widget\" data-e-type=\"widget\" id=\"seo-word\" data-widget_type=\"heading.default\">\n\t\t\t\t<div class=\"elementor-widget-container\">\n\t\t\t\t\t<h5 class=\"elementor-heading-title elementor-size-default\">finansowanie studi\u00f3w w skr\u00f3cie stypendium uzupe\u0142niaj\u0105ce czesne kredyt<\/h5>\t\t\t\t<\/div>\n\t\t\t\t<\/div>\n\t\t\t\t<div class=\"elementor-element elementor-element-54f7f4e elementor-hidden-desktop elementor-hidden-tablet elementor-hidden-mobile elementor-widget elementor-widget-heading\" data-id=\"54f7f4e\" data-element_type=\"widget\" data-e-type=\"widget\" id=\"seo-word\" data-widget_type=\"heading.default\">\n\t\t\t\t<div class=\"elementor-widget-container\">\n\t\t\t\t\t<h5 class=\"elementor-heading-title elementor-size-default\">prawo do stypendium uzupe\u0142niaj\u0105cego<\/h5>\t\t\t\t<\/div>\n\t\t\t\t<\/div>\n\t\t\t\t<div class=\"elementor-element elementor-element-c91695a color-scheme-inherit text-left elementor-widget elementor-widget-text-editor\" data-id=\"c91695a\" data-element_type=\"widget\" data-e-type=\"widget\" data-widget_type=\"text-editor.default\">\n\t\t\t\t<div class=\"elementor-widget-container\">\n\t\t\t\t\t\t\t\t\t<p>Jako student w Enschede mo\u017ce Pan\/Pani mie\u0107 prawo do dodatkowego stypendium, je\u015bli Pana\/Pani rodzice nie s\u0105 w stanie pokry\u0107 wystarczaj\u0105cych koszt\u00f3w studi\u00f3w. Jednak ubieganie si\u0119 o to stypendium mo\u017ce nie by\u0107 tak \u0142atwe, jak si\u0119 wydaje, na przyk\u0142ad dlatego, \u017ce Pana\/Pani wniosek zosta\u0142 odrzucony lub nie jest Pan\/Pani pewien\/a, czy jest Pan\/Pani do niego uprawniony\/a.<\/p><p>W Enschede jest kilka kancelarii prawnych, kt\u00f3re specjalizuj\u0105 si\u0119 w tego rodzaju sprawach. Prosz\u0119 poszuka\u0107 w Internecie do\u015bwiadcze\u0144 innych os\u00f3b i dokona\u0107 \u015bwiadomego wyboru.<\/p>\t\t\t\t\t\t\t\t<\/div>\n\t\t\t\t<\/div>\n\t\t\t\t<div class=\"elementor-element elementor-element-9c95c1f color-scheme-inherit text-left elementor-widget elementor-widget-text-editor\" data-id=\"9c95c1f\" data-element_type=\"widget\" data-e-type=\"widget\" data-widget_type=\"text-editor.default\">\n\t\t\t\t<div class=\"elementor-widget-container\">\n\t\t\t\t\t\t\t\t\t<p>Szukaj\u0105 Pa\u0144stwo prawnika zajmuj\u0105cego si\u0119 prawem ubezpiecze\u0144 spo\u0142ecznych w Enschede? Wa\u017cne jest, aby znale\u017a\u0107 eksperta, kt\u00f3ry pomo\u017ce Pa\u0144stwu w kwestiach takich jak niepe\u0142nosprawno\u015b\u0107, bezrobocie, opieka spo\u0142eczna i inne systemy zabezpieczenia spo\u0142ecznego. Prosz\u0119 znale\u017a\u0107 wyspecjalizowanego prawnika z do\u015bwiadczeniem za po\u015brednictwem podmiot\u00f3w \u015bwiadcz\u0105cych pomoc prawn\u0105, Internetu, rekomendacji znajomych lub lokalnej izby adwokackiej.<\/p>\t\t\t\t\t\t\t\t<\/div>\n\t\t\t\t<\/div>\n\t\t\t\t<div class=\"elementor-element elementor-element-9e6a56e elementor-widget elementor-widget-spacer\" data-id=\"9e6a56e\" data-element_type=\"widget\" data-e-type=\"widget\" data-widget_type=\"spacer.default\">\n\t\t\t\t<div class=\"elementor-widget-container\">\n\t\t\t\t\t\t\t<div class=\"elementor-spacer\">\n\t\t\t<div class=\"elementor-spacer-inner\"><\/div>\n\t\t<\/div>\n\t\t\t\t\t\t<\/div>\n\t\t\t\t<\/div>\n\t\t\t\t<div class=\"elementor-element elementor-element-a33f5e5 elementor-widget elementor-widget-heading\" data-id=\"a33f5e5\" data-element_type=\"widget\" data-e-type=\"widget\" data-widget_type=\"heading.default\">\n\t\t\t\t<div class=\"elementor-widget-container\">\n\t\t\t\t\t<h3 class=\"elementor-heading-title elementor-size-default\">Z czym wi\u0105\u017ce si\u0119 kredyt studencki?<\/h3>\t\t\t\t<\/div>\n\t\t\t\t<\/div>\n\t\t\t\t<div class=\"elementor-element elementor-element-51cade8 color-scheme-inherit text-left elementor-widget elementor-widget-text-editor\" data-id=\"51cade8\" data-element_type=\"widget\" data-e-type=\"widget\" data-widget_type=\"text-editor.default\">\n\t\t\t\t<div class=\"elementor-widget-container\">\n\t\t\t\t\t\t\t\t\t<p>Finansowanie studi\u00f3w odnosi si\u0119 do wk\u0142adu finansowego udost\u0119pnianego studentom formalnie zapisanym do holenderskiej instytucji \u015bredniego szkolnictwa zawodowego (mbo), wy\u017cszego szkolnictwa zawodowego (hbo) lub uniwersytetu. Program ten ma na celu pomoc w pokryciu koszt\u00f3w edukacji i koszt\u00f3w utrzymania, dzi\u0119ki czemu studenci mog\u0105 skupi\u0107 si\u0119 na swoich studiach i celach akademickich.<\/p><p>Dzi\u0119ki takiemu finansowaniu student mo\u017ce uzyska\u0107: po\u017cyczk\u0119, produkt podr\u00f3\u017cny dla student\u00f3w, kredyt na czesne i dodatkowe stypendium. To wsparcie finansowe mo\u017ce by\u0107 niezb\u0119dne do pokrycia koszt\u00f3w czesnego, podr\u0119cznik\u00f3w, zakwaterowania i innych wydatk\u00f3w zwi\u0105zanych z \u017cyciem studenckim.<\/p>\t\t\t\t\t\t\t\t<\/div>\n\t\t\t\t<\/div>\n\t\t\t\t<div class=\"elementor-element elementor-element-2bacfa6 elementor-widget elementor-widget-spacer\" data-id=\"2bacfa6\" data-element_type=\"widget\" data-e-type=\"widget\" data-widget_type=\"spacer.default\">\n\t\t\t\t<div class=\"elementor-widget-container\">\n\t\t\t\t\t\t\t<div class=\"elementor-spacer\">\n\t\t\t<div class=\"elementor-spacer-inner\"><\/div>\n\t\t<\/div>\n\t\t\t\t\t\t<\/div>\n\t\t\t\t<\/div>\n\t\t\t\t<div class=\"elementor-element elementor-element-e16f04d elementor-widget elementor-widget-heading\" data-id=\"e16f04d\" data-element_type=\"widget\" data-e-type=\"widget\" data-widget_type=\"heading.default\">\n\t\t\t\t<div class=\"elementor-widget-container\">\n\t\t\t\t\t<h3 class=\"elementor-heading-title elementor-size-default\">Prosz\u0119 przeanalizowa\u0107 warunki finansowania<\/h3>\t\t\t\t<\/div>\n\t\t\t\t<\/div>\n\t\t\t\t<div class=\"elementor-element elementor-element-d069b45 color-scheme-inherit text-left elementor-widget elementor-widget-text-editor\" data-id=\"d069b45\" data-element_type=\"widget\" data-e-type=\"widget\" data-widget_type=\"text-editor.default\">\n\t\t\t\t<div class=\"elementor-widget-container\">\n\t\t\t\t\t\t\t\t\t<p>Aby zakwalifikowa\u0107 si\u0119 do takiego finansowania jako student, nale\u017cy spe\u0142ni\u0107 okre\u015blone warunki. Warunki te dotycz\u0105 zar\u00f3wno obywateli Holandii, jak i student\u00f3w zagranicznych:<\/p><ul><li><strong>Obywatelstwo lub status rezydenta:<\/strong>\u00a0Przede wszystkim student musi posiada\u0107 obywatelstwo holenderskie lub legalnie przebywa\u0107 w Holandii z wa\u017cnym pozwoleniem na pobyt.<\/li><li><strong>Limit wieku:\u00a0<\/strong>Nie jest mo\u017cliwe zakwalifikowanie si\u0119 do finansowania, je\u015bli musi mie\u0107 Pan\/Pani uko\u0144czone 30 lat. To ograniczenie wiekowe dotyczy student\u00f3w studi\u00f3w wy\u017cszych.<\/li><li><strong>Ustalenia przej\u015bciowe:<\/strong>\u00a0Dla student\u00f3w, kt\u00f3rzy wcze\u015bniej otrzymali dofinansowanie przed uko\u0144czeniem 30 roku \u017cycia, istnieje specjalne rozwi\u0105zanie przej\u015bciowe. Nawet je\u015bli uko\u0144czy\u0142 Pan\/Pani 30 lat, nadal mo\u017ce Pan\/Pani korzysta\u0107 z finansowania studi\u00f3w do 34 roku \u017cycia, je\u015bli wcze\u015bniej si\u0119 Pan\/Pani kwalifikowa\u0142\/a.<\/li><\/ul>\t\t\t\t\t\t\t\t<\/div>\n\t\t\t\t<\/div>\n\t\t\t\t<div class=\"elementor-element elementor-element-8703572 elementor-widget elementor-widget-spacer\" data-id=\"8703572\" data-element_type=\"widget\" data-e-type=\"widget\" data-widget_type=\"spacer.default\">\n\t\t\t\t<div class=\"elementor-widget-container\">\n\t\t\t\t\t\t\t<div class=\"elementor-spacer\">\n\t\t\t<div class=\"elementor-spacer-inner\"><\/div>\n\t\t<\/div>\n\t\t\t\t\t\t<\/div>\n\t\t\t\t<\/div>\n\t\t\t\t<div class=\"elementor-element elementor-element-63e8d2b elementor-widget elementor-widget-heading\" data-id=\"63e8d2b\" data-element_type=\"widget\" data-e-type=\"widget\" data-widget_type=\"heading.default\">\n\t\t\t\t<div class=\"elementor-widget-container\">\n\t\t\t\t\t<h3 class=\"elementor-heading-title elementor-size-default\">R\u00f3\u017cne rodzaje finansowania dla student\u00f3w<\/h3>\t\t\t\t<\/div>\n\t\t\t\t<\/div>\n\t\t\t\t<div class=\"elementor-element elementor-element-9f6219f color-scheme-inherit text-left elementor-widget elementor-widget-text-editor\" data-id=\"9f6219f\" data-element_type=\"widget\" data-e-type=\"widget\" data-widget_type=\"text-editor.default\">\n\t\t\t\t<div class=\"elementor-widget-container\">\n\t\t\t\t\t\t\t\t\t<p><span style=\"font-size: 17.6px; letter-spacing: var( --e-global-typography-text-letter-spacing ); text-transform: var( --e-global-typography-text-text-transform ); word-spacing: var( --e-global-typography-text-word-spacing ); color: var(--wd-text-color);\">Finansowanie studi\u00f3w sk\u0142ada si\u0119 z kilku element\u00f3w, a mianowicie:<\/span><\/p><ul><li><strong>Po\u017cyczka:<\/strong> Ten wk\u0142ad finansowy jest dost\u0119pny podczas studi\u00f3w, ale musi zosta\u0107 sp\u0142acony po ich uko\u0144czeniu.<\/li><li><strong>Produkt podr\u00f3\u017cny dla student\u00f3w:<\/strong> Dzi\u0119ki temu mog\u0105 Pa\u0144stwo podr\u00f3\u017cowa\u0107 za darmo lub ze zni\u017ck\u0105 jako studenci.<\/li><li><strong>Zaliczenie czesnego:<\/strong> Specjalna po\u017cyczka przeznaczona na pokrycie czesnego.<\/li><li><strong>Stypendium uzupe\u0142niaj\u0105ce:<\/strong>\u00a0Przyznanie tego stypendium zale\u017cy od dochodu Pa\u0144stwa rodzic\u00f3w.<br \/>Uprawnienie do stypendium uzupe\u0142niaj\u0105cego jest ustalane na podstawie dochodu Pana\/Pani rodzic\u00f3w.<\/li><\/ul><p>Wszyscy studenci maj\u0105 prawo do produktu podr\u00f3\u017cnego dla student\u00f3w, po\u017cyczki i kredytu na czesne, niezale\u017cnie od dochod\u00f3w rodzic\u00f3w.<\/p><p>Prosz\u0119 pami\u0119ta\u0107, \u017ce po\u017cyczka musi zosta\u0107 sp\u0142acona, ale je\u015bli uzyska Pan\/Pani dyplom w ci\u0105gu 10 lat, dodatkowe stypendium i produkt podr\u00f3\u017cy studenckiej zostan\u0105 przekszta\u0142cone w prezent. Je\u015bli nie zostanie to osi\u0105gni\u0119te w okre\u015blonym terminie, dodatkowe stypendium i produkt podr\u00f3\u017cy studenckiej pozostan\u0105 po\u017cyczkami, kt\u00f3re nale\u017cy sp\u0142aci\u0107.<\/p>\t\t\t\t\t\t\t\t<\/div>\n\t\t\t\t<\/div>\n\t\t\t\t<div class=\"elementor-element elementor-element-c1fa3a1 elementor-widget elementor-widget-spacer\" data-id=\"c1fa3a1\" data-element_type=\"widget\" data-e-type=\"widget\" data-widget_type=\"spacer.default\">\n\t\t\t\t<div class=\"elementor-widget-container\">\n\t\t\t\t\t\t\t<div class=\"elementor-spacer\">\n\t\t\t<div class=\"elementor-spacer-inner\"><\/div>\n\t\t<\/div>\n\t\t\t\t\t\t<\/div>\n\t\t\t\t<\/div>\n\t\t\t\t<div class=\"elementor-element elementor-element-1f4d8dd elementor-widget elementor-widget-heading\" data-id=\"1f4d8dd\" data-element_type=\"widget\" data-e-type=\"widget\" data-widget_type=\"heading.default\">\n\t\t\t\t<div class=\"elementor-widget-container\">\n\t\t\t\t\t<h3 class=\"elementor-heading-title elementor-size-default\">Zarabianie opr\u00f3cz stypendium studenckiego<\/h3>\t\t\t\t<\/div>\n\t\t\t\t<\/div>\n\t\t\t\t<div class=\"elementor-element elementor-element-82a60a7 color-scheme-inherit text-left elementor-widget elementor-widget-text-editor\" data-id=\"82a60a7\" data-element_type=\"widget\" data-e-type=\"widget\" data-widget_type=\"text-editor.default\">\n\t\t\t\t<div class=\"elementor-widget-container\">\n\t\t\t\t\t\t\t\t\t<p>W ramach nowego systemu finansowania dla student\u00f3w nie ma ogranicze\u0144 dotycz\u0105cych dodatkowego zarobkowania wraz z finansowaniem dla student\u00f3w. Pozwala to studentom na generowanie dodatkowego dochodu podczas studi\u00f3w. Jednak w przypadku student\u00f3w obj\u0119tych starym systemem istniej\u0105 ograniczenia dotycz\u0105ce kwoty dodatkowych zarobk\u00f3w, kt\u00f3re mog\u0105 uzyska\u0107, zanim wp\u0142ynie to na ich finansowanie studi\u00f3w.<\/p><p>W 2017 r. dodatkowy limit zarobk\u00f3w dla student\u00f3w obj\u0119tych starym systemem zosta\u0142 ustalony na 14 215,75 euro rocznie. Oznacza to, \u017ce je\u015bli podlega Pan\/Pani staremu systemowi i zarabia wi\u0119cej ni\u017c ten ustalony limit, jest Pan\/Pani zobowi\u0105zany\/a do zaprzestania sp\u0142aty kredytu studenckiego. Obejmuje to r\u00f3wnie\u017c zaprzestanie korzystania z produktu podr\u00f3\u017cy studenckich.<\/p><p>Je\u015bli ma Pan\/Pani pytania dotycz\u0105ce zarabiania na kredycie studenckim, zaleca si\u0119 skontaktowanie si\u0119 z Departamentem Edukacji (DUO) lub doradc\u0105 finansowym w celu uzyskania konkretnych porad w oparciu o Pana\/Pani osobist\u0105 sytuacj\u0119. Prawid\u0142owe zrozumienie i przestrzeganie tych zasad mo\u017ce pom\u00f3c zapewni\u0107 stabilno\u015b\u0107 finansow\u0105 podczas studi\u00f3w i unikn\u0105\u0107 niechcianych niespodzianek\".<\/p>\t\t\t\t\t\t\t\t<\/div>\n\t\t\t\t<\/div>\n\t\t\t\t<div class=\"elementor-element elementor-element-8ecfda2 elementor-widget elementor-widget-spacer\" data-id=\"8ecfda2\" data-element_type=\"widget\" data-e-type=\"widget\" data-widget_type=\"spacer.default\">\n\t\t\t\t<div class=\"elementor-widget-container\">\n\t\t\t\t\t\t\t<div class=\"elementor-spacer\">\n\t\t\t<div class=\"elementor-spacer-inner\"><\/div>\n\t\t<\/div>\n\t\t\t\t\t\t<\/div>\n\t\t\t\t<\/div>\n\t\t\t\t<div class=\"elementor-element elementor-element-74dce78 elementor-widget elementor-widget-heading\" data-id=\"74dce78\" data-element_type=\"widget\" data-e-type=\"widget\" data-widget_type=\"heading.default\">\n\t\t\t\t<div class=\"elementor-widget-container\">\n\t\t\t\t\t<h3 class=\"elementor-heading-title elementor-size-default\">Prawnik zajmuj\u0105cy si\u0119 finansami studenckimi<\/h3>\t\t\t\t<\/div>\n\t\t\t\t<\/div>\n\t\t\t\t<div class=\"elementor-element elementor-element-b26da33 color-scheme-inherit text-left elementor-widget elementor-widget-text-editor\" data-id=\"b26da33\" data-element_type=\"widget\" data-e-type=\"widget\" data-widget_type=\"text-editor.default\">\n\t\t\t\t<div class=\"elementor-widget-container\">\n\t\t\t\t\t\t\t\t\t<p>Je\u015bli maj\u0105 Pa\u0144stwo do czynienia z sytuacj\u0105, w kt\u00f3rej DUO (Dienst Uitvoering Onderwijs) podj\u0105\u0142 negatywn\u0105 decyzj\u0119 w sprawie Pa\u0144stwa wniosku o dofinansowanie studi\u00f3w, zaleca si\u0119 zaanga\u017cowanie do\u015bwiadczonego prawnika. W ko\u0144cu odrzucenie, wycofanie lub ograniczenie finansowania studi\u00f3w mo\u017ce wp\u0142yn\u0105\u0107 na Pa\u0144stwa stabilno\u015b\u0107 finansow\u0105 i post\u0119py w nauce.<\/p><p>The <a href=\"https:\/\/www.derbedrosian.nl\/pl\/prawnicy-2\/\">wyspecjalizowani prawnicy<\/a> kancelarii prawnej Der Bedrosian posiadaj\u0105 bogate do\u015bwiadczenie w <a href=\"https:\/\/www.derbedrosian.nl\/pl\/jurysdykcje\/prawo-ubezpieczen-spolecznych\/\">prawo ubezpiecze\u0144 spo\u0142ecznych<\/a>\u00a0i mo\u017ce poprowadzi\u0107 Pa\u0144stwa przez wszelkiego rodzaju kwestie zwi\u0105zane z ubezpieczeniem spo\u0142ecznym.<\/p><p>Prosimy o kontakt w celu uzyskania profesjonalnego wsparcia w Pa\u0144stwa sytuacji.<\/p>\t\t\t\t\t\t\t\t<\/div>\n\t\t\t\t<\/div>\n\t\t\t\t\t<\/div>\n\t\t\t\t<\/div>\n\t\t\t\t<\/div>","protected":false},"excerpt":{"rendered":"<p>recht op studiefinanciering wat is studiefinanciering van mbo naar hbo studiefinanciering in het kort aanvullende beurs collegegeldkrediet recht op een<\/p>","protected":false},"author":1,"featured_media":0,"parent":10804,"menu_order":0,"comment_status":"closed","ping_status":"closed","template":"","meta":{"footnotes":""},"class_list":["post-10813","page","type-page","status-publish","hentry"],"_links":{"self":[{"href":"https:\/\/www.derbedrosian.nl\/pl\/wp-json\/wp\/v2\/pages\/10813","targetHints":{"allow":["GET"]}}],"collection":[{"href":"https:\/\/www.derbedrosian.nl\/pl\/wp-json\/wp\/v2\/pages"}],"about":[{"href":"https:\/\/www.derbedrosian.nl\/pl\/wp-json\/wp\/v2\/types\/page"}],"author":[{"embeddable":true,"href":"https:\/\/www.derbedrosian.nl\/pl\/wp-json\/wp\/v2\/users\/1"}],"replies":[{"embeddable":true,"href":"https:\/\/www.derbedrosian.nl\/pl\/wp-json\/wp\/v2\/comments?post=10813"}],"version-history":[{"count":0,"href":"https:\/\/www.derbedrosian.nl\/pl\/wp-json\/wp\/v2\/pages\/10813\/revisions"}],"up":[{"embeddable":true,"href":"https:\/\/www.derbedrosian.nl\/pl\/wp-json\/wp\/v2\/pages\/10804"}],"wp:attachment":[{"href":"https:\/\/www.derbedrosian.nl\/pl\/wp-json\/wp\/v2\/media?parent=10813"}],"curies":[{"name":"wp","href":"https:\/\/api.w.org\/{rel}","templated":true}]}}