{"id":10794,"date":"2023-05-29T09:45:51","date_gmt":"2023-05-29T07:45:51","guid":{"rendered":"https:\/\/derbedrosian.nl\/?page_id=10794"},"modified":"2025-12-21T16:36:26","modified_gmt":"2025-12-21T14:36:26","slug":"powtarzajace-sie-wnioski-o-azyl","status":"publish","type":"page","link":"https:\/\/www.derbedrosian.nl\/pl\/rechtsgebieden\/asielrecht\/herhaalde-asielaanvragen-hasa\/","title":{"rendered":"Ponowne wnioski o azyl HASA"},"content":{"rendered":"<div data-elementor-type=\"wp-page\" data-elementor-id=\"10794\" class=\"elementor elementor-10794\" data-elementor-post-type=\"page\">\n\t\t\t\t<div class=\"wd-negative-gap elementor-element elementor-element-25c683a e-flex e-con-boxed e-con e-parent\" data-id=\"25c683a\" data-element_type=\"container\" data-e-type=\"container\">\n\t\t\t\t\t<div class=\"e-con-inner\">\n\t\t\t\t<div class=\"elementor-element elementor-element-9d6b899 elementor-hidden-desktop elementor-hidden-tablet elementor-hidden-mobile elementor-widget elementor-widget-wd_image_or_svg\" data-id=\"9d6b899\" data-element_type=\"widget\" data-e-type=\"widget\" id=\"seo-word\" data-widget_type=\"wd_image_or_svg.default\">\n\t\t\t\t<div class=\"elementor-widget-container\">\n\t\t\t\t\t\n\t\t<div class=\"wd-image text-left\">\n\t\t\t\t\t\t\t\t<img loading=\"lazy\" decoding=\"async\" width=\"1000\" height=\"666\" src=\"https:\/\/www.derbedrosian.nl\/wp-content\/uploads\/rechtsgebied-herhaalde-asielaanvragen.jpg\" class=\"attachment-full size-full\" alt=\"wielokrotne wnioski o azyl formularz HASA prawnik prawo azylowe hasa ind\" srcset=\"https:\/\/www.derbedrosian.nl\/wp-content\/uploads\/rechtsgebied-herhaalde-asielaanvragen.jpg 1000w, https:\/\/www.derbedrosian.nl\/wp-content\/uploads\/rechtsgebied-herhaalde-asielaanvragen-400x266.jpg 400w, https:\/\/www.derbedrosian.nl\/wp-content\/uploads\/rechtsgebied-herhaalde-asielaanvragen-768x511.jpg 768w\" sizes=\"auto, (max-width: 1000px) 100vw, 1000px\" title=\"\">\t\t\t\t\t<\/div>\n\n\t\t\t\t\t\t<\/div>\n\t\t\t\t<\/div>\n\t\t\t\t<div class=\"elementor-element elementor-element-dde9491 elementor-hidden-desktop elementor-hidden-tablet elementor-hidden-mobile elementor-widget elementor-widget-heading\" data-id=\"dde9491\" data-element_type=\"widget\" data-e-type=\"widget\" id=\"seo-word\" data-widget_type=\"heading.default\">\n\t\t\t\t<div class=\"elementor-widget-container\">\n\t\t\t\t\t<h2 class=\"elementor-heading-title elementor-size-default\">prawo azylowe <\/h2>\t\t\t\t<\/div>\n\t\t\t\t<\/div>\n\t\t\t\t<div class=\"elementor-element elementor-element-c5268c6 elementor-hidden-desktop elementor-hidden-tablet elementor-hidden-mobile elementor-widget elementor-widget-heading\" data-id=\"c5268c6\" data-element_type=\"widget\" data-e-type=\"widget\" id=\"seo-word\" data-widget_type=\"heading.default\">\n\t\t\t\t<div class=\"elementor-widget-container\">\n\t\t\t\t\t<h5 class=\"elementor-heading-title elementor-size-default\">Formularz ponownego wniosku o azyl<\/h5>\t\t\t\t<\/div>\n\t\t\t\t<\/div>\n\t\t\t\t<div class=\"elementor-element elementor-element-8c5eff1 elementor-hidden-desktop elementor-hidden-tablet elementor-hidden-mobile elementor-widget elementor-widget-heading\" data-id=\"8c5eff1\" data-element_type=\"widget\" data-e-type=\"widget\" id=\"seo-word\" data-widget_type=\"heading.default\">\n\t\t\t\t<div class=\"elementor-widget-container\">\n\t\t\t\t\t<h5 class=\"elementor-heading-title elementor-size-default\">i<\/h5>\t\t\t\t<\/div>\n\t\t\t\t<\/div>\n\t\t\t\t<div class=\"elementor-element elementor-element-85f44a0 elementor-hidden-desktop elementor-hidden-tablet elementor-hidden-mobile elementor-widget elementor-widget-heading\" data-id=\"85f44a0\" data-element_type=\"widget\" data-e-type=\"widget\" id=\"seo-word\" data-widget_type=\"heading.default\">\n\t\t\t\t<div class=\"elementor-widget-container\">\n\t\t\t\t\t<h5 class=\"elementor-heading-title elementor-size-default\">prawnik azylowy<\/h5>\t\t\t\t<\/div>\n\t\t\t\t<\/div>\n\t\t\t\t<div class=\"elementor-element elementor-element-9a3cb72 elementor-hidden-desktop elementor-hidden-mobile elementor-widget elementor-widget-heading\" data-id=\"9a3cb72\" data-element_type=\"widget\" data-e-type=\"widget\" id=\"seo-word\" data-widget_type=\"heading.default\">\n\t\t\t\t<div class=\"elementor-widget-container\">\n\t\t\t\t\t<h5 class=\"elementor-heading-title elementor-size-default\">r\u00f3\u017cnica mi\u0119dzy prawem uchod\u017aczym a prawem azylowym<\/h5>\t\t\t\t<\/div>\n\t\t\t\t<\/div>\n\t\t\t\t<div class=\"elementor-element elementor-element-d06d2d9 elementor-hidden-desktop elementor-hidden-tablet elementor-hidden-mobile elementor-widget elementor-widget-heading\" data-id=\"d06d2d9\" data-element_type=\"widget\" data-e-type=\"widget\" id=\"seo-word\" data-widget_type=\"heading.default\">\n\t\t\t\t<div class=\"elementor-widget-container\">\n\t\t\t\t\t<h5 class=\"elementor-heading-title elementor-size-default\">ponowny wniosek o azyl ma<\/h5>\t\t\t\t<\/div>\n\t\t\t\t<\/div>\n\t\t\t\t<div class=\"elementor-element elementor-element-145a390 elementor-hidden-desktop elementor-hidden-tablet elementor-hidden-mobile elementor-widget elementor-widget-heading\" data-id=\"145a390\" data-element_type=\"widget\" data-e-type=\"widget\" id=\"seo-word\" data-widget_type=\"heading.default\">\n\t\t\t\t<div class=\"elementor-widget-container\">\n\t\t\t\t\t<h5 class=\"elementor-heading-title elementor-size-default\">list przeciwpo\u017carowy do drugiej izby<\/h5>\t\t\t\t<\/div>\n\t\t\t\t<\/div>\n\t\t\t\t<div class=\"elementor-element elementor-element-62e6d20 elementor-hidden-desktop elementor-hidden-tablet elementor-hidden-mobile elementor-widget elementor-widget-heading\" data-id=\"62e6d20\" data-element_type=\"widget\" data-e-type=\"widget\" id=\"seo-word\" data-widget_type=\"heading.default\">\n\t\t\t\t<div class=\"elementor-widget-container\">\n\t\t\t\t\t<h5 class=\"elementor-heading-title elementor-size-default\">punkty dzienne v faza<\/h5>\t\t\t\t<\/div>\n\t\t\t\t<\/div>\n\t\t\t\t<div class=\"elementor-element elementor-element-8a580e3 elementor-hidden-desktop elementor-hidden-tablet elementor-hidden-mobile elementor-widget elementor-widget-heading\" data-id=\"8a580e3\" data-element_type=\"widget\" data-e-type=\"widget\" id=\"seo-word\" data-widget_type=\"heading.default\">\n\t\t\t\t<div class=\"elementor-widget-container\">\n\t\t\t\t\t<h5 class=\"elementor-heading-title elementor-size-default\">adwokat enschede prawo azylowe<\/h5>\t\t\t\t<\/div>\n\t\t\t\t<\/div>\n\t\t\t\t<div class=\"elementor-element elementor-element-8cfdb2b elementor-hidden-desktop elementor-hidden-tablet elementor-hidden-mobile elementor-widget elementor-widget-heading\" data-id=\"8cfdb2b\" data-element_type=\"widget\" data-e-type=\"widget\" id=\"seo-word\" data-widget_type=\"heading.default\">\n\t\t\t\t<div class=\"elementor-widget-container\">\n\t\t\t\t\t<h5 class=\"elementor-heading-title elementor-size-default\">prawo azylowe enschede<\/h5>\t\t\t\t<\/div>\n\t\t\t\t<\/div>\n\t\t\t\t<div class=\"elementor-element elementor-element-ced9ced elementor-hidden-desktop elementor-hidden-tablet elementor-hidden-mobile elementor-widget elementor-widget-heading\" data-id=\"ced9ced\" data-element_type=\"widget\" data-e-type=\"widget\" id=\"seo-word\" data-widget_type=\"heading.default\">\n\t\t\t\t<div class=\"elementor-widget-container\">\n\t\t\t\t\t<h5 class=\"elementor-heading-title elementor-size-default\">prawnik azyl overijssel<\/h5>\t\t\t\t<\/div>\n\t\t\t\t<\/div>\n\t\t\t\t<div class=\"elementor-element elementor-element-554c7a3 elementor-hidden-desktop elementor-hidden-tablet elementor-hidden-mobile elementor-widget elementor-widget-heading\" data-id=\"554c7a3\" data-element_type=\"widget\" data-e-type=\"widget\" id=\"seo-word\" data-widget_type=\"heading.default\">\n\t\t\t\t<div class=\"elementor-widget-container\">\n\t\t\t\t\t<h5 class=\"elementor-heading-title elementor-size-default\">prawo azylowe adwokat enschede<\/h5>\t\t\t\t<\/div>\n\t\t\t\t<\/div>\n\t\t\t\t<div class=\"elementor-element elementor-element-e34074f elementor-hidden-desktop elementor-hidden-tablet elementor-hidden-mobile elementor-widget elementor-widget-heading\" data-id=\"e34074f\" data-element_type=\"widget\" data-e-type=\"widget\" id=\"seo-word\" data-widget_type=\"heading.default\">\n\t\t\t\t<div class=\"elementor-widget-container\">\n\t\t\t\t\t<h5 class=\"elementor-heading-title elementor-size-default\">druga izba w sprawie procedury azylowej<\/h5>\t\t\t\t<\/div>\n\t\t\t\t<\/div>\n\t\t\t\t<div class=\"elementor-element elementor-element-3cce8b2 elementor-hidden-desktop elementor-hidden-tablet elementor-hidden-mobile elementor-widget elementor-widget-heading\" data-id=\"3cce8b2\" data-element_type=\"widget\" data-e-type=\"widget\" id=\"seo-word\" data-widget_type=\"heading.default\">\n\t\t\t\t<div class=\"elementor-widget-container\">\n\t\t\t\t\t<h5 class=\"elementor-heading-title elementor-size-default\">Ponowny wniosek o azyl, cz\u0119sto okre\u015blany jako ponowny wniosek o azyl (HASA), mo\u017ce zosta\u0107 z\u0142o\u017cony w sytuacji, gdy osoba ubiegaj\u0105ca si\u0119 o azyl posiada nowe informacje, kt\u00f3re wskazuj\u0105, \u017ce mog\u0105 istnie\u0107 nowe podstawy do uzyskania ochrony. Mo\u017ce to by\u0107 z\u0142o\u017cony proces prawny i wymaga specjalistycznej porady prawnej i wskaz\u00f3wek.\n\nDerbedrosian Vreemdelingenrecht Advocaten w Enschede i Overijssel rozumie wyzwania, przed jakimi staj\u0105 osoby ubiegaj\u0105ce si\u0119 o azyl w zwi\u0105zku z ponownymi wnioskami o azyl. Nasz zesp\u00f3\u0142 wyspecjalizowanych prawnik\u00f3w mo\u017ce pom\u00f3c Pa\u0144stwu w wype\u0142nieniu formularza wniosku o azyl wielokrotny i z\u0142o\u017ceniu wniosku o azyl wielokrotny.\n\nPonadto rozumiemy, jak wa\u017cne jest poruszenie tych kwestii z decydentami politycznymi i mo\u017cemy doradzi\u0107 Pa\u0144stwu w sprawie sporz\u0105dzenia listu do Izby Reprezentant\u00f3w, aby zwr\u00f3ci\u0107 uwag\u0119 na Pa\u0144stwa sytuacj\u0119.\n\nJe\u015bli rozwa\u017caj\u0105 Pa\u0144stwo z\u0142o\u017cenie ponownego wniosku o azyl, potrzebuj\u0105 pomocy w procedurze lub chcieliby Pa\u0144stwo uzyska\u0107 porad\u0119 w zakresie komunikacji z decydentami politycznymi, prosimy o kontakt z kancelari\u0105 Derbedrosian Immigration Lawyers. Jeste\u015bmy gotowi Pa\u0144stwu pom\u00f3c i chroni\u0107 Pa\u0144stwa prawa.<\/h5>\t\t\t\t<\/div>\n\t\t\t\t<\/div>\n\t\t\t\t<div class=\"elementor-element elementor-element-1211059 color-scheme-inherit text-left elementor-widget elementor-widget-text-editor\" data-id=\"1211059\" data-element_type=\"widget\" data-e-type=\"widget\" data-widget_type=\"text-editor.default\">\n\t\t\t\t<div class=\"elementor-widget-container\">\n\t\t\t\t\t\t\t\t\t<p><strong>Czy z\u0142o\u017cy\u0142 Pan\/Pani wcze\u015bniej wniosek o azyl, kt\u00f3ry zosta\u0142 odrzucony, ale sytuacja w Pana\/Pani kraju pochodzenia uleg\u0142a zmianie? Powt\u00f3rny wniosek o azyl HASA mo\u017ce by\u0107 rozwi\u0105zaniem, kt\u00f3rego Pa\u0144stwo szukaj\u0105. Dzi\u0119ki HASA maj\u0105 Pa\u0144stwo szans\u0119 na ponown\u0105 ocen\u0119 swojej sprawy, aby stworzy\u0107 now\u0105 szans\u0119 na bezpieczn\u0105 przysz\u0142o\u015b\u0107 w Holandii.<\/strong><\/p>\t\t\t\t\t\t\t\t<\/div>\n\t\t\t\t<\/div>\n\t\t\t\t<div class=\"elementor-element elementor-element-7885935 elementor-widget elementor-widget-spacer\" data-id=\"7885935\" data-element_type=\"widget\" data-e-type=\"widget\" data-widget_type=\"spacer.default\">\n\t\t\t\t<div class=\"elementor-widget-container\">\n\t\t\t\t\t\t\t<div class=\"elementor-spacer\">\n\t\t\t<div class=\"elementor-spacer-inner\"><\/div>\n\t\t<\/div>\n\t\t\t\t\t\t<\/div>\n\t\t\t\t<\/div>\n\t\t\t\t<div class=\"elementor-element elementor-element-1e92872 elementor-widget elementor-widget-heading\" data-id=\"1e92872\" data-element_type=\"widget\" data-e-type=\"widget\" data-widget_type=\"heading.default\">\n\t\t\t\t<div class=\"elementor-widget-container\">\n\t\t\t\t\t<h3 class=\"elementor-heading-title elementor-size-default\">Kiedy m\u00f3wimy o ponownych wnioskach o azyl HASA?<\/h3>\t\t\t\t<\/div>\n\t\t\t\t<\/div>\n\t\t\t\t<div class=\"elementor-element elementor-element-045c632 color-scheme-inherit text-left elementor-widget elementor-widget-text-editor\" data-id=\"045c632\" data-element_type=\"widget\" data-e-type=\"widget\" data-widget_type=\"text-editor.default\">\n\t\t\t\t<div class=\"elementor-widget-container\">\n\t\t\t\t\t\t\t\t\t<p>Powt\u00f3rne ubieganie si\u0119 o azyl HASA oferuje mo\u017cliwo\u015b\u0107 ponownego ubiegania si\u0119 o azyl w Holandii, je\u015bli w Pana\/Pani kraju pochodzenia lub w Pana\/Pani sytuacji osobistej zasz\u0142y znacz\u0105ce zmiany. Procedura ta ma na celu umo\u017cliwienie osobom, kt\u00f3re wcze\u015bniej otrzyma\u0142y decyzj\u0119 odmown\u0105, ponownej oceny ich sprawy. HASA ma na celu zapewnienie uczciwo\u015bci i nale\u017cytej staranno\u015bci osobom, kt\u00f3re maj\u0105 powody s\u0105dzi\u0107, \u017ce ich poprzedni wniosek o azyl m\u00f3g\u0142 nie zosta\u0107 prawid\u0142owo oceniony.<\/p>\t\t\t\t\t\t\t\t<\/div>\n\t\t\t\t<\/div>\n\t\t\t\t<div class=\"elementor-element elementor-element-79c274a elementor-widget elementor-widget-spacer\" data-id=\"79c274a\" data-element_type=\"widget\" data-e-type=\"widget\" data-widget_type=\"spacer.default\">\n\t\t\t\t<div class=\"elementor-widget-container\">\n\t\t\t\t\t\t\t<div class=\"elementor-spacer\">\n\t\t\t<div class=\"elementor-spacer-inner\"><\/div>\n\t\t<\/div>\n\t\t\t\t\t\t<\/div>\n\t\t\t\t<\/div>\n\t\t\t\t<div class=\"elementor-element elementor-element-565ffb0 elementor-widget elementor-widget-heading\" data-id=\"565ffb0\" data-element_type=\"widget\" data-e-type=\"widget\" data-widget_type=\"heading.default\">\n\t\t\t\t<div class=\"elementor-widget-container\">\n\t\t\t\t\t<h3 class=\"elementor-heading-title elementor-size-default\">Ponowne wnioski o azyl Warunki HASA<\/h3>\t\t\t\t<\/div>\n\t\t\t\t<\/div>\n\t\t\t\t<div class=\"elementor-element elementor-element-ac344f8 color-scheme-inherit text-left elementor-widget elementor-widget-text-editor\" data-id=\"ac344f8\" data-element_type=\"widget\" data-e-type=\"widget\" data-widget_type=\"text-editor.default\">\n\t\t\t\t<div class=\"elementor-widget-container\">\n\t\t\t\t\t\t\t\t\t<p>Aby zakwalifikowa\u0107 si\u0119 do z\u0142o\u017cenia ponownego wniosku o azyl HASA w Holandii, nale\u017cy spe\u0142ni\u0107 pewne og\u00f3lne warunki. Poni\u017cej wymienili\u015bmy warunki dla takiego wniosku o azyl.<\/p><ul><li><strong>Fizycznie na terytorium Holandii:<\/strong> Przede wszystkim musi Pan\/Pani przebywa\u0107 na terytorium Holandii w momencie sk\u0142adania wniosku. Oznacza to, \u017ce musz\u0105 Pa\u0144stwo by\u0107 fizycznie obecni w Holandii w momencie sk\u0142adania wniosku HASA.<\/li><li><strong>Wcze\u015bniejsze odrzucenie lub cofni\u0119cie zezwolenia na pobyt:<\/strong> z\u0142o\u017cy\u0142(a) Pan(i) wcze\u015bniej wniosek o azyl w Holandii i wniosek ten zosta\u0142 odrzucony przez Urz\u0105d Imigracyjny i Naturalizacyjny (IND). Mo\u017ce to r\u00f3wnie\u017c dotyczy\u0107 sytuacji, gdy Pana\/Pani zezwolenie na pobyt azylowy zosta\u0142o wcze\u015bniej cofni\u0119te przez IND.<\/li><li><strong>Zmiany sytuacji lub kraju pochodzenia:<\/strong> musz\u0105 nast\u0105pi\u0107 zmiany w Pana\/Pani sytuacji osobistej lub w sytuacji w Pana\/Pani kraju pochodzenia. Zmiany te mog\u0105 obejmowa\u0107 zar\u00f3wno okoliczno\u015bci osobiste, jak i zmiany w polityce IND lub nowe orzeczenia s\u0105dowe dotycz\u0105ce Pana\/Pani sprawy....<\/li><\/ul>\t\t\t\t\t\t\t\t<\/div>\n\t\t\t\t<\/div>\n\t\t\t\t<div class=\"elementor-element elementor-element-c5e7b27 elementor-widget elementor-widget-spacer\" data-id=\"c5e7b27\" data-element_type=\"widget\" data-e-type=\"widget\" data-widget_type=\"spacer.default\">\n\t\t\t\t<div class=\"elementor-widget-container\">\n\t\t\t\t\t\t\t<div class=\"elementor-spacer\">\n\t\t\t<div class=\"elementor-spacer-inner\"><\/div>\n\t\t<\/div>\n\t\t\t\t\t\t<\/div>\n\t\t\t\t<\/div>\n\t\t\t\t<div class=\"elementor-element elementor-element-3e65d96 elementor-widget elementor-widget-heading\" data-id=\"3e65d96\" data-element_type=\"widget\" data-e-type=\"widget\" data-widget_type=\"heading.default\">\n\t\t\t\t<div class=\"elementor-widget-container\">\n\t\t\t\t\t<h3 class=\"elementor-heading-title elementor-size-default\">Decyzja IND<\/h3>\t\t\t\t<\/div>\n\t\t\t\t<\/div>\n\t\t\t\t<div class=\"elementor-element elementor-element-f0e41b4 color-scheme-inherit text-left elementor-widget elementor-widget-text-editor\" data-id=\"f0e41b4\" data-element_type=\"widget\" data-e-type=\"widget\" data-widget_type=\"text-editor.default\">\n\t\t\t\t<div class=\"elementor-widget-container\">\n\t\t\t\t\t\t\t\t\t<p>Formularz wniosku jest dost\u0119pny na stronie internetowej IND. Wa\u017cne jest, aby formularz ten zosta\u0142 wype\u0142niony w ca\u0142o\u015bci w j\u0119zyku niderlandzkim i w miar\u0119 mo\u017cliwo\u015bci poparty odpowiednimi dowodami. Po z\u0142o\u017ceniu przez Pa\u0144stwa wniosku, IND zdecyduje, czy odb\u0119dzie si\u0119 przes\u0142uchanie.<\/p><p>Je\u015bli decyzja b\u0119dzie pozytywna, zostanie ona og\u0142oszona niezw\u0142ocznie tego samego dnia, w kt\u00f3rym odby\u0142o si\u0119 przes\u0142uchanie. Nawet w przypadku decyzji negatywnej, zostanie ona r\u00f3wnie\u017c og\u0142oszona tego samego dnia. Po og\u0142oszeniu decyzji Pana\/Pani prawnik b\u0119dzie mia\u0142 jeden dzie\u0144 na ustosunkowanie si\u0119 do niej. Nast\u0119pnego dnia IND podejmie kolejn\u0105 decyzj\u0119 lub wska\u017ce, \u017ce potrzebuje wi\u0119cej czasu, np. na dalsze badanie niekt\u00f3rych dokument\u00f3w.<\/p>\t\t\t\t\t\t\t\t<\/div>\n\t\t\t\t<\/div>\n\t\t\t\t<div class=\"elementor-element elementor-element-52bfeb7 elementor-widget elementor-widget-spacer\" data-id=\"52bfeb7\" data-element_type=\"widget\" data-e-type=\"widget\" data-widget_type=\"spacer.default\">\n\t\t\t\t<div class=\"elementor-widget-container\">\n\t\t\t\t\t\t\t<div class=\"elementor-spacer\">\n\t\t\t<div class=\"elementor-spacer-inner\"><\/div>\n\t\t<\/div>\n\t\t\t\t\t\t<\/div>\n\t\t\t\t<\/div>\n\t\t\t\t<div class=\"elementor-element elementor-element-fcd6808 elementor-widget elementor-widget-heading\" data-id=\"fcd6808\" data-element_type=\"widget\" data-e-type=\"widget\" data-widget_type=\"heading.default\">\n\t\t\t\t<div class=\"elementor-widget-container\">\n\t\t\t\t\t<h3 class=\"elementor-heading-title elementor-size-default\">Apelacja<\/h3>\t\t\t\t<\/div>\n\t\t\t\t<\/div>\n\t\t\t\t<div class=\"elementor-element elementor-element-7001e0b color-scheme-inherit text-left elementor-widget elementor-widget-text-editor\" data-id=\"7001e0b\" data-element_type=\"widget\" data-e-type=\"widget\" data-widget_type=\"text-editor.default\">\n\t\t\t\t<div class=\"elementor-widget-container\">\n\t\t\t\t\t\t\t\t\t<p>Nie tylko w przypadku odrzucenia kolejnych wniosk\u00f3w o azyl, ale tak\u017ce w przypadku wydania negatywnej decyzji przez Urz\u0105d Imigracyjny i Naturalizacyjny (Immigration and Naturalisation Service, IND), maj\u0105 Pa\u0144stwo mo\u017cliwo\u015b\u0107 odwo\u0142ania si\u0119 do s\u0105du. Je\u015bli decyzja s\u0105du r\u00f3wnie\u017c b\u0119dzie negatywna, istnieje mo\u017cliwo\u015b\u0107 odwo\u0142ania si\u0119 do Wydzia\u0142u Prawa Administracyjnego Rady Stanu (ABvRS).<\/p><p>Proces odwo\u0142awczy daje Panu\/Pani dodatkow\u0105 mo\u017cliwo\u015b\u0107 rozpatrzenia Pana\/Pani sprawy oraz przedstawienia dodatkowych argument\u00f3w i dowod\u00f3w. ABvRS jest niezale\u017cnym organem, kt\u00f3ry ocenia, czy decyzja IND by\u0142a zgodna z prawem.<\/p>\t\t\t\t\t\t\t\t<\/div>\n\t\t\t\t<\/div>\n\t\t\t\t<div class=\"elementor-element elementor-element-f29c2e6 elementor-widget elementor-widget-spacer\" data-id=\"f29c2e6\" data-element_type=\"widget\" data-e-type=\"widget\" data-widget_type=\"spacer.default\">\n\t\t\t\t<div class=\"elementor-widget-container\">\n\t\t\t\t\t\t\t<div class=\"elementor-spacer\">\n\t\t\t<div class=\"elementor-spacer-inner\"><\/div>\n\t\t<\/div>\n\t\t\t\t\t\t<\/div>\n\t\t\t\t<\/div>\n\t\t\t\t<div class=\"elementor-element elementor-element-d9c540a elementor-widget elementor-widget-heading\" data-id=\"d9c540a\" data-element_type=\"widget\" data-e-type=\"widget\" data-widget_type=\"heading.default\">\n\t\t\t\t<div class=\"elementor-widget-container\">\n\t\t\t\t\t<h3 class=\"elementor-heading-title elementor-size-default\">Jak przebiega procedura ponownego wniosku o azyl HASA?<\/h3>\t\t\t\t<\/div>\n\t\t\t\t<\/div>\n\t\t\t\t<div class=\"elementor-element elementor-element-79df8a5 color-scheme-inherit text-left elementor-widget elementor-widget-text-editor\" data-id=\"79df8a5\" data-element_type=\"widget\" data-e-type=\"widget\" data-widget_type=\"text-editor.default\">\n\t\t\t\t<div class=\"elementor-widget-container\">\n\t\t\t\t\t\t\t\t\t<p>Procedura azylowa w Holandii sk\u0142ada si\u0119 z kilku etap\u00f3w. Poni\u017cej znajd\u0105 Pa\u0144stwo bardziej szczeg\u00f3\u0142owy przegl\u0105d procedury:<\/p><ul><li><strong>Prosz\u0119 sprawdzi\u0107 warunki:<\/strong> Przed z\u0142o\u017ceniem wniosku HASA wa\u017cne jest, aby sprawdzi\u0107, czy spe\u0142nia Pan\/Pani warunki do ubiegania si\u0119 o ponowny wniosek o azyl. Warunki te mog\u0105 si\u0119 r\u00f3\u017cni\u0107 w zale\u017cno\u015bci od Pa\u0144stwa konkretnej sytuacji.<\/li><li><strong>Zbieranie dokument\u00f3w:<\/strong>\u00a0zebra\u0107 wszystkie istotne dokumenty, kt\u00f3re mog\u0105 Pa\u0144stwo wykorzysta\u0107 do poparcia swojego wniosku HASA. Mog\u0105 one obejmowa\u0107 nowe dowody, kt\u00f3re pokazuj\u0105, \u017ce Pana\/Pani sytuacja zmieni\u0142a si\u0119 od czasu z\u0142o\u017cenia poprzedniego wniosku o azyl.<\/li><li><strong>Dokonywanie zg\u0142osze\u0144:<\/strong>\u00a0Prosz\u0119 wype\u0142ni\u0107 wniosek w j\u0119zyku niderlandzkim i z\u0142o\u017cy\u0107 go w biurze HASA w Ter Apel. Prosz\u0119 upewni\u0107 si\u0119, \u017ce do\u0142\u0105czyli Pa\u0144stwo wszystkie wymagane dokumenty.<\/li><li><strong>Weryfikacja wniosku:<\/strong>\u00a0Urz\u0105d Imigracyjny i Naturalizacyjny (Immigration and Naturalisation Service, IND) oceni Pana\/Pani wniosek i sprawdzi jego kompletno\u015b\u0107. Je\u015bli brakuje jakich\u015b dokument\u00f3w lub informacji, IND mo\u017ce poprosi\u0107 Pana\/Pani\u0105 o ich uzupe\u0142nienie.<\/li><li><strong>S\u0142ysze\u0107 czy nie s\u0142ysze\u0107:<\/strong>\u00a0Je\u015bli IND stwierdzi, \u017ce istniej\u0105 wystarczaj\u0105ce nowe fakty lub zmienione okoliczno\u015bci, kt\u00f3re uzasadniaj\u0105 ponowne rozpatrzenie sprawy, mo\u017ce odby\u0107 si\u0119 przes\u0142uchanie, podczas kt\u00f3rego otrzyma Pan\/Pani mo\u017cliwo\u015b\u0107 dalszego wyja\u015bnienia swojej sprawy. Przes\u0142uchanie ma na celu dostarczenie dodatkowych informacji i udzielenie odpowiedzi na wszelkie pytania IND.<\/li><li><strong>Decyzja w sprawie wniosku:<\/strong>\u00a0Na podstawie przed\u0142o\u017conych dokument\u00f3w, przes\u0142uchania i innych istotnych informacji IND podejmie decyzj\u0119 w sprawie Pa\u0144stwa wniosku HASA. Decyzja ta mo\u017ce by\u0107 pozytywna lub negatywna.<\/li><li><strong>Prosz\u0119 odebra\u0107 zezwolenie na pobyt:<\/strong>\u00a0Je\u015bli wniosek HASA zostanie zatwierdzony, otrzyma Pan\/Pani zezwolenie na pobyt. Mo\u017ce Pan\/Pani odebra\u0107 to zezwolenie od IND lub innego wyznaczonego organu. Prosz\u0119 upewni\u0107 si\u0119, \u017ce wykona\u0142(a) Pan(i) wszystkie niezb\u0119dne kroki, aby otrzyma\u0107 i aktywowa\u0107 zezwolenie na pobyt.<\/li><\/ul>\t\t\t\t\t\t\t\t<\/div>\n\t\t\t\t<\/div>\n\t\t\t\t<div class=\"elementor-element elementor-element-86138b9 elementor-widget elementor-widget-spacer\" data-id=\"86138b9\" data-element_type=\"widget\" data-e-type=\"widget\" data-widget_type=\"spacer.default\">\n\t\t\t\t<div class=\"elementor-widget-container\">\n\t\t\t\t\t\t\t<div class=\"elementor-spacer\">\n\t\t\t<div class=\"elementor-spacer-inner\"><\/div>\n\t\t<\/div>\n\t\t\t\t\t\t<\/div>\n\t\t\t\t<\/div>\n\t\t\t\t<div class=\"elementor-element elementor-element-2a2a4fe elementor-widget elementor-widget-heading\" data-id=\"2a2a4fe\" data-element_type=\"widget\" data-e-type=\"widget\" data-widget_type=\"heading.default\">\n\t\t\t\t<div class=\"elementor-widget-container\">\n\t\t\t\t\t<h3 class=\"elementor-heading-title elementor-size-default\">Prawnik zajmuj\u0105cy si\u0119 powtarzaj\u0105cymi si\u0119 wnioskami o azyl<\/h3>\t\t\t\t<\/div>\n\t\t\t\t<\/div>\n\t\t\t\t<div class=\"elementor-element elementor-element-1cd712b color-scheme-inherit text-left elementor-widget elementor-widget-text-editor\" data-id=\"1cd712b\" data-element_type=\"widget\" data-e-type=\"widget\" data-widget_type=\"text-editor.default\">\n\t\t\t\t<div class=\"elementor-widget-container\">\n\t\t\t\t\t\t\t\t\t<p>Wa\u017cne jest, aby przej\u015b\u0107 przez proces azylowy dok\u0142adnie, co mo\u017ce by\u0107 czasoch\u0142onne bez zatrudniania do\u015bwiadczonego prawnika.<\/p><p>Kancelaria Der Bedrosian posiada prawnik\u00f3w specjalizuj\u0105cych si\u0119 w nast\u0119puj\u0105cych dziedzinach <a href=\"https:\/\/www.derbedrosian.nl\/pl\/jurysdykcje\/prawo-azylowe\/\">prawo azylowe<\/a> i dlatego oferujemy profesjonaln\u0105 pomoc w ca\u0142ym procesie.<\/p><p>Prosimy wi\u0119c skontaktowa\u0107 si\u0119 z nami w celu opracowania <a href=\"https:\/\/www.derbedrosian.nl\/pl\/prawnicy-2\/\">do\u015bwiadczony adwokat<\/a> prosz\u0119 om\u00f3wi\u0107 swoj\u0105 sytuacj\u0119.<\/p>\t\t\t\t\t\t\t\t<\/div>\n\t\t\t\t<\/div>\n\t\t\t\t\t<\/div>\n\t\t\t\t<\/div>\n\t\t\t\t<\/div>","protected":false},"excerpt":{"rendered":"<p>prawo azylowe powt\u00f3rny wniosek o azyl formularz ind prawnik prawo azylowe prawo uchod\u017acze i prawo azylowe r\u00f3\u017cnica powt\u00f3rny wniosek o azyl hasa fire list do drugiej izby dzie\u0144<\/p>","protected":false},"author":1,"featured_media":0,"parent":10757,"menu_order":0,"comment_status":"closed","ping_status":"closed","template":"","meta":{"footnotes":""},"class_list":["post-10794","page","type-page","status-publish","hentry"],"_links":{"self":[{"href":"https:\/\/www.derbedrosian.nl\/pl\/wp-json\/wp\/v2\/pages\/10794","targetHints":{"allow":["GET"]}}],"collection":[{"href":"https:\/\/www.derbedrosian.nl\/pl\/wp-json\/wp\/v2\/pages"}],"about":[{"href":"https:\/\/www.derbedrosian.nl\/pl\/wp-json\/wp\/v2\/types\/page"}],"author":[{"embeddable":true,"href":"https:\/\/www.derbedrosian.nl\/pl\/wp-json\/wp\/v2\/users\/1"}],"replies":[{"embeddable":true,"href":"https:\/\/www.derbedrosian.nl\/pl\/wp-json\/wp\/v2\/comments?post=10794"}],"version-history":[{"count":0,"href":"https:\/\/www.derbedrosian.nl\/pl\/wp-json\/wp\/v2\/pages\/10794\/revisions"}],"up":[{"embeddable":true,"href":"https:\/\/www.derbedrosian.nl\/pl\/wp-json\/wp\/v2\/pages\/10757"}],"wp:attachment":[{"href":"https:\/\/www.derbedrosian.nl\/pl\/wp-json\/wp\/v2\/media?parent=10794"}],"curies":[{"name":"wp","href":"https:\/\/api.w.org\/{rel}","templated":true}]}}