{"id":10789,"date":"2023-05-29T09:44:21","date_gmt":"2023-05-29T07:44:21","guid":{"rendered":"https:\/\/derbedrosian.nl\/?page_id=10789"},"modified":"2025-12-21T16:35:30","modified_gmt":"2025-12-21T14:35:30","slug":"laczenie-rodzin-po-zjednoczeniu","status":"publish","type":"page","link":"https:\/\/www.derbedrosian.nl\/pl\/rechtsgebieden\/asielrecht\/gezinshereniging-nareis\/","title":{"rendered":"\u0141\u0105czenie rodzin (po podr\u00f3\u017cy)"},"content":{"rendered":"<div data-elementor-type=\"wp-page\" data-elementor-id=\"10789\" class=\"elementor elementor-10789\" data-elementor-post-type=\"page\">\n\t\t\t\t<div class=\"wd-negative-gap elementor-element elementor-element-fde68bb e-flex e-con-boxed e-con e-parent\" data-id=\"fde68bb\" data-element_type=\"container\" data-e-type=\"container\">\n\t\t\t\t\t<div class=\"e-con-inner\">\n\t\t\t\t<div class=\"elementor-element elementor-element-141c632 color-scheme-inherit text-left elementor-widget elementor-widget-text-editor\" data-id=\"141c632\" data-element_type=\"widget\" data-e-type=\"widget\" data-widget_type=\"text-editor.default\">\n\t\t\t\t<div class=\"elementor-widget-container\">\n\t\t\t\t\t\t\t\t\t<p><strong>Kancelaria Der Bedrosian posiada wyspecjalizowanych prawnik\u00f3w w dziedzinie \u0142\u0105czenia rodzin (po powrocie).<\/strong><\/p>\t\t\t\t\t\t\t\t<\/div>\n\t\t\t\t<\/div>\n\t\t\t\t<div class=\"elementor-element elementor-element-f0240e2 elementor-widget elementor-widget-heading\" data-id=\"f0240e2\" data-element_type=\"widget\" data-e-type=\"widget\" data-widget_type=\"heading.default\">\n\t\t\t\t<div class=\"elementor-widget-container\">\n\t\t\t\t\t<h3 class=\"elementor-heading-title elementor-size-default\">Czym jest zjazd rodzinny?<\/h3>\t\t\t\t<\/div>\n\t\t\t\t<\/div>\n\t\t\t\t<div class=\"elementor-element elementor-element-274f90e color-scheme-inherit text-left elementor-widget elementor-widget-text-editor\" data-id=\"274f90e\" data-element_type=\"widget\" data-e-type=\"widget\" data-widget_type=\"text-editor.default\">\n\t\t\t\t<div class=\"elementor-widget-container\">\n\t\t\t\t\t\t\t\t\t<p>\u0141\u0105czenie rodzin to \u0142\u0105czenie rodzin, kt\u00f3re zosta\u0142y rozdzielone z powodu wojny lub jej konsekwencji. Gdy uchod\u017aca otrzyma zezwolenie na pobyt, mo\u017ce sprowadzi\u0107 cz\u0142onk\u00f3w swojej rodziny do Holandii.<\/p>\t\t\t\t\t\t\t\t<\/div>\n\t\t\t\t<\/div>\n\t\t\t\t<div class=\"elementor-element elementor-element-09590f8 elementor-widget elementor-widget-spacer\" data-id=\"09590f8\" data-element_type=\"widget\" data-e-type=\"widget\" data-widget_type=\"spacer.default\">\n\t\t\t\t<div class=\"elementor-widget-container\">\n\t\t\t\t\t\t\t<div class=\"elementor-spacer\">\n\t\t\t<div class=\"elementor-spacer-inner\"><\/div>\n\t\t<\/div>\n\t\t\t\t\t\t<\/div>\n\t\t\t\t<\/div>\n\t\t\t\t<div class=\"elementor-element elementor-element-0542018 elementor-widget elementor-widget-heading\" data-id=\"0542018\" data-element_type=\"widget\" data-e-type=\"widget\" data-widget_type=\"heading.default\">\n\t\t\t\t<div class=\"elementor-widget-container\">\n\t\t\t\t\t<h3 class=\"elementor-heading-title elementor-size-default\">Okres po podr\u00f3\u017cy<\/h3>\t\t\t\t<\/div>\n\t\t\t\t<\/div>\n\t\t\t\t<div class=\"elementor-element elementor-element-5bfee2e color-scheme-inherit text-left elementor-widget elementor-widget-text-editor\" data-id=\"5bfee2e\" data-element_type=\"widget\" data-e-type=\"widget\" data-widget_type=\"text-editor.default\">\n\t\t\t\t<div class=\"elementor-widget-container\">\n\t\t\t\t\t\t\t\t\tWniosek o \u0142\u0105czenie rodzin, wniosek MVV po podr\u00f3\u017cy nale\u017cy z\u0142o\u017cy\u0107 w ci\u0105gu 3 miesi\u0119cy od powiadomienia cz\u0142onka rodziny rozdzielonej o przyznaniu mu zezwolenia na azyl. \t\t\t\t\t\t\t\t<\/div>\n\t\t\t\t<\/div>\n\t\t\t\t<div class=\"elementor-element elementor-element-7974393 elementor-widget elementor-widget-spacer\" data-id=\"7974393\" data-element_type=\"widget\" data-e-type=\"widget\" data-widget_type=\"spacer.default\">\n\t\t\t\t<div class=\"elementor-widget-container\">\n\t\t\t\t\t\t\t<div class=\"elementor-spacer\">\n\t\t\t<div class=\"elementor-spacer-inner\"><\/div>\n\t\t<\/div>\n\t\t\t\t\t\t<\/div>\n\t\t\t\t<\/div>\n\t\t\t\t<div class=\"elementor-element elementor-element-77380f5 elementor-widget elementor-widget-heading\" data-id=\"77380f5\" data-element_type=\"widget\" data-e-type=\"widget\" data-widget_type=\"heading.default\">\n\t\t\t\t<div class=\"elementor-widget-container\">\n\t\t\t\t\t<h3 class=\"elementor-heading-title elementor-size-default\">Warunki<\/h3>\t\t\t\t<\/div>\n\t\t\t\t<\/div>\n\t\t\t\t<div class=\"elementor-element elementor-element-981610a color-scheme-inherit text-left elementor-widget elementor-widget-text-editor\" data-id=\"981610a\" data-element_type=\"widget\" data-e-type=\"widget\" data-widget_type=\"text-editor.default\">\n\t\t\t\t<div class=\"elementor-widget-container\">\n\t\t\t\t\t\t\t\t\t<ul><li>Posiada Pan\/Pani zezwolenie na pobyt dla os\u00f3b ubiegaj\u0105cych si\u0119 o azyl<\/li><li>Mo\u017ce Pan(i) z\u0142o\u017cy\u0107 ten wniosek tylko w odniesieniu do: Pana(i) wsp\u00f3\u0142ma\u0142\u017conka, Pana(i) partnera(ki), Pana(i) (przybranego) dziecka, Pana(i) rodzic\u00f3w ( Mo\u017ce Pan(i) z\u0142o\u017cy\u0107 wniosek tylko w odniesieniu do Pana(i) rodzic\u00f3w, je\u015bli w momencie sk\u0142adania wniosku o azyl by\u0142(a) Pan(i) osob\u0105 samotn\u0105 i poni\u017cej 18 roku \u017cycia.<\/li><li>Sk\u0142ada Pan\/Pani wniosek o wydanie mvv dla cz\u0142onka Pana\/Pani rodziny w ci\u0105gu trzech miesi\u0119cy od otrzymania pozwolenia na azyl.<\/li><li>Cz\u0142onek Pana rodziny nale\u017cy do Pana rodziny, a tak\u017ce nale\u017ca\u0142 do Pana rodziny za granic\u0105.<\/li><li>Je\u015bli ubiegaj\u0105 si\u0119 Pa\u0144stwo o prawo jazdy dla wsp\u00f3\u0142ma\u0142\u017conka lub partnera, oboje musz\u0105 mie\u0107 uko\u0144czone 18 lat.<\/li><li>Cz\u0142onek Pana\/Pani rodziny nie pope\u0142ni\u0142 \u017cadnego wykroczenia ani przest\u0119pstwa<\/li><li>Rodzic z kraju pochodzenia musi podpisa\u0107 formularz zgody. W ten spos\u00f3b rodzic wyra\u017ca zgod\u0119 na wyjazd dziecka do Holandii.<\/li><li>Musi Pan\/Pani udowodni\u0107 to\u017csamo\u015b\u0107 cz\u0142onka rodziny i pokrewie\u0144stwo za pomoc\u0105 dokument\u00f3w.<\/li><\/ul>\t\t\t\t\t\t\t\t<\/div>\n\t\t\t\t<\/div>\n\t\t\t\t<div class=\"elementor-element elementor-element-7f67a54 elementor-widget elementor-widget-spacer\" data-id=\"7f67a54\" data-element_type=\"widget\" data-e-type=\"widget\" data-widget_type=\"spacer.default\">\n\t\t\t\t<div class=\"elementor-widget-container\">\n\t\t\t\t\t\t\t<div class=\"elementor-spacer\">\n\t\t\t<div class=\"elementor-spacer-inner\"><\/div>\n\t\t<\/div>\n\t\t\t\t\t\t<\/div>\n\t\t\t\t<\/div>\n\t\t\t\t<div class=\"elementor-element elementor-element-720ebd7 elementor-widget elementor-widget-heading\" data-id=\"720ebd7\" data-element_type=\"widget\" data-e-type=\"widget\" data-widget_type=\"heading.default\">\n\t\t\t\t<div class=\"elementor-widget-container\">\n\t\t\t\t\t<h3 class=\"elementor-heading-title elementor-size-default\">Procedura \u0141\u0105czenie rodzin<\/h3>\t\t\t\t<\/div>\n\t\t\t\t<\/div>\n\t\t\t\t<div class=\"elementor-element elementor-element-24d4bc0 color-scheme-inherit text-left elementor-widget elementor-widget-text-editor\" data-id=\"24d4bc0\" data-element_type=\"widget\" data-e-type=\"widget\" data-widget_type=\"text-editor.default\">\n\t\t\t\t<div class=\"elementor-widget-container\">\n\t\t\t\t\t\t\t\t\t<ul><li><strong>Prosz\u0119 sprawdzi\u0107 warunki:<\/strong>\u00a0Pierwszym wa\u017cnym punktem w procedurze \u0142\u0105czenia rodzin jest dok\u0142adne sprawdzenie, czy spe\u0142niaj\u0105 Pa\u0144stwo wszystkie wymogi przed przyst\u0105pieniem do procedury.<\/li><li><strong>Zbieranie dokument\u00f3w:<\/strong>\u00a0Prosz\u0119 zebra\u0107 wszystkie wymagane dokumenty i dokumenty uzupe\u0142niaj\u0105ce potrzebne do poparcia wniosku. Obejmuje to dokumenty to\u017csamo\u015bci, akty ma\u0142\u017ce\u0144stwa, akty urodzenia dzieci i inne istotne dokumenty.<\/li><li><strong>Prosz\u0119 przes\u0142a\u0107 zg\u0142oszenie:<\/strong>\u00a0Prosz\u0119 z\u0142o\u017cy\u0107 wniosek do Immigration and Naturalisation Service (IND). Prosz\u0119 poprawnie wype\u0142ni\u0107 wszystkie formularze i upewni\u0107 si\u0119, \u017ce do\u0142\u0105czyli Pa\u0144stwo wszystkie wymagane dokumenty.<\/li><li><strong>Koszt wynagrodzenia:<\/strong>\u00a0prosz\u0119 ui\u015bci\u0107 wymagane op\u0142aty za wniosek. Prosz\u0119 upewni\u0107 si\u0119, \u017ce s\u0105 Pa\u0144stwo \u015bwiadomi aktualnych op\u0142at i ui\u015bci\u0107 je w terminie.<\/li><li><strong>Oczekiwanie na decyzj\u0119 w sprawie wniosku:<\/strong>\u00a0Po z\u0142o\u017ceniu wniosku musz\u0105 Pa\u0144stwo cierpliwie czeka\u0107, a\u017c IND oceni Pa\u0144stwa przypadek. Prosz\u0119 pami\u0119ta\u0107, \u017ce mo\u017ce to zaj\u0105\u0107 troch\u0119 czasu.<\/li><li><strong>Decyzja w sprawie wniosku:<\/strong>\u00a0Gdy IND podejmie decyzj\u0119 w sprawie Pana\/Pani wniosku, zostanie Pan\/Pani powiadomiony\/a o jej wyniku. Decyzja mo\u017ce by\u0107 pozytywna lub negatywna, w zale\u017cno\u015bci od Pa\u0144stwa sytuacji.<\/li><li><strong>Prosz\u0119 uzyska\u0107 Mvv i uda\u0107 si\u0119 do Holandii:<\/strong> Je\u015bli Pana\/Pani wniosek zostanie zatwierdzony, mo\u017ce Pan\/Pani ubiega\u0107 si\u0119 o tymczasowe zezwolenie na pobyt (MVV) w holenderskiej ambasadzie lub konsulacie w kraju pochodzenia. Zezwolenie MVV umo\u017cliwia Panu\/Pani podr\u00f3\u017cowanie do Holandii.<\/li><li>Rejestracja w Holandii: Po przybyciu do Holandii b\u0119d\u0105 Pa\u0144stwo musieli zarejestrowa\u0107 si\u0119 w gminie, w kt\u00f3rej b\u0119d\u0105 Pa\u0144stwo mieszka\u0107. Tutaj podejmie Pan(i) dalsze kroki w celu oficjalnego po\u0142\u0105czenia rodziny i integracji z holenderskim spo\u0142ecze\u0144stwem.<\/li><\/ul><p>Niniejsza procedura krok po kroku zawiera przegl\u0105d tego, czego mo\u017cna si\u0119 spodziewa\u0107 podczas procesu \u0142\u0105czenia rodzin w Holandii. Bardzo wa\u017cne jest, aby post\u0119powa\u0107 dok\u0142adnie i cierpliwie na ka\u017cdym etapie, aby zapewni\u0107, \u017ce Pa\u0144stwa wniosek przebiegnie sprawnie.<\/p>\t\t\t\t\t\t\t\t<\/div>\n\t\t\t\t<\/div>\n\t\t\t\t<div class=\"elementor-element elementor-element-614c2d7 elementor-widget elementor-widget-spacer\" data-id=\"614c2d7\" data-element_type=\"widget\" data-e-type=\"widget\" data-widget_type=\"spacer.default\">\n\t\t\t\t<div class=\"elementor-widget-container\">\n\t\t\t\t\t\t\t<div class=\"elementor-spacer\">\n\t\t\t<div class=\"elementor-spacer-inner\"><\/div>\n\t\t<\/div>\n\t\t\t\t\t\t<\/div>\n\t\t\t\t<\/div>\n\t\t\t\t<div class=\"elementor-element elementor-element-eb094a8 elementor-widget elementor-widget-heading\" data-id=\"eb094a8\" data-element_type=\"widget\" data-e-type=\"widget\" data-widget_type=\"heading.default\">\n\t\t\t\t<div class=\"elementor-widget-container\">\n\t\t\t\t\t<h3 class=\"elementor-heading-title elementor-size-default\">Prawnik \u0141\u0105czenie rodzin po przyje\u017adzie<\/h3>\t\t\t\t<\/div>\n\t\t\t\t<\/div>\n\t\t\t\t<div class=\"elementor-element elementor-element-da6acdc color-scheme-inherit text-left elementor-widget elementor-widget-text-editor\" data-id=\"da6acdc\" data-element_type=\"widget\" data-e-type=\"widget\" data-widget_type=\"text-editor.default\">\n\t\t\t\t<div class=\"elementor-widget-container\">\n\t\t\t\t\t\t\t\t\tProces \u0142\u0105czenia rodzin mo\u017ce szybko si\u0119 skomplikowa\u0107, je\u015bli kt\u00f3rykolwiek z wymog\u00f3w nie zostanie spe\u0142niony. Na przyk\u0142ad, je\u015bli Urz\u0105d Imigracyjny i Naturalizacyjny (IND) ma w\u0105tpliwo\u015bci co do autentyczno\u015bci Pa\u0144stwa zwi\u0105zku, gdy nie jest on uzasadniony. Do\u015bwiadczeni prawnicy z Der Bedrosian Law Firm posiadaj\u0105 rozleg\u0142\u0105 wiedz\u0119 i do\u015bwiadczenie w dziedzinie \u0142\u0105czenia rodzin i s\u0105 gotowi pom\u00f3c Pa\u0144stwu w przej\u015bciu przez ten proces. Gdy tylko skontaktuj\u0105 si\u0119 Pa\u0144stwo z nasz\u0105 kancelari\u0105, skontaktujemy Pa\u0144stwa bezpo\u015brednio z wyspecjalizowanym prawnikiem. Wszystko po to, aby wesprze\u0107 Pa\u0144stwa w d\u0105\u017ceniu do po\u0142\u0105czenia rodziny.\t\t\t\t\t\t\t\t<\/div>\n\t\t\t\t<\/div>\n\t\t\t\t\t<\/div>\n\t\t\t\t<\/div>\n\t\t\t\t<\/div>","protected":false},"excerpt":{"rendered":"<p>Kancelaria Der Bedrosian posiada wyspecjalizowanych prawnik\u00f3w w dziedzinie \u0142\u0105czenia rodzin (po powrocie). Czym jest \u0142\u0105czenie rodzin? \u0141\u0105czenie rodzin to<\/p>","protected":false},"author":1,"featured_media":0,"parent":10757,"menu_order":0,"comment_status":"closed","ping_status":"closed","template":"","meta":{"footnotes":""},"class_list":["post-10789","page","type-page","status-publish","hentry"],"_links":{"self":[{"href":"https:\/\/www.derbedrosian.nl\/pl\/wp-json\/wp\/v2\/pages\/10789","targetHints":{"allow":["GET"]}}],"collection":[{"href":"https:\/\/www.derbedrosian.nl\/pl\/wp-json\/wp\/v2\/pages"}],"about":[{"href":"https:\/\/www.derbedrosian.nl\/pl\/wp-json\/wp\/v2\/types\/page"}],"author":[{"embeddable":true,"href":"https:\/\/www.derbedrosian.nl\/pl\/wp-json\/wp\/v2\/users\/1"}],"replies":[{"embeddable":true,"href":"https:\/\/www.derbedrosian.nl\/pl\/wp-json\/wp\/v2\/comments?post=10789"}],"version-history":[{"count":0,"href":"https:\/\/www.derbedrosian.nl\/pl\/wp-json\/wp\/v2\/pages\/10789\/revisions"}],"up":[{"embeddable":true,"href":"https:\/\/www.derbedrosian.nl\/pl\/wp-json\/wp\/v2\/pages\/10757"}],"wp:attachment":[{"href":"https:\/\/www.derbedrosian.nl\/pl\/wp-json\/wp\/v2\/media?parent=10789"}],"curies":[{"name":"wp","href":"https:\/\/api.w.org\/{rel}","templated":true}]}}