{"id":10779,"date":"2023-05-27T14:33:07","date_gmt":"2023-05-27T12:33:07","guid":{"rendered":"https:\/\/derbedrosian.nl\/?page_id=10779"},"modified":"2025-12-21T16:34:41","modified_gmt":"2025-12-21T14:34:41","slug":"holenderska-procedura-azylowa","status":"publish","type":"page","link":"https:\/\/www.derbedrosian.nl\/pl\/rechtsgebieden\/asielrecht\/dutch-asylum-procedure\/","title":{"rendered":"Holenderska procedura azylowa"},"content":{"rendered":"<div data-elementor-type=\"wp-page\" data-elementor-id=\"10779\" class=\"elementor elementor-10779\" data-elementor-post-type=\"page\">\n\t\t\t\t<div class=\"wd-negative-gap elementor-element elementor-element-f40594e e-flex e-con-boxed e-con e-parent\" data-id=\"f40594e\" data-element_type=\"container\" data-e-type=\"container\">\n\t\t\t\t\t<div class=\"e-con-inner\">\n\t\t\t\t<div class=\"elementor-element elementor-element-8ed3410 elementor-hidden-desktop elementor-hidden-tablet elementor-hidden-mobile elementor-widget elementor-widget-wd_image_or_svg\" data-id=\"8ed3410\" data-element_type=\"widget\" data-e-type=\"widget\" id=\"seo-word\" data-widget_type=\"wd_image_or_svg.default\">\n\t\t\t\t<div class=\"elementor-widget-container\">\n\t\t\t\t\t\n\t\t<div class=\"wd-image text-left\">\n\t\t\t\t\t\t\t\t<img loading=\"lazy\" decoding=\"async\" width=\"1000\" height=\"667\" src=\"https:\/\/www.derbedrosian.nl\/wp-content\/uploads\/rechtsgebied-dutch-asylum-procedure.jpg\" class=\"attachment-full size-full\" alt=\"holenderska procedura azylowa i prawo azylowe prawnik ustalenie orientacji seksualnej\" srcset=\"https:\/\/www.derbedrosian.nl\/wp-content\/uploads\/rechtsgebied-dutch-asylum-procedure.jpg 1000w, https:\/\/www.derbedrosian.nl\/wp-content\/uploads\/rechtsgebied-dutch-asylum-procedure-400x267.jpg 400w, https:\/\/www.derbedrosian.nl\/wp-content\/uploads\/rechtsgebied-dutch-asylum-procedure-768x512.jpg 768w\" sizes=\"auto, (max-width: 1000px) 100vw, 1000px\" title=\"\">\t\t\t\t\t<\/div>\n\n\t\t\t\t\t\t<\/div>\n\t\t\t\t<\/div>\n\t\t\t\t<div class=\"elementor-element elementor-element-ba6fc08 elementor-hidden-desktop elementor-hidden-tablet elementor-hidden-mobile elementor-widget elementor-widget-heading\" data-id=\"ba6fc08\" data-element_type=\"widget\" data-e-type=\"widget\" id=\"seo-word\" data-widget_type=\"heading.default\">\n\t\t\t\t<div class=\"elementor-widget-container\">\n\t\t\t\t\t<h2 class=\"elementor-heading-title elementor-size-default\">Okre\u015blanie orientacji seksualnej<\/h2>\t\t\t\t<\/div>\n\t\t\t\t<\/div>\n\t\t\t\t<div class=\"elementor-element elementor-element-efaddac elementor-hidden-desktop elementor-hidden-tablet elementor-hidden-mobile elementor-widget elementor-widget-heading\" data-id=\"efaddac\" data-element_type=\"widget\" data-e-type=\"widget\" id=\"seo-word\" data-widget_type=\"heading.default\">\n\t\t\t\t<div class=\"elementor-widget-container\">\n\t\t\t\t\t<h5 class=\"elementor-heading-title elementor-size-default\">i<\/h5>\t\t\t\t<\/div>\n\t\t\t\t<\/div>\n\t\t\t\t<div class=\"elementor-element elementor-element-9eea203 elementor-hidden-desktop elementor-hidden-tablet elementor-hidden-mobile elementor-widget elementor-widget-heading\" data-id=\"9eea203\" data-element_type=\"widget\" data-e-type=\"widget\" id=\"seo-word\" data-widget_type=\"heading.default\">\n\t\t\t\t<div class=\"elementor-widget-container\">\n\t\t\t\t\t<h5 class=\"elementor-heading-title elementor-size-default\">prawo azylowe<\/h5>\t\t\t\t<\/div>\n\t\t\t\t<\/div>\n\t\t\t\t<div class=\"elementor-element elementor-element-c7a1109 elementor-hidden-desktop elementor-hidden-tablet elementor-hidden-mobile elementor-widget elementor-widget-heading\" data-id=\"c7a1109\" data-element_type=\"widget\" data-e-type=\"widget\" id=\"seo-word\" data-widget_type=\"heading.default\">\n\t\t\t\t<div class=\"elementor-widget-container\">\n\t\t\t\t\t<h5 class=\"elementor-heading-title elementor-size-default\">prawo azylowe adwokat enschede<\/h5>\t\t\t\t<\/div>\n\t\t\t\t<\/div>\n\t\t\t\t<div class=\"elementor-element elementor-element-1f5fb10 elementor-hidden-desktop elementor-hidden-tablet elementor-hidden-mobile elementor-widget elementor-widget-heading\" data-id=\"1f5fb10\" data-element_type=\"widget\" data-e-type=\"widget\" id=\"seo-word\" data-widget_type=\"heading.default\">\n\t\t\t\t<div class=\"elementor-widget-container\">\n\t\t\t\t\t<h5 class=\"elementor-heading-title elementor-size-default\">prawnik azyl overijssel<\/h5>\t\t\t\t<\/div>\n\t\t\t\t<\/div>\n\t\t\t\t<div class=\"elementor-element elementor-element-a99d3c6 elementor-hidden-desktop elementor-hidden-tablet elementor-hidden-mobile elementor-widget elementor-widget-heading\" data-id=\"a99d3c6\" data-element_type=\"widget\" data-e-type=\"widget\" id=\"seo-word\" data-widget_type=\"heading.default\">\n\t\t\t\t<div class=\"elementor-widget-container\">\n\t\t\t\t\t<h5 class=\"elementor-heading-title elementor-size-default\">prawo azylowe enschede<\/h5>\t\t\t\t<\/div>\n\t\t\t\t<\/div>\n\t\t\t\t<div class=\"elementor-element elementor-element-f0990de elementor-hidden-desktop elementor-hidden-tablet elementor-hidden-mobile elementor-widget elementor-widget-heading\" data-id=\"f0990de\" data-element_type=\"widget\" data-e-type=\"widget\" id=\"seo-word\" data-widget_type=\"heading.default\">\n\t\t\t\t<div class=\"elementor-widget-container\">\n\t\t\t\t\t<h5 class=\"elementor-heading-title elementor-size-default\">adwokat enschede prawo azylowe<\/h5>\t\t\t\t<\/div>\n\t\t\t\t<\/div>\n\t\t\t\t<div class=\"elementor-element elementor-element-bbf6404 elementor-hidden-desktop elementor-hidden-tablet elementor-hidden-mobile elementor-widget elementor-widget-heading\" data-id=\"bbf6404\" data-element_type=\"widget\" data-e-type=\"widget\" id=\"seo-word\" data-widget_type=\"heading.default\">\n\t\t\t\t<div class=\"elementor-widget-container\">\n\t\t\t\t\t<h5 class=\"elementor-heading-title elementor-size-default\">Ubieganie si\u0119 o azyl w Holandii<\/h5>\t\t\t\t<\/div>\n\t\t\t\t<\/div>\n\t\t\t\t<div class=\"elementor-element elementor-element-26fdffd elementor-hidden-desktop elementor-hidden-tablet elementor-hidden-mobile elementor-widget elementor-widget-heading\" data-id=\"26fdffd\" data-element_type=\"widget\" data-e-type=\"widget\" id=\"seo-word\" data-widget_type=\"heading.default\">\n\t\t\t\t<div class=\"elementor-widget-container\">\n\t\t\t\t\t<h5 class=\"elementor-heading-title elementor-size-default\">Ustalenie orientacji seksualnej mo\u017ce by\u0107 kluczow\u0105 kwesti\u0105 w sprawach azylowych. W Holandii mo\u017cna ubiega\u0107 si\u0119 o azyl ze wzgl\u0119du na orientacj\u0119 seksualn\u0105, je\u015bli jest si\u0119 w stanie udowodni\u0107, \u017ce jest si\u0119 prze\u015bladowanym w kraju pochodzenia ze wzgl\u0119du na swoj\u0105 orientacj\u0119. Urz\u0105d ds. Imigracji i Naturalizacji (IND) jest odpowiedzialny za ocen\u0119 wniosk\u00f3w o azyl, w tym tych opartych na orientacji seksualnej.\n\nKancelaria Derbedrosian Immigration Lawyers w Enschede i Overijssel ma do\u015bwiadczenie w reprezentowaniu os\u00f3b ubiegaj\u0105cych si\u0119 o azyl w Holandii, w tym os\u00f3b ubiegaj\u0105cych si\u0119 o azyl ze wzgl\u0119du na orientacj\u0119 seksualn\u0105. Rozumiemy z\u0142o\u017cono\u015b\u0107 holenderskiej procedury azylowej i oferujemy fachowe porady prawne i wskaz\u00f3wki w trakcie ca\u0142ego procesu.\n\nJe\u015bli maj\u0105 Pa\u0144stwo pytania dotycz\u0105ce ubiegania si\u0119 o azyl w Holandii ze wzgl\u0119du na orientacj\u0119 seksualn\u0105, procedury IND lub potrzebuj\u0105 pomocy prawnej, prosimy o kontakt z kancelari\u0105 Derbedrosian Immigration Lawyers. Jeste\u015bmy gotowi Pa\u0144stwu pom\u00f3c i chroni\u0107 Pa\u0144stwa prawa.<\/h5>\t\t\t\t<\/div>\n\t\t\t\t<\/div>\n\t\t\t\t<div class=\"elementor-element elementor-element-f72bc4b color-scheme-inherit text-left elementor-widget elementor-widget-text-editor\" data-id=\"f72bc4b\" data-element_type=\"widget\" data-e-type=\"widget\" data-widget_type=\"text-editor.default\">\n\t\t\t\t<div class=\"elementor-widget-container\">\n\t\t\t\t\t\t\t\t\t<p><strong>Holenderska procedura azylowa, znana r\u00f3wnie\u017c jako holenderska procedura azylowa, jest cz\u0119\u015bci\u0105 holenderskiej polityki imigracyjnej i azylowej. Procedura ta ma na celu ocen\u0119, czy osoby poszukuj\u0105ce schronienia w Holandii z powodu bezpo\u015bredniego zagro\u017cenia w ich kraju ojczystym kwalifikuj\u0105 si\u0119 do azylu i ochrony.<\/strong><\/p>\t\t\t\t\t\t\t\t<\/div>\n\t\t\t\t<\/div>\n\t\t\t\t<div class=\"elementor-element elementor-element-46f76d8 elementor-widget elementor-widget-spacer\" data-id=\"46f76d8\" data-element_type=\"widget\" data-e-type=\"widget\" data-widget_type=\"spacer.default\">\n\t\t\t\t<div class=\"elementor-widget-container\">\n\t\t\t\t\t\t\t<div class=\"elementor-spacer\">\n\t\t\t<div class=\"elementor-spacer-inner\"><\/div>\n\t\t<\/div>\n\t\t\t\t\t\t<\/div>\n\t\t\t\t<\/div>\n\t\t\t\t<div class=\"elementor-element elementor-element-7341996 elementor-widget elementor-widget-heading\" data-id=\"7341996\" data-element_type=\"widget\" data-e-type=\"widget\" data-widget_type=\"heading.default\">\n\t\t\t\t<div class=\"elementor-widget-container\">\n\t\t\t\t\t<h3 class=\"elementor-heading-title elementor-size-default\">Jak wygl\u0105da holenderska procedura azylowa (LGBTI i konwertyci)?<\/h3>\t\t\t\t<\/div>\n\t\t\t\t<\/div>\n\t\t\t\t<div class=\"elementor-element elementor-element-168303d color-scheme-inherit text-left elementor-widget elementor-widget-text-editor\" data-id=\"168303d\" data-element_type=\"widget\" data-e-type=\"widget\" data-widget_type=\"text-editor.default\">\n\t\t\t\t<div class=\"elementor-widget-container\">\n\t\t\t\t\t\t\t\t\t<p>Holenderska procedura azylowa, kt\u00f3ra jest skierowana w szczeg\u00f3lno\u015bci do os\u00f3b LGBT (lesbijek, gej\u00f3w, os\u00f3b biseksualnych, transp\u0142ciowych i interseksualnych) ubiegaj\u0105cych si\u0119 o azyl i konwertyt\u00f3w, zosta\u0142a ustanowiona w celu sprostania szczeg\u00f3lnym wyzwaniom i zagro\u017ceniom, na jakie osoby LGBT i konwertyci napotykaj\u0105 w swoich krajach pochodzenia.<\/p><p>Dzi\u0119ki tej specjalnej procedurze osoby ubiegaj\u0105ce si\u0119 o azyl otrzymuj\u0105 informacje o swoich prawach i procedurze azylowej w Holandii. Zapewniaj\u0105 r\u00f3wnie\u017c wsparcie emocjonalne i wskaz\u00f3wki dla os\u00f3b LGBT ubiegaj\u0105cych si\u0119 o azyl, kt\u00f3re cz\u0119sto maj\u0105 do czynienia z traumatycznymi do\u015bwiadczeniami i obaw\u0105 przed prze\u015bladowaniami. Ponadto mog\u0105 zapewni\u0107 pomoc prawn\u0105 i pom\u00f3c w przygotowaniu wiarygodnych o\u015bwiadcze\u0144 azylowych, kt\u00f3re dok\u0142adnie odzwierciedlaj\u0105 osobist\u0105 sytuacj\u0119 osoby ubiegaj\u0105cej si\u0119 o azyl.<\/p>\t\t\t\t\t\t\t\t<\/div>\n\t\t\t\t<\/div>\n\t\t\t\t<div class=\"elementor-element elementor-element-f21f580 elementor-widget elementor-widget-spacer\" data-id=\"f21f580\" data-element_type=\"widget\" data-e-type=\"widget\" data-widget_type=\"spacer.default\">\n\t\t\t\t<div class=\"elementor-widget-container\">\n\t\t\t\t\t\t\t<div class=\"elementor-spacer\">\n\t\t\t<div class=\"elementor-spacer-inner\"><\/div>\n\t\t<\/div>\n\t\t\t\t\t\t<\/div>\n\t\t\t\t<\/div>\n\t\t\t\t<div class=\"elementor-element elementor-element-5a99f7c elementor-widget elementor-widget-heading\" data-id=\"5a99f7c\" data-element_type=\"widget\" data-e-type=\"widget\" data-widget_type=\"heading.default\">\n\t\t\t\t<div class=\"elementor-widget-container\">\n\t\t\t\t\t<h3 class=\"elementor-heading-title elementor-size-default\">Okre\u015blanie orientacji seksualnej<\/h3>\t\t\t\t<\/div>\n\t\t\t\t<\/div>\n\t\t\t\t<div class=\"elementor-element elementor-element-0857c83 color-scheme-inherit text-left elementor-widget elementor-widget-text-editor\" data-id=\"0857c83\" data-element_type=\"widget\" data-e-type=\"widget\" data-widget_type=\"text-editor.default\">\n\t\t\t\t<div class=\"elementor-widget-container\">\n\t\t\t\t\t\t\t\t\t<p>Poniewa\u017c orientacji seksualnej danej osoby nie mo\u017cna zweryfikowa\u0107 za pomoc\u0105 dokument\u00f3w, Urz\u0105d Imigracyjny i Naturalizacyjny (IND) daje osobom ubiegaj\u0105cym si\u0119 o azyl szerokie mo\u017cliwo\u015bci rozmowy na temat ich orientacji seksualnej lub to\u017csamo\u015bci p\u0142ciowej. Podczas tej wa\u017cnej rozmowy omawianych jest kilka temat\u00f3w, w tym sytuacja os\u00f3b LGBT (lesbijek, gej\u00f3w, os\u00f3b biseksualnych, transp\u0142ciowych i interseksualnych) w kraju pochodzenia.<\/p><p>Celem tego procesu jest zapewnienie, \u017ce osoby ubiegaj\u0105ce si\u0119 o azyl, kt\u00f3re s\u0105 prze\u015bladowane, dyskryminowane lub zagro\u017cone ze wzgl\u0119du na swoj\u0105 orientacj\u0119 seksualn\u0105 lub to\u017csamo\u015b\u0107 p\u0142ciow\u0105, otrzymaj\u0105 potrzebn\u0105 im ochron\u0119.<\/p>\t\t\t\t\t\t\t\t<\/div>\n\t\t\t\t<\/div>\n\t\t\t\t<div class=\"elementor-element elementor-element-3a073aa elementor-widget elementor-widget-spacer\" data-id=\"3a073aa\" data-element_type=\"widget\" data-e-type=\"widget\" data-widget_type=\"spacer.default\">\n\t\t\t\t<div class=\"elementor-widget-container\">\n\t\t\t\t\t\t\t<div class=\"elementor-spacer\">\n\t\t\t<div class=\"elementor-spacer-inner\"><\/div>\n\t\t<\/div>\n\t\t\t\t\t\t<\/div>\n\t\t\t\t<\/div>\n\t\t\t\t<div class=\"elementor-element elementor-element-3350203 elementor-widget elementor-widget-heading\" data-id=\"3350203\" data-element_type=\"widget\" data-e-type=\"widget\" data-widget_type=\"heading.default\">\n\t\t\t\t<div class=\"elementor-widget-container\">\n\t\t\t\t\t<h3 class=\"elementor-heading-title elementor-size-default\">IND<\/h3>\t\t\t\t<\/div>\n\t\t\t\t<\/div>\n\t\t\t\t<div class=\"elementor-element elementor-element-a4f83ad color-scheme-inherit text-left elementor-widget elementor-widget-text-editor\" data-id=\"a4f83ad\" data-element_type=\"widget\" data-e-type=\"widget\" data-widget_type=\"text-editor.default\">\n\t\t\t\t<div class=\"elementor-widget-container\">\n\t\t\t\t\t\t\t\t\t<p>IND ocenia osoby ubiegaj\u0105ce si\u0119 o azyl, kt\u00f3re kwalifikuj\u0105 si\u0119 do uzyskania pozwolenia na pobyt ze wzgl\u0119du na swoj\u0105 orientacj\u0119 seksualn\u0105 w ramach holenderskiej procedury azylowej. Ocena ta wymaga zbadania o\u015bwiadcze\u0144 i deklaracji dotycz\u0105cych orientacji seksualnej osoby ubiegaj\u0105cej si\u0119 o azyl.<\/p><p>Pracownik IND oceniaj\u0105cy spraw\u0119 osoby ubiegaj\u0105cej si\u0119 o azyl musi uwa\u017cnie przyjrze\u0107 si\u0119, czy to, co osoba ubiegaj\u0105ca si\u0119 o azyl m\u00f3wi o swojej orientacji seksualnej, jest prawd\u0105. Jest to trudne, poniewa\u017c czasami trudno jest stwierdzi\u0107, czy kto\u015b m\u00f3wi prawd\u0119 o swoich uczuciach i tym, kim jest.<\/p><p>Aby rzetelnie przeprowadzi\u0107 t\u0119 ocen\u0119, IND stosuje specjalne instrukcje pracy opracowane dla przypadk\u00f3w, w kt\u00f3rych orientacja LGBT (lesbijki, geje, osoby biseksualne, transp\u0142ciowe i interseksualne) jest przywo\u0142ywana jako przyczyna azylu w ramach holenderskiej procedury azylowej. Instrukcje te zawieraj\u0105 wytyczne i procedury maj\u0105ce na celu zapewnienie, \u017ce ocena jest przeprowadzana starannie i rzetelnie, ze szczeg\u00f3lnym uwzgl\u0119dnieniem z\u0142o\u017cono\u015bci takich kwestii.<\/p>\t\t\t\t\t\t\t\t<\/div>\n\t\t\t\t<\/div>\n\t\t\t\t<div class=\"elementor-element elementor-element-14ef9e2 elementor-widget elementor-widget-spacer\" data-id=\"14ef9e2\" data-element_type=\"widget\" data-e-type=\"widget\" data-widget_type=\"spacer.default\">\n\t\t\t\t<div class=\"elementor-widget-container\">\n\t\t\t\t\t\t\t<div class=\"elementor-spacer\">\n\t\t\t<div class=\"elementor-spacer-inner\"><\/div>\n\t\t<\/div>\n\t\t\t\t\t\t<\/div>\n\t\t\t\t<\/div>\n\t\t\t\t<div class=\"elementor-element elementor-element-d94ed20 elementor-widget elementor-widget-heading\" data-id=\"d94ed20\" data-element_type=\"widget\" data-e-type=\"widget\" data-widget_type=\"heading.default\">\n\t\t\t\t<div class=\"elementor-widget-container\">\n\t\t\t\t\t<h3 class=\"elementor-heading-title elementor-size-default\">Procedura azylowa<\/h3>\t\t\t\t<\/div>\n\t\t\t\t<\/div>\n\t\t\t\t<div class=\"elementor-element elementor-element-b0330db color-scheme-inherit text-left elementor-widget elementor-widget-text-editor\" data-id=\"b0330db\" data-element_type=\"widget\" data-e-type=\"widget\" data-widget_type=\"text-editor.default\">\n\t\t\t\t<div class=\"elementor-widget-container\">\n\t\t\t\t\t\t\t\t\t<p>Polityka ta koncentruje si\u0119 na zapewnieniu ochrony osobom zagro\u017conym w przypadku ich powrotu do kraju pochodzenia.<\/p><ul><li><strong>Wniosek o azyl:<\/strong>\u00a0Procedura ta rozpoczyna si\u0119, gdy osoba ubiega si\u0119 o azyl w Holandii. Mo\u017ce to mie\u0107 miejsce na granicy, na lotnisku lub w o\u015brodku dla os\u00f3b ubiegaj\u0105cych si\u0119 o azyl. Po z\u0142o\u017ceniu wniosku rozpoczyna si\u0119 dok\u0142adna ocena sytuacji osoby ubiegaj\u0105cej si\u0119 o azyl.<\/li><li><strong>Podstawy do ubiegania si\u0119 o azyl:<\/strong>\u00a0Najpierw rozpatrywane s\u0105 podstawy wniosku o azyl. Podstawy te mog\u0105 obejmowa\u0107 prze\u015bladowania polityczne, dyskryminacj\u0119 ze wzgl\u0119du na p\u0142e\u0107, orientacj\u0119 seksualn\u0105 lub religi\u0119. Kluczowe jest, aby osoba ubiegaj\u0105ca si\u0119 o azyl dostarczy\u0142a szczeg\u00f3\u0142owych i uczciwych informacji na temat swojego pochodzenia i zagro\u017ce\u0144, na jakie jest nara\u017cona w kraju pochodzenia.<\/li><li><strong>Ocena wiarygodno\u015bci:<\/strong>\u00a0Opr\u00f3cz zbadania przyczyn ubiegania si\u0119 o azyl, przeprowadzane s\u0105 wywiady w celu oceny wiarygodno\u015bci historii osoby ubiegaj\u0105cej si\u0119 o azyl. Proces ten mo\u017ce zaj\u0105\u0107 troch\u0119 czasu, poniewa\u017c bardzo wa\u017cne jest dok\u0142adne zrozumienie sytuacji danej osoby.<\/li><li><strong>Dzia\u0142ania prawne:<\/strong>\u00a0Ponadto w celu prawid\u0142owego rozpatrzenia wniosku podejmowane s\u0105 odpowiednie kroki prawne. Osoby ubiegaj\u0105ce si\u0119 o azyl maj\u0105 r\u00f3wnie\u017c mo\u017cliwo\u015b\u0107 zakwestionowania decyzji, je\u015bli nie zgadzaj\u0105 si\u0119 z wynikiem ich wniosku. Mo\u017cna to zrobi\u0107 po prostu poprzez z\u0142o\u017cenie zawiadomienia o sprzeciwie zawieraj\u0105cego jasne argumenty, dlaczego nie zgadzaj\u0105 si\u0119 Pa\u0144stwo z wynikiem.<\/li><\/ul>\t\t\t\t\t\t\t\t<\/div>\n\t\t\t\t<\/div>\n\t\t\t\t<div class=\"elementor-element elementor-element-adb87e8 elementor-widget elementor-widget-spacer\" data-id=\"adb87e8\" data-element_type=\"widget\" data-e-type=\"widget\" data-widget_type=\"spacer.default\">\n\t\t\t\t<div class=\"elementor-widget-container\">\n\t\t\t\t\t\t\t<div class=\"elementor-spacer\">\n\t\t\t<div class=\"elementor-spacer-inner\"><\/div>\n\t\t<\/div>\n\t\t\t\t\t\t<\/div>\n\t\t\t\t<\/div>\n\t\t\t\t<div class=\"elementor-element elementor-element-158756c elementor-widget elementor-widget-heading\" data-id=\"158756c\" data-element_type=\"widget\" data-e-type=\"widget\" data-widget_type=\"heading.default\">\n\t\t\t\t<div class=\"elementor-widget-container\">\n\t\t\t\t\t<h3 class=\"elementor-heading-title elementor-size-default\">Holenderski prawnik specjalizuj\u0105cy si\u0119 w sprawach azylowych <\/h3>\t\t\t\t<\/div>\n\t\t\t\t<\/div>\n\t\t\t\t<div class=\"elementor-element elementor-element-2a105bb color-scheme-inherit text-left elementor-widget elementor-widget-text-editor\" data-id=\"2a105bb\" data-element_type=\"widget\" data-e-type=\"widget\" data-widget_type=\"text-editor.default\">\n\t\t\t\t<div class=\"elementor-widget-container\">\n\t\t\t\t\t\t\t\t\t<p>Proces ubiegania si\u0119 o azyl mo\u017ce by\u0107 do\u015b\u0107 skomplikowany. Obejmuje on wiele zasad i przepis\u00f3w, kt\u00f3rych nale\u017cy \u015bci\u015ble przestrzega\u0107. Dlatego te\u017c rozs\u0105dnie jest zatrudni\u0107 do\u015bwiadczonego prawnika.<\/p><p>The <a href=\"https:\/\/www.derbedrosian.nl\/pl\/prawnicy-2\/\">do\u015bwiadczeni prawnicy<\/a> kancelarii der Bedrosian specjalizuj\u0105 si\u0119 w <a href=\"https:\/\/www.derbedrosian.nl\/pl\/jurysdykcje\/prawo-azylowe\/\">prawo azylowe<\/a> i dlatego mo\u017ce pom\u00f3c Pa\u0144stwu na wiele sposob\u00f3w<\/p><p>Ponadto prawnicy mog\u0105 poinformowa\u0107 Pa\u0144stwa o przys\u0142uguj\u0105cych Pa\u0144stwu prawach. Mog\u0105 r\u00f3wnie\u017c przygotowa\u0107 Pa\u0144stwa na pytania, kt\u00f3rych mog\u0105 si\u0119 Pa\u0144stwo spodziewa\u0107. W razie problem\u00f3w, prawnicy mog\u0105 porozmawia\u0107 z osobami, kt\u00f3re decyduj\u0105 o przyznaniu azylu.<\/p>\t\t\t\t\t\t\t\t<\/div>\n\t\t\t\t<\/div>\n\t\t\t\t\t<\/div>\n\t\t\t\t<\/div>\n\t\t\t\t<\/div>","protected":false},"excerpt":{"rendered":"<p>Okre\u015blenie orientacji seksualnej i prawo azylowe prawo azylowe prawnik enschede prawo azylowe prawnik overijssel prawo azylowe enschede prawnik enschede prawo azylowe holenderskie wnioski o azyl To<\/p>","protected":false},"author":1,"featured_media":0,"parent":10757,"menu_order":0,"comment_status":"closed","ping_status":"closed","template":"","meta":{"footnotes":""},"class_list":["post-10779","page","type-page","status-publish","hentry"],"_links":{"self":[{"href":"https:\/\/www.derbedrosian.nl\/pl\/wp-json\/wp\/v2\/pages\/10779","targetHints":{"allow":["GET"]}}],"collection":[{"href":"https:\/\/www.derbedrosian.nl\/pl\/wp-json\/wp\/v2\/pages"}],"about":[{"href":"https:\/\/www.derbedrosian.nl\/pl\/wp-json\/wp\/v2\/types\/page"}],"author":[{"embeddable":true,"href":"https:\/\/www.derbedrosian.nl\/pl\/wp-json\/wp\/v2\/users\/1"}],"replies":[{"embeddable":true,"href":"https:\/\/www.derbedrosian.nl\/pl\/wp-json\/wp\/v2\/comments?post=10779"}],"version-history":[{"count":0,"href":"https:\/\/www.derbedrosian.nl\/pl\/wp-json\/wp\/v2\/pages\/10779\/revisions"}],"up":[{"embeddable":true,"href":"https:\/\/www.derbedrosian.nl\/pl\/wp-json\/wp\/v2\/pages\/10757"}],"wp:attachment":[{"href":"https:\/\/www.derbedrosian.nl\/pl\/wp-json\/wp\/v2\/media?parent=10779"}],"curies":[{"name":"wp","href":"https:\/\/api.w.org\/{rel}","templated":true}]}}