{"id":10727,"date":"2023-05-26T16:55:34","date_gmt":"2023-05-26T14:55:34","guid":{"rendered":"https:\/\/derbedrosian.nl\/?page_id=10727"},"modified":"2025-12-21T16:12:09","modified_gmt":"2025-12-21T14:12:09","slug":"zatrzymanie-imigracyjne","status":"publish","type":"page","link":"https:\/\/www.derbedrosian.nl\/pl\/rechtsgebieden\/vreemdelingenrecht\/vreemdelingenbewaring\/","title":{"rendered":"Zatrzymanie imigracyjne"},"content":{"rendered":"<div data-elementor-type=\"wp-page\" data-elementor-id=\"10727\" class=\"elementor elementor-10727\" data-elementor-post-type=\"page\">\n\t\t\t\t<div class=\"wd-negative-gap elementor-element elementor-element-dbfc251 e-flex e-con-boxed e-con e-parent\" data-id=\"dbfc251\" data-element_type=\"container\" data-e-type=\"container\">\n\t\t\t\t\t<div class=\"e-con-inner\">\n\t\t\t\t<div class=\"elementor-element elementor-element-bf87fe9 elementor-hidden-desktop elementor-hidden-tablet elementor-hidden-mobile elementor-widget elementor-widget-wd_image_or_svg\" data-id=\"bf87fe9\" data-element_type=\"widget\" data-e-type=\"widget\" id=\"seo-word\" data-widget_type=\"wd_image_or_svg.default\">\n\t\t\t\t<div class=\"elementor-widget-container\">\n\t\t\t\t\t\n\t\t<div class=\"wd-image text-left\">\n\t\t\t\t\t\t\t\t<img loading=\"lazy\" decoding=\"async\" width=\"1000\" height=\"667\" src=\"https:\/\/www.derbedrosian.nl\/wp-content\/uploads\/rechtsgebied-vreemdelingenbewaring.jpg\" class=\"attachment-full size-full\" alt=\"zatrzymanie imigracyjne prawnik prawo imigracyjne ind IND procedura zawiadomienie o sprzeciwie\" srcset=\"https:\/\/www.derbedrosian.nl\/wp-content\/uploads\/rechtsgebied-vreemdelingenbewaring.jpg 1000w, https:\/\/www.derbedrosian.nl\/wp-content\/uploads\/rechtsgebied-vreemdelingenbewaring-400x267.jpg 400w, https:\/\/www.derbedrosian.nl\/wp-content\/uploads\/rechtsgebied-vreemdelingenbewaring-768x512.jpg 768w\" sizes=\"auto, (max-width: 1000px) 100vw, 1000px\" title=\"\">\t\t\t\t\t<\/div>\n\n\t\t\t\t\t\t<\/div>\n\t\t\t\t<\/div>\n\t\t\t\t<div class=\"elementor-element elementor-element-de0b22f elementor-hidden-desktop elementor-hidden-tablet elementor-hidden-mobile elementor-widget elementor-widget-heading\" data-id=\"de0b22f\" data-element_type=\"widget\" data-e-type=\"widget\" id=\"seo-word\" data-widget_type=\"heading.default\">\n\t\t\t\t<div class=\"elementor-widget-container\">\n\t\t\t\t\t<h2 class=\"elementor-heading-title elementor-size-default\">prawo imigracyjne<\/h2>\t\t\t\t<\/div>\n\t\t\t\t<\/div>\n\t\t\t\t<div class=\"elementor-element elementor-element-a0df7e7 elementor-hidden-desktop elementor-hidden-tablet elementor-hidden-mobile elementor-widget elementor-widget-heading\" data-id=\"a0df7e7\" data-element_type=\"widget\" data-e-type=\"widget\" id=\"seo-word\" data-widget_type=\"heading.default\">\n\t\t\t\t<div class=\"elementor-widget-container\">\n\t\t\t\t\t<h5 class=\"elementor-heading-title elementor-size-default\">o\u015brodki zatrzyma\u0144<\/h5>\t\t\t\t<\/div>\n\t\t\t\t<\/div>\n\t\t\t\t<div class=\"elementor-element elementor-element-6cd189c elementor-hidden-desktop elementor-hidden-tablet elementor-hidden-mobile elementor-widget elementor-widget-heading\" data-id=\"6cd189c\" data-element_type=\"widget\" data-e-type=\"widget\" id=\"seo-word\" data-widget_type=\"heading.default\">\n\t\t\t\t<div class=\"elementor-widget-container\">\n\t\t\t\t\t<h5 class=\"elementor-heading-title elementor-size-default\">procedura zatrzymania imigracyjnego<\/h5>\t\t\t\t<\/div>\n\t\t\t\t<\/div>\n\t\t\t\t<div class=\"elementor-element elementor-element-2aca1c1 elementor-hidden-desktop elementor-hidden-tablet elementor-hidden-mobile elementor-widget elementor-widget-heading\" data-id=\"2aca1c1\" data-element_type=\"widget\" data-e-type=\"widget\" id=\"seo-word\" data-widget_type=\"heading.default\">\n\t\t\t\t<div class=\"elementor-widget-container\">\n\t\t\t\t\t<h5 class=\"elementor-heading-title elementor-size-default\">Czym jest areszt imigracyjny?<\/h5>\t\t\t\t<\/div>\n\t\t\t\t<\/div>\n\t\t\t\t<div class=\"elementor-element elementor-element-263ceb7 elementor-hidden-desktop elementor-hidden-tablet elementor-hidden-mobile elementor-widget elementor-widget-heading\" data-id=\"263ceb7\" data-element_type=\"widget\" data-e-type=\"widget\" id=\"seo-word\" data-widget_type=\"heading.default\">\n\t\t\t\t<div class=\"elementor-widget-container\">\n\t\t\t\t\t<h5 class=\"elementor-heading-title elementor-size-default\">return and immigration detention act rozporz\u0105dzenia tekst \u017ar\u00f3d\u0142owy edytuj tekst \u017ar\u00f3d\u0142owy<\/h5>\t\t\t\t<\/div>\n\t\t\t\t<\/div>\n\t\t\t\t<div class=\"elementor-element elementor-element-3400175 elementor-hidden-desktop elementor-hidden-tablet elementor-hidden-mobile elementor-widget elementor-widget-heading\" data-id=\"3400175\" data-element_type=\"widget\" data-e-type=\"widget\" id=\"seo-word\" data-widget_type=\"heading.default\">\n\t\t\t\t<div class=\"elementor-widget-container\">\n\t\t\t\t\t<h5 class=\"elementor-heading-title elementor-size-default\">prawo imigracyjne adwokat enschede<\/h5>\t\t\t\t<\/div>\n\t\t\t\t<\/div>\n\t\t\t\t<div class=\"elementor-element elementor-element-2fbf4f8 elementor-hidden-desktop elementor-hidden-tablet elementor-hidden-mobile elementor-widget elementor-widget-heading\" data-id=\"2fbf4f8\" data-element_type=\"widget\" data-e-type=\"widget\" id=\"seo-word\" data-widget_type=\"heading.default\">\n\t\t\t\t<div class=\"elementor-widget-container\">\n\t\t\t\t\t<h5 class=\"elementor-heading-title elementor-size-default\">prawo imigracyjne adwokat overijssel<\/h5>\t\t\t\t<\/div>\n\t\t\t\t<\/div>\n\t\t\t\t<div class=\"elementor-element elementor-element-1927f21 elementor-hidden-desktop elementor-hidden-tablet elementor-hidden-mobile elementor-widget elementor-widget-heading\" data-id=\"1927f21\" data-element_type=\"widget\" data-e-type=\"widget\" id=\"seo-word\" data-widget_type=\"heading.default\">\n\t\t\t\t<div class=\"elementor-widget-container\">\n\t\t\t\t\t<h5 class=\"elementor-heading-title elementor-size-default\">prawo cudzoziemc\u00f3w enschede<\/h5>\t\t\t\t<\/div>\n\t\t\t\t<\/div>\n\t\t\t\t<div class=\"elementor-element elementor-element-cf98bea elementor-hidden-desktop elementor-hidden-tablet elementor-hidden-mobile elementor-widget elementor-widget-heading\" data-id=\"cf98bea\" data-element_type=\"widget\" data-e-type=\"widget\" id=\"seo-word\" data-widget_type=\"heading.default\">\n\t\t\t\t<div class=\"elementor-widget-container\">\n\t\t\t\t\t<h5 class=\"elementor-heading-title elementor-size-default\">adwokat enschede prawo cudzoziemc\u00f3w<\/h5>\t\t\t\t<\/div>\n\t\t\t\t<\/div>\n\t\t\t\t<div class=\"elementor-element elementor-element-c13de8e elementor-hidden-desktop elementor-hidden-tablet elementor-hidden-mobile elementor-widget elementor-widget-heading\" data-id=\"c13de8e\" data-element_type=\"widget\" data-e-type=\"widget\" id=\"seo-word\" data-widget_type=\"heading.default\">\n\t\t\t\t<div class=\"elementor-widget-container\">\n\t\t\t\t\t<h5 class=\"elementor-heading-title elementor-size-default\">niezgodne z prawem w holandii<\/h5>\t\t\t\t<\/div>\n\t\t\t\t<\/div>\n\t\t\t\t<div class=\"elementor-element elementor-element-b205c34 elementor-widget elementor-widget-heading\" data-id=\"b205c34\" data-element_type=\"widget\" data-e-type=\"widget\" data-widget_type=\"heading.default\">\n\t\t\t\t<div class=\"elementor-widget-container\">\n\t\t\t\t\t<h3 class=\"elementor-heading-title elementor-size-default\">Kiedy m\u00f3wimy o zatrzymaniu imigrant\u00f3w?<\/h3>\t\t\t\t<\/div>\n\t\t\t\t<\/div>\n\t\t\t\t<div class=\"elementor-element elementor-element-861d1dd color-scheme-inherit text-left elementor-widget elementor-widget-text-editor\" data-id=\"861d1dd\" data-element_type=\"widget\" data-e-type=\"widget\" data-widget_type=\"text-editor.default\">\n\t\t\t\t<div class=\"elementor-widget-container\">\n\t\t\t\t\t\t\t\t\t<p>Zatrzymanie imigracyjne jest \u015brodkiem prawnym stosowanym wobec cudzoziemca, kt\u00f3ry nie posiada ju\u017c wa\u017cnego zezwolenia na pobyt w Holandii. W rezultacie cudzoziemiec zostanie umieszczony w o\u015brodku detencyjnym. Mo\u017ce to mie\u0107 r\u00f3\u017cne przyczyny, takie jak wyga\u015bni\u0119cie lub cofni\u0119cie zezwolenia lub niespe\u0142nienie wymog\u00f3w dotycz\u0105cych pobytu.\u00a0<\/p><p><span style=\"color: var(--wd-text-color); font-size: 17.6px; letter-spacing: var( --e-global-typography-text-letter-spacing ); text-transform: var( --e-global-typography-text-text-transform ); word-spacing: var( --e-global-typography-text-word-spacing );\">Podczas tego procesu prawa danej osoby s\u0105 starannie przestrzegane, w tym prawo do reprezentacji prawnej i prawo do sprzeciwu wobec zatrzymania.<\/span><\/p>\t\t\t\t\t\t\t\t<\/div>\n\t\t\t\t<\/div>\n\t\t\t\t<div class=\"elementor-element elementor-element-9e935c8 elementor-widget elementor-widget-spacer\" data-id=\"9e935c8\" data-element_type=\"widget\" data-e-type=\"widget\" data-widget_type=\"spacer.default\">\n\t\t\t\t<div class=\"elementor-widget-container\">\n\t\t\t\t\t\t\t<div class=\"elementor-spacer\">\n\t\t\t<div class=\"elementor-spacer-inner\"><\/div>\n\t\t<\/div>\n\t\t\t\t\t\t<\/div>\n\t\t\t\t<\/div>\n\t\t\t\t<div class=\"elementor-element elementor-element-506a64c elementor-widget elementor-widget-heading\" data-id=\"506a64c\" data-element_type=\"widget\" data-e-type=\"widget\" data-widget_type=\"heading.default\">\n\t\t\t\t<div class=\"elementor-widget-container\">\n\t\t\t\t\t<h3 class=\"elementor-heading-title elementor-size-default\">Jaki jest cel \"zatrzymania nieznajomego\"?<\/h3>\t\t\t\t<\/div>\n\t\t\t\t<\/div>\n\t\t\t\t<div class=\"elementor-element elementor-element-128cb4f color-scheme-inherit text-left elementor-widget elementor-widget-text-editor\" data-id=\"128cb4f\" data-element_type=\"widget\" data-e-type=\"widget\" data-widget_type=\"text-editor.default\">\n\t\t\t\t<div class=\"elementor-widget-container\">\n\t\t\t\t\t\t\t\t\t<p>G\u0142\u00f3wnym celem aresztu imigracyjnego jest uniemo\u017cliwienie danej osobie stawiania oporu przed deportacj\u0105. Nie jest to postrzegane jako kara, ale raczej \u015brodek maj\u0105cy na celu zapewnienie, \u017ce dana osoba pozostaje dost\u0119pna do planowanego powrotu do kraju pochodzenia. \u015arodek ten opiera si\u0119 na za\u0142o\u017ceniu, \u017ce dana osoba nie mo\u017ce ju\u017c legalnie przebywa\u0107 w Holandii, co mo\u017ce wynika\u0107 na przyk\u0142ad z niewa\u017cnego zezwolenia na pobyt. Zatrzymanie imigracyjne jest zatem stosowane w celu zapewnienia zgodno\u015bci z obowi\u0105zuj\u0105cymi przepisami imigracyjnymi i umo\u017cliwienia uporz\u0105dkowanej deportacji.<\/p>\t\t\t\t\t\t\t\t<\/div>\n\t\t\t\t<\/div>\n\t\t\t\t<div class=\"elementor-element elementor-element-e582d9e elementor-widget elementor-widget-spacer\" data-id=\"e582d9e\" data-element_type=\"widget\" data-e-type=\"widget\" data-widget_type=\"spacer.default\">\n\t\t\t\t<div class=\"elementor-widget-container\">\n\t\t\t\t\t\t\t<div class=\"elementor-spacer\">\n\t\t\t<div class=\"elementor-spacer-inner\"><\/div>\n\t\t<\/div>\n\t\t\t\t\t\t<\/div>\n\t\t\t\t<\/div>\n\t\t\t\t<div class=\"elementor-element elementor-element-ba5e27f elementor-widget elementor-widget-heading\" data-id=\"ba5e27f\" data-element_type=\"widget\" data-e-type=\"widget\" data-widget_type=\"heading.default\">\n\t\t\t\t<div class=\"elementor-widget-container\">\n\t\t\t\t\t<h3 class=\"elementor-heading-title elementor-size-default\">Procedura zatrzymania imigracyjnego ind<\/h3>\t\t\t\t<\/div>\n\t\t\t\t<\/div>\n\t\t\t\t<div class=\"elementor-element elementor-element-a49a196 color-scheme-inherit text-left elementor-widget elementor-widget-text-editor\" data-id=\"a49a196\" data-element_type=\"widget\" data-e-type=\"widget\" data-widget_type=\"text-editor.default\">\n\t\t\t\t<div class=\"elementor-widget-container\">\n\t\t\t\t\t\t\t\t\t<p>Procedura zatrzymania imigracyjnego sk\u0142ada si\u0119 z wielu etap\u00f3w. Poni\u017cej przedstawiamy Pa\u0144stwu og\u00f3lny proces.<\/p><ul><li><strong>Prawnik:<\/strong> Po umieszczeniu Pana\/Pani w areszcie imigracyjnym zostanie Panu\/Pani przydzielony prawnik, kt\u00f3ry udzieli Panu\/Pani pomocy prawnej. Prawnik ten natychmiast rozpocznie przygotowywanie Pa\u0144stwa odwo\u0142ania.<\/li><li><strong>Z\u0142o\u017cenie zawiadomienia o odwo\u0142aniu:<\/strong>\u00a0Wyznaczony przez Pana\/Pani\u0105 prawnik rozpocznie procedur\u0119, sk\u0142adaj\u0105c zawiadomienie o odwo\u0142aniu drog\u0105 cyfrow\u0105 za po\u015brednictwem platformy \"My Judiciary\". Odwo\u0142anie to jest oficjalnym dokumentem prawnym rejestruj\u0105cym Pa\u0144stwa zastrze\u017cenia dotycz\u0105ce zatrzymania imigracyjnego.<\/li><li><strong>Siedzenie:<\/strong>\u00a0W ci\u0105gu 14 dni od z\u0142o\u017cenia zawiadomienia o apelacji s\u0105d wy\u015ble wezwanie do Pana adwokata. Poniewa\u017c przebywa Pan\/Pani w areszcie, nie uda si\u0119 Pan\/Pani do s\u0105du na w\u0142asn\u0105 r\u0119k\u0119. Zostanie Pan\/Pani odprowadzony do s\u0105du, gdzie Pana\/Pani sprawa zostanie rozpatrzona.<\/li><li><strong>Werdykt:<\/strong>\u00a0Po rozprawie s\u0119dzia wyda orzeczenie. Je\u015bli s\u0119dzia zdecyduje si\u0119 uwzgl\u0119dni\u0107 Pana\/Pani odwo\u0142anie, oznacza to, \u017ce s\u0119dzia przyzna\u0142 Panu\/Pani racj\u0119. W takim przypadku s\u0119dzia zniesie \u015brodek w postaci aresztu imigracyjnego, co oznacza, \u017ce nie b\u0119dzie ju\u017c Pan\/Pani zatrzymany\/a. Je\u015bli jednak s\u0119dzia zdecyduje si\u0119 uzna\u0107 Pana\/Pani odwo\u0142anie za bezzasadne, pozostanie Pan\/Pani zatrzymany\/a, a \u015brodek w postaci aresztu imigracyjnego pozostanie w mocy.<\/li><li><strong>Apelacja uzupe\u0142niaj\u0105ca:<\/strong>\u00a0Wa\u017cne jest, aby wiedzie\u0107, \u017ce zawsze ma Pan\/Pani prawo do odwo\u0142ania si\u0119 od decyzji o przed\u0142u\u017ceniu aresztu imigracyjnego. Jest to znane jako z\u0142o\u017cenie odwo\u0142ania uzupe\u0142niaj\u0105cego. Pa\u0144stwa prawnik ponownie z\u0142o\u017cy odwo\u0142anie, w kt\u00f3rym wska\u017ce, dlaczego zatrzymanie powinno zosta\u0107 uznane za niezgodne z prawem.<\/li><li><strong>Odwo\u0142anie:<\/strong> Zar\u00f3wno Pan\/Pani, jak i Urz\u0105d Imigracyjny i Naturalizacyjny (IND) maj\u0105 mo\u017cliwo\u015b\u0107 z\u0142o\u017cenia odwo\u0142ania. Odwo\u0142anie to jest rozpatrywane przez Wydzia\u0142 Prawa Administracyjnego Rady Stanu, wysoki organ s\u0105dowy. Tutaj Pana\/Pani sprawa jest ponownie oceniana na podstawie argument\u00f3w prawnych i dowod\u00f3w.<\/li><\/ul>\t\t\t\t\t\t\t\t<\/div>\n\t\t\t\t<\/div>\n\t\t\t\t<div class=\"elementor-element elementor-element-f831bae elementor-widget elementor-widget-spacer\" data-id=\"f831bae\" data-element_type=\"widget\" data-e-type=\"widget\" data-widget_type=\"spacer.default\">\n\t\t\t\t<div class=\"elementor-widget-container\">\n\t\t\t\t\t\t\t<div class=\"elementor-spacer\">\n\t\t\t<div class=\"elementor-spacer-inner\"><\/div>\n\t\t<\/div>\n\t\t\t\t\t\t<\/div>\n\t\t\t\t<\/div>\n\t\t\t\t<div class=\"elementor-element elementor-element-a0161b8 elementor-widget elementor-widget-heading\" data-id=\"a0161b8\" data-element_type=\"widget\" data-e-type=\"widget\" data-widget_type=\"heading.default\">\n\t\t\t\t<div class=\"elementor-widget-container\">\n\t\t\t\t\t<h3 class=\"elementor-heading-title elementor-size-default\">Prawnik zajmuj\u0105cy si\u0119 zatrzymaniami imigracyjnymi<\/h3>\t\t\t\t<\/div>\n\t\t\t\t<\/div>\n\t\t\t\t<div class=\"elementor-element elementor-element-8c43dd1 color-scheme-inherit text-left elementor-widget elementor-widget-text-editor\" data-id=\"8c43dd1\" data-element_type=\"widget\" data-e-type=\"widget\" data-widget_type=\"text-editor.default\">\n\t\t\t\t<div class=\"elementor-widget-container\">\n\t\t\t\t\t\t\t\t\t<p>System prawny umo\u017cliwia Panu odwo\u0142anie si\u0119 od decyzji o zastosowaniu \u015brodka zabezpieczaj\u0105cego do s\u0105du. Jest to wa\u017cny krok w kierunku odzyskania przez Pana\/Pani\u0105 wolno\u015bci lub poprawy warunk\u00f3w zatrzymania.<\/p><p>The <a href=\"https:\/\/www.derbedrosian.nl\/pl\/prawnicy-2\/\">wyspecjalizowani prawnicy imigracyjni<\/a> kancelarii Der Bedrosian maj\u0105 do\u015bwiadczenie i wiedz\u0119 specjalistyczn\u0105 w pomaganiu klientom w takich sprawach. Przeprowadz\u0105 Pa\u0144stwa przez ca\u0142y proces prawny, od sk\u0142adania odwo\u0142a\u0144 po reprezentowanie sprawy w s\u0105dzie.<\/p><p>Prosz\u0119 skontaktowa\u0107 si\u0119 z nami ju\u017c dzi\u015b, a my zrobimy wszystko, co w naszej mocy, aby pom\u00f3c Pa\u0144stwu w tym procesie.<\/p>\t\t\t\t\t\t\t\t<\/div>\n\t\t\t\t<\/div>\n\t\t\t\t\t<\/div>\n\t\t\t\t<\/div>\n\t\t\t\t<\/div>","protected":false},"excerpt":{"rendered":"<p>vreemdelingenrecht detentiecentra procedure vreemdelingenbewaring Wat is een vreemdelingenbewaring? wet terugkeer en vreemdelingenbewaring van de regeling brontekst bewerken brontekst vreemdelingenrecht advocaat<\/p>","protected":false},"author":1,"featured_media":0,"parent":10627,"menu_order":0,"comment_status":"closed","ping_status":"closed","template":"","meta":{"footnotes":""},"class_list":["post-10727","page","type-page","status-publish","hentry"],"_links":{"self":[{"href":"https:\/\/www.derbedrosian.nl\/pl\/wp-json\/wp\/v2\/pages\/10727","targetHints":{"allow":["GET"]}}],"collection":[{"href":"https:\/\/www.derbedrosian.nl\/pl\/wp-json\/wp\/v2\/pages"}],"about":[{"href":"https:\/\/www.derbedrosian.nl\/pl\/wp-json\/wp\/v2\/types\/page"}],"author":[{"embeddable":true,"href":"https:\/\/www.derbedrosian.nl\/pl\/wp-json\/wp\/v2\/users\/1"}],"replies":[{"embeddable":true,"href":"https:\/\/www.derbedrosian.nl\/pl\/wp-json\/wp\/v2\/comments?post=10727"}],"version-history":[{"count":0,"href":"https:\/\/www.derbedrosian.nl\/pl\/wp-json\/wp\/v2\/pages\/10727\/revisions"}],"up":[{"embeddable":true,"href":"https:\/\/www.derbedrosian.nl\/pl\/wp-json\/wp\/v2\/pages\/10627"}],"wp:attachment":[{"href":"https:\/\/www.derbedrosian.nl\/pl\/wp-json\/wp\/v2\/media?parent=10727"}],"curies":[{"name":"wp","href":"https:\/\/api.w.org\/{rel}","templated":true}]}}