{"id":10717,"date":"2023-05-26T16:50:04","date_gmt":"2023-05-26T14:50:04","guid":{"rendered":"https:\/\/derbedrosian.nl\/?page_id=10717"},"modified":"2025-12-21T16:08:47","modified_gmt":"2025-12-21T14:08:47","slug":"dokument-pobytowy-osoby-prowadzacej-dzialalnosc-na-wlasny-rachunek","status":"publish","type":"page","link":"https:\/\/www.derbedrosian.nl\/pl\/rechtsgebieden\/vreemdelingenrecht\/verblijfsvergunning-zelfstandige-ondernemer\/","title":{"rendered":"Dokument pobytowy dla przedsi\u0119biorcy prowadz\u0105cego dzia\u0142alno\u015b\u0107 na w\u0142asny rachunek"},"content":{"rendered":"<div data-elementor-type=\"wp-page\" data-elementor-id=\"10717\" class=\"elementor elementor-10717\" data-elementor-post-type=\"page\">\n\t\t\t\t<div class=\"wd-negative-gap elementor-element elementor-element-88bd715 e-flex e-con-boxed e-con e-parent\" data-id=\"88bd715\" data-element_type=\"container\" data-e-type=\"container\">\n\t\t\t\t\t<div class=\"e-con-inner\">\n\t\t\t\t<div class=\"elementor-element elementor-element-d086250 elementor-hidden-desktop elementor-hidden-tablet elementor-hidden-mobile elementor-widget elementor-widget-wd_image_or_svg\" data-id=\"d086250\" data-element_type=\"widget\" data-e-type=\"widget\" id=\"seo-word\" data-widget_type=\"wd_image_or_svg.default\">\n\t\t\t\t<div class=\"elementor-widget-container\">\n\t\t\t\t\t\n\t\t<div class=\"wd-image text-left\">\n\t\t\t\t\t\t\t\t<img loading=\"lazy\" decoding=\"async\" width=\"1000\" height=\"667\" src=\"https:\/\/www.derbedrosian.nl\/wp-content\/uploads\/rechtsgebied-verblijfsvergunning-zelfstandige-ondernemer.jpg\" class=\"attachment-full size-full\" alt=\"prosz\u0119 z\u0142o\u017cy\u0107 wniosek o zezwolenie na pobyt osoba prowadz\u0105ca dzia\u0142alno\u015b\u0107 na w\u0142asny rachunek i prawnik prawo cudzoziemc\u00f3w\" srcset=\"https:\/\/www.derbedrosian.nl\/wp-content\/uploads\/rechtsgebied-verblijfsvergunning-zelfstandige-ondernemer.jpg 1000w, https:\/\/www.derbedrosian.nl\/wp-content\/uploads\/rechtsgebied-verblijfsvergunning-zelfstandige-ondernemer-400x267.jpg 400w, https:\/\/www.derbedrosian.nl\/wp-content\/uploads\/rechtsgebied-verblijfsvergunning-zelfstandige-ondernemer-768x512.jpg 768w\" sizes=\"auto, (max-width: 1000px) 100vw, 1000px\" title=\"\">\t\t\t\t\t<\/div>\n\n\t\t\t\t\t\t<\/div>\n\t\t\t\t<\/div>\n\t\t\t\t<div class=\"elementor-element elementor-element-8756ea9 elementor-hidden-desktop elementor-hidden-tablet elementor-hidden-mobile elementor-widget elementor-widget-heading\" data-id=\"8756ea9\" data-element_type=\"widget\" data-e-type=\"widget\" id=\"seo-word\" data-widget_type=\"heading.default\">\n\t\t\t\t<div class=\"elementor-widget-container\">\n\t\t\t\t\t<h2 class=\"elementor-heading-title elementor-size-default\">prawo imigracyjne<\/h2>\t\t\t\t<\/div>\n\t\t\t\t<\/div>\n\t\t\t\t<div class=\"elementor-element elementor-element-cc89742 elementor-hidden-desktop elementor-hidden-tablet elementor-hidden-mobile elementor-widget elementor-widget-heading\" data-id=\"cc89742\" data-element_type=\"widget\" data-e-type=\"widget\" id=\"seo-word\" data-widget_type=\"heading.default\">\n\t\t\t\t<div class=\"elementor-widget-container\">\n\t\t\t\t\t<h5 class=\"elementor-heading-title elementor-size-default\">ubieganie si\u0119 o zezwolenie na pobyt w celu samozatrudnienia<\/h5>\t\t\t\t<\/div>\n\t\t\t\t<\/div>\n\t\t\t\t<div class=\"elementor-element elementor-element-bc46928 elementor-hidden-desktop elementor-hidden-tablet elementor-hidden-mobile elementor-widget elementor-widget-heading\" data-id=\"bc46928\" data-element_type=\"widget\" data-e-type=\"widget\" id=\"seo-word\" data-widget_type=\"heading.default\">\n\t\t\t\t<div class=\"elementor-widget-container\">\n\t\t\t\t\t<h5 class=\"elementor-heading-title elementor-size-default\">ind dokument pobytowy osoba prowadz\u0105ca dzia\u0142alno\u015b\u0107 na w\u0142asny rachunek<\/h5>\t\t\t\t<\/div>\n\t\t\t\t<\/div>\n\t\t\t\t<div class=\"elementor-element elementor-element-14ad2ae elementor-hidden-desktop elementor-hidden-tablet elementor-hidden-mobile elementor-widget elementor-widget-heading\" data-id=\"14ad2ae\" data-element_type=\"widget\" data-e-type=\"widget\" id=\"seo-word\" data-widget_type=\"heading.default\">\n\t\t\t\t<div class=\"elementor-widget-container\">\n\t\t\t\t\t<h5 class=\"elementor-heading-title elementor-size-default\">system punktowy<\/h5>\t\t\t\t<\/div>\n\t\t\t\t<\/div>\n\t\t\t\t<div class=\"elementor-element elementor-element-4efe020 elementor-hidden-desktop elementor-hidden-tablet elementor-hidden-mobile elementor-widget elementor-widget-heading\" data-id=\"4efe020\" data-element_type=\"widget\" data-e-type=\"widget\" id=\"seo-word\" data-widget_type=\"heading.default\">\n\t\t\t\t<div class=\"elementor-widget-container\">\n\t\t\t\t\t<h5 class=\"elementor-heading-title elementor-size-default\">prawo imigracyjne adwokat enschede<\/h5>\t\t\t\t<\/div>\n\t\t\t\t<\/div>\n\t\t\t\t<div class=\"elementor-element elementor-element-8097bb2 elementor-hidden-desktop elementor-hidden-tablet elementor-hidden-mobile elementor-widget elementor-widget-heading\" data-id=\"8097bb2\" data-element_type=\"widget\" data-e-type=\"widget\" id=\"seo-word\" data-widget_type=\"heading.default\">\n\t\t\t\t<div class=\"elementor-widget-container\">\n\t\t\t\t\t<h5 class=\"elementor-heading-title elementor-size-default\">prawo imigracyjne adwokat overijssel<\/h5>\t\t\t\t<\/div>\n\t\t\t\t<\/div>\n\t\t\t\t<div class=\"elementor-element elementor-element-873cf86 elementor-hidden-desktop elementor-hidden-tablet elementor-hidden-mobile elementor-widget elementor-widget-heading\" data-id=\"873cf86\" data-element_type=\"widget\" data-e-type=\"widget\" id=\"seo-word\" data-widget_type=\"heading.default\">\n\t\t\t\t<div class=\"elementor-widget-container\">\n\t\t\t\t\t<h5 class=\"elementor-heading-title elementor-size-default\">prawo cudzoziemc\u00f3w enschede<\/h5>\t\t\t\t<\/div>\n\t\t\t\t<\/div>\n\t\t\t\t<div class=\"elementor-element elementor-element-e56016a elementor-hidden-desktop elementor-hidden-tablet elementor-hidden-mobile elementor-widget elementor-widget-heading\" data-id=\"e56016a\" data-element_type=\"widget\" data-e-type=\"widget\" id=\"seo-word\" data-widget_type=\"heading.default\">\n\t\t\t\t<div class=\"elementor-widget-container\">\n\t\t\t\t\t<h5 class=\"elementor-heading-title elementor-size-default\">adwokat enschede prawo cudzoziemc\u00f3w<\/h5>\t\t\t\t<\/div>\n\t\t\t\t<\/div>\n\t\t\t\t<div class=\"elementor-element elementor-element-ec191a7 elementor-hidden-desktop elementor-hidden-tablet elementor-hidden-mobile elementor-widget elementor-widget-heading\" data-id=\"ec191a7\" data-element_type=\"widget\" data-e-type=\"widget\" id=\"seo-word\" data-widget_type=\"heading.default\">\n\t\t\t\t<div class=\"elementor-widget-container\">\n\t\t\t\t\t<h5 class=\"elementor-heading-title elementor-size-default\">jako przedsi\u0119biorca zagraniczny za ustalon\u0105 cen\u0119 oraz prawo przywileju prawnego do przeniesienia<\/h5>\t\t\t\t<\/div>\n\t\t\t\t<\/div>\n\t\t\t\t<div class=\"elementor-element elementor-element-5740c84 elementor-hidden-desktop elementor-hidden-tablet elementor-hidden-mobile elementor-widget elementor-widget-heading\" data-id=\"5740c84\" data-element_type=\"widget\" data-e-type=\"widget\" id=\"seo-word\" data-widget_type=\"heading.default\">\n\t\t\t\t<div class=\"elementor-widget-container\">\n\t\t\t\t\t<h5 class=\"elementor-heading-title elementor-size-default\">Ubieganie si\u0119 o pozwolenie na pobyt jako osoba samozatrudniona w Holandii jest procedur\u0105 opart\u0105 na systemie punktowym. Urz\u0105d Imigracyjny i Naturalizacyjny (IND) ma okre\u015blone kryteria, kt\u00f3re musz\u0105 Pa\u0144stwo spe\u0142ni\u0107, aby zakwalifikowa\u0107 si\u0119 do uzyskania takiego zezwolenia na pobyt.\n\nPrawnicy Derbedrosian Aliens Lawyers w Enschede i Overijssel rozumiej\u0105, jak wa\u017cne jest prawid\u0142owe ubieganie si\u0119 o zezwolenie na pobyt jako osoba samozatrudniona i przestrzeganie systemu punktowego. Nasi wyspecjalizowani prawnicy imigracyjni mog\u0105 doradzi\u0107 i poprowadzi\u0107 Pa\u0144stwa przez ca\u0142y proces, aby upewni\u0107 si\u0119, \u017ce spe\u0142niaj\u0105 Pa\u0144stwo wymagania.\n\nNiezale\u017cnie od tego, czy s\u0105 Pa\u0144stwo w trakcie sk\u0142adania wniosku do IND, czy te\u017c chcieliby Pa\u0144stwo uzyska\u0107 wi\u0119cej informacji na temat systemu punktowego i wymaga\u0144 dotycz\u0105cych zezwolenia na pobyt jako niezale\u017cny przedsi\u0119biorca, prosimy o kontakt z Derbedrosian Immigration Lawyers. Jeste\u015bmy gotowi pom\u00f3c Pa\u0144stwu i zapewni\u0107, \u017ce Pa\u0144stwa wniosek spe\u0142nia wszystkie wymogi prawne, aby mogli Pa\u0144stwo pozosta\u0107 w Holandii jako samozatrudniony przedsi\u0119biorca.<\/h5>\t\t\t\t<\/div>\n\t\t\t\t<\/div>\n\t\t\t\t<div class=\"elementor-element elementor-element-6786bb8 elementor-widget elementor-widget-heading\" data-id=\"6786bb8\" data-element_type=\"widget\" data-e-type=\"widget\" data-widget_type=\"heading.default\">\n\t\t\t\t<div class=\"elementor-widget-container\">\n\t\t\t\t\t<h3 class=\"elementor-heading-title elementor-size-default\">Co nale\u017cy rozumie\u0107 przez \"samozatrudnionego przedsi\u0119biorc\u0119 posiadaj\u0105cego zezwolenie na pobyt\"?<\/h3>\t\t\t\t<\/div>\n\t\t\t\t<\/div>\n\t\t\t\t<div class=\"elementor-element elementor-element-38ba973 color-scheme-inherit text-left elementor-widget elementor-widget-text-editor\" data-id=\"38ba973\" data-element_type=\"widget\" data-e-type=\"widget\" data-widget_type=\"text-editor.default\">\n\t\t\t\t<div class=\"elementor-widget-container\">\n\t\t\t\t\t\t\t\t\t<p>\"Zezwolenie na pobyt dla os\u00f3b prowadz\u0105cych dzia\u0142alno\u015b\u0107 na w\u0142asny rachunek\" w Holandii to zezwolenie, kt\u00f3re daje zagranicznym przedsi\u0119biorcom prawo do zamieszkania tutaj i prowadzenia w\u0142asnej dzia\u0142alno\u015bci gospodarczej. Zezwolenie to ma na celu umo\u017cliwienie przedsi\u0119biorcom wniesienia wk\u0142adu w holendersk\u0105 gospodark\u0119 i innowacje. Aby zakwalifikowa\u0107 si\u0119 do tego zezwolenia, wnioskodawcy musz\u0105 spe\u0142ni\u0107 surowe warunki, w tym zdoby\u0107 punkty w systemie punktowym.<\/p>\t\t\t\t\t\t\t\t<\/div>\n\t\t\t\t<\/div>\n\t\t\t\t<div class=\"elementor-element elementor-element-789e398 elementor-widget elementor-widget-spacer\" data-id=\"789e398\" data-element_type=\"widget\" data-e-type=\"widget\" data-widget_type=\"spacer.default\">\n\t\t\t\t<div class=\"elementor-widget-container\">\n\t\t\t\t\t\t\t<div class=\"elementor-spacer\">\n\t\t\t<div class=\"elementor-spacer-inner\"><\/div>\n\t\t<\/div>\n\t\t\t\t\t\t<\/div>\n\t\t\t\t<\/div>\n\t\t\t\t<div class=\"elementor-element elementor-element-67f26fa elementor-widget elementor-widget-heading\" data-id=\"67f26fa\" data-element_type=\"widget\" data-e-type=\"widget\" data-widget_type=\"heading.default\">\n\t\t\t\t<div class=\"elementor-widget-container\">\n\t\t\t\t\t<h3 class=\"elementor-heading-title elementor-size-default\">Warunki zezwolenia na pobyt dla przedsi\u0119biorc\u00f3w prowadz\u0105cych dzia\u0142alno\u015b\u0107 na w\u0142asny rachunek<\/h3>\t\t\t\t<\/div>\n\t\t\t\t<\/div>\n\t\t\t\t<div class=\"elementor-element elementor-element-3a442a2 color-scheme-inherit text-left elementor-widget elementor-widget-text-editor\" data-id=\"3a442a2\" data-element_type=\"widget\" data-e-type=\"widget\" data-widget_type=\"text-editor.default\">\n\t\t\t\t<div class=\"elementor-widget-container\">\n\t\t\t\t\t\t\t\t\t<p>Aby kwalifikowa\u0107 si\u0119 do uzyskania zezwolenia na pobyt jako osoba samozatrudniona w Holandii, musz\u0105 Pa\u0144stwo spe\u0142ni\u0107 okre\u015blone warunki, kt\u00f3rych nale\u017cy dok\u0142adnie przestrzega\u0107. Poni\u017cej wyja\u015bniamy te warunki bardziej szczeg\u00f3\u0142owo:<\/p><ul><li><strong>Pozytywny wk\u0142ad w gospodark\u0119 rynkow\u0105:<\/strong>\u00a0Przede wszystkim Pa\u0144stwa firma musi wyra\u017anie wnosi\u0107 pozytywny wk\u0142ad w rozw\u00f3j gospodarczy Holandii. Pa\u0144stwa dzia\u0142alno\u015b\u0107 biznesowa powinna mie\u0107 na celu generowanie warto\u015bci dodanej i wzrostu, a Pa\u0144stwo powinni mie\u0107 solidn\u0105 strategi\u0119, aby osi\u0105gn\u0105\u0107 te cele.<\/li><li><strong>Kraj pochodzenia:<\/strong>\u00a0kraj pochodzenia mo\u017ce mie\u0107 wp\u0142yw na Pa\u0144stwa wniosek. Nale\u017cy pami\u0119ta\u0107, \u017ce istniej\u0105 pewne kraje europejskie, takie jak Norwegia, Islandia, Szwajcaria i Liechtenstein, kt\u00f3rych mieszka\u0144cy mog\u0105 przyjecha\u0107 do Holandii, aby pracowa\u0107 jako osoby samozatrudnione bez specjalnego pozwolenia. Je\u015bli nie pochodzi Pan\/Pani z \u017cadnego z tych kraj\u00f3w, musi Pan\/Pani spe\u0142ni\u0107 surowe zasady i warunki, aby kwalifikowa\u0107 si\u0119 do uzyskania pozwolenia na pobyt.<\/li><li><strong>System punkt\u00f3w:\u00a0<\/strong>Aby uzyska\u0107 pozwolenie na pobyt jako niezale\u017cny przedsi\u0119biorca w Holandii, musz\u0105 Pa\u0144stwo udowodni\u0107, \u017ce Pa\u0144stwa dzia\u0142alno\u015b\u0107 jest naprawd\u0119 przydatna dla Holandii. W tym celu Urz\u0105d Imigracyjny i Naturalizacyjny (IND) stosuje \"system punktowy\". System ten bierze pod uwag\u0119 kilka rzeczy, takich jak biznesplan, do\u015bwiadczenie i spos\u00f3b, w jaki Pa\u0144stwa firma pomo\u017ce holenderskiej gospodarce. System punktowy om\u00f3wimy osobno poni\u017cej.<\/li><\/ul>\t\t\t\t\t\t\t\t<\/div>\n\t\t\t\t<\/div>\n\t\t\t\t<div class=\"elementor-element elementor-element-152233f elementor-widget elementor-widget-spacer\" data-id=\"152233f\" data-element_type=\"widget\" data-e-type=\"widget\" data-widget_type=\"spacer.default\">\n\t\t\t\t<div class=\"elementor-widget-container\">\n\t\t\t\t\t\t\t<div class=\"elementor-spacer\">\n\t\t\t<div class=\"elementor-spacer-inner\"><\/div>\n\t\t<\/div>\n\t\t\t\t\t\t<\/div>\n\t\t\t\t<\/div>\n\t\t\t\t<div class=\"elementor-element elementor-element-fbf620d elementor-widget elementor-widget-heading\" data-id=\"fbf620d\" data-element_type=\"widget\" data-e-type=\"widget\" data-widget_type=\"heading.default\">\n\t\t\t\t<div class=\"elementor-widget-container\">\n\t\t\t\t\t<h3 class=\"elementor-heading-title elementor-size-default\">System punktowy<\/h3>\t\t\t\t<\/div>\n\t\t\t\t<\/div>\n\t\t\t\t<div class=\"elementor-element elementor-element-eb8d7e5 color-scheme-inherit text-left elementor-widget elementor-widget-text-editor\" data-id=\"eb8d7e5\" data-element_type=\"widget\" data-e-type=\"widget\" data-widget_type=\"text-editor.default\">\n\t\t\t\t<div class=\"elementor-widget-container\">\n\t\t\t\t\t\t\t\t\t<p>Aby pozosta\u0107 w Holandii jako niezale\u017cny przedsi\u0119biorca, musz\u0105 Pa\u0144stwo wykaza\u0107, \u017ce Pa\u0144stwa dzia\u0142alno\u015b\u0107 przynosi warto\u015b\u0107 dla Holandii. IND ocenia to za pomoc\u0105 \"systemu punktowego\".<br \/>System punktowy sk\u0142ada si\u0119 z trzech cz\u0119\u015bci:<\/p><ul><li><strong>Biznesplan:<\/strong> Chodzi tu o plany dotycz\u0105ce Pa\u0144stwa dzia\u0142alno\u015bci, takie jak liczba os\u00f3b, do kt\u00f3rych zamierzaj\u0105 Pa\u0144stwo dotrze\u0107, spos\u00f3b jej organizacji i finansowania.<\/li><li><strong>Osobiste do\u015bwiadczenie:<\/strong> Robi\u0105c to, sprawdzaj\u0105, jak dobrze znaj\u0105 Pa\u0144stwo Holandi\u0119, Pa\u0144stwa wykszta\u0142cenie i do\u015bwiadczenie jako przedsi\u0119biorcy.<\/li><li><strong>Warto\u015b\u0107 dodana dla Holandii:<\/strong> Oznacza to, \u017ce sprawdzaj\u0105, jak innowacyjni s\u0105 Pa\u0144stwo lub czy tworz\u0105 Pa\u0144stwo miejsca pracy.<\/li><\/ul><p>Aby uzyska\u0107 licencj\u0119 osoby samozatrudnionej, nale\u017cy uzyska\u0107 \u0142\u0105cznie co najmniej 90 punkt\u00f3w, w tym co najmniej 30 punkt\u00f3w w ka\u017cdej sekcji. Je\u015bli s\u0105 Pa\u0144stwo dobrze wykszta\u0142ceni i zdob\u0119d\u0105 co najmniej 45 punkt\u00f3w w pierwszych dw\u00f3ch sekcjach (biznesplan i do\u015bwiadczenie osobiste), nie musz\u0105 Pa\u0144stwo zdobywa\u0107 wi\u0119cej punkt\u00f3w w trzeciej sekcji.<\/p>\t\t\t\t\t\t\t\t<\/div>\n\t\t\t\t<\/div>\n\t\t\t\t<div class=\"elementor-element elementor-element-af86f84 elementor-widget elementor-widget-spacer\" data-id=\"af86f84\" data-element_type=\"widget\" data-e-type=\"widget\" data-widget_type=\"spacer.default\">\n\t\t\t\t<div class=\"elementor-widget-container\">\n\t\t\t\t\t\t\t<div class=\"elementor-spacer\">\n\t\t\t<div class=\"elementor-spacer-inner\"><\/div>\n\t\t<\/div>\n\t\t\t\t\t\t<\/div>\n\t\t\t\t<\/div>\n\t\t\t\t<div class=\"elementor-element elementor-element-7c0e3d5 elementor-widget elementor-widget-heading\" data-id=\"7c0e3d5\" data-element_type=\"widget\" data-e-type=\"widget\" data-widget_type=\"heading.default\">\n\t\t\t\t<div class=\"elementor-widget-container\">\n\t\t\t\t\t<h3 class=\"elementor-heading-title elementor-size-default\">Zezwolenie na pobyt dla przedsi\u0119biorc\u00f3w prowadz\u0105cych dzia\u0142alno\u015b\u0107 na w\u0142asny rachunek<\/h3>\t\t\t\t<\/div>\n\t\t\t\t<\/div>\n\t\t\t\t<div class=\"elementor-element elementor-element-2777105 color-scheme-inherit text-left elementor-widget elementor-widget-text-editor\" data-id=\"2777105\" data-element_type=\"widget\" data-e-type=\"widget\" data-widget_type=\"text-editor.default\">\n\t\t\t\t<div class=\"elementor-widget-container\">\n\t\t\t\t\t\t\t\t\t<p>Procedura uzyskania zezwolenia na pobyt w celu samozatrudnienia w Holandii obejmuje kilka krok\u00f3w, kt\u00f3re pokr\u00f3tce wyja\u015bniamy poni\u017cej.<\/p><ul><li><strong>Zbieranie dokument\u00f3w:<\/strong>\u00a0Pierwszy krok wymaga od Pa\u0144stwa dok\u0142adnego sprawdzenia i zebrania wszystkich wymaganych dokument\u00f3w. Wa\u017cne jest, aby wszystkie oficjalne dokumenty zagraniczne zosta\u0142y zalegalizowane i przet\u0142umaczone na j\u0119zyk niderlandzki przed ich z\u0142o\u017ceniem.<\/li><li><strong>Prosz\u0119 przes\u0142a\u0107 zg\u0142oszenie:<\/strong>\u00a0nast\u0119pnie z\u0142o\u017cy\u0107 pisemny wniosek o zezwolenie na pobyt. Wniosek nale\u017cy z\u0142o\u017cy\u0107 w ci\u0105gu 3 miesi\u0119cy od przyjazdu do Holandii. Do wniosku nale\u017cy do\u0142\u0105czy\u0107 ca\u0142\u0105 niezb\u0119dn\u0105 dokumentacj\u0119. Op\u0142ata za z\u0142o\u017cenie wniosku wynosi<\/li><li><strong>P\u0142atno\u015b\u0107:<\/strong>\u00a0Prosimy pami\u0119ta\u0107, \u017ce aplikacja podlega op\u0142acie w wysoko\u015bci 350,00 \u20ac. Prosimy pami\u0119ta\u0107 o prawid\u0142owym uiszczeniu tej op\u0142aty.<\/li><li><strong>Decyzja IND:<\/strong>\u00a0Urz\u0105d Imigracyjny i Naturalizacyjny (Immigration and Naturalisation Service, IND) oceni Pana\/Pani wniosek i zgodnie z prawem musi podj\u0105\u0107 decyzj\u0119 w ci\u0105gu 90 dni. IND powiadomi Pana\/Pani\u0105, je\u015bli decyzja zostanie przed\u0142u\u017cona lub je\u015bli w Pana\/Pani wniosku brakuje informacji.<\/li><li><strong>Otrzymano decyzj\u0119:<\/strong>\u00a0Po dokonaniu oceny otrzyma Pan\/Pani pisemne powiadomienie zawieraj\u0105ce decyzj\u0119, kt\u00f3ra mo\u017ce by\u0107 pozytywna lub negatywna. W przypadku decyzji pozytywnej otrzyma Pan\/Pani \"Zezwolenie na pobyt dla os\u00f3b prowadz\u0105cych dzia\u0142alno\u015b\u0107 na w\u0142asny rachunek\". W przypadku decyzji negatywnej b\u0119dzie Pan\/Pani mia\u0142\/a mo\u017cliwo\u015b\u0107 wniesienia sprzeciwu wobec decyzji IND.<\/li><li><strong>Odbi\u00f3r dokumentu pobytowego:<\/strong>\u00a0Je\u015bli decyzja IND b\u0119dzie pozytywna, otrzyma Pan\/Pani pisemne powiadomienie z informacj\u0105, kiedy dokument pobytowy b\u0119dzie gotowy do odbioru w punkcie IND. Prosimy pami\u0119ta\u0107, \u017ce odbi\u00f3r dokumentu pobytowego jest mo\u017cliwy wy\u0142\u0105cznie po wcze\u015bniejszym um\u00f3wieniu si\u0119.<\/li><\/ul>\t\t\t\t\t\t\t\t<\/div>\n\t\t\t\t<\/div>\n\t\t\t\t<div class=\"elementor-element elementor-element-7b3abb0 elementor-widget elementor-widget-spacer\" data-id=\"7b3abb0\" data-element_type=\"widget\" data-e-type=\"widget\" data-widget_type=\"spacer.default\">\n\t\t\t\t<div class=\"elementor-widget-container\">\n\t\t\t\t\t\t\t<div class=\"elementor-spacer\">\n\t\t\t<div class=\"elementor-spacer-inner\"><\/div>\n\t\t<\/div>\n\t\t\t\t\t\t<\/div>\n\t\t\t\t<\/div>\n\t\t\t\t<div class=\"elementor-element elementor-element-6e135cf elementor-widget elementor-widget-heading\" data-id=\"6e135cf\" data-element_type=\"widget\" data-e-type=\"widget\" data-widget_type=\"heading.default\">\n\t\t\t\t<div class=\"elementor-widget-container\">\n\t\t\t\t\t<h3 class=\"elementor-heading-title elementor-size-default\">Dokument pobytowy dla prawnika prowadz\u0105cego dzia\u0142alno\u015b\u0107 na w\u0142asny rachunek<\/h3>\t\t\t\t<\/div>\n\t\t\t\t<\/div>\n\t\t\t\t<div class=\"elementor-element elementor-element-fa51cf7 color-scheme-inherit text-left elementor-widget elementor-widget-text-editor\" data-id=\"fa51cf7\" data-element_type=\"widget\" data-e-type=\"widget\" data-widget_type=\"text-editor.default\">\n\t\t\t\t<div class=\"elementor-widget-container\">\n\t\t\t\t\t\t\t\t\t<p>Ca\u0142y ten proces mo\u017ce poch\u0142on\u0105\u0107 znaczn\u0105 ilo\u015b\u0107 Pa\u0144stwa cennego czasu. Kancelaria Der Bedrosian sk\u0142ada si\u0119 z<a href=\"https:\/\/www.derbedrosian.nl\/pl\/prawnicy-2\/\"> do\u015bwiadczeni prawnicy<\/a> ze specjalizacj\u0105 w <a href=\"https:\/\/www.derbedrosian.nl\/pl\/jurysdykcje\/prawo-imigracyjne\/\">prawo imigracyjne.<\/a><\/p><p>Prosz\u0119 skontaktowa\u0107 si\u0119 z nami ju\u017c dzi\u015b i pozwoli\u0107 nam pom\u00f3c Pa\u0144stwu w pomy\u015blnym z\u0142o\u017ceniu wniosku.<\/p>\t\t\t\t\t\t\t\t<\/div>\n\t\t\t\t<\/div>\n\t\t\t\t\t<\/div>\n\t\t\t\t<\/div>\n\t\t\t\t<\/div>","protected":false},"excerpt":{"rendered":"<p>vreemdelingenrecht verblijfsvergunning zelfstandig ondernemer aanvragen ind verblijfsvergunning zelfstandig ondernemer puntensysteem vreemdelingenrecht advocaat enschede vreemdelingenrecht advocaat overijssel vreemdelingenrecht enschede advocaat enschede<\/p>","protected":false},"author":1,"featured_media":0,"parent":10627,"menu_order":0,"comment_status":"closed","ping_status":"closed","template":"","meta":{"footnotes":""},"class_list":["post-10717","page","type-page","status-publish","hentry"],"_links":{"self":[{"href":"https:\/\/www.derbedrosian.nl\/pl\/wp-json\/wp\/v2\/pages\/10717","targetHints":{"allow":["GET"]}}],"collection":[{"href":"https:\/\/www.derbedrosian.nl\/pl\/wp-json\/wp\/v2\/pages"}],"about":[{"href":"https:\/\/www.derbedrosian.nl\/pl\/wp-json\/wp\/v2\/types\/page"}],"author":[{"embeddable":true,"href":"https:\/\/www.derbedrosian.nl\/pl\/wp-json\/wp\/v2\/users\/1"}],"replies":[{"embeddable":true,"href":"https:\/\/www.derbedrosian.nl\/pl\/wp-json\/wp\/v2\/comments?post=10717"}],"version-history":[{"count":0,"href":"https:\/\/www.derbedrosian.nl\/pl\/wp-json\/wp\/v2\/pages\/10717\/revisions"}],"up":[{"embeddable":true,"href":"https:\/\/www.derbedrosian.nl\/pl\/wp-json\/wp\/v2\/pages\/10627"}],"wp:attachment":[{"href":"https:\/\/www.derbedrosian.nl\/pl\/wp-json\/wp\/v2\/media?parent=10717"}],"curies":[{"name":"wp","href":"https:\/\/api.w.org\/{rel}","templated":true}]}}