{"id":10707,"date":"2023-05-26T16:45:58","date_gmt":"2023-05-26T14:45:58","guid":{"rendered":"https:\/\/derbedrosian.nl\/?page_id=10707"},"modified":"2025-12-21T16:07:17","modified_gmt":"2025-12-21T14:07:17","slug":"dokument-pobytowy-ze-wzgledow-medycznych","status":"publish","type":"page","link":"https:\/\/www.derbedrosian.nl\/pl\/rechtsgebieden\/vreemdelingenrecht\/verblijfsvergunning-medische-gronden\/","title":{"rendered":"Dokument pobytowy ze wzgl\u0119d\u00f3w medycznych"},"content":{"rendered":"<div data-elementor-type=\"wp-page\" data-elementor-id=\"10707\" class=\"elementor elementor-10707\" data-elementor-post-type=\"page\">\n\t\t\t\t<div class=\"wd-negative-gap elementor-element elementor-element-254e15f e-flex e-con-boxed e-con e-parent\" data-id=\"254e15f\" data-element_type=\"container\" data-e-type=\"container\">\n\t\t\t\t\t<div class=\"e-con-inner\">\n\t\t\t\t<div class=\"elementor-element elementor-element-35687d7 elementor-hidden-desktop elementor-hidden-tablet elementor-hidden-mobile elementor-widget elementor-widget-wd_image_or_svg\" data-id=\"35687d7\" data-element_type=\"widget\" data-e-type=\"widget\" id=\"seo-word\" data-widget_type=\"wd_image_or_svg.default\">\n\t\t\t\t<div class=\"elementor-widget-container\">\n\t\t\t\t\t\n\t\t<div class=\"wd-image text-left\">\n\t\t\t\t\t\t\t\t<img loading=\"lazy\" decoding=\"async\" width=\"1000\" height=\"503\" src=\"https:\/\/www.derbedrosian.nl\/wp-content\/uploads\/rechtsgebied-verblijfsvergunning-medische-gronden.jpg\" class=\"attachment-full size-full\" alt=\"Zezwolenie na pobyt z uzasadnieniem medycznym prawnik wiza ind IND Zezwolenie na pobyt czasowy mvv\" srcset=\"https:\/\/www.derbedrosian.nl\/wp-content\/uploads\/rechtsgebied-verblijfsvergunning-medische-gronden.jpg 1000w, https:\/\/www.derbedrosian.nl\/wp-content\/uploads\/rechtsgebied-verblijfsvergunning-medische-gronden-400x201.jpg 400w, https:\/\/www.derbedrosian.nl\/wp-content\/uploads\/rechtsgebied-verblijfsvergunning-medische-gronden-768x386.jpg 768w\" sizes=\"auto, (max-width: 1000px) 100vw, 1000px\" title=\"\">\t\t\t\t\t<\/div>\n\n\t\t\t\t\t\t<\/div>\n\t\t\t\t<\/div>\n\t\t\t\t<div class=\"elementor-element elementor-element-f588a40 elementor-hidden-desktop elementor-hidden-tablet elementor-hidden-mobile elementor-widget elementor-widget-heading\" data-id=\"f588a40\" data-element_type=\"widget\" data-e-type=\"widget\" id=\"seo-word\" data-widget_type=\"heading.default\">\n\t\t\t\t<div class=\"elementor-widget-container\">\n\t\t\t\t\t<h2 class=\"elementor-heading-title elementor-size-default\">Wniosek o zezwolenie na pobyt <\/h2>\t\t\t\t<\/div>\n\t\t\t\t<\/div>\n\t\t\t\t<div class=\"elementor-element elementor-element-16c8d68 elementor-hidden-desktop elementor-hidden-tablet elementor-hidden-mobile elementor-widget elementor-widget-heading\" data-id=\"16c8d68\" data-element_type=\"widget\" data-e-type=\"widget\" id=\"seo-word\" data-widget_type=\"heading.default\">\n\t\t\t\t<div class=\"elementor-widget-container\">\n\t\t\t\t\t<h5 class=\"elementor-heading-title elementor-size-default\">IND<\/h5>\t\t\t\t<\/div>\n\t\t\t\t<\/div>\n\t\t\t\t<div class=\"elementor-element elementor-element-9962d59 elementor-hidden-desktop elementor-hidden-tablet elementor-hidden-mobile elementor-widget elementor-widget-heading\" data-id=\"9962d59\" data-element_type=\"widget\" data-e-type=\"widget\" id=\"seo-word\" data-widget_type=\"heading.default\">\n\t\t\t\t<div class=\"elementor-widget-container\">\n\t\t\t\t\t<h5 class=\"elementor-heading-title elementor-size-default\">prawnik dokument pobytowy podstawy medyczne<\/h5>\t\t\t\t<\/div>\n\t\t\t\t<\/div>\n\t\t\t\t<div class=\"elementor-element elementor-element-e2c149a elementor-hidden-desktop elementor-hidden-tablet elementor-hidden-mobile elementor-widget elementor-widget-heading\" data-id=\"e2c149a\" data-element_type=\"widget\" data-e-type=\"widget\" id=\"seo-word\" data-widget_type=\"heading.default\">\n\t\t\t\t<div class=\"elementor-widget-container\">\n\t\t\t\t\t<h5 class=\"elementor-heading-title elementor-size-default\">warunki ubiegania si\u0119 o zezwolenie na pobyt<\/h5>\t\t\t\t<\/div>\n\t\t\t\t<\/div>\n\t\t\t\t<div class=\"elementor-element elementor-element-bdb239f elementor-hidden-desktop elementor-hidden-tablet elementor-hidden-mobile elementor-widget elementor-widget-heading\" data-id=\"bdb239f\" data-element_type=\"widget\" data-e-type=\"widget\" id=\"seo-word\" data-widget_type=\"heading.default\">\n\t\t\t\t<div class=\"elementor-widget-container\">\n\t\t\t\t\t<h5 class=\"elementor-heading-title elementor-size-default\">Tymczasowe zezwolenie na pobyt (mvv)<\/h5>\t\t\t\t<\/div>\n\t\t\t\t<\/div>\n\t\t\t\t<div class=\"elementor-element elementor-element-f4b6948 elementor-hidden-desktop elementor-hidden-tablet elementor-hidden-mobile elementor-widget elementor-widget-heading\" data-id=\"f4b6948\" data-element_type=\"widget\" data-e-type=\"widget\" id=\"seo-word\" data-widget_type=\"heading.default\">\n\t\t\t\t<div class=\"elementor-widget-container\">\n\t\t\t\t\t<h5 class=\"elementor-heading-title elementor-size-default\">prawo imigracyjne adwokat enschede<\/h5>\t\t\t\t<\/div>\n\t\t\t\t<\/div>\n\t\t\t\t<div class=\"elementor-element elementor-element-9cd1810 elementor-hidden-desktop elementor-hidden-tablet elementor-hidden-mobile elementor-widget elementor-widget-heading\" data-id=\"9cd1810\" data-element_type=\"widget\" data-e-type=\"widget\" id=\"seo-word\" data-widget_type=\"heading.default\">\n\t\t\t\t<div class=\"elementor-widget-container\">\n\t\t\t\t\t<h5 class=\"elementor-heading-title elementor-size-default\">prawo imigracyjne adwokat overijssel<\/h5>\t\t\t\t<\/div>\n\t\t\t\t<\/div>\n\t\t\t\t<div class=\"elementor-element elementor-element-5f4aa4b elementor-hidden-desktop elementor-hidden-tablet elementor-hidden-mobile elementor-widget elementor-widget-heading\" data-id=\"5f4aa4b\" data-element_type=\"widget\" data-e-type=\"widget\" id=\"seo-word\" data-widget_type=\"heading.default\">\n\t\t\t\t<div class=\"elementor-widget-container\">\n\t\t\t\t\t<h5 class=\"elementor-heading-title elementor-size-default\">prawo cudzoziemc\u00f3w enschede<\/h5>\t\t\t\t<\/div>\n\t\t\t\t<\/div>\n\t\t\t\t<div class=\"elementor-element elementor-element-999e2e0 elementor-hidden-desktop elementor-hidden-tablet elementor-hidden-mobile elementor-widget elementor-widget-heading\" data-id=\"999e2e0\" data-element_type=\"widget\" data-e-type=\"widget\" id=\"seo-word\" data-widget_type=\"heading.default\">\n\t\t\t\t<div class=\"elementor-widget-container\">\n\t\t\t\t\t<h5 class=\"elementor-heading-title elementor-size-default\">adwokat enschede prawo cudzoziemc\u00f3w<\/h5>\t\t\t\t<\/div>\n\t\t\t\t<\/div>\n\t\t\t\t<div class=\"elementor-element elementor-element-885bfaa elementor-hidden-desktop elementor-hidden-tablet elementor-hidden-mobile elementor-widget elementor-widget-heading\" data-id=\"885bfaa\" data-element_type=\"widget\" data-e-type=\"widget\" id=\"seo-word\" data-widget_type=\"heading.default\">\n\t\t\t\t<div class=\"elementor-widget-container\">\n\t\t\t\t\t<h5 class=\"elementor-heading-title elementor-size-default\">zezwolenie na pobyt ze wzgl\u0119d\u00f3w zdrowotnych zezwolenie na pobyt ze wzgl\u0119d\u00f3w zdrowotnych zezwolenie na pobyt ze wzgl\u0119d\u00f3w zdrowotnych zezwolenie na pobyt ze wzgl\u0119d\u00f3w zdrowotnych odroczenie leczenia<\/h5>\t\t\t\t<\/div>\n\t\t\t\t<\/div>\n\t\t\t\t<div class=\"elementor-element elementor-element-af02908 elementor-hidden-desktop elementor-hidden-tablet elementor-hidden-mobile elementor-widget elementor-widget-heading\" data-id=\"af02908\" data-element_type=\"widget\" data-e-type=\"widget\" id=\"seo-word\" data-widget_type=\"heading.default\">\n\t\t\t\t<div class=\"elementor-widget-container\">\n\t\t\t\t\t<h5 class=\"elementor-heading-title elementor-size-default\">Zezwolenie na pobyt w celu leczenia jest wa\u017cnym aspektem prawa imigracyjnego. Zezwolenie to jest przeznaczone dla os\u00f3b, kt\u00f3re chc\u0105 przyjecha\u0107 do Holandii w celu leczenia. Ubieganie si\u0119 o medyczne zezwolenie na pobyt mo\u017ce by\u0107 skomplikowane i musi spe\u0142nia\u0107 okre\u015blone warunki, w tym wym\u00f3g MVV.\n\nWym\u00f3g MVV oznacza, \u017ce musz\u0105 Pa\u0144stwo ubiega\u0107 si\u0119 o tymczasowe zezwolenie na pobyt (MVV), zanim b\u0119d\u0105 mogli Pa\u0144stwo przyjecha\u0107 do Holandii w celu leczenia. Uzyskanie tego zezwolenia wymaga starannego przygotowania i porad prawnych.\n\nPrawnicy Derbedrosian Immigration Lawyers w Enschede i Overijssel rozumiej\u0105 z\u0142o\u017cono\u015b\u0107 tych procedur i s\u0105 gotowi doradzi\u0107 i poprowadzi\u0107 Pa\u0144stwa w ubieganiu si\u0119 o zezwolenie na pobyt w celu leczenia i uzyskania MVV. Zapewniamy, \u017ce Pa\u0144stwa wniosek spe\u0142nia wszystkie wymogi prawne, a Pa\u0144stwa prawa s\u0105 chronione w trakcie ca\u0142ego procesu.\n\nJe\u015bli maj\u0105 Pa\u0144stwo jakiekolwiek pytania dotycz\u0105ce zezwole\u0144 na pobyt w celu leczenia, wymog\u00f3w MVV lub innych kwestii zwi\u0105zanych z prawem imigracyjnym, prosimy o kontakt z kancelari\u0105 Derbedrosian Immigration Lawyers. Jeste\u015bmy tutaj, aby Pa\u0144stwu pom\u00f3c i chroni\u0107 Pa\u0144stwa prawa, szczeg\u00f3lnie w sytuacjach, w kt\u00f3rych leczenie jest niezb\u0119dne.\n\n\n\n\n<\/h5>\t\t\t\t<\/div>\n\t\t\t\t<\/div>\n\t\t\t\t\t<\/div>\n\t\t\t\t<\/div>\n\t\t<div class=\"wd-negative-gap elementor-element elementor-element-0109d6e e-flex e-con-boxed e-con e-parent\" data-id=\"0109d6e\" data-element_type=\"container\" data-e-type=\"container\">\n\t\t\t\t\t<div class=\"e-con-inner\">\n\t\t\t\t<div class=\"elementor-element elementor-element-bb3482e color-scheme-inherit text-left elementor-widget elementor-widget-text-editor\" data-id=\"bb3482e\" data-element_type=\"widget\" data-e-type=\"widget\" data-widget_type=\"text-editor.default\">\n\t\t\t\t<div class=\"elementor-widget-container\">\n\t\t\t\t\t\t\t\t\t<p><strong>Pan\/Pani lub kto\u015b z Pana\/Pani rodziny mo\u017ce nie by\u0107 w stanie wyjecha\u0107 z powodu problem\u00f3w zdrowotnych. By\u0107 mo\u017ce potrzebuje Pan\/Pani opieki medycznej, kt\u00f3ra nie jest dost\u0119pna w Pana\/Pani kraju ojczystym. Je\u015bli przebywa Pan\/Pani w Holandii i korzysta z opieki medycznej, kt\u00f3ra nie jest mo\u017cliwa w Pana\/Pani kraju ojczystym, mo\u017ce Pan\/Pani ubiega\u0107 si\u0119 o pozwolenie na pobyt jako cudzoziemiec ze wzgl\u0119d\u00f3w medycznych.<\/strong><\/p>\t\t\t\t\t\t\t\t<\/div>\n\t\t\t\t<\/div>\n\t\t\t\t<div class=\"elementor-element elementor-element-f92d0d6 elementor-widget elementor-widget-spacer\" data-id=\"f92d0d6\" data-element_type=\"widget\" data-e-type=\"widget\" data-widget_type=\"spacer.default\">\n\t\t\t\t<div class=\"elementor-widget-container\">\n\t\t\t\t\t\t\t<div class=\"elementor-spacer\">\n\t\t\t<div class=\"elementor-spacer-inner\"><\/div>\n\t\t<\/div>\n\t\t\t\t\t\t<\/div>\n\t\t\t\t<\/div>\n\t\t\t\t<div class=\"elementor-element elementor-element-9234123 elementor-widget elementor-widget-heading\" data-id=\"9234123\" data-element_type=\"widget\" data-e-type=\"widget\" data-widget_type=\"heading.default\">\n\t\t\t\t<div class=\"elementor-widget-container\">\n\t\t\t\t\t<h3 class=\"elementor-heading-title elementor-size-default\">Dokument pobytowy ze wzgl\u0119d\u00f3w medycznych <\/h3>\t\t\t\t<\/div>\n\t\t\t\t<\/div>\n\t\t\t\t<div class=\"elementor-element elementor-element-5efe0eb color-scheme-inherit text-left elementor-widget elementor-widget-text-editor\" data-id=\"5efe0eb\" data-element_type=\"widget\" data-e-type=\"widget\" data-widget_type=\"text-editor.default\">\n\t\t\t\t<div class=\"elementor-widget-container\">\n\t\t\t\t\t\t\t\t\t<p>\"Zezwolenie na pobyt ze wzgl\u0119d\u00f3w medycznych\" to specjalne zezwolenie przyznawane osobom, kt\u00f3re nie mog\u0105 wr\u00f3ci\u0107 do kraju pochodzenia z powod\u00f3w medycznych. Zezwolenie to umo\u017cliwia im pobyt w Holandii i korzystanie z opieki medycznej, kt\u00f3ra nie jest dost\u0119pna w ich kraju pochodzenia. Celem tego zezwolenia jest zapewnienie osobom z powa\u017cnymi schorzeniami dost\u0119pu do niezb\u0119dnego leczenia oraz ochrony ich zdrowia i dobrego samopoczucia. Jest to wa\u017cny aspekt holenderskiej polityki imigracyjnej, kt\u00f3ra k\u0142adzie nacisk na opiek\u0119 humanitarn\u0105 dla os\u00f3b z potrzebami medycznymi.<\/p>\t\t\t\t\t\t\t\t<\/div>\n\t\t\t\t<\/div>\n\t\t\t\t<div class=\"elementor-element elementor-element-e3fdfe8 elementor-widget elementor-widget-spacer\" data-id=\"e3fdfe8\" data-element_type=\"widget\" data-e-type=\"widget\" data-widget_type=\"spacer.default\">\n\t\t\t\t<div class=\"elementor-widget-container\">\n\t\t\t\t\t\t\t<div class=\"elementor-spacer\">\n\t\t\t<div class=\"elementor-spacer-inner\"><\/div>\n\t\t<\/div>\n\t\t\t\t\t\t<\/div>\n\t\t\t\t<\/div>\n\t\t\t\t<div class=\"elementor-element elementor-element-f80b306 elementor-widget elementor-widget-heading\" data-id=\"f80b306\" data-element_type=\"widget\" data-e-type=\"widget\" data-widget_type=\"heading.default\">\n\t\t\t\t<div class=\"elementor-widget-container\">\n\t\t\t\t\t<h3 class=\"elementor-heading-title elementor-size-default\">Warunki zezwolenia na pobyt ze wzgl\u0119d\u00f3w medycznych<\/h3>\t\t\t\t<\/div>\n\t\t\t\t<\/div>\n\t\t\t\t<div class=\"elementor-element elementor-element-f021817 color-scheme-inherit text-left elementor-widget elementor-widget-text-editor\" data-id=\"f021817\" data-element_type=\"widget\" data-e-type=\"widget\" data-widget_type=\"text-editor.default\">\n\t\t\t\t<div class=\"elementor-widget-container\">\n\t\t\t\t\t\t\t\t\t<p>Aby zakwalifikowa\u0107 si\u0119 do otrzymania tej licencji, musz\u0105 Pa\u0144stwo spe\u0142ni\u0107 okre\u015blone warunki. Warunki te maj\u0105 na celu zapewnienie, \u017ce przyznanie licencji jest uzasadnione:<\/p><ul><li><strong>Nag\u0142y wypadek medyczny:<\/strong>\u00a0wymagane jest, aby znajdowa\u0142 si\u0119 Pan\/Pani w nag\u0142ym przypadku medycznym. Oznacza to, \u017ce leczenie, kt\u00f3rego potrzebuje Pan\/Pani w Holandii, jest niezb\u0119dne dla Pana\/Pani zdrowia i nie jest dost\u0119pne w Pana\/Pani kraju ojczystym. Warunek ten podkre\u015bla znaczenie Pa\u0144stwa zdrowia i potrzeb medycznych.<\/li><li><strong>Wa\u017cna identyfikacja<\/strong>Kolejnym wymogiem jest posiadanie wa\u017cnych dokument\u00f3w to\u017csamo\u015bci. Musz\u0105 Pa\u0144stwo posiada\u0107 wa\u017cny dokument podr\u00f3\u017cy, paszport lub dow\u00f3d osobisty w celu identyfikacji i spe\u0142nienia prawnych wymog\u00f3w administracyjnych.<\/li><li><strong>Brak zagro\u017cenia dla bezpiecze\u0144stwa narodowego:<\/strong>\u00a0niezwykle wa\u017cne jest, aby nie stanowili Pa\u0144stwo zagro\u017cenia dla bezpiecze\u0144stwa narodowego. Oznacza to, \u017ce nie anga\u017cuj\u0105 si\u0119 Pa\u0144stwo w dzia\u0142alno\u015b\u0107 przest\u0119pcz\u0105 i nie zak\u0142\u00f3caj\u0105 porz\u0105dku publicznego. Warunek ten ma na celu zapewnienie og\u00f3lnego bezpiecze\u0144stwa i stabilno\u015bci.<\/li><li><strong>Badania nad gru\u017alic\u0105:<\/strong>\u00a0Wreszcie, powinien Pan\/Pani by\u0107 przygotowany(-a) do poddania si\u0119 testowi na gru\u017alic\u0119. Gru\u017alica jest powa\u017cn\u0105 chorob\u0105 zaka\u017an\u0105 wywo\u0142ywan\u0105 przez bakteri\u0119, zwykle zlokalizowan\u0105 w p\u0142ucach. Badanie to s\u0142u\u017cy jako \u015brodek zapobiegawczy, aby zapobiec rozprzestrzenianiu si\u0119 tej choroby i chroni\u0107 zdrowie publiczne.<\/li><\/ul>\t\t\t\t\t\t\t\t<\/div>\n\t\t\t\t<\/div>\n\t\t\t\t<div class=\"elementor-element elementor-element-136a37d elementor-widget elementor-widget-spacer\" data-id=\"136a37d\" data-element_type=\"widget\" data-e-type=\"widget\" data-widget_type=\"spacer.default\">\n\t\t\t\t<div class=\"elementor-widget-container\">\n\t\t\t\t\t\t\t<div class=\"elementor-spacer\">\n\t\t\t<div class=\"elementor-spacer-inner\"><\/div>\n\t\t<\/div>\n\t\t\t\t\t\t<\/div>\n\t\t\t\t<\/div>\n\t\t\t\t<div class=\"elementor-element elementor-element-2563659 elementor-widget elementor-widget-heading\" data-id=\"2563659\" data-element_type=\"widget\" data-e-type=\"widget\" data-widget_type=\"heading.default\">\n\t\t\t\t<div class=\"elementor-widget-container\">\n\t\t\t\t\t<h3 class=\"elementor-heading-title elementor-size-default\">Tymczasowe zezwolenie na pobyt (mvv) <\/h3>\t\t\t\t<\/div>\n\t\t\t\t<\/div>\n\t\t\t\t<div class=\"elementor-element elementor-element-eeacbad color-scheme-inherit text-left elementor-widget elementor-widget-text-editor\" data-id=\"eeacbad\" data-element_type=\"widget\" data-e-type=\"widget\" data-widget_type=\"text-editor.default\">\n\t\t\t\t<div class=\"elementor-widget-container\">\n\t\t\t\t\t\t\t\t\t<p>Je\u015bli pochodzisz spoza Unii Europejskiej, zazwyczaj wymagana jest wiza, aby wjecha\u0107 do Holandii. Ta konkretna wiza jest znana jako MVV, co oznacza \u2018Zezwolenie na tymczasowy pobyt\u2019.<\/p><p>MVV to w rzeczywisto\u015bci zezwolenie, kt\u00f3re umo\u017cliwia podr\u00f3\u017c do Holandii w g\u0142\u00f3wnym celu ubiegania si\u0119 o zezwolenie na pobyt w tym kraju. Jest to podstawowy krok w procesie ostatecznego uzyskania zezwolenia na pobyt.<\/p><p>W niekt\u00f3rych przypadkach sprzeciw wobec Urz\u0119du Imigracyjnego i Naturalizacji (IND) mo\u017ce nie zosta\u0107 uwzgl\u0119dniony. W takim przypadku przys\u0142uguje prawo do odwo\u0142ania si\u0119 do s\u0105du w ci\u0105gu czterech tygodni. Je\u015bli s\u0105d r\u00f3wnie\u017c odrzuci odwo\u0142anie, nadal istnieje mo\u017cliwo\u015b\u0107 z\u0142o\u017cenia odwo\u0142ania do Wydzia\u0142u Prawa Administracyjnego Rady Stanu.<\/p><p>Nale\u017cy podkre\u015bli\u0107, \u017ce proces uzyskiwania zezwolenia na pobyt mo\u017ce by\u0107 z\u0142o\u017cony, zw\u0142aszcza dla obywateli spoza UE. Dlatego rozs\u0105dnie jest zasi\u0119gn\u0105\u0107 porady prawnej i by\u0107 mo\u017ce skonsultowa\u0107 si\u0119 z wyspecjalizowanym prawnikiem, kt\u00f3ry poprowadzi Ci\u0119 przez ten proces i zabezpieczy Twoje prawa\u201d.\u201d<\/p>\t\t\t\t\t\t\t\t<\/div>\n\t\t\t\t<\/div>\n\t\t\t\t<div class=\"elementor-element elementor-element-b86b75e elementor-widget elementor-widget-spacer\" data-id=\"b86b75e\" data-element_type=\"widget\" data-e-type=\"widget\" data-widget_type=\"spacer.default\">\n\t\t\t\t<div class=\"elementor-widget-container\">\n\t\t\t\t\t\t\t<div class=\"elementor-spacer\">\n\t\t\t<div class=\"elementor-spacer-inner\"><\/div>\n\t\t<\/div>\n\t\t\t\t\t\t<\/div>\n\t\t\t\t<\/div>\n\t\t\t\t<div class=\"elementor-element elementor-element-997f9da elementor-widget elementor-widget-heading\" data-id=\"997f9da\" data-element_type=\"widget\" data-e-type=\"widget\" data-widget_type=\"heading.default\">\n\t\t\t\t<div class=\"elementor-widget-container\">\n\t\t\t\t\t<h3 class=\"elementor-heading-title elementor-size-default\">M\u00f3j wniosek o zezwolenie na pobyt ze wzgl\u0119d\u00f3w medycznych zosta\u0142 odrzucony<\/h3>\t\t\t\t<\/div>\n\t\t\t\t<\/div>\n\t\t\t\t<div class=\"elementor-element elementor-element-52f0506 color-scheme-inherit text-left elementor-widget elementor-widget-text-editor\" data-id=\"52f0506\" data-element_type=\"widget\" data-e-type=\"widget\" data-widget_type=\"text-editor.default\">\n\t\t\t\t<div class=\"elementor-widget-container\">\n\t\t\t\t\t\t\t\t\t<p>Je\u015bli Pana\/Pani wniosek o pozwolenie na pobyt zosta\u0142 odrzucony ze wzgl\u0119d\u00f3w medycznych, istniej\u0105 kroki, kt\u00f3re mo\u017ce Pan\/Pani podj\u0105\u0107, aby nadal broni\u0107 swojej sprawy. Po pierwsze, ma Pan\/Pani prawo z\u0142o\u017cy\u0107 zawiadomienie o sprzeciwie do Urz\u0119du Imigracyjnego i Naturalizacyjnego (Immigration and Naturalisation Service, IND) w ci\u0105gu czterech tygodni od odrzucenia wniosku. Pozwoli to Panu\/Pani zakwestionowa\u0107 powody odrzucenia i dostarczy\u0107 dodatkowe informacje, kt\u00f3re mog\u0105 wesprze\u0107 Pana\/Pani spraw\u0119.<\/p><p>Je\u015bli Pana\/Pani odwo\u0142anie od decyzji IND nie zostanie przyj\u0119te i zostanie uznane za bezzasadne, mo\u017ce Pan\/Pani z\u0142o\u017cy\u0107 zawiadomienie o odwo\u0142aniu do s\u0105du w ci\u0105gu kolejnych czterech tygodni. Pozwoli to Panu\/Pani na przedstawienie sprawy przed s\u0105dem, gdzie zostanie przeprowadzona niezale\u017cna ocena. Z pomoc\u0105 do\u015bwiadczonego prawnika mog\u0105 Pa\u0144stwo przedstawi\u0107 mocne argumenty i dowody, aby zakwestionowa\u0107 decyzj\u0119 IND.<\/p><p>\u00a0<\/p>\t\t\t\t\t\t\t\t<\/div>\n\t\t\t\t<\/div>\n\t\t\t\t<div class=\"elementor-element elementor-element-261373e elementor-widget elementor-widget-spacer\" data-id=\"261373e\" data-element_type=\"widget\" data-e-type=\"widget\" data-widget_type=\"spacer.default\">\n\t\t\t\t<div class=\"elementor-widget-container\">\n\t\t\t\t\t\t\t<div class=\"elementor-spacer\">\n\t\t\t<div class=\"elementor-spacer-inner\"><\/div>\n\t\t<\/div>\n\t\t\t\t\t\t<\/div>\n\t\t\t\t<\/div>\n\t\t\t\t<div class=\"elementor-element elementor-element-e07c084 elementor-widget elementor-widget-heading\" data-id=\"e07c084\" data-element_type=\"widget\" data-e-type=\"widget\" data-widget_type=\"heading.default\">\n\t\t\t\t<div class=\"elementor-widget-container\">\n\t\t\t\t\t<h3 class=\"elementor-heading-title elementor-size-default\">Zezwolenie na pobyt z uzasadnieniem medycznym prawnik\n<\/h3>\t\t\t\t<\/div>\n\t\t\t\t<\/div>\n\t\t\t\t<div class=\"elementor-element elementor-element-d6b508d color-scheme-inherit text-left elementor-widget elementor-widget-text-editor\" data-id=\"d6b508d\" data-element_type=\"widget\" data-e-type=\"widget\" data-widget_type=\"text-editor.default\">\n\t\t\t\t<div class=\"elementor-widget-container\">\n\t\t\t\t\t\t\t\t\t<p>Je\u015bli s\u0105 Pa\u0144stwo zmuszeni do opuszczenia Holandii, ale potrzebuj\u0105 pilnego leczenia, kt\u00f3re nie jest dost\u0119pne w Pa\u0144stwa kraju ojczystym, zaleca si\u0119 skorzystanie z pomocy prawnik\u00f3w.<\/p><p>Kancelaria prawna Der Bedrosian ma <a href=\"https:\/\/www.derbedrosian.nl\/pl\/prawnicy-2\/\">wyspecjalizowani prawnicy<\/a> w dziedzinie prawa imigracyjnego, kt\u00f3rzy z przyjemno\u015bci\u0105 Pa\u0144stwu pomog\u0105. Prosimy wi\u0119c skontaktowa\u0107 si\u0119 z nami, aby jeden z naszych prawnik\u00f3w m\u00f3g\u0142 Pa\u0144stwu pom\u00f3c i zapobiec przymusowej deportacji.<\/p>\t\t\t\t\t\t\t\t<\/div>\n\t\t\t\t<\/div>\n\t\t\t\t\t<\/div>\n\t\t\t\t<\/div>\n\t\t\t\t<\/div>","protected":false},"excerpt":{"rendered":"<p>Wniosek o pozwolenie na pobyt Prawnik IND ds. pozwolenia na pobyt na podstawie medycznej Warunki wniosku o pozwolenie na pobyt Zezwolenie na pobyt tymczasowy (mvv) Prawo imigracyjne Prawnik Enschede Prawo imigracyjne<\/p>","protected":false},"author":1,"featured_media":0,"parent":10627,"menu_order":0,"comment_status":"closed","ping_status":"closed","template":"","meta":{"footnotes":""},"class_list":["post-10707","page","type-page","status-publish","hentry"],"_links":{"self":[{"href":"https:\/\/www.derbedrosian.nl\/pl\/wp-json\/wp\/v2\/pages\/10707","targetHints":{"allow":["GET"]}}],"collection":[{"href":"https:\/\/www.derbedrosian.nl\/pl\/wp-json\/wp\/v2\/pages"}],"about":[{"href":"https:\/\/www.derbedrosian.nl\/pl\/wp-json\/wp\/v2\/types\/page"}],"author":[{"embeddable":true,"href":"https:\/\/www.derbedrosian.nl\/pl\/wp-json\/wp\/v2\/users\/1"}],"replies":[{"embeddable":true,"href":"https:\/\/www.derbedrosian.nl\/pl\/wp-json\/wp\/v2\/comments?post=10707"}],"version-history":[{"count":0,"href":"https:\/\/www.derbedrosian.nl\/pl\/wp-json\/wp\/v2\/pages\/10707\/revisions"}],"up":[{"embeddable":true,"href":"https:\/\/www.derbedrosian.nl\/pl\/wp-json\/wp\/v2\/pages\/10627"}],"wp:attachment":[{"href":"https:\/\/www.derbedrosian.nl\/pl\/wp-json\/wp\/v2\/media?parent=10707"}],"curies":[{"name":"wp","href":"https:\/\/api.w.org\/{rel}","templated":true}]}}