{"id":10702,"date":"2023-05-26T16:04:57","date_gmt":"2023-05-26T14:04:57","guid":{"rendered":"https:\/\/derbedrosian.nl\/?page_id=10702"},"modified":"2025-12-21T16:06:18","modified_gmt":"2025-12-21T14:06:18","slug":"zezwolenie-na-pobyt-dla-wykwalifikowanych-migrantow","status":"publish","type":"page","link":"https:\/\/www.derbedrosian.nl\/pl\/rechtsgebieden\/vreemdelingenrecht\/verblijfsvergunning-kennismigrant\/","title":{"rendered":"Dokument pobytowy wiedza migranta"},"content":{"rendered":"<div data-elementor-type=\"wp-page\" data-elementor-id=\"10702\" class=\"elementor elementor-10702\" data-elementor-post-type=\"page\">\n\t\t\t\t<div class=\"wd-negative-gap elementor-element elementor-element-299fda3 e-flex e-con-boxed e-con e-parent\" data-id=\"299fda3\" data-element_type=\"container\" data-e-type=\"container\">\n\t\t\t\t\t<div class=\"e-con-inner\">\n\t\t\t\t<div class=\"elementor-element elementor-element-275733a elementor-hidden-desktop elementor-hidden-tablet elementor-hidden-mobile elementor-widget elementor-widget-wd_image_or_svg\" data-id=\"275733a\" data-element_type=\"widget\" data-e-type=\"widget\" id=\"seo-word\" data-widget_type=\"wd_image_or_svg.default\">\n\t\t\t\t<div class=\"elementor-widget-container\">\n\t\t\t\t\t\n\t\t<div class=\"wd-image text-center\">\n\t\t\t\t\t\t\t\t<img loading=\"lazy\" decoding=\"async\" width=\"1000\" height=\"667\" src=\"https:\/\/www.derbedrosian.nl\/wp-content\/uploads\/verblijfsvergunning-kennismigrant.jpg\" class=\"attachment-full size-full\" alt=\"Dokument pobytowy wiedza migranta\" srcset=\"https:\/\/www.derbedrosian.nl\/wp-content\/uploads\/verblijfsvergunning-kennismigrant.jpg 1000w, https:\/\/www.derbedrosian.nl\/wp-content\/uploads\/verblijfsvergunning-kennismigrant-400x267.jpg 400w, https:\/\/www.derbedrosian.nl\/wp-content\/uploads\/verblijfsvergunning-kennismigrant-768x512.jpg 768w\" sizes=\"auto, (max-width: 1000px) 100vw, 1000px\" title=\"\">\t\t\t\t\t<\/div>\n\n\t\t\t\t\t\t<\/div>\n\t\t\t\t<\/div>\n\t\t\t\t<div class=\"elementor-element elementor-element-900f7aa elementor-hidden-desktop elementor-hidden-tablet elementor-hidden-mobile elementor-widget elementor-widget-heading\" data-id=\"900f7aa\" data-element_type=\"widget\" data-e-type=\"widget\" id=\"seo-word\" data-widget_type=\"heading.default\">\n\t\t\t\t<div class=\"elementor-widget-container\">\n\t\t\t\t\t<h2 class=\"elementor-heading-title elementor-size-default\">prawnik ubiegaj\u0105cy si\u0119 o zezwolenie na pobyt<\/h2>\t\t\t\t<\/div>\n\t\t\t\t<\/div>\n\t\t\t\t<div class=\"elementor-element elementor-element-df1eaaa elementor-hidden-desktop elementor-hidden-tablet elementor-hidden-mobile elementor-widget elementor-widget-heading\" data-id=\"df1eaaa\" data-element_type=\"widget\" data-e-type=\"widget\" id=\"seo-word\" data-widget_type=\"heading.default\">\n\t\t\t\t<div class=\"elementor-widget-container\">\n\t\t\t\t\t<h5 class=\"elementor-heading-title elementor-size-default\">prawnik zajmuj\u0105cy si\u0119 przed\u0142u\u017ceniem zezwolenia na pobyt<\/h5>\t\t\t\t<\/div>\n\t\t\t\t<\/div>\n\t\t\t\t<div class=\"elementor-element elementor-element-44278cb elementor-hidden-desktop elementor-hidden-tablet elementor-hidden-mobile elementor-widget elementor-widget-heading\" data-id=\"44278cb\" data-element_type=\"widget\" data-e-type=\"widget\" id=\"seo-word\" data-widget_type=\"heading.default\">\n\t\t\t\t<div class=\"elementor-widget-container\">\n\t\t\t\t\t<h5 class=\"elementor-heading-title elementor-size-default\">prawnik zajmuj\u0105cy si\u0119 zezwoleniami na pobyt sta\u0142y<\/h5>\t\t\t\t<\/div>\n\t\t\t\t<\/div>\n\t\t\t\t<div class=\"elementor-element elementor-element-6bb0f5b elementor-hidden-desktop elementor-hidden-tablet elementor-hidden-mobile elementor-widget elementor-widget-heading\" data-id=\"6bb0f5b\" data-element_type=\"widget\" data-e-type=\"widget\" id=\"seo-word\" data-widget_type=\"heading.default\">\n\t\t\t\t<div class=\"elementor-widget-container\">\n\t\t\t\t\t<h5 class=\"elementor-heading-title elementor-size-default\">wiza dla wykwalifikowanych migrant\u00f3w<\/h5>\t\t\t\t<\/div>\n\t\t\t\t<\/div>\n\t\t\t\t<div class=\"elementor-element elementor-element-e236d03 elementor-hidden-desktop elementor-hidden-tablet elementor-hidden-mobile elementor-widget elementor-widget-heading\" data-id=\"e236d03\" data-element_type=\"widget\" data-e-type=\"widget\" id=\"seo-word\" data-widget_type=\"heading.default\">\n\t\t\t\t<div class=\"elementor-widget-container\">\n\t\t\t\t\t<h5 class=\"elementor-heading-title elementor-size-default\">Wynagrodzenie migranta wiedzy 2023<\/h5>\t\t\t\t<\/div>\n\t\t\t\t<\/div>\n\t\t\t\t<div class=\"elementor-element elementor-element-0bd94f3 elementor-hidden-desktop elementor-hidden-tablet elementor-hidden-mobile elementor-widget elementor-widget-heading\" data-id=\"0bd94f3\" data-element_type=\"widget\" data-e-type=\"widget\" id=\"seo-word\" data-widget_type=\"heading.default\">\n\t\t\t\t<div class=\"elementor-widget-container\">\n\t\t\t\t\t<h5 class=\"elementor-heading-title elementor-size-default\">prosz\u0119 za\u0142\u0105czy\u0107 wa\u017cne zezwolenie na prac\u0119<\/h5>\t\t\t\t<\/div>\n\t\t\t\t<\/div>\n\t\t\t\t<div class=\"elementor-element elementor-element-51caa46 elementor-hidden-desktop elementor-hidden-tablet elementor-hidden-mobile elementor-widget elementor-widget-heading\" data-id=\"51caa46\" data-element_type=\"widget\" data-e-type=\"widget\" id=\"seo-word\" data-widget_type=\"heading.default\">\n\t\t\t\t<div class=\"elementor-widget-container\">\n\t\t\t\t\t<h5 class=\"elementor-heading-title elementor-size-default\">prawo imigracyjne adwokat enschede<\/h5>\t\t\t\t<\/div>\n\t\t\t\t<\/div>\n\t\t\t\t<div class=\"elementor-element elementor-element-5cc258e elementor-hidden-desktop elementor-hidden-tablet elementor-hidden-mobile elementor-widget elementor-widget-heading\" data-id=\"5cc258e\" data-element_type=\"widget\" data-e-type=\"widget\" id=\"seo-word\" data-widget_type=\"heading.default\">\n\t\t\t\t<div class=\"elementor-widget-container\">\n\t\t\t\t\t<h5 class=\"elementor-heading-title elementor-size-default\">prawo imigracyjne adwokat overijssel<\/h5>\t\t\t\t<\/div>\n\t\t\t\t<\/div>\n\t\t\t\t<div class=\"elementor-element elementor-element-80f4509 elementor-hidden-desktop elementor-hidden-tablet elementor-hidden-mobile elementor-widget elementor-widget-heading\" data-id=\"80f4509\" data-element_type=\"widget\" data-e-type=\"widget\" id=\"seo-word\" data-widget_type=\"heading.default\">\n\t\t\t\t<div class=\"elementor-widget-container\">\n\t\t\t\t\t<h5 class=\"elementor-heading-title elementor-size-default\">prawo cudzoziemc\u00f3w enschede<\/h5>\t\t\t\t<\/div>\n\t\t\t\t<\/div>\n\t\t\t\t<div class=\"elementor-element elementor-element-9627050 elementor-hidden-desktop elementor-hidden-tablet elementor-hidden-mobile elementor-widget elementor-widget-heading\" data-id=\"9627050\" data-element_type=\"widget\" data-e-type=\"widget\" id=\"seo-word\" data-widget_type=\"heading.default\">\n\t\t\t\t<div class=\"elementor-widget-container\">\n\t\t\t\t\t<h5 class=\"elementor-heading-title elementor-size-default\">adwokat enschede prawo cudzoziemc\u00f3w<\/h5>\t\t\t\t<\/div>\n\t\t\t\t<\/div>\n\t\t\t\t<div class=\"elementor-element elementor-element-3659afb elementor-hidden-desktop elementor-hidden-tablet elementor-hidden-mobile elementor-widget elementor-widget-heading\" data-id=\"3659afb\" data-element_type=\"widget\" data-e-type=\"widget\" id=\"seo-word\" data-widget_type=\"heading.default\">\n\t\t\t\t<div class=\"elementor-widget-container\">\n\t\t\t\t\t<h5 class=\"elementor-heading-title elementor-size-default\">dokumenty, kt\u00f3re Pa\u0144stwo przesy\u0142aj\u0105, s\u0105 wa\u017cne, dzi\u0119ki tym informacjom, prosz\u0119 da\u0107 nam zna\u0107 <\/h5>\t\t\t\t<\/div>\n\t\t\t\t<\/div>\n\t\t\t\t<div class=\"elementor-element elementor-element-e7e0043 elementor-hidden-desktop elementor-hidden-tablet elementor-hidden-mobile elementor-widget elementor-widget-heading\" data-id=\"e7e0043\" data-element_type=\"widget\" data-e-type=\"widget\" id=\"seo-word\" data-widget_type=\"heading.default\">\n\t\t\t\t<div class=\"elementor-widget-container\">\n\t\t\t\t\t<h5 class=\"elementor-heading-title elementor-size-default\">Przed\u0142u\u017cenie zezwolenia na pobyt, zw\u0142aszcza zezwolenia na pobyt sta\u0142y, jest wa\u017cnym krokiem w prawie imigracyjnym. Je\u015bli mieszkaj\u0105 Pa\u0144stwo w Holandii na podstawie tymczasowego zezwolenia i chc\u0105 przed\u0142u\u017cy\u0107 sw\u00f3j status pobytu lub ubiega\u0107 si\u0119 o zezwolenie na pobyt sta\u0142y, pomoc prawna od wyspecjalizowanego prawnika imigracyjnego w Derbedrosian Vreemdelingenrecht Advocaten w Enschede i Overijssel mo\u017ce by\u0107 nieoceniona.\n\nWiza dla wykwalifikowanych imigrant\u00f3w mo\u017ce by\u0107 opcj\u0105 dla wysoko wykwalifikowanych pracownik\u00f3w, kt\u00f3rzy chc\u0105 pracowa\u0107 w Holandii. Wiza ta ma okre\u015blone warunki i wymagania, kt\u00f3re musz\u0105 zosta\u0107 spe\u0142nione.\n\nNasi prawnicy imigracyjni rozumiej\u0105 z\u0142o\u017cono\u015b\u0107 tych procedur i s\u0105 gotowi doradzi\u0107 i poprowadzi\u0107 Pa\u0144stwa w zakresie przed\u0142u\u017cenia zezwolenia na pobyt, ubiegania si\u0119 o zezwolenie na pobyt sta\u0142y lub uzyskania wizy dla wykwalifikowanych migrant\u00f3w. Zapewniamy, \u017ce Pa\u0144stwa wniosek spe\u0142nia wszystkie wymogi prawne, a Pa\u0144stwa prawa s\u0105 chronione w trakcie ca\u0142ego procesu.\n\nJe\u015bli maj\u0105 Pa\u0144stwo jakiekolwiek pytania dotycz\u0105ce przed\u0142u\u017cenia zezwolenia na pobyt, ubiegania si\u0119 o zezwolenie na pobyt bezterminowy lub innych kwestii zwi\u0105zanych z prawem imigracyjnym, prosimy o kontakt z kancelari\u0105 Derbedrosian Immigration Lawyers. Jeste\u015bmy gotowi pom\u00f3c Pa\u0144stwu i zapewni\u0107, \u017ce Pa\u0144stwa status pobytu w Holandii jest odpowiednio uregulowany.<\/h5>\t\t\t\t<\/div>\n\t\t\t\t<\/div>\n\t\t\t\t<div class=\"elementor-element elementor-element-5ff9cb8 color-scheme-inherit text-left elementor-widget elementor-widget-text-editor\" data-id=\"5ff9cb8\" data-element_type=\"widget\" data-e-type=\"widget\" data-widget_type=\"text-editor.default\">\n\t\t\t\t<div class=\"elementor-widget-container\">\n\t\t\t\t\t\t\t\t\t<p><strong>Szukaj\u0105 Pa\u0144stwo prawnika, kt\u00f3ry pomo\u017ce Pa\u0144stwu ubiega\u0107 si\u0119 o zezwolenie na pobyt dla imigrant\u00f3w? Kancelaria Der Bedrosian ma prawnik\u00f3w z du\u017cym do\u015bwiadczeniem w prawie imigracyjnym i dlatego mo\u017ce pom\u00f3c w Pa\u0144stwa sprawie.<\/strong><\/p>\t\t\t\t\t\t\t\t<\/div>\n\t\t\t\t<\/div>\n\t\t\t\t<div class=\"elementor-element elementor-element-c7347a5 elementor-widget elementor-widget-spacer\" data-id=\"c7347a5\" data-element_type=\"widget\" data-e-type=\"widget\" data-widget_type=\"spacer.default\">\n\t\t\t\t<div class=\"elementor-widget-container\">\n\t\t\t\t\t\t\t<div class=\"elementor-spacer\">\n\t\t\t<div class=\"elementor-spacer-inner\"><\/div>\n\t\t<\/div>\n\t\t\t\t\t\t<\/div>\n\t\t\t\t<\/div>\n\t\t\t\t<div class=\"elementor-element elementor-element-d75d389 elementor-widget elementor-widget-heading\" data-id=\"d75d389\" data-element_type=\"widget\" data-e-type=\"widget\" data-widget_type=\"heading.default\">\n\t\t\t\t<div class=\"elementor-widget-container\">\n\t\t\t\t\t<h3 class=\"elementor-heading-title elementor-size-default\">Co wchodzi w zakres wiedzy migranta?<\/h3>\t\t\t\t<\/div>\n\t\t\t\t<\/div>\n\t\t\t\t<div class=\"elementor-element elementor-element-b5874b7 color-scheme-inherit text-left elementor-widget elementor-widget-text-editor\" data-id=\"b5874b7\" data-element_type=\"widget\" data-e-type=\"widget\" data-widget_type=\"text-editor.default\">\n\t\t\t\t<div class=\"elementor-widget-container\">\n\t\t\t\t\t\t\t\t\t<p>Na obecnym rynku pracy zatrudnianie migrant\u00f3w wykwalifikowanych sta\u0142o si\u0119 bardzo atrakcyjne dla holenderskich przedsi\u0119biorstw. S\u0105 to osoby z wy\u017cszym wykszta\u0142ceniem spoza Europy, kt\u00f3re chc\u0105 przyjecha\u0107 do Holandii, aby podj\u0105\u0107 prac\u0119. S\u0105 to na przyk\u0142ad naukowcy, badacze i nauczyciele. Aby jednak m\u00f3c tu pracowa\u0107, potrzebuj\u0105 specjalnego pozwolenia na prac\u0119. Nazywamy je \u2018zezwoleniem na pobyt w celu podj\u0119cia pracy jako migrant wykwalifikowany\u2019.\u00a0Ca\u0142y proces zwi\u0105zany z tym zagadnieniem nazywamy migracj\u0105 wykwalifikowanych pracownik\u00f3w.<\/p>\t\t\t\t\t\t\t\t<\/div>\n\t\t\t\t<\/div>\n\t\t\t\t<div class=\"elementor-element elementor-element-7d41da8 elementor-widget elementor-widget-spacer\" data-id=\"7d41da8\" data-element_type=\"widget\" data-e-type=\"widget\" data-widget_type=\"spacer.default\">\n\t\t\t\t<div class=\"elementor-widget-container\">\n\t\t\t\t\t\t\t<div class=\"elementor-spacer\">\n\t\t\t<div class=\"elementor-spacer-inner\"><\/div>\n\t\t<\/div>\n\t\t\t\t\t\t<\/div>\n\t\t\t\t<\/div>\n\t\t\t\t<div class=\"elementor-element elementor-element-061b7a3 elementor-widget elementor-widget-heading\" data-id=\"061b7a3\" data-element_type=\"widget\" data-e-type=\"widget\" data-widget_type=\"heading.default\">\n\t\t\t\t<div class=\"elementor-widget-container\">\n\t\t\t\t\t<h3 class=\"elementor-heading-title elementor-size-default\">Ile minimalnie powinien zarabia\u0107 imigrant zarobkowy?<\/h3>\t\t\t\t<\/div>\n\t\t\t\t<\/div>\n\t\t\t\t<div class=\"elementor-element elementor-element-88f4e70 color-scheme-inherit text-left elementor-widget elementor-widget-text-editor\" data-id=\"88f4e70\" data-element_type=\"widget\" data-e-type=\"widget\" data-widget_type=\"text-editor.default\">\n\t\t\t\t<div class=\"elementor-widget-container\">\n\t\t\t\t\t\t\t\t\t<p>Wa\u017cne jest, aby wiedzie\u0107, \u017ce od 1 stycznia 2022 r. warunki uzyskania pozwolenia na pobyt dla wykwalifikowanych migrant\u00f3w b\u0119d\u0105 si\u0119 r\u00f3\u017cni\u0107 w zale\u017cno\u015bci od wieku i dochod\u00f3w. Je\u015bli masz mniej ni\u017c 30 lat, przez pierwsze trzy lata po uko\u0144czeniu studi\u00f3w obowi\u0105zuje pr\u00f3g wynagrodzenia w wysoko\u015bci 2543 euro miesi\u0119cznie, co odpowiada rocznemu wynagrodzeniu brutto w wysoko\u015bci 30 516 euro. Je\u015bli masz 30 lat lub wi\u0119cej, musisz mie\u0107 miesi\u0119czne wynagrodzenie brutto w wysoko\u015bci 4840 euro, co odpowiada rocznemu wynagrodzeniu brutto w wysoko\u015bci co najmniej 58 080 euro.<\/p><p>Uwaga: kwoty te nie obejmuj\u0105 dodatku urlopowego 8%.<\/p>\t\t\t\t\t\t\t\t<\/div>\n\t\t\t\t<\/div>\n\t\t\t\t<div class=\"elementor-element elementor-element-a2c362b elementor-widget elementor-widget-spacer\" data-id=\"a2c362b\" data-element_type=\"widget\" data-e-type=\"widget\" data-widget_type=\"spacer.default\">\n\t\t\t\t<div class=\"elementor-widget-container\">\n\t\t\t\t\t\t\t<div class=\"elementor-spacer\">\n\t\t\t<div class=\"elementor-spacer-inner\"><\/div>\n\t\t<\/div>\n\t\t\t\t\t\t<\/div>\n\t\t\t\t<\/div>\n\t\t\t\t<div class=\"elementor-element elementor-element-e416ba5 elementor-widget elementor-widget-heading\" data-id=\"e416ba5\" data-element_type=\"widget\" data-e-type=\"widget\" data-widget_type=\"heading.default\">\n\t\t\t\t<div class=\"elementor-widget-container\">\n\t\t\t\t\t<h3 class=\"elementor-heading-title elementor-size-default\">Jak d\u0142ugo mo\u017ce Pan\/Pani pozosta\u0107 w Holandii jako imigrant zarobkowy?<\/h3>\t\t\t\t<\/div>\n\t\t\t\t<\/div>\n\t\t\t\t<div class=\"elementor-element elementor-element-91ad552 color-scheme-inherit text-left elementor-widget elementor-widget-text-editor\" data-id=\"91ad552\" data-element_type=\"widget\" data-e-type=\"widget\" data-widget_type=\"text-editor.default\">\n\t\t\t\t<div class=\"elementor-widget-container\">\n\t\t\t\t\t\t\t\t\t<p>Kiedy przebywa Pan\/Pani w Holandii jako wysoko wykwalifikowany migrant, zasadniczo mo\u017ce Pan\/Pani pozosta\u0107 w Holandii przez maksymalnie pi\u0119\u0107 lat. Okres ten mo\u017ce zosta\u0107 przed\u0142u\u017cony, je\u015bli nadal spe\u0142nia Pan\/Pani warunki. Je\u015bli chce Pan(i) pozosta\u0107 w Holandii d\u0142u\u017cej po zako\u0144czeniu programu dla imigrant\u00f3w wysoko wykwalifikowanych, mo\u017ce Pan(i) by\u0107 zmuszony(a) ubiega\u0107 si\u0119 o kolejne zezwolenie na pobyt lub rozwa\u017cy\u0107 uzyskanie obywatelstwa holenderskiego. Zalecamy skontaktowanie si\u0119 z jednym z naszych prawnik\u00f3w w celu uzyskania informacji i wskaz\u00f3wek dotycz\u0105cych Pa\u0144stwa sytuacji.<\/p>\t\t\t\t\t\t\t\t<\/div>\n\t\t\t\t<\/div>\n\t\t\t\t<div class=\"elementor-element elementor-element-343f1e8 elementor-widget elementor-widget-spacer\" data-id=\"343f1e8\" data-element_type=\"widget\" data-e-type=\"widget\" data-widget_type=\"spacer.default\">\n\t\t\t\t<div class=\"elementor-widget-container\">\n\t\t\t\t\t\t\t<div class=\"elementor-spacer\">\n\t\t\t<div class=\"elementor-spacer-inner\"><\/div>\n\t\t<\/div>\n\t\t\t\t\t\t<\/div>\n\t\t\t\t<\/div>\n\t\t\t\t<div class=\"elementor-element elementor-element-a5bddba elementor-widget elementor-widget-heading\" data-id=\"a5bddba\" data-element_type=\"widget\" data-e-type=\"widget\" data-widget_type=\"heading.default\">\n\t\t\t\t<div class=\"elementor-widget-container\">\n\t\t\t\t\t<h3 class=\"elementor-heading-title elementor-size-default\">Warunki uzyskania zezwolenia na pobyt dla wysoko wykwalifikowanych migrant\u00f3w<\/h3>\t\t\t\t<\/div>\n\t\t\t\t<\/div>\n\t\t\t\t<div class=\"elementor-element elementor-element-9c11f63 color-scheme-inherit text-left elementor-widget elementor-widget-text-editor\" data-id=\"9c11f63\" data-element_type=\"widget\" data-e-type=\"widget\" data-widget_type=\"text-editor.default\">\n\t\t\t\t<div class=\"elementor-widget-container\">\n\t\t\t\t\t\t\t\t\t<p>Aby ubiega\u0107 si\u0119 o zezwolenie na pobyt dla migrant\u00f3w zarobkowych, musz\u0105 Pa\u0144stwo najpierw spe\u0142ni\u0107 nast\u0119puj\u0105ce warunki wymienione poni\u017cej:<\/p><ul><li><strong>Id:<\/strong> posiadaj\u0105 Pa\u0144stwo wa\u017cny dokument podr\u00f3\u017cy, paszport lub dow\u00f3d osobisty w celu potwierdzenia to\u017csamo\u015bci.<\/li><li><strong>Mieszkanie:<\/strong> mieszka Pan g\u0142\u00f3wnie w Holandii i sp\u0119dza tam wi\u0119kszo\u015b\u0107 czasu.<\/li><li><strong>Niebezpiecze\u0144stwo:<\/strong> nie stanowi Pan\/Pani zagro\u017cenia dla porz\u0105dku publicznego lub bezpiecze\u0144stwa narodowego, na przyk\u0142ad poprzez pope\u0142nienie przest\u0119pstwa w przesz\u0142o\u015bci.<\/li><li><strong>Wa\u017cne zezwolenie na pobyt:<\/strong> posiada Pan\/Pani ju\u017c wa\u017cne zezwolenie na pobyt, kt\u00f3re jest odnawialne. Pana\/Pani aktualne zezwolenie na pobyt nie powinno r\u00f3wnie\u017c zawiera\u0107 nieprawdziwych informacji.<\/li><\/ul>\t\t\t\t\t\t\t\t<\/div>\n\t\t\t\t<\/div>\n\t\t\t\t<div class=\"elementor-element elementor-element-e02016e elementor-widget elementor-widget-spacer\" data-id=\"e02016e\" data-element_type=\"widget\" data-e-type=\"widget\" data-widget_type=\"spacer.default\">\n\t\t\t\t<div class=\"elementor-widget-container\">\n\t\t\t\t\t\t\t<div class=\"elementor-spacer\">\n\t\t\t<div class=\"elementor-spacer-inner\"><\/div>\n\t\t<\/div>\n\t\t\t\t\t\t<\/div>\n\t\t\t\t<\/div>\n\t\t\t\t<div class=\"elementor-element elementor-element-0cc72d8 elementor-widget elementor-widget-heading\" data-id=\"0cc72d8\" data-element_type=\"widget\" data-e-type=\"widget\" data-widget_type=\"heading.default\">\n\t\t\t\t<div class=\"elementor-widget-container\">\n\t\t\t\t\t<h3 class=\"elementor-heading-title elementor-size-default\">Jakie warunki musi spe\u0142ni\u0107 migrant wiedzy?<\/h3>\t\t\t\t<\/div>\n\t\t\t\t<\/div>\n\t\t\t\t<div class=\"elementor-element elementor-element-525ed33 color-scheme-inherit text-left elementor-widget elementor-widget-text-editor\" data-id=\"525ed33\" data-element_type=\"widget\" data-e-type=\"widget\" data-widget_type=\"text-editor.default\">\n\t\t\t\t<div class=\"elementor-widget-container\">\n\t\t\t\t\t\t\t\t\t<p>Opr\u00f3cz standardowych warunk\u00f3w, istniej\u0105 r\u00f3wnie\u017c szczeg\u00f3lne warunki maj\u0105ce zastosowanie do Pana\/Pani i Pana\/Pani pracodawcy:<\/p><ul><li><strong>Umowa o prac\u0119:<\/strong> Posiada Pan\/Pani umow\u0119 o prac\u0119 z pracodawc\u0105 lub instytucj\u0105 badawcz\u0105 w Holandii.<\/li><li><strong>Zatwierdzony pracodawca:<\/strong> Pana\/Pani pracodawca musi by\u0107 uznany przez Urz\u0105d Imigracyjny i Naturalizacyjny (IND), aby unikn\u0105\u0107 negatywnej decyzji, z wyj\u0105tkiem sytuacji, gdy posiada Pan\/Pani obywatelstwo tureckie. W takim przypadku mo\u017ce Pan\/Pani z\u0142o\u017cy\u0107 wniosek samodzielnie.<\/li><li><strong>Rejestr BIG<\/strong>Je\u015bli chce Pan(i) pracowa\u0107 w indywidualnej opiece zdrowotnej, musi Pan(i) by\u0107 zarejestrowany(a) w rejestrze BIG. Dzi\u0119ki temu wpisowi Pana\/Pani pracodawca mo\u017ce zezwoli\u0107 \u015bwiadczeniodawcy opieki zdrowotnej z zagranicznym dyplomem na samodzieln\u0105 prac\u0119<\/li><\/ul>\t\t\t\t\t\t\t\t<\/div>\n\t\t\t\t<\/div>\n\t\t\t\t<div class=\"elementor-element elementor-element-8bd9ba0 elementor-widget elementor-widget-spacer\" data-id=\"8bd9ba0\" data-element_type=\"widget\" data-e-type=\"widget\" data-widget_type=\"spacer.default\">\n\t\t\t\t<div class=\"elementor-widget-container\">\n\t\t\t\t\t\t\t<div class=\"elementor-spacer\">\n\t\t\t<div class=\"elementor-spacer-inner\"><\/div>\n\t\t<\/div>\n\t\t\t\t\t\t<\/div>\n\t\t\t\t<\/div>\n\t\t\t\t<div class=\"elementor-element elementor-element-141cc68 elementor-widget elementor-widget-heading\" data-id=\"141cc68\" data-element_type=\"widget\" data-e-type=\"widget\" data-widget_type=\"heading.default\">\n\t\t\t\t<div class=\"elementor-widget-container\">\n\t\t\t\t\t<h3 class=\"elementor-heading-title elementor-size-default\">Znajomo\u015b\u0107 procedury dotycz\u0105cej zezwolenia na pobyt migranta<\/h3>\t\t\t\t<\/div>\n\t\t\t\t<\/div>\n\t\t\t\t<div class=\"elementor-element elementor-element-0f42503 color-scheme-inherit text-left elementor-widget elementor-widget-text-editor\" data-id=\"0f42503\" data-element_type=\"widget\" data-e-type=\"widget\" data-widget_type=\"text-editor.default\">\n\t\t\t\t<div class=\"elementor-widget-container\">\n\t\t\t\t\t\t\t\t\t<p>Istnieje szereg krok\u00f3w, kt\u00f3re nale\u017cy podj\u0105\u0107, aby ostatecznie uzyska\u0107 zezwolenie na pobyt. Poni\u017cej wymienili\u015bmy te kroki.<\/p><ul><li><span style=\"font-size: 17.6px;\"><b>Jakie dokumenty Pa\u0144stwo wysy\u0142aj\u0105?<\/b><\/span><b>:<\/b> Prosz\u0119 sprawdzi\u0107, jakie dokumenty s\u0105 potrzebne i zebra\u0107 je przed z\u0142o\u017ceniem wniosku przez instytucj\u0119 edukacyjn\u0105. Prosz\u0119 upewni\u0107 si\u0119, \u017ce oficjalne dokumenty zagraniczne zosta\u0142y zalegalizowane i przet\u0142umaczone na j\u0119zyk niderlandzki, aby unikn\u0105\u0107 op\u00f3\u017anie\u0144.<\/li><li><strong>Prosz\u0119 przes\u0142a\u0107 zg\u0142oszenie:<\/strong>\u00a0Sk\u0142adaj\u0105 Pa\u0144stwo wniosek o zezwolenie na pobyt w Urz\u0119dzie Imigracji i Naturalizacji (IND).<\/li><li><strong>P\u0142atno\u015b\u0107:<\/strong>\u00a0uiszczaj\u0105 Pa\u0144stwo zwyk\u0142\u0105 op\u0142at\u0119 za wniosek o zezwolenie na pobyt jako wysoko wykwalifikowany migrant. Kosztuje to 350 euro<\/li><li><strong>Decyzja IND:<\/strong>\u00a0IND ma 90 dni na podj\u0119cie decyzji. W niekt\u00f3rych przypadkach decyzja mo\u017ce potrwa\u0107 d\u0142u\u017cej, na przyk\u0142ad je\u015bli wniosek nie jest kompletny. Otrzyma Pan\/Pani pismo z decyzj\u0105, kt\u00f3ra mo\u017ce by\u0107 pozytywna lub negatywna. W przypadku decyzji pozytywnej otrzyma Pan\/Pani \"zezwolenie na pobyt dla migrant\u00f3w posiadaj\u0105cych wiedz\u0119\". W przypadku decyzji negatywnej ma Pan\/Pani mo\u017cliwo\u015b\u0107 wniesienia sprzeciwu wobec decyzji IND.<\/li><li><strong>Odbi\u00f3r dokumentu pobytowego:<\/strong>\u00a0Je\u015bli decyzja IND b\u0119dzie pozytywna, otrzymaj\u0105 Pa\u0144stwo powiadomienie, gdy dokument pobytowy b\u0119dzie gotowy do odbioru w punkcie IND. Odbioru mo\u017cna dokona\u0107 wy\u0142\u0105cznie po wcze\u015bniejszym um\u00f3wieniu si\u0119.<\/li><\/ul>\t\t\t\t\t\t\t\t<\/div>\n\t\t\t\t<\/div>\n\t\t\t\t<div class=\"elementor-element elementor-element-b422f5c elementor-widget elementor-widget-spacer\" data-id=\"b422f5c\" data-element_type=\"widget\" data-e-type=\"widget\" data-widget_type=\"spacer.default\">\n\t\t\t\t<div class=\"elementor-widget-container\">\n\t\t\t\t\t\t\t<div class=\"elementor-spacer\">\n\t\t\t<div class=\"elementor-spacer-inner\"><\/div>\n\t\t<\/div>\n\t\t\t\t\t\t<\/div>\n\t\t\t\t<\/div>\n\t\t\t\t<div class=\"elementor-element elementor-element-1c0f48c elementor-widget elementor-widget-heading\" data-id=\"1c0f48c\" data-element_type=\"widget\" data-e-type=\"widget\" data-widget_type=\"heading.default\">\n\t\t\t\t<div class=\"elementor-widget-container\">\n\t\t\t\t\t<h3 class=\"elementor-heading-title elementor-size-default\">Zezwolenie na pobyt wiedza prawnika migranta<\/h3>\t\t\t\t<\/div>\n\t\t\t\t<\/div>\n\t\t\t\t<div class=\"elementor-element elementor-element-6bdaafc color-scheme-inherit text-left elementor-widget elementor-widget-text-editor\" data-id=\"6bdaafc\" data-element_type=\"widget\" data-e-type=\"widget\" data-widget_type=\"text-editor.default\">\n\t\t\t\t<div class=\"elementor-widget-container\">\n\t\t\t\t\t\t\t\t\t<p>Wszystkie te zasady, warunki i etapy procedury mog\u0105 by\u0107 bardzo czasoch\u0142onne.<\/p><p>W zwi\u0105zku z tym zawsze zaleca si\u0119 skorzystanie z pomocy do\u015bwiadczonego prawnika. W kancelarii Der Bedrosian mamy wyspecjalizowanych prawnik\u00f3w z du\u017cym do\u015bwiadczeniem w prawie imigracyjnym i dlatego mo\u017cemy pom\u00f3c Pa\u0144stwu w ubieganiu si\u0119 o zezwolenie na pobyt dla migrant\u00f3w zarobkowych.<\/p><p>Prosimy o kontakt w celu um\u00f3wienia si\u0119 na spotkanie z jednym z naszych prawnik\u00f3w, kt\u00f3rzy s\u0105 gotowi s\u0142u\u017cy\u0107 Pa\u0144stwu pomoc\u0105 i doradztwem.<\/p>\t\t\t\t\t\t\t\t<\/div>\n\t\t\t\t<\/div>\n\t\t\t\t\t<\/div>\n\t\t\t\t<\/div>\n\t\t<div class=\"wd-negative-gap elementor-element elementor-element-f08288c e-flex e-con-boxed e-con e-parent\" data-id=\"f08288c\" data-element_type=\"container\" data-e-type=\"container\">\n\t\t\t\t\t<div class=\"e-con-inner\">\n\t\t\t\t\t<\/div>\n\t\t\t\t<\/div>\n\t\t\t\t<\/div>","protected":false},"excerpt":{"rendered":"<p>wniosek o pozwolenie na pobyt prawnik przed\u0142u\u017cenie pozwolenia na pobyt prawnik pozwolenie na pobyt na czas nieokre\u015blony prawnik wiza dla wykwalifikowanych migrant\u00f3w wynagrodzenie wykwalifikowanego migranta w 2023 r. prosz\u0119 przes\u0142a\u0107 wa\u017cno\u015b\u0107 pozwolenia na prac\u0119<\/p>","protected":false},"author":1,"featured_media":0,"parent":10627,"menu_order":0,"comment_status":"closed","ping_status":"closed","template":"","meta":{"footnotes":""},"class_list":["post-10702","page","type-page","status-publish","hentry"],"_links":{"self":[{"href":"https:\/\/www.derbedrosian.nl\/pl\/wp-json\/wp\/v2\/pages\/10702","targetHints":{"allow":["GET"]}}],"collection":[{"href":"https:\/\/www.derbedrosian.nl\/pl\/wp-json\/wp\/v2\/pages"}],"about":[{"href":"https:\/\/www.derbedrosian.nl\/pl\/wp-json\/wp\/v2\/types\/page"}],"author":[{"embeddable":true,"href":"https:\/\/www.derbedrosian.nl\/pl\/wp-json\/wp\/v2\/users\/1"}],"replies":[{"embeddable":true,"href":"https:\/\/www.derbedrosian.nl\/pl\/wp-json\/wp\/v2\/comments?post=10702"}],"version-history":[{"count":0,"href":"https:\/\/www.derbedrosian.nl\/pl\/wp-json\/wp\/v2\/pages\/10702\/revisions"}],"up":[{"embeddable":true,"href":"https:\/\/www.derbedrosian.nl\/pl\/wp-json\/wp\/v2\/pages\/10627"}],"wp:attachment":[{"href":"https:\/\/www.derbedrosian.nl\/pl\/wp-json\/wp\/v2\/media?parent=10702"}],"curies":[{"name":"wp","href":"https:\/\/api.w.org\/{rel}","templated":true}]}}