{"id":10697,"date":"2023-05-26T16:03:51","date_gmt":"2023-05-26T14:03:51","guid":{"rendered":"https:\/\/derbedrosian.nl\/?page_id=10697"},"modified":"2025-12-21T16:04:53","modified_gmt":"2025-12-21T14:04:53","slug":"zezwolenie-na-pobyt-nie-z-wlasnej-winy","status":"publish","type":"page","link":"https:\/\/www.derbedrosian.nl\/pl\/rechtsgebieden\/vreemdelingenrecht\/verblijfsvergunning-buiten-schuld\/","title":{"rendered":"Dokument pobytowy Nie z w\u0142asnej winy"},"content":{"rendered":"<div data-elementor-type=\"wp-page\" data-elementor-id=\"10697\" class=\"elementor elementor-10697\" data-elementor-post-type=\"page\">\n\t\t\t\t<div class=\"wd-negative-gap elementor-element elementor-element-4e82d63 e-flex e-con-boxed e-con e-parent\" data-id=\"4e82d63\" data-element_type=\"container\" data-e-type=\"container\">\n\t\t\t\t\t<div class=\"e-con-inner\">\n\t\t\t\t<div class=\"elementor-element elementor-element-77beea1 elementor-hidden-desktop elementor-hidden-tablet elementor-hidden-mobile elementor-widget elementor-widget-wd_image_or_svg\" data-id=\"77beea1\" data-element_type=\"widget\" data-e-type=\"widget\" id=\"seo-word\" data-widget_type=\"wd_image_or_svg.default\">\n\t\t\t\t<div class=\"elementor-widget-container\">\n\t\t\t\t\t\n\t\t<div class=\"wd-image text-left\">\n\t\t\t\t\t\t\t\t<img loading=\"lazy\" decoding=\"async\" width=\"1000\" height=\"667\" src=\"https:\/\/www.derbedrosian.nl\/wp-content\/uploads\/rechtsgebied-verblijfsvergunning-buiten-schuld.jpg\" class=\"attachment-full size-full\" alt=\"Zezwolenie na pobyt nie z winy prawnika DT&amp;V (Us\u0142uga Repatriacji i Wyjazdu) warunki prawo cudzoziemc\u00f3w wiza\" srcset=\"https:\/\/www.derbedrosian.nl\/wp-content\/uploads\/rechtsgebied-verblijfsvergunning-buiten-schuld.jpg 1000w, https:\/\/www.derbedrosian.nl\/wp-content\/uploads\/rechtsgebied-verblijfsvergunning-buiten-schuld-400x267.jpg 400w, https:\/\/www.derbedrosian.nl\/wp-content\/uploads\/rechtsgebied-verblijfsvergunning-buiten-schuld-768x512.jpg 768w\" sizes=\"auto, (max-width: 1000px) 100vw, 1000px\" title=\"\">\t\t\t\t\t<\/div>\n\n\t\t\t\t\t\t<\/div>\n\t\t\t\t<\/div>\n\t\t\t\t<div class=\"elementor-element elementor-element-3b78b60 elementor-hidden-desktop elementor-hidden-tablet elementor-hidden-mobile elementor-widget elementor-widget-heading\" data-id=\"3b78b60\" data-element_type=\"widget\" data-e-type=\"widget\" id=\"seo-word\" data-widget_type=\"heading.default\">\n\t\t\t\t<div class=\"elementor-widget-container\">\n\t\t\t\t\t<h2 class=\"elementor-heading-title elementor-size-default\">prawnik Zezwolenie na pobyt nie z w\u0142asnej winy<\/h2>\t\t\t\t<\/div>\n\t\t\t\t<\/div>\n\t\t\t\t<div class=\"elementor-element elementor-element-58aa2cf elementor-hidden-desktop elementor-hidden-tablet elementor-hidden-mobile elementor-widget elementor-widget-heading\" data-id=\"58aa2cf\" data-element_type=\"widget\" data-e-type=\"widget\" id=\"seo-word\" data-widget_type=\"heading.default\">\n\t\t\t\t<div class=\"elementor-widget-container\">\n\t\t\t\t\t<h5 class=\"elementor-heading-title elementor-size-default\">ubiegaj\u0105 si\u0119 o zezwolenie na pobyt nie z w\u0142asnej winy<\/h5>\t\t\t\t<\/div>\n\t\t\t\t<\/div>\n\t\t\t\t<div class=\"elementor-element elementor-element-c53fd78 elementor-hidden-desktop elementor-hidden-tablet elementor-hidden-mobile elementor-widget elementor-widget-heading\" data-id=\"c53fd78\" data-element_type=\"widget\" data-e-type=\"widget\" id=\"seo-word\" data-widget_type=\"heading.default\">\n\t\t\t\t<div class=\"elementor-widget-container\">\n\t\t\t\t\t<h5 class=\"elementor-heading-title elementor-size-default\">Us\u0142uga repatriacji i wyjazdu (DT&amp;V)\n<\/h5>\t\t\t\t<\/div>\n\t\t\t\t<\/div>\n\t\t\t\t<div class=\"elementor-element elementor-element-9e79ca4 elementor-hidden-desktop elementor-hidden-tablet elementor-hidden-mobile elementor-widget elementor-widget-heading\" data-id=\"9e79ca4\" data-element_type=\"widget\" data-e-type=\"widget\" id=\"seo-word\" data-widget_type=\"heading.default\">\n\t\t\t\t<div class=\"elementor-widget-container\">\n\t\t\t\t\t<h5 class=\"elementor-heading-title elementor-size-default\">Prawo imigracyjne<\/h5>\t\t\t\t<\/div>\n\t\t\t\t<\/div>\n\t\t\t\t<div class=\"elementor-element elementor-element-efe2b47 elementor-hidden-desktop elementor-hidden-tablet elementor-hidden-mobile elementor-widget elementor-widget-heading\" data-id=\"efe2b47\" data-element_type=\"widget\" data-e-type=\"widget\" id=\"seo-word\" data-widget_type=\"heading.default\">\n\t\t\t\t<div class=\"elementor-widget-container\">\n\t\t\t\t\t<h5 class=\"elementor-heading-title elementor-size-default\">prawo imigracyjne adwokat enschede<\/h5>\t\t\t\t<\/div>\n\t\t\t\t<\/div>\n\t\t\t\t<div class=\"elementor-element elementor-element-d7de649 elementor-hidden-desktop elementor-hidden-tablet elementor-hidden-mobile elementor-widget elementor-widget-heading\" data-id=\"d7de649\" data-element_type=\"widget\" data-e-type=\"widget\" id=\"seo-word\" data-widget_type=\"heading.default\">\n\t\t\t\t<div class=\"elementor-widget-container\">\n\t\t\t\t\t<h5 class=\"elementor-heading-title elementor-size-default\">prawo imigracyjne adwokat overijssel<\/h5>\t\t\t\t<\/div>\n\t\t\t\t<\/div>\n\t\t\t\t<div class=\"elementor-element elementor-element-dac1cab elementor-hidden-desktop elementor-hidden-tablet elementor-hidden-mobile elementor-widget elementor-widget-heading\" data-id=\"dac1cab\" data-element_type=\"widget\" data-e-type=\"widget\" id=\"seo-word\" data-widget_type=\"heading.default\">\n\t\t\t\t<div class=\"elementor-widget-container\">\n\t\t\t\t\t<h5 class=\"elementor-heading-title elementor-size-default\">prawo cudzoziemc\u00f3w enschede<\/h5>\t\t\t\t<\/div>\n\t\t\t\t<\/div>\n\t\t\t\t<div class=\"elementor-element elementor-element-df5865a elementor-hidden-desktop elementor-hidden-tablet elementor-hidden-mobile elementor-widget elementor-widget-heading\" data-id=\"df5865a\" data-element_type=\"widget\" data-e-type=\"widget\" id=\"seo-word\" data-widget_type=\"heading.default\">\n\t\t\t\t<div class=\"elementor-widget-container\">\n\t\t\t\t\t<h5 class=\"elementor-heading-title elementor-size-default\">adwokat enschede prawo cudzoziemc\u00f3w<\/h5>\t\t\t\t<\/div>\n\t\t\t\t<\/div>\n\t\t\t\t<div class=\"elementor-element elementor-element-72c00aa elementor-hidden-desktop elementor-hidden-tablet elementor-hidden-mobile elementor-widget elementor-widget-heading\" data-id=\"72c00aa\" data-element_type=\"widget\" data-e-type=\"widget\" id=\"seo-word\" data-widget_type=\"heading.default\">\n\t\t\t\t<div class=\"elementor-widget-container\">\n\t\t\t\t\t<h5 class=\"elementor-heading-title elementor-size-default\">co to znaczy, \u017ce nie mo\u017cna opu\u015bci\u0107 Holandii, czy istnieje specjalne zezwolenie na pobyt?<\/h5>\t\t\t\t<\/div>\n\t\t\t\t<\/div>\n\t\t\t\t<div class=\"elementor-element elementor-element-76d0107 elementor-hidden-desktop elementor-hidden-tablet elementor-hidden-mobile elementor-widget elementor-widget-heading\" data-id=\"76d0107\" data-element_type=\"widget\" data-e-type=\"widget\" id=\"seo-word\" data-widget_type=\"heading.default\">\n\t\t\t\t<div class=\"elementor-widget-container\">\n\t\t\t\t\t<h5 class=\"elementor-heading-title elementor-size-default\">Pozwolenie na pobyt \"Buiten schuld\" (bez winy) jest wa\u017cnym instrumentem prawnym w ramach prawa imigracyjnego. Pozwolenie to jest przeznaczone dla os\u00f3b, kt\u00f3re nie mog\u0105 opu\u015bci\u0107 Holandii bez w\u0142asnej winy. Ubieganie si\u0119 o pozwolenie na pobyt \"Buiten schuld\" mo\u017ce by\u0107 skomplikowan\u0105 procedur\u0105, w kt\u00f3rej nale\u017cy uwzgl\u0119dni\u0107 okre\u015blone kryteria i zasady.\n\nS\u0142u\u017cba ds. Powrot\u00f3w i Wyjazdu (DT&amp;V) odgrywa rol\u0119 w procesie wydawania zezwole\u0144 na pobyt i powrot\u00f3w. Wa\u017cne jest, aby zasi\u0119gn\u0105\u0107 porady prawnej i pomocy u wyspecjalizowanych prawnik\u00f3w zajmuj\u0105cych si\u0119 prawem imigracyjnym, takich jak Derbedrosian Vreemdelingenrecht Advocaten w Enschede i Overijssel, je\u015bli rozwa\u017caj\u0105 Pa\u0144stwo z\u0142o\u017cenie wniosku o pozwolenie na pobyt \"Buiten schuld\" lub maj\u0105 do czynienia z DT&amp;V.\n\nNasi prawnicy rozumiej\u0105 z\u0142o\u017cono\u015b\u0107 tych procedur i s\u0105 gotowi doradza\u0107 i pomaga\u0107 w procesie sk\u0142adania wniosk\u00f3w oraz komunikacji z DT&amp;V. Je\u015bli potrzebujesz pomocy w zakresie pozwole\u0144 na pobyt \"bez winy\" lub innych spraw zwi\u0105zanych z prawem imigracyjnym, nie wahaj si\u0119 skontaktowa\u0107 z Derbedrosian Vreemdelingenrecht Advocaten. Jeste\u015bmy po to, aby Ci pom\u00f3c i chroni\u0107 Twoje prawa.<\/h5>\t\t\t\t<\/div>\n\t\t\t\t<\/div>\n\t\t\t\t<div class=\"elementor-element elementor-element-9b79d93 elementor-widget elementor-widget-heading\" data-id=\"9b79d93\" data-element_type=\"widget\" data-e-type=\"widget\" data-widget_type=\"heading.default\">\n\t\t\t\t<div class=\"elementor-widget-container\">\n\t\t\t\t\t<h3 class=\"elementor-heading-title elementor-size-default\">Co nale\u017cy rozumie\u0107 przez zezwolenie na pobyt bez winy?<\/h3>\t\t\t\t<\/div>\n\t\t\t\t<\/div>\n\t\t\t\t<div class=\"elementor-element elementor-element-01f9d0a color-scheme-inherit text-left elementor-widget elementor-widget-text-editor\" data-id=\"01f9d0a\" data-element_type=\"widget\" data-e-type=\"widget\" data-widget_type=\"text-editor.default\">\n\t\t\t\t<div class=\"elementor-widget-container\">\n\t\t\t\t\t\t\t\t\t<p>Zgodnie z ustaw\u0105 o cudzoziemcach, osoba nielegalnie przebywaj\u0105ca w Holandii musi j\u0105 opu\u015bci\u0107. Dzi\u0119ki zezwoleniu na pobyt o nazwie \"Zezwolenie na pobyt bez winy\" osoba, kt\u00f3ra chce opu\u015bci\u0107 Holandi\u0119, mo\u017ce pozosta\u0107 w Holandii nawet bez dokumentu to\u017csamo\u015bci lub je\u015bli kraj, z kt\u00f3rego pochodzi, nie wsp\u00f3\u0142pracuje przy jej wyje\u017adzie z Holandii. W takich przypadkach zezwolenie to stanowi prawne i humanitarne rozwi\u0105zanie z\u0142o\u017conej sytuacji.<\/p>\t\t\t\t\t\t\t\t<\/div>\n\t\t\t\t<\/div>\n\t\t\t\t<div class=\"elementor-element elementor-element-7ac62af elementor-widget elementor-widget-spacer\" data-id=\"7ac62af\" data-element_type=\"widget\" data-e-type=\"widget\" data-widget_type=\"spacer.default\">\n\t\t\t\t<div class=\"elementor-widget-container\">\n\t\t\t\t\t\t\t<div class=\"elementor-spacer\">\n\t\t\t<div class=\"elementor-spacer-inner\"><\/div>\n\t\t<\/div>\n\t\t\t\t\t\t<\/div>\n\t\t\t\t<\/div>\n\t\t\t\t<div class=\"elementor-element elementor-element-30f83de elementor-widget elementor-widget-heading\" data-id=\"30f83de\" data-element_type=\"widget\" data-e-type=\"widget\" data-widget_type=\"heading.default\">\n\t\t\t\t<div class=\"elementor-widget-container\">\n\t\t\t\t\t<h3 class=\"elementor-heading-title elementor-size-default\">Czy kwalifikuj\u0119 si\u0119 do otrzymania zezwolenia na pobyt nie z w\u0142asnej winy?<\/h3>\t\t\t\t<\/div>\n\t\t\t\t<\/div>\n\t\t\t\t<div class=\"elementor-element elementor-element-96d932d color-scheme-inherit text-left elementor-widget elementor-widget-text-editor\" data-id=\"96d932d\" data-element_type=\"widget\" data-e-type=\"widget\" data-widget_type=\"text-editor.default\">\n\t\t\t\t<div class=\"elementor-widget-container\">\n\t\t\t\t\t\t\t\t\t<p>Aby kwalifikowa\u0107 si\u0119 do otrzymania \"Zezwolenia na pobyt bez w\u0142asnej winy\", musi Pan\/Pani przekonuj\u0105co wykaza\u0107, \u017ce okoliczno\u015bci uniemo\u017cliwiaj\u0105ce Panu\/Pani opuszczenie Holandii s\u0105 ca\u0142kowicie poza Pana\/Pani kontrol\u0105 i \u017ce nie jest to Pana\/Pani wina, \u017ce nie mo\u017ce Pan\/Pani wyjecha\u0107.<\/p><p>Poni\u017cej znajduj\u0105 si\u0119 szczeg\u00f3\u0142owe warunki uzyskania tej licencji:<\/p><ul><li><strong>Identyfikacja (ID):<\/strong> wa\u017cne jest, aby ka\u017cdy m\u00f3g\u0142 bez w\u0105tpliwo\u015bci ustali\u0107 Pana\/Pani obywatelstwo i to\u017csamo\u015b\u0107. Wymaga to posiadania wa\u017cnych i mo\u017cliwych do zweryfikowania dokument\u00f3w potwierdzaj\u0105cych obywatelstwo i to\u017csamo\u015b\u0107. Brak takich dokument\u00f3w mo\u017ce utrudni\u0107 uzyskanie zezwolenia.<\/li><li><strong>Wsp\u00f3\u0142praca z (DT&amp;V):<\/strong> Oczekuje si\u0119, \u017ce podczas pobytu w Holandii podejmowa\u0142(a) Pan(i) ci\u0105g\u0142e wysi\u0142ki w celu wsp\u00f3\u0142pracy ze s\u0142u\u017cb\u0105 ds. repatriacji i wyjazdu (DT&amp;V) w celu opuszczenia Holandii. Obejmuje to udzia\u0142 w rozmowach, dostarczanie odpowiednich informacji i przestrzeganie instrukcji wydanych w celu u\u0142atwienia wyjazdu.<\/li><li><strong>Motywacja:<\/strong> musi istnie\u0107 wyra\u017ana motywacja do powrotu do kraju pochodzenia. Mo\u017cna to potwierdzi\u0107 wiarygodnym o\u015bwiadczeniem wyja\u015bniaj\u0105cym, dlaczego chce Pan\/Pani wr\u00f3ci\u0107 i jakie kroki podj\u0105\u0142\/a Pan\/Pani, aby to osi\u0105gn\u0105\u0107. Wyra\u017ana motywacja do powrotu jest kluczowym elementem wniosku o \"zezwolenie na pobyt bez Pana\/Pani winy\".<\/li><\/ul>\t\t\t\t\t\t\t\t<\/div>\n\t\t\t\t<\/div>\n\t\t\t\t<div class=\"elementor-element elementor-element-b0770ce elementor-widget elementor-widget-spacer\" data-id=\"b0770ce\" data-element_type=\"widget\" data-e-type=\"widget\" data-widget_type=\"spacer.default\">\n\t\t\t\t<div class=\"elementor-widget-container\">\n\t\t\t\t\t\t\t<div class=\"elementor-spacer\">\n\t\t\t<div class=\"elementor-spacer-inner\"><\/div>\n\t\t<\/div>\n\t\t\t\t\t\t<\/div>\n\t\t\t\t<\/div>\n\t\t\t\t<div class=\"elementor-element elementor-element-5d32e89 elementor-widget elementor-widget-heading\" data-id=\"5d32e89\" data-element_type=\"widget\" data-e-type=\"widget\" data-widget_type=\"heading.default\">\n\t\t\t\t<div class=\"elementor-widget-container\">\n\t\t\t\t\t<h3 class=\"elementor-heading-title elementor-size-default\">Cz\u0142onkowie rodziny<\/h3>\t\t\t\t<\/div>\n\t\t\t\t<\/div>\n\t\t\t\t<div class=\"elementor-element elementor-element-1172612 color-scheme-inherit text-left elementor-widget elementor-widget-text-editor\" data-id=\"1172612\" data-element_type=\"widget\" data-e-type=\"widget\" data-widget_type=\"text-editor.default\">\n\t\t\t\t<div class=\"elementor-widget-container\">\n\t\t\t\t\t\t\t\t\t<p>Czasami mo\u017cliwe jest, aby cz\u0142onkowie Pana\/Pani rodziny, tacy jak partner i dzieci poni\u017cej 18 roku \u017cycia, r\u00f3wnie\u017c pozostali w Holandii. W takich przypadkach obowi\u0105zuj\u0105 okre\u015blone zasady, kt\u00f3rych zar\u00f3wno Pan\/Pani, jak i cz\u0142onkowie Pana\/Pani rodziny musz\u0105 przestrzega\u0107. Poni\u017cej wymieniono warunki, kt\u00f3re maj\u0105 zastosowanie do Pana\/Pani i cz\u0142onk\u00f3w Pana\/Pani rodziny.<\/p><ul><li><strong>Wsp\u00f3lny pobyt:<\/strong> Wymagane jest, aby zar\u00f3wno Pan\/Pani, jak i cz\u0142onkowie Pana\/Pani rodziny przebywali w Holandii w tym samym czasie. Oznacza to, \u017ce nie mog\u0105 Pa\u0144stwo przebywa\u0107 w kraju oddzielnie, podczas gdy Pa\u0144stwa krewni przebywaj\u0105 gdzie indziej. Wsp\u00f3lne zamieszkiwanie w Holandii jest niezb\u0119dne, aby cz\u0142onkowie Pa\u0144stwa rodziny kwalifikowali si\u0119 do pobytu.<\/li><li><strong>Relacje rodzinne:<\/strong> musi istnie\u0107 absolutna pewno\u015b\u0107 co do statusu rodzinnego zaanga\u017cowanych os\u00f3b. Oznacza to mo\u017cliwo\u015b\u0107 udowodnienia wi\u0119zi rodzinnych za pomoc\u0105 oficjalnych dokument\u00f3w, takich jak akty urodzenia lub akty ma\u0142\u017ce\u0144stwa. Bardzo wa\u017cne jest, aby m\u00f3c udowodni\u0107, \u017ce wi\u0119zi rodzinne s\u0105 uzasadnione i niepodwa\u017calne.<\/li><\/ul>\t\t\t\t\t\t\t\t<\/div>\n\t\t\t\t<\/div>\n\t\t\t\t<div class=\"elementor-element elementor-element-b75afe6 elementor-widget elementor-widget-spacer\" data-id=\"b75afe6\" data-element_type=\"widget\" data-e-type=\"widget\" data-widget_type=\"spacer.default\">\n\t\t\t\t<div class=\"elementor-widget-container\">\n\t\t\t\t\t\t\t<div class=\"elementor-spacer\">\n\t\t\t<div class=\"elementor-spacer-inner\"><\/div>\n\t\t<\/div>\n\t\t\t\t\t\t<\/div>\n\t\t\t\t<\/div>\n\t\t\t\t<div class=\"elementor-element elementor-element-50bdf4b elementor-widget elementor-widget-heading\" data-id=\"50bdf4b\" data-element_type=\"widget\" data-e-type=\"widget\" data-widget_type=\"heading.default\">\n\t\t\t\t<div class=\"elementor-widget-container\">\n\t\t\t\t\t<h2 class=\"elementor-heading-title elementor-size-default\">Procedura <\/h2>\t\t\t\t<\/div>\n\t\t\t\t<\/div>\n\t\t\t\t<div class=\"elementor-element elementor-element-68e0642 color-scheme-inherit text-left elementor-widget elementor-widget-text-editor\" data-id=\"68e0642\" data-element_type=\"widget\" data-e-type=\"widget\" data-widget_type=\"text-editor.default\">\n\t\t\t\t<div class=\"elementor-widget-container\">\n\t\t\t\t\t\t\t\t\t<ul><li><strong>Z\u0142o\u017cenie wniosku:<\/strong>&nbsp;Pierwszym krokiem do uzyskania pozwolenia na pobyt \"nie z w\u0142asnej winy\" jest z\u0142o\u017cenie oficjalnego wniosku. Musi to zrobi\u0107 cudzoziemiec, kt\u00f3ry nie mo\u017ce opu\u015bci\u0107 Holandii z przyczyn od niego niezale\u017cnych. Wniosek mo\u017cna z\u0142o\u017cy\u0107 do Urz\u0119du Imigracji i Naturalizacji (IND), organu odpowiedzialnego za rozpatrywanie takich wniosk\u00f3w.<\/li>\n<li><strong>Badania i ocena:<\/strong>&nbsp;Po z\u0142o\u017ceniu wniosku IND przeprowadzi dok\u0142adne dochodzenie i oceni sytuacj\u0119. Obejmuje to zebranie informacji w celu sprawdzenia, czy cudzoziemiec rzeczywi\u015bcie nie jest w stanie powr\u00f3ci\u0107 do kraju pochodzenia z powodu niemo\u017cliwych do przezwyci\u0119\u017cenia okoliczno\u015bci.<\/li>\n<li><strong>Ci\u0119\u017car dowodu:<\/strong>&nbsp;Niezb\u0119dne jest, aby cudzoziemiec przedstawi\u0142 przekonuj\u0105ce dowody uzasadniaj\u0105ce jego sytuacj\u0119. Dowody te mog\u0105 si\u0119 r\u00f3\u017cni\u0107 w zale\u017cno\u015bci od indywidualnych okoliczno\u015bci, ale musz\u0105 wykazywa\u0107, \u017ce nie ma rozs\u0105dnej mo\u017cliwo\u015bci powrotu do kraju pochodzenia.<\/li>\n<li><strong>Podejmowanie decyzji:<\/strong>&nbsp;Na podstawie przeprowadzonego dochodzenia i oceny, IND podejmie decyzj\u0119 w sprawie wniosku o zezwolenie na pobyt \"no-fault\". Je\u015bli cudzoziemiec spe\u0142nia wymagane warunki, a przedstawione dowody s\u0105 przekonuj\u0105ce, zezwolenie zostanie przyznane. Je\u015bli wniosek zostanie zatwierdzony, cudzoziemiec mo\u017ce legalnie pozosta\u0107 w Holandii i korzysta\u0107 z pewnych praw i udogodnie\u0144.<\/li><\/ul>\t\t\t\t\t\t\t\t<\/div>\n\t\t\t\t<\/div>\n\t\t\t\t<div class=\"elementor-element elementor-element-5e90d2c elementor-widget elementor-widget-spacer\" data-id=\"5e90d2c\" data-element_type=\"widget\" data-e-type=\"widget\" data-widget_type=\"spacer.default\">\n\t\t\t\t<div class=\"elementor-widget-container\">\n\t\t\t\t\t\t\t<div class=\"elementor-spacer\">\n\t\t\t<div class=\"elementor-spacer-inner\"><\/div>\n\t\t<\/div>\n\t\t\t\t\t\t<\/div>\n\t\t\t\t<\/div>\n\t\t\t\t<div class=\"elementor-element elementor-element-89298ce elementor-widget elementor-widget-heading\" data-id=\"89298ce\" data-element_type=\"widget\" data-e-type=\"widget\" data-widget_type=\"heading.default\">\n\t\t\t\t<div class=\"elementor-widget-container\">\n\t\t\t\t\t<h3 class=\"elementor-heading-title elementor-size-default\">Us\u0142uga repatriacji i wyjazdu (DT&amp;V)<\/h3>\t\t\t\t<\/div>\n\t\t\t\t<\/div>\n\t\t\t\t<div class=\"elementor-element elementor-element-d31607e color-scheme-inherit text-left elementor-widget elementor-widget-text-editor\" data-id=\"d31607e\" data-element_type=\"widget\" data-e-type=\"widget\" data-widget_type=\"text-editor.default\">\n\t\t\t\t<div class=\"elementor-widget-container\">\n\t\t\t\t\t\t\t\t\t<p>S\u0142u\u017cba ds. Repatriacji i Wyjazd\u00f3w (DT&amp;V) ma za zadanie dopilnowa\u0107, aby osoby, kt\u00f3re faktycznie powinny opu\u015bci\u0107 Holandi\u0119, faktycznie to zrobi\u0142y. Uzyskanie pozwolenia na pobyt w takich przypadkach mo\u017ce by\u0107 cz\u0119sto skomplikowan\u0105 procedur\u0105. DT&amp;V mo\u017ce czasami w\u0105tpi\u0107, czy dana osoba rzeczywi\u015bcie chce wr\u00f3ci\u0107 do swojego kraju i czy podj\u0119\u0142a wystarczaj\u0105ce wysi\u0142ki, aby spe\u0142ni\u0107 wymogi prawne. Dlatego niezwykle wa\u017cne jest, aby skontaktowa\u0107 si\u0119 z DT&amp;V w odpowiednim czasie i \u015bci\u015ble przestrzega\u0107 ich instrukcji.<\/p>\t\t\t\t\t\t\t\t<\/div>\n\t\t\t\t<\/div>\n\t\t\t\t<div class=\"elementor-element elementor-element-9edd9a6 elementor-widget elementor-widget-spacer\" data-id=\"9edd9a6\" data-element_type=\"widget\" data-e-type=\"widget\" data-widget_type=\"spacer.default\">\n\t\t\t\t<div class=\"elementor-widget-container\">\n\t\t\t\t\t\t\t<div class=\"elementor-spacer\">\n\t\t\t<div class=\"elementor-spacer-inner\"><\/div>\n\t\t<\/div>\n\t\t\t\t\t\t<\/div>\n\t\t\t\t<\/div>\n\t\t\t\t<div class=\"elementor-element elementor-element-cd70734 elementor-widget elementor-widget-heading\" data-id=\"cd70734\" data-element_type=\"widget\" data-e-type=\"widget\" data-widget_type=\"heading.default\">\n\t\t\t\t<div class=\"elementor-widget-container\">\n\t\t\t\t\t<h3 class=\"elementor-heading-title elementor-size-default\">Zezwolenie na pobyt bez winy prawnika<\/h3>\t\t\t\t<\/div>\n\t\t\t\t<\/div>\n\t\t\t\t<div class=\"elementor-element elementor-element-07ff750 color-scheme-inherit text-left elementor-widget elementor-widget-text-editor\" data-id=\"07ff750\" data-element_type=\"widget\" data-e-type=\"widget\" data-widget_type=\"text-editor.default\">\n\t\t\t\t<div class=\"elementor-widget-container\">\n\t\t\t\t\t\t\t\t\t<p>Uzyskanie zezwolenia na pobyt bez winy jest procesem, kt\u00f3ry zajmie du\u017co czasu, je\u015bli nie zostanie zaanga\u017cowany do\u015bwiadczony prawnik. The<a href=\"https:\/\/www.derbedrosian.nl\/pl\/prawnicy-2\/\"> prawnicy<\/a> kancelarii prawnej Der Bedrosian specjalizuj\u0105 si\u0119 w <a href=\"https:\/\/www.derbedrosian.nl\/pl\/jurysdykcje\/prawo-imigracyjne\/\">prawo imigracyjne<\/a>\u00a0i zapewni\u0107 kompleksow\u0105 pomoc prawn\u0105.<\/p><p>Prosimy wi\u0119c skontaktowa\u0107 si\u0119 z nami w celu uzyskania bezp\u0142atnej porady.<\/p>\t\t\t\t\t\t\t\t<\/div>\n\t\t\t\t<\/div>\n\t\t\t\t\t<\/div>\n\t\t\t\t<\/div>\n\t\t\t\t<\/div>","protected":false},"excerpt":{"rendered":"<p>adwokat Pozwolenie na pobyt Nie z w\u0142asnej winy Pozwolenie na pobyt Nie z w\u0142asnej winy Wniosek o pozwolenie na pobyt S\u0142u\u017cba ds. Powrot\u00f3w i Wyjazd\u00f3w (DT&amp;V) Prawo imigracyjne adwokat ds. prawa imigracyjnego w Enschede adwokat ds. prawa imigracyjnego w Overijssel<\/p>","protected":false},"author":1,"featured_media":0,"parent":10627,"menu_order":0,"comment_status":"closed","ping_status":"closed","template":"","meta":{"footnotes":""},"class_list":["post-10697","page","type-page","status-publish","hentry"],"_links":{"self":[{"href":"https:\/\/www.derbedrosian.nl\/pl\/wp-json\/wp\/v2\/pages\/10697","targetHints":{"allow":["GET"]}}],"collection":[{"href":"https:\/\/www.derbedrosian.nl\/pl\/wp-json\/wp\/v2\/pages"}],"about":[{"href":"https:\/\/www.derbedrosian.nl\/pl\/wp-json\/wp\/v2\/types\/page"}],"author":[{"embeddable":true,"href":"https:\/\/www.derbedrosian.nl\/pl\/wp-json\/wp\/v2\/users\/1"}],"replies":[{"embeddable":true,"href":"https:\/\/www.derbedrosian.nl\/pl\/wp-json\/wp\/v2\/comments?post=10697"}],"version-history":[{"count":0,"href":"https:\/\/www.derbedrosian.nl\/pl\/wp-json\/wp\/v2\/pages\/10697\/revisions"}],"up":[{"embeddable":true,"href":"https:\/\/www.derbedrosian.nl\/pl\/wp-json\/wp\/v2\/pages\/10627"}],"wp:attachment":[{"href":"https:\/\/www.derbedrosian.nl\/pl\/wp-json\/wp\/v2\/media?parent=10697"}],"curies":[{"name":"wp","href":"https:\/\/api.w.org\/{rel}","templated":true}]}}