{"id":10687,"date":"2023-05-26T16:00:31","date_gmt":"2023-05-26T14:00:31","guid":{"rendered":"https:\/\/derbedrosian.nl\/?page_id=10687"},"modified":"2025-12-21T16:03:21","modified_gmt":"2025-12-21T14:03:21","slug":"pozwolenie-na-prace","status":"publish","type":"page","link":"https:\/\/www.derbedrosian.nl\/pl\/rechtsgebieden\/vreemdelingenrecht\/tewerkstellingsvergunning\/","title":{"rendered":"Pozwolenie na prac\u0119"},"content":{"rendered":"<div data-elementor-type=\"wp-page\" data-elementor-id=\"10687\" class=\"elementor elementor-10687\" data-elementor-post-type=\"page\">\n\t\t\t\t<div class=\"wd-negative-gap elementor-element elementor-element-cb29eb1 e-flex e-con-boxed e-con e-parent\" data-id=\"cb29eb1\" data-element_type=\"container\" data-e-type=\"container\">\n\t\t\t\t\t<div class=\"e-con-inner\">\n\t\t\t\t<div class=\"elementor-element elementor-element-c9696ed elementor-hidden-desktop elementor-hidden-tablet elementor-hidden-mobile elementor-widget elementor-widget-wd_image_or_svg\" data-id=\"c9696ed\" data-element_type=\"widget\" data-e-type=\"widget\" id=\"seo-word\" data-widget_type=\"wd_image_or_svg.default\">\n\t\t\t\t<div class=\"elementor-widget-container\">\n\t\t\t\t\t\n\t\t<div class=\"wd-image text-left\">\n\t\t\t\t\t\t\t\t<img loading=\"lazy\" decoding=\"async\" width=\"1000\" height=\"667\" src=\"https:\/\/www.derbedrosian.nl\/wp-content\/uploads\/rechtsgebied-tewerkstellingsvergunning.jpg\" class=\"attachment-full size-full\" alt=\"wniosek o pozwolenie na prac\u0119 Ukraina i prawnik\" srcset=\"https:\/\/www.derbedrosian.nl\/wp-content\/uploads\/rechtsgebied-tewerkstellingsvergunning.jpg 1000w, https:\/\/www.derbedrosian.nl\/wp-content\/uploads\/rechtsgebied-tewerkstellingsvergunning-400x267.jpg 400w, https:\/\/www.derbedrosian.nl\/wp-content\/uploads\/rechtsgebied-tewerkstellingsvergunning-768x512.jpg 768w\" sizes=\"auto, (max-width: 1000px) 100vw, 1000px\" title=\"\">\t\t\t\t\t<\/div>\n\n\t\t\t\t\t\t<\/div>\n\t\t\t\t<\/div>\n\t\t\t\t<div class=\"elementor-element elementor-element-7ec710d elementor-hidden-desktop elementor-hidden-tablet elementor-hidden-mobile elementor-widget elementor-widget-heading\" data-id=\"7ec710d\" data-element_type=\"widget\" data-e-type=\"widget\" id=\"seo-word\" data-widget_type=\"heading.default\">\n\t\t\t\t<div class=\"elementor-widget-container\">\n\t\t\t\t\t<h2 class=\"elementor-heading-title elementor-size-default\">Prawnik zajmuj\u0105cy si\u0119 pozwoleniami na prac\u0119<\/h2>\t\t\t\t<\/div>\n\t\t\t\t<\/div>\n\t\t\t\t<div class=\"elementor-element elementor-element-2291545 elementor-hidden-desktop elementor-hidden-tablet elementor-hidden-mobile elementor-widget elementor-widget-heading\" data-id=\"2291545\" data-element_type=\"widget\" data-e-type=\"widget\" id=\"seo-word\" data-widget_type=\"heading.default\">\n\t\t\t\t<div class=\"elementor-widget-container\">\n\t\t\t\t\t<h5 class=\"elementor-heading-title elementor-size-default\">Zezwolenie na prac\u0119 na Ukrainie<\/h5>\t\t\t\t<\/div>\n\t\t\t\t<\/div>\n\t\t\t\t<div class=\"elementor-element elementor-element-4cbc071 elementor-hidden-desktop elementor-hidden-tablet elementor-hidden-mobile elementor-widget elementor-widget-heading\" data-id=\"4cbc071\" data-element_type=\"widget\" data-e-type=\"widget\" id=\"seo-word\" data-widget_type=\"heading.default\">\n\t\t\t\t<div class=\"elementor-widget-container\">\n\t\t\t\t\t<h5 class=\"elementor-heading-title elementor-size-default\">Warunki zezwolenia na prac\u0119<\/h5>\t\t\t\t<\/div>\n\t\t\t\t<\/div>\n\t\t\t\t<div class=\"elementor-element elementor-element-5a2693f elementor-hidden-desktop elementor-hidden-tablet elementor-hidden-mobile elementor-widget elementor-widget-heading\" data-id=\"5a2693f\" data-element_type=\"widget\" data-e-type=\"widget\" id=\"seo-word\" data-widget_type=\"heading.default\">\n\t\t\t\t<div class=\"elementor-widget-container\">\n\t\t\t\t\t<h5 class=\"elementor-heading-title elementor-size-default\">prawo imigracyjne<\/h5>\t\t\t\t<\/div>\n\t\t\t\t<\/div>\n\t\t\t\t<div class=\"elementor-element elementor-element-d9d3038 elementor-hidden-desktop elementor-hidden-tablet elementor-hidden-mobile elementor-widget elementor-widget-heading\" data-id=\"d9d3038\" data-element_type=\"widget\" data-e-type=\"widget\" id=\"seo-word\" data-widget_type=\"heading.default\">\n\t\t\t\t<div class=\"elementor-widget-container\">\n\t\t\t\t\t<h5 class=\"elementor-heading-title elementor-size-default\">wniosek o pozwolenie na prac\u0119 uwv<\/h5>\t\t\t\t<\/div>\n\t\t\t\t<\/div>\n\t\t\t\t<div class=\"elementor-element elementor-element-f7c53d2 elementor-hidden-desktop elementor-hidden-tablet elementor-hidden-mobile elementor-widget elementor-widget-heading\" data-id=\"f7c53d2\" data-element_type=\"widget\" data-e-type=\"widget\" id=\"seo-word\" data-widget_type=\"heading.default\">\n\t\t\t\t<div class=\"elementor-widget-container\">\n\t\t\t\t\t<h5 class=\"elementor-heading-title elementor-size-default\">prawo imigracyjne adwokat enschede<\/h5>\t\t\t\t<\/div>\n\t\t\t\t<\/div>\n\t\t\t\t<div class=\"elementor-element elementor-element-fd4e24b elementor-hidden-desktop elementor-hidden-tablet elementor-hidden-mobile elementor-widget elementor-widget-heading\" data-id=\"fd4e24b\" data-element_type=\"widget\" data-e-type=\"widget\" id=\"seo-word\" data-widget_type=\"heading.default\">\n\t\t\t\t<div class=\"elementor-widget-container\">\n\t\t\t\t\t<h5 class=\"elementor-heading-title elementor-size-default\">prawo imigracyjne adwokat overijssel<\/h5>\t\t\t\t<\/div>\n\t\t\t\t<\/div>\n\t\t\t\t<div class=\"elementor-element elementor-element-df024ef elementor-hidden-desktop elementor-hidden-tablet elementor-hidden-mobile elementor-widget elementor-widget-heading\" data-id=\"df024ef\" data-element_type=\"widget\" data-e-type=\"widget\" id=\"seo-word\" data-widget_type=\"heading.default\">\n\t\t\t\t<div class=\"elementor-widget-container\">\n\t\t\t\t\t<h5 class=\"elementor-heading-title elementor-size-default\">prawo cudzoziemc\u00f3w enschede<\/h5>\t\t\t\t<\/div>\n\t\t\t\t<\/div>\n\t\t\t\t<div class=\"elementor-element elementor-element-c1c50b9 elementor-hidden-desktop elementor-hidden-tablet elementor-hidden-mobile elementor-widget elementor-widget-heading\" data-id=\"c1c50b9\" data-element_type=\"widget\" data-e-type=\"widget\" id=\"seo-word\" data-widget_type=\"heading.default\">\n\t\t\t\t<div class=\"elementor-widget-container\">\n\t\t\t\t\t<h5 class=\"elementor-heading-title elementor-size-default\">adwokat enschede prawo cudzoziemc\u00f3w<\/h5>\t\t\t\t<\/div>\n\t\t\t\t<\/div>\n\t\t\t\t<div class=\"elementor-element elementor-element-3cedad2 elementor-hidden-desktop elementor-hidden-tablet elementor-hidden-mobile elementor-widget elementor-widget-heading\" data-id=\"3cedad2\" data-element_type=\"widget\" data-e-type=\"widget\" id=\"seo-word\" data-widget_type=\"heading.default\">\n\t\t\t\t<div class=\"elementor-widget-container\">\n\t\t\t\t\t<h5 class=\"elementor-heading-title elementor-size-default\">zezwolenie na prac\u0119 lub zezwolenie \u0142\u0105czone cofni\u0119cie zezwolenia na prac\u0119 lub zezwolenia \u0142\u0105czonego na pobyt i zezwolenia \u0142\u0105czonego ze wzgl\u0119du na cel<\/h5>\t\t\t\t<\/div>\n\t\t\t\t<\/div>\n\t\t\t\t<div class=\"elementor-element elementor-element-82f4103 elementor-hidden-desktop elementor-hidden-tablet elementor-hidden-mobile elementor-widget elementor-widget-heading\" data-id=\"82f4103\" data-element_type=\"widget\" data-e-type=\"widget\" id=\"seo-word\" data-widget_type=\"heading.default\">\n\t\t\t\t<div class=\"elementor-widget-container\">\n\t\t\t\t\t<h5 class=\"elementor-heading-title elementor-size-default\">W Enschede i Overijssel mog\u0105 Pa\u0144stwo polega\u0107 na prawnikach imigracyjnych z kancelarii Derbedrosian Immigration Lawyers, kt\u00f3rzy pomog\u0105 Pa\u0144stwu w sprawach zwi\u0105zanych z pozwoleniami na prac\u0119 i powi\u0105zanymi kwestiami.\n\nZezwolenie na prac\u0119 jest kluczowym zezwoleniem dla os\u00f3b, kt\u00f3re chc\u0105 przyjecha\u0107 do Holandii z Ukrainy w celu podj\u0119cia pracy. Istniej\u0105 okre\u015blone warunki, kt\u00f3re nale\u017cy spe\u0142ni\u0107 przy ubieganiu si\u0119 o pozwolenie na prac\u0119, a UWV odgrywa rol\u0119 w tym procesie.\n\nNasi prawnicy imigracyjni w Enschede maj\u0105 du\u017ce do\u015bwiadczenie z takimi wnioskami i mog\u0105 doradzi\u0107 Pa\u0144stwu w zakresie warunk\u00f3w i procedur uzyskania pozwolenia na prac\u0119.\n\nJe\u015bli maj\u0105 Pa\u0144stwo jakiekolwiek pytania dotycz\u0105ce pozwole\u0144 na prac\u0119, wniosk\u00f3w do UWV, wycofania pozwole\u0144 lub innych kwestii zwi\u0105zanych z prawem imigracyjnym, prosimy o kontakt z Derbedrosian Immigration Lawyers. Jeste\u015bmy gotowi pom\u00f3c Pa\u0144stwu i zapewni\u0107 ochron\u0119 Pa\u0144stwa praw w kontek\u015bcie zezwole\u0144 na prac\u0119 i powi\u0105zanych licencji.\n<\/h5>\t\t\t\t<\/div>\n\t\t\t\t<\/div>\n\t\t\t\t<div class=\"elementor-element elementor-element-d8ac0c7 color-scheme-inherit text-left elementor-widget elementor-widget-text-editor\" data-id=\"d8ac0c7\" data-element_type=\"widget\" data-e-type=\"widget\" data-widget_type=\"text-editor.default\">\n\t\t\t\t<div class=\"elementor-widget-container\">\n\t\t\t\t\t\t\t\t\t<p><strong>Czasami konieczne jest posiadanie specjalnego zezwolenia na prac\u0119 w Holandii. Zezwolenie to nazywamy \u2018zezwoleniem na prac\u0119\u2019 (TWV). Zazwyczaj obywatele pa\u0144stw trzecich (osoby pochodz\u0105ce spoza UE) potrzebuj\u0105 takiego zezwolenia.<\/strong><\/p>\t\t\t\t\t\t\t\t<\/div>\n\t\t\t\t<\/div>\n\t\t\t\t<div class=\"elementor-element elementor-element-1e21452 elementor-widget elementor-widget-spacer\" data-id=\"1e21452\" data-element_type=\"widget\" data-e-type=\"widget\" data-widget_type=\"spacer.default\">\n\t\t\t\t<div class=\"elementor-widget-container\">\n\t\t\t\t\t\t\t<div class=\"elementor-spacer\">\n\t\t\t<div class=\"elementor-spacer-inner\"><\/div>\n\t\t<\/div>\n\t\t\t\t\t\t<\/div>\n\t\t\t\t<\/div>\n\t\t\t\t<div class=\"elementor-element elementor-element-c0835ec elementor-widget elementor-widget-heading\" data-id=\"c0835ec\" data-element_type=\"widget\" data-e-type=\"widget\" data-widget_type=\"heading.default\">\n\t\t\t\t<div class=\"elementor-widget-container\">\n\t\t\t\t\t<h3 class=\"elementor-heading-title elementor-size-default\">Co to jest zezwolenie na prac\u0119?<\/h3>\t\t\t\t<\/div>\n\t\t\t\t<\/div>\n\t\t\t\t<div class=\"elementor-element elementor-element-2664ed6 color-scheme-inherit text-left elementor-widget elementor-widget-text-editor\" data-id=\"2664ed6\" data-element_type=\"widget\" data-e-type=\"widget\" data-widget_type=\"text-editor.default\">\n\t\t\t\t<div class=\"elementor-widget-container\">\n\t\t\t\t\t\t\t\t\t<p>Zezwolenie na prac\u0119 (TWV) mo\u017cna uzna\u0107 za niezb\u0119dne zatwierdzenie wymagane przez zagranicznych pracownik\u00f3w do legalnej pracy w Holandii. Proces ten wymaga starannego przestrzegania przepis\u00f3w ustawowych i wykonawczych. Zar\u00f3wno pracodawcy, jak i pracownicy musz\u0105 by\u0107 dobrze poinformowani o tym procesie, aby utrzyma\u0107 udany i zgodny z prawem stosunek pracy.<\/p>\t\t\t\t\t\t\t\t<\/div>\n\t\t\t\t<\/div>\n\t\t\t\t<div class=\"elementor-element elementor-element-d52921b elementor-widget elementor-widget-spacer\" data-id=\"d52921b\" data-element_type=\"widget\" data-e-type=\"widget\" data-widget_type=\"spacer.default\">\n\t\t\t\t<div class=\"elementor-widget-container\">\n\t\t\t\t\t\t\t<div class=\"elementor-spacer\">\n\t\t\t<div class=\"elementor-spacer-inner\"><\/div>\n\t\t<\/div>\n\t\t\t\t\t\t<\/div>\n\t\t\t\t<\/div>\n\t\t\t\t<div class=\"elementor-element elementor-element-c3d1e8d elementor-widget elementor-widget-heading\" data-id=\"c3d1e8d\" data-element_type=\"widget\" data-e-type=\"widget\" data-widget_type=\"heading.default\">\n\t\t\t\t<div class=\"elementor-widget-container\">\n\t\t\t\t\t<h3 class=\"elementor-heading-title elementor-size-default\">Warunki zezwolenia na prac\u0119 (TWV)<\/h3>\t\t\t\t<\/div>\n\t\t\t\t<\/div>\n\t\t\t\t<div class=\"elementor-element elementor-element-718c8cd color-scheme-inherit text-left elementor-widget elementor-widget-text-editor\" data-id=\"718c8cd\" data-element_type=\"widget\" data-e-type=\"widget\" data-widget_type=\"text-editor.default\">\n\t\t\t\t<div class=\"elementor-widget-container\">\n\t\t\t\t\t\t\t\t\t<p>Aby uzyska\u0107 zezwolenie na prac\u0119 (TWV), nale\u017cy spe\u0142ni\u0107 kilka wa\u017cnych warunk\u00f3w. Warunki te wymienili\u015bmy poni\u017cej:<\/p><ul><li><strong>Zgodno\u015b\u0107 z warunkami pracy i przepisami prawa:<\/strong> pracodawca musi przez ca\u0142y czas utrzymywa\u0107 odpowiednie warunki pracy i nie narusza\u0107 przepis\u00f3w prawa pracy. Obejmuje to takie kwestie, jak przestrzeganie przepis\u00f3w dotycz\u0105cych p\u0142acy minimalnej, zapewnienie odpowiednich warunk\u00f3w pracy i przestrzeganie godzin pracy zgodnie z przepisami prawa. Niezwykle wa\u017cne jest, aby miejsce pracy spe\u0142nia\u0142o normy prawne.<\/li><li><strong>Wa\u017cne zezwolenie na pobyt:<\/strong>\u00a0Kluczowym wymogiem jest posiadanie przez pracownika wa\u017cnego zezwolenia na pobyt i prac\u0119 w Holandii.<\/li><\/ul><p>Je\u015bli jako pracodawca chc\u0105 Pa\u0144stwo ubiega\u0107 si\u0119 o TWV, musz\u0105 Pa\u0144stwo z\u0142o\u017cy\u0107 wniosek do UWV (Uitvoeringsinstituut Werknemersverzekeringen). Prosimy pami\u0119ta\u0107, \u017ce podj\u0119cie decyzji w sprawie wniosku mo\u017ce potrwa\u0107 kilka tygodni.<\/p><p>Niez\u0142o\u017cenie wniosku o TWV mo\u017ce mie\u0107 powa\u017cne konsekwencje dla firmy, w tym grzywny w wysoko\u015bci do 8 000 euro za zatrudnianie pracownik\u00f3w bez wymaganego zezwolenia. Dlatego niezwykle wa\u017cne jest, aby pracodawcy \u015bci\u015ble przestrzegali przepis\u00f3w i regulacji dotycz\u0105cych zezwole\u0144 na prac\u0119, aby unikn\u0105\u0107 problem\u00f3w prawnych i kar finansowych.<\/p>\t\t\t\t\t\t\t\t<\/div>\n\t\t\t\t<\/div>\n\t\t\t\t<div class=\"elementor-element elementor-element-92e0758 elementor-widget elementor-widget-spacer\" data-id=\"92e0758\" data-element_type=\"widget\" data-e-type=\"widget\" data-widget_type=\"spacer.default\">\n\t\t\t\t<div class=\"elementor-widget-container\">\n\t\t\t\t\t\t\t<div class=\"elementor-spacer\">\n\t\t\t<div class=\"elementor-spacer-inner\"><\/div>\n\t\t<\/div>\n\t\t\t\t\t\t<\/div>\n\t\t\t\t<\/div>\n\t\t\t\t<div class=\"elementor-element elementor-element-2369330 elementor-widget elementor-widget-heading\" data-id=\"2369330\" data-element_type=\"widget\" data-e-type=\"widget\" data-widget_type=\"heading.default\">\n\t\t\t\t<div class=\"elementor-widget-container\">\n\t\t\t\t\t<h3 class=\"elementor-heading-title elementor-size-default\">Jak ubiega\u0107 si\u0119 o zezwolenie na prac\u0119 jako pracodawca?<\/h3>\t\t\t\t<\/div>\n\t\t\t\t<\/div>\n\t\t\t\t<div class=\"elementor-element elementor-element-3e68711 color-scheme-inherit text-left elementor-widget elementor-widget-text-editor\" data-id=\"3e68711\" data-element_type=\"widget\" data-e-type=\"widget\" data-widget_type=\"text-editor.default\">\n\t\t\t\t<div class=\"elementor-widget-container\">\n\t\t\t\t\t\t\t\t\t<ul><li><strong>Zg\u0142oszenie do UWV:<\/strong> W UWV pracodawca ma mo\u017cliwo\u015b\u0107 ubiegania si\u0119 o zezwolenie na zatrudnienie. Nale\u017cy pami\u0119ta\u0107, \u017ce zezwolenie to jest zar\u00f3wno osobiste, jak i zwi\u0105zane z prac\u0105, co oznacza, \u017ce jest ono wa\u017cne dla konkretnego pracownika i konkretnej pracy.<\/li><li><strong>Ocena UWV:<\/strong> UWV oceni wniosek i podejmie decyzj\u0119 o przyznaniu zezwolenia w ci\u0105gu maksymalnie pi\u0119ciu tygodni.<\/li><\/ul>\t\t\t\t\t\t\t\t<\/div>\n\t\t\t\t<\/div>\n\t\t\t\t<div class=\"elementor-element elementor-element-d6af95f elementor-widget elementor-widget-spacer\" data-id=\"d6af95f\" data-element_type=\"widget\" data-e-type=\"widget\" data-widget_type=\"spacer.default\">\n\t\t\t\t<div class=\"elementor-widget-container\">\n\t\t\t\t\t\t\t<div class=\"elementor-spacer\">\n\t\t\t<div class=\"elementor-spacer-inner\"><\/div>\n\t\t<\/div>\n\t\t\t\t\t\t<\/div>\n\t\t\t\t<\/div>\n\t\t\t\t<div class=\"elementor-element elementor-element-9797714 elementor-widget elementor-widget-heading\" data-id=\"9797714\" data-element_type=\"widget\" data-e-type=\"widget\" data-widget_type=\"heading.default\">\n\t\t\t\t<div class=\"elementor-widget-container\">\n\t\t\t\t\t<h3 class=\"elementor-heading-title elementor-size-default\">Zezwolenie na prac\u0119 Ukraina<\/h3>\t\t\t\t<\/div>\n\t\t\t\t<\/div>\n\t\t\t\t<div class=\"elementor-element elementor-element-cbd87c1 color-scheme-inherit text-left elementor-widget elementor-widget-text-editor\" data-id=\"cbd87c1\" data-element_type=\"widget\" data-e-type=\"widget\" data-widget_type=\"text-editor.default\">\n\t\t\t\t<div class=\"elementor-widget-container\">\n\t\t\t\t\t\t\t\t\t<p>Pracownicy z Ukrainy podlegaj\u0105 szczeg\u00f3lnym i korzystnym przepisom dotycz\u0105cym pozwole\u0144 na prac\u0119 w Holandii. W przeciwie\u0144stwie do wielu innych obywateli spoza UE, nie musz\u0105 Pa\u0144stwo ubiega\u0107 si\u0119 o pozwolenie na prac\u0119 dla pracownik\u00f3w z Ukrainy, je\u015bli spe\u0142niaj\u0105 oni okre\u015blone kryteria. Kryteria te s\u0105 nast\u0119puj\u0105ce:<\/p><ul><li><strong>Zgodnie z dyrektyw\u0105 Unii Europejskiej w sprawie tymczasowej ochrony:<\/strong>\u00a0Przede wszystkim Pa\u0144stwa pracownik musi by\u0107 obj\u0119ty \"Dyrektyw\u0105 Unii Europejskiej w sprawie tymczasowej ochrony\". Dyrektywa ta ma zastosowanie do obywateli Ukrainy ubiegaj\u0105cych si\u0119 o tymczasow\u0105 ochron\u0119 w UE ze wzgl\u0119du na szczeg\u00f3lne okoliczno\u015bci w ich kraju pochodzenia. Mo\u017ce to mie\u0107 miejsce na przyk\u0142ad w przypadku niestabilno\u015bci politycznej, konfliktu zbrojnego lub powa\u017cnych narusze\u0144 praw cz\u0142owieka na Ukrainie.<\/li><li><strong>Umowa o prac\u0119:<\/strong>\u00a0Po drugie, istotne jest, aby Pa\u0144stwa ukrai\u0144ski pracownik posiada\u0142 wa\u017cn\u0105 umow\u0119 o prac\u0119. Oznacza to, \u017ce musi istnie\u0107 pisemna umowa mi\u0119dzy pracownikiem a pracodawc\u0105 okre\u015blaj\u0105ca warunki zatrudnienia, takie jak wynagrodzenie, godziny pracy i zakres obowi\u0105zk\u00f3w. Umowa o prac\u0119 powinna spe\u0142nia\u0107 wymogi prawne maj\u0105ce zastosowanie do um\u00f3w o prac\u0119 w Holandii.<\/li><\/ul>\t\t\t\t\t\t\t\t<\/div>\n\t\t\t\t<\/div>\n\t\t\t\t<div class=\"elementor-element elementor-element-e9eb7f5 elementor-widget elementor-widget-spacer\" data-id=\"e9eb7f5\" data-element_type=\"widget\" data-e-type=\"widget\" data-widget_type=\"spacer.default\">\n\t\t\t\t<div class=\"elementor-widget-container\">\n\t\t\t\t\t\t\t<div class=\"elementor-spacer\">\n\t\t\t<div class=\"elementor-spacer-inner\"><\/div>\n\t\t<\/div>\n\t\t\t\t\t\t<\/div>\n\t\t\t\t<\/div>\n\t\t\t\t<div class=\"elementor-element elementor-element-fa39963 elementor-widget elementor-widget-heading\" data-id=\"fa39963\" data-element_type=\"widget\" data-e-type=\"widget\" data-widget_type=\"heading.default\">\n\t\t\t\t<div class=\"elementor-widget-container\">\n\t\t\t\t\t<h3 class=\"elementor-heading-title elementor-size-default\">Jak d\u0142ugo wa\u017cne jest zezwolenie na prac\u0119 (TWV)?<\/h3>\t\t\t\t<\/div>\n\t\t\t\t<\/div>\n\t\t\t\t<div class=\"elementor-element elementor-element-0373861 color-scheme-inherit text-left elementor-widget elementor-widget-text-editor\" data-id=\"0373861\" data-element_type=\"widget\" data-e-type=\"widget\" data-widget_type=\"text-editor.default\">\n\t\t\t\t<div class=\"elementor-widget-container\">\n\t\t\t\t\t\t\t\t\t<p>Zazwyczaj zezwolenie na prac\u0119 (TWV) ma okres wa\u017cno\u015bci do jednego roku. Jest to standardowy okres ustanowiony w celu zapewnienia, \u017ce zar\u00f3wno pracodawca, jak i pracownik pozostaj\u0105 w zgodzie z warunkami oraz w celu umo\u017cliwienia regularnych kontroli zgodno\u015bci z prawem imigracyjnym. Wa\u017cne jest, aby pami\u0119ta\u0107, \u017ce istniej\u0105 przypadki, w kt\u00f3rych okres wa\u017cno\u015bci TWV mo\u017ce zosta\u0107 przed\u0142u\u017cony, aw niekt\u00f3rych sytuacjach przed\u0142u\u017cenie to mo\u017ce obejmowa\u0107 do trzech lat.<\/p><p>Mo\u017cliwo\u015b\u0107 przed\u0142u\u017cenia TWV zale\u017cy od kilku czynnik\u00f3w, w tym konkretnej sytuacji zatrudnienia oraz obowi\u0105zuj\u0105cych przepis\u00f3w ustawowych i wykonawczych w momencie przed\u0142u\u017cenia. Immigration and Naturalisation Service (IND) ma \u015bcis\u0142e wytyczne i wymagania dotycz\u0105ce przyznawania przed\u0142u\u017ce\u0144. Aby uzyska\u0107 pomy\u015blne przed\u0142u\u017cenie, nale\u017cy \u015bci\u015ble ich przestrzega\u0107.<\/p>\t\t\t\t\t\t\t\t<\/div>\n\t\t\t\t<\/div>\n\t\t\t\t<div class=\"elementor-element elementor-element-fc468f6 elementor-widget elementor-widget-spacer\" data-id=\"fc468f6\" data-element_type=\"widget\" data-e-type=\"widget\" data-widget_type=\"spacer.default\">\n\t\t\t\t<div class=\"elementor-widget-container\">\n\t\t\t\t\t\t\t<div class=\"elementor-spacer\">\n\t\t\t<div class=\"elementor-spacer-inner\"><\/div>\n\t\t<\/div>\n\t\t\t\t\t\t<\/div>\n\t\t\t\t<\/div>\n\t\t\t\t<div class=\"elementor-element elementor-element-5809e3f elementor-widget elementor-widget-heading\" data-id=\"5809e3f\" data-element_type=\"widget\" data-e-type=\"widget\" data-widget_type=\"heading.default\">\n\t\t\t\t<div class=\"elementor-widget-container\">\n\t\t\t\t\t<h3 class=\"elementor-heading-title elementor-size-default\">Sytuacje szczeg\u00f3lne<\/h3>\t\t\t\t<\/div>\n\t\t\t\t<\/div>\n\t\t\t\t<div class=\"elementor-element elementor-element-511e4b7 color-scheme-inherit text-left elementor-widget elementor-widget-text-editor\" data-id=\"511e4b7\" data-element_type=\"widget\" data-e-type=\"widget\" data-widget_type=\"text-editor.default\">\n\t\t\t\t<div class=\"elementor-widget-container\">\n\t\t\t\t\t\t\t\t\tIstniej\u0105 wyj\u0105tki w okre\u015blonych sytuacjach. Na przyk\u0142ad, istnieje specjalne rozwi\u0105zanie dla szef\u00f3w kuchni w azjatyckich restauracjach, u\u0142atwiaj\u0105ce im uzyskanie TWV pod pewnymi \u015bcis\u0142ymi warunkami. Inne specjalne kategorie r\u00f3wnie\u017c maj\u0105 zastosowanie pod pewnymi warunkami, takimi jak muzycy lub nauczyciele w mi\u0119dzynarodowych szko\u0142ach wy\u017cszych i uniwersytetach.\t\t\t\t\t\t\t\t<\/div>\n\t\t\t\t<\/div>\n\t\t\t\t<div class=\"elementor-element elementor-element-443e13f elementor-widget elementor-widget-spacer\" data-id=\"443e13f\" data-element_type=\"widget\" data-e-type=\"widget\" data-widget_type=\"spacer.default\">\n\t\t\t\t<div class=\"elementor-widget-container\">\n\t\t\t\t\t\t\t<div class=\"elementor-spacer\">\n\t\t\t<div class=\"elementor-spacer-inner\"><\/div>\n\t\t<\/div>\n\t\t\t\t\t\t<\/div>\n\t\t\t\t<\/div>\n\t\t\t\t<div class=\"elementor-element elementor-element-721cbed elementor-widget elementor-widget-heading\" data-id=\"721cbed\" data-element_type=\"widget\" data-e-type=\"widget\" data-widget_type=\"heading.default\">\n\t\t\t\t<div class=\"elementor-widget-container\">\n\t\t\t\t\t<h3 class=\"elementor-heading-title elementor-size-default\">Prawnik zajmuj\u0105cy si\u0119 pozwoleniami na prac\u0119<\/h3>\t\t\t\t<\/div>\n\t\t\t\t<\/div>\n\t\t\t\t<div class=\"elementor-element elementor-element-ecdef05 color-scheme-inherit text-left elementor-widget elementor-widget-text-editor\" data-id=\"ecdef05\" data-element_type=\"widget\" data-e-type=\"widget\" data-widget_type=\"text-editor.default\">\n\t\t\t\t<div class=\"elementor-widget-container\">\n\t\t\t\t\t\t\t\t\t<p>Ubieganie si\u0119 o zezwolenie na prac\u0119 (TWV) nie jest prostym procesem i mo\u017ce zaj\u0105\u0107 sporo czasu.<\/p><p>Zaleca si\u0119 jak najszybsze zaanga\u017cowanie jednego z naszych prawnik\u00f3w. <a href=\"https:\/\/www.derbedrosian.nl\/pl\/prawnicy-2\/\">Nasi prawnicy<\/a> specjalizuj\u0105 si\u0119 w <a href=\"https:\/\/www.derbedrosian.nl\/pl\/jurysdykcje\/prawo-imigracyjne\/\">prawo imigracyjne<\/a> i mo\u017cemy pom\u00f3c Pa\u0144stwu ubiega\u0107 si\u0119 o TWV. Prosimy skontaktowa\u0107 si\u0119 z nami, aby uzyska\u0107 dalsz\u0105 pomoc prawn\u0105.<\/p>\t\t\t\t\t\t\t\t<\/div>\n\t\t\t\t<\/div>\n\t\t\t\t\t<\/div>\n\t\t\t\t<\/div>\n\t\t\t\t<\/div>","protected":false},"excerpt":{"rendered":"<p>Advocaat tewerkstellingsvergunning Oekra\u00efne tewerkstellingsvergunning Voorwaarden tewerkstellingsvergunning vreemdelingenrecht tewerkstellingsvergunning aanvragen uwv vreemdelingenrecht advocaat enschede vreemdelingenrecht advocaat overijssel vreemdelingenrecht enschede advocaat enschede<\/p>","protected":false},"author":1,"featured_media":0,"parent":10627,"menu_order":0,"comment_status":"closed","ping_status":"closed","template":"","meta":{"footnotes":""},"class_list":["post-10687","page","type-page","status-publish","hentry"],"_links":{"self":[{"href":"https:\/\/www.derbedrosian.nl\/pl\/wp-json\/wp\/v2\/pages\/10687","targetHints":{"allow":["GET"]}}],"collection":[{"href":"https:\/\/www.derbedrosian.nl\/pl\/wp-json\/wp\/v2\/pages"}],"about":[{"href":"https:\/\/www.derbedrosian.nl\/pl\/wp-json\/wp\/v2\/types\/page"}],"author":[{"embeddable":true,"href":"https:\/\/www.derbedrosian.nl\/pl\/wp-json\/wp\/v2\/users\/1"}],"replies":[{"embeddable":true,"href":"https:\/\/www.derbedrosian.nl\/pl\/wp-json\/wp\/v2\/comments?post=10687"}],"version-history":[{"count":0,"href":"https:\/\/www.derbedrosian.nl\/pl\/wp-json\/wp\/v2\/pages\/10687\/revisions"}],"up":[{"embeddable":true,"href":"https:\/\/www.derbedrosian.nl\/pl\/wp-json\/wp\/v2\/pages\/10627"}],"wp:attachment":[{"href":"https:\/\/www.derbedrosian.nl\/pl\/wp-json\/wp\/v2\/media?parent=10687"}],"curies":[{"name":"wp","href":"https:\/\/api.w.org\/{rel}","templated":true}]}}