{"id":10682,"date":"2023-05-26T15:50:36","date_gmt":"2023-05-26T13:50:36","guid":{"rendered":"https:\/\/derbedrosian.nl\/?page_id=10682"},"modified":"2025-12-21T16:01:40","modified_gmt":"2025-12-21T14:01:40","slug":"decyzja-o-zwrocie","status":"publish","type":"page","link":"https:\/\/www.derbedrosian.nl\/pl\/rechtsgebieden\/vreemdelingenrecht\/terugkeerbesluit\/","title":{"rendered":"Decyzja o zwrocie"},"content":{"rendered":"<div data-elementor-type=\"wp-page\" data-elementor-id=\"10682\" class=\"elementor elementor-10682\" data-elementor-post-type=\"page\">\n\t\t\t\t<div class=\"wd-negative-gap elementor-element elementor-element-a587312 e-flex e-con-boxed e-con e-parent\" data-id=\"a587312\" data-element_type=\"container\" data-e-type=\"container\">\n\t\t\t\t\t<div class=\"e-con-inner\">\n\t\t\t\t<div class=\"elementor-element elementor-element-bf3d679 elementor-hidden-desktop elementor-hidden-tablet elementor-hidden-mobile elementor-widget elementor-widget-wd_image_or_svg\" data-id=\"bf3d679\" data-element_type=\"widget\" data-e-type=\"widget\" id=\"seo-word\" data-widget_type=\"wd_image_or_svg.default\">\n\t\t\t\t<div class=\"elementor-widget-container\">\n\t\t\t\t\t\n\t\t<div class=\"wd-image text-left\">\n\t\t\t\t\t\t\t\t<img loading=\"lazy\" decoding=\"async\" width=\"1000\" height=\"668\" src=\"https:\/\/www.derbedrosian.nl\/wp-content\/uploads\/rechtsgebied-terugkeerbesluit.jpg\" class=\"attachment-full size-full\" alt=\"decyzja o zwrocie uchylona prawnik orzeczenie odwo\u0142anie decyzja o zwrocie\" srcset=\"https:\/\/www.derbedrosian.nl\/wp-content\/uploads\/rechtsgebied-terugkeerbesluit.jpg 1000w, https:\/\/www.derbedrosian.nl\/wp-content\/uploads\/rechtsgebied-terugkeerbesluit-400x267.jpg 400w, https:\/\/www.derbedrosian.nl\/wp-content\/uploads\/rechtsgebied-terugkeerbesluit-768x513.jpg 768w\" sizes=\"auto, (max-width: 1000px) 100vw, 1000px\" title=\"\">\t\t\t\t\t<\/div>\n\n\t\t\t\t\t\t<\/div>\n\t\t\t\t<\/div>\n\t\t\t\t<div class=\"elementor-element elementor-element-d4b308a elementor-hidden-desktop elementor-hidden-tablet elementor-hidden-mobile elementor-widget elementor-widget-heading\" data-id=\"d4b308a\" data-element_type=\"widget\" data-e-type=\"widget\" id=\"seo-word\" data-widget_type=\"heading.default\">\n\t\t\t\t<div class=\"elementor-widget-container\">\n\t\t\t\t\t<h2 class=\"elementor-heading-title elementor-size-default\">decyzja o zwrocie prawnika<\/h2>\t\t\t\t<\/div>\n\t\t\t\t<\/div>\n\t\t\t\t<div class=\"elementor-element elementor-element-4755776 elementor-hidden-desktop elementor-hidden-tablet elementor-hidden-mobile elementor-widget elementor-widget-heading\" data-id=\"4755776\" data-element_type=\"widget\" data-e-type=\"widget\" id=\"seo-word\" data-widget_type=\"heading.default\">\n\t\t\t\t<div class=\"elementor-widget-container\">\n\t\t\t\t\t<h5 class=\"elementor-heading-title elementor-size-default\">decyzja o zwrocie orzeczenie<\/h5>\t\t\t\t<\/div>\n\t\t\t\t<\/div>\n\t\t\t\t<div class=\"elementor-element elementor-element-57b379b elementor-hidden-desktop elementor-hidden-tablet elementor-hidden-mobile elementor-widget elementor-widget-heading\" data-id=\"57b379b\" data-element_type=\"widget\" data-e-type=\"widget\" id=\"seo-word\" data-widget_type=\"heading.default\">\n\t\t\t\t<div class=\"elementor-widget-container\">\n\t\t\t\t\t<h5 class=\"elementor-heading-title elementor-size-default\">decyzja o zwrocie odwo\u0142ania<\/h5>\t\t\t\t<\/div>\n\t\t\t\t<\/div>\n\t\t\t\t<div class=\"elementor-element elementor-element-dea1465 elementor-hidden-desktop elementor-hidden-tablet elementor-hidden-mobile elementor-widget elementor-widget-heading\" data-id=\"dea1465\" data-element_type=\"widget\" data-e-type=\"widget\" id=\"seo-word\" data-widget_type=\"heading.default\">\n\t\t\t\t<div class=\"elementor-widget-container\">\n\t\t\t\t\t<h5 class=\"elementor-heading-title elementor-size-default\">zniesienie decyzji o zwrocie<\/h5>\t\t\t\t<\/div>\n\t\t\t\t<\/div>\n\t\t\t\t<div class=\"elementor-element elementor-element-e9d6bb1 elementor-hidden-desktop elementor-hidden-tablet elementor-hidden-mobile elementor-widget elementor-widget-heading\" data-id=\"e9d6bb1\" data-element_type=\"widget\" data-e-type=\"widget\" id=\"seo-word\" data-widget_type=\"heading.default\">\n\t\t\t\t<div class=\"elementor-widget-container\">\n\t\t\t\t\t<h5 class=\"elementor-heading-title elementor-size-default\">prawo imigracyjne<\/h5>\t\t\t\t<\/div>\n\t\t\t\t<\/div>\n\t\t\t\t<div class=\"elementor-element elementor-element-5ccea5a elementor-hidden-desktop elementor-hidden-tablet elementor-hidden-mobile elementor-widget elementor-widget-heading\" data-id=\"5ccea5a\" data-element_type=\"widget\" data-e-type=\"widget\" id=\"seo-word\" data-widget_type=\"heading.default\">\n\t\t\t\t<div class=\"elementor-widget-container\">\n\t\t\t\t\t<h5 class=\"elementor-heading-title elementor-size-default\">prawo imigracyjne adwokat enschede<\/h5>\t\t\t\t<\/div>\n\t\t\t\t<\/div>\n\t\t\t\t<div class=\"elementor-element elementor-element-3129534 elementor-hidden-desktop elementor-hidden-tablet elementor-hidden-mobile elementor-widget elementor-widget-heading\" data-id=\"3129534\" data-element_type=\"widget\" data-e-type=\"widget\" id=\"seo-word\" data-widget_type=\"heading.default\">\n\t\t\t\t<div class=\"elementor-widget-container\">\n\t\t\t\t\t<h5 class=\"elementor-heading-title elementor-size-default\">prawo imigracyjne adwokat overijssel<\/h5>\t\t\t\t<\/div>\n\t\t\t\t<\/div>\n\t\t\t\t<div class=\"elementor-element elementor-element-3189326 elementor-hidden-desktop elementor-hidden-tablet elementor-hidden-mobile elementor-widget elementor-widget-heading\" data-id=\"3189326\" data-element_type=\"widget\" data-e-type=\"widget\" id=\"seo-word\" data-widget_type=\"heading.default\">\n\t\t\t\t<div class=\"elementor-widget-container\">\n\t\t\t\t\t<h5 class=\"elementor-heading-title elementor-size-default\">prawo cudzoziemc\u00f3w enschede<\/h5>\t\t\t\t<\/div>\n\t\t\t\t<\/div>\n\t\t\t\t<div class=\"elementor-element elementor-element-1d82020 color-scheme-inherit text-left elementor-widget elementor-widget-text-editor\" data-id=\"1d82020\" data-element_type=\"widget\" data-e-type=\"widget\" id=\"seo-word\" data-widget_type=\"text-editor.default\">\n\t\t\t\t<div class=\"elementor-widget-container\">\n\t\t\t\t\t\t\t\t\t<p>decyzja o powrocie i zakaz wjazdu do Holandii z w\u0142asnej inicjatywy, czyli proces i kroki podejmowane w celu powrotu do kraju pochodzenia, a tak\u017ce szczeg\u00f3\u0142owe warunki i przepisy maj\u0105ce zastosowanie do decyzji o powrocie i zakazu wjazdu.<\/p>\t\t\t\t\t\t\t\t<\/div>\n\t\t\t\t<\/div>\n\t\t\t\t<div class=\"elementor-element elementor-element-09494fd elementor-hidden-desktop elementor-hidden-tablet elementor-hidden-mobile elementor-widget elementor-widget-heading\" data-id=\"09494fd\" data-element_type=\"widget\" data-e-type=\"widget\" id=\"seo-word\" data-widget_type=\"heading.default\">\n\t\t\t\t<div class=\"elementor-widget-container\">\n\t\t\t\t\t<h5 class=\"elementor-heading-title elementor-size-default\">adwokat enschede prawo cudzoziemc\u00f3w<\/h5>\t\t\t\t<\/div>\n\t\t\t\t<\/div>\n\t\t\t\t<div class=\"elementor-element elementor-element-7811f20 color-scheme-inherit text-left elementor-widget elementor-widget-text-editor\" data-id=\"7811f20\" data-element_type=\"widget\" data-e-type=\"widget\" data-widget_type=\"text-editor.default\">\n\t\t\t\t<div class=\"elementor-widget-container\">\n\t\t\t\t\t\t\t\t\t<p><strong>W Holandii \"decyzja o powrocie\" odnosi si\u0119 do konkretnej procedury prawnej maj\u0105cej zastosowanie do os\u00f3b, kt\u00f3re przebywaj\u0105 w kraju bez wymaganego statusu pobytu. Decyzja ta ma wa\u017cne konsekwencje prawne i wp\u0142ywa na pobyt os\u00f3b fizycznych w Holandii.<\/strong><\/p>\t\t\t\t\t\t\t\t<\/div>\n\t\t\t\t<\/div>\n\t\t\t\t<div class=\"elementor-element elementor-element-dd3db22 elementor-widget elementor-widget-spacer\" data-id=\"dd3db22\" data-element_type=\"widget\" data-e-type=\"widget\" data-widget_type=\"spacer.default\">\n\t\t\t\t<div class=\"elementor-widget-container\">\n\t\t\t\t\t\t\t<div class=\"elementor-spacer\">\n\t\t\t<div class=\"elementor-spacer-inner\"><\/div>\n\t\t<\/div>\n\t\t\t\t\t\t<\/div>\n\t\t\t\t<\/div>\n\t\t\t\t<div class=\"elementor-element elementor-element-692aab6 elementor-widget elementor-widget-heading\" data-id=\"692aab6\" data-element_type=\"widget\" data-e-type=\"widget\" data-widget_type=\"heading.default\">\n\t\t\t\t<div class=\"elementor-widget-container\">\n\t\t\t\t\t<h3 class=\"elementor-heading-title elementor-size-default\">Czym jest decyzja o zwrocie?<\/h3>\t\t\t\t<\/div>\n\t\t\t\t<\/div>\n\t\t\t\t<div class=\"elementor-element elementor-element-fb6855a color-scheme-inherit text-left elementor-widget elementor-widget-text-editor\" data-id=\"fb6855a\" data-element_type=\"widget\" data-e-type=\"widget\" data-widget_type=\"text-editor.default\">\n\t\t\t\t<div class=\"elementor-widget-container\">\n\t\t\t\t\t\t\t\t\t<p>Decyzja nakazuj\u0105ca powr\u00f3t to deklaracja prawna, kt\u00f3ra oznacza po prostu, \u017ce Pana\/Pani pobyt w Holandii jest nielegalny i \u017ce jest Pan\/Pani zobowi\u0105zany\/a do opuszczenia kraju, a tak\u017ce wszystkich kraj\u00f3w UE\/EOG i Szwajcarii. Sytuacja ta ma miejsce, gdy Pana\/Pani wniosek o wiz\u0119 na pobyt czasowy zostaje odrzucony, a czasami mo\u017ce nawet zosta\u0107 na\u0142o\u017cony zakaz wjazdu, co oznacza, \u017ce nie mo\u017ce Pan\/Pani ponownie wjecha\u0107 do kraju przez okre\u015blony czas. Dzieje si\u0119 tak zw\u0142aszcza w przypadku, gdy odrzucenie wniosku jest zwi\u0105zane z zak\u0142\u00f3caniem porz\u0105dku publicznego.<\/p>\t\t\t\t\t\t\t\t<\/div>\n\t\t\t\t<\/div>\n\t\t\t\t<div class=\"elementor-element elementor-element-9130cb7 elementor-widget elementor-widget-spacer\" data-id=\"9130cb7\" data-element_type=\"widget\" data-e-type=\"widget\" data-widget_type=\"spacer.default\">\n\t\t\t\t<div class=\"elementor-widget-container\">\n\t\t\t\t\t\t\t<div class=\"elementor-spacer\">\n\t\t\t<div class=\"elementor-spacer-inner\"><\/div>\n\t\t<\/div>\n\t\t\t\t\t\t<\/div>\n\t\t\t\t<\/div>\n\t\t\t\t<div class=\"elementor-element elementor-element-c76a020 elementor-widget elementor-widget-heading\" data-id=\"c76a020\" data-element_type=\"widget\" data-e-type=\"widget\" data-widget_type=\"heading.default\">\n\t\t\t\t<div class=\"elementor-widget-container\">\n\t\t\t\t\t<h3 class=\"elementor-heading-title elementor-size-default\">Do kogo ma zastosowanie decyzja o zwrocie?\n<\/h3>\t\t\t\t<\/div>\n\t\t\t\t<\/div>\n\t\t\t\t<div class=\"elementor-element elementor-element-85d8417 color-scheme-inherit text-left elementor-widget elementor-widget-text-editor\" data-id=\"85d8417\" data-element_type=\"widget\" data-e-type=\"widget\" data-widget_type=\"text-editor.default\">\n\t\t\t\t<div class=\"elementor-widget-container\">\n\t\t\t\t\t\t\t\t\t<p>Decyzja nakazuj\u0105ca powr\u00f3t jest \u015brodkiem prawnym maj\u0105cym zastosowanie do os\u00f3b, kt\u00f3re nie s\u0105 obywatelami kraju UE\/EOG lub Szwajcarii i kt\u00f3re przebywaj\u0105 w Holandii. Istnieje kilka sytuacji, w kt\u00f3rych taka decyzja nakazuj\u0105ca powr\u00f3t mo\u017ce zosta\u0107 wydana:<\/p><ul><li><strong>Odrzucenie wniosku o zezwolenie na pobyt:<\/strong> Jedn\u0105 z sytuacji, w kt\u00f3rych mo\u017ce Pan\/Pani otrzyma\u0107 decyzj\u0119 nakazuj\u0105c\u0105 powr\u00f3t, jest odrzucenie przez Urz\u0105d Imigracyjny i Naturalizacyjny (IND) Pana\/Pani wniosku o zezwolenie na pobyt. Decyzja o zwrocie mo\u017ce w\u00f3wczas stanowi\u0107 cz\u0119\u015b\u0107 tej negatywnej decyzji. Mo\u017ce si\u0119 tak zdarzy\u0107, je\u015bli Pana\/Pani wniosek nie spe\u0142nia okre\u015blonych wymog\u00f3w lub je\u015bli istniej\u0105 inne podstawy prawne do jego odrzucenia.<\/li><li><strong>Cofni\u0119cie zezwolenia na pobyt:<\/strong> Inn\u0105 sytuacj\u0105, w kt\u00f3rej mo\u017ce zosta\u0107 wydana decyzja nakazuj\u0105ca powr\u00f3t, jest decyzja IND o cofni\u0119ciu Pana\/Pani zezwolenia na pobyt. Decyzja o powrocie stanowi w\u00f3wczas cz\u0119\u015b\u0107 tej decyzji. Mo\u017ce si\u0119 tak zdarzy\u0107, je\u015bli naruszy\u0142(a) Pan(i) warunki zezwolenia na pobyt, na przyk\u0142ad \u0142ami\u0105c prawo lub nie przestrzegaj\u0105c zasad dotycz\u0105cych pobytu.<\/li><li><strong>Nielegalny pobyt ustalony przez w\u0142adze: <\/strong>je\u015bli policja lub Kr\u00f3lewska \u017bandarmeria Wojskowa napotka Pana\/Pani\u0105 na granicy lub w Holandii i stwierdzi, \u017ce przebywa Pan\/Pani w tym kraju nielegalnie. Mo\u017ce si\u0119 to zdarzy\u0107, je\u015bli nie posiada Pan\/Pani wa\u017cnego zezwolenia na pobyt lub nie z\u0142o\u017cy\u0142\/a Pan\/Pani wniosku o jego wydanie. Decyzja nakazuj\u0105ca powr\u00f3t jest w takiej sytuacji stosowana jako \u015brodek prawny maj\u0105cy na celu zapewnienie, \u017ce opu\u015bci Pan\/Pani kraj.<\/li><\/ul><p>Prosz\u0119 zrozumie\u0107, \u017ce decyzja o zwrocie jest powa\u017cn\u0105 kwesti\u0105 prawn\u0105. Przestrzeganie termin\u00f3w i procedur w niej okre\u015blonych jest bardzo wa\u017cne. Je\u015bli nie zgadza si\u0119 Pan\/Pani z decyzj\u0105 o zwrocie, ma Pan\/Pani prawo do wniesienia sprzeciwu lub odwo\u0142ania, jak wspomniano wcze\u015bniej. Zaleca si\u0119 zasi\u0119gni\u0119cie porady prawnej i podj\u0119cie odpowiednich krok\u00f3w w celu zrozumienia swojej sytuacji i zarz\u0105dzania ni\u0105 w granicach prawa. Pomo\u017ce to Pa\u0144stwu chroni\u0107 swoje prawa i unikn\u0105\u0107 wszelkich komplikacji prawnych.<\/p>\t\t\t\t\t\t\t\t<\/div>\n\t\t\t\t<\/div>\n\t\t\t\t<div class=\"elementor-element elementor-element-37fad05 elementor-widget elementor-widget-spacer\" data-id=\"37fad05\" data-element_type=\"widget\" data-e-type=\"widget\" data-widget_type=\"spacer.default\">\n\t\t\t\t<div class=\"elementor-widget-container\">\n\t\t\t\t\t\t\t<div class=\"elementor-spacer\">\n\t\t\t<div class=\"elementor-spacer-inner\"><\/div>\n\t\t<\/div>\n\t\t\t\t\t\t<\/div>\n\t\t\t\t<\/div>\n\t\t\t\t<div class=\"elementor-element elementor-element-a26fa5a elementor-widget elementor-widget-heading\" data-id=\"a26fa5a\" data-element_type=\"widget\" data-e-type=\"widget\" data-widget_type=\"heading.default\">\n\t\t\t\t<div class=\"elementor-widget-container\">\n\t\t\t\t\t<h3 class=\"elementor-heading-title elementor-size-default\">Niekorzystne skutki decyzji o zwrocie<\/h3>\t\t\t\t<\/div>\n\t\t\t\t<\/div>\n\t\t\t\t<div class=\"elementor-element elementor-element-fa71844 color-scheme-inherit text-left elementor-widget elementor-widget-text-editor\" data-id=\"fa71844\" data-element_type=\"widget\" data-e-type=\"widget\" data-widget_type=\"text-editor.default\">\n\t\t\t\t<div class=\"elementor-widget-container\">\n\t\t\t\t\t\t\t\t\t<p>Decyzja o zwrocie mo\u017ce mie\u0107 znacz\u0105ce konsekwencje dla danej osoby. Poni\u017cej przedstawiamy kilka mo\u017cliwych skutk\u00f3w decyzji o zwrocie:<\/p><ul><li><strong>Obowi\u0105zkowy wyjazd:<\/strong> Decyzja nakazuj\u0105ca powr\u00f3t oznacza, \u017ce dana osoba musi opu\u015bci\u0107 Holandi\u0119 i powr\u00f3ci\u0107 do swojego kraju pochodzenia lub innego kraju, w kt\u00f3rym mo\u017ce legalnie przebywa\u0107. Niezastosowanie si\u0119 do tej decyzji mo\u017ce prowadzi\u0107 do konsekwencji prawnych, takich jak zakaz wjazdu.<\/li><li><strong>Procedura wydalenia:<\/strong> Je\u015bli dana osoba nie opu\u015bci kraju dobrowolnie, mo\u017ce zosta\u0107 wszcz\u0119te post\u0119powanie w sprawie wydalenia w celu przymusowego powrotu. Mo\u017ce to obejmowa\u0107 przetrzymywanie osoby w o\u015brodku detencyjnym do czasu deportacji.<\/li><li><a href=\"https:\/\/www.derbedrosian.nl\/pl\/jurysdykcje\/prawo-imigracyjne\/zakaz-wjazdu\/\"><strong>Zakaz wjazdu:<\/strong><\/a>\u00a0Mo\u017cna r\u00f3wnie\u017c na\u0142o\u017cy\u0107 zakaz wjazdu, co oznacza, \u017ce dana osoba nie mo\u017ce wjecha\u0107 do Holandii przez okre\u015blony czas. Nieprzestrzeganie zakazu wjazdu mo\u017ce skutkowa\u0107 konsekwencjami karnymi, takimi jak grzywna lub kara pozbawienia wolno\u015bci.<\/li><\/ul>\t\t\t\t\t\t\t\t<\/div>\n\t\t\t\t<\/div>\n\t\t\t\t<div class=\"elementor-element elementor-element-a044565 elementor-widget elementor-widget-spacer\" data-id=\"a044565\" data-element_type=\"widget\" data-e-type=\"widget\" data-widget_type=\"spacer.default\">\n\t\t\t\t<div class=\"elementor-widget-container\">\n\t\t\t\t\t\t\t<div class=\"elementor-spacer\">\n\t\t\t<div class=\"elementor-spacer-inner\"><\/div>\n\t\t<\/div>\n\t\t\t\t\t\t<\/div>\n\t\t\t\t<\/div>\n\t\t\t\t<div class=\"elementor-element elementor-element-bdf7b45 elementor-widget elementor-widget-heading\" data-id=\"bdf7b45\" data-element_type=\"widget\" data-e-type=\"widget\" data-widget_type=\"heading.default\">\n\t\t\t\t<div class=\"elementor-widget-container\">\n\t\t\t\t\t<h3 class=\"elementor-heading-title elementor-size-default\">Sprzeciw od decyzji o zwrocie<\/h3>\t\t\t\t<\/div>\n\t\t\t\t<\/div>\n\t\t\t\t<div class=\"elementor-element elementor-element-f9c76d3 color-scheme-inherit text-left elementor-widget elementor-widget-text-editor\" data-id=\"f9c76d3\" data-element_type=\"widget\" data-e-type=\"widget\" data-widget_type=\"text-editor.default\">\n\t\t\t\t<div class=\"elementor-widget-container\">\n\t\t\t\t\t\t\t\t\t<p>Je\u015bli nie zgadza si\u0119 Pan\/Pani z decyzj\u0105 o zwrocie, istnieje mo\u017cliwo\u015b\u0107 wniesienia sprzeciwu lub odwo\u0142ania. Oficjalne powiadomienie o decyzji wyja\u015bnia szczeg\u00f3\u0142owo, w jaki spos\u00f3b mo\u017ce Pan\/Pani z\u0142o\u017cy\u0107 sprzeciw do Urz\u0119du Imigracyjnego i Naturalizacyjnego (IND) lub odwo\u0142a\u0107 si\u0119 do s\u0105du.<\/p><p>Istniej\u0105 jednak okoliczno\u015bci, w kt\u00f3rych nie jest Pan\/Pani zobowi\u0105zany\/a do natychmiastowego opuszczenia kraju po podj\u0119ciu decyzji o powrocie:<\/p><ul><li><strong>Wniosek o zezwolenie na pobyt:<\/strong>\u00a0Je\u015bli po otrzymaniu decyzji o powrocie zdecyduje si\u0119 Pan\/Pani z\u0142o\u017cy\u0107 wniosek o zezwolenie na pobyt, mo\u017ce Pan\/Pani pozosta\u0107 w Holandii do czasu rozpatrzenia wniosku. Daje to Panu\/Pani mo\u017cliwo\u015b\u0107 przedstawienia swojej sprawy i oczekiwania na decyzj\u0119 dotycz\u0105c\u0105 Pana\/Pani statusu pobytu.<\/li><li><strong>Odwo\u0142anie lub sprzeciw:<\/strong>\u00a0Je\u015bli otrzyma\u0142(a) Pan(i) decyzj\u0119 odmown\u0105 w sprawie wniosku o zezwolenie na pobyt i z\u0142o\u017cy\u0142(a) Pan(i) odwo\u0142anie lub sprzeciw od tej decyzji w wyznaczonym terminie, nie jest Pan(i) zobowi\u0105zany(a) do natychmiastowego wyjazdu. W trakcie procedury odwo\u0142awczej lub procedury sprzeciwu mo\u017ce Pan\/Pani pozosta\u0107 w Holandii do czasu podj\u0119cia ostatecznej decyzji.<\/li><\/ul><p>Wa\u017cne jest, aby wiedzie\u0107, \u017ce je\u015bli nie posiada Pan\/Pani wa\u017cnego statusu pobytu w Holandii i nie podejmie Pan\/Pani krok\u00f3w w celu dostosowania swojej sytuacji do przepis\u00f3w prawa, istnieje ryzyko, \u017ce zostanie Pan\/Pani zatrzymany\/a w specjalnym o\u015brodku zwanym \"o\u015brodkiem detencyjnym\". O\u015brodek ten przypomina cel\u0119 wi\u0119zienn\u0105 i s\u0142u\u017cy do przetrzymywania os\u00f3b, kt\u00f3re nie spe\u0142niaj\u0105 wymog\u00f3w dotycz\u0105cych pobytu w Holandii.<\/p>\t\t\t\t\t\t\t\t<\/div>\n\t\t\t\t<\/div>\n\t\t\t\t<div class=\"elementor-element elementor-element-0013d6a elementor-widget elementor-widget-spacer\" data-id=\"0013d6a\" data-element_type=\"widget\" data-e-type=\"widget\" data-widget_type=\"spacer.default\">\n\t\t\t\t<div class=\"elementor-widget-container\">\n\t\t\t\t\t\t\t<div class=\"elementor-spacer\">\n\t\t\t<div class=\"elementor-spacer-inner\"><\/div>\n\t\t<\/div>\n\t\t\t\t\t\t<\/div>\n\t\t\t\t<\/div>\n\t\t\t\t<div class=\"elementor-element elementor-element-750046e elementor-widget elementor-widget-heading\" data-id=\"750046e\" data-element_type=\"widget\" data-e-type=\"widget\" data-widget_type=\"heading.default\">\n\t\t\t\t<div class=\"elementor-widget-container\">\n\t\t\t\t\t<h3 class=\"elementor-heading-title elementor-size-default\">Decyzja o zwrocie prawnika<\/h3>\t\t\t\t<\/div>\n\t\t\t\t<\/div>\n\t\t\t\t<div class=\"elementor-element elementor-element-d562b0b color-scheme-inherit text-left elementor-widget elementor-widget-text-editor\" data-id=\"d562b0b\" data-element_type=\"widget\" data-e-type=\"widget\" data-widget_type=\"text-editor.default\">\n\t\t\t\t<div class=\"elementor-widget-container\">\n\t\t\t\t\t\t\t\t\t<p>Je\u015bli maj\u0105 Pa\u0144stwo do czynienia z decyzj\u0105 o zwrocie, wa\u017cne jest, aby natychmiast skontaktowa\u0107 si\u0119 z prawnikiem. Niezale\u017cnie od tego, czy ma Pan\/Pani pytania dotycz\u0105ce swoich praw, chce Pan\/Pani sprzeciwi\u0107 si\u0119 decyzji o zwrocie, czy te\u017c chce Pan\/Pani podj\u0105\u0107 kroki w celu poprawy swojej sytuacji, jeste\u015bmy tutaj, aby Panu\/Pani pom\u00f3c.<\/p><p>Kancelaria prawna Der Bedrosian features <a href=\"https:\/\/www.derbedrosian.nl\/pl\/prawnicy-2\/\">wyspecjalizowani prawnicy<\/a> w <a href=\"https:\/\/www.derbedrosian.nl\/pl\/jurysdykcje\/prawo-imigracyjne\/\">prawo imigracyjne<\/a> i z przyjemno\u015bci\u0105 pomo\u017cemy Pa\u0144stwu w tym procesie. Zach\u0119camy do kontaktu telefonicznego w celu om\u00f3wienia Pa\u0144stwa sytuacji.<\/p>\t\t\t\t\t\t\t\t<\/div>\n\t\t\t\t<\/div>\n\t\t\t\t\t<\/div>\n\t\t\t\t<\/div>\n\t\t\t\t<\/div>","protected":false},"excerpt":{"rendered":"<p>adwokat decyzja o powrocie decyzja o powrocie orzeczenie odwo\u0142anie od decyzji o powrocie uchylenie decyzji o powrocie prawo imigracyjne prawo imigracyjne adwokat enschede prawo imigracyjne adwokat overijssel prawo imigracyjne enschede decyzja o powrocie i zakaz wjazdu<\/p>","protected":false},"author":1,"featured_media":0,"parent":10627,"menu_order":0,"comment_status":"closed","ping_status":"closed","template":"","meta":{"footnotes":""},"class_list":["post-10682","page","type-page","status-publish","hentry"],"_links":{"self":[{"href":"https:\/\/www.derbedrosian.nl\/pl\/wp-json\/wp\/v2\/pages\/10682","targetHints":{"allow":["GET"]}}],"collection":[{"href":"https:\/\/www.derbedrosian.nl\/pl\/wp-json\/wp\/v2\/pages"}],"about":[{"href":"https:\/\/www.derbedrosian.nl\/pl\/wp-json\/wp\/v2\/types\/page"}],"author":[{"embeddable":true,"href":"https:\/\/www.derbedrosian.nl\/pl\/wp-json\/wp\/v2\/users\/1"}],"replies":[{"embeddable":true,"href":"https:\/\/www.derbedrosian.nl\/pl\/wp-json\/wp\/v2\/comments?post=10682"}],"version-history":[{"count":0,"href":"https:\/\/www.derbedrosian.nl\/pl\/wp-json\/wp\/v2\/pages\/10682\/revisions"}],"up":[{"embeddable":true,"href":"https:\/\/www.derbedrosian.nl\/pl\/wp-json\/wp\/v2\/pages\/10627"}],"wp:attachment":[{"href":"https:\/\/www.derbedrosian.nl\/pl\/wp-json\/wp\/v2\/media?parent=10682"}],"curies":[{"name":"wp","href":"https:\/\/api.w.org\/{rel}","templated":true}]}}