{"id":10677,"date":"2023-05-26T15:48:18","date_gmt":"2023-05-26T13:48:18","guid":{"rendered":"https:\/\/derbedrosian.nl\/?page_id=10677"},"modified":"2025-12-21T15:58:40","modified_gmt":"2025-12-21T13:58:40","slug":"niechciana-deklaracja","status":"publish","type":"page","link":"https:\/\/www.derbedrosian.nl\/pl\/rechtsgebieden\/vreemdelingenrecht\/ongewenstverklaring\/","title":{"rendered":"Niechciane o\u015bwiadczenie"},"content":{"rendered":"<div data-elementor-type=\"wp-page\" data-elementor-id=\"10677\" class=\"elementor elementor-10677\" data-elementor-post-type=\"page\">\n\t\t\t\t<div class=\"wd-negative-gap elementor-element elementor-element-76dd1dd e-flex e-con-boxed e-con e-parent\" data-id=\"76dd1dd\" data-element_type=\"container\" data-e-type=\"container\">\n\t\t\t\t\t<div class=\"e-con-inner\">\n\t\t\t\t<div class=\"elementor-element elementor-element-77f8a99 elementor-hidden-desktop elementor-hidden-tablet elementor-hidden-mobile elementor-widget elementor-widget-wd_image_or_svg\" data-id=\"77f8a99\" data-element_type=\"widget\" data-e-type=\"widget\" id=\"seo-word\" data-widget_type=\"wd_image_or_svg.default\">\n\t\t\t\t<div class=\"elementor-widget-container\">\n\t\t\t\t\t\n\t\t<div class=\"wd-image text-left\">\n\t\t\t\t\t\t\t\t<img loading=\"lazy\" decoding=\"async\" width=\"1000\" height=\"667\" src=\"https:\/\/www.derbedrosian.nl\/wp-content\/uploads\/rechtsgebied-ongewenstverklaring.jpg\" class=\"attachment-full size-full\" alt=\"zakaz wjazdu prawnik zezwolenie na pobyt IND\" srcset=\"https:\/\/www.derbedrosian.nl\/wp-content\/uploads\/rechtsgebied-ongewenstverklaring.jpg 1000w, https:\/\/www.derbedrosian.nl\/wp-content\/uploads\/rechtsgebied-ongewenstverklaring-400x267.jpg 400w, https:\/\/www.derbedrosian.nl\/wp-content\/uploads\/rechtsgebied-ongewenstverklaring-768x512.jpg 768w\" sizes=\"auto, (max-width: 1000px) 100vw, 1000px\" title=\"\">\t\t\t\t\t<\/div>\n\n\t\t\t\t\t\t<\/div>\n\t\t\t\t<\/div>\n\t\t\t\t<div class=\"elementor-element elementor-element-82078fc elementor-hidden-desktop elementor-hidden-tablet elementor-hidden-mobile elementor-widget elementor-widget-heading\" data-id=\"82078fc\" data-element_type=\"widget\" data-e-type=\"widget\" id=\"seo-word\" data-widget_type=\"heading.default\">\n\t\t\t\t<div class=\"elementor-widget-container\">\n\t\t\t\t\t<h2 class=\"elementor-heading-title elementor-size-default\">zakaz wjazdu niechciane o\u015bwiadczenie<\/h2>\t\t\t\t<\/div>\n\t\t\t\t<\/div>\n\t\t\t\t<div class=\"elementor-element elementor-element-d5480f4 elementor-hidden-desktop elementor-hidden-tablet elementor-hidden-mobile elementor-widget elementor-widget-heading\" data-id=\"d5480f4\" data-element_type=\"widget\" data-e-type=\"widget\" id=\"seo-word\" data-widget_type=\"heading.default\">\n\t\t\t\t<div class=\"elementor-widget-container\">\n\t\t\t\t\t<h5 class=\"elementor-heading-title elementor-size-default\">orzeczenie o niepoczytalno\u015bci w \u015bwietle prawa karnego<\/h5>\t\t\t\t<\/div>\n\t\t\t\t<\/div>\n\t\t\t\t<div class=\"elementor-element elementor-element-3ffba1e elementor-hidden-desktop elementor-hidden-tablet elementor-hidden-mobile elementor-widget elementor-widget-heading\" data-id=\"3ffba1e\" data-element_type=\"widget\" data-e-type=\"widget\" id=\"seo-word\" data-widget_type=\"heading.default\">\n\t\t\t\t<div class=\"elementor-widget-container\">\n\t\t\t\t\t<h5 class=\"elementor-heading-title elementor-size-default\">z\u0142o\u017cy\u0107 wniosek o uznanie za osob\u0119 niepo\u017c\u0105dan\u0105<\/h5>\t\t\t\t<\/div>\n\t\t\t\t<\/div>\n\t\t\t\t<div class=\"elementor-element elementor-element-2ff1edd elementor-hidden-desktop elementor-hidden-tablet elementor-hidden-mobile elementor-widget elementor-widget-heading\" data-id=\"2ff1edd\" data-element_type=\"widget\" data-e-type=\"widget\" id=\"seo-word\" data-widget_type=\"heading.default\">\n\t\t\t\t<div class=\"elementor-widget-container\">\n\t\t\t\t\t<h5 class=\"elementor-heading-title elementor-size-default\">kryminalizacja niepo\u017c\u0105danych zachowa\u0144<\/h5>\t\t\t\t<\/div>\n\t\t\t\t<\/div>\n\t\t\t\t<div class=\"elementor-element elementor-element-d641bd3 elementor-hidden-desktop elementor-hidden-tablet elementor-hidden-mobile elementor-widget elementor-widget-heading\" data-id=\"d641bd3\" data-element_type=\"widget\" data-e-type=\"widget\" id=\"seo-word\" data-widget_type=\"heading.default\">\n\t\t\t\t<div class=\"elementor-widget-container\">\n\t\t\t\t\t<h5 class=\"elementor-heading-title elementor-size-default\">za\u015bwiadczenie o braku przeciwwskaza\u0144 i\/lub zakaz wjazdu ograniczenie zatwierdzenie na rynku pracy i okres wa\u017cno\u015bci zniesienie starego za\u015bwiadczenia o braku przeciwwskaza\u0144 na\u0142o\u017conego przed starym za\u015bwiadczeniem o braku przeciwwskaza\u0144 na\u0142o\u017conym przed grudniem<\/h5>\t\t\t\t<\/div>\n\t\t\t\t<\/div>\n\t\t\t\t<div class=\"elementor-element elementor-element-772e6ec elementor-hidden-desktop elementor-hidden-tablet elementor-hidden-mobile elementor-widget elementor-widget-heading\" data-id=\"772e6ec\" data-element_type=\"widget\" data-e-type=\"widget\" id=\"seo-word\" data-widget_type=\"heading.default\">\n\t\t\t\t<div class=\"elementor-widget-container\">\n\t\t\t\t\t<h5 class=\"elementor-heading-title elementor-size-default\">zasady polityki dotycz\u0105ce tymczasowego uchylenia decyzji o dokonaniu wpisu<\/h5>\t\t\t\t<\/div>\n\t\t\t\t<\/div>\n\t\t\t\t<div class=\"elementor-element elementor-element-c66054e elementor-hidden-desktop elementor-hidden-tablet elementor-hidden-mobile elementor-widget elementor-widget-heading\" data-id=\"c66054e\" data-element_type=\"widget\" data-e-type=\"widget\" id=\"seo-word\" data-widget_type=\"heading.default\">\n\t\t\t\t<div class=\"elementor-widget-container\">\n\t\t\t\t\t<h5 class=\"elementor-heading-title elementor-size-default\">prawo imigracyjne adwokat enschede<\/h5>\t\t\t\t<\/div>\n\t\t\t\t<\/div>\n\t\t\t\t<div class=\"elementor-element elementor-element-9ae2ef2 elementor-hidden-desktop elementor-hidden-tablet elementor-hidden-mobile elementor-widget elementor-widget-heading\" data-id=\"9ae2ef2\" data-element_type=\"widget\" data-e-type=\"widget\" id=\"seo-word\" data-widget_type=\"heading.default\">\n\t\t\t\t<div class=\"elementor-widget-container\">\n\t\t\t\t\t<h5 class=\"elementor-heading-title elementor-size-default\">prawo imigracyjne adwokat overijssel<\/h5>\t\t\t\t<\/div>\n\t\t\t\t<\/div>\n\t\t\t\t<div class=\"elementor-element elementor-element-a9cd106 elementor-hidden-desktop elementor-hidden-tablet elementor-hidden-mobile elementor-widget elementor-widget-heading\" data-id=\"a9cd106\" data-element_type=\"widget\" data-e-type=\"widget\" id=\"seo-word\" data-widget_type=\"heading.default\">\n\t\t\t\t<div class=\"elementor-widget-container\">\n\t\t\t\t\t<h5 class=\"elementor-heading-title elementor-size-default\">prawo cudzoziemc\u00f3w enschede<\/h5>\t\t\t\t<\/div>\n\t\t\t\t<\/div>\n\t\t\t\t<div class=\"elementor-element elementor-element-6ea98cf elementor-hidden-desktop elementor-hidden-tablet elementor-hidden-mobile elementor-widget elementor-widget-heading\" data-id=\"6ea98cf\" data-element_type=\"widget\" data-e-type=\"widget\" id=\"seo-word\" data-widget_type=\"heading.default\">\n\t\t\t\t<div class=\"elementor-widget-container\">\n\t\t\t\t\t<h5 class=\"elementor-heading-title elementor-size-default\">adwokat enschede prawo cudzoziemc\u00f3w<\/h5>\t\t\t\t<\/div>\n\t\t\t\t<\/div>\n\t\t\t\t<div class=\"elementor-element elementor-element-3800064 elementor-hidden-desktop elementor-hidden-tablet elementor-hidden-mobile elementor-widget elementor-widget-heading\" data-id=\"3800064\" data-element_type=\"widget\" data-e-type=\"widget\" id=\"seo-word\" data-widget_type=\"heading.default\">\n\t\t\t\t<div class=\"elementor-widget-container\">\n\t\t\t\t\t<h5 class=\"elementor-heading-title elementor-size-default\">W Enschede i Overijssel mog\u0105 Pa\u0144stwo liczy\u0107 na prawnik\u00f3w-ekspert\u00f3w z kancelarii Derbedrosian Immigration Lawyers. Rozumiemy, \u017ce niepo\u017c\u0105dany charakter jest z\u0142o\u017con\u0105 kwesti\u0105 prawn\u0105 w prawie imigracyjnym.\n\nOrzeczenie o niepo\u017c\u0105danym charakterze oznacza, \u017ce kto\u015b nie jest ju\u017c mile widziany w Holandii i mo\u017ce mie\u0107 powa\u017cne konsekwencje. Mo\u017ce to skutkowa\u0107 zarzutami karnymi i innymi problemami prawnymi.\n\nUbieganie si\u0119 o uchylenie decyzji o uznaniu za osob\u0119 niepo\u017c\u0105dan\u0105 jest procedur\u0105 prawn\u0105, kt\u00f3rej nale\u017cy przestrzega\u0107 z nale\u017cyt\u0105 staranno\u015bci\u0105. Istniej\u0105 zasady dotycz\u0105ce tymczasowego uchylenia decyzji o uznaniu za osob\u0119 niepo\u017c\u0105dan\u0105, ale zale\u017c\u0105 one od konkretnych okoliczno\u015bci danej sprawy.\n\nNasi prawnicy imigracyjni w Enschede s\u0105 dost\u0119pni, aby doradzi\u0107 i pokierowa\u0107 Pa\u0144stwa w sprawach dotycz\u0105cych orzekania o niepo\u017c\u0105danym charakterze i wniosk\u00f3w o ich usuni\u0119cie. Rozumiemy z\u0142o\u017cono\u015b\u0107 tych sytuacji i pomo\u017cemy Pa\u0144stwu zapewni\u0107 poszanowanie Pa\u0144stwa praw.\n\nJe\u015bli potrzebuj\u0105 Pa\u0144stwo pomocy prawnej w zakresie orzekania o niepo\u017c\u0105danym charakterze, prosimy o kontakt z kancelari\u0105 Derbedrosian Immigration Lawyers. Jeste\u015bmy tutaj, aby Pa\u0144stwu pom\u00f3c i zaj\u0105\u0107 si\u0119 Pa\u0144stwa spraw\u0105, w celu zminimalizowania konsekwencji uznania za osob\u0119 niepo\u017c\u0105dan\u0105 i ochrony Pa\u0144stwa praw.<\/h5>\t\t\t\t<\/div>\n\t\t\t\t<\/div>\n\t\t\t\t<div class=\"elementor-element elementor-element-6202735 color-scheme-inherit text-left elementor-widget elementor-widget-text-editor\" data-id=\"6202735\" data-element_type=\"widget\" data-e-type=\"widget\" data-widget_type=\"text-editor.default\">\n\t\t\t\t<div class=\"elementor-widget-container\">\n\t\t\t\t\t\t\t\t\t<p><strong>\u015arodek \"Niepo\u017c\u0105dana deklaracja\" jest stosowany wobec cudzoziemc\u00f3w, kt\u00f3rzy nie s\u0105 mile widziani w Holandii. \u015arodek ten mo\u017ce zosta\u0107 na\u0142o\u017cony z r\u00f3\u017cnych powod\u00f3w, takich jak wyroki skazuj\u0105ce, obawy o bezpiecze\u0144stwo narodowe lub naruszenie prawa imigracyjnego. Celem deklaracji o niepo\u017c\u0105danym charakterze jest powstrzymanie os\u00f3b uznanych za zagro\u017cenie dla porz\u0105dku publicznego lub bezpiecze\u0144stwa narodowego.<\/strong><\/p>\t\t\t\t\t\t\t\t<\/div>\n\t\t\t\t<\/div>\n\t\t\t\t<div class=\"elementor-element elementor-element-9371e37 elementor-widget elementor-widget-spacer\" data-id=\"9371e37\" data-element_type=\"widget\" data-e-type=\"widget\" data-widget_type=\"spacer.default\">\n\t\t\t\t<div class=\"elementor-widget-container\">\n\t\t\t\t\t\t\t<div class=\"elementor-spacer\">\n\t\t\t<div class=\"elementor-spacer-inner\"><\/div>\n\t\t<\/div>\n\t\t\t\t\t\t<\/div>\n\t\t\t\t<\/div>\n\t\t\t\t<div class=\"elementor-element elementor-element-fb5b297 elementor-widget elementor-widget-heading\" data-id=\"fb5b297\" data-element_type=\"widget\" data-e-type=\"widget\" data-widget_type=\"heading.default\">\n\t\t\t\t<div class=\"elementor-widget-container\">\n\t\t\t\t\t<h3 class=\"elementor-heading-title elementor-size-default\">Co oznacza o\u015bwiadczenie o niepo\u017c\u0105danym charakterze? <\/h3>\t\t\t\t<\/div>\n\t\t\t\t<\/div>\n\t\t\t\t<div class=\"elementor-element elementor-element-e658e17 color-scheme-inherit text-left elementor-widget elementor-widget-text-editor\" data-id=\"e658e17\" data-element_type=\"widget\" data-e-type=\"widget\" data-widget_type=\"text-editor.default\">\n\t\t\t\t<div class=\"elementor-widget-container\">\n\t\t\t\t\t\t\t\t\t<p>O\u015bwiadczenie o niepo\u017c\u0105danym charakterze to decyzja stwierdzaj\u0105ca, \u017ce jest Pan\/Pani niepo\u017c\u0105danym cudzoziemcem w Holandii. Rz\u0105d holenderski uwa\u017ca, \u017ce nie powinien Pan\/Pani przebywa\u0107 w Holandii. Osoby niepo\u017c\u0105dane musz\u0105 natychmiast opu\u015bci\u0107 Holandi\u0119, co oznacza, \u017ce nie mog\u0105 d\u0142u\u017cej przebywa\u0107 w Holandii, na przyk\u0142ad dlatego, \u017ce zosta\u0142y skazane za przest\u0119pstwo. Cz\u0119sto s\u0105 to osoby, kt\u00f3re stanowi\u0105 zagro\u017cenie dla Holandii.<\/p>\t\t\t\t\t\t\t\t<\/div>\n\t\t\t\t<\/div>\n\t\t\t\t<div class=\"elementor-element elementor-element-cd7ba9b elementor-widget elementor-widget-spacer\" data-id=\"cd7ba9b\" data-element_type=\"widget\" data-e-type=\"widget\" data-widget_type=\"spacer.default\">\n\t\t\t\t<div class=\"elementor-widget-container\">\n\t\t\t\t\t\t\t<div class=\"elementor-spacer\">\n\t\t\t<div class=\"elementor-spacer-inner\"><\/div>\n\t\t<\/div>\n\t\t\t\t\t\t<\/div>\n\t\t\t\t<\/div>\n\t\t\t\t<div class=\"elementor-element elementor-element-7821fde elementor-widget elementor-widget-heading\" data-id=\"7821fde\" data-element_type=\"widget\" data-e-type=\"widget\" data-widget_type=\"heading.default\">\n\t\t\t\t<div class=\"elementor-widget-container\">\n\t\t\t\t\t<h3 class=\"elementor-heading-title elementor-size-default\">Konsekwencje uznania za osob\u0119 niepo\u017c\u0105dan\u0105<\/h3>\t\t\t\t<\/div>\n\t\t\t\t<\/div>\n\t\t\t\t<div class=\"elementor-element elementor-element-5cfcaf7 color-scheme-inherit text-left elementor-widget elementor-widget-text-editor\" data-id=\"5cfcaf7\" data-element_type=\"widget\" data-e-type=\"widget\" data-widget_type=\"text-editor.default\">\n\t\t\t\t<div class=\"elementor-widget-container\">\n\t\t\t\t\t\t\t\t\t<p>Je\u015bli zostanie Pan\/Pani uznany\/-a za osob\u0119 niepo\u017c\u0105dan\u0105, musi Pan\/Pani natychmiast opu\u015bci\u0107 Holandi\u0119. Je\u015bli mimo to spr\u00f3buje Pan\/Pani wr\u00f3ci\u0107 do Holandii, grozi Panu\/Pani kara pozbawienia wolno\u015bci do 6 miesi\u0119cy lub grzywna. W niekt\u00f3rych przypadkach w\u0142adze holenderskie mog\u0105 nawet podj\u0105\u0107 decyzj\u0119 o deportacji Pana\/Pani za granic\u0119.<\/p><p>Je\u015bli chodzi o komplikacje zwi\u0105zane z deklaracj\u0105 o niepo\u017c\u0105danym charakterze, nie ma z g\u00f3ry okre\u015blonej daty ko\u0144cowej. Jedynie Urz\u0105d Imigracyjny i Naturalizacyjny (IND) jest uprawniony do decydowania o tym, kiedy deklaracja o niepo\u017c\u0105danym charakterze zostanie zako\u0144czona.<\/p>\t\t\t\t\t\t\t\t<\/div>\n\t\t\t\t<\/div>\n\t\t\t\t<div class=\"elementor-element elementor-element-be55a29 elementor-widget elementor-widget-spacer\" data-id=\"be55a29\" data-element_type=\"widget\" data-e-type=\"widget\" data-widget_type=\"spacer.default\">\n\t\t\t\t<div class=\"elementor-widget-container\">\n\t\t\t\t\t\t\t<div class=\"elementor-spacer\">\n\t\t\t<div class=\"elementor-spacer-inner\"><\/div>\n\t\t<\/div>\n\t\t\t\t\t\t<\/div>\n\t\t\t\t<\/div>\n\t\t\t\t<div class=\"elementor-element elementor-element-082d019 elementor-widget elementor-widget-heading\" data-id=\"082d019\" data-element_type=\"widget\" data-e-type=\"widget\" data-widget_type=\"heading.default\">\n\t\t\t\t<div class=\"elementor-widget-container\">\n\t\t\t\t\t<h3 class=\"elementor-heading-title elementor-size-default\">Do kogo ma zastosowanie deklaracja niepo\u017c\u0105dana?\n<\/h3>\t\t\t\t<\/div>\n\t\t\t\t<\/div>\n\t\t\t\t<div class=\"elementor-element elementor-element-bd87fc2 color-scheme-inherit text-left elementor-widget elementor-widget-text-editor\" data-id=\"bd87fc2\" data-element_type=\"widget\" data-e-type=\"widget\" data-widget_type=\"text-editor.default\">\n\t\t\t\t<div class=\"elementor-widget-container\">\n\t\t\t\t\t\t\t\t\t<p>Obecnie o\u015bwiadczenie o niepo\u017c\u0105danym pobycie ma zastosowanie wy\u0142\u0105cznie do os\u00f3b pochodz\u0105cych z Unii Europejskiej (UE). Poniewa\u017c obywatele UE zazwyczaj mog\u0105 swobodnie podr\u00f3\u017cowa\u0107 po terytorium UE, musz\u0105 istnie\u0107 wyj\u0105tkowo uzasadnione powody, aby odm\u00f3wi\u0107 im tego prawa. Taki \u015brodek jest stosowany wy\u0142\u0105cznie w przypadku, gdy dana osoba stanowi w danym momencie wyra\u017ane i powa\u017cne zagro\u017cenie dla porz\u0105dku publicznego.<\/p><p>W przypadku os\u00f3b nieb\u0119d\u0105cych obywatelami UE, cz\u0119sto okre\u015blanych jako obywatele pa\u0144stw trzecich, o\u015bwiadczenie o niepo\u017c\u0105danej obecno\u015bci nie ma zastosowania. Zamiast tego, w okre\u015blonych okoliczno\u015bciach, mo\u017cna na\u0142o\u017cy\u0107 zakaz wjazdu. Zakaz ten mo\u017ce mie\u0107 r\u00f3\u017cny okres obowi\u0105zywania i jest zazwyczaj stosowany, gdy istniej\u0105 wyra\u017ane powody, aby odm\u00f3wi\u0107 wjazdu do Holandii lub UE.<\/p><p>Nale\u017cy pami\u0119ta\u0107, \u017ce zar\u00f3wno uznanie za osob\u0119 niepo\u017c\u0105dan\u0105, jak i zakaz wjazdu s\u0105 powa\u017cnymi \u015brodkami prawnymi i podlegaj\u0105 rygorystycznym procedurom prawnym. W takich przypadkach zaleca si\u0119 zasi\u0119gni\u0119cie porady prawnej, aby w pe\u0142ni zrozumie\u0107 i chroni\u0107 swoje prawa i mo\u017cliwo\u015bci.<\/p>\t\t\t\t\t\t\t\t<\/div>\n\t\t\t\t<\/div>\n\t\t\t\t<div class=\"elementor-element elementor-element-32291b5 elementor-widget elementor-widget-spacer\" data-id=\"32291b5\" data-element_type=\"widget\" data-e-type=\"widget\" data-widget_type=\"spacer.default\">\n\t\t\t\t<div class=\"elementor-widget-container\">\n\t\t\t\t\t\t\t<div class=\"elementor-spacer\">\n\t\t\t<div class=\"elementor-spacer-inner\"><\/div>\n\t\t<\/div>\n\t\t\t\t\t\t<\/div>\n\t\t\t\t<\/div>\n\t\t\t\t<div class=\"elementor-element elementor-element-d2d9bec elementor-widget elementor-widget-heading\" data-id=\"d2d9bec\" data-element_type=\"widget\" data-e-type=\"widget\" data-widget_type=\"heading.default\">\n\t\t\t\t<div class=\"elementor-widget-container\">\n\t\t\t\t\t<h3 class=\"elementor-heading-title elementor-size-default\">Anulowanie niepo\u017c\u0105danej deklaracji<\/h3>\t\t\t\t<\/div>\n\t\t\t\t<\/div>\n\t\t\t\t<div class=\"elementor-element elementor-element-44e4571 color-scheme-inherit text-left elementor-widget elementor-widget-text-editor\" data-id=\"44e4571\" data-element_type=\"widget\" data-e-type=\"widget\" data-widget_type=\"text-editor.default\">\n\t\t\t\t<div class=\"elementor-widget-container\">\n\t\t\t\t\t\t\t\t\t<p>Po pewnym czasie mo\u017ce Pan(i) z\u0142o\u017cy\u0107 wniosek o zniesienie \"o\u015bwiadczenia o niepo\u017c\u0105danym charakterze\". We wniosku tym musi Pan\/Pani udowodni\u0107, \u017ce faktycznie przebywa\u0142\/a Pan\/Pani poza Holandi\u0105 przez okre\u015blony czas. D\u0142ugo\u015b\u0107 tego okresu zale\u017cy od wagi przest\u0119pstwa, w zwi\u0105zku z kt\u00f3rym orzeczono wobec Pana\/Pani zakaz wjazdu. Wa\u017cne jest r\u00f3wnie\u017c, aby w tym czasie nie pope\u0142ni\u0142(a) Pan(i) \u017cadnych nowych przest\u0119pstw.<\/p><p>W niekt\u00f3rych przypadkach \"deklaracja o niepo\u017c\u0105danym charakterze\" mo\u017ce zosta\u0107 tymczasowo zniesiona, na przyk\u0142ad w sytuacjach zwi\u0105zanych z powa\u017cnymi okoliczno\u015bciami rodzinnymi lub gdy musi Pan\/Pani zeznawa\u0107 w tocz\u0105cej si\u0119 sprawie s\u0105dowej. Jest to uwa\u017cane za tymczasowe zwolnienie z obowi\u0105zku uwzgl\u0119dnienia szczeg\u00f3lnych okoliczno\u015bci.<\/p><p>Bardzo wa\u017cne jest, aby zrozumie\u0107, \u017ce proces zniesienia lub tymczasowego zawieszenia \"zakazu zbli\u017cania si\u0119\" musi by\u0107 starannie przestrzegany, a profesjonalne doradztwo prawne jest cz\u0119sto niezb\u0119dne do osi\u0105gni\u0119cia najlepszych rezultat\u00f3w.<\/p>\t\t\t\t\t\t\t\t<\/div>\n\t\t\t\t<\/div>\n\t\t\t\t<div class=\"elementor-element elementor-element-fc4fd6f elementor-widget elementor-widget-spacer\" data-id=\"fc4fd6f\" data-element_type=\"widget\" data-e-type=\"widget\" data-widget_type=\"spacer.default\">\n\t\t\t\t<div class=\"elementor-widget-container\">\n\t\t\t\t\t\t\t<div class=\"elementor-spacer\">\n\t\t\t<div class=\"elementor-spacer-inner\"><\/div>\n\t\t<\/div>\n\t\t\t\t\t\t<\/div>\n\t\t\t\t<\/div>\n\t\t\t\t<div class=\"elementor-element elementor-element-1129e00 elementor-widget elementor-widget-heading\" data-id=\"1129e00\" data-element_type=\"widget\" data-e-type=\"widget\" data-widget_type=\"heading.default\">\n\t\t\t\t<div class=\"elementor-widget-container\">\n\t\t\t\t\t<h3 class=\"elementor-heading-title elementor-size-default\">Prawnik specjalizuj\u0105cy si\u0119 w prawie imigracyjnym<\/h3>\t\t\t\t<\/div>\n\t\t\t\t<\/div>\n\t\t\t\t<div class=\"elementor-element elementor-element-450038b color-scheme-inherit text-left elementor-widget elementor-widget-text-editor\" data-id=\"450038b\" data-element_type=\"widget\" data-e-type=\"widget\" data-widget_type=\"text-editor.default\">\n\t\t\t\t<div class=\"elementor-widget-container\">\n\t\t\t\t\t\t\t\t\t<p>Je\u015bli grozi Panu\/Pani orzeczenie o uznaniu za osob\u0119 niepo\u017c\u0105dan\u0105, rozs\u0105dnie jest zwr\u00f3ci\u0107 si\u0119 o profesjonaln\u0105 pomoc prawn\u0105 do wyspecjalizowanego prawnika. Proces zwi\u0105zany z orzekaniem o niezdolno\u015bci do pracy mo\u017ce by\u0107 z\u0142o\u017cony i bardzo wa\u017cne jest, aby chroni\u0107 swoje prawa.<\/p><p>Kontaktuj\u0105c si\u0119 z nami, mog\u0105 Pa\u0144stwo liczy\u0107 na ekspertyz\u0119 do\u015bwiadczonego prawnika, kt\u00f3ry specjalizuje si\u0119 w tej dziedzinie prawa. Nasi prawnicy dok\u0142adnie doradz\u0105 i poprowadz\u0105 Pa\u0144stwa przez kroki, kt\u00f3re mog\u0105 Pa\u0144stwo podj\u0105\u0107, aby rozwi\u0105za\u0107 swoj\u0105 sytuacj\u0119. Nie s\u0105 Pa\u0144stwo sami; jeste\u015bmy tutaj, aby Pa\u0144stwu pom\u00f3c i broni\u0107 Pa\u0144stwa interes\u00f3w prawnych. Prosimy skontaktowa\u0107 si\u0119 z nami i porozmawia\u0107 z jednym z naszych prawnik\u00f3w. <a href=\"https:\/\/www.derbedrosian.nl\/pl\/prawnicy-2\/\">nasi oddani prawnicy<\/a> jest gotowa udzieli\u0107 Pa\u0144stwu dalszej pomocy.<\/p>\t\t\t\t\t\t\t\t<\/div>\n\t\t\t\t<\/div>\n\t\t\t\t\t<\/div>\n\t\t\t\t<\/div>\n\t\t\t\t<\/div>","protected":false},"excerpt":{"rendered":"<p>zakaz wjazdu uznanie za osob\u0119 niepo\u017c\u0105dan\u0105 uznanie za osob\u0119 niepo\u017c\u0105dan\u0105 prawo karne wniosek o uznanie za osob\u0119 niepo\u017c\u0105dan\u0105 uznanie za osob\u0119 niepo\u017c\u0105dan\u0105 podlega karze uznanie za osob\u0119 niepo\u017c\u0105dan\u0105 i\/lub zakaz wjazdu ograniczenie wpis do rejestru rynku pracy i okres wa\u017cno\u015bci uchylenie starego uznania za osob\u0119 niepo\u017c\u0105dan\u0105 na\u0142o\u017cone za<\/p>","protected":false},"author":1,"featured_media":0,"parent":10627,"menu_order":0,"comment_status":"closed","ping_status":"closed","template":"","meta":{"footnotes":""},"class_list":["post-10677","page","type-page","status-publish","hentry"],"_links":{"self":[{"href":"https:\/\/www.derbedrosian.nl\/pl\/wp-json\/wp\/v2\/pages\/10677","targetHints":{"allow":["GET"]}}],"collection":[{"href":"https:\/\/www.derbedrosian.nl\/pl\/wp-json\/wp\/v2\/pages"}],"about":[{"href":"https:\/\/www.derbedrosian.nl\/pl\/wp-json\/wp\/v2\/types\/page"}],"author":[{"embeddable":true,"href":"https:\/\/www.derbedrosian.nl\/pl\/wp-json\/wp\/v2\/users\/1"}],"replies":[{"embeddable":true,"href":"https:\/\/www.derbedrosian.nl\/pl\/wp-json\/wp\/v2\/comments?post=10677"}],"version-history":[{"count":0,"href":"https:\/\/www.derbedrosian.nl\/pl\/wp-json\/wp\/v2\/pages\/10677\/revisions"}],"up":[{"embeddable":true,"href":"https:\/\/www.derbedrosian.nl\/pl\/wp-json\/wp\/v2\/pages\/10627"}],"wp:attachment":[{"href":"https:\/\/www.derbedrosian.nl\/pl\/wp-json\/wp\/v2\/media?parent=10677"}],"curies":[{"name":"wp","href":"https:\/\/api.w.org\/{rel}","templated":true}]}}