{"id":10672,"date":"2023-05-26T15:46:52","date_gmt":"2023-05-26T13:46:52","guid":{"rendered":"https:\/\/derbedrosian.nl\/?page_id=10672"},"modified":"2025-12-21T15:57:38","modified_gmt":"2025-12-21T13:57:38","slug":"naturalizacja-2","status":"publish","type":"page","link":"https:\/\/www.derbedrosian.nl\/pl\/rechtsgebieden\/vreemdelingenrecht\/naturalisatie\/","title":{"rendered":"Naturalizacja"},"content":{"rendered":"<div data-elementor-type=\"wp-page\" data-elementor-id=\"10672\" class=\"elementor elementor-10672\" data-elementor-post-type=\"page\">\n\t\t\t\t<div class=\"wd-negative-gap elementor-element elementor-element-0355ced e-flex e-con-boxed e-con e-parent\" data-id=\"0355ced\" data-element_type=\"container\" data-e-type=\"container\">\n\t\t\t\t\t<div class=\"e-con-inner\">\n\t\t\t\t<div class=\"elementor-element elementor-element-d217c91 elementor-hidden-desktop elementor-hidden-tablet elementor-hidden-mobile elementor-widget elementor-widget-wd_image_or_svg\" data-id=\"d217c91\" data-element_type=\"widget\" data-e-type=\"widget\" id=\"seo-word\" data-widget_type=\"wd_image_or_svg.default\">\n\t\t\t\t<div class=\"elementor-widget-container\">\n\t\t\t\t\t\n\t\t<div class=\"wd-image text-left\">\n\t\t\t\t\t\t\t\t<img loading=\"lazy\" decoding=\"async\" width=\"1000\" height=\"667\" src=\"https:\/\/www.derbedrosian.nl\/wp-content\/uploads\/rechtsgebied-naturalisatie.jpg\" class=\"attachment-full size-full\" alt=\"Prawnik ds. naturalizacji Zezwolenie na pobyt w Holandii Procedura naturalizacji IND Wnioski o naturalizacj\u0119\" srcset=\"https:\/\/www.derbedrosian.nl\/wp-content\/uploads\/rechtsgebied-naturalisatie.jpg 1000w, https:\/\/www.derbedrosian.nl\/wp-content\/uploads\/rechtsgebied-naturalisatie-400x267.jpg 400w, https:\/\/www.derbedrosian.nl\/wp-content\/uploads\/rechtsgebied-naturalisatie-768x512.jpg 768w\" sizes=\"auto, (max-width: 1000px) 100vw, 1000px\" title=\"\">\t\t\t\t\t<\/div>\n\n\t\t\t\t\t\t<\/div>\n\t\t\t\t<\/div>\n\t\t\t\t<div class=\"elementor-element elementor-element-51618ec elementor-hidden-desktop elementor-hidden-tablet elementor-hidden-mobile elementor-widget elementor-widget-heading\" data-id=\"51618ec\" data-element_type=\"widget\" data-e-type=\"widget\" id=\"seo-word\" data-widget_type=\"heading.default\">\n\t\t\t\t<div class=\"elementor-widget-container\">\n\t\t\t\t\t<h2 class=\"elementor-heading-title elementor-size-default\">naturalizacja niderlandy <\/h2>\t\t\t\t<\/div>\n\t\t\t\t<\/div>\n\t\t\t\t<div class=\"elementor-element elementor-element-ef380d0 elementor-hidden-desktop elementor-hidden-tablet elementor-hidden-mobile elementor-widget elementor-widget-heading\" data-id=\"ef380d0\" data-element_type=\"widget\" data-e-type=\"widget\" id=\"seo-word\" data-widget_type=\"heading.default\">\n\t\t\t\t<div class=\"elementor-widget-container\">\n\t\t\t\t\t<h5 class=\"elementor-heading-title elementor-size-default\">kwalifikowalno\u015b\u0107 do naturalizacji <\/h5>\t\t\t\t<\/div>\n\t\t\t\t<\/div>\n\t\t\t\t<div class=\"elementor-element elementor-element-0da9e32 elementor-hidden-desktop elementor-hidden-tablet elementor-hidden-mobile elementor-widget elementor-widget-heading\" data-id=\"0da9e32\" data-element_type=\"widget\" data-e-type=\"widget\" id=\"seo-word\" data-widget_type=\"heading.default\">\n\t\t\t\t<div class=\"elementor-widget-container\">\n\t\t\t\t\t<h5 class=\"elementor-heading-title elementor-size-default\">warunki naturalizacji <\/h5>\t\t\t\t<\/div>\n\t\t\t\t<\/div>\n\t\t\t\t<div class=\"elementor-element elementor-element-7e29108 elementor-hidden-desktop elementor-hidden-tablet elementor-hidden-mobile elementor-widget elementor-widget-heading\" data-id=\"7e29108\" data-element_type=\"widget\" data-e-type=\"widget\" id=\"seo-word\" data-widget_type=\"heading.default\">\n\t\t\t\t<div class=\"elementor-widget-container\">\n\t\t\t\t\t<h5 class=\"elementor-heading-title elementor-size-default\">IND<\/h5>\t\t\t\t<\/div>\n\t\t\t\t<\/div>\n\t\t\t\t<div class=\"elementor-element elementor-element-73b89f8 elementor-hidden-desktop elementor-hidden-tablet elementor-hidden-mobile elementor-widget elementor-widget-heading\" data-id=\"73b89f8\" data-element_type=\"widget\" data-e-type=\"widget\" id=\"seo-word\" data-widget_type=\"heading.default\">\n\t\t\t\t<div class=\"elementor-widget-container\">\n\t\t\t\t\t<h5 class=\"elementor-heading-title elementor-size-default\">koszty naturalizacji<\/h5>\t\t\t\t<\/div>\n\t\t\t\t<\/div>\n\t\t\t\t<div class=\"elementor-element elementor-element-ba9925f elementor-hidden-desktop elementor-hidden-tablet elementor-hidden-mobile elementor-widget elementor-widget-heading\" data-id=\"ba9925f\" data-element_type=\"widget\" data-e-type=\"widget\" id=\"seo-word\" data-widget_type=\"heading.default\">\n\t\t\t\t<div class=\"elementor-widget-container\">\n\t\t\t\t\t<h5 class=\"elementor-heading-title elementor-size-default\">naturalizacja prawnika<\/h5>\t\t\t\t<\/div>\n\t\t\t\t<\/div>\n\t\t\t\t<div class=\"elementor-element elementor-element-5de5b63 elementor-hidden-desktop elementor-hidden-tablet elementor-hidden-mobile elementor-widget elementor-widget-heading\" data-id=\"5de5b63\" data-element_type=\"widget\" data-e-type=\"widget\" id=\"seo-word\" data-widget_type=\"heading.default\">\n\t\t\t\t<div class=\"elementor-widget-container\">\n\t\t\t\t\t<h5 class=\"elementor-heading-title elementor-size-default\">prawo imigracyjne adwokat enschede<\/h5>\t\t\t\t<\/div>\n\t\t\t\t<\/div>\n\t\t\t\t<div class=\"elementor-element elementor-element-dd6c2de elementor-hidden-desktop elementor-hidden-tablet elementor-hidden-mobile elementor-widget elementor-widget-heading\" data-id=\"dd6c2de\" data-element_type=\"widget\" data-e-type=\"widget\" id=\"seo-word\" data-widget_type=\"heading.default\">\n\t\t\t\t<div class=\"elementor-widget-container\">\n\t\t\t\t\t<h5 class=\"elementor-heading-title elementor-size-default\">prawo imigracyjne adwokat overijssel<\/h5>\t\t\t\t<\/div>\n\t\t\t\t<\/div>\n\t\t\t\t<div class=\"elementor-element elementor-element-20cd703 elementor-hidden-desktop elementor-hidden-tablet elementor-hidden-mobile elementor-widget elementor-widget-heading\" data-id=\"20cd703\" data-element_type=\"widget\" data-e-type=\"widget\" id=\"seo-word\" data-widget_type=\"heading.default\">\n\t\t\t\t<div class=\"elementor-widget-container\">\n\t\t\t\t\t<h5 class=\"elementor-heading-title elementor-size-default\">prawo cudzoziemc\u00f3w enschede<\/h5>\t\t\t\t<\/div>\n\t\t\t\t<\/div>\n\t\t\t\t<div class=\"elementor-element elementor-element-d586f66 elementor-hidden-desktop elementor-hidden-tablet elementor-hidden-mobile elementor-widget elementor-widget-heading\" data-id=\"d586f66\" data-element_type=\"widget\" data-e-type=\"widget\" id=\"seo-word\" data-widget_type=\"heading.default\">\n\t\t\t\t<div class=\"elementor-widget-container\">\n\t\t\t\t\t<h5 class=\"elementor-heading-title elementor-size-default\">adwokat enschede prawo cudzoziemc\u00f3w<\/h5>\t\t\t\t<\/div>\n\t\t\t\t<\/div>\n\t\t\t\t<div class=\"elementor-element elementor-element-2301267 elementor-hidden-desktop elementor-hidden-tablet elementor-hidden-mobile elementor-widget elementor-widget-heading\" data-id=\"2301267\" data-element_type=\"widget\" data-e-type=\"widget\" id=\"seo-word\" data-widget_type=\"heading.default\">\n\t\t\t\t<div class=\"elementor-widget-container\">\n\t\t\t\t\t<h5 class=\"elementor-heading-title elementor-size-default\">jak to dzia\u0142a przyprowadzi\u0107 dzieci poni\u017cej lat jak d\u0142ugo to trwa kto kosztuje<\/h5>\t\t\t\t<\/div>\n\t\t\t\t<\/div>\n\t\t\t\t<div class=\"elementor-element elementor-element-adf226d color-scheme-inherit text-left elementor-widget elementor-widget-text-editor\" data-id=\"adf226d\" data-element_type=\"widget\" data-e-type=\"widget\" data-widget_type=\"text-editor.default\">\n\t\t\t\t<div class=\"elementor-widget-container\">\n\t\t\t\t\t\t\t\t\t<p><strong>Naturalizacja w Holandii jest procesem prawnym, dzi\u0119ki kt\u00f3remu cudzoziemcy mog\u0105 uzyska\u0107 obywatelstwo holenderskie. Proces ten ma okre\u015blone warunki i kroki, kt\u00f3re nale\u017cy wykona\u0107, aby zosta\u0107 oficjalnym obywatelem holenderskim. W tym wprowadzeniu przedstawimy kr\u00f3tki przegl\u0105d g\u0142\u00f3wnych aspekt\u00f3w naturalizacji w Holandii, w tym wymaga\u0144 i procedur zwi\u0105zanych z uzyskaniem obywatelstwa holenderskiego.<\/strong><\/p>\t\t\t\t\t\t\t\t<\/div>\n\t\t\t\t<\/div>\n\t\t\t\t<div class=\"elementor-element elementor-element-4beda8d elementor-widget elementor-widget-spacer\" data-id=\"4beda8d\" data-element_type=\"widget\" data-e-type=\"widget\" data-widget_type=\"spacer.default\">\n\t\t\t\t<div class=\"elementor-widget-container\">\n\t\t\t\t\t\t\t<div class=\"elementor-spacer\">\n\t\t\t<div class=\"elementor-spacer-inner\"><\/div>\n\t\t<\/div>\n\t\t\t\t\t\t<\/div>\n\t\t\t\t<\/div>\n\t\t\t\t<div class=\"elementor-element elementor-element-45caff7 elementor-widget elementor-widget-heading\" data-id=\"45caff7\" data-element_type=\"widget\" data-e-type=\"widget\" data-widget_type=\"heading.default\">\n\t\t\t\t<div class=\"elementor-widget-container\">\n\t\t\t\t\t<h3 class=\"elementor-heading-title elementor-size-default\">Kiedy m\u00f3wimy o naturalizacji?<\/h3>\t\t\t\t<\/div>\n\t\t\t\t<\/div>\n\t\t\t\t<div class=\"elementor-element elementor-element-2cdcf74 color-scheme-inherit text-left elementor-widget elementor-widget-text-editor\" data-id=\"2cdcf74\" data-element_type=\"widget\" data-e-type=\"widget\" data-widget_type=\"text-editor.default\">\n\t\t\t\t<div class=\"elementor-widget-container\">\n\t\t\t\t\t\t\t\t\t<p>Naturalizacja oznacza po prostu uzyskanie obywatelstwa holenderskiego. Je\u015bli jest Pan\/Pani obcokrajowcem i legalnie przebywa\u0142\/a Pan\/Pani w Holandii przez nieprzerwany okres pi\u0119ciu lat, kwalifikuje si\u0119 Pan\/Pani do naturalizacji jako obywatel holenderski. Wa\u017cne jest, aby zrozumie\u0107, \u017ce ostateczna decyzja w sprawie Pa\u0144stwa wniosku o nadanie obywatelstwa holenderskiego jest podejmowana przez Urz\u0105d Imigracyjny i Naturalizacyjny (IND).<\/p><p>Prosz\u0119 pami\u0119ta\u0107, \u017ce decyzja IND w sprawie Pana\/Pani wniosku o naturalizacj\u0119 mo\u017ce zaj\u0105\u0107 do jednego roku.<\/p><p>Je\u015bli jest Pan\/Pani w zwi\u0105zku ma\u0142\u017ce\u0144skim z obywatelem Holandii i mieszkaj\u0105 razem, obowi\u0105zuje skr\u00f3cony okres 3 lat, zanim b\u0119dzie Pan\/Pani uprawniony\/a do naturalizacji.<br \/>Proces naturalizacji jest wa\u017cnym krokiem dla tych, kt\u00f3rzy decyduj\u0105 si\u0119 przyj\u0105\u0107 obywatelstwo holenderskie. Wymaga on cierpliwo\u015bci i starannego przestrzegania wymog\u00f3w okre\u015blonych przez IND.<\/p>\t\t\t\t\t\t\t\t<\/div>\n\t\t\t\t<\/div>\n\t\t\t\t<div class=\"elementor-element elementor-element-03d8f74 elementor-widget elementor-widget-spacer\" data-id=\"03d8f74\" data-element_type=\"widget\" data-e-type=\"widget\" data-widget_type=\"spacer.default\">\n\t\t\t\t<div class=\"elementor-widget-container\">\n\t\t\t\t\t\t\t<div class=\"elementor-spacer\">\n\t\t\t<div class=\"elementor-spacer-inner\"><\/div>\n\t\t<\/div>\n\t\t\t\t\t\t<\/div>\n\t\t\t\t<\/div>\n\t\t\t\t<div class=\"elementor-element elementor-element-20b517d elementor-widget elementor-widget-heading\" data-id=\"20b517d\" data-element_type=\"widget\" data-e-type=\"widget\" data-widget_type=\"heading.default\">\n\t\t\t\t<div class=\"elementor-widget-container\">\n\t\t\t\t\t<h3 class=\"elementor-heading-title elementor-size-default\">Warunki naturalizacji<\/h3>\t\t\t\t<\/div>\n\t\t\t\t<\/div>\n\t\t\t\t<div class=\"elementor-element elementor-element-943cc97 color-scheme-inherit text-left elementor-widget elementor-widget-text-editor\" data-id=\"943cc97\" data-element_type=\"widget\" data-e-type=\"widget\" data-widget_type=\"text-editor.default\">\n\t\t\t\t<div class=\"elementor-widget-container\">\n\t\t\t\t\t\t\t\t\t<p>Aby zosta\u0107 obywatelem Holandii, nale\u017cy przestrzega\u0107 pewnych zasad. Oto g\u0142\u00f3wne warunki, kt\u00f3re musz\u0105 Pa\u0144stwo spe\u0142ni\u0107.<\/p><ul><li><strong>Termin zamieszkania:<\/strong>\u00a0Jak wspomniano wcze\u015bniej, okres zamieszkania jest wymogiem. Naturalizacja wymaga, aby mieszka\u0142\/a Pan\/Pani w Holandii nieprzerwanie przez ostatnie pi\u0119\u0107 lat. Bardzo wa\u017cne jest, aby m\u00f3g\u0142 Pan(i) udowodni\u0107, \u017ce w tym okresie mia\u0142(a) Pan(i) sta\u0142e miejsce zamieszkania w Holandii. Dowodzi to Pana\/Pani zakumulowanego zwi\u0105zku z tym krajem.<\/li><li><strong>Dokument pobytowy:<\/strong>\u00a0Posiadanie wa\u017cnego zezwolenia na pobyt w momencie sk\u0142adania wniosku o naturalizacj\u0119 jest niezb\u0119dne. Oznacza to, \u017ce musi Pan\/Pani posiada\u0107 oficjalne pozwolenie na pobyt w Holandii. Bez wa\u017cnego zezwolenia na pobyt Pana\/Pani wniosek o naturalizacj\u0119 nie mo\u017ce zosta\u0107 rozpatrzony.<\/li><li><a href=\"https:\/\/www.derbedrosian.nl\/pl\/jurysdykcje\/prawo-karne\/przestepstwa\/\"><strong>Przest\u0119pstwo:<\/strong><\/a>\u00a0Wa\u017cnym czynnikiem branym pod uwag\u0119 przy naturalizacji jest Pana\/Pani przesz\u0142o\u015b\u0107 kryminalna. Urz\u0105d Imigracyjny i Naturalizacyjny (IND) zachowuje prawo do odrzucenia Pana\/Pani wniosku o naturalizacj\u0119 w przypadku obaw o porz\u0105dek publiczny, zw\u0142aszcza je\u015bli zosta\u0142\/a Pan\/Pani skazany\/a za przest\u0119pstwo w ci\u0105gu pi\u0119ciu lat przed z\u0142o\u017ceniem wniosku. W szczeg\u00f3lno\u015bci wyrok wi\u0119zienia lub prace spo\u0142eczne mog\u0105 mie\u0107 wp\u0142yw na zatwierdzenie Pana\/Pani wniosku o nadanie obywatelstwa holenderskiego.<\/li><\/ul><p>Bardzo wa\u017cne jest, aby by\u0107 \u015bwiadomym tych warunk\u00f3w i upewni\u0107 si\u0119, \u017ce spe\u0142niaj\u0105 Pa\u0144stwo wszystkie wymagania przed z\u0142o\u017ceniem wniosku o naturalizacj\u0119. Zgodno\u015b\u0107 z tymi kryteriami ma kluczowe znaczenie dla pomy\u015blnego procesu naturalizacji w Holandii.<\/p>\t\t\t\t\t\t\t\t<\/div>\n\t\t\t\t<\/div>\n\t\t\t\t<div class=\"elementor-element elementor-element-68c933b elementor-widget elementor-widget-spacer\" data-id=\"68c933b\" data-element_type=\"widget\" data-e-type=\"widget\" data-widget_type=\"spacer.default\">\n\t\t\t\t<div class=\"elementor-widget-container\">\n\t\t\t\t\t\t\t<div class=\"elementor-spacer\">\n\t\t\t<div class=\"elementor-spacer-inner\"><\/div>\n\t\t<\/div>\n\t\t\t\t\t\t<\/div>\n\t\t\t\t<\/div>\n\t\t\t\t<div class=\"elementor-element elementor-element-ddbc397 elementor-widget elementor-widget-heading\" data-id=\"ddbc397\" data-element_type=\"widget\" data-e-type=\"widget\" data-widget_type=\"heading.default\">\n\t\t\t\t<div class=\"elementor-widget-container\">\n\t\t\t\t\t<h3 class=\"elementor-heading-title elementor-size-default\">Procedura naturalizacji<\/h3>\t\t\t\t<\/div>\n\t\t\t\t<\/div>\n\t\t\t\t<div class=\"elementor-element elementor-element-0b33e1d color-scheme-inherit text-left elementor-widget elementor-widget-text-editor\" data-id=\"0b33e1d\" data-element_type=\"widget\" data-e-type=\"widget\" data-widget_type=\"text-editor.default\">\n\t\t\t\t<div class=\"elementor-widget-container\">\n\t\t\t\t\t\t\t\t\t<p>Proces naturalizacji w Holandii obejmuje kilka etap\u00f3w, aby zapewni\u0107, \u017ce wszystko odbywa si\u0119 prawid\u0142owo i zgodnie z prawem. Poni\u017cej przedstawiamy Pa\u0144stwu szczeg\u00f3\u0142owe kroki:<\/p><ul><li><strong>Prosz\u0119 przes\u0142a\u0107 zg\u0142oszenie:<\/strong>\u00a0Na pocz\u0105tku sk\u0142ada Pan\/Pani wniosek o naturalizacj\u0119 w gminie, w kt\u00f3rej Pan\/Pani mieszka. Wniosek ten znany jest jako wniosek o naturalizacj\u0119. Jest to formalny wniosek o uzyskanie obywatelstwa holenderskiego.<\/li><li><strong>Kontrola dokument\u00f3w:<\/strong>\u00a0Po z\u0142o\u017ceniu przez Pana\/Pani\u0105 wniosku o naturalizacj\u0119 urz\u0105d gminy oceni Pana\/Pani wniosek. Sprawdzi, czy z\u0142o\u017cy\u0142 Pan\/Pani wszystkie wymagane dokumenty i potwierdzi Pana\/Pani to\u017csamo\u015b\u0107. Nale\u017cy pami\u0119ta\u0107, \u017ce z tym etapem wi\u0105\u017c\u0105 si\u0119 koszty, kt\u00f3re b\u0119dzie Pan\/Pani musia\u0142\/a ponie\u015b\u0107 po przekazaniu przez gmin\u0119 Pana\/Pani wniosku do IND (Immigration and Naturalisation Service).<\/li><li><strong>Zatwierdzenie IND:<\/strong>\u00a0Je\u015bli Pa\u0144stwa wniosek zostanie zatwierdzony przez IND, nast\u0105pi wa\u017cny krok. Zostan\u0105 Pa\u0144stwo zaproszeni na specjaln\u0105 ceremoni\u0119, podczas kt\u00f3rej oficjalnie otrzymaj\u0105 Pa\u0144stwo holenderskie obywatelstwo. Jest to symboliczne i prawne uznanie Pa\u0144stwa nowego statusu jako obywatela Holandii.<\/li><li><strong>Egzamin z integracji obywatelskiej (je\u015bli dotyczy):<\/strong>\u00a0W niekt\u00f3rych przypadkach mo\u017ce by\u0107 konieczne przyst\u0105pienie do egzaminu integracyjnego w ramach procesu naturalizacji. Egzamin ten sprawdza Pa\u0144stwa znajomo\u015b\u0107 j\u0119zyka i kultury holenderskiej.<\/li><\/ul><p>Proces naturalizacji jest wa\u017cn\u0105 procedur\u0105 prawn\u0105 i wymaga starannej dba\u0142o\u015bci o szczeg\u00f3\u0142y. Zaleca si\u0119 zasi\u0119gni\u0119cie profesjonalnej porady na ka\u017cdym etapie i upewnienie si\u0119, \u017ce spe\u0142niaj\u0105 Pa\u0144stwo wszystkie wymogi i obowi\u0105zki zwi\u0105zane z naturalizacj\u0105.<\/p>\t\t\t\t\t\t\t\t<\/div>\n\t\t\t\t<\/div>\n\t\t\t\t<div class=\"elementor-element elementor-element-5bcac3b elementor-widget elementor-widget-spacer\" data-id=\"5bcac3b\" data-element_type=\"widget\" data-e-type=\"widget\" data-widget_type=\"spacer.default\">\n\t\t\t\t<div class=\"elementor-widget-container\">\n\t\t\t\t\t\t\t<div class=\"elementor-spacer\">\n\t\t\t<div class=\"elementor-spacer-inner\"><\/div>\n\t\t<\/div>\n\t\t\t\t\t\t<\/div>\n\t\t\t\t<\/div>\n\t\t\t\t<div class=\"elementor-element elementor-element-6a21d19 elementor-widget elementor-widget-heading\" data-id=\"6a21d19\" data-element_type=\"widget\" data-e-type=\"widget\" data-widget_type=\"heading.default\">\n\t\t\t\t<div class=\"elementor-widget-container\">\n\t\t\t\t\t<h3 class=\"elementor-heading-title elementor-size-default\">Procedura opcji<\/h3>\t\t\t\t<\/div>\n\t\t\t\t<\/div>\n\t\t\t\t<div class=\"elementor-element elementor-element-c7f78c5 color-scheme-inherit text-left elementor-widget elementor-widget-text-editor\" data-id=\"c7f78c5\" data-element_type=\"widget\" data-e-type=\"widget\" data-widget_type=\"text-editor.default\">\n\t\t\t\t<div class=\"elementor-widget-container\">\n\t\t\t\t\t\t\t\t\t<p>Procedura opcjonalna daje mo\u017cliwo\u015b\u0107 uzyskania obywatelstwa holenderskiego. Jednak nie ka\u017cdy mo\u017ce skorzysta\u0107 z tej procedury. Poni\u017cej wymieniono sytuacje, w kt\u00f3rych przys\u0142uguje prawo do uzyskania pozwolenia na pobyt w ramach procedury opcjonalnej.<\/p><ul><li><strong>Pobyt w Holandii z pozwoleniem na pobyt:<\/strong> Je\u015bli obecnie mieszka Pan\/Pani w Holandii i posiada wa\u017cne pozwolenie na pobyt, kwalifikuje si\u0119 Pan\/Pani do procedury opcjonalnej.<\/li><li><strong>Mieszkaj\u0105cy w Holandii jako obywatel Unii:<\/strong>\u00a0Obywatel Unii to osoba posiadaj\u0105ca obywatelstwo kraju nale\u017c\u0105cego do UE, EOG lub Szwajcarii. Je\u015bli nale\u017cy Pan(i) do tej kategorii, nie potrzebuje Pan(i) pozwolenia na pobyt, aby zamieszka\u0107 w Holandii i mo\u017ce Pan(i) skorzysta\u0107 z procedury opcjonalnej.<\/li><li><strong>Pobyt za granic\u0105 lub w karaibskiej cz\u0119\u015bci Kr\u00f3lestwa Niderland\u00f3w z pozwoleniem na pobyt:<\/strong>\u00a0Je\u015bli mieszka Pan\/Pani poza Holandi\u0105, w tym w karaibskiej cz\u0119\u015bci Kr\u00f3lestwa Niderland\u00f3w (obejmuj\u0105cej Arub\u0119, Cura\u00e7ao i Sint Maarten oraz specjalne gminy Bonaire, Sint Eustatius i Saba) i posiada Pan\/Pani wa\u017cne zezwolenie na pobyt, kwalifikuje si\u0119 Pan\/Pani do procedury opcjonalnej.<\/li><\/ul><p>Nale\u017cy pami\u0119ta\u0107, \u017ce uzyskanie obywatelstwa holenderskiego poza Holandi\u0105 jest innym procesem ni\u017c w Holandii.<\/p>\t\t\t\t\t\t\t\t<\/div>\n\t\t\t\t<\/div>\n\t\t\t\t<div class=\"elementor-element elementor-element-fc0f543 elementor-widget elementor-widget-spacer\" data-id=\"fc0f543\" data-element_type=\"widget\" data-e-type=\"widget\" data-widget_type=\"spacer.default\">\n\t\t\t\t<div class=\"elementor-widget-container\">\n\t\t\t\t\t\t\t<div class=\"elementor-spacer\">\n\t\t\t<div class=\"elementor-spacer-inner\"><\/div>\n\t\t<\/div>\n\t\t\t\t\t\t<\/div>\n\t\t\t\t<\/div>\n\t\t\t\t<div class=\"elementor-element elementor-element-2689269 elementor-widget elementor-widget-heading\" data-id=\"2689269\" data-element_type=\"widget\" data-e-type=\"widget\" data-widget_type=\"heading.default\">\n\t\t\t\t<div class=\"elementor-widget-container\">\n\t\t\t\t\t<h3 class=\"elementor-heading-title elementor-size-default\">Koszt naturalizacji<\/h3>\t\t\t\t<\/div>\n\t\t\t\t<\/div>\n\t\t\t\t<div class=\"elementor-element elementor-element-07c5b17 color-scheme-inherit text-left elementor-widget elementor-widget-text-editor\" data-id=\"07c5b17\" data-element_type=\"widget\" data-e-type=\"widget\" data-widget_type=\"text-editor.default\">\n\t\t\t\t<div class=\"elementor-widget-container\">\n\t\t\t\t\t\t\t\t\t<p>Koszt naturalizacji mo\u017ce si\u0119 r\u00f3\u017cni\u0107 w zale\u017cno\u015bci od Pa\u0144stwa sytuacji. Poni\u017cej znajd\u0105 Pa\u0144stwo koszty dla r\u00f3\u017cnych scenariuszy:<\/p><ul><li><strong>Naturalizacja indywidualna:<\/strong> Je\u015bli chc\u0105 Pa\u0144stwo jedynie uzyska\u0107 naturalizacj\u0119, koszt wynosi 945,00 \u20ac.<\/li><li><strong>Wsp\u00f3lny wniosek: <\/strong>Je\u015bli Pan\/Pani i Pana\/Pani partnerka sk\u0142adaj\u0105 wniosek razem, koszt wynosi 1206,00 \u20ac.<\/li><li><strong>Rodzina z dzie\u0107mi: <\/strong>Je\u015bli maj\u0105 Pa\u0144stwo dziecko w wieku poni\u017cej 18 lat, kt\u00f3re r\u00f3wnie\u017c chce uzyska\u0107 naturalizacj\u0119, koszt wynosi 139,00 \u20ac.<\/li><li><strong>Sytuacje szczeg\u00f3lne: <\/strong>W przypadku os\u00f3b nieposiadaj\u0105cych obywatelstwa lub posiadaj\u0105cych pozwolenie na azyl koszt wynosi 703,00 euro.<\/li><\/ul><p>Prosimy pami\u0119ta\u0107, \u017ce koszty te odnosz\u0105 si\u0119 wy\u0142\u0105cznie do samego procesu naturalizacji. W zale\u017cno\u015bci od Pa\u0144stwa konkretnej sytuacji, mog\u0105 wyst\u0105pi\u0107 dodatkowe koszty. Prosimy mie\u0107 to na uwadze podczas planowania procesu naturalizacji.<\/p>\t\t\t\t\t\t\t\t<\/div>\n\t\t\t\t<\/div>\n\t\t\t\t<div class=\"elementor-element elementor-element-52e817c elementor-widget elementor-widget-spacer\" data-id=\"52e817c\" data-element_type=\"widget\" data-e-type=\"widget\" data-widget_type=\"spacer.default\">\n\t\t\t\t<div class=\"elementor-widget-container\">\n\t\t\t\t\t\t\t<div class=\"elementor-spacer\">\n\t\t\t<div class=\"elementor-spacer-inner\"><\/div>\n\t\t<\/div>\n\t\t\t\t\t\t<\/div>\n\t\t\t\t<\/div>\n\t\t\t\t<div class=\"elementor-element elementor-element-b43ce84 elementor-widget elementor-widget-heading\" data-id=\"b43ce84\" data-element_type=\"widget\" data-e-type=\"widget\" data-widget_type=\"heading.default\">\n\t\t\t\t<div class=\"elementor-widget-container\">\n\t\t\t\t\t<h3 class=\"elementor-heading-title elementor-size-default\">Prawnik do spraw naturalizacji<\/h3>\t\t\t\t<\/div>\n\t\t\t\t<\/div>\n\t\t\t\t<div class=\"elementor-element elementor-element-556ed09 color-scheme-inherit text-left elementor-widget elementor-widget-text-editor\" data-id=\"556ed09\" data-element_type=\"widget\" data-e-type=\"widget\" data-widget_type=\"text-editor.default\">\n\t\t\t\t<div class=\"elementor-widget-container\">\n\t\t\t\t\t\t\t\t\t<p>Zaleca si\u0119 zatrudnienie prawnika, kt\u00f3ry specjalizuje si\u0119 w <a href=\"https:\/\/www.derbedrosian.nl\/pl\/jurysdykcje\/prawo-imigracyjne\/\">prawo imigracyjne<\/a> mo\u017ce pom\u00f3c Pa\u0144stwu w procesie naturalizacji. W kancelarii Derbedrosian mamy prawnik\u00f3w, kt\u00f3rzy maj\u0105 du\u017c\u0105 wiedz\u0119 na temat prawa imigracyjnego. Prosz\u0119 si\u0119 z nami skontaktowa\u0107. Nast\u0119pnie skontaktujemy Pa\u0144stwa z jednym z nast\u0119puj\u0105cych prawnik\u00f3w <a href=\"https:\/\/www.derbedrosian.nl\/pl\/prawnicy-2\/\">nasi prawnicy<\/a> kt\u00f3rzy mog\u0105 pom\u00f3c Pa\u0144stwu w kwestiach prawnych.<\/p>\t\t\t\t\t\t\t\t<\/div>\n\t\t\t\t<\/div>\n\t\t\t\t\t<\/div>\n\t\t\t\t<\/div>\n\t\t\t\t<\/div>","protected":false},"excerpt":{"rendered":"<p>naturalisatie nederland in aanmerking komen naturalisatie voorwaarden naturalisatie IND naturalisatie kosten advocaat naturalisatie vreemdelingenrecht advocaat enschede vreemdelingenrecht advocaat overijssel vreemdelingenrecht<\/p>","protected":false},"author":1,"featured_media":0,"parent":10627,"menu_order":0,"comment_status":"closed","ping_status":"closed","template":"","meta":{"footnotes":""},"class_list":["post-10672","page","type-page","status-publish","hentry"],"_links":{"self":[{"href":"https:\/\/www.derbedrosian.nl\/pl\/wp-json\/wp\/v2\/pages\/10672","targetHints":{"allow":["GET"]}}],"collection":[{"href":"https:\/\/www.derbedrosian.nl\/pl\/wp-json\/wp\/v2\/pages"}],"about":[{"href":"https:\/\/www.derbedrosian.nl\/pl\/wp-json\/wp\/v2\/types\/page"}],"author":[{"embeddable":true,"href":"https:\/\/www.derbedrosian.nl\/pl\/wp-json\/wp\/v2\/users\/1"}],"replies":[{"embeddable":true,"href":"https:\/\/www.derbedrosian.nl\/pl\/wp-json\/wp\/v2\/comments?post=10672"}],"version-history":[{"count":0,"href":"https:\/\/www.derbedrosian.nl\/pl\/wp-json\/wp\/v2\/pages\/10672\/revisions"}],"up":[{"embeddable":true,"href":"https:\/\/www.derbedrosian.nl\/pl\/wp-json\/wp\/v2\/pages\/10627"}],"wp:attachment":[{"href":"https:\/\/www.derbedrosian.nl\/pl\/wp-json\/wp\/v2\/media?parent=10672"}],"curies":[{"name":"wp","href":"https:\/\/api.w.org\/{rel}","templated":true}]}}