{"id":10667,"date":"2023-05-26T15:41:30","date_gmt":"2023-05-26T13:41:30","guid":{"rendered":"https:\/\/derbedrosian.nl\/?page_id=10667"},"modified":"2025-12-21T15:55:47","modified_gmt":"2025-12-21T13:55:47","slug":"zezwolenie-na-pobyt-czasowy-mvv","status":"publish","type":"page","link":"https:\/\/www.derbedrosian.nl\/pl\/rechtsgebieden\/vreemdelingenrecht\/machtiging-voorlopig-verblijf-mvv\/","title":{"rendered":"Tymczasowe zezwolenie na pobyt MVV"},"content":{"rendered":"<div data-elementor-type=\"wp-page\" data-elementor-id=\"10667\" class=\"elementor elementor-10667\" data-elementor-post-type=\"page\">\n\t\t\t\t<div class=\"wd-negative-gap elementor-element elementor-element-cde49c8 e-flex e-con-boxed e-con e-parent\" data-id=\"cde49c8\" data-element_type=\"container\" data-e-type=\"container\">\n\t\t\t\t\t<div class=\"e-con-inner\">\n\t\t\t\t<div class=\"elementor-element elementor-element-53f20cc elementor-hidden-desktop elementor-hidden-tablet elementor-hidden-mobile elementor-widget elementor-widget-wd_image_or_svg\" data-id=\"53f20cc\" data-element_type=\"widget\" data-e-type=\"widget\" id=\"seo-word\" data-widget_type=\"wd_image_or_svg.default\">\n\t\t\t\t<div class=\"elementor-widget-container\">\n\t\t\t\t\t\n\t\t<div class=\"wd-image text-left\">\n\t\t\t\t\t\t\t\t<img loading=\"lazy\" decoding=\"async\" width=\"1000\" height=\"667\" src=\"https:\/\/www.derbedrosian.nl\/wp-content\/uploads\/rechtsgebieden-machtiging-voorlopig-verblijf.jpg\" class=\"attachment-full size-full\" alt=\"Zezwolenie na pobyt czasowy MVV prawnik cudzoziemcy prawo Holandia formularz wniosku zezwolenie na pobyt\" srcset=\"https:\/\/www.derbedrosian.nl\/wp-content\/uploads\/rechtsgebieden-machtiging-voorlopig-verblijf.jpg 1000w, https:\/\/www.derbedrosian.nl\/wp-content\/uploads\/rechtsgebieden-machtiging-voorlopig-verblijf-400x267.jpg 400w, https:\/\/www.derbedrosian.nl\/wp-content\/uploads\/rechtsgebieden-machtiging-voorlopig-verblijf-768x512.jpg 768w\" sizes=\"auto, (max-width: 1000px) 100vw, 1000px\" title=\"\">\t\t\t\t\t<\/div>\n\n\t\t\t\t\t\t<\/div>\n\t\t\t\t<\/div>\n\t\t\t\t<div class=\"elementor-element elementor-element-db6bdd2 elementor-hidden-desktop elementor-hidden-tablet elementor-hidden-mobile elementor-widget elementor-widget-heading\" data-id=\"db6bdd2\" data-element_type=\"widget\" data-e-type=\"widget\" id=\"seo-word\" data-widget_type=\"heading.default\">\n\t\t\t\t<div class=\"elementor-widget-container\">\n\t\t\t\t\t<h2 class=\"elementor-heading-title elementor-size-default\">Prosz\u0119 z\u0142o\u017cy\u0107 wniosek o tymczasowe zezwolenie na pobyt MVV<\/h2>\t\t\t\t<\/div>\n\t\t\t\t<\/div>\n\t\t\t\t<div class=\"elementor-element elementor-element-0f721b6 elementor-hidden-desktop elementor-hidden-tablet elementor-hidden-mobile elementor-widget elementor-widget-heading\" data-id=\"0f721b6\" data-element_type=\"widget\" data-e-type=\"widget\" id=\"seo-word\" data-widget_type=\"heading.default\">\n\t\t\t\t<div class=\"elementor-widget-container\">\n\t\t\t\t\t<h5 class=\"elementor-heading-title elementor-size-default\">Prawnik MVV<\/h5>\t\t\t\t<\/div>\n\t\t\t\t<\/div>\n\t\t\t\t<div class=\"elementor-element elementor-element-a0cc190 elementor-hidden-desktop elementor-hidden-tablet elementor-hidden-mobile elementor-widget elementor-widget-heading\" data-id=\"a0cc190\" data-element_type=\"widget\" data-e-type=\"widget\" id=\"seo-word\" data-widget_type=\"heading.default\">\n\t\t\t\t<div class=\"elementor-widget-container\">\n\t\t\t\t\t<h5 class=\"elementor-heading-title elementor-size-default\">prawnik mvv<\/h5>\t\t\t\t<\/div>\n\t\t\t\t<\/div>\n\t\t\t\t<div class=\"elementor-element elementor-element-e24aa23 elementor-hidden-desktop elementor-hidden-tablet elementor-hidden-mobile elementor-widget elementor-widget-heading\" data-id=\"e24aa23\" data-element_type=\"widget\" data-e-type=\"widget\" id=\"seo-word\" data-widget_type=\"heading.default\">\n\t\t\t\t<div class=\"elementor-widget-container\">\n\t\t\t\t\t<h5 class=\"elementor-heading-title elementor-size-default\">prawo imigracyjne adwokat enschede<\/h5>\t\t\t\t<\/div>\n\t\t\t\t<\/div>\n\t\t\t\t<div class=\"elementor-element elementor-element-ee8e83f elementor-hidden-desktop elementor-hidden-tablet elementor-hidden-mobile elementor-widget elementor-widget-heading\" data-id=\"ee8e83f\" data-element_type=\"widget\" data-e-type=\"widget\" id=\"seo-word\" data-widget_type=\"heading.default\">\n\t\t\t\t<div class=\"elementor-widget-container\">\n\t\t\t\t\t<h5 class=\"elementor-heading-title elementor-size-default\">prawo imigracyjne adwokat overijssel<\/h5>\t\t\t\t<\/div>\n\t\t\t\t<\/div>\n\t\t\t\t<div class=\"elementor-element elementor-element-7dc24c7 elementor-hidden-desktop elementor-hidden-tablet elementor-hidden-mobile elementor-widget elementor-widget-heading\" data-id=\"7dc24c7\" data-element_type=\"widget\" data-e-type=\"widget\" id=\"seo-word\" data-widget_type=\"heading.default\">\n\t\t\t\t<div class=\"elementor-widget-container\">\n\t\t\t\t\t<h5 class=\"elementor-heading-title elementor-size-default\">prawo cudzoziemc\u00f3w enschede<\/h5>\t\t\t\t<\/div>\n\t\t\t\t<\/div>\n\t\t\t\t<div class=\"elementor-element elementor-element-61d74e5 elementor-hidden-desktop elementor-hidden-tablet elementor-hidden-mobile elementor-widget elementor-widget-heading\" data-id=\"61d74e5\" data-element_type=\"widget\" data-e-type=\"widget\" id=\"seo-word\" data-widget_type=\"heading.default\">\n\t\t\t\t<div class=\"elementor-widget-container\">\n\t\t\t\t\t<h5 class=\"elementor-heading-title elementor-size-default\">adwokat enschede prawo cudzoziemc\u00f3w<\/h5>\t\t\t\t<\/div>\n\t\t\t\t<\/div>\n\t\t\t\t<div class=\"elementor-element elementor-element-5272684 elementor-hidden-desktop elementor-hidden-tablet elementor-hidden-mobile elementor-widget elementor-widget-heading\" data-id=\"5272684\" data-element_type=\"widget\" data-e-type=\"widget\" id=\"seo-word\" data-widget_type=\"heading.default\">\n\t\t\t\t<div class=\"elementor-widget-container\">\n\t\t\t\t\t<h5 class=\"elementor-heading-title elementor-size-default\">Procedura rozliczania wniosk\u00f3w MVV w Holandii w przedstawicielstwie holenderskim przy zastosowaniu nast\u0119puj\u0105cych zasad<\/h5>\t\t\t\t<\/div>\n\t\t\t\t<\/div>\n\t\t\t\t<div class=\"elementor-element elementor-element-6e3bede elementor-hidden-desktop elementor-hidden-tablet elementor-hidden-mobile elementor-widget elementor-widget-heading\" data-id=\"6e3bede\" data-element_type=\"widget\" data-e-type=\"widget\" id=\"seo-word\" data-widget_type=\"heading.default\">\n\t\t\t\t<div class=\"elementor-widget-container\">\n\t\t\t\t\t<h5 class=\"elementor-heading-title elementor-size-default\">W Enschede i Overijssel znajd\u0105 Pa\u0144stwo wyspecjalizowanych prawnik\u00f3w imigracyjnych w Derbedrosian Vreemdelingenrecht Advocaten. Nasi prawnicy w Enschede maj\u0105 bogate do\u015bwiadczenie w sprawach z zakresu prawa imigracyjnego, w tym w sprawach dotycz\u0105cych zezwolenia na pobyt tymczasowy (MVV).\n\nMVV jest wymogiem dla niekt\u00f3rych cudzoziemc\u00f3w, kt\u00f3rzy chc\u0105 wjecha\u0107 do Holandii na pobyt d\u0142ugoterminowy, taki jak praca, studia lub za\u0142o\u017cenie rodziny. Ubieganie si\u0119 o MVV jest wa\u017cnym krokiem i musi by\u0107 wykonane starannie, aby uzyska\u0107 wjazd do Holandii.\n\nPrawnik MVV jest nieoceniony przy ubieganiu si\u0119 o zezwolenie na pobyt tymczasowy. Nasi prawnicy w Enschede s\u0105 gotowi doradzi\u0107 i poprowadzi\u0107 Pa\u0144stwa przy sk\u0142adaniu wniosku o MVV, aby upewni\u0107 si\u0119, \u017ce Pa\u0144stwa wniosek spe\u0142nia wszystkie wymagania.\n\nJe\u015bli potrzebuj\u0105 Pa\u0144stwo pomocy w z\u0142o\u017ceniu wniosku o MVV lub w innych kwestiach zwi\u0105zanych z prawem imigracyjnym, prosimy o kontakt z kancelari\u0105 Derbedrosian Immigration Lawyers. Jeste\u015bmy tutaj, aby pom\u00f3c Pa\u0144stwu na ka\u017cdym kroku i zapewni\u0107 pomoc prawn\u0105, kt\u00f3rej Pa\u0144stwo potrzebuj\u0105.<\/h5>\t\t\t\t<\/div>\n\t\t\t\t<\/div>\n\t\t\t\t<div class=\"elementor-element elementor-element-efc051f color-scheme-inherit text-left elementor-widget elementor-widget-text-editor\" data-id=\"efc051f\" data-element_type=\"widget\" data-e-type=\"widget\" data-widget_type=\"text-editor.default\">\n\t\t\t\t<div class=\"elementor-widget-container\">\n\t\t\t\t\t\t\t\t\t<p><strong>Zezwolenie na tymczasowy pobyt MVV jest wa\u017cnym krokiem dla os\u00f3b, kt\u00f3re chc\u0105 osiedli\u0107 si\u0119 w Holandii i ubiega\u0107 si\u0119 o pozwolenie na pobyt tutaj. Jest to pierwszy krok w szeroko zakrojonym procesie imigracyjnym w Holandii.<\/strong><\/p>\t\t\t\t\t\t\t\t<\/div>\n\t\t\t\t<\/div>\n\t\t\t\t<div class=\"elementor-element elementor-element-f4d813f elementor-widget elementor-widget-spacer\" data-id=\"f4d813f\" data-element_type=\"widget\" data-e-type=\"widget\" data-widget_type=\"spacer.default\">\n\t\t\t\t<div class=\"elementor-widget-container\">\n\t\t\t\t\t\t\t<div class=\"elementor-spacer\">\n\t\t\t<div class=\"elementor-spacer-inner\"><\/div>\n\t\t<\/div>\n\t\t\t\t\t\t<\/div>\n\t\t\t\t<\/div>\n\t\t\t\t<div class=\"elementor-element elementor-element-b79f852 elementor-widget elementor-widget-heading\" data-id=\"b79f852\" data-element_type=\"widget\" data-e-type=\"widget\" data-widget_type=\"heading.default\">\n\t\t\t\t<div class=\"elementor-widget-container\">\n\t\t\t\t\t<h3 class=\"elementor-heading-title elementor-size-default\">Co oznacza zezwolenie na pobyt tymczasowy (MVV)?<\/h3>\t\t\t\t<\/div>\n\t\t\t\t<\/div>\n\t\t\t\t<div class=\"elementor-element elementor-element-c749a4d color-scheme-inherit text-left elementor-widget elementor-widget-text-editor\" data-id=\"c749a4d\" data-element_type=\"widget\" data-e-type=\"widget\" data-widget_type=\"text-editor.default\">\n\t\t\t\t<div class=\"elementor-widget-container\">\n\t\t\t\t\t\t\t\t\t<p>Machtiging Voorlopig Verblijf MVV to po prostu wiza, kt\u00f3ra pozwala na podr\u00f3\u017c do Holandii w celu ubiegania si\u0119 o pozwolenie na pobyt w tym kraju, je\u015bli b\u0119d\u0105 Pa\u0144stwo przebywa\u0107 w Holandii d\u0142u\u017cej ni\u017c 90 dni. Jest to podstawowy krok w procesie zmierzaj\u0105cym do uzyskania ostatecznego zezwolenia na pobyt. Wymagania dotycz\u0105ce uzyskania MVV s\u0105 zgodne z wymaganiami dotycz\u0105cymi konkretnego zezwolenia na pobyt, o kt\u00f3re chc\u0105 si\u0119 Pa\u0144stwo ubiega\u0107. Z tego powodu konieczne jest uzyskanie tej wizy w pierwszej kolejno\u015bci, poniewa\u017c rz\u0105d chce zweryfikowa\u0107, czy s\u0105 Pa\u0144stwo uprawnieni do podr\u00f3\u017cy do Holandii przed faktycznym przyjazdem do kraju.<\/p><p>Bardzo wa\u017cne jest, aby podj\u0105\u0107 w\u0142a\u015bciwe kroki podczas uzyskiwania tymczasowego zezwolenia na pobyt MVV, poniewa\u017c umo\u017cliwi to Pa\u0144stwu dost\u0119p do dalszych etap\u00f3w procesu imigracyjnego<\/p>\t\t\t\t\t\t\t\t<\/div>\n\t\t\t\t<\/div>\n\t\t\t\t<div class=\"elementor-element elementor-element-d6cf486 elementor-widget elementor-widget-spacer\" data-id=\"d6cf486\" data-element_type=\"widget\" data-e-type=\"widget\" data-widget_type=\"spacer.default\">\n\t\t\t\t<div class=\"elementor-widget-container\">\n\t\t\t\t\t\t\t<div class=\"elementor-spacer\">\n\t\t\t<div class=\"elementor-spacer-inner\"><\/div>\n\t\t<\/div>\n\t\t\t\t\t\t<\/div>\n\t\t\t\t<\/div>\n\t\t\t\t<div class=\"elementor-element elementor-element-41960fb elementor-widget elementor-widget-heading\" data-id=\"41960fb\" data-element_type=\"widget\" data-e-type=\"widget\" data-widget_type=\"heading.default\">\n\t\t\t\t<div class=\"elementor-widget-container\">\n\t\t\t\t\t<h3 class=\"elementor-heading-title elementor-size-default\">Powody ubiegania si\u0119 o zezwolenie na pobyt czasowy MVV<\/h3>\t\t\t\t<\/div>\n\t\t\t\t<\/div>\n\t\t\t\t<div class=\"elementor-element elementor-element-b110397 color-scheme-inherit text-left elementor-widget elementor-widget-text-editor\" data-id=\"b110397\" data-element_type=\"widget\" data-e-type=\"widget\" data-widget_type=\"text-editor.default\">\n\t\t\t\t<div class=\"elementor-widget-container\">\n\t\t\t\t\t\t\t\t\t<p>Przy ubieganiu si\u0119 o MVV bardzo wa\u017cny jest pow\u00f3d Pa\u0144stwa pobytu w Holandii. Poni\u017cej wymienili\u015bmy mo\u017cliwe powody, aby mie\u0107 jasny obraz sytuacji, w kt\u00f3rych MVV mo\u017ce by\u0107 wymagane:<\/p><ul><li><strong>Badanie:<\/strong>\u00a0Je\u015bli planuj\u0105 Pa\u0144stwo przyjecha\u0107 do Holandii, aby studiowa\u0107 na uniwersytecie lub w szkole wy\u017cszej, musz\u0105 Pa\u0144stwo z\u0142o\u017cy\u0107 wniosek o MVV. Dotyczy to student\u00f3w zagranicznych, kt\u00f3rzy chc\u0105 podj\u0105\u0107 studia akademickie w Holandii.<\/li><li><strong>Praca tymczasowa:<\/strong>\u00a0Osoby, kt\u00f3re chc\u0105 pracowa\u0107 w Holandii przez ograniczony czas, takie jak pracownicy sezonowi, r\u00f3wnie\u017c potrzebuj\u0105 MVV. Mo\u017ce to dotyczy\u0107 r\u00f3\u017cnych zawod\u00f3w i sektor\u00f3w, w kt\u00f3rych potrzebni s\u0105 pracownicy tymczasowi.<\/li><li><strong>Sta\u0142a praca:<\/strong>\u00a0Je\u015bli planuj\u0105 Pa\u0144stwo pracowa\u0107 w Holandii przez d\u0142u\u017cszy czas i mie\u0107 sta\u0142e zatrudnienie, nale\u017cy r\u00f3wnie\u017c z\u0142o\u017cy\u0107 wniosek o MVV. Jest to wa\u017cny krok dla tych, kt\u00f3rzy chc\u0105 zbudowa\u0107 stabiln\u0105 karier\u0119 i pozosta\u0107 w Holandii przez d\u0142ugi czas.<\/li><li><strong>Wiedza i talent:<\/strong>\u00a0MVV jest wymagane dla profesjonalist\u00f3w i utalentowanych os\u00f3b o wyj\u0105tkowych umiej\u0119tno\u015bciach, kt\u00f3re chc\u0105 pracowa\u0107 w Holandii. Dotyczy to na przyk\u0142ad naukowc\u00f3w, artyst\u00f3w i ekspert\u00f3w technicznych, kt\u00f3rzy chc\u0105 wykorzysta\u0107 swoj\u0105 wiedz\u0119 w Holandii.<\/li><li><strong>Wymiana kulturalna:<\/strong>\u00a0Je\u015bli planuj\u0105 Pa\u0144stwo wzi\u0105\u0107 udzia\u0142 w wymianie kulturalnej w Holandii, mog\u0105 Pa\u0144stwo ubiega\u0107 si\u0119 o MVV. Dotyczy to sytuacji, w kt\u00f3rych bior\u0105 Pa\u0144stwo udzia\u0142 w wydarzeniach kulturalnych, programach wymiany lub innych dzia\u0142aniach maj\u0105cych na celu interakcj\u0119 kulturow\u0105.<\/li><\/ul><p>Zrozumienie konkretnego powodu Pa\u0144stwa pobytu w Holandii ma kluczowe znaczenie przy ubieganiu si\u0119 o MVV, poniewa\u017c wp\u0142ynie to na rodzaj wizy, kt\u00f3rej Pa\u0144stwo potrzebuj\u0105 i kolejne etapy procesu imigracyjnego.<\/p><p><span style=\"font-size: 17.6px; letter-spacing: var( --e-global-typography-text-letter-spacing ); text-transform: var( --e-global-typography-text-text-transform ); word-spacing: var( --e-global-typography-text-word-spacing ); color: var(--wd-text-color);\">Ze wzgl\u0119d\u00f3w rodzinnych i towarzyskich.<\/span><\/p><ul><li><strong>Rodzina i rodzina:<\/strong> Je\u015bli chce Pan\/Pani po\u0142\u0105czy\u0107 si\u0119 ze swoimi krewnymi w Holandii (\u0142\u0105czenie rodzin), musi Pan\/Pani z\u0142o\u017cy\u0107 wniosek o MVV. Jest to wa\u017cny krok na drodze do ponownego po\u0142\u0105czenia si\u0119 z bliskimi.<\/li><li><strong>Powody humanitarne:<\/strong> W przypadku potrzeby humanitarnej, takiej jak leczenie lub ochrona przed niebezpiecze\u0144stwem, mo\u017cna ubiega\u0107 si\u0119 o MVV ze wzgl\u0119d\u00f3w humanitarnych.<br \/>Szczeg\u00f3lne powody: Istniej\u0105 sytuacje, w kt\u00f3rych ludzie chc\u0105 przyjecha\u0107 do Holandii ze szczeg\u00f3lnych powod\u00f3w, takich jak dzia\u0142alno\u015b\u0107 religijna lub okre\u015blone wydarzenia. W takich przypadkach mo\u017cna ubiega\u0107 si\u0119 o MVV, aby wesprze\u0107 te cele.<\/li><\/ul>\t\t\t\t\t\t\t\t<\/div>\n\t\t\t\t<\/div>\n\t\t\t\t<div class=\"elementor-element elementor-element-ee147f3 elementor-widget elementor-widget-spacer\" data-id=\"ee147f3\" data-element_type=\"widget\" data-e-type=\"widget\" data-widget_type=\"spacer.default\">\n\t\t\t\t<div class=\"elementor-widget-container\">\n\t\t\t\t\t\t\t<div class=\"elementor-spacer\">\n\t\t\t<div class=\"elementor-spacer-inner\"><\/div>\n\t\t<\/div>\n\t\t\t\t\t\t<\/div>\n\t\t\t\t<\/div>\n\t\t\t\t<div class=\"elementor-element elementor-element-675d610 elementor-widget elementor-widget-heading\" data-id=\"675d610\" data-element_type=\"widget\" data-e-type=\"widget\" data-widget_type=\"heading.default\">\n\t\t\t\t<div class=\"elementor-widget-container\">\n\t\t\t\t\t<h2 class=\"elementor-heading-title elementor-size-default\">Jakie s\u0105 wymagania dotycz\u0105ce MVV?<\/h2>\t\t\t\t<\/div>\n\t\t\t\t<\/div>\n\t\t\t\t<div class=\"elementor-element elementor-element-b54b2b7 color-scheme-inherit text-left elementor-widget elementor-widget-text-editor\" data-id=\"b54b2b7\" data-element_type=\"widget\" data-e-type=\"widget\" data-widget_type=\"text-editor.default\">\n\t\t\t\t<div class=\"elementor-widget-container\">\n\t\t\t\t\t\t\t\t\t<p>Aby ubiega\u0107 si\u0119 o MVV (zezwolenie na tymczasowy pobyt) w Holandii, musz\u0105 Pa\u0144stwo spe\u0142ni\u0107 okre\u015blone warunki. Chocia\u017c warunki te mog\u0105 si\u0119 r\u00f3\u017cni\u0107 w zale\u017cno\u015bci od celu pobytu, poni\u017cej przedstawiamy kilka og\u00f3lnych wymaga\u0144:<\/p><ul><li><strong>Zasoby finansowe:<\/strong>\u00a0musz\u0105 by\u0107 Pa\u0144stwo w stanie udowodni\u0107, \u017ce posiadaj\u0105 wystarczaj\u0105ce \u015brodki finansowe, aby utrzyma\u0107 si\u0119 podczas pobytu w Holandii. Dok\u0142adna kwota mo\u017ce si\u0119 r\u00f3\u017cni\u0107 w zale\u017cno\u015bci od sytuacji.<\/li><li><strong>Ubezpieczenie medyczne:<\/strong>\u00a0nale\u017cy udowodni\u0107, \u017ce posiada Pan\/Pani odpowiednie ubezpieczenie medyczne pokrywaj\u0105ce wszelkie koszty leczenia podczas pobytu.<\/li><li><strong>Brak zagro\u017cenia dla porz\u0105dku publicznego lub bezpiecze\u0144stwa narodowego:<\/strong>\u00a0nie mo\u017ce Pan\/Pani stanowi\u0107 zagro\u017cenia dla porz\u0105dku publicznego lub bezpiecze\u0144stwa narodowego w Holandii. Oznacza to, \u017ce nie mo\u017ce Pan(i) by\u0107 karany(a) i nie mo\u017ce Pan(i) stanowi\u0107 zagro\u017cenia dla spo\u0142ecze\u0144stwa.<\/li><li><strong>Wa\u017cne dokumenty podr\u00f3\u017cy:<\/strong>\u00a0prosz\u0119 upewni\u0107 si\u0119, \u017ce posiadaj\u0105 Pa\u0144stwo wa\u017cne dokumenty podr\u00f3\u017cy, takie jak paszport, wa\u017cne na czas pobytu w Holandii.<\/li><li><strong>Cel Pa\u0144stwa pobytu:<\/strong>\u00a0musi Pan(i) by\u0107 w stanie jasno wyja\u015bni\u0107, dlaczego chce Pan(i) przyjecha\u0107 do Holandii, np. w celu podj\u0119cia pracy, nauki, po\u0142\u0105czenia rodziny itp. Cel ten musi by\u0107 zgodny z holenderskimi przepisami ustawowymi i wykonawczymi.<\/li><li><strong>Zgodno\u015b\u0107 z zasadami Schengen:<\/strong>\u00a0Pa\u0144stwa pobyt w Holandii nie mo\u017ce by\u0107 sprzeczny z zasadami strefy Schengen, poniewa\u017c Holandia jest cz\u0119\u015bci\u0105 tej strefy.<\/li><\/ul><p>Konkretne wymagania mog\u0105 si\u0119 r\u00f3\u017cni\u0107 w zale\u017cno\u015bci od Pa\u0144stwa sytuacji i rodzaju MVV, o kt\u00f3ry si\u0119 Pa\u0144stwo ubiegaj\u0105. W celu uzyskania szczeg\u00f3\u0142owych informacji i wskaz\u00f3wek dotycz\u0105cych wniosku o MVV, prosimy zapozna\u0107 si\u0119 ze stron\u0105 internetow\u0105 holenderskiego Urz\u0119du Imigracji i Naturalizacji (IND) lub skontaktowa\u0107 si\u0119 z holendersk\u0105 ambasad\u0105 lub konsulatem w Pa\u0144stwa kraju.<\/p>\t\t\t\t\t\t\t\t<\/div>\n\t\t\t\t<\/div>\n\t\t\t\t<div class=\"elementor-element elementor-element-ace97e2 elementor-widget elementor-widget-spacer\" data-id=\"ace97e2\" data-element_type=\"widget\" data-e-type=\"widget\" data-widget_type=\"spacer.default\">\n\t\t\t\t<div class=\"elementor-widget-container\">\n\t\t\t\t\t\t\t<div class=\"elementor-spacer\">\n\t\t\t<div class=\"elementor-spacer-inner\"><\/div>\n\t\t<\/div>\n\t\t\t\t\t\t<\/div>\n\t\t\t\t<\/div>\n\t\t\t\t<div class=\"elementor-element elementor-element-9e823ef elementor-widget elementor-widget-heading\" data-id=\"9e823ef\" data-element_type=\"widget\" data-e-type=\"widget\" data-widget_type=\"heading.default\">\n\t\t\t\t<div class=\"elementor-widget-container\">\n\t\t\t\t\t<h3 class=\"elementor-heading-title elementor-size-default\">Procedura MVV\n<\/h3>\t\t\t\t<\/div>\n\t\t\t\t<\/div>\n\t\t\t\t<div class=\"elementor-element elementor-element-6759b2b color-scheme-inherit text-left elementor-widget elementor-widget-text-editor\" data-id=\"6759b2b\" data-element_type=\"widget\" data-e-type=\"widget\" data-widget_type=\"text-editor.default\">\n\t\t\t\t<div class=\"elementor-widget-container\">\n\t\t\t\t\t\t\t\t\t<p>Pierwszym krokiem w ubieganiu si\u0119 o zezwolenie na pobyt w Holandii jest uzyskanie zezwolenia na pobyt czasowy (MVV). To MVV jest bardzo wa\u017cne dla os\u00f3b, kt\u00f3re chc\u0105 wyemigrowa\u0107 do Holandii, a konkretny proces mo\u017ce si\u0119 r\u00f3\u017cni\u0107 w zale\u017cno\u015bci od powodu imigracji, takiego jak \u0142\u0105czenie rodzin lub tworzenie rodziny.<\/p><ul><li><strong>Egzamin z wiedzy obywatelskiej:<\/strong> w niekt\u00f3rych przypadkach, szczeg\u00f3lnie w <a href=\"https:\/\/www.derbedrosian.nl\/pl\/jurysdykcje\/prawo-imigracyjne\/laczenie-rodzin-2\/\">\u0142\u0105czenie rodzin<\/a> lub za\u0142o\u017cenie rodziny, musz\u0105 Pa\u0144stwo zda\u0107 egzamin integracyjny przed z\u0142o\u017ceniem wniosku o MVV.<\/li><li><strong>Aplikacja MVV:<\/strong> Po pomy\u015blnym zdaniu egzaminu z integracji obywatelskiej (je\u015bli jest wymagany), musi Pan(i) z\u0142o\u017cy\u0107 wniosek o MVV i ui\u015bci\u0107 zwi\u0105zane z nim op\u0142aty w ci\u0105gu 1 roku od zdania tego egzaminu. Mog\u0105 to Pa\u0144stwo zrobi\u0107 w ambasadzie holenderskiej w kraju pochodzenia lub w urz\u0119dzie ds. imigracji i naturalizacji (IND).<\/li><li><strong>Ocena IND:<\/strong> Po z\u0142o\u017ceniu wniosku o MVV zostanie on oceniony przez Urz\u0105d Imigracyjny i Naturalizacyjny (Immigration and Naturalisation Service, IND). Je\u015bli wniosek zostanie odrzucony, otrzyma Pan\/Pani pisemne powiadomienie z uzasadnieniem. Po zatwierdzeniu wniosku mo\u017ce Pan\/Pani otrzyma\u0107 MVV z ambasady lub konsulatu w swoim kraju, co pozwoli Panu\/Pani na podr\u00f3\u017c do Holandii i kontynuowanie pozosta\u0142ej cz\u0119\u015bci procesu ubiegania si\u0119 o pozwolenie na pobyt.<\/li><\/ul>\t\t\t\t\t\t\t\t<\/div>\n\t\t\t\t<\/div>\n\t\t\t\t<div class=\"elementor-element elementor-element-716e47a elementor-widget elementor-widget-spacer\" data-id=\"716e47a\" data-element_type=\"widget\" data-e-type=\"widget\" data-widget_type=\"spacer.default\">\n\t\t\t\t<div class=\"elementor-widget-container\">\n\t\t\t\t\t\t\t<div class=\"elementor-spacer\">\n\t\t\t<div class=\"elementor-spacer-inner\"><\/div>\n\t\t<\/div>\n\t\t\t\t\t\t<\/div>\n\t\t\t\t<\/div>\n\t\t\t\t<div class=\"elementor-element elementor-element-4950254 elementor-widget elementor-widget-heading\" data-id=\"4950254\" data-element_type=\"widget\" data-e-type=\"widget\" data-widget_type=\"heading.default\">\n\t\t\t\t<div class=\"elementor-widget-container\">\n\t\t\t\t\t<h3 class=\"elementor-heading-title elementor-size-default\">Prawnik ds. tymczasowego zezwolenia na pobyt MVV<\/h3>\t\t\t\t<\/div>\n\t\t\t\t<\/div>\n\t\t\t\t<div class=\"elementor-element elementor-element-38d04b4 color-scheme-inherit text-left elementor-widget elementor-widget-text-editor\" data-id=\"38d04b4\" data-element_type=\"widget\" data-e-type=\"widget\" data-widget_type=\"text-editor.default\">\n\t\t\t\t<div class=\"elementor-widget-container\">\n\t\t\t\t\t\t\t\t\t<p>W zwi\u0105zku z tym z\u0142o\u017cenie wniosku o zezwolenie na pobyt tymczasowy MVV wi\u0105\u017ce si\u0119 z wieloma formalno\u015bciami. W tak skomplikowanych sytuacjach zaleca si\u0119 skorzystanie z pomocy prawnika. W kancelarii Der Bedrosian zatrudniamy do\u015bwiadczonych prawnik\u00f3w, kt\u00f3rzy posiadaj\u0105 rozleg\u0142\u0105 wiedz\u0119 na temat prawa imigracyjnego.<\/p><p>Je\u015bli skontaktujesz si\u0119 z nami, zapewnimy Ci bezpo\u015brednie skierowanie do jednego z naszych wyspecjalizowanych prawnik\u00f3w, kt\u00f3ry udzieli Ci dalszej pomocy prawnej i doradztwa podczas ca\u0142ego procesu.<\/p>\t\t\t\t\t\t\t\t<\/div>\n\t\t\t\t<\/div>\n\t\t\t\t\t<\/div>\n\t\t\t\t<\/div>\n\t\t\t\t<\/div>","protected":false},"excerpt":{"rendered":"<p>wnioski o zezwolenie na pobyt tymczasowy MVV MVV adwokat adwokat mvv prawo imigracyjne adwokat enschede prawo imigracyjne adwokat overijssel prawo imigracyjne enschede adwokat enschede prawo imigracyjne<\/p>","protected":false},"author":1,"featured_media":0,"parent":10627,"menu_order":0,"comment_status":"closed","ping_status":"closed","template":"","meta":{"footnotes":""},"class_list":["post-10667","page","type-page","status-publish","hentry"],"_links":{"self":[{"href":"https:\/\/www.derbedrosian.nl\/pl\/wp-json\/wp\/v2\/pages\/10667","targetHints":{"allow":["GET"]}}],"collection":[{"href":"https:\/\/www.derbedrosian.nl\/pl\/wp-json\/wp\/v2\/pages"}],"about":[{"href":"https:\/\/www.derbedrosian.nl\/pl\/wp-json\/wp\/v2\/types\/page"}],"author":[{"embeddable":true,"href":"https:\/\/www.derbedrosian.nl\/pl\/wp-json\/wp\/v2\/users\/1"}],"replies":[{"embeddable":true,"href":"https:\/\/www.derbedrosian.nl\/pl\/wp-json\/wp\/v2\/comments?post=10667"}],"version-history":[{"count":0,"href":"https:\/\/www.derbedrosian.nl\/pl\/wp-json\/wp\/v2\/pages\/10667\/revisions"}],"up":[{"embeddable":true,"href":"https:\/\/www.derbedrosian.nl\/pl\/wp-json\/wp\/v2\/pages\/10627"}],"wp:attachment":[{"href":"https:\/\/www.derbedrosian.nl\/pl\/wp-json\/wp\/v2\/media?parent=10667"}],"curies":[{"name":"wp","href":"https:\/\/api.w.org\/{rel}","templated":true}]}}