{"id":10655,"date":"2023-05-26T15:34:34","date_gmt":"2023-05-26T13:34:34","guid":{"rendered":"https:\/\/derbedrosian.nl\/?page_id=10655"},"modified":"2025-12-21T15:54:19","modified_gmt":"2025-12-21T13:54:19","slug":"cofniecie-dokumentu-pobytowego","status":"publish","type":"page","link":"https:\/\/www.derbedrosian.nl\/pl\/rechtsgebieden\/vreemdelingenrecht\/intrekking-verblijfsvergunning\/","title":{"rendered":"Cofni\u0119cie zezwolenia na pobyt"},"content":{"rendered":"<div data-elementor-type=\"wp-page\" data-elementor-id=\"10655\" class=\"elementor elementor-10655\" data-elementor-post-type=\"page\">\n\t\t\t\t<div class=\"wd-negative-gap elementor-element elementor-element-07c2989 e-flex e-con-boxed e-con e-parent\" data-id=\"07c2989\" data-element_type=\"container\" data-e-type=\"container\">\n\t\t\t\t\t<div class=\"e-con-inner\">\n\t\t\t\t<div class=\"elementor-element elementor-element-a81a63a elementor-hidden-desktop elementor-hidden-tablet elementor-hidden-mobile elementor-widget elementor-widget-wd_image_or_svg\" data-id=\"a81a63a\" data-element_type=\"widget\" data-e-type=\"widget\" id=\"seo-word\" data-widget_type=\"wd_image_or_svg.default\">\n\t\t\t\t<div class=\"elementor-widget-container\">\n\t\t\t\t\t\n\t\t<div class=\"wd-image text-left\">\n\t\t\t\t\t\t\t\t<img loading=\"lazy\" decoding=\"async\" width=\"1000\" height=\"667\" src=\"https:\/\/www.derbedrosian.nl\/wp-content\/uploads\/rechtsgebieden-intrekking-verblijfsvergunning.jpg\" class=\"attachment-full size-full\" alt=\"cofni\u0119cie zezwolenia na pobyt prawnik sprzeciw IND procedura cudzoziemcy prawo\" srcset=\"https:\/\/www.derbedrosian.nl\/wp-content\/uploads\/rechtsgebieden-intrekking-verblijfsvergunning.jpg 1000w, https:\/\/www.derbedrosian.nl\/wp-content\/uploads\/rechtsgebieden-intrekking-verblijfsvergunning-400x267.jpg 400w, https:\/\/www.derbedrosian.nl\/wp-content\/uploads\/rechtsgebieden-intrekking-verblijfsvergunning-768x512.jpg 768w\" sizes=\"auto, (max-width: 1000px) 100vw, 1000px\" title=\"\">\t\t\t\t\t<\/div>\n\n\t\t\t\t\t\t<\/div>\n\t\t\t\t<\/div>\n\t\t\t\t<div class=\"elementor-element elementor-element-510b0b4 elementor-hidden-desktop elementor-hidden-tablet elementor-hidden-mobile elementor-widget elementor-widget-heading\" data-id=\"510b0b4\" data-element_type=\"widget\" data-e-type=\"widget\" id=\"seo-word\" data-widget_type=\"heading.default\">\n\t\t\t\t<div class=\"elementor-widget-container\">\n\t\t\t\t\t<h2 class=\"elementor-heading-title elementor-size-default\">cofni\u0119cie zezwolenia na pobyt<\/h2>\t\t\t\t<\/div>\n\t\t\t\t<\/div>\n\t\t\t\t<div class=\"elementor-element elementor-element-ce09e4c elementor-hidden-desktop elementor-hidden-tablet elementor-hidden-mobile elementor-widget elementor-widget-heading\" data-id=\"ce09e4c\" data-element_type=\"widget\" data-e-type=\"widget\" id=\"seo-word\" data-widget_type=\"heading.default\">\n\t\t\t\t<div class=\"elementor-widget-container\">\n\t\t\t\t\t<h5 class=\"elementor-heading-title elementor-size-default\">prawnik zajmuj\u0105cy si\u0119 zezwoleniami na pobyt<\/h5>\t\t\t\t<\/div>\n\t\t\t\t<\/div>\n\t\t\t\t<div class=\"elementor-element elementor-element-504c64c elementor-hidden-desktop elementor-hidden-tablet elementor-hidden-mobile elementor-widget elementor-widget-heading\" data-id=\"504c64c\" data-element_type=\"widget\" data-e-type=\"widget\" id=\"seo-word\" data-widget_type=\"heading.default\">\n\t\t\t\t<div class=\"elementor-widget-container\">\n\t\t\t\t\t<h5 class=\"elementor-heading-title elementor-size-default\">podstawy cofni\u0119cia zezwolenia na pobyt<\/h5>\t\t\t\t<\/div>\n\t\t\t\t<\/div>\n\t\t\t\t<div class=\"elementor-element elementor-element-aea539b elementor-hidden-desktop elementor-hidden-tablet elementor-hidden-mobile elementor-widget elementor-widget-heading\" data-id=\"aea539b\" data-element_type=\"widget\" data-e-type=\"widget\" id=\"seo-word\" data-widget_type=\"heading.default\">\n\t\t\t\t<div class=\"elementor-widget-container\">\n\t\t\t\t\t<h5 class=\"elementor-heading-title elementor-size-default\">Procedura cofni\u0119cia zezwolenia na pobyt<\/h5>\t\t\t\t<\/div>\n\t\t\t\t<\/div>\n\t\t\t\t<div class=\"elementor-element elementor-element-9f3ea4c elementor-hidden-desktop elementor-hidden-tablet elementor-hidden-mobile elementor-widget elementor-widget-heading\" data-id=\"9f3ea4c\" data-element_type=\"widget\" data-e-type=\"widget\" id=\"seo-word\" data-widget_type=\"heading.default\">\n\t\t\t\t<div class=\"elementor-widget-container\">\n\t\t\t\t\t<h5 class=\"elementor-heading-title elementor-size-default\">kolejne cofni\u0119cie zezwolenia na pobyt IND<\/h5>\t\t\t\t<\/div>\n\t\t\t\t<\/div>\n\t\t\t\t<div class=\"elementor-element elementor-element-6a9b7e2 elementor-hidden-desktop elementor-hidden-tablet elementor-hidden-mobile elementor-widget elementor-widget-heading\" data-id=\"6a9b7e2\" data-element_type=\"widget\" data-e-type=\"widget\" id=\"seo-word\" data-widget_type=\"heading.default\">\n\t\t\t\t<div class=\"elementor-widget-container\">\n\t\t\t\t\t<h5 class=\"elementor-heading-title elementor-size-default\">prawo imigracyjne adwokat enschede<\/h5>\t\t\t\t<\/div>\n\t\t\t\t<\/div>\n\t\t\t\t<div class=\"elementor-element elementor-element-97cfade elementor-hidden-desktop elementor-hidden-tablet elementor-hidden-mobile elementor-widget elementor-widget-heading\" data-id=\"97cfade\" data-element_type=\"widget\" data-e-type=\"widget\" id=\"seo-word\" data-widget_type=\"heading.default\">\n\t\t\t\t<div class=\"elementor-widget-container\">\n\t\t\t\t\t<h5 class=\"elementor-heading-title elementor-size-default\">prawo cudzoziemc\u00f3w enschede<\/h5>\t\t\t\t<\/div>\n\t\t\t\t<\/div>\n\t\t\t\t<div class=\"elementor-element elementor-element-d50e981 elementor-hidden-desktop elementor-hidden-tablet elementor-hidden-mobile elementor-widget elementor-widget-heading\" data-id=\"d50e981\" data-element_type=\"widget\" data-e-type=\"widget\" id=\"seo-word\" data-widget_type=\"heading.default\">\n\t\t\t\t<div class=\"elementor-widget-container\">\n\t\t\t\t\t<h5 class=\"elementor-heading-title elementor-size-default\">prawo imigracyjne adwokat overijssel<\/h5>\t\t\t\t<\/div>\n\t\t\t\t<\/div>\n\t\t\t\t<div class=\"elementor-element elementor-element-d9de11c elementor-hidden-desktop elementor-hidden-tablet elementor-hidden-mobile elementor-widget elementor-widget-heading\" data-id=\"d9de11c\" data-element_type=\"widget\" data-e-type=\"widget\" id=\"seo-word\" data-widget_type=\"heading.default\">\n\t\t\t\t<div class=\"elementor-widget-container\">\n\t\t\t\t\t<h5 class=\"elementor-heading-title elementor-size-default\">adwokat enschede prawo cudzoziemc\u00f3w<\/h5>\t\t\t\t<\/div>\n\t\t\t\t<\/div>\n\t\t\t\t<div class=\"elementor-element elementor-element-69b3916 elementor-hidden-desktop elementor-hidden-tablet elementor-hidden-mobile elementor-widget elementor-widget-heading\" data-id=\"69b3916\" data-element_type=\"widget\" data-e-type=\"widget\" id=\"seo-word\" data-widget_type=\"heading.default\">\n\t\t\t\t<div class=\"elementor-widget-container\">\n\t\t\t\t\t<h5 class=\"elementor-heading-title elementor-size-default\">W Enschede i Overijssel mog\u0105 Pa\u0144stwo polega\u0107 na prawnikach imigracyjnych z kancelarii Derbedrosian Immigration Lawyers. Nasi wyspecjalizowani prawnicy w Enschede maj\u0105 bogate do\u015bwiadczenie w sprawach z zakresu prawa imigracyjnego, w tym w sprawach dotycz\u0105cych cofni\u0119cia zezwole\u0144 na pobyt.\n\nCofni\u0119cie zezwolenia na pobyt jest daleko id\u0105c\u0105 procedur\u0105 prawn\u0105. Urz\u0105d Imigracyjny i Naturalizacyjny (IND) przeprowadza t\u0119 procedur\u0119 i musz\u0105 istnie\u0107 konkretne powody do cofni\u0119cia zezwolenia na pobyt.\n\nPowody cofni\u0119cia zezwolenia na pobyt mog\u0105 by\u0107 r\u00f3\u017cne i mog\u0105 by\u0107 zwi\u0105zane z naruszeniem warunk\u00f3w pobytu, takich jak przest\u0119pstwo lub oszustwo, a tak\u017ce z innych powod\u00f3w prawnych.\n\nBardzo wa\u017cne jest, aby podj\u0105\u0107 odpowiednie kroki prawne, je\u015bli grozi Pa\u0144stwu cofni\u0119cie zezwolenia na pobyt. Nasi prawnicy imigracyjni w Enschede s\u0105 do Pa\u0144stwa dyspozycji, aby doradza\u0107 i reprezentowa\u0107 Pa\u0144stwa interesy w sprawach dotycz\u0105cych post\u0119powania o cofni\u0119cie zezwolenia na pobyt.\n\nJe\u015bli potrzebuj\u0105 Pa\u0144stwo pomocy prawnej w sprawach dotycz\u0105cych cofni\u0119cia pozwolenia na pobyt lub w innych sprawach z zakresu prawa imigracyjnego, prosimy o kontakt z kancelari\u0105 Derbedrosian Immigration Lawyers. Jeste\u015bmy tutaj, aby Pa\u0144stwu pom\u00f3c i zaj\u0105\u0107 si\u0119 Pa\u0144stwa spraw\u0105 oraz zapewni\u0107 poszanowanie Pa\u0144stwa praw.<\/h5>\t\t\t\t<\/div>\n\t\t\t\t<\/div>\n\t\t\t\t<div class=\"elementor-element elementor-element-2d074c3 elementor-hidden-desktop elementor-hidden-tablet elementor-hidden-mobile elementor-widget elementor-widget-heading\" data-id=\"2d074c3\" data-element_type=\"widget\" data-e-type=\"widget\" id=\"seo-word\" data-widget_type=\"heading.default\">\n\t\t\t\t<div class=\"elementor-widget-container\">\n\t\t\t\t\t<h5 class=\"elementor-heading-title elementor-size-default\">zasada proporcjonalno\u015bci oferuje perspektywiczny przegl\u0105d cofni\u0119cia dokumentu pobytowego z moc\u0105 wsteczn\u0105 wywa\u017cenie interes\u00f3w w przypadku cofni\u0119cia dokumentu pobytowego<\/h5>\t\t\t\t<\/div>\n\t\t\t\t<\/div>\n\t\t\t\t<div class=\"elementor-element elementor-element-350b769 color-scheme-inherit text-left elementor-widget elementor-widget-text-editor\" data-id=\"350b769\" data-element_type=\"widget\" data-e-type=\"widget\" data-widget_type=\"text-editor.default\">\n\t\t\t\t<div class=\"elementor-widget-container\">\n\t\t\t\t\t\t\t\t\t<p><strong>W Holandii \"cofni\u0119cie zezwolenia na pobyt\" mo\u017ce mie\u0107 powa\u017cne konsekwencje prawne i osobiste dla danej osoby. Zezwolenie na pobyt zostanie cofni\u0119te, je\u015bli wed\u0142ug Urz\u0119du Imigracyjnego i Naturalizacyjnego (IND) istnieje wa\u017cny pow\u00f3d, aby anulowa\u0107 lub cofn\u0105\u0107 wcze\u015bniej udzielone zezwolenie na pobyt i zamieszkanie w Holandii.<\/strong><\/p>\t\t\t\t\t\t\t\t<\/div>\n\t\t\t\t<\/div>\n\t\t\t\t<div class=\"elementor-element elementor-element-d5fc5d9 elementor-widget elementor-widget-spacer\" data-id=\"d5fc5d9\" data-element_type=\"widget\" data-e-type=\"widget\" data-widget_type=\"spacer.default\">\n\t\t\t\t<div class=\"elementor-widget-container\">\n\t\t\t\t\t\t\t<div class=\"elementor-spacer\">\n\t\t\t<div class=\"elementor-spacer-inner\"><\/div>\n\t\t<\/div>\n\t\t\t\t\t\t<\/div>\n\t\t\t\t<\/div>\n\t\t\t\t<div class=\"elementor-element elementor-element-d51a96a elementor-widget elementor-widget-heading\" data-id=\"d51a96a\" data-element_type=\"widget\" data-e-type=\"widget\" data-widget_type=\"heading.default\">\n\t\t\t\t<div class=\"elementor-widget-container\">\n\t\t\t\t\t<h3 class=\"elementor-heading-title elementor-size-default\">Cofni\u0119cie zezwolenia na pobyt<\/h3>\t\t\t\t<\/div>\n\t\t\t\t<\/div>\n\t\t\t\t<div class=\"elementor-element elementor-element-0d0624b color-scheme-inherit text-left elementor-widget elementor-widget-text-editor\" data-id=\"0d0624b\" data-element_type=\"widget\" data-e-type=\"widget\" data-widget_type=\"text-editor.default\">\n\t\t\t\t<div class=\"elementor-widget-container\">\n\t\t\t\t\t\t\t\t\t<p>Je\u015bli Pana\/Pani zezwolenie na pobyt zostanie cofni\u0119te, oznacza to, \u017ce nie mo\u017ce Pan\/Pani d\u0142u\u017cej przebywa\u0107 w Holandii. Mo\u017ce to mie\u0107 powa\u017cne konsekwencje, takie jak aresztowanie przez w\u0142adze, zatrzymanie i zmuszenie do opuszczenia kraju. Na szcz\u0119\u015bcie mo\u017ce Pan\/Pani sprzeciwi\u0107 si\u0119 tej decyzji i podj\u0105\u0107 kroki prawne w celu zakwestionowania swojej sytuacji. Wa\u017cne jest, aby szybko zasi\u0119gn\u0105\u0107 porady prawnej i zrozumie\u0107 swoje prawa, aby sformu\u0142owa\u0107 odpowiedni\u0105 odpowied\u017a.<\/p>\t\t\t\t\t\t\t\t<\/div>\n\t\t\t\t<\/div>\n\t\t\t\t<div class=\"elementor-element elementor-element-58372ae elementor-widget elementor-widget-spacer\" data-id=\"58372ae\" data-element_type=\"widget\" data-e-type=\"widget\" data-widget_type=\"spacer.default\">\n\t\t\t\t<div class=\"elementor-widget-container\">\n\t\t\t\t\t\t\t<div class=\"elementor-spacer\">\n\t\t\t<div class=\"elementor-spacer-inner\"><\/div>\n\t\t<\/div>\n\t\t\t\t\t\t<\/div>\n\t\t\t\t<\/div>\n\t\t\t\t<div class=\"elementor-element elementor-element-944264c elementor-widget elementor-widget-heading\" data-id=\"944264c\" data-element_type=\"widget\" data-e-type=\"widget\" data-widget_type=\"heading.default\">\n\t\t\t\t<div class=\"elementor-widget-container\">\n\t\t\t\t\t<h3 class=\"elementor-heading-title elementor-size-default\">Przyczyny cofni\u0119cia zezwolenia na pobyt\n<\/h3>\t\t\t\t<\/div>\n\t\t\t\t<\/div>\n\t\t\t\t<div class=\"elementor-element elementor-element-c87d8db color-scheme-inherit text-left elementor-widget elementor-widget-text-editor\" data-id=\"c87d8db\" data-element_type=\"widget\" data-e-type=\"widget\" data-widget_type=\"text-editor.default\">\n\t\t\t\t<div class=\"elementor-widget-container\">\n\t\t\t\t\t\t\t\t\t<p>Mo\u017ce si\u0119 to zdarzy\u0107 z r\u00f3\u017cnych powod\u00f3w, takich jak<\/p><ul><li><strong>Niespe\u0142nienie wymaga\u0144 dochodowych:<\/strong>\u00a0je\u015bli Pana\/Pani doch\u00f3d spadnie poni\u017cej ustalonego minimalnego limitu lub je\u015bli nie jest Pan\/Pani w stanie samodzielnie si\u0119 utrzyma\u0107.<\/li><li><strong>Nie jest ju\u017c Pani \u017con\u0105 swojego partnera:<\/strong>\u00a0je\u015bli Pana\/Pani zezwolenie na pobyt opiera si\u0119 na ma\u0142\u017ce\u0144stwie lub zarejestrowanym zwi\u0105zku partnerskim, zako\u0144czenie tego zwi\u0105zku mo\u017ce skutkowa\u0107 utrat\u0105 prawa pobytu.<\/li><li><a href=\"https:\/\/www.derbedrosian.nl\/pl\/jurysdykcje\/prawo-karne\/przestepstwa\/\"><strong>Pope\u0142nione przest\u0119pstwo:<\/strong><\/a>\u00a0je\u015bli pope\u0142ni\u0142(a) Pan(i) przest\u0119pstwo, mo\u017ce Pan(i) otrzyma\u0107 \"o\u015bwiadczenie o niepo\u017c\u0105danym charakterze\", w kt\u00f3rym stwierdza si\u0119, \u017ce jest Pan(i) uznawany(a) za osob\u0119 niepo\u017c\u0105dan\u0105 w Holandii i musi Pan(i) opu\u015bci\u0107 kraj. Sytuacja ta mo\u017ce prowadzi\u0107 do przymusowego opuszczenia kraju, co mo\u017ce mie\u0107 powa\u017cne konsekwencje dla Pana\/Pani statusu pobytu i przysz\u0142o\u015bci w Holandii.<\/li><li><strong>Niewystarczaj\u0105ca liczba kredyt\u00f3w:<\/strong> nieuzyskanie wystarczaj\u0105cej liczby punkt\u00f3w na kursie mo\u017ce spowodowa\u0107 cofni\u0119cie zezwolenia na pobyt przez IND<\/li><\/ul>\t\t\t\t\t\t\t\t<\/div>\n\t\t\t\t<\/div>\n\t\t\t\t<div class=\"elementor-element elementor-element-4e8d621 elementor-widget elementor-widget-spacer\" data-id=\"4e8d621\" data-element_type=\"widget\" data-e-type=\"widget\" data-widget_type=\"spacer.default\">\n\t\t\t\t<div class=\"elementor-widget-container\">\n\t\t\t\t\t\t\t<div class=\"elementor-spacer\">\n\t\t\t<div class=\"elementor-spacer-inner\"><\/div>\n\t\t<\/div>\n\t\t\t\t\t\t<\/div>\n\t\t\t\t<\/div>\n\t\t\t\t<div class=\"elementor-element elementor-element-be3e65a elementor-widget elementor-widget-heading\" data-id=\"be3e65a\" data-element_type=\"widget\" data-e-type=\"widget\" data-widget_type=\"heading.default\">\n\t\t\t\t<div class=\"elementor-widget-container\">\n\t\t\t\t\t<h3 class=\"elementor-heading-title elementor-size-default\">Procedura sprzeciwu <\/h3>\t\t\t\t<\/div>\n\t\t\t\t<\/div>\n\t\t\t\t<div class=\"elementor-element elementor-element-1cf68cf color-scheme-inherit text-left elementor-widget elementor-widget-text-editor\" data-id=\"1cf68cf\" data-element_type=\"widget\" data-e-type=\"widget\" data-widget_type=\"text-editor.default\">\n\t\t\t\t<div class=\"elementor-widget-container\">\n\t\t\t\t\t\t\t\t\t<p>Je\u015bli nie zgadza si\u0119 Pan\/Pani z cofni\u0119ciem Pana\/Pani zezwolenia na pobyt, mo\u017ce Pan\/Pani wnie\u015b\u0107 sprzeciw. Nale\u017cy to zrobi\u0107 w ci\u0105gu czterech tygodni od cofni\u0119cia Pana\/Pani zezwolenia na pobyt lub po odrzuceniu wcze\u015bniejszego sprzeciwu. Je\u015bli decyzja zosta\u0142a podj\u0119ta wcze\u015bniej, nie mo\u017ce Pan\/Pani z\u0142o\u017cy\u0107 odwo\u0142ania.<br \/>Poni\u017cej przedstawiono kroki, jakie nale\u017cy podj\u0105\u0107 w celu z\u0142o\u017cenia sprzeciwu:<\/p><ul><li><strong>Widoki:<\/strong>\u00a0Jest to pierwszy krok, aby pokaza\u0107, \u017ce nie zgadzaj\u0105 si\u0119 Pa\u0144stwo z decyzj\u0105 IND. Mo\u017cna to zrobi\u0107 na r\u00f3\u017cne sposoby, w tym ustnie, e-mailem lub listownie.<\/li><li><strong>Sprzeciw:<\/strong>\u00a0Je\u015bli Pana\/Pani opinia nie zostanie zaakceptowana, Pana\/Pani prawnik mo\u017ce z\u0142o\u017cy\u0107 zawiadomienie o sprzeciwie. Przedstawi on powody, dla kt\u00f3rych nie zgadza si\u0119 Pan\/Pani z decyzj\u0105 IND.<\/li><li><strong>Odwo\u0142anie:<\/strong>\u00a0je\u015bli sprzeciw zostanie odrzucony, ma Pan\/Pani mo\u017cliwo\u015b\u0107 odwo\u0142ania si\u0119 do s\u0105du w terminie czterech tygodni, je\u015bli nie zgadza si\u0119 Pan\/Pani z decyzj\u0105.<\/li><li><strong>Odwo\u0142anie:<\/strong>\u00a0Je\u015bli odwo\u0142anie r\u00f3wnie\u017c zostanie odrzucone, nadal mo\u017ce Pan(i) z\u0142o\u017cy\u0107 odwo\u0142anie do Wydzia\u0142u Prawa Administracyjnego Rady Stanu (ABRvS).<\/li><\/ul>\t\t\t\t\t\t\t\t<\/div>\n\t\t\t\t<\/div>\n\t\t\t\t<div class=\"elementor-element elementor-element-2347f1a elementor-widget elementor-widget-spacer\" data-id=\"2347f1a\" data-element_type=\"widget\" data-e-type=\"widget\" data-widget_type=\"spacer.default\">\n\t\t\t\t<div class=\"elementor-widget-container\">\n\t\t\t\t\t\t\t<div class=\"elementor-spacer\">\n\t\t\t<div class=\"elementor-spacer-inner\"><\/div>\n\t\t<\/div>\n\t\t\t\t\t\t<\/div>\n\t\t\t\t<\/div>\n\t\t\t\t<div class=\"elementor-element elementor-element-4436c2b elementor-widget elementor-widget-heading\" data-id=\"4436c2b\" data-element_type=\"widget\" data-e-type=\"widget\" data-widget_type=\"heading.default\">\n\t\t\t\t<div class=\"elementor-widget-container\">\n\t\t\t\t\t<h3 class=\"elementor-heading-title elementor-size-default\">Prawnik odwo\u0142uje si\u0119 od cofni\u0119cia zezwolenia na pobyt<\/h3>\t\t\t\t<\/div>\n\t\t\t\t<\/div>\n\t\t\t\t<div class=\"elementor-element elementor-element-a53ff4a color-scheme-inherit text-left elementor-widget elementor-widget-text-editor\" data-id=\"a53ff4a\" data-element_type=\"widget\" data-e-type=\"widget\" data-widget_type=\"text-editor.default\">\n\t\t\t\t<div class=\"elementor-widget-container\">\n\t\t\t\t\t\t\t\t\t<p>Je\u015bli Pana\/Pani zezwolenie na pobyt zostanie cofni\u0119te, mo\u017ce to mie\u0107 powa\u017cne konsekwencje. Dlatego rozs\u0105dnie jest zwr\u00f3ci\u0107 si\u0119 o pomoc prawn\u0105.<\/p><p>The <a href=\"https:\/\/www.derbedrosian.nl\/pl\/prawnicy-2\/\">wyspecjalizowani prawnicy<\/a> Kancelaria Derbedrosian posiada bogate do\u015bwiadczenie w prawie imigracyjnym i dlatego mo\u017ce zaoferowa\u0107 Pa\u0144stwu profesjonaln\u0105 pomoc prawn\u0105. W kancelarii Derbedrosian rozumiemy problemy zwi\u0105zane z utrat\u0105 statusu rezydenta i prosimy skontaktowa\u0107 si\u0119 z nami w celu uzyskania dalszego wsparcia prawnego.<\/p>\t\t\t\t\t\t\t\t<\/div>\n\t\t\t\t<\/div>\n\t\t\t\t\t<\/div>\n\t\t\t\t<\/div>\n\t\t\t\t<\/div>","protected":false},"excerpt":{"rendered":"<p>verblijfsvergunning ingetrokken verblijfsvergunning advocaat redenen intrekking van verblijfsvergunning Procedure intrekking verblijfsvergunning meer intrekking verblijfsvergunning IND vreemdelingenrecht advocaat enschede vreemdelingenrecht enschede<\/p>","protected":false},"author":1,"featured_media":0,"parent":10627,"menu_order":0,"comment_status":"closed","ping_status":"closed","template":"","meta":{"footnotes":""},"class_list":["post-10655","page","type-page","status-publish","hentry"],"_links":{"self":[{"href":"https:\/\/www.derbedrosian.nl\/pl\/wp-json\/wp\/v2\/pages\/10655","targetHints":{"allow":["GET"]}}],"collection":[{"href":"https:\/\/www.derbedrosian.nl\/pl\/wp-json\/wp\/v2\/pages"}],"about":[{"href":"https:\/\/www.derbedrosian.nl\/pl\/wp-json\/wp\/v2\/types\/page"}],"author":[{"embeddable":true,"href":"https:\/\/www.derbedrosian.nl\/pl\/wp-json\/wp\/v2\/users\/1"}],"replies":[{"embeddable":true,"href":"https:\/\/www.derbedrosian.nl\/pl\/wp-json\/wp\/v2\/comments?post=10655"}],"version-history":[{"count":0,"href":"https:\/\/www.derbedrosian.nl\/pl\/wp-json\/wp\/v2\/pages\/10655\/revisions"}],"up":[{"embeddable":true,"href":"https:\/\/www.derbedrosian.nl\/pl\/wp-json\/wp\/v2\/pages\/10627"}],"wp:attachment":[{"href":"https:\/\/www.derbedrosian.nl\/pl\/wp-json\/wp\/v2\/media?parent=10655"}],"curies":[{"name":"wp","href":"https:\/\/api.w.org\/{rel}","templated":true}]}}