{"id":10644,"date":"2023-05-26T15:07:23","date_gmt":"2023-05-26T13:07:23","guid":{"rendered":"https:\/\/derbedrosian.nl\/?page_id=10644"},"modified":"2025-12-21T15:53:43","modified_gmt":"2025-12-21T13:53:43","slug":"zakaz-wjazdu","status":"publish","type":"page","link":"https:\/\/www.derbedrosian.nl\/pl\/rechtsgebieden\/vreemdelingenrecht\/inreisverbod\/","title":{"rendered":"Zakaz wst\u0119pu"},"content":{"rendered":"<div data-elementor-type=\"wp-page\" data-elementor-id=\"10644\" class=\"elementor elementor-10644\" data-elementor-post-type=\"page\">\n\t\t\t\t<div class=\"wd-negative-gap elementor-element elementor-element-900c39d e-flex e-con-boxed e-con e-parent\" data-id=\"900c39d\" data-element_type=\"container\" data-e-type=\"container\">\n\t\t\t\t\t<div class=\"e-con-inner\">\n\t\t\t\t<div class=\"elementor-element elementor-element-91af8c7 elementor-hidden-desktop elementor-hidden-tablet elementor-hidden-mobile elementor-widget elementor-widget-wd_image_or_svg\" data-id=\"91af8c7\" data-element_type=\"widget\" data-e-type=\"widget\" id=\"seo-word\" data-widget_type=\"wd_image_or_svg.default\">\n\t\t\t\t<div class=\"elementor-widget-container\">\n\t\t\t\t\t\n\t\t<div class=\"wd-image text-left\">\n\t\t\t\t\t\t\t\t<img loading=\"lazy\" decoding=\"async\" width=\"1000\" height=\"667\" src=\"https:\/\/www.derbedrosian.nl\/wp-content\/uploads\/rechtsgebied-inreisverbod-1.jpg\" class=\"attachment-full size-full\" alt=\"Zakaz wjazdu anulowanie nederland prawnik sprzeciw warunki zakazu wjazdu\" srcset=\"https:\/\/www.derbedrosian.nl\/wp-content\/uploads\/rechtsgebied-inreisverbod-1.jpg 1000w, https:\/\/www.derbedrosian.nl\/wp-content\/uploads\/rechtsgebied-inreisverbod-1-400x267.jpg 400w, https:\/\/www.derbedrosian.nl\/wp-content\/uploads\/rechtsgebied-inreisverbod-1-768x512.jpg 768w\" sizes=\"auto, (max-width: 1000px) 100vw, 1000px\" title=\"\">\t\t\t\t\t<\/div>\n\n\t\t\t\t\t\t<\/div>\n\t\t\t\t<\/div>\n\t\t\t\t<div class=\"elementor-element elementor-element-41c9679 elementor-hidden-desktop elementor-hidden-tablet elementor-hidden-mobile elementor-widget elementor-widget-heading\" data-id=\"41c9679\" data-element_type=\"widget\" data-e-type=\"widget\" id=\"seo-word\" data-widget_type=\"heading.default\">\n\t\t\t\t<div class=\"elementor-widget-container\">\n\t\t\t\t\t<h2 class=\"elementor-heading-title elementor-size-default\">Zniesienie zakazu wjazdu do Holandii<\/h2>\t\t\t\t<\/div>\n\t\t\t\t<\/div>\n\t\t\t\t<div class=\"elementor-element elementor-element-96a8145 elementor-hidden-desktop elementor-hidden-tablet elementor-hidden-mobile elementor-widget elementor-widget-heading\" data-id=\"96a8145\" data-element_type=\"widget\" data-e-type=\"widget\" id=\"seo-word\" data-widget_type=\"heading.default\">\n\t\t\t\t<div class=\"elementor-widget-container\">\n\t\t\t\t\t<h5 class=\"elementor-heading-title elementor-size-default\">zakaz wjazdu schengen<\/h5>\t\t\t\t<\/div>\n\t\t\t\t<\/div>\n\t\t\t\t<div class=\"elementor-element elementor-element-9437e07 elementor-hidden-desktop elementor-hidden-tablet elementor-hidden-mobile elementor-widget elementor-widget-heading\" data-id=\"9437e07\" data-element_type=\"widget\" data-e-type=\"widget\" id=\"seo-word\" data-widget_type=\"heading.default\">\n\t\t\t\t<div class=\"elementor-widget-container\">\n\t\t\t\t\t<h5 class=\"elementor-heading-title elementor-size-default\">S\u0142u\u017cba Imigracyjna i Naturalizacyjna IND<\/h5>\t\t\t\t<\/div>\n\t\t\t\t<\/div>\n\t\t\t\t<div class=\"elementor-element elementor-element-82c91eb elementor-hidden-desktop elementor-hidden-tablet elementor-hidden-mobile elementor-widget elementor-widget-heading\" data-id=\"82c91eb\" data-element_type=\"widget\" data-e-type=\"widget\" id=\"seo-word\" data-widget_type=\"heading.default\">\n\t\t\t\t<div class=\"elementor-widget-container\">\n\t\t\t\t\t<h5 class=\"elementor-heading-title elementor-size-default\">Procedura zakazu wjazdu<\/h5>\t\t\t\t<\/div>\n\t\t\t\t<\/div>\n\t\t\t\t<div class=\"elementor-element elementor-element-8ea5823 elementor-hidden-desktop elementor-hidden-tablet elementor-hidden-mobile elementor-widget elementor-widget-heading\" data-id=\"8ea5823\" data-element_type=\"widget\" data-e-type=\"widget\" id=\"seo-word\" data-widget_type=\"heading.default\">\n\t\t\t\t<div class=\"elementor-widget-container\">\n\t\t\t\t\t<h5 class=\"elementor-heading-title elementor-size-default\">prawo imigracyjne adwokat enschede<\/h5>\t\t\t\t<\/div>\n\t\t\t\t<\/div>\n\t\t\t\t<div class=\"elementor-element elementor-element-b8c5aa7 elementor-hidden-desktop elementor-hidden-tablet elementor-hidden-mobile elementor-widget elementor-widget-heading\" data-id=\"b8c5aa7\" data-element_type=\"widget\" data-e-type=\"widget\" id=\"seo-word\" data-widget_type=\"heading.default\">\n\t\t\t\t<div class=\"elementor-widget-container\">\n\t\t\t\t\t<h5 class=\"elementor-heading-title elementor-size-default\">prawo imigracyjne adwokat overijssel<\/h5>\t\t\t\t<\/div>\n\t\t\t\t<\/div>\n\t\t\t\t<div class=\"elementor-element elementor-element-e116e59 elementor-hidden-desktop elementor-hidden-tablet elementor-hidden-mobile elementor-widget elementor-widget-heading\" data-id=\"e116e59\" data-element_type=\"widget\" data-e-type=\"widget\" id=\"seo-word\" data-widget_type=\"heading.default\">\n\t\t\t\t<div class=\"elementor-widget-container\">\n\t\t\t\t\t<h5 class=\"elementor-heading-title elementor-size-default\">prawo cudzoziemc\u00f3w enschede<\/h5>\t\t\t\t<\/div>\n\t\t\t\t<\/div>\n\t\t\t\t<div class=\"elementor-element elementor-element-666d9c2 elementor-hidden-desktop elementor-hidden-tablet elementor-hidden-mobile elementor-widget elementor-widget-heading\" data-id=\"666d9c2\" data-element_type=\"widget\" data-e-type=\"widget\" id=\"seo-word\" data-widget_type=\"heading.default\">\n\t\t\t\t<div class=\"elementor-widget-container\">\n\t\t\t\t\t<h5 class=\"elementor-heading-title elementor-size-default\">prawo imigracyjne adwokat enschede<\/h5>\t\t\t\t<\/div>\n\t\t\t\t<\/div>\n\t\t\t\t<div class=\"elementor-element elementor-element-39a117d elementor-hidden-desktop elementor-hidden-tablet elementor-hidden-mobile elementor-widget elementor-widget-heading\" data-id=\"39a117d\" data-element_type=\"widget\" data-e-type=\"widget\" id=\"seo-word\" data-widget_type=\"heading.default\">\n\t\t\t\t<div class=\"elementor-widget-container\">\n\t\t\t\t\t<h5 class=\"elementor-heading-title elementor-size-default\">Podwa\u017cenie zakazu wjazdu<\/h5>\t\t\t\t<\/div>\n\t\t\t\t<\/div>\n\t\t\t\t<div class=\"elementor-element elementor-element-3516809 color-scheme-inherit text-left elementor-widget elementor-widget-text-editor\" data-id=\"3516809\" data-element_type=\"widget\" data-e-type=\"widget\" data-widget_type=\"text-editor.default\">\n\t\t\t\t<div class=\"elementor-widget-container\">\n\t\t\t\t\t\t\t\t\t<p><strong>Zakaz wjazdu do Holandii jest wa\u017cn\u0105 kwesti\u0105 prawn\u0105, kt\u00f3ra mo\u017ce mie\u0107 wp\u0142yw na wjazd niekt\u00f3rych os\u00f3b do kraju. Zakaz ten mo\u017ce zosta\u0107 na\u0142o\u017cony z r\u00f3\u017cnych powod\u00f3w i mo\u017ce mie\u0107 r\u00f3\u017cny okres obowi\u0105zywania.<\/strong><\/p>\t\t\t\t\t\t\t\t<\/div>\n\t\t\t\t<\/div>\n\t\t\t\t<div class=\"elementor-element elementor-element-42161f2 elementor-widget elementor-widget-spacer\" data-id=\"42161f2\" data-element_type=\"widget\" data-e-type=\"widget\" data-widget_type=\"spacer.default\">\n\t\t\t\t<div class=\"elementor-widget-container\">\n\t\t\t\t\t\t\t<div class=\"elementor-spacer\">\n\t\t\t<div class=\"elementor-spacer-inner\"><\/div>\n\t\t<\/div>\n\t\t\t\t\t\t<\/div>\n\t\t\t\t<\/div>\n\t\t\t\t<div class=\"elementor-element elementor-element-82343c2 elementor-widget elementor-widget-heading\" data-id=\"82343c2\" data-element_type=\"widget\" data-e-type=\"widget\" data-widget_type=\"heading.default\">\n\t\t\t\t<div class=\"elementor-widget-container\">\n\t\t\t\t\t<h3 class=\"elementor-heading-title elementor-size-default\">Z czym wi\u0105\u017ce si\u0119 zakaz wjazdu?<\/h3>\t\t\t\t<\/div>\n\t\t\t\t<\/div>\n\t\t\t\t<div class=\"elementor-element elementor-element-f0f8084 color-scheme-inherit text-left elementor-widget elementor-widget-text-editor\" data-id=\"f0f8084\" data-element_type=\"widget\" data-e-type=\"widget\" data-widget_type=\"text-editor.default\">\n\t\t\t\t<div class=\"elementor-widget-container\">\n\t\t\t\t\t\t\t\t\t<p>Zakaz wjazdu w Holandii to \u015brodek, kt\u00f3ry reguluje i ogranicza wjazd do kraju dla niekt\u00f3rych os\u00f3b. Takie ograniczenia mog\u0105 by\u0107 nak\u0142adane z r\u00f3\u017cnych powod\u00f3w. Prosz\u0119 wzi\u0105\u0107 pod uwag\u0119 pandemi\u0119 COVID-19, kiedy na\u0142o\u017cono ograniczenia w podr\u00f3\u017cowaniu, aby ograniczy\u0107 rozprzestrzenianie si\u0119 wirusa w Holandii.<\/p><p>Zakaz wjazdu mo\u017ce r\u00f3wnie\u017c zosta\u0107 na\u0142o\u017cony, je\u015bli przebywa Pan\/Pani w Holandii nielegalnie, co oznacza, \u017ce przebywa Pan\/Pani tutaj bez odpowiednich dokument\u00f3w, takich jak wa\u017cna wiza lub zezwolenie na pobyt. Ponadto, zanim zakaz wjazdu zacznie obowi\u0105zywa\u0107, musi up\u0142yn\u0105\u0107 przewidziany dla Pana\/Pani okres wyjazdu.<\/p><p>Kilka agencji rz\u0105dowych w Holandii ma uprawnienia do nak\u0142adania zakazu wjazdu. Organy te obejmuj\u0105 S\u0142u\u017cb\u0119 Imigracyjn\u0105 i Naturalizacyjn\u0105 (IND), Policj\u0119 ds. Cudzoziemc\u00f3w, Policj\u0119 Portu Morskiego i Kr\u00f3lewsk\u0105 \u017bandarmeri\u0119 Wojskow\u0105.<\/p>\t\t\t\t\t\t\t\t<\/div>\n\t\t\t\t<\/div>\n\t\t\t\t<div class=\"elementor-element elementor-element-78b6586 elementor-widget elementor-widget-spacer\" data-id=\"78b6586\" data-element_type=\"widget\" data-e-type=\"widget\" data-widget_type=\"spacer.default\">\n\t\t\t\t<div class=\"elementor-widget-container\">\n\t\t\t\t\t\t\t<div class=\"elementor-spacer\">\n\t\t\t<div class=\"elementor-spacer-inner\"><\/div>\n\t\t<\/div>\n\t\t\t\t\t\t<\/div>\n\t\t\t\t<\/div>\n\t\t\t\t<div class=\"elementor-element elementor-element-43d029c elementor-widget elementor-widget-heading\" data-id=\"43d029c\" data-element_type=\"widget\" data-e-type=\"widget\" data-widget_type=\"heading.default\">\n\t\t\t\t<div class=\"elementor-widget-container\">\n\t\t\t\t\t<h3 class=\"elementor-heading-title elementor-size-default\">Zniesienie zakazu wjazdu i warunki\n<\/h3>\t\t\t\t<\/div>\n\t\t\t\t<\/div>\n\t\t\t\t<div class=\"elementor-element elementor-element-e7f56b0 color-scheme-inherit text-left elementor-widget elementor-widget-text-editor\" data-id=\"e7f56b0\" data-element_type=\"widget\" data-e-type=\"widget\" data-widget_type=\"text-editor.default\">\n\t\t\t\t<div class=\"elementor-widget-container\">\n\t\t\t\t\t\t\t\t\t<p>Je\u015bli chc\u0105 Pa\u0144stwo, aby zakaz wjazdu zosta\u0142 zniesiony, istnieje mo\u017cliwo\u015b\u0107 z\u0142o\u017cenia \"wniosku o zniesienie zakazu wjazdu\". Prosz\u0119 pami\u0119ta\u0107, \u017ce mo\u017cna to zrobi\u0107 tylko w pilnych sytuacjach. W takim przypadku nale\u017cy napisa\u0107 list do Urz\u0119du Imigracyjnego i Naturalizacji (IND), wyja\u015bniaj\u0105c, dlaczego uwa\u017ca Pan\/Pani, \u017ce zakaz wjazdu powinien zosta\u0107 tymczasowo zniesiony.<\/p><p>Aby z\u0142o\u017cy\u0107 taki wniosek, musz\u0105 Pa\u0144stwo spe\u0142ni\u0107 nast\u0119puj\u0105ce warunki.<\/p><ul><li><strong>W przypadku zakazu wjazdu trwaj\u0105cego 2 lata lub kr\u00f3cej:<\/strong>\u00a0musz\u0105 Pa\u0144stwo mieszka\u0107 poza krajami UE\/EOG i Szwajcari\u0105 przez co najmniej po\u0142ow\u0119 okresu obowi\u0105zywania zakazu wjazdu.<\/li><li><strong>W przypadku zakazu wjazdu trwaj\u0105cego d\u0142u\u017cej ni\u017c 2 lata:<\/strong>\u00a0zwolnienie musi by\u0107 konieczne w Pa\u0144stwa konkretnej sytuacji.<\/li><li><strong>Wa\u017cne:<\/strong>\u00a0nie mo\u017ce Pan\/Pani pope\u0142ni\u0107 powa\u017cnych przest\u0119pstw podczas pobytu poza Holandi\u0105 i nie mo\u017ce toczy\u0107 si\u0119 przeciwko Panu\/Pani \u017cadne post\u0119powanie karne.<\/li><li><strong>Wp\u0142yw i prawo sprzeciwu:<\/strong>\u00a0Bardzo wa\u017cne jest, aby zrozumie\u0107, \u017ce przepisy te mog\u0105 mie\u0107 znacz\u0105ce konsekwencje dla os\u00f3b zamierzaj\u0105cych podr\u00f3\u017cowa\u0107, pracowa\u0107 lub mieszka\u0107 w Holandii. Maj\u0105 Pa\u0144stwo podstawowe prawo do wniesienia sprzeciwu wobec zakazu wjazdu, je\u015bli zosta\u0142 on wydany Pa\u0144stwu, Pa\u0144stwa partnerowi lub cz\u0142onkowi rodziny.<\/li><\/ul><p>Nasi wyspecjalizowani prawnicy specjalizuj\u0105cy si\u0119 w prawie imigracyjnym s\u0105 gotowi pom\u00f3c Pa\u0144stwu w tym procesie i reprezentowa\u0107 Pa\u0144stwa interesy, aby mogli Pa\u0144stwo podj\u0105\u0107 w\u0142a\u015bciwe kroki w celu rozwi\u0105zania swojej sytuacji.<\/p>\t\t\t\t\t\t\t\t<\/div>\n\t\t\t\t<\/div>\n\t\t\t\t<div class=\"elementor-element elementor-element-e83c738 elementor-widget elementor-widget-spacer\" data-id=\"e83c738\" data-element_type=\"widget\" data-e-type=\"widget\" data-widget_type=\"spacer.default\">\n\t\t\t\t<div class=\"elementor-widget-container\">\n\t\t\t\t\t\t\t<div class=\"elementor-spacer\">\n\t\t\t<div class=\"elementor-spacer-inner\"><\/div>\n\t\t<\/div>\n\t\t\t\t\t\t<\/div>\n\t\t\t\t<\/div>\n\t\t\t\t<div class=\"elementor-element elementor-element-f3630e1 elementor-widget elementor-widget-heading\" data-id=\"f3630e1\" data-element_type=\"widget\" data-e-type=\"widget\" data-widget_type=\"heading.default\">\n\t\t\t\t<div class=\"elementor-widget-container\">\n\t\t\t\t\t<h3 class=\"elementor-heading-title elementor-size-default\">Procedura zakazu wjazdu\n<\/h3>\t\t\t\t<\/div>\n\t\t\t\t<\/div>\n\t\t\t\t<div class=\"elementor-element elementor-element-333f5b9 color-scheme-inherit text-left elementor-widget elementor-widget-text-editor\" data-id=\"333f5b9\" data-element_type=\"widget\" data-e-type=\"widget\" data-widget_type=\"text-editor.default\">\n\t\t\t\t<div class=\"elementor-widget-container\">\n\t\t\t\t\t\t\t\t\t<p>Procedura na\u0142o\u017cenia zakazu wjazdu do Holandii obejmuje nast\u0119puj\u0105ce kroki:<\/p><ul><li><strong>Og\u0142oszenie IND:<\/strong>\u00a0Procedura rozpoczyna si\u0119 od og\u0142oszenia przez S\u0142u\u017cb\u0119 Imigracyjn\u0105 i Naturalizacyjn\u0105 (IND), wyja\u015bniaj\u0105cego szczeg\u00f3\u0142owo, dlaczego zamierza na\u0142o\u017cy\u0107 zakaz wjazdu.<\/li><li><strong>Termin odpowiedzi:<\/strong>\u00a0Po otrzymaniu tego powiadomienia maj\u0105 Pa\u0144stwo zazwyczaj cztery tygodnie na udzielenie odpowiedzi.<\/li><li><strong>Sprzeciw:<\/strong>\u00a0Je\u015bli pomimo Pana\/Pani odpowiedzi i stara\u0144 IND nadal podejmie decyzj\u0119 o na\u0142o\u017ceniu zakazu wjazdu, ma Pan\/Pani prawo sprzeciwi\u0107 si\u0119 tej decyzji. Daje to Pa\u0144stwu mo\u017cliwo\u015b\u0107 ponownego przedstawienia sprawy i dalszego wyja\u015bnienia swoich argument\u00f3w.<\/li><li><strong>Post\u0119powanie s\u0105dowe:<\/strong>\u00a0je\u015bli Pana\/Pani sprzeciw wobec IND zostanie odrzucony, ma Pan\/Pani mo\u017cliwo\u015b\u0107 podj\u0119cia dalszych krok\u00f3w prawnych w s\u0105dzie. Jest to formalna procedura s\u0105dowa, w ramach kt\u00f3rej Pana\/Pani sprawa zostanie ponownie rozpatrzona przez s\u0105d.<\/li><\/ul><p>Kr\u00f3tko m\u00f3wi\u0105c, procedura na\u0142o\u017cenia zakazu wjazdu do Holandii jest z\u0142o\u017conym i wymagaj\u0105cym prawnie procesem. Zdecydowanie zaleca si\u0119 skorzystanie z pomocy do\u015bwiadczonego prawnika w dowolnym momencie tej procedury, aby chroni\u0107 swoje interesy i zwi\u0119kszy\u0107 swoje szanse na pozytywny wynik.<\/p>\t\t\t\t\t\t\t\t<\/div>\n\t\t\t\t<\/div>\n\t\t\t\t<div class=\"elementor-element elementor-element-1e1b6c6 elementor-widget elementor-widget-spacer\" data-id=\"1e1b6c6\" data-element_type=\"widget\" data-e-type=\"widget\" data-widget_type=\"spacer.default\">\n\t\t\t\t<div class=\"elementor-widget-container\">\n\t\t\t\t\t\t\t<div class=\"elementor-spacer\">\n\t\t\t<div class=\"elementor-spacer-inner\"><\/div>\n\t\t<\/div>\n\t\t\t\t\t\t<\/div>\n\t\t\t\t<\/div>\n\t\t\t\t<div class=\"elementor-element elementor-element-ff7cd66 elementor-widget elementor-widget-heading\" data-id=\"ff7cd66\" data-element_type=\"widget\" data-e-type=\"widget\" data-widget_type=\"heading.default\">\n\t\t\t\t<div class=\"elementor-widget-container\">\n\t\t\t\t\t<h3 class=\"elementor-heading-title elementor-size-default\">Prawnik zajmuj\u0105cy si\u0119 zakazem wjazdu\n<\/h3>\t\t\t\t<\/div>\n\t\t\t\t<\/div>\n\t\t\t\t<div class=\"elementor-element elementor-element-961e274 color-scheme-inherit text-left elementor-widget elementor-widget-text-editor\" data-id=\"961e274\" data-element_type=\"widget\" data-e-type=\"widget\" data-widget_type=\"text-editor.default\">\n\t\t\t\t<div class=\"elementor-widget-container\">\n\t\t\t\t\t\t\t\t\t<p>Je\u015bli grozi Panu\/Pani zakaz wjazdu i chce Pan\/Pani ponownie podr\u00f3\u017cowa\u0107 do Holandii, bardzo wa\u017cne jest podj\u0119cie dzia\u0142a\u0144 prawnych. Mog\u0105 Pa\u0144stwo skontaktowa\u0107 si\u0119 z jednym z <a href=\"https:\/\/www.derbedrosian.nl\/pl\/prawnicy-2\/\">nasi prawnicy<\/a> kancelarii prawnej Derbedrosian za fachowe doradztwo i pomoc.<\/p><p>Gdy skontaktuj\u0105 si\u0119 Pa\u0144stwo z nami, po\u0142\u0105czymy Pa\u0144stwa z prawnikiem specjalizuj\u0105cym si\u0119 w <a href=\"https:\/\/www.derbedrosian.nl\/pl\/jurysdykcje\/prawo-imigracyjne\/\">prawo imigracyjne.<\/a><\/p>\t\t\t\t\t\t\t\t<\/div>\n\t\t\t\t<\/div>\n\t\t\t\t\t<\/div>\n\t\t\t\t<\/div>\n\t\t\t\t<\/div>","protected":false},"excerpt":{"rendered":"<p>Zniesienie zakazu wjazdu Holandia zakaz wjazdu Schengen Urz\u0105d ds. Imigracji i Naturalizacji IND Procedura zakazu wjazdu prawo imigracyjne adwokat Enschede prawo imigracyjne adwokat Overijssel prawo imigracyjne Enschede prawo imigracyjne<\/p>","protected":false},"author":1,"featured_media":0,"parent":10627,"menu_order":0,"comment_status":"closed","ping_status":"closed","template":"","meta":{"footnotes":""},"class_list":["post-10644","page","type-page","status-publish","hentry"],"_links":{"self":[{"href":"https:\/\/www.derbedrosian.nl\/pl\/wp-json\/wp\/v2\/pages\/10644","targetHints":{"allow":["GET"]}}],"collection":[{"href":"https:\/\/www.derbedrosian.nl\/pl\/wp-json\/wp\/v2\/pages"}],"about":[{"href":"https:\/\/www.derbedrosian.nl\/pl\/wp-json\/wp\/v2\/types\/page"}],"author":[{"embeddable":true,"href":"https:\/\/www.derbedrosian.nl\/pl\/wp-json\/wp\/v2\/users\/1"}],"replies":[{"embeddable":true,"href":"https:\/\/www.derbedrosian.nl\/pl\/wp-json\/wp\/v2\/comments?post=10644"}],"version-history":[{"count":0,"href":"https:\/\/www.derbedrosian.nl\/pl\/wp-json\/wp\/v2\/pages\/10644\/revisions"}],"up":[{"embeddable":true,"href":"https:\/\/www.derbedrosian.nl\/pl\/wp-json\/wp\/v2\/pages\/10627"}],"wp:attachment":[{"href":"https:\/\/www.derbedrosian.nl\/pl\/wp-json\/wp\/v2\/media?parent=10644"}],"curies":[{"name":"wp","href":"https:\/\/api.w.org\/{rel}","templated":true}]}}