{"id":10636,"date":"2023-05-26T13:08:55","date_gmt":"2023-05-26T11:08:55","guid":{"rendered":"https:\/\/derbedrosian.nl\/?page_id=10636"},"modified":"2025-12-21T15:48:57","modified_gmt":"2025-12-21T13:48:57","slug":"laczenie-rodzin-2","status":"publish","type":"page","link":"https:\/\/www.derbedrosian.nl\/pl\/rechtsgebieden\/vreemdelingenrecht\/gezinshereniging\/","title":{"rendered":"\u0141\u0105czenie rodzin"},"content":{"rendered":"<div data-elementor-type=\"wp-page\" data-elementor-id=\"10636\" class=\"elementor elementor-10636\" data-elementor-post-type=\"page\">\n\t\t\t\t<div class=\"wd-negative-gap elementor-element elementor-element-2ba4c6b e-flex e-con-boxed e-con e-parent\" data-id=\"2ba4c6b\" data-element_type=\"container\" data-e-type=\"container\">\n\t\t\t\t\t<div class=\"e-con-inner\">\n\t\t\t\t<div class=\"elementor-element elementor-element-c548197 elementor-hidden-desktop elementor-hidden-tablet elementor-hidden-mobile elementor-widget elementor-widget-wd_image_or_svg\" data-id=\"c548197\" data-element_type=\"widget\" data-e-type=\"widget\" id=\"seo-word\" data-widget_type=\"wd_image_or_svg.default\">\n\t\t\t\t<div class=\"elementor-widget-container\">\n\t\t\t\t\t\n\t\t<div class=\"wd-image text-left\">\n\t\t\t\t\t\t\t\t<img loading=\"lazy\" decoding=\"async\" width=\"1000\" height=\"667\" src=\"https:\/\/www.derbedrosian.nl\/wp-content\/uploads\/rechtsgebieden-gezinshereniging.jpg\" class=\"attachment-full size-full\" alt=\"\u0141\u0105czenie rodzin prawnik Holandia warunki procedury co to jest \u0142\u0105czenie rodzin obywatel kraju trzeciego\" srcset=\"https:\/\/www.derbedrosian.nl\/wp-content\/uploads\/rechtsgebieden-gezinshereniging.jpg 1000w, https:\/\/www.derbedrosian.nl\/wp-content\/uploads\/rechtsgebieden-gezinshereniging-400x267.jpg 400w, https:\/\/www.derbedrosian.nl\/wp-content\/uploads\/rechtsgebieden-gezinshereniging-768x512.jpg 768w\" sizes=\"auto, (max-width: 1000px) 100vw, 1000px\" title=\"\">\t\t\t\t\t<\/div>\n\n\t\t\t\t\t\t<\/div>\n\t\t\t\t<\/div>\n\t\t\t\t<div class=\"elementor-element elementor-element-5af6620 elementor-hidden-desktop elementor-hidden-tablet elementor-hidden-mobile elementor-widget elementor-widget-heading\" data-id=\"5af6620\" data-element_type=\"widget\" data-e-type=\"widget\" id=\"seo-word\" data-widget_type=\"heading.default\">\n\t\t\t\t<div class=\"elementor-widget-container\">\n\t\t\t\t\t<h2 class=\"elementor-heading-title elementor-size-default\">\u0141\u0105czenie rodzin Holandia<\/h2>\t\t\t\t<\/div>\n\t\t\t\t<\/div>\n\t\t\t\t<div class=\"elementor-element elementor-element-4b820c4 elementor-hidden-desktop elementor-hidden-tablet elementor-hidden-mobile elementor-widget elementor-widget-heading\" data-id=\"4b820c4\" data-element_type=\"widget\" data-e-type=\"widget\" id=\"seo-word\" data-widget_type=\"heading.default\">\n\t\t\t\t<div class=\"elementor-widget-container\">\n\t\t\t\t\t<h5 class=\"elementor-heading-title elementor-size-default\">warunki \u0142\u0105czenia rodzin<\/h5>\t\t\t\t<\/div>\n\t\t\t\t<\/div>\n\t\t\t\t<div class=\"elementor-element elementor-element-3fd1260 elementor-hidden-desktop elementor-hidden-tablet elementor-hidden-mobile elementor-widget elementor-widget-heading\" data-id=\"3fd1260\" data-element_type=\"widget\" data-e-type=\"widget\" id=\"seo-word\" data-widget_type=\"heading.default\">\n\t\t\t\t<div class=\"elementor-widget-container\">\n\t\t\t\t\t<h5 class=\"elementor-heading-title elementor-size-default\">prawnik zajmuj\u0105cy si\u0119 \u0142\u0105czeniem rodzin<\/h5>\t\t\t\t<\/div>\n\t\t\t\t<\/div>\n\t\t\t\t<div class=\"elementor-element elementor-element-fb1502d elementor-hidden-desktop elementor-hidden-tablet elementor-hidden-mobile elementor-widget elementor-widget-heading\" data-id=\"fb1502d\" data-element_type=\"widget\" data-e-type=\"widget\" id=\"seo-word\" data-widget_type=\"heading.default\">\n\t\t\t\t<div class=\"elementor-widget-container\">\n\t\t\t\t\t<h5 class=\"elementor-heading-title elementor-size-default\">procedura \u0142\u0105czenia rodzin<\/h5>\t\t\t\t<\/div>\n\t\t\t\t<\/div>\n\t\t\t\t<div class=\"elementor-element elementor-element-360581d elementor-hidden-desktop elementor-hidden-tablet elementor-hidden-mobile elementor-widget elementor-widget-heading\" data-id=\"360581d\" data-element_type=\"widget\" data-e-type=\"widget\" id=\"seo-word\" data-widget_type=\"heading.default\">\n\t\t\t\t<div class=\"elementor-widget-container\">\n\t\t\t\t\t<h5 class=\"elementor-heading-title elementor-size-default\">warunki \u0142\u0105czenia rodzin<\/h5>\t\t\t\t<\/div>\n\t\t\t\t<\/div>\n\t\t\t\t<div class=\"elementor-element elementor-element-ca080ee elementor-hidden-desktop elementor-hidden-tablet elementor-hidden-mobile elementor-widget elementor-widget-heading\" data-id=\"ca080ee\" data-element_type=\"widget\" data-e-type=\"widget\" id=\"seo-word\" data-widget_type=\"heading.default\">\n\t\t\t\t<div class=\"elementor-widget-container\">\n\t\t\t\t\t<h5 class=\"elementor-heading-title elementor-size-default\">\u0142\u0105czenie rodziny z obywatelem pa\u0144stwa trzeciego<\/h5>\t\t\t\t<\/div>\n\t\t\t\t<\/div>\n\t\t\t\t<div class=\"elementor-element elementor-element-73ec6b2 elementor-hidden-desktop elementor-hidden-tablet elementor-hidden-mobile elementor-widget elementor-widget-heading\" data-id=\"73ec6b2\" data-element_type=\"widget\" data-e-type=\"widget\" id=\"seo-word\" data-widget_type=\"heading.default\">\n\t\t\t\t<div class=\"elementor-widget-container\">\n\t\t\t\t\t<h5 class=\"elementor-heading-title elementor-size-default\">prawo imigracyjne adwokat enschede<\/h5>\t\t\t\t<\/div>\n\t\t\t\t<\/div>\n\t\t\t\t<div class=\"elementor-element elementor-element-fe938b1 elementor-hidden-desktop elementor-hidden-tablet elementor-hidden-mobile elementor-widget elementor-widget-heading\" data-id=\"fe938b1\" data-element_type=\"widget\" data-e-type=\"widget\" id=\"seo-word\" data-widget_type=\"heading.default\">\n\t\t\t\t<div class=\"elementor-widget-container\">\n\t\t\t\t\t<h5 class=\"elementor-heading-title elementor-size-default\">prawo imigracyjne adwokat overijssel<\/h5>\t\t\t\t<\/div>\n\t\t\t\t<\/div>\n\t\t\t\t<div class=\"elementor-element elementor-element-f8efdee elementor-hidden-desktop elementor-hidden-tablet elementor-hidden-mobile elementor-widget elementor-widget-heading\" data-id=\"f8efdee\" data-element_type=\"widget\" data-e-type=\"widget\" id=\"seo-word\" data-widget_type=\"heading.default\">\n\t\t\t\t<div class=\"elementor-widget-container\">\n\t\t\t\t\t<h5 class=\"elementor-heading-title elementor-size-default\">prawo cudzoziemc\u00f3w enschede<\/h5>\t\t\t\t<\/div>\n\t\t\t\t<\/div>\n\t\t\t\t<div class=\"elementor-element elementor-element-f3ed3b4 elementor-hidden-desktop elementor-hidden-tablet elementor-hidden-mobile elementor-widget elementor-widget-heading\" data-id=\"f3ed3b4\" data-element_type=\"widget\" data-e-type=\"widget\" id=\"seo-word\" data-widget_type=\"heading.default\">\n\t\t\t\t<div class=\"elementor-widget-container\">\n\t\t\t\t\t<h5 class=\"elementor-heading-title elementor-size-default\">prawo imigracyjne adwokat enschede<\/h5>\t\t\t\t<\/div>\n\t\t\t\t<\/div>\n\t\t\t\t<div class=\"elementor-element elementor-element-a2ef326 elementor-hidden-desktop elementor-hidden-tablet elementor-hidden-mobile elementor-widget elementor-widget-heading\" data-id=\"a2ef326\" data-element_type=\"widget\" data-e-type=\"widget\" id=\"seo-word\" data-widget_type=\"heading.default\">\n\t\t\t\t<div class=\"elementor-widget-container\">\n\t\t\t\t\t<h5 class=\"elementor-heading-title elementor-size-default\">prawo do \u0142\u0105czenia rodzin zapewnia post\u0119p, a teraz prawa do spadku<\/h5>\t\t\t\t<\/div>\n\t\t\t\t<\/div>\n\t\t\t\t<div class=\"elementor-element elementor-element-a1380fe elementor-hidden-desktop elementor-hidden-tablet elementor-hidden-mobile elementor-widget elementor-widget-heading\" data-id=\"a1380fe\" data-element_type=\"widget\" data-e-type=\"widget\" id=\"seo-word\" data-widget_type=\"heading.default\">\n\t\t\t\t<div class=\"elementor-widget-container\">\n\t\t\t\t\t<h5 class=\"elementor-heading-title elementor-size-default\">W Enschede i Overijssel mog\u0105 Pa\u0144stwo polega\u0107 na wyspecjalizowanych prawnikach imigracyjnych z kancelarii Derbedrosian Immigration Lawyers. Nasi prawnicy w Enschede maj\u0105 bogate do\u015bwiadczenie w sprawach z zakresu prawa imigracyjnego, w tym \u0142\u0105czenia rodzin.\n\n\u0141\u0105czenie rodzin to wa\u017cny proces prawny, w ramach kt\u00f3rego obywatel kraju trzeciego lub osoba spoza Unii Europejskiej chce po\u0142\u0105czy\u0107 swoj\u0105 rodzin\u0119 w Holandii. Istniej\u0105 okre\u015blone warunki i procedury, kt\u00f3rych nale\u017cy przestrzega\u0107, aby zakwalifikowa\u0107 si\u0119 do \u0142\u0105czenia rodzin.\n\nPrawo do \u0142\u0105czenia rodzin jest istotnym aspektem prawa imigracyjnego i wspiera i chroni prawa os\u00f3b, kt\u00f3re chc\u0105 po\u0142\u0105czy\u0107 si\u0119 ze swoimi bliskimi w Holandii.\n\nNasi prawnicy imigracyjni w Enschede s\u0105 dost\u0119pni, aby doradza\u0107 i reprezentowa\u0107 Pa\u0144stwa interesy w sprawach dotycz\u0105cych \u0142\u0105czenia rodzin z obywatelami pa\u0144stw trzecich. Rozumiemy z\u0142o\u017cono\u015b\u0107 tych post\u0119powa\u0144 i pomo\u017cemy Pa\u0144stwu zapewni\u0107 poszanowanie Pa\u0144stwa praw w d\u0105\u017ceniu do po\u0142\u0105czenia rodziny.\n\nJe\u015bli potrzebuj\u0105 Pa\u0144stwo pomocy prawnej w sprawach dotycz\u0105cych \u0142\u0105czenia rodzin lub innych kwestii zwi\u0105zanych z prawem imigracyjnym, prosimy o kontakt z kancelari\u0105 Derbedrosian Immigration Lawyers. Jeste\u015bmy tutaj, aby Pa\u0144stwu pom\u00f3c i zaj\u0105\u0107 si\u0119 Pa\u0144stwa spraw\u0105 oraz przyczyni\u0107 si\u0119 do poprawy Pa\u0144stwa sytuacji.<\/h5>\t\t\t\t<\/div>\n\t\t\t\t<\/div>\n\t\t\t\t<div class=\"elementor-element elementor-element-6752b3f color-scheme-inherit text-left elementor-widget elementor-widget-text-editor\" data-id=\"6752b3f\" data-element_type=\"widget\" data-e-type=\"widget\" data-widget_type=\"text-editor.default\">\n\t\t\t\t<div class=\"elementor-widget-container\">\n\t\t\t\t\t\t\t\t\t<p><strong>\u0141\u0105czenie rodzin jest kluczem do po\u0142\u0105czenia Pa\u0144stwa rodziny i rozpocz\u0119cia nowego \u017cycia w Holandii. Je\u015bli chc\u0105 Pa\u0144stwo spe\u0142ni\u0107 to marzenie, pierwszym krokiem jest z\u0142o\u017cenie wniosku o wiz\u0119. Zawsze zaleca si\u0119 skorzystanie z pomocy do\u015bwiadczonego prawnika w procesie \u0142\u0105czenia rodzin.<\/strong><\/p>\t\t\t\t\t\t\t\t<\/div>\n\t\t\t\t<\/div>\n\t\t\t\t<div class=\"elementor-element elementor-element-95c2092 elementor-widget elementor-widget-spacer\" data-id=\"95c2092\" data-element_type=\"widget\" data-e-type=\"widget\" data-widget_type=\"spacer.default\">\n\t\t\t\t<div class=\"elementor-widget-container\">\n\t\t\t\t\t\t\t<div class=\"elementor-spacer\">\n\t\t\t<div class=\"elementor-spacer-inner\"><\/div>\n\t\t<\/div>\n\t\t\t\t\t\t<\/div>\n\t\t\t\t<\/div>\n\t\t\t\t<div class=\"elementor-element elementor-element-9ae613f elementor-widget elementor-widget-heading\" data-id=\"9ae613f\" data-element_type=\"widget\" data-e-type=\"widget\" data-widget_type=\"heading.default\">\n\t\t\t\t<div class=\"elementor-widget-container\">\n\t\t\t\t\t<h3 class=\"elementor-heading-title elementor-size-default\">Czym jest \u0142\u0105czenie rodzin?<\/h3>\t\t\t\t<\/div>\n\t\t\t\t<\/div>\n\t\t\t\t<div class=\"elementor-element elementor-element-3a204cd color-scheme-inherit text-left elementor-widget elementor-widget-text-editor\" data-id=\"3a204cd\" data-element_type=\"widget\" data-e-type=\"widget\" data-widget_type=\"text-editor.default\">\n\t\t\t\t<div class=\"elementor-widget-container\">\n\t\t\t\t\t\t\t\t\t<p>\u0141\u0105czenie rodzin to proces, kt\u00f3ry dotyka zar\u00f3wno praktycznych, jak i emocjonalnych aspekt\u00f3w \u017cycia ludzi i podkre\u015bla silne wi\u0119zi \u0142\u0105cz\u0105ce rodziny. \u0141\u0105czenie rodzin oznacza po prostu, \u017ce dana osoba ubiega si\u0119 o zezwolenie na pobyt, aby po\u0142\u0105czy\u0107 si\u0119 z ukochan\u0105 osob\u0105 lub dzie\u0107mi w Holandii w celu budowania wsp\u00f3lnej przysz\u0142o\u015bci.\u00a0<\/p><p>Proces ten zapewnia mo\u017cliwo\u015b\u0107 ponownego po\u0142\u0105czenia rodzin, kt\u00f3re zosta\u0142y rozdzielone z r\u00f3\u017cnych powod\u00f3w. D\u0105\u017cenie do \u0142\u0105czenia rodzin cz\u0119sto wynika z ch\u0119ci wsp\u00f3lnego \u017cycia, wzajemnej opieki i budowania nowego \u017cycia w nowej ojczy\u017anie.<\/p>\t\t\t\t\t\t\t\t<\/div>\n\t\t\t\t<\/div>\n\t\t\t\t<div class=\"elementor-element elementor-element-aec1924 elementor-widget elementor-widget-spacer\" data-id=\"aec1924\" data-element_type=\"widget\" data-e-type=\"widget\" data-widget_type=\"spacer.default\">\n\t\t\t\t<div class=\"elementor-widget-container\">\n\t\t\t\t\t\t\t<div class=\"elementor-spacer\">\n\t\t\t<div class=\"elementor-spacer-inner\"><\/div>\n\t\t<\/div>\n\t\t\t\t\t\t<\/div>\n\t\t\t\t<\/div>\n\t\t\t\t<div class=\"elementor-element elementor-element-6a50ad3 elementor-widget elementor-widget-heading\" data-id=\"6a50ad3\" data-element_type=\"widget\" data-e-type=\"widget\" data-widget_type=\"heading.default\">\n\t\t\t\t<div class=\"elementor-widget-container\">\n\t\t\t\t\t<h3 class=\"elementor-heading-title elementor-size-default\">Warunki \u0142\u0105czenia rodzin<\/h3>\t\t\t\t<\/div>\n\t\t\t\t<\/div>\n\t\t\t\t<div class=\"elementor-element elementor-element-57f280d color-scheme-inherit text-left elementor-widget elementor-widget-text-editor\" data-id=\"57f280d\" data-element_type=\"widget\" data-e-type=\"widget\" data-widget_type=\"text-editor.default\">\n\t\t\t\t<div class=\"elementor-widget-container\">\n\t\t\t\t\t\t\t\t\t<p>Aby kwalifikowa\u0107 si\u0119 do \u0142\u0105czenia rodzin, musz\u0105 by\u0107 spe\u0142nione nast\u0119puj\u0105ce warunki:<\/p><ul><li><strong>Wiek:<\/strong>\u00a0Partnerzy i ma\u0142\u017conkowie musz\u0105 mie\u0107 uko\u0144czone 21 lat w momencie podejmowania decyzji o \u0142\u0105czeniu rodzin. Dzieci musz\u0105 by\u0107 niepe\u0142noletnie w momencie sk\u0142adania wniosku, chocia\u017c w niekt\u00f3rych przypadkach nasi prawnicy mog\u0105 udzieli\u0107 porady w kwestiach zwi\u0105zanych z wiekiem.<\/li><li><strong>Zwi\u0105zek:<\/strong>\u00a0W przypadku par ma\u0142\u017ce\u0144skich ma\u0142\u017ce\u0144stwo musi by\u0107 potwierdzone wa\u017cnym aktem ma\u0142\u017ce\u0144stwa. Partnerzy stanu wolnego musz\u0105 udowodni\u0107, \u017ce pozostaj\u0105 w powa\u017cnym i trwa\u0142ym zwi\u0105zku podobnym do ma\u0142\u017ce\u0144stwa.<\/li><li><strong>Stosunki rodzinne: <\/strong>W przypadku \u0142\u0105czenia rodzin z ma\u0142oletnimi dzie\u0107mi, dzieci te musz\u0105 pozostawa\u0107 w stosunku rodzinnym z g\u0142\u00f3wnym wnioskodawc\u0105.<\/li><li><strong>Integracja:<\/strong>\u00a0Zazwyczaj przed przyjazdem do Holandii nale\u017cy zda\u0107 egzamin integracyjny za granic\u0105.<\/li><li><strong>Doch\u00f3d:<\/strong>\u00a0g\u0142\u00f3wny wnioskodawca w Holandii musi spe\u0142nia\u0107 wymogi dochodowe, w tym minimalny doch\u00f3d dost\u0119pny przez rok.<\/li><li><strong>Oficjalne dokumenty:<\/strong>\u00a0zagraniczne dokumenty musz\u0105 by\u0107 przet\u0142umaczone, zalegalizowane lub opatrzone piecz\u0119ci\u0105 apostille.<\/li><\/ul>\t\t\t\t\t\t\t\t<\/div>\n\t\t\t\t<\/div>\n\t\t\t\t<div class=\"elementor-element elementor-element-b4f4264 elementor-widget elementor-widget-spacer\" data-id=\"b4f4264\" data-element_type=\"widget\" data-e-type=\"widget\" data-widget_type=\"spacer.default\">\n\t\t\t\t<div class=\"elementor-widget-container\">\n\t\t\t\t\t\t\t<div class=\"elementor-spacer\">\n\t\t\t<div class=\"elementor-spacer-inner\"><\/div>\n\t\t<\/div>\n\t\t\t\t\t\t<\/div>\n\t\t\t\t<\/div>\n\t\t\t\t<div class=\"elementor-element elementor-element-6272c51 elementor-widget elementor-widget-heading\" data-id=\"6272c51\" data-element_type=\"widget\" data-e-type=\"widget\" data-widget_type=\"heading.default\">\n\t\t\t\t<div class=\"elementor-widget-container\">\n\t\t\t\t\t<h3 class=\"elementor-heading-title elementor-size-default\">Procedura \u0142\u0105czenia rodzin <\/h3>\t\t\t\t<\/div>\n\t\t\t\t<\/div>\n\t\t\t\t<div class=\"elementor-element elementor-element-5c88c35 color-scheme-inherit text-left elementor-widget elementor-widget-text-editor\" data-id=\"5c88c35\" data-element_type=\"widget\" data-e-type=\"widget\" data-widget_type=\"text-editor.default\">\n\t\t\t\t<div class=\"elementor-widget-container\">\n\t\t\t\t\t\t\t\t\t<p>Proces ten przebiega w nast\u0119puj\u0105cych czterech krokach, kt\u00f3re wymienili\u015bmy poni\u017cej.<\/p><ul><li><strong>Wniosek wizowy:<\/strong> Na pierwszym etapie osoba, kt\u00f3ra przebywa w Holandii i chce po\u0142\u0105czy\u0107 cz\u0142onk\u00f3w swojej rodziny, sk\u0142ada wniosek wizowy do w\u0142adz holenderskich. Wnioskodawca musi wskaza\u0107, \u017ce chce sprowadzi\u0107 cz\u0142onk\u00f3w rodziny i pow\u00f3d po\u0142\u0105czenia.<\/li><li><strong>Dow\u00f3d pokrewie\u0144stwa:<\/strong> Na tym etapie wnioskodawcy musz\u0105 udowodni\u0107, \u017ce mi\u0119dzy nimi a cz\u0142onkami rodziny, kt\u00f3rych chc\u0105 po\u0142\u0105czy\u0107, faktycznie istnieje wi\u0119\u017a rodzinna. Dowody te mog\u0105 si\u0119 r\u00f3\u017cni\u0107 w zale\u017cno\u015bci od charakteru relacji rodzinnych, takich jak akty ma\u0142\u017ce\u0144stwa, akty urodzenia dzieci lub dowody trwa\u0142ego i wy\u0142\u0105cznego zwi\u0105zku w przypadku partner\u00f3w stanu wolnego.<\/li><li><strong>Prosz\u0119 odebra\u0107 wiz\u0119 w ambasadzie holenderskiej:<\/strong>\u00a0Po zatwierdzeniu wniosku wizowego cz\u0142onkowie rodziny musz\u0105 odebra\u0107 wiz\u0119 w holenderskiej ambasadzie lub konsulacie w swoim kraju. Wiza ta umo\u017cliwia im podr\u00f3\u017c do Holandii w celu po\u0142\u0105czenia rodziny.<\/li><li><strong>Uzyskanie zezwolenia na pobyt:<\/strong>\u00a0Po przybyciu do Holandii cz\u0142onkowie rodziny musz\u0105 z\u0142o\u017cy\u0107 wniosek do Urz\u0119du Imigracji i Naturalizacji (IND) o zezwolenie na pobyt w celu po\u0142\u0105czenia rodziny. Wniosek ten ma na celu udzielenie im pozwolenia na pobyt w Holandii przez d\u0142u\u017cszy okres czasu. Na tym etapie oceniane s\u0105 warunki krajowe i europejskie przepisy dotycz\u0105ce \u0142\u0105czenia rodzin, a g\u0142\u00f3wny wnioskodawca musi udowodni\u0107, \u017ce spe\u0142nia wszystkie wymagania.<\/li><\/ul>\t\t\t\t\t\t\t\t<\/div>\n\t\t\t\t<\/div>\n\t\t\t\t<div class=\"elementor-element elementor-element-544b427 elementor-widget elementor-widget-spacer\" data-id=\"544b427\" data-element_type=\"widget\" data-e-type=\"widget\" data-widget_type=\"spacer.default\">\n\t\t\t\t<div class=\"elementor-widget-container\">\n\t\t\t\t\t\t\t<div class=\"elementor-spacer\">\n\t\t\t<div class=\"elementor-spacer-inner\"><\/div>\n\t\t<\/div>\n\t\t\t\t\t\t<\/div>\n\t\t\t\t<\/div>\n\t\t\t\t<div class=\"elementor-element elementor-element-74c7229 elementor-widget elementor-widget-heading\" data-id=\"74c7229\" data-element_type=\"widget\" data-e-type=\"widget\" data-widget_type=\"heading.default\">\n\t\t\t\t<div class=\"elementor-widget-container\">\n\t\t\t\t\t<h3 class=\"elementor-heading-title elementor-size-default\">Czy cz\u0142onkowie rodziny, kt\u00f3rzy uzyskali prawo do \u0142\u0105czenia rodzin, mog\u0105 zosta\u0107 p\u00f3\u017aniej deportowani?<\/h3>\t\t\t\t<\/div>\n\t\t\t\t<\/div>\n\t\t\t\t<div class=\"elementor-element elementor-element-a006987 color-scheme-inherit text-left elementor-widget elementor-widget-text-editor\" data-id=\"a006987\" data-element_type=\"widget\" data-e-type=\"widget\" data-widget_type=\"text-editor.default\">\n\t\t\t\t<div class=\"elementor-widget-container\">\n\t\t\t\t\t\t\t\t\t<p>Tak, jest to mo\u017cliwe w niekt\u00f3rych przypadkach. Chocia\u017c \u0142\u0105czenie rodzin jest procedur\u0105, cz\u0142onkowie rodziny nadal mog\u0105 zosta\u0107 deportowani do kraju pochodzenia.<\/p><p>Mo\u017ce si\u0119 to zdarzy\u0107 z nast\u0119puj\u0105cych powod\u00f3w:<\/p><ul><li><strong>Powa\u017cna dzia\u0142alno\u015b\u0107 przest\u0119pcza:<\/strong> Je\u015bli cz\u0142onek rodziny zostanie skazany za powa\u017cne przest\u0119pstwa, takie jak przemoc, handel narkotykami lub terroryzm, mo\u017ce to prowadzi\u0107 do deportacji, nawet je\u015bli wcze\u015bniej uzyska\u0142 prawo do \u0142\u0105czenia rodzin.<\/li><li><strong>Naruszenie warunk\u00f3w pobytu:<\/strong> Cz\u0142onkowie rodziny musz\u0105 przestrzega\u0107 warunk\u00f3w pobytu w kraju przyjmuj\u0105cym. Je\u015bli narusz\u0105 te warunki, na przyk\u0142ad pracuj\u0105c bez odpowiednich zezwole\u0144 lub opuszczaj\u0105c kraj na d\u0142u\u017cszy czas bez wa\u017cnego powodu, mog\u0105 utraci\u0107 status rezydenta.<\/li><li><strong>Bezpiecze\u0144stwo narodowe:<\/strong> je\u015bli istniej\u0105 dowody na to, \u017ce cz\u0142onek rodziny stanowi zagro\u017cenie dla bezpiecze\u0144stwa narodowego kraju przyjmuj\u0105cego, mo\u017ce to prowadzi\u0107 do deportacji.<\/li><li><strong>Oszustwa w procesie \u0142\u0105czenia rodzin:<\/strong> Je\u015bli oka\u017ce si\u0119, \u017ce podczas procesu \u0142\u0105czenia rodzin pope\u0142niono oszustwo, na przyk\u0142ad poprzez dostarczenie fa\u0142szywych dokument\u00f3w lub zawarcie fa\u0142szywego ma\u0142\u017ce\u0144stwa, mo\u017ce to skutkowa\u0107 cofni\u0119ciem statusu rezydenta i deportacj\u0105.<\/li><\/ul><p>Wa\u017cne jest, aby pami\u0119ta\u0107, \u017ce deportacja nast\u0119puje dopiero po odpowiednim rozpatrzeniu i przestrzeganiu zasad prawnych. Cz\u0142onkowie rodziny maj\u0105 prawo sprzeciwi\u0107 si\u0119 deportacji. Dok\u0142adny spos\u00f3b deportacji i jej przyczyny r\u00f3\u017cni\u0105 si\u0119 w zale\u017cno\u015bci od kraju i przepis\u00f3w. Je\u015bli istnieje zagro\u017cenie deportacj\u0105, rozs\u0105dnie jest jak najszybciej z\u0142o\u017cy\u0107 odwo\u0142anie <a href=\"https:\/\/www.derbedrosian.nl\/pl\/kontakt\/\">kontakt<\/a> z naszymi prawnikami, kt\u00f3rzy sprawdz\u0105, jakie kroki mo\u017cna podj\u0105\u0107, aby chroni\u0107 Pa\u0144stwa i cz\u0142onk\u00f3w Pa\u0144stwa rodziny.<\/p>\t\t\t\t\t\t\t\t<\/div>\n\t\t\t\t<\/div>\n\t\t\t\t<div class=\"elementor-element elementor-element-8c1263b elementor-widget elementor-widget-spacer\" data-id=\"8c1263b\" data-element_type=\"widget\" data-e-type=\"widget\" data-widget_type=\"spacer.default\">\n\t\t\t\t<div class=\"elementor-widget-container\">\n\t\t\t\t\t\t\t<div class=\"elementor-spacer\">\n\t\t\t<div class=\"elementor-spacer-inner\"><\/div>\n\t\t<\/div>\n\t\t\t\t\t\t<\/div>\n\t\t\t\t<\/div>\n\t\t\t\t<div class=\"elementor-element elementor-element-7431784 elementor-widget elementor-widget-heading\" data-id=\"7431784\" data-element_type=\"widget\" data-e-type=\"widget\" data-widget_type=\"heading.default\">\n\t\t\t\t<div class=\"elementor-widget-container\">\n\t\t\t\t\t<h3 class=\"elementor-heading-title elementor-size-default\">Prawnik ds. \u0142\u0105czenia rodzin<\/h3>\t\t\t\t<\/div>\n\t\t\t\t<\/div>\n\t\t\t\t<div class=\"elementor-element elementor-element-659509d color-scheme-inherit text-left elementor-widget elementor-widget-text-editor\" data-id=\"659509d\" data-element_type=\"widget\" data-e-type=\"widget\" data-widget_type=\"text-editor.default\">\n\t\t\t\t<div class=\"elementor-widget-container\">\n\t\t\t\t\t\t\t\t\t<p>Prawnicy imigracyjni z Der Bedrosian Law Firm s\u0105 ekspertami w dziedzinie pozwole\u0144 na pobyt i s\u0105 gotowi Pa\u0144stwu pom\u00f3c.<\/p><p>Kiedy skontaktuj\u0105 si\u0119 Pa\u0144stwo z jednym z<a href=\"https:\/\/www.derbedrosian.nl\/pl\/prawnicy-2\/\"> nasi prawnicy<\/a> kt\u00f3rzy specjalizuj\u0105 si\u0119 w <a href=\"https:\/\/www.derbedrosian.nl\/pl\/jurysdykcje\/prawo-imigracyjne\/\">prawo imigracyjne<\/a>B\u0119d\u0105 oni gotowi pom\u00f3c Pa\u0144stwu odpowiedzie\u0107 na pytania i w\u0105tpliwo\u015bci dotycz\u0105ce przysz\u0142o\u015bci Pa\u0144stwa lub Pa\u0144stwa bliskiej osoby.<\/p><p>Prosimy wi\u0119c skontaktowa\u0107 si\u0119 z nami, aby uzyska\u0107 bezp\u0142atn\u0105 porad\u0119 prawn\u0105<\/p>\t\t\t\t\t\t\t\t<\/div>\n\t\t\t\t<\/div>\n\t\t\t\t\t<\/div>\n\t\t\t\t<\/div>\n\t\t\t\t<\/div>","protected":false},"excerpt":{"rendered":"<p>\u0141\u0105czenie rodzin w Holandii warunki \u0142\u0105czenia rodzin adwokat ds. \u0142\u0105czenia rodzin procedura \u0142\u0105czenia rodzin \u0142\u0105czenie rodzin warunki \u0142\u0105czenia rodzin \u0142\u0105czenie rodzin z obywatelem pa\u0144stwa trzeciego prawo imigracyjne adwokat Ensched\u00e9 prawo imigracyjne adwokat Overijssel<\/p>","protected":false},"author":1,"featured_media":0,"parent":10627,"menu_order":0,"comment_status":"closed","ping_status":"closed","template":"","meta":{"footnotes":""},"class_list":["post-10636","page","type-page","status-publish","hentry"],"_links":{"self":[{"href":"https:\/\/www.derbedrosian.nl\/pl\/wp-json\/wp\/v2\/pages\/10636","targetHints":{"allow":["GET"]}}],"collection":[{"href":"https:\/\/www.derbedrosian.nl\/pl\/wp-json\/wp\/v2\/pages"}],"about":[{"href":"https:\/\/www.derbedrosian.nl\/pl\/wp-json\/wp\/v2\/types\/page"}],"author":[{"embeddable":true,"href":"https:\/\/www.derbedrosian.nl\/pl\/wp-json\/wp\/v2\/users\/1"}],"replies":[{"embeddable":true,"href":"https:\/\/www.derbedrosian.nl\/pl\/wp-json\/wp\/v2\/comments?post=10636"}],"version-history":[{"count":0,"href":"https:\/\/www.derbedrosian.nl\/pl\/wp-json\/wp\/v2\/pages\/10636\/revisions"}],"up":[{"embeddable":true,"href":"https:\/\/www.derbedrosian.nl\/pl\/wp-json\/wp\/v2\/pages\/10627"}],"wp:attachment":[{"href":"https:\/\/www.derbedrosian.nl\/pl\/wp-json\/wp\/v2\/media?parent=10636"}],"curies":[{"name":"wp","href":"https:\/\/api.w.org\/{rel}","templated":true}]}}