{"id":10617,"date":"2023-05-26T11:05:32","date_gmt":"2023-05-26T09:05:32","guid":{"rendered":"https:\/\/derbedrosian.nl\/?page_id=10617"},"modified":"2025-12-21T15:37:20","modified_gmt":"2025-12-21T13:37:20","slug":"ustawa-o-przekazaniu-wykonania-wyroku-karnego-wots","status":"publish","type":"page","link":"https:\/\/www.derbedrosian.nl\/pl\/rechtsgebieden\/strafrecht\/wet-overdracht-tenuitvoerlegging-strafvonnis-wots\/","title":{"rendered":"Ustawa o przekazywaniu wykonywania orzecze\u0144 karnych WOTS"},"content":{"rendered":"<div data-elementor-type=\"wp-page\" data-elementor-id=\"10617\" class=\"elementor elementor-10617\" data-elementor-post-type=\"page\">\n\t\t\t\t<div class=\"wd-negative-gap elementor-element elementor-element-e45b92a e-flex e-con-boxed e-con e-parent\" data-id=\"e45b92a\" data-element_type=\"container\" data-e-type=\"container\">\n\t\t\t\t\t<div class=\"e-con-inner\">\n\t\t\t\t<div class=\"elementor-element elementor-element-c4007e9 elementor-hidden-desktop elementor-hidden-tablet elementor-hidden-mobile elementor-widget elementor-widget-wd_image_or_svg\" data-id=\"c4007e9\" data-element_type=\"widget\" data-e-type=\"widget\" id=\"seo-word\" data-widget_type=\"wd_image_or_svg.default\">\n\t\t\t\t<div class=\"elementor-widget-container\">\n\t\t\t\t\t\n\t\t<div class=\"wd-image text-left\">\n\t\t\t\t\t\t\t\t<img loading=\"lazy\" decoding=\"async\" width=\"1000\" height=\"667\" src=\"https:\/\/www.derbedrosian.nl\/wp-content\/uploads\/rechtsgebied-wet-overdracht-tenuitvoerlegging-strafvonnis-wots.jpg\" class=\"attachment-full size-full\" alt=\"Ustawa o przekazywaniu wykonywania wyrok\u00f3w karnych WOTS prawnik wyrok policja\" srcset=\"https:\/\/www.derbedrosian.nl\/wp-content\/uploads\/rechtsgebied-wet-overdracht-tenuitvoerlegging-strafvonnis-wots.jpg 1000w, https:\/\/www.derbedrosian.nl\/wp-content\/uploads\/rechtsgebied-wet-overdracht-tenuitvoerlegging-strafvonnis-wots-400x267.jpg 400w, https:\/\/www.derbedrosian.nl\/wp-content\/uploads\/rechtsgebied-wet-overdracht-tenuitvoerlegging-strafvonnis-wots-768x512.jpg 768w\" sizes=\"auto, (max-width: 1000px) 100vw, 1000px\" title=\"\">\t\t\t\t\t<\/div>\n\n\t\t\t\t\t\t<\/div>\n\t\t\t\t<\/div>\n\t\t\t\t<div class=\"elementor-element elementor-element-5b489f5 elementor-hidden-desktop elementor-hidden-tablet elementor-hidden-mobile elementor-widget elementor-widget-heading\" data-id=\"5b489f5\" data-element_type=\"widget\" data-e-type=\"widget\" id=\"seo-word\" data-widget_type=\"heading.default\">\n\t\t\t\t<div class=\"elementor-widget-container\">\n\t\t\t\t\t<h2 class=\"elementor-heading-title elementor-size-default\">WOTS<\/h2>\t\t\t\t<\/div>\n\t\t\t\t<\/div>\n\t\t\t\t<div class=\"elementor-element elementor-element-45209de elementor-hidden-desktop elementor-hidden-tablet elementor-hidden-mobile elementor-widget elementor-widget-heading\" data-id=\"45209de\" data-element_type=\"widget\" data-e-type=\"widget\" id=\"seo-word\" data-widget_type=\"heading.default\">\n\t\t\t\t<div class=\"elementor-widget-container\">\n\t\t\t\t\t<h5 class=\"elementor-heading-title elementor-size-default\">WETS<\/h5>\t\t\t\t<\/div>\n\t\t\t\t<\/div>\n\t\t\t\t<div class=\"elementor-element elementor-element-d1cb32f elementor-hidden-desktop elementor-hidden-tablet elementor-hidden-mobile elementor-widget elementor-widget-heading\" data-id=\"d1cb32f\" data-element_type=\"widget\" data-e-type=\"widget\" id=\"seo-word\" data-widget_type=\"heading.default\">\n\t\t\t\t<div class=\"elementor-widget-container\">\n\t\t\t\t\t<h5 class=\"elementor-heading-title elementor-size-default\">Kara deportacji w Holandii<\/h5>\t\t\t\t<\/div>\n\t\t\t\t<\/div>\n\t\t\t\t<div class=\"elementor-element elementor-element-64c4abc elementor-hidden-desktop elementor-hidden-tablet elementor-hidden-mobile elementor-widget elementor-widget-heading\" data-id=\"64c4abc\" data-element_type=\"widget\" data-e-type=\"widget\" id=\"seo-word\" data-widget_type=\"heading.default\">\n\t\t\t\t<div class=\"elementor-widget-container\">\n\t\t\t\t\t<h5 class=\"elementor-heading-title elementor-size-default\">Prawnik WOTS <\/h5>\t\t\t\t<\/div>\n\t\t\t\t<\/div>\n\t\t\t\t<div class=\"elementor-element elementor-element-dea43dd elementor-hidden-desktop elementor-hidden-tablet elementor-hidden-mobile elementor-widget elementor-widget-heading\" data-id=\"dea43dd\" data-element_type=\"widget\" data-e-type=\"widget\" id=\"seo-word\" data-widget_type=\"heading.default\">\n\t\t\t\t<div class=\"elementor-widget-container\">\n\t\t\t\t\t<h5 class=\"elementor-heading-title elementor-size-default\">Prawnik WETS<\/h5>\t\t\t\t<\/div>\n\t\t\t\t<\/div>\n\t\t\t\t<div class=\"elementor-element elementor-element-347c889 elementor-hidden-desktop elementor-hidden-tablet elementor-hidden-mobile elementor-widget elementor-widget-heading\" data-id=\"347c889\" data-element_type=\"widget\" data-e-type=\"widget\" id=\"seo-word\" data-widget_type=\"heading.default\">\n\t\t\t\t<div class=\"elementor-widget-container\">\n\t\t\t\t\t<h5 class=\"elementor-heading-title elementor-size-default\">w ramach prawa ue dotycz\u0105cego przekazywania wykonywania wyrok\u00f3w karnych karta informacyjna dla holenderskich wi\u0119\u017ani\u00f3w przebywaj\u0105cych za granic\u0105<\/h5>\t\t\t\t<\/div>\n\t\t\t\t<\/div>\n\t\t\t\t<div class=\"elementor-element elementor-element-536775c elementor-hidden-desktop elementor-hidden-tablet elementor-hidden-mobile elementor-widget elementor-widget-heading\" data-id=\"536775c\" data-element_type=\"widget\" data-e-type=\"widget\" id=\"seo-word\" data-widget_type=\"heading.default\">\n\t\t\t\t<div class=\"elementor-widget-container\">\n\t\t\t\t\t<h5 class=\"elementor-heading-title elementor-size-default\">adwokat w sprawach karnych enschede<\/h5>\t\t\t\t<\/div>\n\t\t\t\t<\/div>\n\t\t\t\t<div class=\"elementor-element elementor-element-434f3f3 elementor-hidden-desktop elementor-hidden-tablet elementor-hidden-mobile elementor-widget elementor-widget-heading\" data-id=\"434f3f3\" data-element_type=\"widget\" data-e-type=\"widget\" id=\"seo-word\" data-widget_type=\"heading.default\">\n\t\t\t\t<div class=\"elementor-widget-container\">\n\t\t\t\t\t<h5 class=\"elementor-heading-title elementor-size-default\">prawo karne enschede<\/h5>\t\t\t\t<\/div>\n\t\t\t\t<\/div>\n\t\t\t\t<div class=\"elementor-element elementor-element-32f7150 elementor-hidden-desktop elementor-hidden-tablet elementor-hidden-mobile elementor-widget elementor-widget-heading\" data-id=\"32f7150\" data-element_type=\"widget\" data-e-type=\"widget\" id=\"seo-word\" data-widget_type=\"heading.default\">\n\t\t\t\t<div class=\"elementor-widget-container\">\n\t\t\t\t\t<h5 class=\"elementor-heading-title elementor-size-default\">adwokat prawo karne enschede<\/h5>\t\t\t\t<\/div>\n\t\t\t\t<\/div>\n\t\t\t\t<div class=\"elementor-element elementor-element-cc2b103 elementor-hidden-desktop elementor-hidden-tablet elementor-hidden-mobile elementor-widget elementor-widget-heading\" data-id=\"cc2b103\" data-element_type=\"widget\" data-e-type=\"widget\" id=\"seo-word\" data-widget_type=\"heading.default\">\n\t\t\t\t<div class=\"elementor-widget-container\">\n\t\t\t\t\t<h5 class=\"elementor-heading-title elementor-size-default\">adwokat prawo karne overijssel<\/h5>\t\t\t\t<\/div>\n\t\t\t\t<\/div>\n\t\t\t\t<div class=\"elementor-element elementor-element-e8a948e elementor-hidden-desktop elementor-hidden-tablet elementor-hidden-mobile elementor-widget elementor-widget-heading\" data-id=\"e8a948e\" data-element_type=\"widget\" data-e-type=\"widget\" id=\"seo-word\" data-widget_type=\"heading.default\">\n\t\t\t\t<div class=\"elementor-widget-container\">\n\t\t\t\t\t<h5 class=\"elementor-heading-title elementor-size-default\">WOTS (ustawa o przekazywaniu wykonywania orzecze\u0144 w sprawach karnych) i WETS (ustawa o wzajemnym uznawaniu i wykonywaniu kar pozbawienia wolno\u015bci) maj\u0105 kluczowe znaczenie dla mi\u0119dzynarodowego przekazywania orzecze\u0144 w sprawach karnych. Prawnicy zajmuj\u0105cy si\u0119 prawem karnym odgrywaj\u0105 kluczow\u0105 rol\u0119 w tym procesie. Doradzaj\u0105 klientom w zakresie mo\u017cliwo\u015bci i wymog\u00f3w, sk\u0142adaj\u0105 wnioski i broni\u0105 ich praw. Proces rozpoczyna si\u0119 od starannie z\u0142o\u017conego wniosku, kt\u00f3ry jest weryfikowany przez organy s\u0105dowe i dyplomatyczne. Prawnicy zapewniaj\u0105 zgodny z prawem spos\u00f3b post\u0119powania, oferuj\u0105 pomoc i w razie potrzeby mog\u0105 sk\u0142ada\u0107 odwo\u0142ania. Podsumowuj\u0105c, przepisy te stanowi\u0105 podstaw\u0119 mi\u0119dzynarodowych transfer\u00f3w karnych, a prawnicy zajmuj\u0105cy si\u0119 prawem karnym odgrywaj\u0105 niezb\u0119dn\u0105 rol\u0119 w ochronie interes\u00f3w swoich klient\u00f3w w tym z\u0142o\u017conym procesie prawnym.<\/h5>\t\t\t\t<\/div>\n\t\t\t\t<\/div>\n\t\t\t\t<div class=\"elementor-element elementor-element-8c0dd12 color-scheme-inherit text-left elementor-widget elementor-widget-text-editor\" data-id=\"8c0dd12\" data-element_type=\"widget\" data-e-type=\"widget\" data-widget_type=\"text-editor.default\">\n\t\t\t\t<div class=\"elementor-widget-container\">\n\t\t\t\t\t\t\t\t\t<p><strong>Ustawa o przekazywaniu wykonywania wyrok\u00f3w karnych (WOTS) i WETS: Ustawa o wzajemnym uznawaniu i wykonywaniu kar pozbawienia wolno\u015bci i kar warunkowych, to dwa akty prawne dotycz\u0105ce przekazywania wyrok\u00f3w za granic\u0119. Przepisy te przewiduj\u0105 opcje w okre\u015blonych sytuacjach dotycz\u0105cych wyrok\u00f3w skazuj\u0105cych za granic\u0105. Poni\u017cej przyjrzymy si\u0119, z czym wi\u0105\u017c\u0105 si\u0119 te przepisy i jak maj\u0105 one zastosowanie w Holandii.<\/strong><\/p>\t\t\t\t\t\t\t\t<\/div>\n\t\t\t\t<\/div>\n\t\t\t\t<div class=\"elementor-element elementor-element-824ced2 elementor-widget elementor-widget-spacer\" data-id=\"824ced2\" data-element_type=\"widget\" data-e-type=\"widget\" data-widget_type=\"spacer.default\">\n\t\t\t\t<div class=\"elementor-widget-container\">\n\t\t\t\t\t\t\t<div class=\"elementor-spacer\">\n\t\t\t<div class=\"elementor-spacer-inner\"><\/div>\n\t\t<\/div>\n\t\t\t\t\t\t<\/div>\n\t\t\t\t<\/div>\n\t\t\t\t<div class=\"elementor-element elementor-element-f1492d9 elementor-widget elementor-widget-heading\" data-id=\"f1492d9\" data-element_type=\"widget\" data-e-type=\"widget\" data-widget_type=\"heading.default\">\n\t\t\t\t<div class=\"elementor-widget-container\">\n\t\t\t\t\t<h3 class=\"elementor-heading-title elementor-size-default\">Czym s\u0105 WETS i WOTS?<\/h3>\t\t\t\t<\/div>\n\t\t\t\t<\/div>\n\t\t\t\t<div class=\"elementor-element elementor-element-62e202b color-scheme-inherit text-left elementor-widget elementor-widget-text-editor\" data-id=\"62e202b\" data-element_type=\"widget\" data-e-type=\"widget\" data-widget_type=\"text-editor.default\">\n\t\t\t\t<div class=\"elementor-widget-container\">\n\t\t\t\t\t\t\t\t\t<p>WETS i WOTS to dwie ustawy w Holandii, kt\u00f3re dotycz\u0105 przekazywania wyrok\u00f3w mi\u0119dzy krajami. Ustawy te reguluj\u0105 mo\u017cliwo\u015b\u0107 odbywania kary w Holandii przez obywateli holenderskich, kt\u00f3rzy zostali skazani za granic\u0105. Poni\u017cej wyja\u015bnili\u015bmy, co oznaczaj\u0105 obie ustawy.<\/p><p><strong>Ustawa o wzajemnym uznawaniu i wykonywaniu kar pozbawienia wolno\u015bci i kar warunkowych (WETS):<\/strong><\/p><ul><li>Dotyczy wyrok\u00f3w skazuj\u0105cych w krajach spoza UE.<\/li><li>Pozwala ona obywatelom holenderskim na odbywanie kary w Holandii pod pewnymi warunkami.<\/li><li>Jego celem jest ochrona praw skazanego i zapewnienie humanitarnego wykonania kary.<\/li><li>Proces przekazywania wyrok\u00f3w w ramach WETS wymaga procedur prawnych i porozumie\u0144 dyplomatycznych mi\u0119dzy krajami.<\/li><\/ul><p><strong>Ustawa o przekazywaniu wykonywania orzecze\u0144 karnych (WOTS):<\/strong><\/p><ul><li>Dotyczy wyrok\u00f3w skazuj\u0105cych w krajach UE.<\/li><li>Umo\u017cliwia ona obywatelom holenderskim ubieganie si\u0119 o odbycie kary w Holandii.<br \/>Mo\u017ce to przynie\u015b\u0107 korzy\u015bci, takie jak blisko\u015b\u0107 rodziny i przyjaci\u00f3\u0142, dost\u0119p do holenderskich program\u00f3w wi\u0119ziennych i przygotowanie do reintegracji z holenderskim spo\u0142ecze\u0144stwem.<\/li><li>Proces przekazywania wyrok\u00f3w w ramach WOTS r\u00f3wnie\u017c wymaga procedur prawnych i um\u00f3w mi\u0119dzy krajami, ale koncentruje si\u0119 na krajach UE.<\/li><li>Oba przepisy stanowi\u0105 wa\u017cn\u0105 opcj\u0119 dla obywateli Holandii, kt\u00f3rzy zostali skazani za granic\u0105 i chc\u0105 odby\u0107 kar\u0119 bli\u017cej domu. Zaleca si\u0119 zasi\u0119gni\u0119cie porady prawnej i zrozumienie konkretnych warunk\u00f3w i procedur, je\u015bli znajd\u0105 si\u0119 Pa\u0144stwo w takiej sytuacji.<\/li><\/ul>\t\t\t\t\t\t\t\t<\/div>\n\t\t\t\t<\/div>\n\t\t\t\t<div class=\"elementor-element elementor-element-4a656bf elementor-widget elementor-widget-spacer\" data-id=\"4a656bf\" data-element_type=\"widget\" data-e-type=\"widget\" data-widget_type=\"spacer.default\">\n\t\t\t\t<div class=\"elementor-widget-container\">\n\t\t\t\t\t\t\t<div class=\"elementor-spacer\">\n\t\t\t<div class=\"elementor-spacer-inner\"><\/div>\n\t\t<\/div>\n\t\t\t\t\t\t<\/div>\n\t\t\t\t<\/div>\n\t\t\t\t<div class=\"elementor-element elementor-element-b144de2 elementor-widget elementor-widget-heading\" data-id=\"b144de2\" data-element_type=\"widget\" data-e-type=\"widget\" data-widget_type=\"heading.default\">\n\t\t\t\t<div class=\"elementor-widget-container\">\n\t\t\t\t\t<h3 class=\"elementor-heading-title elementor-size-default\">Jakie s\u0105 zalety procedury WETS lub WOTS?\n<\/h3>\t\t\t\t<\/div>\n\t\t\t\t<\/div>\n\t\t\t\t<div class=\"elementor-element elementor-element-58cdfcb color-scheme-inherit text-left elementor-widget elementor-widget-text-editor\" data-id=\"58cdfcb\" data-element_type=\"widget\" data-e-type=\"widget\" data-widget_type=\"text-editor.default\">\n\t\t\t\t<div class=\"elementor-widget-container\">\n\t\t\t\t\t\t\t\t\t<p>Procedury WETS i WOTS oferuj\u0105 korzy\u015bci zar\u00f3wno pa\u0144stwu skazuj\u0105cemu, jak i Holandii.<\/p><ul><li><strong>Odpowiedzialno\u015b\u0107: <\/strong>Dla kraju, kt\u00f3ry wyda\u0142 wyrok, oznacza to, \u017ce nie jest on ju\u017c odpowiedzialny za skazanego. Zmniejsza to obci\u0105\u017cenie systemu wi\u0119ziennictwa i pozwala skupi\u0107 si\u0119 na innych aspektach wymiaru sprawiedliwo\u015bci.<\/li><li><strong>Wzmocniona reintegracja:<\/strong> W przypadku Holandii procedura ta ma t\u0119 zalet\u0119, \u017ce skazany mo\u017ce pozosta\u0107 w kontakcie z holenderskim spo\u0142ecze\u0144stwem podczas odbywania kary, co pomaga w reintegracji skazanego po odbyciu kary. Zmniejsza to ryzyko ponownego pope\u0142nienia przest\u0119pstwa, a zatem jest to proces, kt\u00f3ry mo\u017ce przynie\u015b\u0107 korzy\u015bci zar\u00f3wno skazanemu, jak i ca\u0142emu spo\u0142ecze\u0144stwu.<\/li><\/ul>\t\t\t\t\t\t\t\t<\/div>\n\t\t\t\t<\/div>\n\t\t\t\t<div class=\"elementor-element elementor-element-a48c189 elementor-widget elementor-widget-spacer\" data-id=\"a48c189\" data-element_type=\"widget\" data-e-type=\"widget\" data-widget_type=\"spacer.default\">\n\t\t\t\t<div class=\"elementor-widget-container\">\n\t\t\t\t\t\t\t<div class=\"elementor-spacer\">\n\t\t\t<div class=\"elementor-spacer-inner\"><\/div>\n\t\t<\/div>\n\t\t\t\t\t\t<\/div>\n\t\t\t\t<\/div>\n\t\t\t\t<div class=\"elementor-element elementor-element-e6df5cf elementor-widget elementor-widget-heading\" data-id=\"e6df5cf\" data-element_type=\"widget\" data-e-type=\"widget\" data-widget_type=\"heading.default\">\n\t\t\t\t<div class=\"elementor-widget-container\">\n\t\t\t\t\t<h3 class=\"elementor-heading-title elementor-size-default\">Jakie warunki maj\u0105 zastosowanie do WOTS?<\/h3>\t\t\t\t<\/div>\n\t\t\t\t<\/div>\n\t\t\t\t<div class=\"elementor-element elementor-element-68f8e27 color-scheme-inherit text-left elementor-widget elementor-widget-text-editor\" data-id=\"68f8e27\" data-element_type=\"widget\" data-e-type=\"widget\" data-widget_type=\"text-editor.default\">\n\t\t\t\t<div class=\"elementor-widget-container\">\n\t\t\t\t\t\t\t\t\t<p>WOTS ma zastosowanie, gdy spe\u0142nione s\u0105 nast\u0119puj\u0105ce warunki:<\/p><ul><li>Pa\u0144stwa spoza Europy, kt\u00f3re podpisa\u0142y z Holandi\u0105 Konwencj\u0119 o przekazywaniu os\u00f3b skazanych.<\/li><li>Kraje w Europie, z kt\u00f3rymi Holandia zawar\u0142a odr\u0119bne traktaty WOTS.<\/li><li>Kraje Unii Europejskiej, kt\u00f3re nie wdro\u017cy\u0142y jeszcze nowych europejskich przepis\u00f3w dotycz\u0105cych przekazywania kar na szczeblu krajowym. Aby zakwalifikowa\u0107 si\u0119 do przeniesienia kary w ramach WOTS, musz\u0105 zosta\u0107 spe\u0142nione okre\u015blone warunki:<\/li><li>Pomi\u0119dzy Holandi\u0105 a krajem przyjmuj\u0105cym musi istnie\u0107 dwustronna umowa o przekazywaniu wyrok\u00f3w.<\/li><li>Musi Pan\/Pani mie\u0107 udokumentowane zwi\u0105zki z krajem przyjmuj\u0105cym, takie jak obywatelstwo, miejsce zamieszkania, praca, studia lub wi\u0119zi rodzinne w Holandii.<\/li><\/ul><p>Po przekazaniu i wykonaniu kary w Holandii, jest ona uznawana za kar\u0119 orzeczon\u0105 w Holandii, w zwi\u0105zku z czym w okresie odbywania kary zastosowanie maj\u0105 holenderskie przepisy ustawowe i wykonawcze.<\/p>\t\t\t\t\t\t\t\t<\/div>\n\t\t\t\t<\/div>\n\t\t\t\t<div class=\"elementor-element elementor-element-1f90f67 elementor-widget elementor-widget-spacer\" data-id=\"1f90f67\" data-element_type=\"widget\" data-e-type=\"widget\" data-widget_type=\"spacer.default\">\n\t\t\t\t<div class=\"elementor-widget-container\">\n\t\t\t\t\t\t\t<div class=\"elementor-spacer\">\n\t\t\t<div class=\"elementor-spacer-inner\"><\/div>\n\t\t<\/div>\n\t\t\t\t\t\t<\/div>\n\t\t\t\t<\/div>\n\t\t\t\t<div class=\"elementor-element elementor-element-f8f32db elementor-widget elementor-widget-heading\" data-id=\"f8f32db\" data-element_type=\"widget\" data-e-type=\"widget\" data-widget_type=\"heading.default\">\n\t\t\t\t<div class=\"elementor-widget-container\">\n\t\t\t\t\t<h3 class=\"elementor-heading-title elementor-size-default\">Jak wygl\u0105da procedura dla WOTS?<\/h3>\t\t\t\t<\/div>\n\t\t\t\t<\/div>\n\t\t\t\t<div class=\"elementor-element elementor-element-be9326d color-scheme-inherit text-left elementor-widget elementor-widget-text-editor\" data-id=\"be9326d\" data-element_type=\"widget\" data-e-type=\"widget\" data-widget_type=\"text-editor.default\">\n\t\t\t\t<div class=\"elementor-widget-container\">\n\t\t\t\t\t\t\t\t\t<p>Poni\u017cej wymienili\u015bmy kluczowe kroki. Zaleca si\u0119 zatrudnienie do\u015bwiadczonego prawnika specjalizuj\u0105cego si\u0119 w sprawach karnych, je\u015bli znajduj\u0105 si\u0119 Pa\u0144stwo w sytuacji, w kt\u00f3rej rozwa\u017cane jest przeniesienie sprawy karnej.<\/p><p>Znalezienie odpowiedniego prawnika z do\u015bwiadczeniem w prawie karnym jest niezwykle wa\u017cne, aby chroni\u0107 Pa\u0144stwa interesy i pom\u00f3c w z\u0142o\u017ceniu wniosku o ostateczne wykonanie wyroku.\u00a0<\/p><ul><li><strong>Sk\u0142adanie wniosku:<\/strong> osoba skazana musi osobi\u015bcie z\u0142o\u017cy\u0107 wniosek o odbycie kary w innym kraju lub o przeniesienie kary do Holandii. Prawid\u0142owe z\u0142o\u017cenie tego wniosku jest wa\u017cnym krokiem w tym procesie.<\/li><li><strong>Warunki i wymagania:<\/strong> Proces WOTS ma okre\u015blone zasady, kt\u00f3rych nale\u017cy przestrzega\u0107. Mog\u0105 si\u0119 one r\u00f3\u017cni\u0107 w zale\u017cno\u015bci od kraju i rodzaju przest\u0119pstwa. Przestrzeganie tych zasad jest niezb\u0119dne, aby kwalifikowa\u0107 si\u0119 do przeniesienia kary.<\/li><li><strong>Ocena i decyzja:<\/strong> Po z\u0142o\u017ceniu wniosku odpowiednie organy, takie jak prokuratura, dok\u0142adnie go analizuj\u0105. Zwracaj\u0105 uwag\u0119 na takie kwestie jak charakter przest\u0119pstwa, d\u0142ugo\u015b\u0107 kary i to, czy kraj, kt\u00f3ry ma wykona\u0107 kar\u0119, wyra\u017ca na to zgod\u0119. Weryfikacja ta pomaga zapewni\u0107, \u017ce przekazanie jest zgodne z prawem i umowami mi\u0119dzynarodowymi.<\/li><li><strong>Wdro\u017cenie kary:<\/strong> Je\u015bli wniosek zostanie zatwierdzony, kara zostanie przekazana do kraju przyjmuj\u0105cego, gdzie osoba skazana b\u0119dzie odbywa\u0107 kar\u0119 zgodnie z przepisami i procedurami tego kraju. Kraj przyjmuj\u0105cy jest odpowiedzialny za dalsze przekazywanie kary, w tym zatrzymanie, doradztwo i nadz\u00f3r. Skazany musi przestrzega\u0107 zasad i przepis\u00f3w kraju przyjmuj\u0105cego w okresie odbywania kary.<\/li><\/ul>\t\t\t\t\t\t\t\t<\/div>\n\t\t\t\t<\/div>\n\t\t\t\t<div class=\"elementor-element elementor-element-0d8f96f elementor-widget elementor-widget-spacer\" data-id=\"0d8f96f\" data-element_type=\"widget\" data-e-type=\"widget\" data-widget_type=\"spacer.default\">\n\t\t\t\t<div class=\"elementor-widget-container\">\n\t\t\t\t\t\t\t<div class=\"elementor-spacer\">\n\t\t\t<div class=\"elementor-spacer-inner\"><\/div>\n\t\t<\/div>\n\t\t\t\t\t\t<\/div>\n\t\t\t\t<\/div>\n\t\t\t\t<div class=\"elementor-element elementor-element-d656ffd elementor-widget elementor-widget-heading\" data-id=\"d656ffd\" data-element_type=\"widget\" data-e-type=\"widget\" data-widget_type=\"heading.default\">\n\t\t\t\t<div class=\"elementor-widget-container\">\n\t\t\t\t\t<h3 class=\"elementor-heading-title elementor-size-default\">Prawnik WOTS \/ WETS        <\/h3>\t\t\t\t<\/div>\n\t\t\t\t<\/div>\n\t\t\t\t<div class=\"elementor-element elementor-element-a3e5237 color-scheme-inherit text-left elementor-widget elementor-widget-text-editor\" data-id=\"a3e5237\" data-element_type=\"widget\" data-e-type=\"widget\" data-widget_type=\"text-editor.default\">\n\t\t\t\t<div class=\"elementor-widget-container\">\n\t\t\t\t\t\t\t\t\t<p>Proces rozpoczyna si\u0119 od z\u0142o\u017cenia wniosku w kraju, w kt\u00f3rym orzeczono kar\u0119, a nast\u0119pnie jest kontynuowany po rozpatrzeniu i zatwierdzeniu wniosku w Holandii. W tym momencie adwokat mo\u017ce by\u0107 pomocny.<br \/>W kancelarii Derbedrosian posiadamy bogate do\u015bwiadczenie w zakresie <a href=\"https:\/\/www.derbedrosian.nl\/pl\/jurysdykcje\/prawo-karne\/\">prawo karne<\/a> i dlatego mo\u017cemy pom\u00f3c Pa\u0144stwu w post\u0119powaniach WOTS i WETS. Zach\u0119camy wi\u0119c do kontaktu z nami, a zostan\u0105 Pa\u0144stwo po\u0142\u0105czeni z jednym z naszych pracownik\u00f3w. <a href=\"https:\/\/www.derbedrosian.nl\/pl\/prawnicy-2\/\">wyspecjalizowani prawnicy.<\/a><\/p>\t\t\t\t\t\t\t\t<\/div>\n\t\t\t\t<\/div>\n\t\t\t\t\t<\/div>\n\t\t\t\t<\/div>\n\t\t\t\t<\/div>","protected":false},"excerpt":{"rendered":"<p>WOTS WETS wykonywanie kar w Holandii WOTS adwokat WETS adwokat w UE prawo przekazywanie wykonywanie wyrok\u00f3w skazuj\u0105cych ulotka informacyjna dla Holendr\u00f3w<\/p>","protected":false},"author":1,"featured_media":0,"parent":10047,"menu_order":0,"comment_status":"closed","ping_status":"closed","template":"","meta":{"footnotes":""},"class_list":["post-10617","page","type-page","status-publish","hentry"],"_links":{"self":[{"href":"https:\/\/www.derbedrosian.nl\/pl\/wp-json\/wp\/v2\/pages\/10617","targetHints":{"allow":["GET"]}}],"collection":[{"href":"https:\/\/www.derbedrosian.nl\/pl\/wp-json\/wp\/v2\/pages"}],"about":[{"href":"https:\/\/www.derbedrosian.nl\/pl\/wp-json\/wp\/v2\/types\/page"}],"author":[{"embeddable":true,"href":"https:\/\/www.derbedrosian.nl\/pl\/wp-json\/wp\/v2\/users\/1"}],"replies":[{"embeddable":true,"href":"https:\/\/www.derbedrosian.nl\/pl\/wp-json\/wp\/v2\/comments?post=10617"}],"version-history":[{"count":0,"href":"https:\/\/www.derbedrosian.nl\/pl\/wp-json\/wp\/v2\/pages\/10617\/revisions"}],"up":[{"embeddable":true,"href":"https:\/\/www.derbedrosian.nl\/pl\/wp-json\/wp\/v2\/pages\/10047"}],"wp:attachment":[{"href":"https:\/\/www.derbedrosian.nl\/pl\/wp-json\/wp\/v2\/media?parent=10617"}],"curies":[{"name":"wp","href":"https:\/\/api.w.org\/{rel}","templated":true}]}}