{"id":10547,"date":"2023-05-26T10:18:03","date_gmt":"2023-05-26T08:18:03","guid":{"rendered":"https:\/\/derbedrosian.nl\/?page_id=10547"},"modified":"2025-12-21T14:45:31","modified_gmt":"2025-12-21T12:45:31","slug":"skonfiskowane-prawo-jazdy","status":"publish","type":"page","link":"https:\/\/www.derbedrosian.nl\/pl\/rechtsgebieden\/strafrecht\/rijbewijs-in-beslag-genomen\/","title":{"rendered":"Skonfiskowane prawo jazdy"},"content":{"rendered":"<div data-elementor-type=\"wp-page\" data-elementor-id=\"10547\" class=\"elementor elementor-10547\" data-elementor-post-type=\"page\">\n\t\t\t\t<div class=\"wd-negative-gap elementor-element elementor-element-f1b907f e-flex e-con-boxed e-con e-parent\" data-id=\"f1b907f\" data-element_type=\"container\" data-e-type=\"container\">\n\t\t\t\t\t<div class=\"e-con-inner\">\n\t\t\t\t<div class=\"elementor-element elementor-element-87a6118 elementor-hidden-desktop elementor-hidden-tablet elementor-hidden-mobile elementor-widget elementor-widget-wd_image_or_svg\" data-id=\"87a6118\" data-element_type=\"widget\" data-e-type=\"widget\" id=\"seo-word\" data-widget_type=\"wd_image_or_svg.default\">\n\t\t\t\t<div class=\"elementor-widget-container\">\n\t\t\t\t\t\n\t\t<div class=\"wd-image text-left\">\n\t\t\t\t\t\t\t\t<img loading=\"lazy\" decoding=\"async\" width=\"1000\" height=\"667\" src=\"https:\/\/www.derbedrosian.nl\/wp-content\/uploads\/rechtsgebied-rijbewijs-in-beslag-genomen.jpg\" class=\"attachment-full size-full\" alt=\"prawo jazdy skonfiskowane co teraz prawnik skonfiskowane prawo jazdy kara\" srcset=\"https:\/\/www.derbedrosian.nl\/wp-content\/uploads\/rechtsgebied-rijbewijs-in-beslag-genomen.jpg 1000w, https:\/\/www.derbedrosian.nl\/wp-content\/uploads\/rechtsgebied-rijbewijs-in-beslag-genomen-400x267.jpg 400w, https:\/\/www.derbedrosian.nl\/wp-content\/uploads\/rechtsgebied-rijbewijs-in-beslag-genomen-768x512.jpg 768w\" sizes=\"auto, (max-width: 1000px) 100vw, 1000px\" title=\"\">\t\t\t\t\t<\/div>\n\n\t\t\t\t\t\t<\/div>\n\t\t\t\t<\/div>\n\t\t\t\t<div class=\"elementor-element elementor-element-8dc8f81 elementor-hidden-desktop elementor-hidden-tablet elementor-hidden-mobile elementor-widget elementor-widget-heading\" data-id=\"8dc8f81\" data-element_type=\"widget\" data-e-type=\"widget\" id=\"seo-word\" data-widget_type=\"heading.default\">\n\t\t\t\t<div class=\"elementor-widget-container\">\n\t\t\t\t\t<h2 class=\"elementor-heading-title elementor-size-default\">jazda pod wp\u0142ywem alkoholu<\/h2>\t\t\t\t<\/div>\n\t\t\t\t<\/div>\n\t\t\t\t<div class=\"elementor-element elementor-element-b678394 elementor-hidden-desktop elementor-hidden-tablet elementor-hidden-mobile elementor-widget elementor-widget-heading\" data-id=\"b678394\" data-element_type=\"widget\" data-e-type=\"widget\" id=\"seo-word\" data-widget_type=\"heading.default\">\n\t\t\t\t<div class=\"elementor-widget-container\">\n\t\t\t\t\t<h5 class=\"elementor-heading-title elementor-size-default\">zatrzymane prawo jazdy<\/h5>\t\t\t\t<\/div>\n\t\t\t\t<\/div>\n\t\t\t\t<div class=\"elementor-element elementor-element-0e5519a elementor-hidden-desktop elementor-hidden-tablet elementor-hidden-mobile elementor-widget elementor-widget-heading\" data-id=\"0e5519a\" data-element_type=\"widget\" data-e-type=\"widget\" id=\"seo-word\" data-widget_type=\"heading.default\">\n\t\t\t\t<div class=\"elementor-widget-container\">\n\t\t\t\t\t<h5 class=\"elementor-heading-title elementor-size-default\">moje prawo jazdy zosta\u0142o skonfiskowane, co teraz? <\/h5>\t\t\t\t<\/div>\n\t\t\t\t<\/div>\n\t\t\t\t<div class=\"elementor-element elementor-element-d24e106 elementor-hidden-desktop elementor-hidden-tablet elementor-hidden-mobile elementor-widget elementor-widget-heading\" data-id=\"d24e106\" data-element_type=\"widget\" data-e-type=\"widget\" id=\"seo-word\" data-widget_type=\"heading.default\">\n\t\t\t\t<div class=\"elementor-widget-container\">\n\t\t\t\t\t<h5 class=\"elementor-heading-title elementor-size-default\">zatrzymane prawo jazdy<\/h5>\t\t\t\t<\/div>\n\t\t\t\t<\/div>\n\t\t\t\t<div class=\"elementor-element elementor-element-4ed80a9 elementor-hidden-desktop elementor-hidden-tablet elementor-hidden-mobile elementor-widget elementor-widget-heading\" data-id=\"4ed80a9\" data-element_type=\"widget\" data-e-type=\"widget\" id=\"seo-word\" data-widget_type=\"heading.default\">\n\t\t\t\t<div class=\"elementor-widget-container\">\n\t\t\t\t\t<h5 class=\"elementor-heading-title elementor-size-default\">prawo jazdy skonfiskowane adwokat moje odzyskane prawo jazdy<\/h5>\t\t\t\t<\/div>\n\t\t\t\t<\/div>\n\t\t\t\t<div class=\"elementor-element elementor-element-e284f31 elementor-hidden-desktop elementor-hidden-tablet elementor-hidden-mobile elementor-widget elementor-widget-heading\" data-id=\"e284f31\" data-element_type=\"widget\" data-e-type=\"widget\" id=\"seo-word\" data-widget_type=\"heading.default\">\n\t\t\t\t<div class=\"elementor-widget-container\">\n\t\t\t\t\t<h5 class=\"elementor-heading-title elementor-size-default\">prawo jazdy zatrzymane od prokuratora odzyskane prawo jazdy procedura<\/h5>\t\t\t\t<\/div>\n\t\t\t\t<\/div>\n\t\t\t\t<div class=\"elementor-element elementor-element-b533a03 elementor-hidden-desktop elementor-hidden-tablet elementor-hidden-mobile elementor-widget elementor-widget-heading\" data-id=\"b533a03\" data-element_type=\"widget\" data-e-type=\"widget\" id=\"seo-word\" data-widget_type=\"heading.default\">\n\t\t\t\t<div class=\"elementor-widget-container\">\n\t\t\t\t\t<h5 class=\"elementor-heading-title elementor-size-default\">centralne biuro praw jazdy wys\u0142ane<\/h5>\t\t\t\t<\/div>\n\t\t\t\t<\/div>\n\t\t\t\t<div class=\"elementor-element elementor-element-b38fe6f elementor-hidden-desktop elementor-hidden-tablet elementor-hidden-mobile elementor-widget elementor-widget-heading\" data-id=\"b38fe6f\" data-element_type=\"widget\" data-e-type=\"widget\" id=\"seo-word\" data-widget_type=\"heading.default\">\n\t\t\t\t<div class=\"elementor-widget-container\">\n\t\t\t\t\t<h5 class=\"elementor-heading-title elementor-size-default\">adwokat prawo karne overijssel<\/h5>\t\t\t\t<\/div>\n\t\t\t\t<\/div>\n\t\t\t\t<div class=\"elementor-element elementor-element-43a5ac6 elementor-hidden-desktop elementor-hidden-tablet elementor-hidden-mobile elementor-widget elementor-widget-heading\" data-id=\"43a5ac6\" data-element_type=\"widget\" data-e-type=\"widget\" id=\"seo-word\" data-widget_type=\"heading.default\">\n\t\t\t\t<div class=\"elementor-widget-container\">\n\t\t\t\t\t<h5 class=\"elementor-heading-title elementor-size-default\">adwokat prawo karne enschede<\/h5>\t\t\t\t<\/div>\n\t\t\t\t<\/div>\n\t\t\t\t<div class=\"elementor-element elementor-element-23051d2 elementor-hidden-desktop elementor-hidden-tablet elementor-hidden-mobile elementor-widget elementor-widget-heading\" data-id=\"23051d2\" data-element_type=\"widget\" data-e-type=\"widget\" id=\"seo-word\" data-widget_type=\"heading.default\">\n\t\t\t\t<div class=\"elementor-widget-container\">\n\t\t\t\t\t<h5 class=\"elementor-heading-title elementor-size-default\">prawo karne enschede<\/h5>\t\t\t\t<\/div>\n\t\t\t\t<\/div>\n\t\t\t\t<div class=\"elementor-element elementor-element-471a272 elementor-hidden-desktop elementor-hidden-tablet elementor-hidden-mobile elementor-widget elementor-widget-heading\" data-id=\"471a272\" data-element_type=\"widget\" data-e-type=\"widget\" id=\"seo-word\" data-widget_type=\"heading.default\">\n\t\t\t\t<div class=\"elementor-widget-container\">\n\t\t\t\t\t<h5 class=\"elementor-heading-title elementor-size-default\">adwokat w sprawach karnych enschede<\/h5>\t\t\t\t<\/div>\n\t\t\t\t<\/div>\n\t\t\t\t<div class=\"elementor-element elementor-element-8332f45 elementor-hidden-desktop elementor-hidden-tablet elementor-hidden-mobile elementor-widget elementor-widget-heading\" data-id=\"8332f45\" data-element_type=\"widget\" data-e-type=\"widget\" id=\"seo-word\" data-widget_type=\"heading.default\">\n\t\t\t\t<div class=\"elementor-widget-container\">\n\t\t\t\t\t<h5 class=\"elementor-heading-title elementor-size-default\">Je\u015bli przebywaj\u0105 Pa\u0144stwo w Enschede i potrzebuj\u0105 pomocy prawnej w zwi\u0105zku z prowadzeniem pojazdu pod wp\u0142ywem alkoholu i konfiskat\u0105 prawa jazdy, mog\u0105 Pa\u0144stwo liczy\u0107 na prawnik\u00f3w specjalizuj\u0105cych si\u0119 w sprawach karnych z kancelarii Derbedrosian Criminal Lawyers. Nasi prawnicy w Enschede, Overijssel, ciesz\u0105 si\u0119 doskona\u0142\u0105 reputacj\u0105 i s\u0105 ekspertami w sprawach karnych.\n\nJe\u015bli Pa\u0144stwa prawo jazdy zosta\u0142o odebrane przez prokuratora, wa\u017cne jest, aby wiedzie\u0107, co nale\u017cy zrobi\u0107. Procedura odzyskiwania prawa jazdy mo\u017ce by\u0107 z\u0142o\u017cona. Pa\u0144stwa prawo jazdy jest cz\u0119sto wysy\u0142ane do Centralnego Biura Praw Jazdy. W takiej sytuacji prosimy koniecznie zasi\u0119gn\u0105\u0107 porady prawnej.\n\nNasi prawnicy w Enschede mog\u0105 doradzi\u0107 i pom\u00f3c Pa\u0144stwu w procedurze odzyskania prawa jazdy po jego konfiskacie. Je\u015bli znajd\u0105 si\u0119 Pa\u0144stwo w takiej sytuacji, prosimy o kontakt z kancelari\u0105 Derbedrosian Criminal Lawyers w celu uzyskania profesjonalnej pomocy prawnej.\n\n\n\n\n<\/h5>\t\t\t\t<\/div>\n\t\t\t\t<\/div>\n\t\t\t\t<div class=\"elementor-element elementor-element-83779cf color-scheme-inherit text-left elementor-widget elementor-widget-text-editor\" data-id=\"83779cf\" data-element_type=\"widget\" data-e-type=\"widget\" data-widget_type=\"text-editor.default\">\n\t\t\t\t<div class=\"elementor-widget-container\">\n\t\t\t\t\t\t\t\t\t<p><strong>Skonfiskowano Pa\u0144stwu prawo jazdy? Konfiskata prawa jazdy mo\u017ce by\u0107 szczeg\u00f3lnie irytuj\u0105ca. W rezultacie przez d\u0142ugi czas nie mog\u0105 Pa\u0144stwo prowadzi\u0107 pojazdu. Jak do tego dosz\u0142o i co mog\u0105 Pa\u0144stwo zrobi\u0107, aby jak najszybciej je odzyska\u0107?<\/strong><\/p>\t\t\t\t\t\t\t\t<\/div>\n\t\t\t\t<\/div>\n\t\t\t\t<div class=\"elementor-element elementor-element-a1858b7 elementor-widget elementor-widget-spacer\" data-id=\"a1858b7\" data-element_type=\"widget\" data-e-type=\"widget\" data-widget_type=\"spacer.default\">\n\t\t\t\t<div class=\"elementor-widget-container\">\n\t\t\t\t\t\t\t<div class=\"elementor-spacer\">\n\t\t\t<div class=\"elementor-spacer-inner\"><\/div>\n\t\t<\/div>\n\t\t\t\t\t\t<\/div>\n\t\t\t\t<\/div>\n\t\t\t\t<div class=\"elementor-element elementor-element-e1fc263 elementor-widget elementor-widget-heading\" data-id=\"e1fc263\" data-element_type=\"widget\" data-e-type=\"widget\" data-widget_type=\"heading.default\">\n\t\t\t\t<div class=\"elementor-widget-container\">\n\t\t\t\t\t<h3 class=\"elementor-heading-title elementor-size-default\">Co dok\u0142adnie oznacza \"skonfiskowane prawo jazdy\"?<\/h3>\t\t\t\t<\/div>\n\t\t\t\t<\/div>\n\t\t\t\t<div class=\"elementor-element elementor-element-d3d5628 color-scheme-inherit text-left elementor-widget elementor-widget-text-editor\" data-id=\"d3d5628\" data-element_type=\"widget\" data-e-type=\"widget\" data-widget_type=\"text-editor.default\">\n\t\t\t\t<div class=\"elementor-widget-container\">\n\t\t\t\t\t\t\t\t\t<p>Konfiskata prawa jazdy oznacza tymczasowy zakaz prowadzenia pojazd\u00f3w i mo\u017ce prowadzi\u0107 do dalszych dzia\u0142a\u0144 prawnych, takich jak grzywny, post\u0119powanie s\u0105dowe lub obowi\u0105zek odbycia kursu przed odzyskaniem prawa jazdy. Celem tego \u015brodka jest zazwyczaj zapewnienie bezpiecze\u0144stwa na drodze i upewnienie si\u0119, \u017ce kierowcy, kt\u00f3rzy \u0142ami\u0105 przepisy ruchu drogowego lub prowadz\u0105 pod wp\u0142ywem alkoholu, zostan\u0105 tymczasowo usuni\u0119ci z drogi.<\/p>\t\t\t\t\t\t\t\t<\/div>\n\t\t\t\t<\/div>\n\t\t\t\t<div class=\"elementor-element elementor-element-5114db3 elementor-widget elementor-widget-spacer\" data-id=\"5114db3\" data-element_type=\"widget\" data-e-type=\"widget\" data-widget_type=\"spacer.default\">\n\t\t\t\t<div class=\"elementor-widget-container\">\n\t\t\t\t\t\t\t<div class=\"elementor-spacer\">\n\t\t\t<div class=\"elementor-spacer-inner\"><\/div>\n\t\t<\/div>\n\t\t\t\t\t\t<\/div>\n\t\t\t\t<\/div>\n\t\t\t\t<div class=\"elementor-element elementor-element-8af88ff elementor-widget elementor-widget-heading\" data-id=\"8af88ff\" data-element_type=\"widget\" data-e-type=\"widget\" data-widget_type=\"heading.default\">\n\t\t\t\t<div class=\"elementor-widget-container\">\n\t\t\t\t\t<h3 class=\"elementor-heading-title elementor-size-default\">Powody zaj\u0119cia dowod\u00f3w<\/h3>\t\t\t\t<\/div>\n\t\t\t\t<\/div>\n\t\t\t\t<div class=\"elementor-element elementor-element-82d3e6c color-scheme-inherit text-left elementor-widget elementor-widget-text-editor\" data-id=\"82d3e6c\" data-element_type=\"widget\" data-e-type=\"widget\" data-widget_type=\"text-editor.default\">\n\t\t\t\t<div class=\"elementor-widget-container\">\n\t\t\t\t\t\t\t\t\t<p>Policja mo\u017ce podj\u0105\u0107 decyzj\u0119 o zatrzymaniu Pa\u0144stwa prawa jazdy, je\u015bli Pa\u0144stwa zachowanie stanowi powa\u017cne zagro\u017cenie dla bezpiecze\u0144stwa na drodze. Poni\u017cej przedstawiamy kilka sytuacji, w kt\u00f3rych Pa\u0144stwa prawo jazdy mo\u017ce zosta\u0107 skonfiskowane:<\/p><ul><li><strong>Za\u017cywanie narkotyk\u00f3w:<\/strong>\u00a0je\u015bli prowadz\u0105 Pa\u0144stwo pojazd pod wp\u0142ywem narkotyk\u00f3w i przekraczaj\u0105 ustalone limity 50 mikrogram\u00f3w amfetaminy, 3 mikrogram\u00f3w marihuany, 20 mikrogram\u00f3w morfiny lub 10 miligram\u00f3w GHB.<\/li><li><strong>Zawarto\u015b\u0107 alkoholu:<\/strong>\u00a0gdy poziom alkoholu we krwi przekroczy 1,3 promila. Dla pocz\u0105tkuj\u0105cych kierowc\u00f3w limit ten wynosi 0,8 promila.<\/li><li><strong>Odmowa poddania si\u0119 badaniu na obecno\u015b\u0107 alkoholu:<\/strong>\u00a0gdy odmawia Pan\/Pani wsp\u00f3\u0142pracy podczas badania na obecno\u015b\u0107 alkoholu, takiego jak badanie alkomatem lub badanie krwi.<\/li><li><strong>Niebezpieczna jazda:<\/strong>\u00a0za niebezpieczne zachowanie podczas jazdy, kt\u00f3re zagra\u017ca bezpiecze\u0144stwu na drodze.<\/li><li><strong>Przekroczenie pr\u0119dko\u015bci:<\/strong>\u00a0je\u015bli przekrocz\u0105 Pa\u0144stwo obowi\u0105zuj\u0105ce ograniczenie pr\u0119dko\u015bci o 50 kilometr\u00f3w na godzin\u0119 lub wi\u0119cej. W przypadku motorower\u00f3w \u015brodek ten ma zastosowanie, je\u015bli przekrocz\u0105 Pa\u0144stwo pr\u0119dko\u015b\u0107 o 30 kilometr\u00f3w na godzin\u0119 lub wi\u0119cej.<\/li><\/ul><p>Zatrzymanie prawa jazdy w takich sytuacjach ma na celu zapewnienie bezpiecze\u0144stwa na drodze i zmniejszenie ryzyka dla siebie i innych u\u017cytkownik\u00f3w dr\u00f3g. Wa\u017cne jest, aby je\u017adzi\u0107 odpowiedzialnie i przestrzega\u0107 obowi\u0105zuj\u0105cych przepis\u00f3w ruchu drogowego, aby unikn\u0105\u0107 problem\u00f3w z prawem jazdy.<\/p>\t\t\t\t\t\t\t\t<\/div>\n\t\t\t\t<\/div>\n\t\t\t\t<div class=\"elementor-element elementor-element-ff56a78 elementor-widget elementor-widget-spacer\" data-id=\"ff56a78\" data-element_type=\"widget\" data-e-type=\"widget\" data-widget_type=\"spacer.default\">\n\t\t\t\t<div class=\"elementor-widget-container\">\n\t\t\t\t\t\t\t<div class=\"elementor-spacer\">\n\t\t\t<div class=\"elementor-spacer-inner\"><\/div>\n\t\t<\/div>\n\t\t\t\t\t\t<\/div>\n\t\t\t\t<\/div>\n\t\t\t\t<div class=\"elementor-element elementor-element-3ced62d elementor-widget elementor-widget-heading\" data-id=\"3ced62d\" data-element_type=\"widget\" data-e-type=\"widget\" data-widget_type=\"heading.default\">\n\t\t\t\t<div class=\"elementor-widget-container\">\n\t\t\t\t\t<h3 class=\"elementor-heading-title elementor-size-default\">Czy jest szansa, \u017ce odzyskam prawo jazdy?  <\/h3>\t\t\t\t<\/div>\n\t\t\t\t<\/div>\n\t\t\t\t<div class=\"elementor-element elementor-element-76aa59e color-scheme-inherit text-left elementor-widget elementor-widget-text-editor\" data-id=\"76aa59e\" data-element_type=\"widget\" data-e-type=\"widget\" data-widget_type=\"text-editor.default\">\n\t\t\t\t<div class=\"elementor-widget-container\">\n\t\t\t\t\t\t\t\t\t<p>Wa\u017cne jest, aby wyra\u017anie zwr\u00f3ci\u0107 uwag\u0119 na nast\u0119puj\u0105ce szczeg\u00f3\u0142y w skardze:<\/p><ul><li><strong>Uzasadnienie sprzeciwu:<\/strong> We wniosku nale\u017cy dok\u0142adnie wyja\u015bni\u0107, dlaczego nie zgadzaj\u0105 si\u0119 Pa\u0144stwo na cofni\u0119cie prawa jazdy.<\/li><li><strong>Dodatkowe konsekwencje:<\/strong> Powinien Pan\/Pani r\u00f3wnie\u017c jasno uzasadni\u0107, dlaczego tymczasowe zatrzymanie prawa jazdy b\u0119dzie mia\u0142o dla Pana\/Pani dodatkowe skutki, na przyk\u0142ad z powod\u00f3w medycznych, potrzeby posiadania prawa jazdy do pracy lub zobowi\u0105za\u0144 spo\u0142ecznych.<\/li><li><strong>Data i podpis:<\/strong> Aby wniosek by\u0142 kompletny, nale\u017cy go zamkn\u0105\u0107, wpisuj\u0105c prawid\u0142ow\u0105 dat\u0119 i sk\u0142adaj\u0105c podpis.<\/li><\/ul><p>Dobrze uzasadniony wniosek zgodny z tymi wytycznymi mo\u017ce pom\u00f3c Pa\u0144stwu odzyska\u0107 prawo jazdy po jego zatrzymaniu, zw\u0142aszcza w wyniku prowadzenia pojazdu pod wp\u0142ywem alkoholu. Bardzo wa\u017cne jest, aby potraktowa\u0107 t\u0119 procedur\u0119 powa\u017cnie i prawid\u0142owo poda\u0107 wszystkie wymagane informacje, aby zwi\u0119kszy\u0107 swoje szanse na sukces.<\/p>\t\t\t\t\t\t\t\t<\/div>\n\t\t\t\t<\/div>\n\t\t\t\t<div class=\"elementor-element elementor-element-4f7609e elementor-widget elementor-widget-spacer\" data-id=\"4f7609e\" data-element_type=\"widget\" data-e-type=\"widget\" data-widget_type=\"spacer.default\">\n\t\t\t\t<div class=\"elementor-widget-container\">\n\t\t\t\t\t\t\t<div class=\"elementor-spacer\">\n\t\t\t<div class=\"elementor-spacer-inner\"><\/div>\n\t\t<\/div>\n\t\t\t\t\t\t<\/div>\n\t\t\t\t<\/div>\n\t\t\t\t<div class=\"elementor-element elementor-element-14babba elementor-widget elementor-widget-heading\" data-id=\"14babba\" data-element_type=\"widget\" data-e-type=\"widget\" data-widget_type=\"heading.default\">\n\t\t\t\t<div class=\"elementor-widget-container\">\n\t\t\t\t\t<h3 class=\"elementor-heading-title elementor-size-default\">Uniewinniony<\/h3>\t\t\t\t<\/div>\n\t\t\t\t<\/div>\n\t\t\t\t<div class=\"elementor-element elementor-element-0753ab5 color-scheme-inherit text-left elementor-widget elementor-widget-text-editor\" data-id=\"0753ab5\" data-element_type=\"widget\" data-e-type=\"widget\" data-widget_type=\"text-editor.default\">\n\t\t\t\t<div class=\"elementor-widget-container\">\n\t\t\t\t\t\t\t\t\t<p>Kiedy zostan\u0119 uniewinniony?<br \/>Je\u015bli Twoje prawo jazdy zosta\u0142o cofni\u0119te, a s\u0119dzia uniewinni\u0142 Ci\u0119 lub prokurator postanowi\u0142 nie nak\u0142ada\u0107 kary, masz prawo ubiega\u0107 si\u0119 o odszkodowanie. Wniosek ten dotyczy strat finansowych, kt\u00f3re ponios\u0142e\u015b, poniewa\u017c nie mog\u0142e\u015b prowadzi\u0107 pojazdu z powodu cofni\u0119cia prawa jazdy. R\u00f3wnie\u017c ten wniosek o odszkodowanie zostanie sporz\u0105dzony i z\u0142o\u017cony w Twoim imieniu przez adwokata.<\/p>\t\t\t\t\t\t\t\t<\/div>\n\t\t\t\t<\/div>\n\t\t\t\t<div class=\"elementor-element elementor-element-22f2d46 elementor-widget elementor-widget-spacer\" data-id=\"22f2d46\" data-element_type=\"widget\" data-e-type=\"widget\" data-widget_type=\"spacer.default\">\n\t\t\t\t<div class=\"elementor-widget-container\">\n\t\t\t\t\t\t\t<div class=\"elementor-spacer\">\n\t\t\t<div class=\"elementor-spacer-inner\"><\/div>\n\t\t<\/div>\n\t\t\t\t\t\t<\/div>\n\t\t\t\t<\/div>\n\t\t\t\t<div class=\"elementor-element elementor-element-22a8b6e elementor-widget elementor-widget-heading\" data-id=\"22a8b6e\" data-element_type=\"widget\" data-e-type=\"widget\" data-widget_type=\"heading.default\">\n\t\t\t\t<div class=\"elementor-widget-container\">\n\t\t\t\t\t<h3 class=\"elementor-heading-title elementor-size-default\">Czy w przypadku zatrzymania prawa jazdy jest Pan\/Pani karany\/karana?<\/h3>\t\t\t\t<\/div>\n\t\t\t\t<\/div>\n\t\t\t\t<div class=\"elementor-element elementor-element-df51862 color-scheme-inherit text-left elementor-widget elementor-widget-text-editor\" data-id=\"df51862\" data-element_type=\"widget\" data-e-type=\"widget\" data-widget_type=\"text-editor.default\">\n\t\t\t\t<div class=\"elementor-widget-container\">\n\t\t\t\t\t\t\t\t\t<p>Nie, fakt, \u017ce Pana\/Pani prawo jazdy zosta\u0142o tymczasowo cofni\u0119te lub zabrane nie oznacza automatycznie, \u017ce b\u0119dzie Pan\/Pani notowany\/a w rejestrze karnym. Cofni\u0119cie prawa jazdy jest zazwyczaj \u015brodkiem administracyjnym podejmowanym z powodu wykrocze\u0144 drogowych, takich jak jazda pod wp\u0142ywem alkoholu lub powa\u017cne przekroczenie pr\u0119dko\u015bci. \u015arodek ten nie ma bezpo\u015bredniego wp\u0142ywu na Pana\/Pani rejestr karny.<\/p><p>Je\u015bli jednak zostanie Pan\/Pani skazany\/a za powa\u017cne wykroczenie drogowe, kt\u00f3re skutkuje odebraniem prawa jazdy, wyrok ten mo\u017ce pojawi\u0107 si\u0119 w Pana\/Pani rejestrze karnym, w zale\u017cno\u015bci od przepis\u00f3w ustawowych i wykonawczych obowi\u0105zuj\u0105cych w Pana\/Pani kraju. Wpis do rejestru karnego jest zazwyczaj wynikiem skazania za dzia\u0142alno\u015b\u0107 przest\u0119pcz\u0105, a nie tylko za wykroczenia drogowe.<\/p>\t\t\t\t\t\t\t\t<\/div>\n\t\t\t\t<\/div>\n\t\t\t\t<div class=\"elementor-element elementor-element-17a54f5 elementor-widget elementor-widget-spacer\" data-id=\"17a54f5\" data-element_type=\"widget\" data-e-type=\"widget\" data-widget_type=\"spacer.default\">\n\t\t\t\t<div class=\"elementor-widget-container\">\n\t\t\t\t\t\t\t<div class=\"elementor-spacer\">\n\t\t\t<div class=\"elementor-spacer-inner\"><\/div>\n\t\t<\/div>\n\t\t\t\t\t\t<\/div>\n\t\t\t\t<\/div>\n\t\t\t\t<div class=\"elementor-element elementor-element-feae0a4 elementor-widget elementor-widget-heading\" data-id=\"feae0a4\" data-element_type=\"widget\" data-e-type=\"widget\" data-widget_type=\"heading.default\">\n\t\t\t\t<div class=\"elementor-widget-container\">\n\t\t\t\t\t<h3 class=\"elementor-heading-title elementor-size-default\">Prawnik, kt\u00f3remu zatrzymano prawo jazdy<\/h3>\t\t\t\t<\/div>\n\t\t\t\t<\/div>\n\t\t\t\t<div class=\"elementor-element elementor-element-478a783 color-scheme-inherit text-left elementor-widget elementor-widget-text-editor\" data-id=\"478a783\" data-element_type=\"widget\" data-e-type=\"widget\" data-widget_type=\"text-editor.default\">\n\t\t\t\t<div class=\"elementor-widget-container\">\n\t\t\t\t\t\t\t\t\t<p>Utrata prawa jazdy, tymczasowa lub sta\u0142a, mo\u017ce mie\u0107 znacz\u0105cy wp\u0142yw na Pa\u0144stwa mobilno\u015b\u0107 i styl \u017cycia. Je\u015bli Pa\u0144stwa prawo jazdy zosta\u0142o skonfiskowane, wa\u017cne jest, aby uzyska\u0107 szybk\u0105 i skuteczn\u0105 porad\u0119 prawn\u0105.<\/p><p>Je\u015bli po up\u0142ywie 10 dni prokurator zdecyduje si\u0119 nie przyzna\u0107 zwrotu koszt\u00f3w pomimo Pana\/Pani wniosku, s\u0119dzia wys\u0142ucha Pana\/Pani skargi, kt\u00f3ra jest r\u00f3wnie\u017c znana prokuratorowi, na rozprawie. Na rozprawie s\u0119dzia zdecyduje, czy przyzna\u0107 Panu\/Pani tymczasowy zwrot koszt\u00f3w. Na rozprawie s\u0119dzia podejmie decyzj\u0119, czy odzyska Pan\/Pani prawo jazdy, czy te\u017c nie. Je\u015bli zatrudni\u0105 Pa\u0144stwo jednego z naszych prawnik\u00f3w specjalizuj\u0105cych si\u0119 w sprawach <a href=\"https:\/\/www.derbedrosian.nl\/pl\/jurysdykcje\/prawo-karne\/\">prawo karne<\/a>B\u0119d\u0105 oni wsp\u00f3\u0142pracowa\u0107 z Pa\u0144stwem w celu jak najszybszego odzyskania prawa jazdy.<\/p><p>Jak tylko skontaktuj\u0105 si\u0119 Pa\u0144stwo z <a href=\"https:\/\/www.derbedrosian.nl\/pl\/prawnicy-2\/\">nasi prawnicy<\/a>niezw\u0142ocznie podejmiemy kroki w celu odzyskania Pa\u0144stwa prawa jazdy.\u00a0<\/p>\t\t\t\t\t\t\t\t<\/div>\n\t\t\t\t<\/div>\n\t\t\t\t\t<\/div>\n\t\t\t\t<\/div>\n\t\t\t\t<\/div>","protected":false},"excerpt":{"rendered":"<p>jazda pod wp\u0142ywem alkoholu konfiskata prawa jazdy skonfiskowano mi prawo jazdy co teraz skarga na konfiskat\u0119 prawa jazdy skonfiskowano<\/p>","protected":false},"author":1,"featured_media":0,"parent":10047,"menu_order":0,"comment_status":"closed","ping_status":"closed","template":"","meta":{"footnotes":""},"class_list":["post-10547","page","type-page","status-publish","hentry"],"_links":{"self":[{"href":"https:\/\/www.derbedrosian.nl\/pl\/wp-json\/wp\/v2\/pages\/10547","targetHints":{"allow":["GET"]}}],"collection":[{"href":"https:\/\/www.derbedrosian.nl\/pl\/wp-json\/wp\/v2\/pages"}],"about":[{"href":"https:\/\/www.derbedrosian.nl\/pl\/wp-json\/wp\/v2\/types\/page"}],"author":[{"embeddable":true,"href":"https:\/\/www.derbedrosian.nl\/pl\/wp-json\/wp\/v2\/users\/1"}],"replies":[{"embeddable":true,"href":"https:\/\/www.derbedrosian.nl\/pl\/wp-json\/wp\/v2\/comments?post=10547"}],"version-history":[{"count":0,"href":"https:\/\/www.derbedrosian.nl\/pl\/wp-json\/wp\/v2\/pages\/10547\/revisions"}],"up":[{"embeddable":true,"href":"https:\/\/www.derbedrosian.nl\/pl\/wp-json\/wp\/v2\/pages\/10047"}],"wp:attachment":[{"href":"https:\/\/www.derbedrosian.nl\/pl\/wp-json\/wp\/v2\/media?parent=10547"}],"curies":[{"name":"wp","href":"https:\/\/api.w.org\/{rel}","templated":true}]}}