{"id":10533,"date":"2023-05-26T10:10:12","date_gmt":"2023-05-26T08:10:12","guid":{"rendered":"https:\/\/derbedrosian.nl\/?page_id=10533"},"modified":"2025-12-21T14:43:14","modified_gmt":"2025-12-21T12:43:14","slug":"konwersja-uslug-spolecznych","status":"publish","type":"page","link":"https:\/\/www.derbedrosian.nl\/pl\/rechtsgebieden\/strafrecht\/omzetting-taakstraf\/","title":{"rendered":"Konwersja pracy spo\u0142ecznej"},"content":{"rendered":"<div data-elementor-type=\"wp-page\" data-elementor-id=\"10533\" class=\"elementor elementor-10533\" data-elementor-post-type=\"page\">\n\t\t\t\t<div class=\"wd-negative-gap elementor-element elementor-element-403d65c e-flex e-con-boxed e-con e-parent\" data-id=\"403d65c\" data-element_type=\"container\" data-e-type=\"container\">\n\t\t\t\t\t<div class=\"e-con-inner\">\n\t\t\t\t<div class=\"elementor-element elementor-element-2bb423b elementor-hidden-desktop elementor-hidden-tablet elementor-hidden-mobile elementor-widget elementor-widget-wd_image_or_svg\" data-id=\"2bb423b\" data-element_type=\"widget\" data-e-type=\"widget\" id=\"seo-word\" data-widget_type=\"wd_image_or_svg.default\">\n\t\t\t\t<div class=\"elementor-widget-container\">\n\t\t\t\t\t\n\t\t<div class=\"wd-image text-left\">\n\t\t\t\t\t\t\t\t<img loading=\"lazy\" decoding=\"async\" width=\"1000\" height=\"667\" src=\"https:\/\/www.derbedrosian.nl\/wp-content\/uploads\/rechtsgebied-omzetting-taakstraf.jpg\" class=\"attachment-full size-full\" alt=\"Sprzeciw od wyroku skazuj\u0105cego na kar\u0119 pozbawienia wolno\u015bci w zwi\u0105zku z wykonywaniem prac spo\u0142ecznych\" srcset=\"https:\/\/www.derbedrosian.nl\/wp-content\/uploads\/rechtsgebied-omzetting-taakstraf.jpg 1000w, https:\/\/www.derbedrosian.nl\/wp-content\/uploads\/rechtsgebied-omzetting-taakstraf-400x267.jpg 400w, https:\/\/www.derbedrosian.nl\/wp-content\/uploads\/rechtsgebied-omzetting-taakstraf-768x512.jpg 768w\" sizes=\"auto, (max-width: 1000px) 100vw, 1000px\" title=\"\">\t\t\t\t\t<\/div>\n\n\t\t\t\t\t\t<\/div>\n\t\t\t\t<\/div>\n\t\t\t\t<div class=\"elementor-element elementor-element-d969056 elementor-hidden-desktop elementor-hidden-tablet elementor-hidden-mobile elementor-widget elementor-widget-heading\" data-id=\"d969056\" data-element_type=\"widget\" data-e-type=\"widget\" id=\"seo-word\" data-widget_type=\"heading.default\">\n\t\t\t\t<div class=\"elementor-widget-container\">\n\t\t\t\t\t<h2 class=\"elementor-heading-title elementor-size-default\">praca spo\u0142eczna <\/h2>\t\t\t\t<\/div>\n\t\t\t\t<\/div>\n\t\t\t\t<div class=\"elementor-element elementor-element-f918450 elementor-hidden-desktop elementor-hidden-tablet elementor-hidden-mobile elementor-widget elementor-widget-heading\" data-id=\"f918450\" data-element_type=\"widget\" data-e-type=\"widget\" id=\"seo-word\" data-widget_type=\"heading.default\">\n\t\t\t\t<div class=\"elementor-widget-container\">\n\t\t\t\t\t<h5 class=\"elementor-heading-title elementor-size-default\">zatrzymanie<\/h5>\t\t\t\t<\/div>\n\t\t\t\t<\/div>\n\t\t\t\t<div class=\"elementor-element elementor-element-0766c99 elementor-hidden-desktop elementor-hidden-tablet elementor-hidden-mobile elementor-widget elementor-widget-heading\" data-id=\"0766c99\" data-element_type=\"widget\" data-e-type=\"widget\" id=\"seo-word\" data-widget_type=\"heading.default\">\n\t\t\t\t<div class=\"elementor-widget-container\">\n\t\t\t\t\t<h5 class=\"elementor-heading-title elementor-size-default\">prawnik pracuj\u0105cy spo\u0142ecznie<\/h5>\t\t\t\t<\/div>\n\t\t\t\t<\/div>\n\t\t\t\t<div class=\"elementor-element elementor-element-8c493de elementor-hidden-desktop elementor-hidden-tablet elementor-hidden-mobile elementor-widget elementor-widget-heading\" data-id=\"8c493de\" data-element_type=\"widget\" data-e-type=\"widget\" id=\"seo-word\" data-widget_type=\"heading.default\">\n\t\t\t\t<div class=\"elementor-widget-container\">\n\t\t\t\t\t<h5 class=\"elementor-heading-title elementor-size-default\">sprzeciw wobec konwersji us\u0142ug spo\u0142ecznych<\/h5>\t\t\t\t<\/div>\n\t\t\t\t<\/div>\n\t\t\t\t<div class=\"elementor-element elementor-element-7875193 elementor-hidden-desktop elementor-hidden-tablet elementor-hidden-mobile elementor-widget elementor-widget-heading\" data-id=\"7875193\" data-element_type=\"widget\" data-e-type=\"widget\" id=\"seo-word\" data-widget_type=\"heading.default\">\n\t\t\t\t<div class=\"elementor-widget-container\">\n\t\t\t\t\t<h5 class=\"elementor-heading-title elementor-size-default\">decyzja trybuna\u0142u sprawiedliwo\u015bci w sprawie zamiany pracy na cele spo\u0142eczne na zast\u0119pcz\u0105 kar\u0119 pozbawienia wolno\u015bci odwo\u0142anie od zamiany pracy na cele spo\u0142eczne<\/h5>\t\t\t\t<\/div>\n\t\t\t\t<\/div>\n\t\t\t\t<div class=\"elementor-element elementor-element-c589aee elementor-hidden-desktop elementor-hidden-tablet elementor-hidden-mobile elementor-widget elementor-widget-heading\" data-id=\"c589aee\" data-element_type=\"widget\" data-e-type=\"widget\" id=\"seo-word\" data-widget_type=\"heading.default\">\n\t\t\t\t<div class=\"elementor-widget-container\">\n\t\t\t\t\t<h5 class=\"elementor-heading-title elementor-size-default\">wymiar sprawiedliwo\u015bci postanawia zamieni\u0107 prace spo\u0142eczne<\/h5>\t\t\t\t<\/div>\n\t\t\t\t<\/div>\n\t\t\t\t<div class=\"elementor-element elementor-element-33515d8 elementor-hidden-desktop elementor-hidden-tablet elementor-hidden-mobile elementor-widget elementor-widget-heading\" data-id=\"33515d8\" data-element_type=\"widget\" data-e-type=\"widget\" id=\"seo-word\" data-widget_type=\"heading.default\">\n\t\t\t\t<div class=\"elementor-widget-container\">\n\t\t\t\t\t<h5 class=\"elementor-heading-title elementor-size-default\">sprzeciw wobec konwersji<\/h5>\t\t\t\t<\/div>\n\t\t\t\t<\/div>\n\t\t\t\t<div class=\"elementor-element elementor-element-9979f10 color-scheme-inherit text-left elementor-widget elementor-widget-text-editor\" data-id=\"9979f10\" data-element_type=\"widget\" data-e-type=\"widget\" data-widget_type=\"text-editor.default\">\n\t\t\t\t<div class=\"elementor-widget-container\">\n\t\t\t\t\t\t\t\t\t<p><strong>Konwersja prac spo\u0142ecznych ma miejsce, gdy wykonywanie prac spo\u0142ecznych nie przebiega zgodnie z planem lub nie jest zako\u0144czone w terminie. W Holandii system prac spo\u0142ecznych jest powszechn\u0105 form\u0105 karania za drobne przest\u0119pstwa.<\/strong><\/p><p><strong>W niniejszym tek\u015bcie omawiamy kwesti\u0119 przekszta\u0142cania wyrok\u00f3w skazuj\u0105cych na prace spo\u0142eczne w Holandii, sytuacje, w kt\u00f3rych mo\u017ce to mie\u0107 miejsce, oraz sposoby wyra\u017cania sprzeciwu wobec takiego przekszta\u0142cenia.<\/strong><\/p>\t\t\t\t\t\t\t\t<\/div>\n\t\t\t\t<\/div>\n\t\t\t\t<div class=\"elementor-element elementor-element-8629b9d elementor-widget elementor-widget-spacer\" data-id=\"8629b9d\" data-element_type=\"widget\" data-e-type=\"widget\" data-widget_type=\"spacer.default\">\n\t\t\t\t<div class=\"elementor-widget-container\">\n\t\t\t\t\t\t\t<div class=\"elementor-spacer\">\n\t\t\t<div class=\"elementor-spacer-inner\"><\/div>\n\t\t<\/div>\n\t\t\t\t\t\t<\/div>\n\t\t\t\t<\/div>\n\t\t\t\t<div class=\"elementor-element elementor-element-41d21d2 elementor-widget elementor-widget-heading\" data-id=\"41d21d2\" data-element_type=\"widget\" data-e-type=\"widget\" data-widget_type=\"heading.default\">\n\t\t\t\t<div class=\"elementor-widget-container\">\n\t\t\t\t\t<h3 class=\"elementor-heading-title elementor-size-default\">Czym jest praca spo\u0142eczna? <\/h3>\t\t\t\t<\/div>\n\t\t\t\t<\/div>\n\t\t\t\t<div class=\"elementor-element elementor-element-2884d5e color-scheme-inherit text-left elementor-widget elementor-widget-text-editor\" data-id=\"2884d5e\" data-element_type=\"widget\" data-e-type=\"widget\" data-widget_type=\"text-editor.default\">\n\t\t\t\t<div class=\"elementor-widget-container\">\n\t\t\t\t\t\t\t\t\t<p>Prace spo\u0142eczne to forma kary stosowana w przypadku drobnych wykrocze\u0144. Kiedy otrzymuje Pan\/Pani prace spo\u0142eczne, jest Pan\/Pani zobowi\u0105zany\/a do wykonywania nieodp\u0142atnej pracy. W Holandii s\u0119dzia mo\u017ce przyzna\u0107 Panu maksymalnie 240 godzin prac spo\u0142ecznych za wykroczenie. Opr\u00f3cz prac spo\u0142ecznych mo\u017ce Pan\/Pani otrzyma\u0107 inne kary, przy czym maksymalna kara pozbawienia wolno\u015bci w po\u0142\u0105czeniu z pracami spo\u0142ecznymi wynosi 6 miesi\u0119cy.<\/p>\t\t\t\t\t\t\t\t<\/div>\n\t\t\t\t<\/div>\n\t\t\t\t<div class=\"elementor-element elementor-element-714b365 elementor-widget elementor-widget-spacer\" data-id=\"714b365\" data-element_type=\"widget\" data-e-type=\"widget\" data-widget_type=\"spacer.default\">\n\t\t\t\t<div class=\"elementor-widget-container\">\n\t\t\t\t\t\t\t<div class=\"elementor-spacer\">\n\t\t\t<div class=\"elementor-spacer-inner\"><\/div>\n\t\t<\/div>\n\t\t\t\t\t\t<\/div>\n\t\t\t\t<\/div>\n\t\t\t\t<div class=\"elementor-element elementor-element-7a9f2e5 elementor-widget elementor-widget-heading\" data-id=\"7a9f2e5\" data-element_type=\"widget\" data-e-type=\"widget\" data-widget_type=\"heading.default\">\n\t\t\t\t<div class=\"elementor-widget-container\">\n\t\t\t\t\t<h3 class=\"elementor-heading-title elementor-size-default\">Konwersja pracy spo\u0142ecznej<\/h3>\t\t\t\t<\/div>\n\t\t\t\t<\/div>\n\t\t\t\t<div class=\"elementor-element elementor-element-65b8c0f color-scheme-inherit text-left elementor-widget elementor-widget-text-editor\" data-id=\"65b8c0f\" data-element_type=\"widget\" data-e-type=\"widget\" data-widget_type=\"text-editor.default\">\n\t\t\t\t<div class=\"elementor-widget-container\">\n\t\t\t\t\t\t\t\t\t<p>Og\u00f3lnie rzecz bior\u0105c, prace spo\u0142eczne w Holandii s\u0105 zazwyczaj dobrze wykonywane, co jest wa\u017cne dla naszego wymiaru sprawiedliwo\u015bci. Czasami jednak, niestety, sprawy nie id\u0105 zgodnie z planem. Je\u015bli kto\u015b nie uko\u0144czy prac spo\u0142ecznych w terminie lub je\u015bli kurator s\u0105dowy uzna, \u017ce nie przebieg\u0142y one prawid\u0142owo, mo\u017ce doj\u015b\u0107 do nast\u0119puj\u0105cych sytuacji:<\/p><p>Po pierwsze, kurator s\u0105dowy wydaje negatywn\u0105 opini\u0119 prokuratorowi (OM). Oznacza to, \u017ce dana osoba nie wykonywa\u0142a dobrze swoich prac spo\u0142ecznych. Nast\u0119pnie mo\u017ce wydarzy\u0107 si\u0119 kilka rzeczy:<\/p><ul><li><strong>Dodatkowe prace spo\u0142eczne:<\/strong> Prokurator mo\u017ce zdecydowa\u0107 o powierzeniu danej osobie dodatkowych zada\u0144 w celu wykonania pierwotnych prac spo\u0142ecznych.<\/li><li><strong>Kara pozbawienia wolno\u015bci:<\/strong> Czasami prokuratura mo\u017ce podj\u0105\u0107 decyzj\u0119 o zast\u0105pieniu prac spo\u0142ecznych okresem pozbawienia wolno\u015bci, je\u015bli dana osoba konsekwentnie nie wykonuje wymaganych czynno\u015bci.<\/li><\/ul><p>Nale\u017cy pami\u0119ta\u0107, \u017ce kuratorzy s\u0105dowi i prokuratura zawsze staraj\u0105 si\u0119 post\u0119powa\u0107 uczciwie i sprawiedliwie. Analizuj\u0105 one sytuacj\u0119 danej osoby i staraj\u0105 si\u0119 znale\u017a\u0107 rozwi\u0105zania, kt\u00f3re zar\u00f3wno chroni\u0105 spo\u0142ecze\u0144stwo, jak i pomagaj\u0105 danej osobie w wype\u0142nianiu jej obowi\u0105zk\u00f3w. Je\u015bli wyst\u0105pi\u0105 problemy z prac\u0105 spo\u0142eczn\u0105, warto zasi\u0119gn\u0105\u0107 porady prawnej, aby wiedzie\u0107, co nale\u017cy zrobi\u0107 i co mo\u017ce si\u0119 wydarzy\u0107.<\/p>\t\t\t\t\t\t\t\t<\/div>\n\t\t\t\t<\/div>\n\t\t\t\t<div class=\"elementor-element elementor-element-3c7c1c1 elementor-widget elementor-widget-spacer\" data-id=\"3c7c1c1\" data-element_type=\"widget\" data-e-type=\"widget\" data-widget_type=\"spacer.default\">\n\t\t\t\t<div class=\"elementor-widget-container\">\n\t\t\t\t\t\t\t<div class=\"elementor-spacer\">\n\t\t\t<div class=\"elementor-spacer-inner\"><\/div>\n\t\t<\/div>\n\t\t\t\t\t\t<\/div>\n\t\t\t\t<\/div>\n\t\t\t\t<div class=\"elementor-element elementor-element-ed68faa elementor-widget elementor-widget-heading\" data-id=\"ed68faa\" data-element_type=\"widget\" data-e-type=\"widget\" data-widget_type=\"heading.default\">\n\t\t\t\t<div class=\"elementor-widget-container\">\n\t\t\t\t\t<h3 class=\"elementor-heading-title elementor-size-default\">Kiedy otrzymuje Pan\/Pani prace spo\u0142eczne? <\/h3>\t\t\t\t<\/div>\n\t\t\t\t<\/div>\n\t\t\t\t<div class=\"elementor-element elementor-element-37dae41 color-scheme-inherit text-left elementor-widget elementor-widget-text-editor\" data-id=\"37dae41\" data-element_type=\"widget\" data-e-type=\"widget\" data-widget_type=\"text-editor.default\">\n\t\t\t\t<div class=\"elementor-widget-container\">\n\t\t\t\t\t\t\t\t\t<p>Prace spo\u0142eczne to kara za drobne wykroczenia, kt\u00f3re wymagaj\u0105 od Pana\/Pani wykonania nieodp\u0142atnej pracy. S\u0105d mo\u017ce na\u0142o\u017cy\u0107 do 240 godzin prac spo\u0142ecznych za wykroczenie, cz\u0119sto w po\u0142\u0105czeniu z innymi karami, takimi jak kara pozbawienia wolno\u015bci, nadz\u00f3r kuratorski lub grzywna. W po\u0142\u0105czeniu z pracami spo\u0142ecznymi maksymalna kara pozbawienia wolno\u015bci wynosi 6 miesi\u0119cy.<\/p>\t\t\t\t\t\t\t\t<\/div>\n\t\t\t\t<\/div>\n\t\t\t\t<div class=\"elementor-element elementor-element-f9d5486 elementor-widget elementor-widget-spacer\" data-id=\"f9d5486\" data-element_type=\"widget\" data-e-type=\"widget\" data-widget_type=\"spacer.default\">\n\t\t\t\t<div class=\"elementor-widget-container\">\n\t\t\t\t\t\t\t<div class=\"elementor-spacer\">\n\t\t\t<div class=\"elementor-spacer-inner\"><\/div>\n\t\t<\/div>\n\t\t\t\t\t\t<\/div>\n\t\t\t\t<\/div>\n\t\t\t\t<div class=\"elementor-element elementor-element-0454f61 elementor-widget elementor-widget-heading\" data-id=\"0454f61\" data-element_type=\"widget\" data-e-type=\"widget\" data-widget_type=\"heading.default\">\n\t\t\t\t<div class=\"elementor-widget-container\">\n\t\t\t\t\t<h3 class=\"elementor-heading-title elementor-size-default\">Zatrzymanie<\/h3>\t\t\t\t<\/div>\n\t\t\t\t<\/div>\n\t\t\t\t<div class=\"elementor-element elementor-element-262b18b color-scheme-inherit text-left elementor-widget elementor-widget-text-editor\" data-id=\"262b18b\" data-element_type=\"widget\" data-e-type=\"widget\" data-widget_type=\"text-editor.default\">\n\t\t\t\t<div class=\"elementor-widget-container\">\n\t\t\t\t\t\t\t\t\t<p>W prawie wszystkich przypadkach prokurator zdecyduje, \u017ce niewykonana cz\u0119\u015b\u0107 prac spo\u0142ecznych zostanie zast\u0105piona aresztem zast\u0119pczym. Jest to tzw. zamiana prac spo\u0142ecznych na areszt zast\u0119pczy. Oznacza to, \u017ce za ka\u017cde 2 godziny nieprzepracowane w ramach prac spo\u0142ecznych zostanie wykonany 1 dzie\u0144 aresztu zast\u0119pczego.<\/p><p>Osoba ta musi nast\u0119pnie sp\u0119dzi\u0107 okre\u015blon\u0105 ilo\u015b\u0107 czasu w zak\u0142adzie karnym zamiast wykonywania pozosta\u0142ych prac spo\u0142ecznych. Dok\u0142adna d\u0142ugo\u015b\u0107 aresztu zast\u0119pczego jest cz\u0119sto obliczana na podstawie wsp\u00f3\u0142czynnika, np. 1 dzie\u0144 aresztu za ka\u017cde 2 godziny nieuko\u0144czonych prac spo\u0142ecznych.<\/p>\t\t\t\t\t\t\t\t<\/div>\n\t\t\t\t<\/div>\n\t\t\t\t<div class=\"elementor-element elementor-element-b8767c6 elementor-widget elementor-widget-spacer\" data-id=\"b8767c6\" data-element_type=\"widget\" data-e-type=\"widget\" data-widget_type=\"spacer.default\">\n\t\t\t\t<div class=\"elementor-widget-container\">\n\t\t\t\t\t\t\t<div class=\"elementor-spacer\">\n\t\t\t<div class=\"elementor-spacer-inner\"><\/div>\n\t\t<\/div>\n\t\t\t\t\t\t<\/div>\n\t\t\t\t<\/div>\n\t\t\t\t<div class=\"elementor-element elementor-element-b306af1 elementor-widget elementor-widget-heading\" data-id=\"b306af1\" data-element_type=\"widget\" data-e-type=\"widget\" data-widget_type=\"heading.default\">\n\t\t\t\t<div class=\"elementor-widget-container\">\n\t\t\t\t\t<h3 class=\"elementor-heading-title elementor-size-default\">Sprzeciw wobec zamiany pracy spo\u0142ecznej  <\/h3>\t\t\t\t<\/div>\n\t\t\t\t<\/div>\n\t\t\t\t<div class=\"elementor-element elementor-element-f6bf1d4 color-scheme-inherit text-left elementor-widget elementor-widget-text-editor\" data-id=\"f6bf1d4\" data-element_type=\"widget\" data-e-type=\"widget\" data-widget_type=\"text-editor.default\">\n\t\t\t\t<div class=\"elementor-widget-container\">\n\t\t\t\t\t\t\t\t\t<p>Po powiadomieniu osoby skazanej o konwersji, ma ona 14 dni na odwo\u0142anie si\u0119 od tej decyzji. W tym kluczowym okresie zdecydowanie zaleca si\u0119 skorzystanie z profesjonalnej porady prawnej.<\/p><p>Zawiadomienie o apelacji, kt\u00f3re jest wa\u017cnym dokumentem prawnym, mo\u017cna z\u0142o\u017cy\u0107 do s\u0119dziego, kt\u00f3ry pierwotnie na\u0142o\u017cy\u0142 wyrok. Prawid\u0142owe sporz\u0105dzenie tego odwo\u0142ania wymaga dog\u0142\u0119bnej znajomo\u015bci procesu prawnego i odpowiednich przepis\u00f3w.<\/p><p>Kancelaria prawna Derbedrosian ma <a href=\"https:\/\/www.derbedrosian.nl\/pl\/prawnicy-2\/\">wyspecjalizowani prawnicy specjalizuj\u0105cy si\u0119 w sprawach karnych<\/a> kt\u00f3rzy rozumiej\u0105, jak najlepiej przedstawi\u0107 Pa\u0144stwa spraw\u0119, aby zapobiec z\u0142agodzeniu wyroku za prace spo\u0142eczne. Jeste\u015bmy gotowi Pa\u0144stwu pom\u00f3c i reprezentowa\u0107 Pa\u0144stwa interesy.<\/p>\t\t\t\t\t\t\t\t<\/div>\n\t\t\t\t<\/div>\n\t\t\t\t\t<\/div>\n\t\t\t\t<\/div>\n\t\t\t\t<\/div>","protected":false},"excerpt":{"rendered":"<p>praca spo\u0142eczna zatrzymanie praca spo\u0142eczna adwokat sprzeciw wobec zamiany pracy spo\u0142ecznej na areszt zast\u0119pczy decyzja o zamianie pracy spo\u0142ecznej na areszt zast\u0119pczy sprzeciw wobec zamiany pracy spo\u0142ecznej na areszt zast\u0119pczy<\/p>","protected":false},"author":1,"featured_media":0,"parent":10047,"menu_order":0,"comment_status":"closed","ping_status":"closed","template":"","meta":{"footnotes":""},"class_list":["post-10533","page","type-page","status-publish","hentry"],"_links":{"self":[{"href":"https:\/\/www.derbedrosian.nl\/pl\/wp-json\/wp\/v2\/pages\/10533","targetHints":{"allow":["GET"]}}],"collection":[{"href":"https:\/\/www.derbedrosian.nl\/pl\/wp-json\/wp\/v2\/pages"}],"about":[{"href":"https:\/\/www.derbedrosian.nl\/pl\/wp-json\/wp\/v2\/types\/page"}],"author":[{"embeddable":true,"href":"https:\/\/www.derbedrosian.nl\/pl\/wp-json\/wp\/v2\/users\/1"}],"replies":[{"embeddable":true,"href":"https:\/\/www.derbedrosian.nl\/pl\/wp-json\/wp\/v2\/comments?post=10533"}],"version-history":[{"count":0,"href":"https:\/\/www.derbedrosian.nl\/pl\/wp-json\/wp\/v2\/pages\/10533\/revisions"}],"up":[{"embeddable":true,"href":"https:\/\/www.derbedrosian.nl\/pl\/wp-json\/wp\/v2\/pages\/10047"}],"wp:attachment":[{"href":"https:\/\/www.derbedrosian.nl\/pl\/wp-json\/wp\/v2\/media?parent=10533"}],"curies":[{"name":"wp","href":"https:\/\/api.w.org\/{rel}","templated":true}]}}