{"id":10528,"date":"2023-05-26T10:02:17","date_gmt":"2023-05-26T08:02:17","guid":{"rendered":"https:\/\/derbedrosian.nl\/?page_id=10528"},"modified":"2025-12-21T14:40:36","modified_gmt":"2025-12-21T12:40:36","slug":"wysluchanie-decyzji-o-nalozeniu-kary","status":"publish","type":"page","link":"https:\/\/www.derbedrosian.nl\/pl\/rechtsgebieden\/strafrecht\/om-zitting-strafbeschikking\/","title":{"rendered":"Przes\u0142uchanie prokuratora \/ nakaz karny"},"content":{"rendered":"<div data-elementor-type=\"wp-page\" data-elementor-id=\"10528\" class=\"elementor elementor-10528\" data-elementor-post-type=\"page\">\n\t\t\t\t<div class=\"wd-negative-gap elementor-element elementor-element-0b266c1 e-flex e-con-boxed e-con e-parent\" data-id=\"0b266c1\" data-element_type=\"container\" data-e-type=\"container\">\n\t\t\t\t\t<div class=\"e-con-inner\">\n\t\t\t\t<div class=\"elementor-element elementor-element-fe57f7f elementor-hidden-desktop elementor-hidden-tablet elementor-hidden-mobile elementor-widget elementor-widget-wd_image_or_svg\" data-id=\"fe57f7f\" data-element_type=\"widget\" data-e-type=\"widget\" id=\"seo-word\" data-widget_type=\"wd_image_or_svg.default\">\n\t\t\t\t<div class=\"elementor-widget-container\">\n\t\t\t\t\t\n\t\t<div class=\"wd-image text-left\">\n\t\t\t\t\t\t\t\t<img loading=\"lazy\" decoding=\"async\" width=\"1000\" height=\"667\" src=\"https:\/\/www.derbedrosian.nl\/wp-content\/uploads\/rechtsgebied-om-zitting-strafbeschikking.jpg\" class=\"attachment-full size-full\" alt=\"Prokurator przes\u0142uchanie kara adwokat odszkodowanie praca spo\u0142eczna prokurator\" srcset=\"https:\/\/www.derbedrosian.nl\/wp-content\/uploads\/rechtsgebied-om-zitting-strafbeschikking.jpg 1000w, https:\/\/www.derbedrosian.nl\/wp-content\/uploads\/rechtsgebied-om-zitting-strafbeschikking-400x267.jpg 400w, https:\/\/www.derbedrosian.nl\/wp-content\/uploads\/rechtsgebied-om-zitting-strafbeschikking-768x512.jpg 768w\" sizes=\"auto, (max-width: 1000px) 100vw, 1000px\" title=\"\">\t\t\t\t\t<\/div>\n\n\t\t\t\t\t\t<\/div>\n\t\t\t\t<\/div>\n\t\t\t\t<div class=\"elementor-element elementor-element-99bc5a8 elementor-hidden-desktop elementor-hidden-tablet elementor-hidden-mobile elementor-widget elementor-widget-heading\" data-id=\"99bc5a8\" data-element_type=\"widget\" data-e-type=\"widget\" id=\"seo-word\" data-widget_type=\"heading.default\">\n\t\t\t\t<div class=\"elementor-widget-container\">\n\t\t\t\t\t<h2 class=\"elementor-heading-title elementor-size-default\">kara<\/h2>\t\t\t\t<\/div>\n\t\t\t\t<\/div>\n\t\t\t\t<div class=\"elementor-element elementor-element-6bf90c9 elementor-hidden-desktop elementor-hidden-tablet elementor-hidden-mobile elementor-widget elementor-widget-heading\" data-id=\"6bf90c9\" data-element_type=\"widget\" data-e-type=\"widget\" id=\"seo-word\" data-widget_type=\"heading.default\">\n\t\t\t\t<div class=\"elementor-widget-container\">\n\t\t\t\t\t<h5 class=\"elementor-heading-title elementor-size-default\">adwokat od wyrok\u00f3w karnych<\/h5>\t\t\t\t<\/div>\n\t\t\t\t<\/div>\n\t\t\t\t<div class=\"elementor-element elementor-element-bf79948 elementor-hidden-desktop elementor-hidden-tablet elementor-hidden-mobile elementor-widget elementor-widget-heading\" data-id=\"bf79948\" data-element_type=\"widget\" data-e-type=\"widget\" id=\"seo-word\" data-widget_type=\"heading.default\">\n\t\t\t\t<div class=\"elementor-widget-container\">\n\t\t\t\t\t<h5 class=\"elementor-heading-title elementor-size-default\">rejestr karny<\/h5>\t\t\t\t<\/div>\n\t\t\t\t<\/div>\n\t\t\t\t<div class=\"elementor-element elementor-element-9f71664 elementor-hidden-desktop elementor-hidden-tablet elementor-hidden-mobile elementor-widget elementor-widget-heading\" data-id=\"9f71664\" data-element_type=\"widget\" data-e-type=\"widget\" id=\"seo-word\" data-widget_type=\"heading.default\">\n\t\t\t\t<div class=\"elementor-widget-container\">\n\t\t\t\t\t<h5 class=\"elementor-heading-title elementor-size-default\">przepis karny <\/h5>\t\t\t\t<\/div>\n\t\t\t\t<\/div>\n\t\t\t\t<div class=\"elementor-element elementor-element-910a13e elementor-hidden-desktop elementor-hidden-tablet elementor-hidden-mobile elementor-widget elementor-widget-heading\" data-id=\"910a13e\" data-element_type=\"widget\" data-e-type=\"widget\" id=\"seo-word\" data-widget_type=\"heading.default\">\n\t\t\t\t<div class=\"elementor-widget-container\">\n\t\t\t\t\t<h5 class=\"elementor-heading-title elementor-size-default\">adwokat w sprawach karnych enschede<\/h5>\t\t\t\t<\/div>\n\t\t\t\t<\/div>\n\t\t\t\t<div class=\"elementor-element elementor-element-782b207 elementor-hidden-desktop elementor-hidden-tablet elementor-hidden-mobile elementor-widget elementor-widget-heading\" data-id=\"782b207\" data-element_type=\"widget\" data-e-type=\"widget\" id=\"seo-word\" data-widget_type=\"heading.default\">\n\t\t\t\t<div class=\"elementor-widget-container\">\n\t\t\t\t\t<h5 class=\"elementor-heading-title elementor-size-default\">adwokat prawo karne enschede<\/h5>\t\t\t\t<\/div>\n\t\t\t\t<\/div>\n\t\t\t\t<div class=\"elementor-element elementor-element-35e004e elementor-hidden-desktop elementor-hidden-tablet elementor-hidden-mobile elementor-widget elementor-widget-heading\" data-id=\"35e004e\" data-element_type=\"widget\" data-e-type=\"widget\" id=\"seo-word\" data-widget_type=\"heading.default\">\n\t\t\t\t<div class=\"elementor-widget-container\">\n\t\t\t\t\t<h5 class=\"elementor-heading-title elementor-size-default\">prawo karne enschede<\/h5>\t\t\t\t<\/div>\n\t\t\t\t<\/div>\n\t\t\t\t<div class=\"elementor-element elementor-element-7a93bac elementor-hidden-desktop elementor-hidden-tablet elementor-hidden-mobile elementor-widget elementor-widget-heading\" data-id=\"7a93bac\" data-element_type=\"widget\" data-e-type=\"widget\" id=\"seo-word\" data-widget_type=\"heading.default\">\n\t\t\t\t<div class=\"elementor-widget-container\">\n\t\t\t\t\t<h5 class=\"elementor-heading-title elementor-size-default\">adwokat prawo karne overijssel<\/h5>\t\t\t\t<\/div>\n\t\t\t\t<\/div>\n\t\t\t\t<div class=\"elementor-element elementor-element-1e463a4 elementor-hidden-desktop elementor-hidden-tablet elementor-hidden-mobile elementor-widget elementor-widget-heading\" data-id=\"1e463a4\" data-element_type=\"widget\" data-e-type=\"widget\" id=\"seo-word\" data-widget_type=\"heading.default\">\n\t\t\t\t<div class=\"elementor-widget-container\">\n\t\t\t\t\t<h5 class=\"elementor-heading-title elementor-size-default\">prokuratura okr\u0119gowa prokuratura rejonowa dom bezpiecze\u0144stwa co to jest przes\u0142uchanie w sprawie przekszta\u0142cenia przes\u0142uchanie w sprawie przekszta\u0142cenia<\/h5>\t\t\t\t<\/div>\n\t\t\t\t<\/div>\n\t\t\t\t<div class=\"elementor-element elementor-element-60a8f6c elementor-hidden-desktop elementor-hidden-tablet elementor-hidden-mobile elementor-widget elementor-widget-heading\" data-id=\"60a8f6c\" data-element_type=\"widget\" data-e-type=\"widget\" id=\"seo-word\" data-widget_type=\"heading.default\">\n\t\t\t\t<div class=\"elementor-widget-container\">\n\t\t\t\t\t<h5 class=\"elementor-heading-title elementor-size-default\">ugoda karna co to jest sesja om, kiedy<\/h5>\t\t\t\t<\/div>\n\t\t\t\t<\/div>\n\t\t\t\t<div class=\"elementor-element elementor-element-a4fa625 color-scheme-inherit text-left elementor-widget elementor-widget-text-editor\" data-id=\"a4fa625\" data-element_type=\"widget\" data-e-type=\"widget\" data-widget_type=\"text-editor.default\">\n\t\t\t\t<div class=\"elementor-widget-container\">\n\t\t\t\t\t\t\t\t\t<p><strong>W Holandii przes\u0142uchanie w trybie OM \/ nakaz karny odgrywa wa\u017cn\u0105 rol\u0119 w procesie wymiaru sprawiedliwo\u015bci w sprawach karnych. Procedura ta umo\u017cliwia oskar\u017conym rozstrzygni\u0119cie niekt\u00f3rych spraw bez konieczno\u015bci stawienia si\u0119 w s\u0105dzie. Nakaz karny jest \u015bcigany przez prokuratora. W niniejszym tek\u015bcie om\u00f3wimy, czym jest przes\u0142uchanie przez prokuratora, jak ono dzia\u0142a i jakie mog\u0105 by\u0107 jego konsekwencje dla os\u00f3b w nim uczestnicz\u0105cych.<\/strong><\/p>\t\t\t\t\t\t\t\t<\/div>\n\t\t\t\t<\/div>\n\t\t\t\t<div class=\"elementor-element elementor-element-5690a34 elementor-widget elementor-widget-spacer\" data-id=\"5690a34\" data-element_type=\"widget\" data-e-type=\"widget\" data-widget_type=\"spacer.default\">\n\t\t\t\t<div class=\"elementor-widget-container\">\n\t\t\t\t\t\t\t<div class=\"elementor-spacer\">\n\t\t\t<div class=\"elementor-spacer-inner\"><\/div>\n\t\t<\/div>\n\t\t\t\t\t\t<\/div>\n\t\t\t\t<\/div>\n\t\t\t\t<div class=\"elementor-element elementor-element-9601cdf elementor-widget elementor-widget-heading\" data-id=\"9601cdf\" data-element_type=\"widget\" data-e-type=\"widget\" data-widget_type=\"heading.default\">\n\t\t\t\t<div class=\"elementor-widget-container\">\n\t\t\t\t\t<h3 class=\"elementor-heading-title elementor-size-default\">Czym jest przes\u0142uchanie\/nakaz ukarania OM?\n<\/h3>\t\t\t\t<\/div>\n\t\t\t\t<\/div>\n\t\t\t\t<div class=\"elementor-element elementor-element-21b2bb4 color-scheme-inherit text-left elementor-widget elementor-widget-text-editor\" data-id=\"21b2bb4\" data-element_type=\"widget\" data-e-type=\"widget\" data-widget_type=\"text-editor.default\">\n\t\t\t\t<div class=\"elementor-widget-container\">\n\t\t\t\t\t\t\t\t\t<p>Przes\u0142uchanie OM, znane r\u00f3wnie\u017c jako nakaz karny, to procedura prawna, w ramach kt\u00f3rej oskar\u017cony spotyka si\u0119 z prokuratorem w celu om\u00f3wienia<\/p><p>W post\u0119powaniu karnym sprawa jest rozstrzygana bez udzia\u0142u s\u0119dziego. Proces ten jest zwykle stosowany w przypadkach drobnych przest\u0119pstw, w kt\u00f3rych prokurator uwa\u017ca, \u017ce nakaz karny jest odpowiedni. W tym artykule przyjrzymy si\u0119 bli\u017cej temu, z czym wi\u0105\u017ce si\u0119 rozprawa OM lub nakaz skazuj\u0105cy, co dzieje si\u0119 podczas takiej rozprawy i jak wp\u0142ywa ona na Pa\u0144stwa rejestr karny.<\/p><p>Obecnie prokurator mo\u017ce wys\u0142a\u0107 Panu\/Pani pismo z pro\u015bb\u0105 o stawienie si\u0119 na przes\u0142uchanie, kt\u00f3re nazywane jest przes\u0142uchaniem OM. Pismo zawiera informacj\u0119, \u017ce prokurator rozwa\u017ca skazanie Pana\/Pani. Zanim to nast\u0105pi, prokurator chce najpierw z Panem\/Pani\u0105 porozmawia\u0107. Kara ta nazywana jest nakazem karnym i mo\u017ce zawiera\u0107 r\u00f3\u017cne elementy, takie jak grzywny lub zasady, kt\u00f3rych musi Pan\/Pani przestrzega\u0107. Prokurator musi z Panem\/Pani\u0105 porozmawia\u0107 przed na\u0142o\u017ceniem kary. Je\u015bli zgodzi si\u0119 Pan\/Pani na kar\u0119 porz\u0105dkow\u0105, nie musi Pan\/Pani stawi\u0107 si\u0119 w s\u0105dzie.<\/p><p>Nale\u017cy pami\u0119ta\u0107, \u017ce je\u015bli otrzyma\u0142(a) Pan(i) wezwanie na przes\u0142uchanie\/nakaz karny OM, zaleca si\u0119 niezw\u0142oczne skontaktowanie si\u0119 z prawnikiem. Prawnik mo\u017ce doradzi\u0107 Panu\/Pani w zakresie Pana\/Pani praw i opcji oraz pom\u00f3c Panu\/Pani w trakcie ca\u0142ego procesu.<\/p>\t\t\t\t\t\t\t\t<\/div>\n\t\t\t\t<\/div>\n\t\t\t\t<div class=\"elementor-element elementor-element-222306a elementor-widget elementor-widget-spacer\" data-id=\"222306a\" data-element_type=\"widget\" data-e-type=\"widget\" data-widget_type=\"spacer.default\">\n\t\t\t\t<div class=\"elementor-widget-container\">\n\t\t\t\t\t\t\t<div class=\"elementor-spacer\">\n\t\t\t<div class=\"elementor-spacer-inner\"><\/div>\n\t\t<\/div>\n\t\t\t\t\t\t<\/div>\n\t\t\t\t<\/div>\n\t\t\t\t<div class=\"elementor-element elementor-element-d23d450 elementor-widget elementor-widget-heading\" data-id=\"d23d450\" data-element_type=\"widget\" data-e-type=\"widget\" data-widget_type=\"heading.default\">\n\t\t\t\t<div class=\"elementor-widget-container\">\n\t\t\t\t\t<h3 class=\"elementor-heading-title elementor-size-default\">Wpis do rejestru karnego po rozprawie w sprawie OM \/ nakazie ukarania?\n<\/h3>\t\t\t\t<\/div>\n\t\t\t\t<\/div>\n\t\t\t\t<div class=\"elementor-element elementor-element-54e17cc color-scheme-inherit text-left elementor-widget elementor-widget-text-editor\" data-id=\"54e17cc\" data-element_type=\"widget\" data-e-type=\"widget\" data-widget_type=\"text-editor.default\">\n\t\t\t\t<div class=\"elementor-widget-container\">\n\t\t\t\t\t\t\t\t\t<p><span style=\"font-size: 17.6px;\">Je\u015bli zaakceptuje Pan\/Pani wyrok skazuj\u0105cy, oznacza to, \u017ce otrzyma Pan\/Pani adnotacj\u0119 w swojej dokumentacji s\u0105dowej. Jest to r\u00f3wnie\u017c znane jako rejestr karny. Pana\/Pani wina zostaje w\u00f3wczas stwierdzona. Je\u015bli jest Pan(i) karany(a), mo\u017ce to spowodowa\u0107 problemy, na przyk\u0142ad przy ubieganiu si\u0119 o VOG (Certificate of Good Conduct), kt\u00f3re cz\u0119sto jest potrzebne do podj\u0119cia nowej pracy. Dlatego wa\u017cne jest, aby byli Pa\u0144stwo tego \u015bwiadomi.\u00a0<\/span><\/p><p><span style=\"font-size: 17.6px;\">Jednak ludzie cz\u0119sto zgadzaj\u0105 si\u0119 na na\u0142o\u017con\u0105 kar\u0119, poniewa\u017c w przeciwnym razie mo\u017cna spodziewa\u0107 si\u0119 wy\u017cszego wyroku na rozprawie. Tak jednak nie jest. Cz\u0119sto w sprawach karnych prokurator nie \u017c\u0105da wy\u017cszego wyroku. Jeszcze rzadziej zdarza si\u0119, \u017ce wyrok s\u0105du jest wy\u017cszy ni\u017c pierwotny nakaz karny. W wi\u0119kszo\u015bci przypadk\u00f3w s\u0119dzia na\u0142o\u017cy na Pana\/Pani\u0105 znacznie ni\u017cszy wyrok ni\u017c prokurator, co wynika z faktu, \u017ce wytyczne Departamentu Sprawiedliwo\u015bci dotycz\u0105ce wyrok\u00f3w s\u0105 bardziej rygorystyczne ni\u017c wytyczne s\u0119dziego. W niekt\u00f3rych przypadkach s\u0119dzia mo\u017ce nawet Pana\/Pani\u0105 uniewinni\u0107.<\/span><span style=\"font-size: 17.6px; letter-spacing: var( --e-global-typography-text-letter-spacing ); text-transform: var( --e-global-typography-text-text-transform ); word-spacing: var( --e-global-typography-text-word-spacing ); color: var(--wd-text-color);\">\u00a0<\/span><\/p>\t\t\t\t\t\t\t\t<\/div>\n\t\t\t\t<\/div>\n\t\t\t\t<div class=\"elementor-element elementor-element-6015f4e elementor-widget elementor-widget-spacer\" data-id=\"6015f4e\" data-element_type=\"widget\" data-e-type=\"widget\" data-widget_type=\"spacer.default\">\n\t\t\t\t<div class=\"elementor-widget-container\">\n\t\t\t\t\t\t\t<div class=\"elementor-spacer\">\n\t\t\t<div class=\"elementor-spacer-inner\"><\/div>\n\t\t<\/div>\n\t\t\t\t\t\t<\/div>\n\t\t\t\t<\/div>\n\t\t\t\t<div class=\"elementor-element elementor-element-0d14e04 elementor-widget elementor-widget-heading\" data-id=\"0d14e04\" data-element_type=\"widget\" data-e-type=\"widget\" data-widget_type=\"heading.default\">\n\t\t\t\t<div class=\"elementor-widget-container\">\n\t\t\t\t\t<h3 class=\"elementor-heading-title elementor-size-default\">Kary OM przes\u0142uchanie<\/h3>\t\t\t\t<\/div>\n\t\t\t\t<\/div>\n\t\t\t\t<div class=\"elementor-element elementor-element-6f99a2f color-scheme-inherit text-left elementor-widget elementor-widget-text-editor\" data-id=\"6f99a2f\" data-element_type=\"widget\" data-e-type=\"widget\" data-widget_type=\"text-editor.default\">\n\t\t\t\t<div class=\"elementor-widget-container\">\n\t\t\t\t\t\t\t\t\t<p>Podczas przes\u0142uchania w sprawie OM mog\u0105 zosta\u0107 na\u0142o\u017cone r\u00f3\u017cne kary i \u015brodki, w zale\u017cno\u015bci od charakteru sprawy i okoliczno\u015bci.<\/p><p>Poni\u017cej znajduje si\u0119 przegl\u0105d mo\u017cliwych sankcji, kt\u00f3re mog\u0105 zosta\u0107 na\u0142o\u017cone podczas przes\u0142uchania w sprawie OM:<\/p><ul><li><a href=\"https:\/\/www.derbedrosian.nl\/pl\/jurysdykcje\/prawo-karne\/skonfiskowane-prawo-jazdy\/\"><strong>Zakaz prowadzenia pojazd\u00f3w:<\/strong> <\/a>Jedn\u0105 z mo\u017cliwych kar jest zakaz prowadzenia samochodu, kt\u00f3ry mo\u017ce wynosi\u0107 od kilku do sze\u015bciu miesi\u0119cy. Mo\u017ce on zosta\u0107 na\u0142o\u017cony, je\u015bli oskar\u017cony bra\u0142 udzia\u0142 w wykroczeniach drogowych lub powa\u017cnych wypadkach drogowych.<\/li><li><a href=\"https:\/\/www.derbedrosian.nl\/pl\/jurysdykcje\/prawo-karne\/konwersja-uslug-spolecznych\/\"><strong>prace spo\u0142eczne:<\/strong><\/a> Praca spo\u0142eczna jest r\u00f3wnie\u017c jedn\u0105 z opcji podczas przes\u0142uchania przez prokuratora. Kara ta obejmuje wykonywanie nieodp\u0142atnej pracy na rzecz spo\u0142ecze\u0144stwa. Czas trwania prac spo\u0142ecznych mo\u017ce wynosi\u0107 do 180 godzin, w zale\u017cno\u015bci od wagi przest\u0119pstwa.<\/li><li><strong>Wynagrodzenie:<\/strong> Ofiary przest\u0119pstw maj\u0105 prawo do odszkodowania za poniesione szkody. Podczas przes\u0142uchania prokurator mo\u017ce na\u0142o\u017cy\u0107 na oskar\u017conego obowi\u0105zek naprawienia szkody w ramach orzeczenia o karze. Zado\u015b\u0107uczynienie ma na celu zrekompensowanie szk\u00f3d materialnych i niematerialnych poniesionych przez ofiar\u0119.<\/li><li><strong>Wska\u017anik zachowania:<\/strong> Innym \u015brodkiem, kt\u00f3ry mo\u017ce zosta\u0107 na\u0142o\u017cony, jest nakaz zachowania. Mo\u017ce on obejmowa\u0107 na przyk\u0142ad zakaz kontaktowania si\u0119 z okre\u015blonymi osobami lub przebywania w okre\u015blonych miejscach. Celem nakazu zachowania jest zapobieganie powtarzaniu si\u0119 zachowa\u0144 przest\u0119pczych i ochrona spo\u0142ecze\u0144stwa.<\/li><li><strong>Po\u0142\u0105czenie kar:\u00a0<\/strong>W niekt\u00f3rych przypadkach prokurator mo\u017ce zdecydowa\u0107 si\u0119 na na\u0142o\u017cenie kombinacji powy\u017cszych kar. Mo\u017ce to zale\u017ce\u0107 od powagi sprawy i osobistych okoliczno\u015bci oskar\u017conego. Po\u0142\u0105czenie kar mo\u017ce by\u0107 skutecznym sposobem na wymierzenie sprawiedliwo\u015bci w konkretnej sytuacji.<\/li><\/ul><p>Nale\u017cy zauwa\u017cy\u0107, \u017ce podczas przes\u0142uchania w ramach OM prokurator dok\u0142adnie rozwa\u017ca, jakie kary i \u015brodki s\u0105 odpowiednie, bior\u0105c pod uwag\u0119 prawo i interesy zar\u00f3wno oskar\u017conego, jak i ofiary.<\/p>\t\t\t\t\t\t\t\t<\/div>\n\t\t\t\t<\/div>\n\t\t\t\t<div class=\"elementor-element elementor-element-eea6c26 elementor-widget elementor-widget-spacer\" data-id=\"eea6c26\" data-element_type=\"widget\" data-e-type=\"widget\" data-widget_type=\"spacer.default\">\n\t\t\t\t<div class=\"elementor-widget-container\">\n\t\t\t\t\t\t\t<div class=\"elementor-spacer\">\n\t\t\t<div class=\"elementor-spacer-inner\"><\/div>\n\t\t<\/div>\n\t\t\t\t\t\t<\/div>\n\t\t\t\t<\/div>\n\t\t\t\t<div class=\"elementor-element elementor-element-7d79924 elementor-widget elementor-widget-heading\" data-id=\"7d79924\" data-element_type=\"widget\" data-e-type=\"widget\" data-widget_type=\"heading.default\">\n\t\t\t\t<div class=\"elementor-widget-container\">\n\t\t\t\t\t<h3 class=\"elementor-heading-title elementor-size-default\">Obrona przed wyrokiem skazuj\u0105cym<\/h3>\t\t\t\t<\/div>\n\t\t\t\t<\/div>\n\t\t\t\t<div class=\"elementor-element elementor-element-9418306 color-scheme-inherit text-left elementor-widget elementor-widget-text-editor\" data-id=\"9418306\" data-element_type=\"widget\" data-e-type=\"widget\" data-widget_type=\"text-editor.default\">\n\t\t\t\t<div class=\"elementor-widget-container\">\n\t\t\t\t\t\t\t\t\t<p>Je\u015bli p\u00f3\u017aniej uzna Pan\/Pani, \u017ce kara jest zbyt surowa lub je\u015bli uwa\u017ca Pan\/Pani, \u017ce jest niewinny\/a, ma Pan\/Pani mo\u017cliwo\u015b\u0107 wniesienia sprzeciwu w ci\u0105gu 14 dni od na\u0142o\u017cenia nakazu ukarania. W zawiadomieniu o sprzeciwie wyja\u015bni Pan\/Pani, dlaczego nie zgadza si\u0119 Pan\/Pani z na\u0142o\u017con\u0105 decyzj\u0105. Je\u015bli wniesie Pan\/Pani sprzeciw, nakaz karny nie mo\u017ce zosta\u0107 natychmiast wykonany. Prokurator musi w\u00f3wczas skierowa\u0107 spraw\u0119 do s\u0105du. Prosz\u0119 pami\u0119ta\u0107, \u017ce sprzeciw od nakazu ukarania nale\u017cy wnie\u015b\u0107 w ci\u0105gu 2 tygodni.<\/p><p>Je\u015bli sp\u00f3\u017ani si\u0119 Pan\/Pani, automatycznie zak\u0142ada si\u0119, \u017ce przyznaje si\u0119 Pan\/Pani do winy, a kara staje si\u0119 ostateczna. Prosz\u0119 wi\u0119c by\u0107 punktualnym, je\u015bli chc\u0105 Pa\u0144stwo co\u015b zmieni\u0107!<\/p>\t\t\t\t\t\t\t\t<\/div>\n\t\t\t\t<\/div>\n\t\t\t\t<div class=\"elementor-element elementor-element-38a01e9 elementor-widget elementor-widget-spacer\" data-id=\"38a01e9\" data-element_type=\"widget\" data-e-type=\"widget\" data-widget_type=\"spacer.default\">\n\t\t\t\t<div class=\"elementor-widget-container\">\n\t\t\t\t\t\t\t<div class=\"elementor-spacer\">\n\t\t\t<div class=\"elementor-spacer-inner\"><\/div>\n\t\t<\/div>\n\t\t\t\t\t\t<\/div>\n\t\t\t\t<\/div>\n\t\t\t\t<div class=\"elementor-element elementor-element-bb45b56 elementor-widget elementor-widget-heading\" data-id=\"bb45b56\" data-element_type=\"widget\" data-e-type=\"widget\" data-widget_type=\"heading.default\">\n\t\t\t\t<div class=\"elementor-widget-container\">\n\t\t\t\t\t<h3 class=\"elementor-heading-title elementor-size-default\">Prawnik zajmuj\u0105cy si\u0119 przes\u0142uchaniami OM \/ nakazami s\u0105dowymi<\/h3>\t\t\t\t<\/div>\n\t\t\t\t<\/div>\n\t\t\t\t<div class=\"elementor-element elementor-element-6d21cb2 color-scheme-inherit text-left elementor-widget elementor-widget-text-editor\" data-id=\"6d21cb2\" data-element_type=\"widget\" data-e-type=\"widget\" data-widget_type=\"text-editor.default\">\n\t\t\t\t<div class=\"elementor-widget-container\">\n\t\t\t\t\t\t\t\t\t<p>Zaakceptowanie wyroku skazuj\u0105cego mo\u017ce mie\u0107 wp\u0142yw na Pana\/Pani rejestr karny, co mo\u017ce powodowa\u0107 problemy przy ubieganiu si\u0119 o za\u015bwiadczenie o niekaralno\u015bci (VOG). Co wi\u0119cej, wpisy w rejestrze karnym mog\u0105 wp\u0142yn\u0105\u0107 na Pana\/Pani szanse na otrzymanie pracy lub sta\u017cu. Dlatego wa\u017cne jest, aby zasi\u0119gn\u0105\u0107 fachowej porady prawnej.<\/p><p>Prawnicy kancelarii Derbedrosian rozumiej\u0105 z\u0142o\u017cono\u015b\u0107 tego procesu i wiedz\u0105, jak broni\u0107 Pa\u0144stwa sprawy. Je\u015bli otrzymali Pa\u0144stwo wezwanie na przes\u0142uchanie OM lub zarzuty karne, prosimy o kontakt. <a href=\"https:\/\/www.derbedrosian.nl\/pl\/prawnicy-2\/\">Nasi do\u015bwiadczeni prawnicy<\/a> mo\u017ce Pa\u0144stwa pokierowa\u0107, doradzi\u0107 w zakresie przys\u0142uguj\u0105cych praw i pom\u00f3c w podj\u0119ciu najlepszych krok\u00f3w w celu obrony sprawy i zminimalizowania mo\u017cliwych konsekwencji w rejestrze karnym.<\/p><p>Nie s\u0105 Pa\u0144stwo sami, a my jeste\u015bmy tutaj, aby wspiera\u0107 Pa\u0144stwa w tej kwestii prawnej.<\/p>\t\t\t\t\t\t\t\t<\/div>\n\t\t\t\t<\/div>\n\t\t\t\t\t<\/div>\n\t\t\t\t<\/div>\n\t\t\t\t<\/div>","protected":false},"excerpt":{"rendered":"<p>wyrok skazuj\u0105cy wyrok skazuj\u0105cy adwokat rejestr karny wyrok skazuj\u0105cy orzeczenie karne adwokat karny w Enschede adwokat karny w Enschede prawo karne w Enschede adwokat karny w Overijssel prokuratura okr\u0119gowa prokuratura rejonowa centrum bezpiecze\u0144stwa<\/p>","protected":false},"author":1,"featured_media":0,"parent":10047,"menu_order":0,"comment_status":"closed","ping_status":"closed","template":"","meta":{"footnotes":""},"class_list":["post-10528","page","type-page","status-publish","hentry"],"_links":{"self":[{"href":"https:\/\/www.derbedrosian.nl\/pl\/wp-json\/wp\/v2\/pages\/10528","targetHints":{"allow":["GET"]}}],"collection":[{"href":"https:\/\/www.derbedrosian.nl\/pl\/wp-json\/wp\/v2\/pages"}],"about":[{"href":"https:\/\/www.derbedrosian.nl\/pl\/wp-json\/wp\/v2\/types\/page"}],"author":[{"embeddable":true,"href":"https:\/\/www.derbedrosian.nl\/pl\/wp-json\/wp\/v2\/users\/1"}],"replies":[{"embeddable":true,"href":"https:\/\/www.derbedrosian.nl\/pl\/wp-json\/wp\/v2\/comments?post=10528"}],"version-history":[{"count":0,"href":"https:\/\/www.derbedrosian.nl\/pl\/wp-json\/wp\/v2\/pages\/10528\/revisions"}],"up":[{"embeddable":true,"href":"https:\/\/www.derbedrosian.nl\/pl\/wp-json\/wp\/v2\/pages\/10047"}],"wp:attachment":[{"href":"https:\/\/www.derbedrosian.nl\/pl\/wp-json\/wp\/v2\/media?parent=10528"}],"curies":[{"name":"wp","href":"https:\/\/api.w.org\/{rel}","templated":true}]}}