{"id":10523,"date":"2023-05-26T09:57:41","date_gmt":"2023-05-26T07:57:41","guid":{"rendered":"https:\/\/derbedrosian.nl\/?page_id=10523"},"modified":"2025-12-21T15:40:17","modified_gmt":"2025-12-21T13:40:17","slug":"kradziez","status":"publish","type":"page","link":"https:\/\/www.derbedrosian.nl\/pl\/rechtsgebieden\/strafrecht\/diefstal\/","title":{"rendered":"Kradzie\u017c"},"content":{"rendered":"<div data-elementor-type=\"wp-page\" data-elementor-id=\"10523\" class=\"elementor elementor-10523\" data-elementor-post-type=\"page\">\n\t\t\t\t<div class=\"wd-negative-gap elementor-element elementor-element-7fff01d e-flex e-con-boxed e-con e-parent\" data-id=\"7fff01d\" data-element_type=\"container\" data-e-type=\"container\">\n\t\t\t\t\t<div class=\"e-con-inner\">\n\t\t\t\t<div class=\"elementor-element elementor-element-6fe2a61 elementor-hidden-desktop elementor-hidden-tablet elementor-hidden-mobile elementor-widget elementor-widget-wd_image_or_svg\" data-id=\"6fe2a61\" data-element_type=\"widget\" data-e-type=\"widget\" id=\"seo-word\" data-widget_type=\"wd_image_or_svg.default\">\n\t\t\t\t<div class=\"elementor-widget-container\">\n\t\t\t\t\t\n\t\t<div class=\"wd-image text-left\">\n\t\t\t\t\t\t\t\t<img loading=\"lazy\" decoding=\"async\" width=\"1000\" height=\"750\" src=\"https:\/\/www.derbedrosian.nl\/wp-content\/uploads\/rechtsgebied-diefstal.jpg\" class=\"attachment-full size-full\" alt=\"kara za kradzie\u017c prawnik raport ubezpieczeniowy policja prawo karne\" srcset=\"https:\/\/www.derbedrosian.nl\/wp-content\/uploads\/rechtsgebied-diefstal.jpg 1000w, https:\/\/www.derbedrosian.nl\/wp-content\/uploads\/rechtsgebied-diefstal-400x300.jpg 400w, https:\/\/www.derbedrosian.nl\/wp-content\/uploads\/rechtsgebied-diefstal-768x576.jpg 768w\" sizes=\"auto, (max-width: 1000px) 100vw, 1000px\" title=\"\">\t\t\t\t\t<\/div>\n\n\t\t\t\t\t\t<\/div>\n\t\t\t\t<\/div>\n\t\t\t\t<div class=\"elementor-element elementor-element-9bc99d8 elementor-hidden-desktop elementor-hidden-tablet elementor-hidden-mobile elementor-widget elementor-widget-heading\" data-id=\"9bc99d8\" data-element_type=\"widget\" data-e-type=\"widget\" id=\"seo-word\" data-widget_type=\"heading.default\">\n\t\t\t\t<div class=\"elementor-widget-container\">\n\t\t\t\t\t<h5 class=\"elementor-heading-title elementor-size-default\">kara za kradzie\u017c<\/h5>\t\t\t\t<\/div>\n\t\t\t\t<\/div>\n\t\t\t\t<div class=\"elementor-element elementor-element-75ec799 elementor-hidden-desktop elementor-hidden-tablet elementor-hidden-mobile elementor-widget elementor-widget-heading\" data-id=\"75ec799\" data-element_type=\"widget\" data-e-type=\"widget\" id=\"seo-word\" data-widget_type=\"heading.default\">\n\t\t\t\t<div class=\"elementor-widget-container\">\n\t\t\t\t\t<h5 class=\"elementor-heading-title elementor-size-default\">prawnik od kradzie\u017cy <\/h5>\t\t\t\t<\/div>\n\t\t\t\t<\/div>\n\t\t\t\t<div class=\"elementor-element elementor-element-d2fa426 elementor-hidden-desktop elementor-hidden-tablet elementor-hidden-mobile elementor-widget elementor-widget-heading\" data-id=\"d2fa426\" data-element_type=\"widget\" data-e-type=\"widget\" id=\"seo-word\" data-widget_type=\"heading.default\">\n\t\t\t\t<div class=\"elementor-widget-container\">\n\t\t\t\t\t<h5 class=\"elementor-heading-title elementor-size-default\">zg\u0142oszenie kradzie\u017cy policja <\/h5>\t\t\t\t<\/div>\n\t\t\t\t<\/div>\n\t\t\t\t<div class=\"elementor-element elementor-element-c8022ec elementor-hidden-desktop elementor-hidden-tablet elementor-hidden-mobile elementor-widget elementor-widget-heading\" data-id=\"c8022ec\" data-element_type=\"widget\" data-e-type=\"widget\" id=\"seo-word\" data-widget_type=\"heading.default\">\n\t\t\t\t<div class=\"elementor-widget-container\">\n\t\t\t\t\t<h5 class=\"elementor-heading-title elementor-size-default\">ubezpieczenie od kradzie\u017cy<\/h5>\t\t\t\t<\/div>\n\t\t\t\t<\/div>\n\t\t\t\t<div class=\"elementor-element elementor-element-62a93d5 elementor-hidden-desktop elementor-hidden-tablet elementor-hidden-mobile elementor-widget elementor-widget-heading\" data-id=\"62a93d5\" data-element_type=\"widget\" data-e-type=\"widget\" id=\"seo-word\" data-widget_type=\"heading.default\">\n\t\t\t\t<div class=\"elementor-widget-container\">\n\t\t\t\t\t<h5 class=\"elementor-heading-title elementor-size-default\">defraudacja oszustwo<\/h5>\t\t\t\t<\/div>\n\t\t\t\t<\/div>\n\t\t\t\t<div class=\"elementor-element elementor-element-b4012a8 elementor-hidden-desktop elementor-hidden-tablet elementor-hidden-mobile elementor-widget elementor-widget-heading\" data-id=\"b4012a8\" data-element_type=\"widget\" data-e-type=\"widget\" id=\"seo-word\" data-widget_type=\"heading.default\">\n\t\t\t\t<div class=\"elementor-widget-container\">\n\t\t\t\t\t<h5 class=\"elementor-heading-title elementor-size-default\">r\u00f3\u017cnica mi\u0119dzy kradzie\u017c\u0105, oszustwem, paserstwem i sprzeniewierzeniem<\/h5>\t\t\t\t<\/div>\n\t\t\t\t<\/div>\n\t\t\t\t<div class=\"elementor-element elementor-element-71e6575 color-scheme-inherit text-left elementor-widget elementor-widget-text-editor\" data-id=\"71e6575\" data-element_type=\"widget\" data-e-type=\"widget\" data-widget_type=\"text-editor.default\">\n\t\t\t\t<div class=\"elementor-widget-container\">\n\t\t\t\t\t\t\t\t\t<p><strong>Kradzie\u017c jest przest\u0119pstwem, kt\u00f3re w Holandii traktowane jest powa\u017cnie. Poniewa\u017c stanowi ona oko\u0142o po\u0142owy wszystkich przest\u0119pstw w Holandii, jest to r\u00f3wnie\u017c najcz\u0119\u015bciej pope\u0142niany rodzaj przest\u0119pstwa.<\/strong><\/p>\t\t\t\t\t\t\t\t<\/div>\n\t\t\t\t<\/div>\n\t\t\t\t<div class=\"elementor-element elementor-element-8c6bfbd elementor-widget elementor-widget-spacer\" data-id=\"8c6bfbd\" data-element_type=\"widget\" data-e-type=\"widget\" data-widget_type=\"spacer.default\">\n\t\t\t\t<div class=\"elementor-widget-container\">\n\t\t\t\t\t\t\t<div class=\"elementor-spacer\">\n\t\t\t<div class=\"elementor-spacer-inner\"><\/div>\n\t\t<\/div>\n\t\t\t\t\t\t<\/div>\n\t\t\t\t<\/div>\n\t\t\t\t<div class=\"elementor-element elementor-element-2302821 elementor-widget elementor-widget-heading\" data-id=\"2302821\" data-element_type=\"widget\" data-e-type=\"widget\" data-widget_type=\"heading.default\">\n\t\t\t\t<div class=\"elementor-widget-container\">\n\t\t\t\t\t<h3 class=\"elementor-heading-title elementor-size-default\">Co wchodzi w zakres kradzie\u017cy?<\/h3>\t\t\t\t<\/div>\n\t\t\t\t<\/div>\n\t\t\t\t<div class=\"elementor-element elementor-element-c080a89 color-scheme-inherit text-left elementor-widget elementor-widget-text-editor\" data-id=\"c080a89\" data-element_type=\"widget\" data-e-type=\"widget\" data-widget_type=\"text-editor.default\">\n\t\t\t\t<div class=\"elementor-widget-container\">\n\t\t\t\t\t\t\t\t\t<p>Zgodnie z art. 310 kodeksu karnego kradzie\u017c podlega nast\u0119puj\u0105cym przest\u0119pstwom: \"Kto zabiera cudz\u0105 rzecz w ca\u0142o\u015bci lub w cz\u0119\u015bci z zamiarem jej bezprawnego przyw\u0142aszczenia\".<\/p><p>Oznacza to, \u017ce z\u0142odziej zabiera co\u015b innej osobie bez pozwolenia. Mo\u017ce to obejmowa\u0107 rzeczy, kt\u00f3re mo\u017cna fizycznie uchwyci\u0107 (przedmioty materialne), takie jak skuter i telefon, a tak\u017ce rzeczy, kt\u00f3rych nie mo\u017cna dotkn\u0105\u0107 (przedmioty niematerialne), takie jak towary online i energia elektryczna.<\/p>\t\t\t\t\t\t\t\t<\/div>\n\t\t\t\t<\/div>\n\t\t\t\t<div class=\"elementor-element elementor-element-06792ed elementor-widget elementor-widget-spacer\" data-id=\"06792ed\" data-element_type=\"widget\" data-e-type=\"widget\" data-widget_type=\"spacer.default\">\n\t\t\t\t<div class=\"elementor-widget-container\">\n\t\t\t\t\t\t\t<div class=\"elementor-spacer\">\n\t\t\t<div class=\"elementor-spacer-inner\"><\/div>\n\t\t<\/div>\n\t\t\t\t\t\t<\/div>\n\t\t\t\t<\/div>\n\t\t\t\t<div class=\"elementor-element elementor-element-8f42e4b elementor-widget elementor-widget-heading\" data-id=\"8f42e4b\" data-element_type=\"widget\" data-e-type=\"widget\" data-widget_type=\"heading.default\">\n\t\t\t\t<div class=\"elementor-widget-container\">\n\t\t\t\t\t<h3 class=\"elementor-heading-title elementor-size-default\">Jaka jest r\u00f3\u017cnica mi\u0119dzy kradzie\u017c\u0105, oszustwem, paserstwem i defraudacj\u0105?<\/h3>\t\t\t\t<\/div>\n\t\t\t\t<\/div>\n\t\t\t\t<div class=\"elementor-element elementor-element-272881e color-scheme-inherit text-left elementor-widget elementor-widget-text-editor\" data-id=\"272881e\" data-element_type=\"widget\" data-e-type=\"widget\" data-widget_type=\"text-editor.default\">\n\t\t\t\t<div class=\"elementor-widget-container\">\n\t\t\t\t\t\t\t\t\t<p>Jak wspomniano powy\u017cej, o kradzie\u017cy m\u00f3wimy, gdy z\u0142odziej zabiera co\u015b nale\u017c\u0105cego do innej osoby, nie maj\u0105c na to pozwolenia.<\/p><ul><li><strong>Oszustwo<\/strong>Oszustwo jest r\u00f3wnie\u017c form\u0105 kradzie\u017cy, w kt\u00f3rej fa\u0142szerstwo lub oszustwo mo\u017ce by\u0107 wykorzystane do uzyskania korzy\u015bci poprzez utrat\u0119 ofiary, kt\u00f3r\u0105 mo\u017ce by\u0107 nie tylko osoba, ale tak\u017ce firma.<\/li><li><strong><a href=\"https:\/\/www.derbedrosian.nl\/pl\/jurysdykcje\/prawo-karne\/zaciemnienie\/\">Zaciemnienie:<\/a><\/strong> Z\u0142odziej zabiera co\u015b, podczas gdy malwersant jest ju\u017c w legalnym posiadaniu tego dobra. Na przyk\u0142ad, je\u015bli zabierze Pan ksi\u0105\u017ck\u0119 z biblioteki bez pozwolenia, b\u0119dzie to kradzie\u017c. Je\u015bli jednak po\u017cyczy Pan t\u0119 ksi\u0105\u017ck\u0119 i celowo jej nie zwr\u00f3ci, b\u0119dzie to defraudacja.<\/li><li><a href=\"https:\/\/www.derbedrosian.nl\/pl\/jurysdykcje\/prawo-karne\/uzdrawianie\/\"><strong>Leczenie:<\/strong> <\/a>Uzdrowienie ma miejsce, gdy nabywaj\u0105 Pa\u0144stwo, posiadaj\u0105 lub przekazuj\u0105 towar, wiedz\u0105c lub powinni wiedzie\u0107, \u017ce pochodzi on z przest\u0119pstwa. Je\u015bli wi\u0119c kupi\u0105 Pa\u0144stwo kradziony rower, s\u0105 Pa\u0144stwo winni otrzymania kradzionych towar\u00f3w. Dotyczy to r\u00f3wnie\u017c sytuacji, gdy kupuj\u0105 Pa\u0144stwo rower od osoby, kt\u00f3r\u0105 podejrzewaj\u0105 Pa\u0144stwo o kradzie\u017c.<\/li><\/ul><p>Zrozumia\u0142e jest, \u017ce wszystkie te terminy i r\u00f3\u017cnice mog\u0105 by\u0107 dla Pa\u0144stwa bardzo myl\u0105ce. Kontaktuj\u0105c si\u0119 z nami, mog\u0105 Pa\u0144stwo zada\u0107 nam dodatkowe pytania.<\/p>\t\t\t\t\t\t\t\t<\/div>\n\t\t\t\t<\/div>\n\t\t\t\t<div class=\"elementor-element elementor-element-bcf8d38 elementor-widget elementor-widget-spacer\" data-id=\"bcf8d38\" data-element_type=\"widget\" data-e-type=\"widget\" data-widget_type=\"spacer.default\">\n\t\t\t\t<div class=\"elementor-widget-container\">\n\t\t\t\t\t\t\t<div class=\"elementor-spacer\">\n\t\t\t<div class=\"elementor-spacer-inner\"><\/div>\n\t\t<\/div>\n\t\t\t\t\t\t<\/div>\n\t\t\t\t<\/div>\n\t\t\t\t<div class=\"elementor-element elementor-element-5771058 elementor-widget elementor-widget-heading\" data-id=\"5771058\" data-element_type=\"widget\" data-e-type=\"widget\" data-widget_type=\"heading.default\">\n\t\t\t\t<div class=\"elementor-widget-container\">\n\t\t\t\t\t<h3 class=\"elementor-heading-title elementor-size-default\">Kary za kradzie\u017c<\/h3>\t\t\t\t<\/div>\n\t\t\t\t<\/div>\n\t\t\t\t<div class=\"elementor-element elementor-element-3a03a8a color-scheme-inherit text-left elementor-widget elementor-widget-text-editor\" data-id=\"3a03a8a\" data-element_type=\"widget\" data-e-type=\"widget\" data-widget_type=\"text-editor.default\">\n\t\t\t\t<div class=\"elementor-widget-container\">\n\t\t\t\t\t\t\t\t\tZa \"zwyk\u0142\u0105\" kradzie\u017c s\u0119dzia mo\u017ce na\u0142o\u017cy\u0107 kar\u0119 do czterech lat pozbawienia wolno\u015bci lub grzywn\u0119 w wysoko\u015bci do ponad 20 000 euro, kt\u00f3ra jest r\u00f3wnie\u017c nazywana grzywn\u0105 czwartej kategorii. Je\u015bli krad\u0142 Pan z kim\u015b innym, grozi Panu do sze\u015bciu lat wi\u0119zienia. W\u0142amanie, rozb\u00f3j uliczny lub kradzie\u017c z u\u017cyciem si\u0142y mog\u0105 prowadzi\u0107 do wy\u017cszych kar, do dziewi\u0119ciu lat pozbawienia wolno\u015bci lub grzywny w wysoko\u015bci do 75 000 euro. W przypadku u\u017cycia przemocy, gdy ofiara dozna\u0142a obra\u017ce\u0144 lub zmar\u0142a, kara mo\u017ce wynie\u015b\u0107 nawet 15 lat pozbawienia wolno\u015bci.\t\t\t\t\t\t\t\t<\/div>\n\t\t\t\t<\/div>\n\t\t\t\t<div class=\"elementor-element elementor-element-f6e89bf elementor-widget elementor-widget-spacer\" data-id=\"f6e89bf\" data-element_type=\"widget\" data-e-type=\"widget\" data-widget_type=\"spacer.default\">\n\t\t\t\t<div class=\"elementor-widget-container\">\n\t\t\t\t\t\t\t<div class=\"elementor-spacer\">\n\t\t\t<div class=\"elementor-spacer-inner\"><\/div>\n\t\t<\/div>\n\t\t\t\t\t\t<\/div>\n\t\t\t\t<\/div>\n\t\t\t\t<div class=\"elementor-element elementor-element-f081a6e elementor-widget elementor-widget-heading\" data-id=\"f081a6e\" data-element_type=\"widget\" data-e-type=\"widget\" data-widget_type=\"heading.default\">\n\t\t\t\t<div class=\"elementor-widget-container\">\n\t\t\t\t\t<h3 class=\"elementor-heading-title elementor-size-default\">Prosty lub kwalifikowany<\/h3>\t\t\t\t<\/div>\n\t\t\t\t<\/div>\n\t\t\t\t<div class=\"elementor-element elementor-element-b826a12 color-scheme-inherit text-left elementor-widget elementor-widget-text-editor\" data-id=\"b826a12\" data-element_type=\"widget\" data-e-type=\"widget\" data-widget_type=\"text-editor.default\">\n\t\t\t\t<div class=\"elementor-widget-container\">\n\t\t\t\t\t\t\t\t\t<p>S\u0119dzia bierze r\u00f3wnie\u017c pod uwag\u0119 rodzaj kradzie\u017cy, kt\u00f3ra mia\u0142a miejsce. Istniej\u0105 dwa rodzaje kradzie\u017cy: zwyk\u0142a lub kwalifikowana.<\/p><ul><li><strong>Zwyk\u0142a kradzie\u017c:<\/strong> W przypadku zwyk\u0142ej kradzie\u017cy mo\u017ce to by\u0107 kradzie\u017c telefonu lub kradzie\u017c sklepowa. W tym przypadku nie ma dodatkowych okoliczno\u015bci obci\u0105\u017caj\u0105cych, takich jak u\u017cycie broni palnej, obra\u017cenia ofiary, w\u0142amanie lub wej\u015bcie na teren prywatny bez pozwolenia.<\/li><li><strong>Kradzie\u017c kwalifikowana:<\/strong> Kiedy m\u00f3wimy o kradzie\u017cy kwalifikowanej, m\u00f3wimy o kradzie\u017cy, w przypadku kt\u00f3rej te obci\u0105\u017caj\u0105ce okoliczno\u015bci karne po prostu istniej\u0105.<\/li><\/ul>\t\t\t\t\t\t\t\t<\/div>\n\t\t\t\t<\/div>\n\t\t\t\t<div class=\"elementor-element elementor-element-55eda99 elementor-widget elementor-widget-spacer\" data-id=\"55eda99\" data-element_type=\"widget\" data-e-type=\"widget\" data-widget_type=\"spacer.default\">\n\t\t\t\t<div class=\"elementor-widget-container\">\n\t\t\t\t\t\t\t<div class=\"elementor-spacer\">\n\t\t\t<div class=\"elementor-spacer-inner\"><\/div>\n\t\t<\/div>\n\t\t\t\t\t\t<\/div>\n\t\t\t\t<\/div>\n\t\t\t\t<div class=\"elementor-element elementor-element-5dffb30 elementor-widget elementor-widget-heading\" data-id=\"5dffb30\" data-element_type=\"widget\" data-e-type=\"widget\" data-widget_type=\"heading.default\">\n\t\t\t\t<div class=\"elementor-widget-container\">\n\t\t\t\t\t<h3 class=\"elementor-heading-title elementor-size-default\">Roszczenie o pozbawienie praw<\/h3>\t\t\t\t<\/div>\n\t\t\t\t<\/div>\n\t\t\t\t<div class=\"elementor-element elementor-element-1528668 color-scheme-inherit text-left elementor-widget elementor-widget-text-editor\" data-id=\"1528668\" data-element_type=\"widget\" data-e-type=\"widget\" data-widget_type=\"text-editor.default\">\n\t\t\t\t<div class=\"elementor-widget-container\">\n\t\t\t\t\t\t\t\t\t<p>Opr\u00f3cz standardowych kar, jakie mo\u017ce na\u0142o\u017cy\u0107 prokuratura, mo\u017ce ona r\u00f3wnie\u017c za\u017c\u0105da\u0107 od Pana\/Pani zwrotu skradzionych pieni\u0119dzy lub mienia. Je\u015bli Pan\/Pani tego nie zrobi, mog\u0105 pojawi\u0107 si\u0119 dalsze problemy.<\/p>\t\t\t\t\t\t\t\t<\/div>\n\t\t\t\t<\/div>\n\t\t\t\t<div class=\"elementor-element elementor-element-e82c6a8 elementor-widget elementor-widget-spacer\" data-id=\"e82c6a8\" data-element_type=\"widget\" data-e-type=\"widget\" data-widget_type=\"spacer.default\">\n\t\t\t\t<div class=\"elementor-widget-container\">\n\t\t\t\t\t\t\t<div class=\"elementor-spacer\">\n\t\t\t<div class=\"elementor-spacer-inner\"><\/div>\n\t\t<\/div>\n\t\t\t\t\t\t<\/div>\n\t\t\t\t<\/div>\n\t\t\t\t<div class=\"elementor-element elementor-element-656f271 elementor-widget elementor-widget-heading\" data-id=\"656f271\" data-element_type=\"widget\" data-e-type=\"widget\" data-widget_type=\"heading.default\">\n\t\t\t\t<div class=\"elementor-widget-container\">\n\t\t\t\t\t<h3 class=\"elementor-heading-title elementor-size-default\">Podejrzenie kradzie\u017cy i policja <\/h3>\t\t\t\t<\/div>\n\t\t\t\t<\/div>\n\t\t\t\t<div class=\"elementor-element elementor-element-b03fbec color-scheme-inherit text-left elementor-widget elementor-widget-text-editor\" data-id=\"b03fbec\" data-element_type=\"widget\" data-e-type=\"widget\" data-widget_type=\"text-editor.default\">\n\t\t\t\t<div class=\"elementor-widget-container\">\n\t\t\t\t\t\t\t\t\t<p>Czy s\u0105 Pa\u0144stwo podejrzani o kradzie\u017c? Je\u015bli policja podejrzewa, \u017ce co\u015b Pan\/Pani ukrad\u0142\/a, rozs\u0105dnie jest skorzysta\u0107 z prawa do zachowania milczenia do czasu rozmowy z prawnikiem. Wynika to z faktu, \u017ce to, co zostanie powiedziane, mo\u017ce zosta\u0107 p\u00f3\u017aniej wykorzystane przeciwko Pa\u0144stwu.<br \/>Policja cz\u0119sto wykorzystuje dowody, takie jak zdj\u0119cia z kamer, odciski palc\u00f3w lub DNA, aby wykaza\u0107, \u017ce co\u015b Pa\u0144stwo ukradli.\u00a0<\/p>\t\t\t\t\t\t\t\t<\/div>\n\t\t\t\t<\/div>\n\t\t\t\t<div class=\"elementor-element elementor-element-8efa27b elementor-widget elementor-widget-spacer\" data-id=\"8efa27b\" data-element_type=\"widget\" data-e-type=\"widget\" data-widget_type=\"spacer.default\">\n\t\t\t\t<div class=\"elementor-widget-container\">\n\t\t\t\t\t\t\t<div class=\"elementor-spacer\">\n\t\t\t<div class=\"elementor-spacer-inner\"><\/div>\n\t\t<\/div>\n\t\t\t\t\t\t<\/div>\n\t\t\t\t<\/div>\n\t\t\t\t<div class=\"elementor-element elementor-element-8f9a942 elementor-widget elementor-widget-heading\" data-id=\"8f9a942\" data-element_type=\"widget\" data-e-type=\"widget\" data-widget_type=\"heading.default\">\n\t\t\t\t<div class=\"elementor-widget-container\">\n\t\t\t\t\t<h3 class=\"elementor-heading-title elementor-size-default\">Potrzebny prawnik od kradzie\u017cy<\/h3>\t\t\t\t<\/div>\n\t\t\t\t<\/div>\n\t\t\t\t<div class=\"elementor-element elementor-element-a798277 color-scheme-inherit text-left elementor-widget elementor-widget-text-editor\" data-id=\"a798277\" data-element_type=\"widget\" data-e-type=\"widget\" data-widget_type=\"text-editor.default\">\n\t\t\t\t<div class=\"elementor-widget-container\">\n\t\t\t\t\t\t\t\t\t<p>Czasami prokuratura rozpatruje sprawy kradzie\u017cy poza s\u0105dem z propozycj\u0105 transakcji lub nakazem ukarania, co mo\u017ce prowadzi\u0107 do wpisu do rejestru karnego. Skazanie za kradzie\u017c mo\u017ce spowodowa\u0107 problemy w przysz\u0142o\u015bci, takie jak uzyskanie rejestru karnego i za\u015bwiadczenia o dobrym zachowaniu (VOG).<\/p><p>Silna obrona jest kluczowa, je\u015bli s\u0105 Pa\u0144stwo oskar\u017ceni o kradzie\u017c, aby unikn\u0105\u0107 negatywnych konsekwencji. Do\u015bwiadczony adwokat <a href=\"https:\/\/www.derbedrosian.nl\/pl\/prawnicy-2\/\">prawnicy karni\u015bci<\/a> kancelarii prawnej Der Bedrosian specjalizuj\u0105 si\u0119 w dziedzinie kradzie\u017cy.<\/p><p>Prosimy wi\u0119c skontaktowa\u0107 si\u0119 z nami w celu uzyskania bezp\u0142atnej porady i dalszej pomocy prawnej w Pa\u0144stwa sprawie.<\/p>\t\t\t\t\t\t\t\t<\/div>\n\t\t\t\t<\/div>\n\t\t\t\t\t<\/div>\n\t\t\t\t<\/div>\n\t\t\t\t<\/div>","protected":false},"excerpt":{"rendered":"<p>kara kradzie\u017c prawnik kradzie\u017c zg\u0142oszenie kradzie\u017cy policja kradzie\u017c ubezpieczenie paserstwo defraudacja oszustwo r\u00f3\u017cnica mi\u0119dzy kradzie\u017c\u0105, oszustwem, paserstwem i defraudacj\u0105 Kradzie\u017c<\/p>","protected":false},"author":1,"featured_media":0,"parent":10047,"menu_order":1,"comment_status":"closed","ping_status":"closed","template":"","meta":{"footnotes":""},"class_list":["post-10523","page","type-page","status-publish","hentry"],"_links":{"self":[{"href":"https:\/\/www.derbedrosian.nl\/pl\/wp-json\/wp\/v2\/pages\/10523","targetHints":{"allow":["GET"]}}],"collection":[{"href":"https:\/\/www.derbedrosian.nl\/pl\/wp-json\/wp\/v2\/pages"}],"about":[{"href":"https:\/\/www.derbedrosian.nl\/pl\/wp-json\/wp\/v2\/types\/page"}],"author":[{"embeddable":true,"href":"https:\/\/www.derbedrosian.nl\/pl\/wp-json\/wp\/v2\/users\/1"}],"replies":[{"embeddable":true,"href":"https:\/\/www.derbedrosian.nl\/pl\/wp-json\/wp\/v2\/comments?post=10523"}],"version-history":[{"count":0,"href":"https:\/\/www.derbedrosian.nl\/pl\/wp-json\/wp\/v2\/pages\/10523\/revisions"}],"up":[{"embeddable":true,"href":"https:\/\/www.derbedrosian.nl\/pl\/wp-json\/wp\/v2\/pages\/10047"}],"wp:attachment":[{"href":"https:\/\/www.derbedrosian.nl\/pl\/wp-json\/wp\/v2\/media?parent=10523"}],"curies":[{"name":"wp","href":"https:\/\/api.w.org\/{rel}","templated":true}]}}