{"id":10496,"date":"2023-05-25T15:48:45","date_gmt":"2023-05-25T13:48:45","guid":{"rendered":"https:\/\/derbedrosian.nl\/?page_id=10496"},"modified":"2025-12-20T18:19:36","modified_gmt":"2025-12-20T16:19:36","slug":"strona-poszkodowana","status":"publish","type":"page","link":"https:\/\/www.derbedrosian.nl\/pl\/rechtsgebieden\/strafrecht\/benadeelde-partij\/","title":{"rendered":"Strona poszkodowana"},"content":{"rendered":"<div data-elementor-type=\"wp-page\" data-elementor-id=\"10496\" class=\"elementor elementor-10496\" data-elementor-post-type=\"page\">\n\t\t\t\t<div class=\"wd-negative-gap elementor-element elementor-element-fec9aae elementor-hidden-desktop elementor-hidden-tablet elementor-hidden-mobile e-flex e-con-boxed e-con e-parent\" data-id=\"fec9aae\" data-element_type=\"container\" data-e-type=\"container\" id=\"seo-word\">\n\t\t\t\t\t<div class=\"e-con-inner\">\n\t\t\t\t<div class=\"elementor-element elementor-element-1b7eb8a elementor-widget elementor-widget-wd_image_or_svg\" data-id=\"1b7eb8a\" data-element_type=\"widget\" data-e-type=\"widget\" id=\"seo-word\" data-widget_type=\"wd_image_or_svg.default\">\n\t\t\t\t<div class=\"elementor-widget-container\">\n\t\t\t\t\t\n\t\t<div class=\"wd-image text-left\">\n\t\t\t\t\t\t\t\t<img loading=\"lazy\" decoding=\"async\" width=\"1000\" height=\"667\" src=\"https:\/\/www.derbedrosian.nl\/wp-content\/uploads\/rechtsgebied-benadeelde-partij.jpg\" class=\"attachment-full size-full\" alt=\"strona poszkodowana\" srcset=\"https:\/\/www.derbedrosian.nl\/wp-content\/uploads\/rechtsgebied-benadeelde-partij.jpg 1000w, https:\/\/www.derbedrosian.nl\/wp-content\/uploads\/rechtsgebied-benadeelde-partij-400x267.jpg 400w, https:\/\/www.derbedrosian.nl\/wp-content\/uploads\/rechtsgebied-benadeelde-partij-768x512.jpg 768w\" sizes=\"auto, (max-width: 1000px) 100vw, 1000px\" title=\"\">\t\t\t\t\t<\/div>\n\n\t\t\t\t\t\t<\/div>\n\t\t\t\t<\/div>\n\t\t\t\t<div class=\"elementor-element elementor-element-4c2bd62 elementor-widget elementor-widget-heading\" data-id=\"4c2bd62\" data-element_type=\"widget\" data-e-type=\"widget\" id=\"seo-word\" data-widget_type=\"heading.default\">\n\t\t\t\t<div class=\"elementor-widget-container\">\n\t\t\t\t\t<h2 class=\"elementor-heading-title elementor-size-default\">Strona poszkodowana <\/h2>\t\t\t\t<\/div>\n\t\t\t\t<\/div>\n\t\t\t\t<div class=\"elementor-element elementor-element-13eb15d elementor-widget elementor-widget-heading\" data-id=\"13eb15d\" data-element_type=\"widget\" data-e-type=\"widget\" id=\"seo-word\" data-widget_type=\"heading.default\">\n\t\t\t\t<div class=\"elementor-widget-container\">\n\t\t\t\t\t<h5 class=\"elementor-heading-title elementor-size-default\">Poszkodowany zmar\u0142 <\/h5>\t\t\t\t<\/div>\n\t\t\t\t<\/div>\n\t\t\t\t<div class=\"elementor-element elementor-element-55dbaa4 elementor-widget elementor-widget-heading\" data-id=\"55dbaa4\" data-element_type=\"widget\" data-e-type=\"widget\" id=\"seo-word\" data-widget_type=\"heading.default\">\n\t\t\t\t<div class=\"elementor-widget-container\">\n\t\t\t\t\t<h5 class=\"elementor-heading-title elementor-size-default\">Osoba poszkodowana <\/h5>\t\t\t\t<\/div>\n\t\t\t\t<\/div>\n\t\t\t\t<div class=\"elementor-element elementor-element-cf86d78 elementor-widget elementor-widget-heading\" data-id=\"cf86d78\" data-element_type=\"widget\" data-e-type=\"widget\" id=\"seo-word\" data-widget_type=\"heading.default\">\n\t\t\t\t<div class=\"elementor-widget-container\">\n\t\t\t\t\t<h5 class=\"elementor-heading-title elementor-size-default\">odr\u0119bne rozpatrzenie roszczenia strony poszkodowanej<\/h5>\t\t\t\t<\/div>\n\t\t\t\t<\/div>\n\t\t\t\t<div class=\"elementor-element elementor-element-da0da32 elementor-widget elementor-widget-heading\" data-id=\"da0da32\" data-element_type=\"widget\" data-e-type=\"widget\" id=\"seo-word\" data-widget_type=\"heading.default\">\n\t\t\t\t<div class=\"elementor-widget-container\">\n\t\t\t\t\t<h5 class=\"elementor-heading-title elementor-size-default\">roszczenia poszkodowanego<\/h5>\t\t\t\t<\/div>\n\t\t\t\t<\/div>\n\t\t\t\t<div class=\"elementor-element elementor-element-545a396 elementor-widget elementor-widget-heading\" data-id=\"545a396\" data-element_type=\"widget\" data-e-type=\"widget\" id=\"seo-word\" data-widget_type=\"heading.default\">\n\t\t\t\t<div class=\"elementor-widget-container\">\n\t\t\t\t\t<h5 class=\"elementor-heading-title elementor-size-default\">adwokat w sprawach karnych enschede<\/h5>\t\t\t\t<\/div>\n\t\t\t\t<\/div>\n\t\t\t\t<div class=\"elementor-element elementor-element-e5c8cdf elementor-widget elementor-widget-heading\" data-id=\"e5c8cdf\" data-element_type=\"widget\" data-e-type=\"widget\" id=\"seo-word\" data-widget_type=\"heading.default\">\n\t\t\t\t<div class=\"elementor-widget-container\">\n\t\t\t\t\t<h5 class=\"elementor-heading-title elementor-size-default\">adwokat prawo karne overijssel<\/h5>\t\t\t\t<\/div>\n\t\t\t\t<\/div>\n\t\t\t\t<div class=\"elementor-element elementor-element-c84ea82 elementor-widget elementor-widget-heading\" data-id=\"c84ea82\" data-element_type=\"widget\" data-e-type=\"widget\" id=\"seo-word\" data-widget_type=\"heading.default\">\n\t\t\t\t<div class=\"elementor-widget-container\">\n\t\t\t\t\t<h5 class=\"elementor-heading-title elementor-size-default\">adwokat w sprawach karnych enschede<\/h5>\t\t\t\t<\/div>\n\t\t\t\t<\/div>\n\t\t\t\t<div class=\"elementor-element elementor-element-bc7cba2 elementor-widget elementor-widget-heading\" data-id=\"bc7cba2\" data-element_type=\"widget\" data-e-type=\"widget\" id=\"seo-word\" data-widget_type=\"heading.default\">\n\t\t\t\t<div class=\"elementor-widget-container\">\n\t\t\t\t\t<h5 class=\"elementor-heading-title elementor-size-default\">post\u0119powanie strony poszkodowanej <\/h5>\t\t\t\t<\/div>\n\t\t\t\t<\/div>\n\t\t\t\t<div class=\"elementor-element elementor-element-baf9e4d elementor-widget elementor-widget-heading\" data-id=\"baf9e4d\" data-element_type=\"widget\" data-e-type=\"widget\" id=\"seo-word\" data-widget_type=\"heading.default\">\n\t\t\t\t<div class=\"elementor-widget-container\">\n\t\t\t\t\t<h5 class=\"elementor-heading-title elementor-size-default\">W prawie karnym strona poszkodowana odgrywa kluczow\u0105 rol\u0119 w procesie. Je\u015bli kto\u015b poni\u00f3s\u0142 szkod\u0119 w wyniku przest\u0119pstwa, osoba ta mo\u017ce przy\u0142\u0105czy\u0107 si\u0119 do post\u0119powania karnego jako strona poszkodowana. Procedura pokrzywdzonego daje mo\u017cliwo\u015b\u0107 ubiegania si\u0119 o odszkodowanie od sprawcy.\n\nW niekt\u00f3rych przypadkach strona poszkodowana mo\u017ce nie \u017cy\u0107. W takim przypadku najbli\u017cszy krewny mo\u017ce przej\u0105\u0107 rol\u0119 poszkodowanego i ubiega\u0107 si\u0119 o odszkodowanie. W takich sytuacjach bardzo wa\u017cne jest zasi\u0119gni\u0119cie porady prawnej, zw\u0142aszcza je\u015bli znajduj\u0105 si\u0119 Pa\u0144stwo w regionie Enschede, Overijssel. Do\u015bwiadczony prawnik w Enschede, Overijssel, mo\u017ce pom\u00f3c Pa\u0144stwu w post\u0119powaniu poszkodowanego i uzyska\u0107 sprawiedliwe odszkodowanie.<\/h5>\t\t\t\t<\/div>\n\t\t\t\t<\/div>\n\t\t\t\t\t<\/div>\n\t\t\t\t<\/div>\n\t\t<div class=\"wd-negative-gap elementor-element elementor-element-5543b11 e-flex e-con-boxed e-con e-parent\" data-id=\"5543b11\" data-element_type=\"container\" data-e-type=\"container\">\n\t\t\t\t\t<div class=\"e-con-inner\">\n\t\t\t\t<div class=\"elementor-element elementor-element-43bdcd8 color-scheme-inherit text-left elementor-widget elementor-widget-text-editor\" data-id=\"43bdcd8\" data-element_type=\"widget\" data-e-type=\"widget\" data-widget_type=\"text-editor.default\">\n\t\t\t\t<div class=\"elementor-widget-container\">\n\t\t\t\t\t\t\t\t\t<p><strong>Czy jest Pan\/Pani ofiar\u0105 przest\u0119pstwa? W takim razie mog\u0105 Pa\u0144stwo zarejestrowa\u0107 si\u0119 jako strona poszkodowana.<\/strong><\/p><p><strong>W zwi\u0105zku z tym wskazane jest skorzystanie z pomocy jednego z naszych prawnik\u00f3w specjalizuj\u0105cych si\u0119 w sprawach karnych, kt\u00f3ry mo\u017ce wype\u0142ni\u0107 formularz w Pa\u0144stwa imieniu i pom\u00f3c w dochodzeniu odszkodowania za obra\u017cenia fizyczne i b\u00f3l emocjonalny.<\/strong><\/p>\t\t\t\t\t\t\t\t<\/div>\n\t\t\t\t<\/div>\n\t\t\t\t<div class=\"elementor-element elementor-element-fb9776e elementor-widget elementor-widget-spacer\" data-id=\"fb9776e\" data-element_type=\"widget\" data-e-type=\"widget\" data-widget_type=\"spacer.default\">\n\t\t\t\t<div class=\"elementor-widget-container\">\n\t\t\t\t\t\t\t<div class=\"elementor-spacer\">\n\t\t\t<div class=\"elementor-spacer-inner\"><\/div>\n\t\t<\/div>\n\t\t\t\t\t\t<\/div>\n\t\t\t\t<\/div>\n\t\t\t\t<div class=\"elementor-element elementor-element-ed045b2 elementor-widget elementor-widget-heading\" data-id=\"ed045b2\" data-element_type=\"widget\" data-e-type=\"widget\" data-widget_type=\"heading.default\">\n\t\t\t\t<div class=\"elementor-widget-container\">\n\t\t\t\t\t<h3 class=\"elementor-heading-title elementor-size-default\">Co to jest strona poszkodowana?<\/h3>\t\t\t\t<\/div>\n\t\t\t\t<\/div>\n\t\t\t\t<div class=\"elementor-element elementor-element-1c7e99e color-scheme-inherit text-left elementor-widget elementor-widget-text-editor\" data-id=\"1c7e99e\" data-element_type=\"widget\" data-e-type=\"widget\" data-widget_type=\"text-editor.default\">\n\t\t\t\t<div class=\"elementor-widget-container\">\n\t\t\t\t\t\t\t\t\t<p>Pokrzywdzony to osoba, kt\u00f3ra ponios\u0142a szkod\u0119 w wyniku przest\u0119pstwa i mo\u017ce domaga\u0107 si\u0119 odszkodowania od oskar\u017conego w post\u0119powaniu karnym. Mo\u017ce to obejmowa\u0107 szkody materialne, takie jak zniszczone ubrania i uszkodzone mienie, a tak\u017ce szkody emocjonalne. Wniosek o odszkodowanie sk\u0142ada si\u0119 za pomoc\u0105 formularza o\u015bwiadczenia o szkodzie lub numeru przy\u0142\u0105czenia.<\/p>\t\t\t\t\t\t\t\t<\/div>\n\t\t\t\t<\/div>\n\t\t\t\t<div class=\"elementor-element elementor-element-f983b12 elementor-widget elementor-widget-spacer\" data-id=\"f983b12\" data-element_type=\"widget\" data-e-type=\"widget\" data-widget_type=\"spacer.default\">\n\t\t\t\t<div class=\"elementor-widget-container\">\n\t\t\t\t\t\t\t<div class=\"elementor-spacer\">\n\t\t\t<div class=\"elementor-spacer-inner\"><\/div>\n\t\t<\/div>\n\t\t\t\t\t\t<\/div>\n\t\t\t\t<\/div>\n\t\t\t\t<div class=\"elementor-element elementor-element-fb22814 elementor-widget elementor-widget-heading\" data-id=\"fb22814\" data-element_type=\"widget\" data-e-type=\"widget\" data-widget_type=\"heading.default\">\n\t\t\t\t<div class=\"elementor-widget-container\">\n\t\t\t\t\t<h3 class=\"elementor-heading-title elementor-size-default\">Co to jest formularz \u0142\u0105czenia?<\/h3>\t\t\t\t<\/div>\n\t\t\t\t<\/div>\n\t\t\t\t<div class=\"elementor-element elementor-element-d85f3d6 color-scheme-inherit text-left elementor-widget elementor-widget-text-editor\" data-id=\"d85f3d6\" data-element_type=\"widget\" data-e-type=\"widget\" data-widget_type=\"text-editor.default\">\n\t\t\t\t<div class=\"elementor-widget-container\">\n\t\t\t\t\t\t\t\t\t<p>Formularz przy\u0142\u0105czeniowy to po prostu formularz, kt\u00f3ry wype\u0142nia si\u0119, je\u015bli jest si\u0119 ofiar\u0105 przest\u0119pstwa i chce si\u0119 uczestniczy\u0107 w procesie osoby, kt\u00f3ra pope\u0142ni\u0142a przest\u0119pstwo. Za pomoc\u0105 tego formularza prosz\u0105 Pa\u0144stwo o odszkodowanie za szkody poniesione w wyniku przest\u0119pstwa. Pomaga on Pa\u0144stwu chroni\u0107 swoje prawa i uczestniczy\u0107 w procesie przeciwko sprawcy.<\/p>\t\t\t\t\t\t\t\t<\/div>\n\t\t\t\t<\/div>\n\t\t\t\t<div class=\"elementor-element elementor-element-0130b7a elementor-widget elementor-widget-spacer\" data-id=\"0130b7a\" data-element_type=\"widget\" data-e-type=\"widget\" data-widget_type=\"spacer.default\">\n\t\t\t\t<div class=\"elementor-widget-container\">\n\t\t\t\t\t\t\t<div class=\"elementor-spacer\">\n\t\t\t<div class=\"elementor-spacer-inner\"><\/div>\n\t\t<\/div>\n\t\t\t\t\t\t<\/div>\n\t\t\t\t<\/div>\n\t\t\t\t<div class=\"elementor-element elementor-element-64ae864 elementor-widget elementor-widget-heading\" data-id=\"64ae864\" data-element_type=\"widget\" data-e-type=\"widget\" data-widget_type=\"heading.default\">\n\t\t\t\t<div class=\"elementor-widget-container\">\n\t\t\t\t\t<h3 class=\"elementor-heading-title elementor-size-default\">Roszczenie strony poszkodowanej<\/h3>\t\t\t\t<\/div>\n\t\t\t\t<\/div>\n\t\t\t\t<div class=\"elementor-element elementor-element-069524a color-scheme-inherit text-left elementor-widget elementor-widget-text-editor\" data-id=\"069524a\" data-element_type=\"widget\" data-e-type=\"widget\" data-widget_type=\"text-editor.default\">\n\t\t\t\t<div class=\"elementor-widget-container\">\n\t\t\t\t\t\t\t\t\t<p>Poszkodowani mog\u0105 wnosi\u0107 r\u00f3\u017cne rodzaje roszcze\u0144 odszkodowawczych. Poni\u017cej wymienili\u015bmy wszystkie rodzaje szk\u00f3d.<\/p><ul><li><strong>Szkody materialne<\/strong>: s\u0105 to szkody, kt\u00f3re mo\u017cna wyceni\u0107 w pieni\u0105dzu, takie jak rachunki medyczne, utrata dochod\u00f3w, zniszczone przedmioty lub inne rzeczy, na kt\u00f3re potrzebne s\u0105 pieni\u0105dze z powodu przest\u0119pstwa.<\/li><li><strong>Obra\u017cenia niematerialne:<\/strong> S\u0105 to szkody, kt\u00f3rych nie mo\u017cna zmierzy\u0107 za pomoc\u0105 pieni\u0119dzy, takie jak uczucie smutku, niepokoju lub stresu z powodu tego, co si\u0119 sta\u0142o.<\/li><li><strong>Uszkodzenia spowodowane wstrz\u0105sami<\/strong>: je\u015bli jeste\u015b w szoku po powa\u017cnym wypadku lub przest\u0119pstwie, mo\u017ce to prowadzi\u0107 do emocjonalnych uraz\u00f3w i stresu.<\/li><li><strong>Szkody emocjonalne<\/strong>: jest to emocjonalny b\u00f3l odczuwany przez cz\u0142onk\u00f3w rodziny, takich jak rodzice, dzieci, partnerzy i rodze\u0144stwo, gdy bliska osoba dozna\u0142a urazu lub zmar\u0142a.<\/li><li><strong>Koszty post\u0119powania<\/strong>: s\u0105 to koszty, kt\u00f3re nale\u017cy ponie\u015b\u0107 w celu przeprowadzenia post\u0119powania s\u0105dowego, takie jak koszty adwokata lub op\u0142aty s\u0105dowe.<\/li><li><strong>Oprocentowanie ustawowe<\/strong>: jest to dodatkowa kwota dodawana do wynagrodzenia, kt\u00f3re otrzymujesz w celu zrekompensowania faktu, \u017ce<\/li><li><strong>\u015arodek odszkodowawczy<\/strong>: sprawca musi zap\u0142aci\u0107 za wyrz\u0105dzone szkody w ramach kary. Pomaga to ofierze w powrocie do zdrowia poprzez otrzymanie pieni\u0119dzy od sprawcy.<\/li><\/ul>\t\t\t\t\t\t\t\t<\/div>\n\t\t\t\t<\/div>\n\t\t\t\t<div class=\"elementor-element elementor-element-b749a1c elementor-widget elementor-widget-spacer\" data-id=\"b749a1c\" data-element_type=\"widget\" data-e-type=\"widget\" data-widget_type=\"spacer.default\">\n\t\t\t\t<div class=\"elementor-widget-container\">\n\t\t\t\t\t\t\t<div class=\"elementor-spacer\">\n\t\t\t<div class=\"elementor-spacer-inner\"><\/div>\n\t\t<\/div>\n\t\t\t\t\t\t<\/div>\n\t\t\t\t<\/div>\n\t\t\t\t<div class=\"elementor-element elementor-element-a06fffd elementor-widget elementor-widget-heading\" data-id=\"a06fffd\" data-element_type=\"widget\" data-e-type=\"widget\" data-widget_type=\"heading.default\">\n\t\t\t\t<div class=\"elementor-widget-container\">\n\t\t\t\t\t<h3 class=\"elementor-heading-title elementor-size-default\">Post\u0119powanie strony poszkodowanej<\/h3>\t\t\t\t<\/div>\n\t\t\t\t<\/div>\n\t\t\t\t<div class=\"elementor-element elementor-element-df6336f color-scheme-inherit text-left elementor-widget elementor-widget-text-editor\" data-id=\"df6336f\" data-element_type=\"widget\" data-e-type=\"widget\" data-widget_type=\"text-editor.default\">\n\t\t\t\t<div class=\"elementor-widget-container\">\n\t\t\t\t\t\t\t\t\t<p>Prawnik poinformuje Pa\u0144stwa, czy obecno\u015b\u0107 na rozprawie jest konieczna. Po wydaniu wyroku prawnik om\u00f3wi z Panem\/Pani\u0105 decyzj\u0119, a tak\u017ce b\u0119dzie zwraca\u0142 uwag\u0119 na to, czy oskar\u017cony lub prokurator z\u0142o\u017c\u0105 apelacj\u0119. Je\u015bli tak si\u0119 stanie, wa\u017cne jest, aby Pa\u0144stwo, jako strona poszkodowana, wzi\u0119li udzia\u0142 w apelacji, aby uzyska\u0107 jak najlepszy wynik.<\/p><p>Nale\u017cy zauwa\u017cy\u0107, \u017ce poszkodowany nie mo\u017ce zwi\u0119kszy\u0107 roszczenia w apelacji, ani podnie\u015b\u0107 \u017cadnych nowych szk\u00f3d.<\/p>\t\t\t\t\t\t\t\t<\/div>\n\t\t\t\t<\/div>\n\t\t\t\t<div class=\"elementor-element elementor-element-3d4f5e6 elementor-widget elementor-widget-spacer\" data-id=\"3d4f5e6\" data-element_type=\"widget\" data-e-type=\"widget\" data-widget_type=\"spacer.default\">\n\t\t\t\t<div class=\"elementor-widget-container\">\n\t\t\t\t\t\t\t<div class=\"elementor-spacer\">\n\t\t\t<div class=\"elementor-spacer-inner\"><\/div>\n\t\t<\/div>\n\t\t\t\t\t\t<\/div>\n\t\t\t\t<\/div>\n\t\t\t\t<div class=\"elementor-element elementor-element-b4ea4a9 elementor-widget elementor-widget-heading\" data-id=\"b4ea4a9\" data-element_type=\"widget\" data-e-type=\"widget\" data-widget_type=\"heading.default\">\n\t\t\t\t<div class=\"elementor-widget-container\">\n\t\t\t\t\t<h3 class=\"elementor-heading-title elementor-size-default\">Szczeg\u00f3lne prawa poszkodowanego<\/h3>\t\t\t\t<\/div>\n\t\t\t\t<\/div>\n\t\t\t\t<div class=\"elementor-element elementor-element-61027f5 color-scheme-inherit text-left elementor-widget elementor-widget-text-editor\" data-id=\"61027f5\" data-element_type=\"widget\" data-e-type=\"widget\" data-widget_type=\"text-editor.default\">\n\t\t\t\t<div class=\"elementor-widget-container\">\n\t\t\t\t\t\t\t\t\t<p>Jako strona poszkodowana ma Pan\/Pani wi\u0119cej praw:<\/p><ul><li><strong>Kopia oficjalnego raportu: <\/strong>Mog\u0105 Pa\u0144stwo poprosi\u0107 policj\u0119 o kopi\u0119 oficjalnego raportu. Otrzymaj\u0105 Pa\u0144stwo w\u00f3wczas wszystkie o\u015bwiadczenia i dokumenty dotycz\u0105ce przest\u0119pstwa.<\/li><li><strong>Obecno\u015b\u0107 na wszystkich sesjach:<\/strong> mo\u017ce Pan\/Pani uczestniczy\u0107 we wszystkich przes\u0142uchaniach, w tym przes\u0142uchaniach nieletnich. Te sesje dla nieletnich s\u0105 sesjami zamkni\u0119tymi, ale jako strona poszkodowana nadal ma Pan\/Pani prawo uczestniczy\u0107 w tej sprawie.<\/li><\/ul>\t\t\t\t\t\t\t\t<\/div>\n\t\t\t\t<\/div>\n\t\t\t\t<div class=\"elementor-element elementor-element-4e5ae62 elementor-widget elementor-widget-spacer\" data-id=\"4e5ae62\" data-element_type=\"widget\" data-e-type=\"widget\" data-widget_type=\"spacer.default\">\n\t\t\t\t<div class=\"elementor-widget-container\">\n\t\t\t\t\t\t\t<div class=\"elementor-spacer\">\n\t\t\t<div class=\"elementor-spacer-inner\"><\/div>\n\t\t<\/div>\n\t\t\t\t\t\t<\/div>\n\t\t\t\t<\/div>\n\t\t\t\t<div class=\"elementor-element elementor-element-75ad9c9 elementor-widget elementor-widget-heading\" data-id=\"75ad9c9\" data-element_type=\"widget\" data-e-type=\"widget\" data-widget_type=\"heading.default\">\n\t\t\t\t<div class=\"elementor-widget-container\">\n\t\t\t\t\t<h3 class=\"elementor-heading-title elementor-size-default\">\u015amier\u0107 poszkodowanego\n<\/h3>\t\t\t\t<\/div>\n\t\t\t\t<\/div>\n\t\t\t\t<div class=\"elementor-element elementor-element-559e5e4 color-scheme-inherit text-left elementor-widget elementor-widget-text-editor\" data-id=\"559e5e4\" data-element_type=\"widget\" data-e-type=\"widget\" data-widget_type=\"text-editor.default\">\n\t\t\t\t<div class=\"elementor-widget-container\">\n\t\t\t\t\t\t\t\t\t<p>Je\u015bli ofiara (pokrzywdzony) zmar\u0142a w wyniku przest\u0119pstwa, najbli\u017csi krewni, tacy jak cz\u0142onkowie rodziny, mog\u0105 do\u0142\u0105czy\u0107 jako pokrzywdzony i ubiega\u0107 si\u0119 o odszkodowanie w post\u0119powaniu karnym.<\/p><p>Prosz\u0119 pami\u0119ta\u0107, \u017ce mo\u017cesz do\u0142\u0105czy\u0107 do sprawy jako ocala\u0142y tylko wtedy, gdy jest pewne, \u017ce ofiara rzeczywi\u015bcie zmar\u0142a w wyniku przest\u0119pstwa.<\/p>\t\t\t\t\t\t\t\t<\/div>\n\t\t\t\t<\/div>\n\t\t\t\t<div class=\"elementor-element elementor-element-e9ddc44 elementor-widget elementor-widget-spacer\" data-id=\"e9ddc44\" data-element_type=\"widget\" data-e-type=\"widget\" data-widget_type=\"spacer.default\">\n\t\t\t\t<div class=\"elementor-widget-container\">\n\t\t\t\t\t\t\t<div class=\"elementor-spacer\">\n\t\t\t<div class=\"elementor-spacer-inner\"><\/div>\n\t\t<\/div>\n\t\t\t\t\t\t<\/div>\n\t\t\t\t<\/div>\n\t\t\t\t<div class=\"elementor-element elementor-element-405dfb0 elementor-widget elementor-widget-heading\" data-id=\"405dfb0\" data-element_type=\"widget\" data-e-type=\"widget\" data-widget_type=\"heading.default\">\n\t\t\t\t<div class=\"elementor-widget-container\">\n\t\t\t\t\t<h3 class=\"elementor-heading-title elementor-size-default\">Prawnik strony poszkodowanej\n<\/h3>\t\t\t\t<\/div>\n\t\t\t\t<\/div>\n\t\t\t\t<div class=\"elementor-element elementor-element-4b29bf3 color-scheme-inherit text-left elementor-widget elementor-widget-text-editor\" data-id=\"4b29bf3\" data-element_type=\"widget\" data-e-type=\"widget\" data-widget_type=\"text-editor.default\">\n\t\t\t\t<div class=\"elementor-widget-container\">\n\t\t\t\t\t\t\t\t\t<p>Wa\u017cne jest, aby skonsultowa\u0107 si\u0119 z prawnikiem przed przyst\u0105pieniem do sprawy karnej w charakterze pokrzywdzonego. Mog\u0105 Pa\u0144stwo om\u00f3wi\u0107 z prawnikiem, w jaki spos\u00f3b najlepiej z\u0142o\u017cy\u0107 wniosek, a prawnik mo\u017ce za\u017c\u0105da\u0107 dla Pa\u0144stwa protoko\u0142u i poinformowa\u0107 Pa\u0144stwa o dowodach przeciwko oskar\u017conemu.<\/p><p>Mog\u0105 Pa\u0144stwo liczy\u0107 na naszych wyspecjalizowanych prawnik\u00f3w niezale\u017cnie od tego, czy s\u0105 Pa\u0144stwo oskar\u017conymi, czy poszkodowanymi.<\/p><p>Po skontaktowaniu si\u0119 z nami upewnimy si\u0119, \u017ce zostan\u0105 Pa\u0144stwo po\u0142\u0105czeni bezpo\u015brednio z <a href=\"https:\/\/www.derbedrosian.nl\/pl\/prawnicy-2\/\">wyspecjalizowany prawnik<\/a> kto mo\u017ce pom\u00f3c i doradzi\u0107 Pa\u0144stwu jako pokrzywdzonemu w trakcie post\u0119powania karnego<\/p>\t\t\t\t\t\t\t\t<\/div>\n\t\t\t\t<\/div>\n\t\t\t\t\t<\/div>\n\t\t\t\t<\/div>\n\t\t\t\t<\/div>","protected":false},"excerpt":{"rendered":"<p>Strona poszkodowana Strona poszkodowana zmar\u0142a Osoba poszkodowana odr\u0119bne rozpatrywanie roszczenia strona poszkodowana strona roszczenia strona poszkodowana prawnik karny prawnik enschede<\/p>","protected":false},"author":1,"featured_media":0,"parent":10047,"menu_order":0,"comment_status":"closed","ping_status":"closed","template":"","meta":{"footnotes":""},"class_list":["post-10496","page","type-page","status-publish","hentry"],"_links":{"self":[{"href":"https:\/\/www.derbedrosian.nl\/pl\/wp-json\/wp\/v2\/pages\/10496","targetHints":{"allow":["GET"]}}],"collection":[{"href":"https:\/\/www.derbedrosian.nl\/pl\/wp-json\/wp\/v2\/pages"}],"about":[{"href":"https:\/\/www.derbedrosian.nl\/pl\/wp-json\/wp\/v2\/types\/page"}],"author":[{"embeddable":true,"href":"https:\/\/www.derbedrosian.nl\/pl\/wp-json\/wp\/v2\/users\/1"}],"replies":[{"embeddable":true,"href":"https:\/\/www.derbedrosian.nl\/pl\/wp-json\/wp\/v2\/comments?post=10496"}],"version-history":[{"count":0,"href":"https:\/\/www.derbedrosian.nl\/pl\/wp-json\/wp\/v2\/pages\/10496\/revisions"}],"up":[{"embeddable":true,"href":"https:\/\/www.derbedrosian.nl\/pl\/wp-json\/wp\/v2\/pages\/10047"}],"wp:attachment":[{"href":"https:\/\/www.derbedrosian.nl\/pl\/wp-json\/wp\/v2\/media?parent=10496"}],"curies":[{"name":"wp","href":"https:\/\/api.w.org\/{rel}","templated":true}]}}