{"id":10488,"date":"2023-05-25T15:35:11","date_gmt":"2023-05-25T13:35:11","guid":{"rendered":"https:\/\/derbedrosian.nl\/?page_id=10488"},"modified":"2025-12-21T15:46:34","modified_gmt":"2025-12-21T13:46:34","slug":"obraza-2","status":"publish","type":"page","link":"https:\/\/www.derbedrosian.nl\/pl\/rechtsgebieden\/strafrecht\/belediging\/","title":{"rendered":"Zniewaga"},"content":{"rendered":"<div data-elementor-type=\"wp-page\" data-elementor-id=\"10488\" class=\"elementor elementor-10488\" data-elementor-post-type=\"page\">\n\t\t\t\t<div class=\"wd-negative-gap elementor-element elementor-element-f5caaf7 e-flex e-con-boxed e-con e-parent\" data-id=\"f5caaf7\" data-element_type=\"container\" data-e-type=\"container\">\n\t\t\t\t\t<div class=\"e-con-inner\">\n\t\t\t\t<div class=\"elementor-element elementor-element-450f538 elementor-hidden-desktop elementor-hidden-tablet elementor-hidden-mobile elementor-widget elementor-widget-wd_image_or_svg\" data-id=\"450f538\" data-element_type=\"widget\" data-e-type=\"widget\" id=\"seo-word\" data-widget_type=\"wd_image_or_svg.default\">\n\t\t\t\t<div class=\"elementor-widget-container\">\n\t\t\t\t\t\n\t\t<div class=\"wd-image text-center\">\n\t\t\t\t\t\t\t\t<img loading=\"lazy\" decoding=\"async\" width=\"1000\" height=\"667\" src=\"https:\/\/www.derbedrosian.nl\/wp-content\/uploads\/belediging-advocaat.jpg\" class=\"attachment-full size-full\" alt=\"znies\u0142awienie znies\u0142awienie urz\u0119dnik w biurze prawnik\" srcset=\"https:\/\/www.derbedrosian.nl\/wp-content\/uploads\/belediging-advocaat.jpg 1000w, https:\/\/www.derbedrosian.nl\/wp-content\/uploads\/belediging-advocaat-400x267.jpg 400w, https:\/\/www.derbedrosian.nl\/wp-content\/uploads\/belediging-advocaat-768x512.jpg 768w\" sizes=\"auto, (max-width: 1000px) 100vw, 1000px\" title=\"\">\t\t\t\t\t<\/div>\n\n\t\t\t\t\t\t<\/div>\n\t\t\t\t<\/div>\n\t\t\t\t<div class=\"elementor-element elementor-element-49512f8 elementor-hidden-desktop elementor-hidden-tablet elementor-hidden-mobile elementor-widget elementor-widget-heading\" data-id=\"49512f8\" data-element_type=\"widget\" data-e-type=\"widget\" id=\"seo-word\" data-widget_type=\"heading.default\">\n\t\t\t\t<div class=\"elementor-widget-container\">\n\t\t\t\t\t<h2 class=\"elementor-heading-title elementor-size-default\">obraza znies\u0142awienie pom\u00f3wienie<\/h2>\t\t\t\t<\/div>\n\t\t\t\t<\/div>\n\t\t\t\t<div class=\"elementor-element elementor-element-b7b9180 elementor-hidden-desktop elementor-hidden-tablet elementor-hidden-mobile elementor-widget elementor-widget-heading\" data-id=\"b7b9180\" data-element_type=\"widget\" data-e-type=\"widget\" id=\"seo-word\" data-widget_type=\"heading.default\">\n\t\t\t\t<div class=\"elementor-widget-container\">\n\t\t\t\t\t<h5 class=\"elementor-heading-title elementor-size-default\">zniewa\u017cenie urz\u0119dnika w biurze<\/h5>\t\t\t\t<\/div>\n\t\t\t\t<\/div>\n\t\t\t\t<div class=\"elementor-element elementor-element-42c27a5 elementor-hidden-desktop elementor-hidden-tablet elementor-hidden-mobile elementor-widget elementor-widget-heading\" data-id=\"42c27a5\" data-element_type=\"widget\" data-e-type=\"widget\" id=\"seo-word\" data-widget_type=\"heading.default\">\n\t\t\t\t<div class=\"elementor-widget-container\">\n\t\t\t\t\t<h5 class=\"elementor-heading-title elementor-size-default\">przest\u0119pstwo zniewagi<\/h5>\t\t\t\t<\/div>\n\t\t\t\t<\/div>\n\t\t\t\t<div class=\"elementor-element elementor-element-713e47e elementor-hidden-desktop elementor-hidden-tablet elementor-hidden-mobile elementor-widget elementor-widget-heading\" data-id=\"713e47e\" data-element_type=\"widget\" data-e-type=\"widget\" id=\"seo-word\" data-widget_type=\"heading.default\">\n\t\t\t\t<div class=\"elementor-widget-container\">\n\t\t\t\t\t<h5 class=\"elementor-heading-title elementor-size-default\">obra\u017aliwy prawnik<\/h5>\t\t\t\t<\/div>\n\t\t\t\t<\/div>\n\t\t\t\t<div class=\"elementor-element elementor-element-813d85e elementor-hidden-desktop elementor-hidden-tablet elementor-hidden-mobile elementor-widget elementor-widget-heading\" data-id=\"813d85e\" data-element_type=\"widget\" data-e-type=\"widget\" id=\"seo-word\" data-widget_type=\"heading.default\">\n\t\t\t\t<div class=\"elementor-widget-container\">\n\t\t\t\t\t<h5 class=\"elementor-heading-title elementor-size-default\">adwokat w sprawach karnych enschede<\/h5>\t\t\t\t<\/div>\n\t\t\t\t<\/div>\n\t\t\t\t<div class=\"elementor-element elementor-element-b444ed6 elementor-hidden-desktop elementor-hidden-tablet elementor-hidden-mobile elementor-widget elementor-widget-heading\" data-id=\"b444ed6\" data-element_type=\"widget\" data-e-type=\"widget\" id=\"seo-word\" data-widget_type=\"heading.default\">\n\t\t\t\t<div class=\"elementor-widget-container\">\n\t\t\t\t\t<h5 class=\"elementor-heading-title elementor-size-default\">prawo karne enschede<\/h5>\t\t\t\t<\/div>\n\t\t\t\t<\/div>\n\t\t\t\t<div class=\"elementor-element elementor-element-dc496f1 elementor-hidden-desktop elementor-hidden-tablet elementor-hidden-mobile elementor-widget elementor-widget-heading\" data-id=\"dc496f1\" data-element_type=\"widget\" data-e-type=\"widget\" id=\"seo-word\" data-widget_type=\"heading.default\">\n\t\t\t\t<div class=\"elementor-widget-container\">\n\t\t\t\t\t<h5 class=\"elementor-heading-title elementor-size-default\">adwokat prawo karne enschede\n<\/h5>\t\t\t\t<\/div>\n\t\t\t\t<\/div>\n\t\t\t\t<div class=\"elementor-element elementor-element-0dd2621 elementor-hidden-desktop elementor-hidden-tablet elementor-hidden-mobile elementor-widget elementor-widget-heading\" data-id=\"0dd2621\" data-element_type=\"widget\" data-e-type=\"widget\" id=\"seo-word\" data-widget_type=\"heading.default\">\n\t\t\t\t<div class=\"elementor-widget-container\">\n\t\t\t\t\t<h5 class=\"elementor-heading-title elementor-size-default\">adwokat prawo karne overijssel<\/h5>\t\t\t\t<\/div>\n\t\t\t\t<\/div>\n\t\t\t\t<div class=\"elementor-element elementor-element-b70cc7f elementor-hidden-desktop elementor-hidden-tablet elementor-hidden-mobile elementor-widget elementor-widget-heading\" data-id=\"b70cc7f\" data-element_type=\"widget\" data-e-type=\"widget\" id=\"seo-word\" data-widget_type=\"heading.default\">\n\t\t\t\t<div class=\"elementor-widget-container\">\n\t\t\t\t\t<h5 class=\"elementor-heading-title elementor-size-default\">W Enschede i Overijssel, prawnicy specjalizuj\u0105cy si\u0119 w sprawach karnych z kancelarii Derbedrosian Criminal Lawyers s\u0105 gotowi Pa\u0144stwu pom\u00f3c. Nasi prawnicy w Enschede maj\u0105 bogate do\u015bwiadczenie w sprawach karnych, w tym w sprawach dotycz\u0105cych zniewagi i powi\u0105zanych przest\u0119pstw.\n\nZniewa\u017cenie urz\u0119dnika jest przest\u0119pstwem podlegaj\u0105cym sankcjom prawnym. Znies\u0142awienie, oszczerstwo i pom\u00f3wienie s\u0105 przest\u0119pstwami zwi\u0105zanymi z naruszeniem czyjej\u015b reputacji lub honoru.\n\nWa\u017cne jest, aby zrozumie\u0107, \u017ce znies\u0142awienie jest przest\u0119pstwem i mo\u017ce mie\u0107 konsekwencje prawne. Je\u015bli s\u0105 Pa\u0144stwo oskar\u017ceni o znies\u0142awienie, pom\u00f3wienie lub oszczerstwo, bardzo wa\u017cne jest, aby zasi\u0119gn\u0105\u0107 porady prawnej i podj\u0105\u0107 odpowiednie kroki.\n\nNasi prawnicy w Enschede s\u0105 dost\u0119pni, aby doradza\u0107 i reprezentowa\u0107 Pa\u0144stwa interesy w sprawach dotycz\u0105cych znies\u0142awienia i powi\u0105zanych przest\u0119pstw. Je\u015bli potrzebuj\u0105 Pa\u0144stwo pomocy prawnej, prosimy o kontakt z kancelari\u0105 Derbedrosian Criminal Lawyers. Jeste\u015bmy tutaj, aby Pa\u0144stwu pom\u00f3c i zaj\u0105\u0107 si\u0119 Pa\u0144stwa spraw\u0105.<\/h5>\t\t\t\t<\/div>\n\t\t\t\t<\/div>\n\t\t\t\t<div class=\"elementor-element elementor-element-9578370 color-scheme-inherit text-left elementor-widget elementor-widget-text-editor\" data-id=\"9578370\" data-element_type=\"widget\" data-e-type=\"widget\" data-widget_type=\"text-editor.default\">\n\t\t\t\t<div class=\"elementor-widget-container\">\n\t\t\t\t\t\t\t\t\t<p><strong>W Holandii mo\u017cna swobodnie wyra\u017ca\u0107 swoje opinie, ale nie wszystko jest dozwolone bez konsekwencji. Obelgi, pom\u00f3wienia i znies\u0142awienia mog\u0105 mie\u0107 r\u00f3\u017cny charakter, od obelg s\u0142ownych po oszczerstwa w Internecie, i mog\u0105 potencjalnie spowodowa\u0107 znaczne szkody dla czyjego\u015b honoru i reputacji.<\/strong><\/p><p><strong>W kodeksie karnym istniej\u0105 przepisy, kt\u00f3re nak\u0142adaj\u0105 ograniczenia na to, co mo\u017cna powiedzie\u0107. Na przyk\u0142ad, zniewagi nie s\u0105 dozwolone na mocy paragraf\u00f3w 266 i 267. Przepisy te maj\u0105 na celu ochron\u0119 ludzi przed naruszeniem ich reputacji.<\/strong><\/p>\t\t\t\t\t\t\t\t<\/div>\n\t\t\t\t<\/div>\n\t\t\t\t<div class=\"elementor-element elementor-element-b149e06 elementor-widget elementor-widget-spacer\" data-id=\"b149e06\" data-element_type=\"widget\" data-e-type=\"widget\" data-widget_type=\"spacer.default\">\n\t\t\t\t<div class=\"elementor-widget-container\">\n\t\t\t\t\t\t\t<div class=\"elementor-spacer\">\n\t\t\t<div class=\"elementor-spacer-inner\"><\/div>\n\t\t<\/div>\n\t\t\t\t\t\t<\/div>\n\t\t\t\t<\/div>\n\t\t\t\t<div class=\"elementor-element elementor-element-275714a elementor-widget elementor-widget-heading\" data-id=\"275714a\" data-element_type=\"widget\" data-e-type=\"widget\" data-widget_type=\"heading.default\">\n\t\t\t\t<div class=\"elementor-widget-container\">\n\t\t\t\t\t<h3 class=\"elementor-heading-title elementor-size-default\">Co to jest zniewaga?<\/h3>\t\t\t\t<\/div>\n\t\t\t\t<\/div>\n\t\t\t\t<div class=\"elementor-element elementor-element-1fa19c7 color-scheme-inherit text-left elementor-widget elementor-widget-text-editor\" data-id=\"1fa19c7\" data-element_type=\"widget\" data-e-type=\"widget\" data-widget_type=\"text-editor.default\">\n\t\t\t\t<div class=\"elementor-widget-container\">\n\t\t\t\t\t\t\t\t\t<p>Zniewaga to po prostu co\u015b, co ludzie m\u00f3wi\u0105 lub robi\u0105, aby kogo\u015b o\u015bmieszy\u0107 lub poni\u017cy\u0107. Mo\u017cna to zrobi\u0107 celowo lub przypadkowo, ale zazwyczaj celem jest upokorzenie drugiej osoby.<\/p>\t\t\t\t\t\t\t\t<\/div>\n\t\t\t\t<\/div>\n\t\t\t\t<div class=\"elementor-element elementor-element-4bbd213 elementor-widget elementor-widget-spacer\" data-id=\"4bbd213\" data-element_type=\"widget\" data-e-type=\"widget\" data-widget_type=\"spacer.default\">\n\t\t\t\t<div class=\"elementor-widget-container\">\n\t\t\t\t\t\t\t<div class=\"elementor-spacer\">\n\t\t\t<div class=\"elementor-spacer-inner\"><\/div>\n\t\t<\/div>\n\t\t\t\t\t\t<\/div>\n\t\t\t\t<\/div>\n\t\t\t\t<div class=\"elementor-element elementor-element-57b25d1 elementor-widget elementor-widget-heading\" data-id=\"57b25d1\" data-element_type=\"widget\" data-e-type=\"widget\" data-widget_type=\"heading.default\">\n\t\t\t\t<div class=\"elementor-widget-container\">\n\t\t\t\t\t<h3 class=\"elementor-heading-title elementor-size-default\">Kiedy obelgi s\u0105 karalne?<\/h3>\t\t\t\t<\/div>\n\t\t\t\t<\/div>\n\t\t\t\t<div class=\"elementor-element elementor-element-2bba180 color-scheme-inherit text-left elementor-widget elementor-widget-text-editor\" data-id=\"2bba180\" data-element_type=\"widget\" data-e-type=\"widget\" data-widget_type=\"text-editor.default\">\n\t\t\t\t<div class=\"elementor-widget-container\">\n\t\t\t\t\t\t\t\t\t<p>Chocia\u017c zniewagi s\u0105 cz\u0119sto postrzegane jako szokuj\u0105ce i obra\u017aliwe, wiele wypowiedzi nadal podlega wolno\u015bci s\u0142owa, cho\u0107 z pewnymi ograniczeniami. W sferze zniewagi rozr\u00f3\u017cnia si\u0119 zniewag\u0119 umy\u015bln\u0105 i nieumy\u015bln\u0105. Artyku\u0142 267 kodeksu karnego traktuje poszczeg\u00f3lne kategorie oddzielnie:<\/p><ul><li><strong>Publiczne:<\/strong> zniewa\u017cenie w\u0142adzy publicznej, organu publicznego lub instytucji publicznej.<\/li><li><strong>Urz\u0119duj\u0105cy urz\u0119dnik:<\/strong> Zniewa\u017cenie funkcjonariusza wykonuj\u0105cego swoje obowi\u0105zki. Mo\u017ce to by\u0107 na przyk\u0142ad funkcjonariusz policji.<\/li><li><strong>Przyjazne pa\u0144stwo:<\/strong> Zniewa\u017cenie cz\u0142onka rz\u0105du zaprzyja\u017anionego pa\u0144stwa jest r\u00f3wnie\u017c karalne.<\/li><\/ul>\t\t\t\t\t\t\t\t<\/div>\n\t\t\t\t<\/div>\n\t\t\t\t<div class=\"elementor-element elementor-element-4bbd088 elementor-widget elementor-widget-spacer\" data-id=\"4bbd088\" data-element_type=\"widget\" data-e-type=\"widget\" data-widget_type=\"spacer.default\">\n\t\t\t\t<div class=\"elementor-widget-container\">\n\t\t\t\t\t\t\t<div class=\"elementor-spacer\">\n\t\t\t<div class=\"elementor-spacer-inner\"><\/div>\n\t\t<\/div>\n\t\t\t\t\t\t<\/div>\n\t\t\t\t<\/div>\n\t\t\t\t<div class=\"elementor-element elementor-element-62e77f4 elementor-widget elementor-widget-heading\" data-id=\"62e77f4\" data-element_type=\"widget\" data-e-type=\"widget\" data-widget_type=\"heading.default\">\n\t\t\t\t<div class=\"elementor-widget-container\">\n\t\t\t\t\t<h3 class=\"elementor-heading-title elementor-size-default\">R\u00f3\u017cne rodzaje zniewagi<\/h3>\t\t\t\t<\/div>\n\t\t\t\t<\/div>\n\t\t\t\t<div class=\"elementor-element elementor-element-3a8e1ad color-scheme-inherit text-left elementor-widget elementor-widget-text-editor\" data-id=\"3a8e1ad\" data-element_type=\"widget\" data-e-type=\"widget\" data-widget_type=\"text-editor.default\">\n\t\t\t\t<div class=\"elementor-widget-container\">\n\t\t\t\t\t\t\t\t\t<ul><li>W kodeksie karnym zniewaga wyst\u0119puje na trzy sposoby, tj;<\/li><li><strong>Zniewaga:<\/strong> Kiedy kto\u015b celowo pr\u00f3buje zaszkodzi\u0107 czyjemu\u015b honorowi lub reputacji. Mo\u017ce si\u0119 to odbywa\u0107 za pomoc\u0105 s\u0142\u00f3w, tekstu pisanego, ale tak\u017ce na przyk\u0142ad obraz\u00f3w.<\/li><li><strong>Znies\u0142awienie:<\/strong>\u00a0Gdy kto\u015b pr\u00f3buje zaszkodzi\u0107 Pana\/Pani dobremu imieniu poprzez rozpowszechnianie negatywnych informacji na Pana\/Pani temat, nawet je\u015bli informacje te nie s\u0105 prawdziwe. Przyk\u0142adem mo\u017ce by\u0107 sytuacja, w kt\u00f3rej przebywa\u0142 Pan\/Pani w zak\u0142adzie karnym i kto\u015b rozpowszechnia fa\u0142szywe informacje na temat Pana\/Pani pobytu w tym zak\u0142adzie.<\/li><li><strong>Pom\u00f3wienie:<\/strong> Znies\u0142awienie jest bardzo podobne do pom\u00f3wienia, ale w przypadku pom\u00f3wienia m\u00f3wimy o k\u0142amstwie na temat osoby lub grupy, kt\u00f3re okazuje si\u0119 nieprawdziwe.<\/li><\/ul><p>Wszystkie trzy sprawy dotycz\u0105 przest\u0119pstw zwi\u0105zanych ze skargami.<br \/>Osoba jest \u015bcigana karnie tylko wtedy, gdy za\u017c\u0105da tego ofiara.<\/p>\t\t\t\t\t\t\t\t<\/div>\n\t\t\t\t<\/div>\n\t\t\t\t<div class=\"elementor-element elementor-element-5cb15f3 elementor-widget elementor-widget-spacer\" data-id=\"5cb15f3\" data-element_type=\"widget\" data-e-type=\"widget\" data-widget_type=\"spacer.default\">\n\t\t\t\t<div class=\"elementor-widget-container\">\n\t\t\t\t\t\t\t<div class=\"elementor-spacer\">\n\t\t\t<div class=\"elementor-spacer-inner\"><\/div>\n\t\t<\/div>\n\t\t\t\t\t\t<\/div>\n\t\t\t\t<\/div>\n\t\t\t\t<div class=\"elementor-element elementor-element-78cf454 elementor-widget elementor-widget-heading\" data-id=\"78cf454\" data-element_type=\"widget\" data-e-type=\"widget\" data-widget_type=\"heading.default\">\n\t\t\t\t<div class=\"elementor-widget-container\">\n\t\t\t\t\t<h3 class=\"elementor-heading-title elementor-size-default\">Kiedy obra\u017aliwe zachowanie jest uznawane za przest\u0119pstwo?\n<\/h3>\t\t\t\t<\/div>\n\t\t\t\t<\/div>\n\t\t\t\t<div class=\"elementor-element elementor-element-a4ba26c color-scheme-inherit text-left elementor-widget elementor-widget-text-editor\" data-id=\"a4ba26c\" data-element_type=\"widget\" data-e-type=\"widget\" data-widget_type=\"text-editor.default\">\n\t\t\t\t<div class=\"elementor-widget-container\">\n\t\t\t\t\t\t\t\t\t<p>Kiedy obra\u017aliwe zachowanie jest uznawane za przest\u0119pstwo?<\/p><p>Aby okre\u015bli\u0107, czy co\u015b jest zniewag\u0105, nale\u017cy wzi\u0105\u0107 pod uwag\u0119 kilka czynnik\u00f3w.<\/p><ul><li><strong>Rzeczywista obraza:<\/strong>\u00a0wyra\u017cenie musi by\u0107 rzeczywi\u015bcie obra\u017aliwe, co oznacza, \u017ce narusza honor, reputacj\u0119 lub godno\u015b\u0107 danej osoby.<\/li><li><strong>Intencja:<\/strong>\u00a0Oznacza to, \u017ce sprawca mia\u0142 zamiar obrazi\u0107 dan\u0105 osob\u0119 lub grup\u0119.<\/li><li><strong>Spos\u00f3b wyra\u017cania:<\/strong>\u00a0Zniewag\u0119 mo\u017cna wyrazi\u0107 na r\u00f3\u017cne sposoby. Mog\u0105 to by\u0107 wypowiedzi ustne (mowa) lub pisemne (list lub wiadomo\u015b\u0107 e-mail).<\/li><\/ul>\t\t\t\t\t\t\t\t<\/div>\n\t\t\t\t<\/div>\n\t\t\t\t<div class=\"elementor-element elementor-element-dfdb17d elementor-widget elementor-widget-spacer\" data-id=\"dfdb17d\" data-element_type=\"widget\" data-e-type=\"widget\" data-widget_type=\"spacer.default\">\n\t\t\t\t<div class=\"elementor-widget-container\">\n\t\t\t\t\t\t\t<div class=\"elementor-spacer\">\n\t\t\t<div class=\"elementor-spacer-inner\"><\/div>\n\t\t<\/div>\n\t\t\t\t\t\t<\/div>\n\t\t\t\t<\/div>\n\t\t\t\t<div class=\"elementor-element elementor-element-b2e5270 elementor-widget elementor-widget-heading\" data-id=\"b2e5270\" data-element_type=\"widget\" data-e-type=\"widget\" data-widget_type=\"heading.default\">\n\t\t\t\t<div class=\"elementor-widget-container\">\n\t\t\t\t\t<h3 class=\"elementor-heading-title elementor-size-default\">Procedura zniewa\u017cenia, znies\u0142awienia lub pom\u00f3wienia\n<\/h3>\t\t\t\t<\/div>\n\t\t\t\t<\/div>\n\t\t\t\t<div class=\"elementor-element elementor-element-27dcf70 color-scheme-inherit text-left elementor-widget elementor-widget-text-editor\" data-id=\"27dcf70\" data-element_type=\"widget\" data-e-type=\"widget\" data-widget_type=\"text-editor.default\">\n\t\t\t\t<div class=\"elementor-widget-container\">\n\t\t\t\t\t\t\t\t\t<p>Gdy kto\u015b staje przed s\u0105dem w sprawie o zniewa\u017cenie, rozs\u0105dnie jest mie\u0107 nast\u0119puj\u0105ce dwie rzeczy.<\/p><ul><li><strong>Zbieranie dowod\u00f3w:<\/strong> Sporz\u0105dzenie kopii niezb\u0119dnych dokument\u00f3w, zdj\u0119\u0107, historii czat\u00f3w lub innych form dowod\u00f3w przest\u0119pstwa jest pierwszym krokiem do silnej obrony. Prosz\u0119 wzi\u0105\u0107 pod uwag\u0119 wiadomo\u015bci, kt\u00f3re wyrz\u0105dzi\u0142y szkody finansowe danej osobie lub firmie. Nagrane rozmowy telefoniczne i wiadomo\u015bci e-mail, kt\u00f3re dana osoba otrzyma\u0142a w przesz\u0142o\u015bci, mog\u0105 r\u00f3wnie\u017c przyda\u0107 si\u0119 podczas sprawy karnej.<\/li><li><strong>Prosz\u0119 zg\u0142osi\u0107 na policj\u0119:<\/strong> Po zebraniu niezb\u0119dnych dowod\u00f3w mog\u0105 Pa\u0144stwo zg\u0142osi\u0107 spraw\u0119 na policj\u0119. Nale\u017cy pami\u0119ta\u0107, \u017ce znies\u0142awienie i pom\u00f3wienie s\u0105 przest\u0119pstwami skargowymi. Oznacza to, \u017ce zg\u0142oszenie mo\u017cna wycofa\u0107 w ci\u0105gu o\u015bmiu dni.<\/li><\/ul>\t\t\t\t\t\t\t\t<\/div>\n\t\t\t\t<\/div>\n\t\t\t\t<div class=\"elementor-element elementor-element-8296042 elementor-widget elementor-widget-spacer\" data-id=\"8296042\" data-element_type=\"widget\" data-e-type=\"widget\" data-widget_type=\"spacer.default\">\n\t\t\t\t<div class=\"elementor-widget-container\">\n\t\t\t\t\t\t\t<div class=\"elementor-spacer\">\n\t\t\t<div class=\"elementor-spacer-inner\"><\/div>\n\t\t<\/div>\n\t\t\t\t\t\t<\/div>\n\t\t\t\t<\/div>\n\t\t\t\t<div class=\"elementor-element elementor-element-c925f56 elementor-widget elementor-widget-heading\" data-id=\"c925f56\" data-element_type=\"widget\" data-e-type=\"widget\" data-widget_type=\"heading.default\">\n\t\t\t\t<div class=\"elementor-widget-container\">\n\t\t\t\t\t<h3 class=\"elementor-heading-title elementor-size-default\">Konsekwencje zniewagi<\/h3>\t\t\t\t<\/div>\n\t\t\t\t<\/div>\n\t\t\t\t<div class=\"elementor-element elementor-element-2205c26 color-scheme-inherit text-left elementor-widget elementor-widget-text-editor\" data-id=\"2205c26\" data-element_type=\"widget\" data-e-type=\"widget\" data-widget_type=\"text-editor.default\">\n\t\t\t\t<div class=\"elementor-widget-container\">\n\t\t\t\t\t\t\t\t\tNie tylko osoba pope\u0142niaj\u0105ca b\u0142\u0105d, ale tak\u017ce ofiara mo\u017ce ponie\u015b\u0107 wiele szk\u00f3d. Na przyk\u0142ad, je\u015bli firma jest \u017ale omawiana, mo\u017ce to spowodowa\u0107 ogromne szkody finansowe. Fa\u0142szywe oskar\u017cenia mog\u0105 r\u00f3wnie\u017c powa\u017cnie zaszkodzi\u0107 osobom prywatnym. Je\u015bli dana osoba zostanie bardzo negatywnie przedstawiona w Internecie, znacznie mniej os\u00f3b b\u0119dzie chcia\u0142o z ni\u0105 wsp\u00f3\u0142pracowa\u0107.\n\t\t\t\t\t\t\t\t<\/div>\n\t\t\t\t<\/div>\n\t\t\t\t<div class=\"elementor-element elementor-element-77fc7e9 elementor-widget elementor-widget-spacer\" data-id=\"77fc7e9\" data-element_type=\"widget\" data-e-type=\"widget\" data-widget_type=\"spacer.default\">\n\t\t\t\t<div class=\"elementor-widget-container\">\n\t\t\t\t\t\t\t<div class=\"elementor-spacer\">\n\t\t\t<div class=\"elementor-spacer-inner\"><\/div>\n\t\t<\/div>\n\t\t\t\t\t\t<\/div>\n\t\t\t\t<\/div>\n\t\t\t\t<div class=\"elementor-element elementor-element-cc22235 elementor-widget elementor-widget-heading\" data-id=\"cc22235\" data-element_type=\"widget\" data-e-type=\"widget\" data-widget_type=\"heading.default\">\n\t\t\t\t<div class=\"elementor-widget-container\">\n\t\t\t\t\t<h3 class=\"elementor-heading-title elementor-size-default\">Obra\u017aliwy prawnik <\/h3>\t\t\t\t<\/div>\n\t\t\t\t<\/div>\n\t\t\t\t<div class=\"elementor-element elementor-element-9d840f9 color-scheme-inherit text-left elementor-widget elementor-widget-text-editor\" data-id=\"9d840f9\" data-element_type=\"widget\" data-e-type=\"widget\" data-widget_type=\"text-editor.default\">\n\t\t\t\t<div class=\"elementor-widget-container\">\n\t\t\t\t\t\t\t\t\t<p>Wyrok skazuj\u0105cy za zniewa\u017cenie mo\u017ce skutkowa\u0107 wpisem do rejestru karnego, uniemo\u017cliwiaj\u0105c ubieganie si\u0119 o certyfikat dobrego zachowania (VOG). Jest to co\u015b, czego oczywi\u015bcie chc\u0105 Pa\u0144stwo unikn\u0105\u0107. Dlatego rozs\u0105dnie jest zwr\u00f3ci\u0107 si\u0119 o pomoc do do\u015bwiadczonego prawnika, kt\u00f3ry pomo\u017ce Pa\u0144stwu w przypadku zniewagi, takiej jak znies\u0142awienie lub pom\u00f3wienie.<\/p><p>W kancelarii prawnej Der Bedrosian posiadamy <a href=\"https:\/\/www.derbedrosian.nl\/pl\/prawnicy-2\/\">wyspecjalizowani prawnicy<\/a> w <a href=\"https:\/\/www.derbedrosian.nl\/pl\/jurysdykcje\/prawo-karne\/\">prawo karne<\/a> umo\u017cliwiaj\u0105c im zaoferowanie Pa\u0144stwu profesjonalnej pomocy.\u00a0<\/p><p>Prosimy skontaktowa\u0107 si\u0119 z nami, a jeden z naszych prawnik\u00f3w pomo\u017ce Pa\u0144stwu w Pa\u0144stwa sprawie tak szybko, jak to mo\u017cliwe.<\/p>\t\t\t\t\t\t\t\t<\/div>\n\t\t\t\t<\/div>\n\t\t\t\t\t<\/div>\n\t\t\t\t<\/div>\n\t\t\t\t<\/div>","protected":false},"excerpt":{"rendered":"<p>znies\u0142awienie znies\u0142awienie urz\u0119dnik w urz\u0119dzie znies\u0142awienie przest\u0119pstwo znies\u0142awienie prawnik prawo karne enschede prawo karne enschede prawnik prawo karne enschede prawnik<\/p>","protected":false},"author":1,"featured_media":0,"parent":10047,"menu_order":5,"comment_status":"closed","ping_status":"closed","template":"","meta":{"footnotes":""},"class_list":["post-10488","page","type-page","status-publish","hentry"],"_links":{"self":[{"href":"https:\/\/www.derbedrosian.nl\/pl\/wp-json\/wp\/v2\/pages\/10488","targetHints":{"allow":["GET"]}}],"collection":[{"href":"https:\/\/www.derbedrosian.nl\/pl\/wp-json\/wp\/v2\/pages"}],"about":[{"href":"https:\/\/www.derbedrosian.nl\/pl\/wp-json\/wp\/v2\/types\/page"}],"author":[{"embeddable":true,"href":"https:\/\/www.derbedrosian.nl\/pl\/wp-json\/wp\/v2\/users\/1"}],"replies":[{"embeddable":true,"href":"https:\/\/www.derbedrosian.nl\/pl\/wp-json\/wp\/v2\/comments?post=10488"}],"version-history":[{"count":0,"href":"https:\/\/www.derbedrosian.nl\/pl\/wp-json\/wp\/v2\/pages\/10488\/revisions"}],"up":[{"embeddable":true,"href":"https:\/\/www.derbedrosian.nl\/pl\/wp-json\/wp\/v2\/pages\/10047"}],"wp:attachment":[{"href":"https:\/\/www.derbedrosian.nl\/pl\/wp-json\/wp\/v2\/media?parent=10488"}],"curies":[{"name":"wp","href":"https:\/\/api.w.org\/{rel}","templated":true}]}}