{"id":10395,"date":"2023-05-25T11:32:44","date_gmt":"2023-05-25T09:32:44","guid":{"rendered":"https:\/\/derbedrosian.nl\/?page_id=10395"},"modified":"2025-12-20T17:48:25","modified_gmt":"2025-12-20T15:48:25","slug":"wylaczenie-odpowiedzialnosci","status":"publish","type":"page","link":"https:\/\/www.derbedrosian.nl\/pl\/disclaimer\/","title":{"rendered":"Wy\u0142\u0105czenie odpowiedzialno\u015bci"},"content":{"rendered":"<div data-elementor-type=\"wp-page\" data-elementor-id=\"10395\" class=\"elementor elementor-10395\" data-elementor-post-type=\"page\">\n\t\t\t\t<div class=\"wd-negative-gap elementor-element elementor-element-a787ca2 wd-section-stretch e-flex e-con-boxed e-con e-parent\" data-id=\"a787ca2\" data-element_type=\"container\" data-e-type=\"container\" data-settings=\"{&quot;background_background&quot;:&quot;gradient&quot;}\">\n\t\t\t\t\t<div class=\"e-con-inner\">\n\t\t<div class=\"elementor-element elementor-element-dc0d471 e-con-full e-flex e-con e-child\" data-id=\"dc0d471\" data-element_type=\"container\" data-e-type=\"container\">\n\t\t\t\t<div class=\"elementor-element elementor-element-568ef1b elementor-hidden-tablet elementor-hidden-mobile wd-el-breadcrumbs text-left elementor-widget elementor-widget-wd_element_breadcrumbs\" data-id=\"568ef1b\" data-element_type=\"widget\" data-e-type=\"widget\" data-widget_type=\"wd_element_breadcrumbs.default\">\n\t\t\t\t<div class=\"elementor-widget-container\">\n\t\t\t\t\t<nav class=\"wd-breadcrumbs\"><a href=\"https:\/\/www.derbedrosian.nl\/pl\/\">Strona g\u0142\u00f3wna<\/a><span class=\"wd-delimiter\"><\/span><span class=\"wd-last\">Strona<\/span><\/nav>\t\t\t\t<\/div>\n\t\t\t\t<\/div>\n\t\t\t\t<\/div>\n\t\t<div class=\"elementor-element elementor-element-0df1ce1 e-con-full e-flex e-con e-child\" data-id=\"0df1ce1\" data-element_type=\"container\" data-e-type=\"container\">\n\t\t\t\t<div class=\"elementor-element elementor-element-73ffe05 elementor-widget-tablet__width-initial elementor-widget-mobile__width-inherit text-balance color-scheme-inherit text-left elementor-widget elementor-widget-text-editor\" data-id=\"73ffe05\" data-element_type=\"widget\" data-e-type=\"widget\" data-widget_type=\"text-editor.default\">\n\t\t\t\t<div class=\"elementor-widget-container\">\n\t\t\t\t\t\t\t\t\t<p>Der Bedrosian dysponuje wyspecjalizowanymi prawnikami. W nag\u0142ych przypadkach prosimy o kontakt.<\/p>\t\t\t\t\t\t\t\t<\/div>\n\t\t\t\t<\/div>\n\t\t\t\t<div class=\"elementor-element elementor-element-201efeb elementor-align-left btn-cta elementor-widget elementor-widget-button\" data-id=\"201efeb\" data-element_type=\"widget\" data-e-type=\"widget\" data-widget_type=\"button.default\">\n\t\t\t\t<div class=\"elementor-widget-container\">\n\t\t\t\t\t\t\t\t\t<div class=\"elementor-button-wrapper\">\n\t\t\t\t\t<a class=\"elementor-button elementor-button-link elementor-size-sm\" href=\"https:\/\/www.derbedrosian.nl\/pl\/kontakt\/\" alt=\"contact strafrecht advocaat\">\n\t\t\t\t\t\t<span class=\"elementor-button-content-wrapper\">\n\t\t\t\t\t\t<span class=\"elementor-button-icon\">\n\t\t\t\t<svg aria-hidden=\"true\" class=\"e-font-icon-svg e-fas-long-arrow-alt-down\" viewbox=\"0 0 256 512\" xmlns=\"http:\/\/www.w3.org\/2000\/svg\"><path d=\"M168 345.941V44c0-6.627-5.373-12-12-12h-56c-6.627 0-12 5.373-12 12v301.941H41.941c-21.382 0-32.09 25.851-16.971 40.971l86.059 86.059c9.373 9.373 24.569 9.373 33.941 0l86.059-86.059c15.119-15.119 4.411-40.971-16.971-40.971H168z\"><\/path><\/svg>\t\t\t<\/span>\n\t\t\t\t\t\t\t\t\t<span class=\"elementor-button-text\">Uzyskaj bezp\u0142atn\u0105 porad\u0119<\/span>\n\t\t\t\t\t<\/span>\n\t\t\t\t\t<\/a>\n\t\t\t\t<\/div>\n\t\t\t\t\t\t\t\t<\/div>\n\t\t\t\t<\/div>\n\t\t\t\t<\/div>\n\t\t\t\t\t<\/div>\n\t\t\t\t<\/div>\n\t\t<div class=\"wd-negative-gap elementor-element elementor-element-64cc95f wd-section-stretch e-flex e-con-boxed e-con e-parent\" data-id=\"64cc95f\" data-element_type=\"container\" data-e-type=\"container\">\n\t\t\t\t\t<div class=\"e-con-inner\">\n\t\t\t\t<div class=\"elementor-element elementor-element-b90f737 color-scheme-inherit text-left elementor-widget elementor-widget-text-editor\" data-id=\"b90f737\" data-element_type=\"widget\" data-e-type=\"widget\" data-widget_type=\"text-editor.default\">\n\t\t\t\t<div class=\"elementor-widget-container\">\n\t\t\t\t\t\t\t\t\t<p>Warunki niniejszego wy\u0142\u0105czenia odpowiedzialno\u015bci maj\u0105 zastosowanie do strony internetowej www.derbedrosian.nl kancelarii prawnej Der Bedrosian. w Enschede, w Holandii. Prosimy o uwa\u017cne przeczytanie niniejszego wy\u0142\u0105czenia odpowiedzialno\u015bci. Uzyskuj\u0105c dost\u0119p do tej strony internetowej i korzystaj\u0105c z informacji oferowanych na tej stronie internetowej lub za jej po\u015brednictwem, wyra\u017casz zgod\u0119 na przestrzeganie niniejszego wy\u0142\u0105czenia odpowiedzialno\u015bci. W przypadku konfliktu mi\u0119dzy warunkami konkretnych produkt\u00f3w i us\u0142ug kancelarii prawnej Der Bedrosian a niniejszym zastrze\u017ceniem, warunki tych produkt\u00f3w i us\u0142ug maj\u0105 pierwsze\u0144stwo.<\/p>\t\t\t\t\t\t\t\t<\/div>\n\t\t\t\t<\/div>\n\t\t\t\t<div class=\"elementor-element elementor-element-e4cb187 elementor-widget elementor-widget-spacer\" data-id=\"e4cb187\" data-element_type=\"widget\" data-e-type=\"widget\" data-widget_type=\"spacer.default\">\n\t\t\t\t<div class=\"elementor-widget-container\">\n\t\t\t\t\t\t\t<div class=\"elementor-spacer\">\n\t\t\t<div class=\"elementor-spacer-inner\"><\/div>\n\t\t<\/div>\n\t\t\t\t\t\t<\/div>\n\t\t\t\t<\/div>\n\t\t\t\t<div class=\"elementor-element elementor-element-63450d9 elementor-widget elementor-widget-heading\" data-id=\"63450d9\" data-element_type=\"widget\" data-e-type=\"widget\" data-widget_type=\"heading.default\">\n\t\t\t\t<div class=\"elementor-widget-container\">\n\t\t\t\t\t<h3 class=\"elementor-heading-title elementor-size-default\">1. Korzystanie z witryny internetowej<\/h3>\t\t\t\t<\/div>\n\t\t\t\t<\/div>\n\t\t\t\t<div class=\"elementor-element elementor-element-8fd169f color-scheme-inherit text-left elementor-widget elementor-widget-text-editor\" data-id=\"8fd169f\" data-element_type=\"widget\" data-e-type=\"widget\" data-widget_type=\"text-editor.default\">\n\t\t\t\t<div class=\"elementor-widget-container\">\n\t\t\t\t\t\t\t\t\t<p>Informacje podane na tej stronie internetowej lub za jej po\u015brednictwem nie powinny by\u0107 wykorzystywane zamiast porady. Decyzje oparte na tych informacjach podejmowane s\u0105 na w\u0142asny rachunek i ryzyko. Chocia\u017c Kancelaria Der Bedrosian stara si\u0119 oferowa\u0107 prawid\u0142owe, kompletne i aktualne informacje, Kancelaria Der Bedrosian nie gwarantuje, ani w spos\u00f3b wyra\u017any, ani dorozumiany, \u017ce informacje oferowane na tej stronie internetowej lub za jej po\u015brednictwem s\u0105 prawid\u0142owe, kompletne lub aktualne. Odwiedzaj\u0105c niniejsz\u0105 stron\u0119 internetow\u0105 i\/lub korzystaj\u0105c z informacji lub us\u0142ug na niej oferowanych, uznaje si\u0119, \u017ce u\u017cytkownik zapozna\u0142 si\u0119 i akceptuje warunki korzystania ze strony internetowej oraz polityk\u0119 prywatno\u015bci opracowan\u0105 w tym celu przez Kancelari\u0119 Der Bedrosian. Niniejsza strona internetowa zosta\u0142a zbudowana i sformatowana zgodnie ze standardami i technikami stosowanymi przez w3c.org. W celu optymalnego korzystania z witryny zalecamy korzystanie z najnowszej wersji przegl\u0105darki internetowej Firefox, Chrome, Safari lub Internet Explorer.<\/p>\t\t\t\t\t\t\t\t<\/div>\n\t\t\t\t<\/div>\n\t\t\t\t<div class=\"elementor-element elementor-element-651b2aa elementor-widget elementor-widget-spacer\" data-id=\"651b2aa\" data-element_type=\"widget\" data-e-type=\"widget\" data-widget_type=\"spacer.default\">\n\t\t\t\t<div class=\"elementor-widget-container\">\n\t\t\t\t\t\t\t<div class=\"elementor-spacer\">\n\t\t\t<div class=\"elementor-spacer-inner\"><\/div>\n\t\t<\/div>\n\t\t\t\t\t\t<\/div>\n\t\t\t\t<\/div>\n\t\t\t\t<div class=\"elementor-element elementor-element-59ad096 elementor-widget elementor-widget-heading\" data-id=\"59ad096\" data-element_type=\"widget\" data-e-type=\"widget\" data-widget_type=\"heading.default\">\n\t\t\t\t<div class=\"elementor-widget-container\">\n\t\t\t\t\t<h3 class=\"elementor-heading-title elementor-size-default\">2. Informacje, produkty i us\u0142ugi stron trzecich<\/h3>\t\t\t\t<\/div>\n\t\t\t\t<\/div>\n\t\t\t\t<div class=\"elementor-element elementor-element-d57edf8 color-scheme-inherit text-left elementor-widget elementor-widget-text-editor\" data-id=\"d57edf8\" data-element_type=\"widget\" data-e-type=\"widget\" data-widget_type=\"text-editor.default\">\n\t\t\t\t<div class=\"elementor-widget-container\">\n\t\t\t\t\t\t\t\t\t<p>Je\u017celi Kancelaria Der Bedrosian oferuje hiper\u0142\u0105cza do stron internetowych os\u00f3b trzecich, nie oznacza to, \u017ce Kancelaria Der Bedrosian rekomenduje produkty lub us\u0142ugi oferowane na tych stronach lub za ich po\u015brednictwem. U\u017cytkownik korzysta z takich hiper\u0142\u0105czy wy\u0142\u0105cznie na w\u0142asne ryzyko. Kancelaria Der Bedrosian nie ponosi \u017cadnej odpowiedzialno\u015bci za tre\u015b\u0107, wykorzystanie lub dost\u0119pno\u015b\u0107 takich stron internetowych. Kancelaria Der Bedrosian nie weryfikuje prawdziwo\u015bci, dok\u0142adno\u015bci, zasadno\u015bci, rzetelno\u015bci i kompletno\u015bci informacji zawartych na takich stronach internetowych.<\/p>\t\t\t\t\t\t\t\t<\/div>\n\t\t\t\t<\/div>\n\t\t\t\t<div class=\"elementor-element elementor-element-73281b9 elementor-widget elementor-widget-spacer\" data-id=\"73281b9\" data-element_type=\"widget\" data-e-type=\"widget\" data-widget_type=\"spacer.default\">\n\t\t\t\t<div class=\"elementor-widget-container\">\n\t\t\t\t\t\t\t<div class=\"elementor-spacer\">\n\t\t\t<div class=\"elementor-spacer-inner\"><\/div>\n\t\t<\/div>\n\t\t\t\t\t\t<\/div>\n\t\t\t\t<\/div>\n\t\t\t\t<div class=\"elementor-element elementor-element-2c4f81e elementor-widget elementor-widget-heading\" data-id=\"2c4f81e\" data-element_type=\"widget\" data-e-type=\"widget\" data-widget_type=\"heading.default\">\n\t\t\t\t<div class=\"elementor-widget-container\">\n\t\t\t\t\t<h3 class=\"elementor-heading-title elementor-size-default\">3. Prawa w\u0142asno\u015bci intelektualnej\n<\/h3>\t\t\t\t<\/div>\n\t\t\t\t<\/div>\n\t\t\t\t<div class=\"elementor-element elementor-element-f2c5df3 color-scheme-inherit text-left elementor-widget elementor-widget-text-editor\" data-id=\"f2c5df3\" data-element_type=\"widget\" data-e-type=\"widget\" data-widget_type=\"text-editor.default\">\n\t\t\t\t<div class=\"elementor-widget-container\">\n\t\t\t\t\t\t\t\t\t<p>Kancelaria Der Bedrosian (lub podmiot uprawniony) zachowuje wszelkie prawa w\u0142asno\u015bci intelektualnej w odniesieniu do wszystkich informacji oferowanych na tej stronie internetowej lub za jej po\u015brednictwem, w tym wszystkich tekst\u00f3w, materia\u0142\u00f3w graficznych i logo. U\u017cytkownik nie mo\u017ce kopiowa\u0107, pobiera\u0107 lub w jakikolwiek inny spos\u00f3b publikowa\u0107, rozpowszechnia\u0107 lub powiela\u0107 informacji zawartych na tej stronie internetowej bez uprzedniej pisemnej zgody Kancelarii Der Bedrosian lub uprzedniej pisemnej zgody podmiotu uprawnionego. U\u017cytkownik mo\u017ce jednak drukowa\u0107 i\/lub pobiera\u0107 informacje zawarte na niniejszej stronie internetowej na w\u0142asny u\u017cytek.<\/p>\t\t\t\t\t\t\t\t<\/div>\n\t\t\t\t<\/div>\n\t\t\t\t<div class=\"elementor-element elementor-element-57a4112 elementor-widget elementor-widget-spacer\" data-id=\"57a4112\" data-element_type=\"widget\" data-e-type=\"widget\" data-widget_type=\"spacer.default\">\n\t\t\t\t<div class=\"elementor-widget-container\">\n\t\t\t\t\t\t\t<div class=\"elementor-spacer\">\n\t\t\t<div class=\"elementor-spacer-inner\"><\/div>\n\t\t<\/div>\n\t\t\t\t\t\t<\/div>\n\t\t\t\t<\/div>\n\t\t\t\t<div class=\"elementor-element elementor-element-0f42b54 elementor-widget elementor-widget-heading\" data-id=\"0f42b54\" data-element_type=\"widget\" data-e-type=\"widget\" data-widget_type=\"heading.default\">\n\t\t\t\t<div class=\"elementor-widget-container\">\n\t\t\t\t\t<h3 class=\"elementor-heading-title elementor-size-default\">4. Wy\u0142\u0105czenie odpowiedzialno\u015bci\n<\/h3>\t\t\t\t<\/div>\n\t\t\t\t<\/div>\n\t\t\t\t<div class=\"elementor-element elementor-element-0ca36a8 color-scheme-inherit text-left elementor-widget elementor-widget-text-editor\" data-id=\"0ca36a8\" data-element_type=\"widget\" data-e-type=\"widget\" data-widget_type=\"text-editor.default\">\n\t\t\t\t<div class=\"elementor-widget-container\">\n\t\t\t\t\t\t\t\t\t<p>Kancelaria Der Bedrosian nie ponosi \u017cadnej odpowiedzialno\u015bci w odniesieniu do jakichkolwiek bezpo\u015brednich, po\u015brednich, szczeg\u00f3lnych, przypadkowych, niematerialnych lub wt\u00f3rnych szk\u00f3d (w tym utraconych zysk\u00f3w), niezale\u017cnie od tego, czy Kancelaria Der Bedrosian zosta\u0142a poinformowana o mo\u017cliwo\u015bci wyst\u0105pienia takich szk\u00f3d, wynikaj\u0105cych w jakikolwiek spos\u00f3b z, ale niekoniecznie ograniczonych do<\/p>\n<ul>\n<li>(i) wady, wirusy lub inne niedoskona\u0142o\u015bci sprz\u0119tu i innego oprogramowania w zwi\u0105zku z dost\u0119pem do niniejszej strony internetowej lub korzystaniem z niej,<\/li>\n<li>(ii) informacji udost\u0119pnianych na tej stronie internetowej lub za jej po\u015brednictwem,<\/li>\n<li>(iii) przechwytywania, modyfikowania lub niew\u0142a\u015bciwego wykorzystywania informacji przesy\u0142anych do Kancelarii Der Bedrosian lub u\u017cytkownika,<\/li>\n<li>(iv) dzia\u0142anie lub niedost\u0119pno\u015b\u0107 niniejszej strony internetowej,<\/li>\n<li>(v) niew\u0142a\u015bciwego korzystania z niniejszej strony internetowej,<\/li>\n<li>(vi) utrata danych,<\/li>\n<li>(vii) pobieranie lub korzystanie z oprogramowania udost\u0119pnionego za po\u015brednictwem tej strony internetowej lub<\/li>\n<li>(viii) roszcze\u0144 os\u00f3b trzecich w zwi\u0105zku z korzystaniem z niniejszej strony internetowej. Wy\u0142\u0105czenie odpowiedzialno\u015bci obejmuje r\u00f3wnie\u017c dyrektor\u00f3w, pracownik\u00f3w kancelarii Der Bedrosian oraz podmioty prawne powi\u0105zane z kancelari\u0105 Der Bedrosian.<\/li>\n<\/ul>\t\t\t\t\t\t\t\t<\/div>\n\t\t\t\t<\/div>\n\t\t\t\t<div class=\"elementor-element elementor-element-ba585ba elementor-widget elementor-widget-spacer\" data-id=\"ba585ba\" data-element_type=\"widget\" data-e-type=\"widget\" data-widget_type=\"spacer.default\">\n\t\t\t\t<div class=\"elementor-widget-container\">\n\t\t\t\t\t\t\t<div class=\"elementor-spacer\">\n\t\t\t<div class=\"elementor-spacer-inner\"><\/div>\n\t\t<\/div>\n\t\t\t\t\t\t<\/div>\n\t\t\t\t<\/div>\n\t\t\t\t<div class=\"elementor-element elementor-element-099a176 elementor-widget elementor-widget-heading\" data-id=\"099a176\" data-element_type=\"widget\" data-e-type=\"widget\" data-widget_type=\"heading.default\">\n\t\t\t\t<div class=\"elementor-widget-container\">\n\t\t\t\t\t<h3 class=\"elementor-heading-title elementor-size-default\">5. Prawo w\u0142a\u015bciwe\n<\/h3>\t\t\t\t<\/div>\n\t\t\t\t<\/div>\n\t\t\t\t<div class=\"elementor-element elementor-element-a17e9d3 color-scheme-inherit text-left elementor-widget elementor-widget-text-editor\" data-id=\"a17e9d3\" data-element_type=\"widget\" data-e-type=\"widget\" data-widget_type=\"text-editor.default\">\n\t\t\t\t<div class=\"elementor-widget-container\">\n\t\t\t\t\t\t\t\t\t<p>Niniejsza strona internetowa i wy\u0142\u0105czenie odpowiedzialno\u015bci podlegaj\u0105 prawu holenderskiemu. Wszelkie spory wynikaj\u0105ce z niniejszego wy\u0142\u0105czenia odpowiedzialno\u015bci lub z nim zwi\u0105zane b\u0119d\u0105 rozstrzygane wy\u0142\u0105cznie przez w\u0142a\u015bciwy s\u0105d w Holandii. Je\u015bli obcoj\u0119zyczne wersje wy\u0142\u0105czenia odpowiedzialno\u015bci wykazuj\u0105 rozbie\u017cno\u015bci lub prowadz\u0105 do r\u00f3\u017cnic w interpretacji, decyduj\u0105ca jest wersja w j\u0119zyku niderlandzkim.<\/p>\t\t\t\t\t\t\t\t<\/div>\n\t\t\t\t<\/div>\n\t\t\t\t<div class=\"elementor-element elementor-element-8f39395 elementor-widget elementor-widget-spacer\" data-id=\"8f39395\" data-element_type=\"widget\" data-e-type=\"widget\" data-widget_type=\"spacer.default\">\n\t\t\t\t<div class=\"elementor-widget-container\">\n\t\t\t\t\t\t\t<div class=\"elementor-spacer\">\n\t\t\t<div class=\"elementor-spacer-inner\"><\/div>\n\t\t<\/div>\n\t\t\t\t\t\t<\/div>\n\t\t\t\t<\/div>\n\t\t\t\t<div class=\"elementor-element elementor-element-677bb16 elementor-widget elementor-widget-heading\" data-id=\"677bb16\" data-element_type=\"widget\" data-e-type=\"widget\" data-widget_type=\"heading.default\">\n\t\t\t\t<div class=\"elementor-widget-container\">\n\t\t\t\t\t<h3 class=\"elementor-heading-title elementor-size-default\">6. Zmiany\n<\/h3>\t\t\t\t<\/div>\n\t\t\t\t<\/div>\n\t\t\t\t<div class=\"elementor-element elementor-element-4928cca color-scheme-inherit text-left elementor-widget elementor-widget-text-editor\" data-id=\"4928cca\" data-element_type=\"widget\" data-e-type=\"widget\" data-widget_type=\"text-editor.default\">\n\t\t\t\t<div class=\"elementor-widget-container\">\n\t\t\t\t\t\t\t\t\t<p>Advocatenkantoor Der Bedrosian zastrzega sobie prawo do zmiany informacji podanych na lub za po\u015brednictwem tej strony internetowej, w tym tekstu niniejszego wy\u0142\u0105czenia odpowiedzialno\u015bci, w dowolnym momencie bez dalszego powiadomienia. Zaleca si\u0119 okresowe sprawdzanie, czy informacje podane na tej stronie internetowej lub za jej po\u015brednictwem, w tym tekst niniejszego wy\u0142\u0105czenia odpowiedzialno\u015bci, zosta\u0142y zmienione.<\/p>\t\t\t\t\t\t\t\t<\/div>\n\t\t\t\t<\/div>\n\t\t\t\t<div class=\"elementor-element elementor-element-0ba8c4f elementor-widget elementor-widget-spacer\" data-id=\"0ba8c4f\" data-element_type=\"widget\" data-e-type=\"widget\" data-widget_type=\"spacer.default\">\n\t\t\t\t<div class=\"elementor-widget-container\">\n\t\t\t\t\t\t\t<div class=\"elementor-spacer\">\n\t\t\t<div class=\"elementor-spacer-inner\"><\/div>\n\t\t<\/div>\n\t\t\t\t\t\t<\/div>\n\t\t\t\t<\/div>\n\t\t\t\t<div class=\"elementor-element elementor-element-d84a2f5 elementor-widget elementor-widget-heading\" data-id=\"d84a2f5\" data-element_type=\"widget\" data-e-type=\"widget\" data-widget_type=\"heading.default\">\n\t\t\t\t<div class=\"elementor-widget-container\">\n\t\t\t\t\t<h3 class=\"elementor-heading-title elementor-size-default\">7. Kontakt<\/h3>\t\t\t\t<\/div>\n\t\t\t\t<\/div>\n\t\t\t\t<div class=\"elementor-element elementor-element-e30b8aa color-scheme-inherit text-left elementor-widget elementor-widget-text-editor\" data-id=\"e30b8aa\" data-element_type=\"widget\" data-e-type=\"widget\" data-widget_type=\"text-editor.default\">\n\t\t\t\t<div class=\"elementor-widget-container\">\n\t\t\t\t\t\t\t\t\t<p>W przypadku komentarzy lub pyta\u0144 dotycz\u0105cych tej witryny prosimy o kontakt pod adresem thomas@derbedrosian.nl.<\/p>\t\t\t\t\t\t\t\t<\/div>\n\t\t\t\t<\/div>\n\t\t\t\t\t<\/div>\n\t\t\t\t<\/div>\n\t\t\t\t<\/div>","protected":false},"excerpt":{"rendered":"<p>HomePagina Der Bedrosian beschikt over gespecialiseerde advocaten. Neem contact op bij spoedgevallen. Ontvang vrijblijvend advies De voorwaarden van deze disclaimer<\/p>","protected":false},"author":1,"featured_media":0,"parent":0,"menu_order":23,"comment_status":"closed","ping_status":"closed","template":"","meta":{"footnotes":""},"class_list":["post-10395","page","type-page","status-publish","hentry"],"_links":{"self":[{"href":"https:\/\/www.derbedrosian.nl\/pl\/wp-json\/wp\/v2\/pages\/10395","targetHints":{"allow":["GET"]}}],"collection":[{"href":"https:\/\/www.derbedrosian.nl\/pl\/wp-json\/wp\/v2\/pages"}],"about":[{"href":"https:\/\/www.derbedrosian.nl\/pl\/wp-json\/wp\/v2\/types\/page"}],"author":[{"embeddable":true,"href":"https:\/\/www.derbedrosian.nl\/pl\/wp-json\/wp\/v2\/users\/1"}],"replies":[{"embeddable":true,"href":"https:\/\/www.derbedrosian.nl\/pl\/wp-json\/wp\/v2\/comments?post=10395"}],"version-history":[{"count":0,"href":"https:\/\/www.derbedrosian.nl\/pl\/wp-json\/wp\/v2\/pages\/10395\/revisions"}],"wp:attachment":[{"href":"https:\/\/www.derbedrosian.nl\/pl\/wp-json\/wp\/v2\/media?parent=10395"}],"curies":[{"name":"wp","href":"https:\/\/api.w.org\/{rel}","templated":true}]}}