{"id":10393,"date":"2023-05-25T11:32:24","date_gmt":"2023-05-25T09:32:24","guid":{"rendered":"https:\/\/derbedrosian.nl\/?page_id=10393"},"modified":"2025-12-20T18:06:28","modified_gmt":"2025-12-20T16:06:28","slug":"oswiadczenie-o-plikach-cookie","status":"publish","type":"page","link":"https:\/\/www.derbedrosian.nl\/pl\/cookieverklaring\/","title":{"rendered":"O\u015bwiadczenie dotycz\u0105ce plik\u00f3w cookie"},"content":{"rendered":"<div data-elementor-type=\"wp-page\" data-elementor-id=\"10393\" class=\"elementor elementor-10393\" data-elementor-post-type=\"page\">\n\t\t\t\t<div class=\"wd-negative-gap elementor-element elementor-element-60cc3e8 wd-section-stretch e-flex e-con-boxed e-con e-parent\" data-id=\"60cc3e8\" data-element_type=\"container\" data-e-type=\"container\" data-settings=\"{&quot;background_background&quot;:&quot;gradient&quot;}\">\n\t\t\t\t\t<div class=\"e-con-inner\">\n\t\t<div class=\"elementor-element elementor-element-c5b2166 e-con-full e-flex e-con e-child\" data-id=\"c5b2166\" data-element_type=\"container\" data-e-type=\"container\">\n\t\t\t\t<div class=\"elementor-element elementor-element-db0df80 elementor-hidden-tablet elementor-hidden-mobile wd-el-breadcrumbs text-left elementor-widget elementor-widget-wd_element_breadcrumbs\" data-id=\"db0df80\" data-element_type=\"widget\" data-e-type=\"widget\" data-widget_type=\"wd_element_breadcrumbs.default\">\n\t\t\t\t<div class=\"elementor-widget-container\">\n\t\t\t\t\t<nav class=\"wd-breadcrumbs\"><a href=\"https:\/\/www.derbedrosian.nl\/pl\/\">Strona g\u0142\u00f3wna<\/a><span class=\"wd-delimiter\"><\/span><span class=\"wd-last\">Strona<\/span><\/nav>\t\t\t\t<\/div>\n\t\t\t\t<\/div>\n\t\t\t\t<\/div>\n\t\t<div class=\"elementor-element elementor-element-83a4fe8 e-con-full e-flex e-con e-child\" data-id=\"83a4fe8\" data-element_type=\"container\" data-e-type=\"container\">\n\t\t\t\t<div class=\"elementor-element elementor-element-006c6cb elementor-widget-tablet__width-initial elementor-widget-mobile__width-inherit text-balance color-scheme-inherit text-left elementor-widget elementor-widget-text-editor\" data-id=\"006c6cb\" data-element_type=\"widget\" data-e-type=\"widget\" data-widget_type=\"text-editor.default\">\n\t\t\t\t<div class=\"elementor-widget-container\">\n\t\t\t\t\t\t\t\t\t<p>Der Bedrosian dysponuje wyspecjalizowanymi prawnikami. W nag\u0142ych przypadkach prosimy o kontakt.<\/p>\t\t\t\t\t\t\t\t<\/div>\n\t\t\t\t<\/div>\n\t\t\t\t<div class=\"elementor-element elementor-element-3051c16 elementor-align-left btn-cta elementor-widget elementor-widget-button\" data-id=\"3051c16\" data-element_type=\"widget\" data-e-type=\"widget\" data-widget_type=\"button.default\">\n\t\t\t\t<div class=\"elementor-widget-container\">\n\t\t\t\t\t\t\t\t\t<div class=\"elementor-button-wrapper\">\n\t\t\t\t\t<a class=\"elementor-button elementor-button-link elementor-size-sm\" href=\"https:\/\/www.derbedrosian.nl\/pl\/kontakt\/\" alt=\"contact strafrecht advocaat\">\n\t\t\t\t\t\t<span class=\"elementor-button-content-wrapper\">\n\t\t\t\t\t\t<span class=\"elementor-button-icon\">\n\t\t\t\t<svg aria-hidden=\"true\" class=\"e-font-icon-svg e-fas-long-arrow-alt-down\" viewbox=\"0 0 256 512\" xmlns=\"http:\/\/www.w3.org\/2000\/svg\"><path d=\"M168 345.941V44c0-6.627-5.373-12-12-12h-56c-6.627 0-12 5.373-12 12v301.941H41.941c-21.382 0-32.09 25.851-16.971 40.971l86.059 86.059c9.373 9.373 24.569 9.373 33.941 0l86.059-86.059c15.119-15.119 4.411-40.971-16.971-40.971H168z\"><\/path><\/svg>\t\t\t<\/span>\n\t\t\t\t\t\t\t\t\t<span class=\"elementor-button-text\">Uzyskaj bezp\u0142atn\u0105 porad\u0119<\/span>\n\t\t\t\t\t<\/span>\n\t\t\t\t\t<\/a>\n\t\t\t\t<\/div>\n\t\t\t\t\t\t\t\t<\/div>\n\t\t\t\t<\/div>\n\t\t\t\t<\/div>\n\t\t\t\t\t<\/div>\n\t\t\t\t<\/div>\n\t\t<div class=\"wd-negative-gap elementor-element elementor-element-d643111 wd-section-stretch e-flex e-con-boxed e-con e-parent\" data-id=\"d643111\" data-element_type=\"container\" data-e-type=\"container\">\n\t\t\t\t\t<div class=\"e-con-inner\">\n\t\t\t\t<div class=\"elementor-element elementor-element-4202d0d elementor-widget elementor-widget-heading\" data-id=\"4202d0d\" data-element_type=\"widget\" data-e-type=\"widget\" data-widget_type=\"heading.default\">\n\t\t\t\t<div class=\"elementor-widget-container\">\n\t\t\t\t\t<h3 class=\"elementor-heading-title elementor-size-default\">Wprowadzenie<\/h3>\t\t\t\t<\/div>\n\t\t\t\t<\/div>\n\t\t\t\t<div class=\"elementor-element elementor-element-b4b45a7 color-scheme-inherit text-left elementor-widget elementor-widget-text-editor\" data-id=\"b4b45a7\" data-element_type=\"widget\" data-e-type=\"widget\" data-widget_type=\"text-editor.default\">\n\t\t\t\t<div class=\"elementor-widget-container\">\n\t\t\t\t\t\t\t\t\t<p>Niniejszy dokument ma na celu poinformowanie U\u017cytkownik\u00f3w o technologiach wykorzystywanych przez niniejsz\u0105 Witryn\u0119 do osi\u0105gni\u0119cia cel\u00f3w okre\u015blonych poni\u017cej. Technologie te umo\u017cliwiaj\u0105 W\u0142a\u015bcicielowi uzyskiwanie i przechowywanie informacji, na przyk\u0142ad za pomoc\u0105 plik\u00f3w cookie, lub korzystanie ze \u015brodk\u00f3w, takich jak uruchamianie skrypt\u00f3w, na urz\u0105dzeniu U\u017cytkownika, gdy U\u017cytkownik wchodzi w interakcj\u0119 z t\u0105 Witryn\u0105. Dla uproszczenia, wszystkie te technologie s\u0105 okre\u015blane w niniejszym dokumencie jako \u201cTrackery\u201d, chyba \u017ce istnieje szczeg\u00f3lny pow\u00f3d do ich rozr\u00f3\u017cnienia. Chocia\u017c pliki cookie mog\u0105 by\u0107 u\u017cywane zar\u00f3wno w przegl\u0105darkach internetowych, jak i mobilnych, odnoszenie si\u0119 do nich w kontek\u015bcie aplikacji mobilnych by\u0142oby niedok\u0142adne, poniewa\u017c s\u0105 one trackerami opartymi na przegl\u0105darce. Maj\u0105c to na uwadze, termin \u201cpliki cookie\u201d jest u\u017cywany w niniejszym dokumencie tylko wtedy, gdy odnosi si\u0119 konkretnie do tego typu Trackera. Niekt\u00f3re cele, dla kt\u00f3rych wykorzystywane s\u0105 Trackery, mog\u0105 wymaga\u0107 zgody U\u017cytkownika. W przypadku udzielenia takiej zgody, mo\u017ce ona zosta\u0107 swobodnie wycofana w dowolnym momencie, zgodnie z instrukcjami podanymi w niniejszym dokumencie. Niniejsza Witryna korzysta z Tracker\u00f3w zarz\u0105dzanych bezpo\u015brednio przez W\u0142a\u015bciciela (powszechnie okre\u015blanych jako \u201cw\u0142asne\u201d Trackery), a tak\u017ce Tracker\u00f3w, kt\u00f3re umo\u017cliwiaj\u0105 korzystanie z us\u0142ug stron trzecich (powszechnie okre\u015blanych jako \u201czewn\u0119trzne\u201d Trackery). O ile w niniejszym dokumencie nie okre\u015blono inaczej, dostawcy zewn\u0119trzni mog\u0105 uzyskiwa\u0107 dost\u0119p do zarz\u0105dzanych przez siebie Tracker\u00f3w i korzysta\u0107 z nich. Okresy wa\u017cno\u015bci i wyga\u015bni\u0119cia plik\u00f3w cookie i innych podobnych modu\u0142\u00f3w \u015bledz\u0105cych mog\u0105 si\u0119 r\u00f3\u017cni\u0107 w zale\u017cno\u015bci od okresu u\u017cytkowania okre\u015blonego przez W\u0142a\u015bciciela lub odpowiedniego dostawc\u0119. Niekt\u00f3re z tych Tracker\u00f3w mog\u0105 wygasn\u0105\u0107 po zako\u0144czeniu sesji przegl\u0105darki U\u017cytkownika. Opr\u00f3cz informacji podanych w ka\u017cdej z poni\u017cszych kategorii, U\u017cytkownicy mog\u0105 znale\u017a\u0107 bardziej szczeg\u00f3\u0142owe i aktualne informacje na temat specyfikacji czasu \u017cycia, a tak\u017ce inne istotne informacje - takie jak obecno\u015b\u0107 innych Tracker\u00f3w - w politykach prywatno\u015bci odpowiednich stron trzecich lub kontaktuj\u0105c si\u0119 z W\u0142a\u015bcicielem.<\/p>\t\t\t\t\t\t\t\t<\/div>\n\t\t\t\t<\/div>\n\t\t\t\t<div class=\"elementor-element elementor-element-cae2f88 elementor-widget elementor-widget-spacer\" data-id=\"cae2f88\" data-element_type=\"widget\" data-e-type=\"widget\" data-widget_type=\"spacer.default\">\n\t\t\t\t<div class=\"elementor-widget-container\">\n\t\t\t\t\t\t\t<div class=\"elementor-spacer\">\n\t\t\t<div class=\"elementor-spacer-inner\"><\/div>\n\t\t<\/div>\n\t\t\t\t\t\t<\/div>\n\t\t\t\t<\/div>\n\t\t\t\t<div class=\"elementor-element elementor-element-d90850a elementor-widget elementor-widget-html\" data-id=\"d90850a\" data-element_type=\"widget\" data-e-type=\"widget\" data-widget_type=\"html.default\">\n\t\t\t\t<div class=\"elementor-widget-container\">\n\t\t\t\t\t<div id=\"cookiefirst-policy-page\"><\/div>\t\t\t\t<\/div>\n\t\t\t\t<\/div>\n\t\t\t\t<div class=\"elementor-element elementor-element-c8361c5 elementor-widget elementor-widget-html\" data-id=\"c8361c5\" data-element_type=\"widget\" data-e-type=\"widget\" data-widget_type=\"html.default\">\n\t\t\t\t<div class=\"elementor-widget-container\">\n\t\t\t\t\t<div id=\"cookiefirst-cookies-table\"><\/div>\t\t\t\t<\/div>\n\t\t\t\t<\/div>\n\t\t\t\t\t<\/div>\n\t\t\t\t<\/div>\n\t\t\t\t<\/div>","protected":false},"excerpt":{"rendered":"<p>Strona g\u0142\u00f3wna Der Bedrosian posiada wyspecjalizowanych prawnik\u00f3w. Prosimy o kontakt w nag\u0142ych przypadkach. Uzyskaj niezobowi\u0105zuj\u0105c\u0105 porad\u0119 Wprowadzenie Niniejszy dokument ma na celu<\/p>","protected":false},"author":1,"featured_media":0,"parent":0,"menu_order":22,"comment_status":"closed","ping_status":"closed","template":"","meta":{"footnotes":""},"class_list":["post-10393","page","type-page","status-publish","hentry"],"_links":{"self":[{"href":"https:\/\/www.derbedrosian.nl\/pl\/wp-json\/wp\/v2\/pages\/10393","targetHints":{"allow":["GET"]}}],"collection":[{"href":"https:\/\/www.derbedrosian.nl\/pl\/wp-json\/wp\/v2\/pages"}],"about":[{"href":"https:\/\/www.derbedrosian.nl\/pl\/wp-json\/wp\/v2\/types\/page"}],"author":[{"embeddable":true,"href":"https:\/\/www.derbedrosian.nl\/pl\/wp-json\/wp\/v2\/users\/1"}],"replies":[{"embeddable":true,"href":"https:\/\/www.derbedrosian.nl\/pl\/wp-json\/wp\/v2\/comments?post=10393"}],"version-history":[{"count":0,"href":"https:\/\/www.derbedrosian.nl\/pl\/wp-json\/wp\/v2\/pages\/10393\/revisions"}],"wp:attachment":[{"href":"https:\/\/www.derbedrosian.nl\/pl\/wp-json\/wp\/v2\/media?parent=10393"}],"curies":[{"name":"wp","href":"https:\/\/api.w.org\/{rel}","templated":true}]}}