{"id":10069,"date":"2023-05-24T10:23:22","date_gmt":"2023-05-24T08:23:22","guid":{"rendered":"https:\/\/derbedrosian.nl\/?page_id=10069"},"modified":"2025-12-19T21:37:22","modified_gmt":"2025-12-19T19:37:22","slug":"wiadomosci","status":"publish","type":"page","link":"https:\/\/www.derbedrosian.nl\/pl\/nieuws\/","title":{"rendered":"Aktualno\u015bci"},"content":{"rendered":"<div data-elementor-type=\"wp-page\" data-elementor-id=\"10069\" class=\"elementor elementor-10069\" data-elementor-post-type=\"page\">\n\t\t\t\t<div class=\"wd-negative-gap elementor-element elementor-element-280f626 wd-section-stretch e-flex e-con-boxed e-con e-parent\" data-id=\"280f626\" data-element_type=\"container\" data-e-type=\"container\" data-settings=\"{&quot;background_background&quot;:&quot;gradient&quot;}\">\n\t\t\t\t\t<div class=\"e-con-inner\">\n\t\t<div class=\"elementor-element elementor-element-97e766e e-con-full e-flex e-con e-child\" data-id=\"97e766e\" data-element_type=\"container\" data-e-type=\"container\">\n\t\t\t\t<div class=\"elementor-element elementor-element-b450ee7 elementor-hidden-tablet elementor-hidden-mobile wd-el-breadcrumbs text-left elementor-widget elementor-widget-wd_element_breadcrumbs\" data-id=\"b450ee7\" data-element_type=\"widget\" data-e-type=\"widget\" data-widget_type=\"wd_element_breadcrumbs.default\">\n\t\t\t\t<div class=\"elementor-widget-container\">\n\t\t\t\t\t<nav class=\"wd-breadcrumbs\"><a href=\"https:\/\/www.derbedrosian.nl\/pl\/\">Strona g\u0142\u00f3wna<\/a><span class=\"wd-delimiter\"><\/span><span class=\"wd-last\">Strona<\/span><\/nav>\t\t\t\t<\/div>\n\t\t\t\t<\/div>\n\t\t\t\t<\/div>\n\t\t<div class=\"elementor-element elementor-element-032a335 e-con-full e-flex e-con e-child\" data-id=\"032a335\" data-element_type=\"container\" data-e-type=\"container\">\n\t\t\t\t<div class=\"elementor-element elementor-element-6937a1b elementor-widget-tablet__width-initial elementor-widget-mobile__width-inherit text-balance color-scheme-inherit text-left elementor-widget elementor-widget-text-editor\" data-id=\"6937a1b\" data-element_type=\"widget\" data-e-type=\"widget\" data-widget_type=\"text-editor.default\">\n\t\t\t\t<div class=\"elementor-widget-container\">\n\t\t\t\t\t\t\t\t\t<p>Der Bedrosian dysponuje wyspecjalizowanymi prawnikami. W nag\u0142ych przypadkach prosimy o kontakt.<\/p>\t\t\t\t\t\t\t\t<\/div>\n\t\t\t\t<\/div>\n\t\t\t\t<div class=\"elementor-element elementor-element-f1404f3 elementor-align-left btn-cta elementor-widget elementor-widget-button\" data-id=\"f1404f3\" data-element_type=\"widget\" data-e-type=\"widget\" data-widget_type=\"button.default\">\n\t\t\t\t<div class=\"elementor-widget-container\">\n\t\t\t\t\t\t\t\t\t<div class=\"elementor-button-wrapper\">\n\t\t\t\t\t<a class=\"elementor-button elementor-button-link elementor-size-sm\" href=\"https:\/\/www.derbedrosian.nl\/pl\/kontakt\/\">\n\t\t\t\t\t\t<span class=\"elementor-button-content-wrapper\">\n\t\t\t\t\t\t<span class=\"elementor-button-icon\">\n\t\t\t\t<svg aria-hidden=\"true\" class=\"e-font-icon-svg e-fas-long-arrow-alt-down\" viewbox=\"0 0 256 512\" xmlns=\"http:\/\/www.w3.org\/2000\/svg\"><path d=\"M168 345.941V44c0-6.627-5.373-12-12-12h-56c-6.627 0-12 5.373-12 12v301.941H41.941c-21.382 0-32.09 25.851-16.971 40.971l86.059 86.059c9.373 9.373 24.569 9.373 33.941 0l86.059-86.059c15.119-15.119 4.411-40.971-16.971-40.971H168z\"><\/path><\/svg>\t\t\t<\/span>\n\t\t\t\t\t\t\t\t\t<span class=\"elementor-button-text\">Uzyskaj bezp\u0142atn\u0105 porad\u0119<\/span>\n\t\t\t\t\t<\/span>\n\t\t\t\t\t<\/a>\n\t\t\t\t<\/div>\n\t\t\t\t\t\t\t\t<\/div>\n\t\t\t\t<\/div>\n\t\t\t\t<\/div>\n\t\t\t\t\t<\/div>\n\t\t\t\t<\/div>\n\t\t<div class=\"wd-negative-gap elementor-element elementor-element-a4303b0 wd-section-stretch e-flex e-con-boxed e-con e-parent\" data-id=\"a4303b0\" data-element_type=\"container\" data-e-type=\"container\">\n\t\t\t\t\t<div class=\"e-con-inner\">\n\t\t\t\t<div class=\"elementor-element elementor-element-950713c elementor-grid-3 elementor-grid-tablet-2 elementor-grid-mobile-1 elementor-posts--thumbnail-top elementor-card-shadow-yes elementor-posts__hover-gradient elementor-widget elementor-widget-posts\" data-id=\"950713c\" data-element_type=\"widget\" data-e-type=\"widget\" data-settings=\"{&quot;cards_masonry&quot;:&quot;yes&quot;,&quot;pagination_type&quot;:&quot;load_more_infinite_scroll&quot;,&quot;cards_row_gap&quot;:{&quot;unit&quot;:&quot;px&quot;,&quot;size&quot;:20,&quot;sizes&quot;:[]},&quot;cards_columns&quot;:&quot;3&quot;,&quot;cards_columns_tablet&quot;:&quot;2&quot;,&quot;cards_columns_mobile&quot;:&quot;1&quot;,&quot;cards_row_gap_tablet&quot;:{&quot;unit&quot;:&quot;px&quot;,&quot;size&quot;:&quot;&quot;,&quot;sizes&quot;:[]},&quot;cards_row_gap_mobile&quot;:{&quot;unit&quot;:&quot;px&quot;,&quot;size&quot;:&quot;&quot;,&quot;sizes&quot;:[]},&quot;load_more_spinner&quot;:{&quot;value&quot;:&quot;fas fa-spinner&quot;,&quot;library&quot;:&quot;fa-solid&quot;}}\" data-widget_type=\"posts.cards\">\n\t\t\t\t<div class=\"elementor-widget-container\">\n\t\t\t\t\t\t\t<div class=\"elementor-posts-container elementor-posts elementor-posts--skin-cards elementor-grid\" role=\"list\">\n\t\t\t\t<article class=\"elementor-post elementor-grid-item post-14093 post type-post status-publish format-standard has-post-thumbnail hentry category-nieuws\" role=\"listitem\">\n\t\t\t<div class=\"elementor-post__card\">\n\t\t\t\t<a class=\"elementor-post__thumbnail__link\" href=\"https:\/\/www.derbedrosian.nl\/pl\/hoe-zit-het-vreemdelingenrecht-in-nederland-in-elkaar\/\" tabindex=\"-1\"><div class=\"elementor-post__thumbnail\"><img loading=\"lazy\" decoding=\"async\" width=\"400\" height=\"267\" src=\"https:\/\/www.derbedrosian.nl\/wp-content\/uploads\/rechtsgebieden-intrekking-verblijfsvergunning-400x267.jpg\" class=\"attachment-medium size-medium wp-image-12230\" alt=\"cofni\u0119cie zezwolenia na pobyt prawnik sprzeciw IND procedura cudzoziemcy prawo\" srcset=\"https:\/\/www.derbedrosian.nl\/wp-content\/uploads\/rechtsgebieden-intrekking-verblijfsvergunning-400x267.jpg 400w, https:\/\/www.derbedrosian.nl\/wp-content\/uploads\/rechtsgebieden-intrekking-verblijfsvergunning-768x512.jpg 768w, https:\/\/www.derbedrosian.nl\/wp-content\/uploads\/rechtsgebieden-intrekking-verblijfsvergunning.jpg 1000w\" sizes=\"auto, (max-width: 400px) 100vw, 400px\" title=\"\"><\/div><\/a>\n\t\t\t\t<div class=\"elementor-post__badge\">Aktualno\u015bci<\/div>\n\t\t\t\t<div class=\"elementor-post__text\">\n\t\t\t\t<h3 class=\"elementor-post__title\">\n\t\t\t<a href=\"https:\/\/www.derbedrosian.nl\/pl\/hoe-zit-het-vreemdelingenrecht-in-nederland-in-elkaar\/\">\n\t\t\t\tJak dzia\u0142a prawo imigracyjne w Holandii?\t\t\t<\/a>\n\t\t<\/h3>\n\t\t\t\t<div class=\"elementor-post__excerpt\">\n\t\t\t<p>Prawo imigracyjne jest z\u0142o\u017con\u0105 i kluczow\u0105 cz\u0119\u015bci\u0105 ustawodawstwa w wielu krajach. Ma ono wp\u0142yw na \u017cycie imigrant\u00f3w i<\/p>\n\t\t<\/div>\n\t\t\n\t\t<a class=\"elementor-post__read-more\" href=\"https:\/\/www.derbedrosian.nl\/pl\/hoe-zit-het-vreemdelingenrecht-in-nederland-in-elkaar\/\" aria-label=\"Read more about Jak wygl\u0105da prawo imigracyjne w Holandii?\" tabindex=\"-1\">\n\t\t\tProsz\u0119 czyta\u0107 dalej \"\t\t<\/a>\n\n\t\t\t\t<\/div>\n\t\t\t\t\t<\/div>\n\t\t<\/article>\n\t\t\t\t<article class=\"elementor-post elementor-grid-item post-14078 post type-post status-publish format-standard has-post-thumbnail hentry category-nieuws\" role=\"listitem\">\n\t\t\t<div class=\"elementor-post__card\">\n\t\t\t\t<a class=\"elementor-post__thumbnail__link\" href=\"https:\/\/www.derbedrosian.nl\/pl\/zakelijke-dienstverlening-het-oprichten-van-een-onderneming-in-nederland\/\" tabindex=\"-1\"><div class=\"elementor-post__thumbnail\"><img loading=\"lazy\" decoding=\"async\" width=\"400\" height=\"277\" src=\"https:\/\/www.derbedrosian.nl\/wp-content\/uploads\/rechtsgebied-zakelijke-dienstverlening-1-400x277.jpg\" class=\"attachment-medium size-medium wp-image-13724\" alt=\"us\u0142ugi biznesowe prawnik holenderskiej firmy\" srcset=\"https:\/\/www.derbedrosian.nl\/wp-content\/uploads\/rechtsgebied-zakelijke-dienstverlening-1-400x277.jpg 400w, https:\/\/www.derbedrosian.nl\/wp-content\/uploads\/rechtsgebied-zakelijke-dienstverlening-1-768x532.jpg 768w, https:\/\/www.derbedrosian.nl\/wp-content\/uploads\/rechtsgebied-zakelijke-dienstverlening-1.jpg 1000w\" sizes=\"auto, (max-width: 400px) 100vw, 400px\" title=\"\"><\/div><\/a>\n\t\t\t\t<div class=\"elementor-post__badge\">Aktualno\u015bci<\/div>\n\t\t\t\t<div class=\"elementor-post__text\">\n\t\t\t\t<h3 class=\"elementor-post__title\">\n\t\t\t<a href=\"https:\/\/www.derbedrosian.nl\/pl\/zakelijke-dienstverlening-het-oprichten-van-een-onderneming-in-nederland\/\">\n\t\t\t\tUs\u0142ugi biznesowe | Zak\u0142adanie firmy w Holandii\t\t\t<\/a>\n\t\t<\/h3>\n\t\t\t\t<div class=\"elementor-post__excerpt\">\n\t\t\t<p>Prawnicy zajmuj\u0105cy si\u0119 us\u0142ugami biznesowymi pomagaj\u0105 firmom poprzez wsparcie prawne. Rozpocz\u0119cie dzia\u0142alno\u015bci gospodarczej w Holandii to kwitn\u0105cy i satysfakcjonuj\u0105cy krok<\/p>\n\t\t<\/div>\n\t\t\n\t\t<a class=\"elementor-post__read-more\" href=\"https:\/\/www.derbedrosian.nl\/pl\/zakelijke-dienstverlening-het-oprichten-van-een-onderneming-in-nederland\/\" aria-label=\"Prosz\u0119 dowiedzie\u0107 si\u0119 wi\u0119cej o us\u0142ugach biznesowych | Zak\u0142adanie firmy w Holandii\" tabindex=\"-1\">\n\t\t\tProsz\u0119 czyta\u0107 dalej \"\t\t<\/a>\n\n\t\t\t\t<\/div>\n\t\t\t\t\t<\/div>\n\t\t<\/article>\n\t\t\t\t<article class=\"elementor-post elementor-grid-item post-14069 post type-post status-publish format-standard has-post-thumbnail hentry category-nieuws\" role=\"listitem\">\n\t\t\t<div class=\"elementor-post__card\">\n\t\t\t\t<a class=\"elementor-post__thumbnail__link\" href=\"https:\/\/www.derbedrosian.nl\/pl\/gezinshereniging-samen-weer-compleet\/\" tabindex=\"-1\"><div class=\"elementor-post__thumbnail\"><img loading=\"lazy\" decoding=\"async\" width=\"400\" height=\"267\" src=\"https:\/\/www.derbedrosian.nl\/wp-content\/uploads\/rechtsgebieden-gezinshereniging-400x267.jpg\" class=\"attachment-medium size-medium wp-image-12226\" alt=\"\u0141\u0105czenie rodzin prawnik Holandia warunki procedury co to jest \u0142\u0105czenie rodzin obywatel kraju trzeciego\" srcset=\"https:\/\/www.derbedrosian.nl\/wp-content\/uploads\/rechtsgebieden-gezinshereniging-400x267.jpg 400w, https:\/\/www.derbedrosian.nl\/wp-content\/uploads\/rechtsgebieden-gezinshereniging-768x512.jpg 768w, https:\/\/www.derbedrosian.nl\/wp-content\/uploads\/rechtsgebieden-gezinshereniging.jpg 1000w\" sizes=\"auto, (max-width: 400px) 100vw, 400px\" title=\"\"><\/div><\/a>\n\t\t\t\t<div class=\"elementor-post__badge\">Aktualno\u015bci<\/div>\n\t\t\t\t<div class=\"elementor-post__text\">\n\t\t\t\t<h3 class=\"elementor-post__title\">\n\t\t\t<a href=\"https:\/\/www.derbedrosian.nl\/pl\/gezinshereniging-samen-weer-compleet\/\">\n\t\t\t\t\u0141\u0105czenie rodzin | Znowu razem zako\u0144czone\t\t\t<\/a>\n\t\t<\/h3>\n\t\t\t\t<div class=\"elementor-post__excerpt\">\n\t\t\t<p>\u0141\u0105czenie rodzin jest istotn\u0105 cz\u0119\u015bci\u0105 holenderskiej polityki imigracyjnej. Umo\u017cliwia ono ponowne po\u0142\u0105czenie os\u00f3b z ich<\/p>\n\t\t<\/div>\n\t\t\n\t\t<a class=\"elementor-post__read-more\" href=\"https:\/\/www.derbedrosian.nl\/pl\/gezinshereniging-samen-weer-compleet\/\" aria-label=\"Read more about \u0141\u0105czenie rodzin | Znowu razem zako\u0144czone\" tabindex=\"-1\">\n\t\t\tProsz\u0119 czyta\u0107 dalej \"\t\t<\/a>\n\n\t\t\t\t<\/div>\n\t\t\t\t\t<\/div>\n\t\t<\/article>\n\t\t\t\t<article class=\"elementor-post elementor-grid-item post-10101 post type-post status-publish format-standard has-post-thumbnail hentry category-strafrecht\" role=\"listitem\">\n\t\t\t<div class=\"elementor-post__card\">\n\t\t\t\t<a class=\"elementor-post__thumbnail__link\" href=\"https:\/\/www.derbedrosian.nl\/pl\/hoe-te-handelen-bij-seksueel-grensoverschrijdend-gedrag\/\" tabindex=\"-1\"><div class=\"elementor-post__thumbnail\"><img loading=\"lazy\" decoding=\"async\" width=\"400\" height=\"267\" src=\"https:\/\/www.derbedrosian.nl\/wp-content\/uploads\/rechtsgebied-verkrachting-400x267.jpg\" class=\"attachment-medium size-medium wp-image-11936\" alt=\"kara za gwa\u0142t adwokat przest\u0119pstwo napa\u015bci podejrzany o przest\u0119pstwo gwa\u0142tu\" srcset=\"https:\/\/www.derbedrosian.nl\/wp-content\/uploads\/rechtsgebied-verkrachting-400x267.jpg 400w, https:\/\/www.derbedrosian.nl\/wp-content\/uploads\/rechtsgebied-verkrachting-768x512.jpg 768w, https:\/\/www.derbedrosian.nl\/wp-content\/uploads\/rechtsgebied-verkrachting.jpg 1000w\" sizes=\"auto, (max-width: 400px) 100vw, 400px\" title=\"\"><\/div><\/a>\n\t\t\t\t<div class=\"elementor-post__badge\">Prawo karne<\/div>\n\t\t\t\t<div class=\"elementor-post__text\">\n\t\t\t\t<h3 class=\"elementor-post__title\">\n\t\t\t<a href=\"https:\/\/www.derbedrosian.nl\/pl\/hoe-te-handelen-bij-seksueel-grensoverschrijdend-gedrag\/\">\n\t\t\t\tJak radzi\u0107 sobie z (seksualnymi) zachowaniami transgresyjnymi?\t\t\t<\/a>\n\t\t<\/h3>\n\t\t\t\t<div class=\"elementor-post__excerpt\">\n\t\t\t<p>(Seksualne) zachowania transgresyjne to przest\u0119pstwo, kt\u00f3re staje si\u0119 coraz bardziej powszechne. Stworzenie pe\u0142nego szacunku, bezpiecznego \u015brodowiska pracy i \u017cycia jest<\/p>\n\t\t<\/div>\n\t\t\n\t\t<a class=\"elementor-post__read-more\" href=\"https:\/\/www.derbedrosian.nl\/pl\/hoe-te-handelen-bij-seksueel-grensoverschrijdend-gedrag\/\" aria-label=\"Read more about Jak radzi\u0107 sobie z (seksualnymi) zachowaniami transgresyjnymi?\" tabindex=\"-1\">\n\t\t\tProsz\u0119 czyta\u0107 dalej \"\t\t<\/a>\n\n\t\t\t\t<\/div>\n\t\t\t\t\t<\/div>\n\t\t<\/article>\n\t\t\t\t<article class=\"elementor-post elementor-grid-item post-10083 post type-post status-publish format-standard has-post-thumbnail hentry category-strafrecht\" role=\"listitem\">\n\t\t\t<div class=\"elementor-post__card\">\n\t\t\t\t<a class=\"elementor-post__thumbnail__link\" href=\"https:\/\/www.derbedrosian.nl\/pl\/onder-invloed-achter-het-stuur\/\" tabindex=\"-1\"><div class=\"elementor-post__thumbnail\"><img loading=\"lazy\" decoding=\"async\" width=\"400\" height=\"200\" src=\"https:\/\/www.derbedrosian.nl\/wp-content\/uploads\/profielen-bg-header-400x200.jpg\" class=\"attachment-medium size-medium wp-image-9744\" alt=\"Nag\u0142\u00f3wek profilu kancelarii der Bedrosian\" srcset=\"https:\/\/www.derbedrosian.nl\/wp-content\/uploads\/profielen-bg-header-400x200.jpg 400w, https:\/\/www.derbedrosian.nl\/wp-content\/uploads\/profielen-bg-header-1300x650.jpg 1300w, https:\/\/www.derbedrosian.nl\/wp-content\/uploads\/profielen-bg-header-768x384.jpg 768w, https:\/\/www.derbedrosian.nl\/wp-content\/uploads\/profielen-bg-header.jpg 1500w\" sizes=\"auto, (max-width: 400px) 100vw, 400px\" title=\"\"><\/div><\/a>\n\t\t\t\t<div class=\"elementor-post__badge\">Prawo karne<\/div>\n\t\t\t\t<div class=\"elementor-post__text\">\n\t\t\t\t<h3 class=\"elementor-post__title\">\n\t\t\t<a href=\"https:\/\/www.derbedrosian.nl\/pl\/onder-invloed-achter-het-stuur\/\">\n\t\t\t\tPod wp\u0142ywem alkoholu za kierownic\u0105\t\t\t<\/a>\n\t\t<\/h3>\n\t\t\t\t<div class=\"elementor-post__excerpt\">\n\t\t\t<p>Nietrze\u017awi za kierownic\u0105 to kwestia g\u0142\u0119boko zakorzeniona w bezpiecze\u0144stwie drogowym w Holandii. Nie jest to<\/p>\n\t\t<\/div>\n\t\t\n\t\t<a class=\"elementor-post__read-more\" href=\"https:\/\/www.derbedrosian.nl\/pl\/onder-invloed-achter-het-stuur\/\" aria-label=\"Czytaj wi\u0119cej o Nietrze\u017awi za kierownic\u0105\" tabindex=\"-1\">\n\t\t\tProsz\u0119 czyta\u0107 dalej \"\t\t<\/a>\n\n\t\t\t\t<\/div>\n\t\t\t\t\t<\/div>\n\t\t<\/article>\n\t\t\t\t<\/div>\n\t\t\t\t\t<span class=\"e-load-more-spinner\">\n\t\t\t\t<svg aria-hidden=\"true\" class=\"e-font-icon-svg e-fas-spinner\" viewbox=\"0 0 512 512\" xmlns=\"http:\/\/www.w3.org\/2000\/svg\"><path d=\"M304 48c0 26.51-21.49 48-48 48s-48-21.49-48-48 21.49-48 48-48 48 21.49 48 48zm-48 368c-26.51 0-48 21.49-48 48s21.49 48 48 48 48-21.49 48-48-21.49-48-48-48zm208-208c-26.51 0-48 21.49-48 48s21.49 48 48 48 48-21.49 48-48-21.49-48-48-48zM96 256c0-26.51-21.49-48-48-48S0 229.49 0 256s21.49 48 48 48 48-21.49 48-48zm12.922 99.078c-26.51 0-48 21.49-48 48s21.49 48 48 48 48-21.49 48-48c0-26.509-21.491-48-48-48zm294.156 0c-26.51 0-48 21.49-48 48s21.49 48 48 48 48-21.49 48-48c0-26.509-21.49-48-48-48zM108.922 60.922c-26.51 0-48 21.49-48 48s21.49 48 48 48 48-21.49 48-48-21.491-48-48-48z\"><\/path><\/svg>\t\t\t<\/span>\n\t\t\n\t\t\t\t\t\t<\/div>\n\t\t\t\t<\/div>\n\t\t\t\t\t<\/div>\n\t\t\t\t<\/div>\n\t\t\t\t<\/div>","protected":false},"excerpt":{"rendered":"<p>Home Der Bedrosian posiada wyspecjalizowanych prawnik\u00f3w. Skontaktuj si\u0119 z nami w nag\u0142ych przypadkach. Uzyskaj porad\u0119 bez zobowi\u0105za\u0144<\/p>","protected":false},"author":1,"featured_media":0,"parent":0,"menu_order":5,"comment_status":"closed","ping_status":"closed","template":"","meta":{"footnotes":""},"class_list":["post-10069","page","type-page","status-publish","hentry"],"_links":{"self":[{"href":"https:\/\/www.derbedrosian.nl\/pl\/wp-json\/wp\/v2\/pages\/10069","targetHints":{"allow":["GET"]}}],"collection":[{"href":"https:\/\/www.derbedrosian.nl\/pl\/wp-json\/wp\/v2\/pages"}],"about":[{"href":"https:\/\/www.derbedrosian.nl\/pl\/wp-json\/wp\/v2\/types\/page"}],"author":[{"embeddable":true,"href":"https:\/\/www.derbedrosian.nl\/pl\/wp-json\/wp\/v2\/users\/1"}],"replies":[{"embeddable":true,"href":"https:\/\/www.derbedrosian.nl\/pl\/wp-json\/wp\/v2\/comments?post=10069"}],"version-history":[{"count":0,"href":"https:\/\/www.derbedrosian.nl\/pl\/wp-json\/wp\/v2\/pages\/10069\/revisions"}],"wp:attachment":[{"href":"https:\/\/www.derbedrosian.nl\/pl\/wp-json\/wp\/v2\/media?parent=10069"}],"curies":[{"name":"wp","href":"https:\/\/api.w.org\/{rel}","templated":true}]}}