{"id":10872,"date":"2023-05-29T10:14:19","date_gmt":"2023-05-29T08:14:19","guid":{"rendered":"https:\/\/derbedrosian.nl\/?page_id=10872"},"modified":"2025-12-21T15:36:46","modified_gmt":"2025-12-21T13:36:46","slug":"armes-et-munitions","status":"publish","type":"page","link":"https:\/\/www.derbedrosian.nl\/fr\/rechtsgebieden\/strafrecht\/wapens-en-munitie\/","title":{"rendered":"Armes et munitions"},"content":{"rendered":"<div data-elementor-type=\"wp-page\" data-elementor-id=\"10872\" class=\"elementor elementor-10872\" data-elementor-post-type=\"page\">\n\t\t\t\t<div class=\"wd-negative-gap elementor-element elementor-element-9033ec8 e-flex e-con-boxed e-con e-parent\" data-id=\"9033ec8\" data-element_type=\"container\" data-e-type=\"container\">\n\t\t\t\t\t<div class=\"e-con-inner\">\n\t\t\t\t<div class=\"elementor-element elementor-element-ee34eaa elementor-hidden-desktop elementor-hidden-tablet elementor-hidden-mobile elementor-widget elementor-widget-wd_image_or_svg\" data-id=\"ee34eaa\" data-element_type=\"widget\" data-e-type=\"widget\" id=\"seo-word\" data-widget_type=\"wd_image_or_svg.default\">\n\t\t\t\t<div class=\"elementor-widget-container\">\n\t\t\t\t\t\n\t\t<div class=\"wd-image text-left\">\n\t\t\t\t\t\t\t\t<img loading=\"lazy\" decoding=\"async\" width=\"1000\" height=\"667\" src=\"https:\/\/www.derbedrosian.nl\/wp-content\/uploads\/rechtsgebied-wapens-en-munitie.jpg\" class=\"attachment-full size-full\" alt=\"armes et munitions droit p\u00e9nal police avocat cat\u00e9gorie armes pays-bas\" srcset=\"https:\/\/www.derbedrosian.nl\/wp-content\/uploads\/rechtsgebied-wapens-en-munitie.jpg 1000w, https:\/\/www.derbedrosian.nl\/wp-content\/uploads\/rechtsgebied-wapens-en-munitie-400x267.jpg 400w, https:\/\/www.derbedrosian.nl\/wp-content\/uploads\/rechtsgebied-wapens-en-munitie-768x512.jpg 768w\" sizes=\"auto, (max-width: 1000px) 100vw, 1000px\" title=\"\">\t\t\t\t\t<\/div>\n\n\t\t\t\t\t\t<\/div>\n\t\t\t\t<\/div>\n\t\t\t\t<div class=\"elementor-element elementor-element-a5c24d1 elementor-hidden-desktop elementor-hidden-tablet elementor-hidden-mobile elementor-widget elementor-widget-heading\" data-id=\"a5c24d1\" data-element_type=\"widget\" data-e-type=\"widget\" id=\"seo-word\" data-widget_type=\"heading.default\">\n\t\t\t\t<div class=\"elementor-widget-container\">\n\t\t\t\t\t<h2 class=\"elementor-heading-title elementor-size-default\">loi sur les armes et les munitions article 2<\/h2>\t\t\t\t<\/div>\n\t\t\t\t<\/div>\n\t\t\t\t<div class=\"elementor-element elementor-element-c0ffeb2 elementor-hidden-desktop elementor-hidden-tablet elementor-hidden-mobile elementor-widget elementor-widget-heading\" data-id=\"c0ffeb2\" data-element_type=\"widget\" data-e-type=\"widget\" id=\"seo-word\" data-widget_type=\"heading.default\">\n\t\t\t\t<div class=\"elementor-widget-container\">\n\t\t\t\t\t<h5 class=\"elementor-heading-title elementor-size-default\">peine pour possession d'armes<\/h5>\t\t\t\t<\/div>\n\t\t\t\t<\/div>\n\t\t\t\t<div class=\"elementor-element elementor-element-f169ff9 elementor-hidden-desktop elementor-hidden-tablet elementor-hidden-mobile elementor-widget elementor-widget-heading\" data-id=\"f169ff9\" data-element_type=\"widget\" data-e-type=\"widget\" id=\"seo-word\" data-widget_type=\"heading.default\">\n\t\t\t\t<div class=\"elementor-widget-container\">\n\t\t\t\t\t<h5 class=\"elementor-heading-title elementor-size-default\">Exceptions \u00e0 la d\u00e9tention d'armes \u00e0 feu<\/h5>\t\t\t\t<\/div>\n\t\t\t\t<\/div>\n\t\t\t\t<div class=\"elementor-element elementor-element-9e035e9 elementor-hidden-desktop elementor-hidden-tablet elementor-hidden-mobile elementor-widget elementor-widget-heading\" data-id=\"9e035e9\" data-element_type=\"widget\" data-e-type=\"widget\" id=\"seo-word\" data-widget_type=\"heading.default\">\n\t\t\t\t<div class=\"elementor-widget-container\">\n\t\t\t\t\t<h5 class=\"elementor-heading-title elementor-size-default\">Avocat sur la loi sur les armes et les munitions\n<\/h5>\t\t\t\t<\/div>\n\t\t\t\t<\/div>\n\t\t\t\t<div class=\"elementor-element elementor-element-d078d20 elementor-hidden-desktop elementor-hidden-tablet elementor-hidden-mobile elementor-widget elementor-widget-heading\" data-id=\"d078d20\" data-element_type=\"widget\" data-e-type=\"widget\" id=\"seo-word\" data-widget_type=\"heading.default\">\n\t\t\t\t<div class=\"elementor-widget-container\">\n\t\t\t\t\t<h5 class=\"elementor-heading-title elementor-size-default\">armes a feu aux pays-bas<\/h5>\t\t\t\t<\/div>\n\t\t\t\t<\/div>\n\t\t\t\t<div class=\"elementor-element elementor-element-15e9b2e color-scheme-inherit text-left elementor-widget elementor-widget-text-editor\" data-id=\"15e9b2e\" data-element_type=\"widget\" data-e-type=\"widget\" data-widget_type=\"text-editor.default\">\n\t\t\t\t<div class=\"elementor-widget-container\">\n\t\t\t\t\t\t\t\t\t<p><strong>Aux Pays-Bas, ce domaine particulier du droit est r\u00e9gi par la loi sur les armes et les munitions, qui \u00e9tablit des r\u00e8gles et des r\u00e8glements d\u00e9taill\u00e9s concernant la possession, l'utilisation et le commerce d'armes et de munitions.<\/strong><\/p>\t\t\t\t\t\t\t\t<\/div>\n\t\t\t\t<\/div>\n\t\t\t\t<div class=\"elementor-element elementor-element-468d880 elementor-widget elementor-widget-spacer\" data-id=\"468d880\" data-element_type=\"widget\" data-e-type=\"widget\" data-widget_type=\"spacer.default\">\n\t\t\t\t<div class=\"elementor-widget-container\">\n\t\t\t\t\t\t\t<div class=\"elementor-spacer\">\n\t\t\t<div class=\"elementor-spacer-inner\"><\/div>\n\t\t<\/div>\n\t\t\t\t\t\t<\/div>\n\t\t\t\t<\/div>\n\t\t\t\t<div class=\"elementor-element elementor-element-725cefc elementor-widget elementor-widget-heading\" data-id=\"725cefc\" data-element_type=\"widget\" data-e-type=\"widget\" data-widget_type=\"heading.default\">\n\t\t\t\t<div class=\"elementor-widget-container\">\n\t\t\t\t\t<h3 class=\"elementor-heading-title elementor-size-default\">P\u00e9nalit\u00e9s pour possession d'armes \u00e0 feu<\/h3>\t\t\t\t<\/div>\n\t\t\t\t<\/div>\n\t\t\t\t<div class=\"elementor-element elementor-element-78ce1c7 color-scheme-inherit text-left elementor-widget elementor-widget-text-editor\" data-id=\"78ce1c7\" data-element_type=\"widget\" data-e-type=\"widget\" data-widget_type=\"text-editor.default\">\n\t\t\t\t<div class=\"elementor-widget-container\">\n\t\t\t\t\t\t\t\t\t<p>La d\u00e9tention ill\u00e9gale d'armes \u00e0 feu peut \u00e9galement \u00eatre associ\u00e9e \u00e0 d'autres d\u00e9lits. Cela peut \u00eatre le cas, par exemple, si vous \u00eates impliqu\u00e9 dans un vol \u00e0 main arm\u00e9e, si vous menacez d'autres personnes ou m\u00eame si vous commettez des crimes plus graves comme un meurtre ou un homicide involontaire.<\/p><p>Aux Pays-Bas, les peines encourues en cas de d\u00e9tention ill\u00e9gale d'armes sont particuli\u00e8rement s\u00e9v\u00e8res. Ces derni\u00e8res ann\u00e9es, le gouvernement a renforc\u00e9 les r\u00e8gles relatives \u00e0 la d\u00e9tention d'armes \u00e0 feu.<\/p><p>Les peines maximales vont de neuf mois d'emprisonnement et 4 500 euros d'amende \u00e0 huit ans d'emprisonnement et 45 000 euros d'amende (amende de 5\u00e8me cat\u00e9gorie) pour le trafic d'armes professionnel. La peine exacte est d\u00e9termin\u00e9e par plusieurs facteurs et d\u00e9pend de la situation.<\/p>\t\t\t\t\t\t\t\t<\/div>\n\t\t\t\t<\/div>\n\t\t\t\t<div class=\"elementor-element elementor-element-700f6d3 elementor-widget elementor-widget-spacer\" data-id=\"700f6d3\" data-element_type=\"widget\" data-e-type=\"widget\" data-widget_type=\"spacer.default\">\n\t\t\t\t<div class=\"elementor-widget-container\">\n\t\t\t\t\t\t\t<div class=\"elementor-spacer\">\n\t\t\t<div class=\"elementor-spacer-inner\"><\/div>\n\t\t<\/div>\n\t\t\t\t\t\t<\/div>\n\t\t\t\t<\/div>\n\t\t\t\t<div class=\"elementor-element elementor-element-2b66c27 elementor-widget elementor-widget-heading\" data-id=\"2b66c27\" data-element_type=\"widget\" data-e-type=\"widget\" data-widget_type=\"heading.default\">\n\t\t\t\t<div class=\"elementor-widget-container\">\n\t\t\t\t\t<h3 class=\"elementor-heading-title elementor-size-default\">Exceptions \u00e0 la d\u00e9tention d'armes \u00e0 feu<\/h3>\t\t\t\t<\/div>\n\t\t\t\t<\/div>\n\t\t\t\t<div class=\"elementor-element elementor-element-eb86db0 color-scheme-inherit text-left elementor-widget elementor-widget-text-editor\" data-id=\"eb86db0\" data-element_type=\"widget\" data-e-type=\"widget\" data-widget_type=\"text-editor.default\">\n\t\t\t\t<div class=\"elementor-widget-container\">\n\t\t\t\t\t\t\t\t\t<p>Il existe des situations dans lesquelles la possession d'une arme \u00e0 feu est autoris\u00e9e. Ci-dessous, nous avons couvert ces exceptions sous diff\u00e9rentes cat\u00e9gories, \u00e0 savoir :<\/p>\n<ul>\n<li><strong>Remerciements :<\/strong>&nbsp;dans certains cas, une reconnaissance peut \u00eatre accord\u00e9e pour la d\u00e9tention ou l'utilisation d'armes ou de munitions sp\u00e9cifiques. C'est le cas, par exemple, des tireurs sportifs ou des collectionneurs, \u00e0 condition qu'ils remplissent certains crit\u00e8res.<\/li>\n<li><strong>Consentements :<\/strong>&nbsp;des autorisations peuvent \u00eatre accord\u00e9es pour la d\u00e9tention ou l'utilisation temporaire d'armes dans des situations sp\u00e9cifiques. Cela peut s'appliquer, par exemple, \u00e0 des productions cin\u00e9matographiques ou \u00e0 des repr\u00e9sentations th\u00e9\u00e2trales o\u00f9 des armes sont utilis\u00e9es comme accessoires.<\/li>\n<li><strong>Licences :<\/strong>&nbsp;Certaines cat\u00e9gories d'armes, comme les armes \u00e0 feu, n\u00e9cessitent des licences. Ces licences sont accord\u00e9es dans des conditions strictes et apr\u00e8s un examen approfondi du demandeur.<\/li>\n<li><strong>Laissez :<\/strong>&nbsp;les personnes qui doivent porter des armes \u00e0 titre professionnel, comme le personnel de s\u00e9curit\u00e9, peuvent dans certains cas obtenir un permis de d\u00e9tention et d'utilisation d'armes dans le cadre de leur travail.<\/li>\n<li><strong>Exemptions :<\/strong>&nbsp;certaines situations, telles que les situations d'urgence ou des professions sp\u00e9cifiques, peuvent pr\u00e9voir des exemptions pour la d\u00e9tention ou l'utilisation temporaire d'armes sans qu'il soit n\u00e9cessaire d'obtenir une licence sp\u00e9cifique.<\/li>\n<li><strong>Renonciations :<\/strong>&nbsp;des d\u00e9rogations peuvent \u00eatre accord\u00e9es dans des situations o\u00f9 un \u00e9cart temporaire par rapport aux r\u00e8gles standard est justifi\u00e9. Cela peut s'appliquer, par exemple, \u00e0 certains \u00e9v\u00e9nements n\u00e9cessitant des d\u00e9rogations temporaires \u00e0 la loi.<\/li>\n<\/ul>\n<p>Chacune de ces exceptions peut impliquer des conditions sp\u00e9cifiques, en fonction de la nature de la situation et du type d'arme. Il est tr\u00e8s important de suivre attentivement les r\u00e8gles et r\u00e9glementations applicables et, le cas \u00e9ch\u00e9ant, d'obtenir les autorisations n\u00e9cessaires pour respecter la loi et \u00e9viter les probl\u00e8mes juridiques.<\/p>\n<p>Consultez toujours un avocat sp\u00e9cialis\u00e9 pour obtenir des conseils d\u00e9taill\u00e9s sur la d\u00e9tention d'armes \u00e0 feu et les lois applicables.<\/p>\t\t\t\t\t\t\t\t<\/div>\n\t\t\t\t<\/div>\n\t\t\t\t<div class=\"elementor-element elementor-element-728d237 elementor-widget elementor-widget-spacer\" data-id=\"728d237\" data-element_type=\"widget\" data-e-type=\"widget\" data-widget_type=\"spacer.default\">\n\t\t\t\t<div class=\"elementor-widget-container\">\n\t\t\t\t\t\t\t<div class=\"elementor-spacer\">\n\t\t\t<div class=\"elementor-spacer-inner\"><\/div>\n\t\t<\/div>\n\t\t\t\t\t\t<\/div>\n\t\t\t\t<\/div>\n\t\t\t\t<div class=\"elementor-element elementor-element-7b3774a elementor-widget elementor-widget-heading\" data-id=\"7b3774a\" data-element_type=\"widget\" data-e-type=\"widget\" data-widget_type=\"heading.default\">\n\t\t\t\t<div class=\"elementor-widget-container\">\n\t\t\t\t\t<h3 class=\"elementor-heading-title elementor-size-default\">Loi sur les armes et les munitions<\/h3>\t\t\t\t<\/div>\n\t\t\t\t<\/div>\n\t\t\t\t<div class=\"elementor-element elementor-element-1087705 color-scheme-inherit text-left elementor-widget elementor-widget-text-editor\" data-id=\"1087705\" data-element_type=\"widget\" data-e-type=\"widget\" data-widget_type=\"text-editor.default\">\n\t\t\t\t<div class=\"elementor-widget-container\">\n\t\t\t\t\t\t\t\t\t<p>Dans la loi sur les armes et les munitions, les armes et les munitions sont consid\u00e9r\u00e9es comme deux cat\u00e9gories principales. La section sur les armes est elle-m\u00eame divis\u00e9e en quatre cat\u00e9gories :<\/p><ul><li><strong>Cat\u00e9gorie I :<\/strong> Cette cat\u00e9gorie couvre une vari\u00e9t\u00e9 de couteaux et d'armes blanches, y compris les couteaux \u00e0 talon aiguille, les couteaux tombants, les couteaux de lancer ou les couteaux papillon. La r\u00e9glementation relative \u00e0 cette cat\u00e9gorie est stricte en raison des dangers potentiels que pr\u00e9sentent ces couteaux. Leur possession et leur utilisation font l'objet de restrictions et de r\u00e9glementations strictes, car ils sont consid\u00e9r\u00e9s comme potentiellement dangereux en raison de leur capacit\u00e9 de coupe et de leurs m\u00e9canismes.<\/li><li><strong>Cat\u00e9gorie II :<\/strong> Cette cat\u00e9gorie comprend principalement les armes \u00e0 feu automatiques et les explosifs. Des r\u00e8gles tr\u00e8s strictes s'appliquent ici, et la possession d'armes de cette cat\u00e9gorie est g\u00e9n\u00e9ralement soumise \u00e0 des restrictions s\u00e9v\u00e8res.<\/li><li><strong>Cat\u00e9gorie III :<\/strong> Il s'agit, par exemple, de certaines armes \u00e0 feu moins perfectionn\u00e9es que celles de la cat\u00e9gorie IV, ainsi que des couteaux de lancer qui ne sont pas explicitement sp\u00e9cifi\u00e9s dans la cat\u00e9gorie I. Les r\u00e8gles de cette cat\u00e9gorie visent \u00e0 r\u00e9glementer la d\u00e9tention et l'utilisation de ces armes qui, bien que moins perfectionn\u00e9es que certaines autres cat\u00e9gories, peuvent toujours \u00eatre potentiellement dangereuses.<\/li><li><strong>Cat\u00e9gorie IV :<\/strong> cette cat\u00e9gorie comprend d'autres armes qui n'entrent pas dans les cat\u00e9gories pr\u00e9c\u00e9dentes. Il peut s'agir de divers types d'armes et de dispositifs qui ne sont pas explicitement sp\u00e9cifi\u00e9s dans les autres cat\u00e9gories.<\/li><\/ul><p>Il est essentiel de comprendre ces cat\u00e9gories pour se conformer \u00e0 la loi et \u00e9viter d'\u00e9ventuelles cons\u00e9quences p\u00e9nales en cas d'infraction. Il est important de noter que chacune de ces cat\u00e9gories comporte des r\u00e9glementations et des restrictions sp\u00e9cifiques, et il est conseill\u00e9 de demander l'avis d'un avocat sp\u00e9cialis\u00e9 en cas de doute sur la l\u00e9galit\u00e9 d'une arme \u00e0 feu ou de munitions.<\/p>\t\t\t\t\t\t\t\t<\/div>\n\t\t\t\t<\/div>\n\t\t\t\t<div class=\"elementor-element elementor-element-845cf3f elementor-widget elementor-widget-spacer\" data-id=\"845cf3f\" data-element_type=\"widget\" data-e-type=\"widget\" data-widget_type=\"spacer.default\">\n\t\t\t\t<div class=\"elementor-widget-container\">\n\t\t\t\t\t\t\t<div class=\"elementor-spacer\">\n\t\t\t<div class=\"elementor-spacer-inner\"><\/div>\n\t\t<\/div>\n\t\t\t\t\t\t<\/div>\n\t\t\t\t<\/div>\n\t\t\t\t<div class=\"elementor-element elementor-element-616d361 elementor-widget elementor-widget-heading\" data-id=\"616d361\" data-element_type=\"widget\" data-e-type=\"widget\" data-widget_type=\"heading.default\">\n\t\t\t\t<div class=\"elementor-widget-container\">\n\t\t\t\t\t<h3 class=\"elementor-heading-title elementor-size-default\">Avocat sur la loi sur les armes et les munitions<\/h3>\t\t\t\t<\/div>\n\t\t\t\t<\/div>\n\t\t\t\t<div class=\"elementor-element elementor-element-60462c0 color-scheme-inherit text-left elementor-widget elementor-widget-text-editor\" data-id=\"60462c0\" data-element_type=\"widget\" data-e-type=\"widget\" data-widget_type=\"text-editor.default\">\n\t\t\t\t<div class=\"elementor-widget-container\">\n\t\t\t\t\t\t\t\t\t<p>Si vous \u00eates soup\u00e7onn\u00e9 d'une infraction \u00e0 la loi sur les armes et les munitions, il est tr\u00e8s important de prendre contact avec l'un de nos avocats sp\u00e9cialis\u00e9s dans les plus brefs d\u00e9lais. M\u00eame les infractions mineures peuvent donner lieu \u00e0 des amendes substantielles, ce que vous pr\u00e9f\u00e9rez \u00e9videmment \u00e9viter.<\/p><p><a href=\"https:\/\/www.derbedrosian.nl\/fr\/avocats\/\">Nos avocats exp\u00e9riment\u00e9s<\/a> sont pr\u00eats \u00e0 vous fournir une assistance juridique et \u00e0 vous aider \u00e0 traiter votre dossier le plus efficacement possible. Plus t\u00f4t vous solliciterez une assistance juridique, plus t\u00f4t nous pourrons vous aider.<\/p>\t\t\t\t\t\t\t\t<\/div>\n\t\t\t\t<\/div>\n\t\t\t\t\t<\/div>\n\t\t\t\t<\/div>\n\t\t\t\t<\/div>","protected":false},"excerpt":{"rendered":"<p>wet wapens en munitie artikel 2 wapenbezit straf Uitzonderingen wapenbezit Advocaat Wet Wapens en Munitie vuurwapens in nederland In Nederland<\/p>","protected":false},"author":1,"featured_media":0,"parent":10047,"menu_order":0,"comment_status":"closed","ping_status":"closed","template":"","meta":{"footnotes":""},"class_list":["post-10872","page","type-page","status-publish","hentry"],"_links":{"self":[{"href":"https:\/\/www.derbedrosian.nl\/fr\/wp-json\/wp\/v2\/pages\/10872","targetHints":{"allow":["GET"]}}],"collection":[{"href":"https:\/\/www.derbedrosian.nl\/fr\/wp-json\/wp\/v2\/pages"}],"about":[{"href":"https:\/\/www.derbedrosian.nl\/fr\/wp-json\/wp\/v2\/types\/page"}],"author":[{"embeddable":true,"href":"https:\/\/www.derbedrosian.nl\/fr\/wp-json\/wp\/v2\/users\/1"}],"replies":[{"embeddable":true,"href":"https:\/\/www.derbedrosian.nl\/fr\/wp-json\/wp\/v2\/comments?post=10872"}],"version-history":[{"count":0,"href":"https:\/\/www.derbedrosian.nl\/fr\/wp-json\/wp\/v2\/pages\/10872\/revisions"}],"up":[{"embeddable":true,"href":"https:\/\/www.derbedrosian.nl\/fr\/wp-json\/wp\/v2\/pages\/10047"}],"wp:attachment":[{"href":"https:\/\/www.derbedrosian.nl\/fr\/wp-json\/wp\/v2\/media?parent=10872"}],"curies":[{"name":"wp","href":"https:\/\/api.w.org\/{rel}","templated":true}]}}