{"id":10867,"date":"2023-05-29T10:12:56","date_gmt":"2023-05-29T08:12:56","guid":{"rendered":"https:\/\/derbedrosian.nl\/?page_id=10867"},"modified":"2025-12-21T15:18:13","modified_gmt":"2025-12-21T13:18:13","slug":"viol-2","status":"publish","type":"page","link":"https:\/\/www.derbedrosian.nl\/fr\/rechtsgebieden\/strafrecht\/verkrachting\/","title":{"rendered":"Viol"},"content":{"rendered":"<div data-elementor-type=\"wp-page\" data-elementor-id=\"10867\" class=\"elementor elementor-10867\" data-elementor-post-type=\"page\">\n\t\t\t\t<div class=\"wd-negative-gap elementor-element elementor-element-79ce637 e-flex e-con-boxed e-con e-parent\" data-id=\"79ce637\" data-element_type=\"container\" data-e-type=\"container\">\n\t\t\t\t\t<div class=\"e-con-inner\">\n\t\t\t\t<div class=\"elementor-element elementor-element-29f3aea elementor-hidden-desktop elementor-hidden-tablet elementor-hidden-mobile elementor-widget elementor-widget-wd_image_or_svg\" data-id=\"29f3aea\" data-element_type=\"widget\" data-e-type=\"widget\" id=\"seo-word\" data-widget_type=\"wd_image_or_svg.default\">\n\t\t\t\t<div class=\"elementor-widget-container\">\n\t\t\t\t\t\n\t\t<div class=\"wd-image text-left\">\n\t\t\t\t\t\t\t\t<img loading=\"lazy\" decoding=\"async\" width=\"1000\" height=\"667\" src=\"https:\/\/www.derbedrosian.nl\/wp-content\/uploads\/rechtsgebied-verkrachting.jpg\" class=\"attachment-full size-full\" alt=\"peine de viol avocat agression crime suspect\u00e9 de viol\" srcset=\"https:\/\/www.derbedrosian.nl\/wp-content\/uploads\/rechtsgebied-verkrachting.jpg 1000w, https:\/\/www.derbedrosian.nl\/wp-content\/uploads\/rechtsgebied-verkrachting-400x267.jpg 400w, https:\/\/www.derbedrosian.nl\/wp-content\/uploads\/rechtsgebied-verkrachting-768x512.jpg 768w\" sizes=\"auto, (max-width: 1000px) 100vw, 1000px\" title=\"\">\t\t\t\t\t<\/div>\n\n\t\t\t\t\t\t<\/div>\n\t\t\t\t<\/div>\n\t\t\t\t<div class=\"elementor-element elementor-element-72c715a elementor-hidden-desktop elementor-hidden-tablet elementor-hidden-mobile elementor-widget elementor-widget-heading\" data-id=\"72c715a\" data-element_type=\"widget\" data-e-type=\"widget\" id=\"seo-word\" data-widget_type=\"heading.default\">\n\t\t\t\t<div class=\"elementor-widget-container\">\n\t\t\t\t\t<h2 class=\"elementor-heading-title elementor-size-default\">avocat sp\u00e9cialis\u00e9 dans les affaires de viol<\/h2>\t\t\t\t<\/div>\n\t\t\t\t<\/div>\n\t\t\t\t<div class=\"elementor-element elementor-element-a1d26a1 elementor-hidden-desktop elementor-hidden-tablet elementor-hidden-mobile elementor-widget elementor-widget-heading\" data-id=\"a1d26a1\" data-element_type=\"widget\" data-e-type=\"widget\" id=\"seo-word\" data-widget_type=\"heading.default\">\n\t\t\t\t<div class=\"elementor-widget-container\">\n\t\t\t\t\t<h5 class=\"elementor-heading-title elementor-size-default\">punition pour viol<\/h5>\t\t\t\t<\/div>\n\t\t\t\t<\/div>\n\t\t\t\t<div class=\"elementor-element elementor-element-86df940 elementor-hidden-desktop elementor-hidden-tablet elementor-hidden-mobile elementor-widget elementor-widget-heading\" data-id=\"86df940\" data-element_type=\"widget\" data-e-type=\"widget\" id=\"seo-word\" data-widget_type=\"heading.default\">\n\t\t\t\t<div class=\"elementor-widget-container\">\n\t\t\t\t\t<h5 class=\"elementor-heading-title elementor-size-default\">viol pays-bas<\/h5>\t\t\t\t<\/div>\n\t\t\t\t<\/div>\n\t\t\t\t<div class=\"elementor-element elementor-element-ddb554c elementor-hidden-desktop elementor-hidden-tablet elementor-hidden-mobile elementor-widget elementor-widget-heading\" data-id=\"ddb554c\" data-element_type=\"widget\" data-e-type=\"widget\" id=\"seo-word\" data-widget_type=\"heading.default\">\n\t\t\t\t<div class=\"elementor-widget-container\">\n\t\t\t\t\t<h5 class=\"elementor-heading-title elementor-size-default\">diff\u00e9rence entre agression sexuelle et viol<\/h5>\t\t\t\t<\/div>\n\t\t\t\t<\/div>\n\t\t\t\t<div class=\"elementor-element elementor-element-4bfa2bd elementor-hidden-desktop elementor-hidden-tablet elementor-hidden-mobile elementor-widget elementor-widget-heading\" data-id=\"4bfa2bd\" data-element_type=\"widget\" data-e-type=\"widget\" id=\"seo-word\" data-widget_type=\"heading.default\">\n\t\t\t\t<div class=\"elementor-widget-container\">\n\t\t\t\t\t<h5 class=\"elementor-heading-title elementor-size-default\">crime<\/h5>\t\t\t\t<\/div>\n\t\t\t\t<\/div>\n\t\t\t\t<div class=\"elementor-element elementor-element-ac32fe0 elementor-hidden-desktop elementor-hidden-tablet elementor-hidden-mobile elementor-widget elementor-widget-heading\" data-id=\"ac32fe0\" data-element_type=\"widget\" data-e-type=\"widget\" id=\"seo-word\" data-widget_type=\"heading.default\">\n\t\t\t\t<div class=\"elementor-widget-container\">\n\t\t\t\t\t<h5 class=\"elementor-heading-title elementor-size-default\">avocat du piquet de gr\u00e8ve<\/h5>\t\t\t\t<\/div>\n\t\t\t\t<\/div>\n\t\t\t\t<div class=\"elementor-element elementor-element-f045f6d elementor-hidden-desktop elementor-hidden-tablet elementor-hidden-mobile elementor-widget elementor-widget-heading\" data-id=\"f045f6d\" data-element_type=\"widget\" data-e-type=\"widget\" id=\"seo-word\" data-widget_type=\"heading.default\">\n\t\t\t\t<div class=\"elementor-widget-container\">\n\t\t\t\t\t<h5 class=\"elementor-heading-title elementor-size-default\">avocat p\u00e9nal enschede<\/h5>\t\t\t\t<\/div>\n\t\t\t\t<\/div>\n\t\t\t\t<div class=\"elementor-element elementor-element-8c1d0f5 elementor-hidden-desktop elementor-hidden-tablet elementor-hidden-mobile elementor-widget elementor-widget-heading\" data-id=\"8c1d0f5\" data-element_type=\"widget\" data-e-type=\"widget\" id=\"seo-word\" data-widget_type=\"heading.default\">\n\t\t\t\t<div class=\"elementor-widget-container\">\n\t\t\t\t\t<h5 class=\"elementor-heading-title elementor-size-default\">droit p\u00e9nal enschede<\/h5>\t\t\t\t<\/div>\n\t\t\t\t<\/div>\n\t\t\t\t<div class=\"elementor-element elementor-element-eb1e1f5 elementor-hidden-desktop elementor-hidden-tablet elementor-hidden-mobile elementor-widget elementor-widget-heading\" data-id=\"eb1e1f5\" data-element_type=\"widget\" data-e-type=\"widget\" id=\"seo-word\" data-widget_type=\"heading.default\">\n\t\t\t\t<div class=\"elementor-widget-container\">\n\t\t\t\t\t<h5 class=\"elementor-heading-title elementor-size-default\">avocat droit p\u00e9nal enschede<\/h5>\t\t\t\t<\/div>\n\t\t\t\t<\/div>\n\t\t\t\t<div class=\"elementor-element elementor-element-c193e6a elementor-hidden-desktop elementor-hidden-tablet elementor-hidden-mobile elementor-widget elementor-widget-heading\" data-id=\"c193e6a\" data-element_type=\"widget\" data-e-type=\"widget\" id=\"seo-word\" data-widget_type=\"heading.default\">\n\t\t\t\t<div class=\"elementor-widget-container\">\n\t\t\t\t\t<h5 class=\"elementor-heading-title elementor-size-default\">avocat droit p\u00e9nal overijssel<\/h5>\t\t\t\t<\/div>\n\t\t\t\t<\/div>\n\t\t\t\t<div class=\"elementor-element elementor-element-35968d3 elementor-hidden-desktop elementor-hidden-tablet elementor-hidden-mobile elementor-widget elementor-widget-heading\" data-id=\"35968d3\" data-element_type=\"widget\" data-e-type=\"widget\" id=\"seo-word\" data-widget_type=\"heading.default\">\n\t\t\t\t<div class=\"elementor-widget-container\">\n\t\t\t\t\t<h5 class=\"elementor-heading-title elementor-size-default\">signification du viol<\/h5>\t\t\t\t<\/div>\n\t\t\t\t<\/div>\n\t\t\t\t<div class=\"elementor-element elementor-element-4e3765c elementor-hidden-desktop elementor-hidden-tablet elementor-hidden-mobile elementor-widget elementor-widget-heading\" data-id=\"4e3765c\" data-element_type=\"widget\" data-e-type=\"widget\" id=\"seo-word\" data-widget_type=\"heading.default\">\n\t\t\t\t<div class=\"elementor-widget-container\">\n\t\t\t\t\t<h5 class=\"elementor-heading-title elementor-size-default\">A Enschede et Overijssel, les avocats p\u00e9nalistes de Derbedrosian Criminal Lawyers sont vos partenaires juridiques de confiance. Nos avocats \u00e0 Enschede sont sp\u00e9cialis\u00e9s dans les affaires p\u00e9nales, y compris les affaires graves telles que le viol.\n\nLe viol est un crime grave aux Pays-Bas, avec des sanctions s\u00e9v\u00e8res. Il est important de comprendre le cadre juridique et les sanctions applicables au viol. La diff\u00e9rence entre une agression sexuelle et un viol r\u00e9side dans la nature et la gravit\u00e9 du d\u00e9lit.\n\nUn avocat de piquet, \u00e9galement appel\u00e9 avocat de garde, peut \u00eatre appel\u00e9 pour fournir une assistance juridique dans les cas urgents, par exemple lors d'une arrestation ou d'un interrogatoire. Dans les cas de viol, il est essentiel de demander imm\u00e9diatement une aide juridique.\n\nNos avocats \u00e0 Enschede sont l\u00e0 pour vous conseiller et repr\u00e9senter vos int\u00e9r\u00eats dans les affaires p\u00e9nales, y compris les affaires de viol. Si vous avez besoin d'une assistance juridique dans des affaires aussi graves, n'h\u00e9sitez pas \u00e0 contacter Derbedrosian Criminal Lawyers pour obtenir un soutien professionnel.<\/h5>\t\t\t\t<\/div>\n\t\t\t\t<\/div>\n\t\t\t\t<div class=\"elementor-element elementor-element-80a0103 color-scheme-inherit text-left elementor-widget elementor-widget-text-editor\" data-id=\"80a0103\" data-element_type=\"widget\" data-e-type=\"widget\" data-widget_type=\"text-editor.default\">\n\t\t\t\t<div class=\"elementor-widget-container\">\n\t\t\t\t\t\t\t\t\t<p><strong>Le viol est un crime grave pour lequel le syst\u00e8me juridique n\u00e9erlandais doit prendre en compte ces situations et veiller \u00e0 ce que les victimes et les suspects soient trait\u00e9s \u00e9quitablement.<\/strong><\/p><p><strong>Des services de soutien m\u00e9dical et \u00e9motionnel sont \u00e9galement mis \u00e0 la disposition des victimes pour les aider \u00e0 se r\u00e9tablir.<\/strong><\/p>\t\t\t\t\t\t\t\t<\/div>\n\t\t\t\t<\/div>\n\t\t\t\t<div class=\"elementor-element elementor-element-7bb2179 elementor-widget elementor-widget-spacer\" data-id=\"7bb2179\" data-element_type=\"widget\" data-e-type=\"widget\" data-widget_type=\"spacer.default\">\n\t\t\t\t<div class=\"elementor-widget-container\">\n\t\t\t\t\t\t\t<div class=\"elementor-spacer\">\n\t\t\t<div class=\"elementor-spacer-inner\"><\/div>\n\t\t<\/div>\n\t\t\t\t\t\t<\/div>\n\t\t\t\t<\/div>\n\t\t\t\t<div class=\"elementor-element elementor-element-4d0318a elementor-widget elementor-widget-heading\" data-id=\"4d0318a\" data-element_type=\"widget\" data-e-type=\"widget\" data-widget_type=\"heading.default\">\n\t\t\t\t<div class=\"elementor-widget-container\">\n\t\t\t\t\t<h3 class=\"elementor-heading-title elementor-size-default\">Qu'est-ce que le viol ?<\/h3>\t\t\t\t<\/div>\n\t\t\t\t<\/div>\n\t\t\t\t<div class=\"elementor-element elementor-element-96fd6ba color-scheme-inherit text-left elementor-widget elementor-widget-text-editor\" data-id=\"96fd6ba\" data-element_type=\"widget\" data-e-type=\"widget\" data-widget_type=\"text-editor.default\">\n\t\t\t\t<div class=\"elementor-widget-container\">\n\t\t\t\t\t\t\t\t\t<p>Selon la loi, le viol est d\u00e9fini comme suit : \"Le viol est toute forme de p\u00e9n\u00e9tration sexuelle, quelle qu'en soit la m\u00e9thode, pratiqu\u00e9e contre la volont\u00e9 d'une personne, que ce soit ou non sous l'influence de la force, de la menace ou de la pression psychologique\".<\/p><p>Il est important de comprendre ce que l'on entend par \"contre la volont\u00e9\". Il s'agit notamment de<\/p><ul><li><strong>Absence de consentement :<\/strong>\u00a0cela signifie que la p\u00e9n\u00e9tration sexuelle a eu lieu sans le libre arbitre et le consentement de la victime. Cela signifie que la personne n'a pas consenti volontairement \u00e0 l'acte sexuel.<\/li><li><strong>Handicaps physiques ou mentaux :<\/strong>\u00a0Il peut \u00e9galement y avoir viol lorsque la victime souffre d'un handicap physique ou mental qui l'emp\u00eache de donner consciemment son consentement. C'est le cas, par exemple, lorsqu'une personne est incapable d'exprimer clairement sa volont\u00e9 en raison d'un syndrome de Down.<\/li><li><strong>Influenc\u00e9s par l'alcool ou les drogues :<\/strong> si la victime est sous l'influence de l'alcool ou de drogues et n'est donc pas en mesure de consentir consciemment et volontairement \u00e0 des actes sexuels.<\/li><\/ul><p>Il est tr\u00e8s important que le viol soit compris conform\u00e9ment \u00e0 ces d\u00e9finitions juridiques afin de souligner la gravit\u00e9 de ce crime et de sauvegarder les droits des victimes.<\/p>\t\t\t\t\t\t\t\t<\/div>\n\t\t\t\t<\/div>\n\t\t\t\t<div class=\"elementor-element elementor-element-8405b00 elementor-widget elementor-widget-spacer\" data-id=\"8405b00\" data-element_type=\"widget\" data-e-type=\"widget\" data-widget_type=\"spacer.default\">\n\t\t\t\t<div class=\"elementor-widget-container\">\n\t\t\t\t\t\t\t<div class=\"elementor-spacer\">\n\t\t\t<div class=\"elementor-spacer-inner\"><\/div>\n\t\t<\/div>\n\t\t\t\t\t\t<\/div>\n\t\t\t\t<\/div>\n\t\t\t\t<div class=\"elementor-element elementor-element-f93aeed elementor-widget elementor-widget-heading\" data-id=\"f93aeed\" data-element_type=\"widget\" data-e-type=\"widget\" data-widget_type=\"heading.default\">\n\t\t\t\t<div class=\"elementor-widget-container\">\n\t\t\t\t\t<h3 class=\"elementor-heading-title elementor-size-default\">Punition viol<\/h3>\t\t\t\t<\/div>\n\t\t\t\t<\/div>\n\t\t\t\t<div class=\"elementor-element elementor-element-1e402ae color-scheme-inherit text-left elementor-widget elementor-widget-text-editor\" data-id=\"1e402ae\" data-element_type=\"widget\" data-e-type=\"widget\" data-widget_type=\"text-editor.default\">\n\t\t\t\t<div class=\"elementor-widget-container\">\n\t\t\t\t\t\t\t\t\t<p>Selon l'article 242 du code p\u00e9nal n\u00e9erlandais, la peine maximale d'emprisonnement pour viol est actuellement fix\u00e9e \u00e0 12 ans. Cela signifie qu'une personne reconnue coupable de viol peut \u00eatre condamn\u00e9e \u00e0 une peine maximale de 12 ans de prison.<\/p><ul><li><strong>P\u00e9nalit\u00e9 financi\u00e8re :<\/strong> Outre l'emprisonnement, une amende peut \u00e9galement \u00eatre impos\u00e9e. L'amende pour viol entre dans la 5e cat\u00e9gorie d'amendes du droit p\u00e9nal n\u00e9erlandais. Cela signifie que l'amende peut atteindre un maximum de 90 000 euros, en fonction des circonstances sp\u00e9cifiques de l'affaire.<\/li><\/ul>\t\t\t\t\t\t\t\t<\/div>\n\t\t\t\t<\/div>\n\t\t\t\t<div class=\"elementor-element elementor-element-cf0892b elementor-widget elementor-widget-spacer\" data-id=\"cf0892b\" data-element_type=\"widget\" data-e-type=\"widget\" data-widget_type=\"spacer.default\">\n\t\t\t\t<div class=\"elementor-widget-container\">\n\t\t\t\t\t\t\t<div class=\"elementor-spacer\">\n\t\t\t<div class=\"elementor-spacer-inner\"><\/div>\n\t\t<\/div>\n\t\t\t\t\t\t<\/div>\n\t\t\t\t<\/div>\n\t\t\t\t<div class=\"elementor-element elementor-element-d40230a elementor-widget elementor-widget-heading\" data-id=\"d40230a\" data-element_type=\"widget\" data-e-type=\"widget\" data-widget_type=\"heading.default\">\n\t\t\t\t<div class=\"elementor-widget-container\">\n\t\t\t\t\t<h3 class=\"elementor-heading-title elementor-size-default\">Diff\u00e9rence entre agression sexuelle et viol<\/h3>\t\t\t\t<\/div>\n\t\t\t\t<\/div>\n\t\t\t\t<div class=\"elementor-element elementor-element-04ac6bf color-scheme-inherit text-left elementor-widget elementor-widget-text-editor\" data-id=\"04ac6bf\" data-element_type=\"widget\" data-e-type=\"widget\" data-widget_type=\"text-editor.default\">\n\t\t\t\t<div class=\"elementor-widget-container\">\n\t\t\t\t\t\t\t\t\t<p>Les agressions sexuelles et les viols sont tous deux graves<a href=\"https:\/\/www.derbedrosian.nl\/fr\/juridictions\/droit-penal\/crimes\/\"> crimes<\/a>Il y a cependant des diff\u00e9rences importantes entre les deux :<\/p><p><strong>Agression :<\/strong><\/p><ul><li><strong>D\u00e9finition :<\/strong>\u00a0L'agression sexuelle est le fait pour une personne de toucher, de tripoter ou d'accomplir d'autres actes sexuels sur une autre personne sans son consentement et de mani\u00e8re intentionnelle. Il peut s'agir d'attouchements non d\u00e9sir\u00e9s ou de formes plus graves d'agression sexuelle, sans qu'il y ait p\u00e9n\u00e9tration.<\/li><li><strong>Punition :<\/strong>\u00a0Les sanctions pour agression sexuelle peuvent varier en fonction de la gravit\u00e9 de l'infraction, mais elles comprennent g\u00e9n\u00e9ralement une peine d'emprisonnement, des travaux d'int\u00e9r\u00eat g\u00e9n\u00e9ral et\/ou des amendes.<\/li><\/ul><p><strong style=\"font-size: 17.6px; letter-spacing: var( --e-global-typography-text-letter-spacing ); text-transform: var( --e-global-typography-text-text-transform ); word-spacing: var( --e-global-typography-text-word-spacing ); color: var(--wd-text-color);\">Le viol :<\/strong><\/p><ul><li><strong>D\u00e9finition :<\/strong>\u00a0Le viol est une infraction plus grave dans laquelle une personne effectue une p\u00e9n\u00e9tration sexuelle sur une autre personne sans son consentement. Cette p\u00e9n\u00e9tration peut avoir lieu par la force, la menace, la pression psychologique ou dans les cas o\u00f9 la victime n'est pas en mesure de donner son consentement en raison, par exemple, d'une d\u00e9ficience physique ou mentale, d'une intoxication ou d'un \u00e9tat d'\u00e9bri\u00e9t\u00e9. <a href=\"https:\/\/www.derbedrosian.nl\/fr\/juridictions\/droit-penal\/drogues\/\">la consommation de drogues.<\/a><\/li><li><strong>Punition : <\/strong>Le viol est s\u00e9v\u00e8rement puni dans la plupart des syst\u00e8mes juridiques. Les sanctions comprennent souvent de longues peines d'emprisonnement, en fonction de la gravit\u00e9 de l'infraction et des circonstances.<\/li><\/ul><p>La principale diff\u00e9rence entre l'agression sexuelle et le viol est que le viol implique une p\u00e9n\u00e9tration sexuelle sans consentement, tandis que l'agression sexuelle se concentre sur des actes sexuels sans p\u00e9n\u00e9tration. Les deux d\u00e9lits sont graves et sanctionn\u00e9s s\u00e9v\u00e8rement, mais la nature des actes diff\u00e8re.<\/p>\t\t\t\t\t\t\t\t<\/div>\n\t\t\t\t<\/div>\n\t\t\t\t<div class=\"elementor-element elementor-element-5a433a3 elementor-widget elementor-widget-spacer\" data-id=\"5a433a3\" data-element_type=\"widget\" data-e-type=\"widget\" data-widget_type=\"spacer.default\">\n\t\t\t\t<div class=\"elementor-widget-container\">\n\t\t\t\t\t\t\t<div class=\"elementor-spacer\">\n\t\t\t<div class=\"elementor-spacer-inner\"><\/div>\n\t\t<\/div>\n\t\t\t\t\t\t<\/div>\n\t\t\t\t<\/div>\n\t\t\t\t<div class=\"elementor-element elementor-element-baf127d elementor-widget elementor-widget-heading\" data-id=\"baf127d\" data-element_type=\"widget\" data-e-type=\"widget\" data-widget_type=\"heading.default\">\n\t\t\t\t<div class=\"elementor-widget-container\">\n\t\t\t\t\t<h3 class=\"elementor-heading-title elementor-size-default\">Avocat de piquet<\/h3>\t\t\t\t<\/div>\n\t\t\t\t<\/div>\n\t\t\t\t<div class=\"elementor-element elementor-element-b873207 color-scheme-inherit text-left elementor-widget elementor-widget-text-editor\" data-id=\"b873207\" data-element_type=\"widget\" data-e-type=\"widget\" data-widget_type=\"text-editor.default\">\n\t\t\t\t<div class=\"elementor-widget-container\">\n\t\t\t\t\t\t\t\t\t<p>Aux Pays-Bas, lorsque le suspect est arr\u00eat\u00e9 par la police et plac\u00e9 en d\u00e9tention provisoire, un avocat de piquet est d\u00e9sign\u00e9. Cet avocat sera disponible le jour de votre arrestation. Cependant, il n'est pas toujours garanti que cet avocat soit sp\u00e9cialis\u00e9 dans le domaine de la d\u00e9tention provisoire. <a href=\"https:\/\/www.derbedrosian.nl\/fr\/juridictions\/droit-penal\/\">droit p\u00e9nal<\/a>et encore moins dans les affaires de m\u0153urs complexes.<\/p><p>Souvent, les permanences sont assur\u00e9es par des avocats stagiaires. Par cons\u00e9quent, dans une affaire de m\u0153urs complexe n\u00e9cessitant une expertise sp\u00e9cialis\u00e9e, il n'est pas certain que vous receviez l'assistance juridique appropri\u00e9e de la part de l'avocat de piquet qui vous a \u00e9t\u00e9 assign\u00e9.<\/p>\t\t\t\t\t\t\t\t<\/div>\n\t\t\t\t<\/div>\n\t\t\t\t<div class=\"elementor-element elementor-element-d9cb06b elementor-widget elementor-widget-spacer\" data-id=\"d9cb06b\" data-element_type=\"widget\" data-e-type=\"widget\" data-widget_type=\"spacer.default\">\n\t\t\t\t<div class=\"elementor-widget-container\">\n\t\t\t\t\t\t\t<div class=\"elementor-spacer\">\n\t\t\t<div class=\"elementor-spacer-inner\"><\/div>\n\t\t<\/div>\n\t\t\t\t\t\t<\/div>\n\t\t\t\t<\/div>\n\t\t\t\t<div class=\"elementor-element elementor-element-8765f97 elementor-widget elementor-widget-heading\" data-id=\"8765f97\" data-element_type=\"widget\" data-e-type=\"widget\" data-widget_type=\"heading.default\">\n\t\t\t\t<div class=\"elementor-widget-container\">\n\t\t\t\t\t<h3 class=\"elementor-heading-title elementor-size-default\">Avocat soup\u00e7onn\u00e9 de viol<\/h3>\t\t\t\t<\/div>\n\t\t\t\t<\/div>\n\t\t\t\t<div class=\"elementor-element elementor-element-0f239d4 color-scheme-inherit text-left elementor-widget elementor-widget-text-editor\" data-id=\"0f239d4\" data-element_type=\"widget\" data-e-type=\"widget\" data-widget_type=\"text-editor.default\">\n\t\t\t\t<div class=\"elementor-widget-container\">\n\t\t\t\t\t\t\t\t\t<p>Lorsque vous \u00eates soup\u00e7onn\u00e9 de viol, il est toujours important de demander l'aide d'un avocat sp\u00e9cialis\u00e9. Il est conseill\u00e9 de le faire le plus t\u00f4t possible, afin que l'avocat puisse encore avoir une grande influence sur le d\u00e9roulement ult\u00e9rieur du proc\u00e8s. Au cabinet d'avocats Der Bedrosian, nous vous mettrons en contact direct avec l'un de nos avocats sp\u00e9cialis\u00e9s. <a href=\"https:\/\/www.derbedrosian.nl\/fr\/avocats\/\">avocats sp\u00e9cialis\u00e9s<\/a> qui a une grande exp\u00e9rience des affaires sexuelles.<\/p><p>Notre engagement va au-del\u00e0 de la repr\u00e9sentation juridique. Nous travaillons avec vous pour d\u00e9terminer la meilleure strat\u00e9gie de d\u00e9fense, en visant une issue juste pour votre affaire.<\/p>\t\t\t\t\t\t\t\t<\/div>\n\t\t\t\t<\/div>\n\t\t\t\t\t<\/div>\n\t\t\t\t<\/div>\n\t\t\t\t<\/div>","protected":false},"excerpt":{"rendered":"<p>viol avocat viol peine viol Pays-Bas diff\u00e9rence entre agression sexuelle et viol d\u00e9lit avocat de garde avocat p\u00e9naliste Enschede droit p\u00e9nal Enschede avocat p\u00e9naliste<\/p>","protected":false},"author":1,"featured_media":0,"parent":10047,"menu_order":0,"comment_status":"closed","ping_status":"closed","template":"","meta":{"footnotes":""},"class_list":["post-10867","page","type-page","status-publish","hentry"],"_links":{"self":[{"href":"https:\/\/www.derbedrosian.nl\/fr\/wp-json\/wp\/v2\/pages\/10867","targetHints":{"allow":["GET"]}}],"collection":[{"href":"https:\/\/www.derbedrosian.nl\/fr\/wp-json\/wp\/v2\/pages"}],"about":[{"href":"https:\/\/www.derbedrosian.nl\/fr\/wp-json\/wp\/v2\/types\/page"}],"author":[{"embeddable":true,"href":"https:\/\/www.derbedrosian.nl\/fr\/wp-json\/wp\/v2\/users\/1"}],"replies":[{"embeddable":true,"href":"https:\/\/www.derbedrosian.nl\/fr\/wp-json\/wp\/v2\/comments?post=10867"}],"version-history":[{"count":0,"href":"https:\/\/www.derbedrosian.nl\/fr\/wp-json\/wp\/v2\/pages\/10867\/revisions"}],"up":[{"embeddable":true,"href":"https:\/\/www.derbedrosian.nl\/fr\/wp-json\/wp\/v2\/pages\/10047"}],"wp:attachment":[{"href":"https:\/\/www.derbedrosian.nl\/fr\/wp-json\/wp\/v2\/media?parent=10867"}],"curies":[{"name":"wp","href":"https:\/\/api.w.org\/{rel}","templated":true}]}}