{"id":10862,"date":"2023-05-29T10:11:05","date_gmt":"2023-05-29T08:11:05","guid":{"rendered":"https:\/\/derbedrosian.nl\/?page_id=10862"},"modified":"2025-12-21T15:16:44","modified_gmt":"2025-12-21T13:16:44","slug":"droit-penal-de-la-circulation","status":"publish","type":"page","link":"https:\/\/www.derbedrosian.nl\/fr\/rechtsgebieden\/strafrecht\/verkeersstrafrecht\/","title":{"rendered":"Droit p\u00e9nal de la circulation"},"content":{"rendered":"<div data-elementor-type=\"wp-page\" data-elementor-id=\"10862\" class=\"elementor elementor-10862\" data-elementor-post-type=\"page\">\n\t\t\t\t<div class=\"wd-negative-gap elementor-element elementor-element-dd6839b e-flex e-con-boxed e-con e-parent\" data-id=\"dd6839b\" data-element_type=\"container\" data-e-type=\"container\">\n\t\t\t\t\t<div class=\"e-con-inner\">\n\t\t\t\t<div class=\"elementor-element elementor-element-87f91ee elementor-hidden-desktop elementor-hidden-tablet elementor-hidden-mobile elementor-widget elementor-widget-wd_image_or_svg\" data-id=\"87f91ee\" data-element_type=\"widget\" data-e-type=\"widget\" id=\"seo-word\" data-widget_type=\"wd_image_or_svg.default\">\n\t\t\t\t<div class=\"elementor-widget-container\">\n\t\t\t\t\t\n\t\t<div class=\"wd-image text-left\">\n\t\t\t\t\t\t\t\t<img loading=\"lazy\" decoding=\"async\" width=\"1000\" height=\"667\" src=\"https:\/\/www.derbedrosian.nl\/wp-content\/uploads\/rechtsgebied-verkeersstrafrecht.jpg\" class=\"attachment-full size-full\" alt=\"permis de conduire saisi p\u00e9nalit\u00e9 pour conduite en \u00e9tat d&#039;ivresse d\u00e9ch\u00e9ance du droit de conduire\" srcset=\"https:\/\/www.derbedrosian.nl\/wp-content\/uploads\/rechtsgebied-verkeersstrafrecht.jpg 1000w, https:\/\/www.derbedrosian.nl\/wp-content\/uploads\/rechtsgebied-verkeersstrafrecht-400x267.jpg 400w, https:\/\/www.derbedrosian.nl\/wp-content\/uploads\/rechtsgebied-verkeersstrafrecht-768x512.jpg 768w\" sizes=\"auto, (max-width: 1000px) 100vw, 1000px\" title=\"\">\t\t\t\t\t<\/div>\n\n\t\t\t\t\t\t<\/div>\n\t\t\t\t<\/div>\n\t\t\t\t<div class=\"elementor-element elementor-element-4ae918b elementor-hidden-desktop elementor-hidden-tablet elementor-hidden-mobile elementor-widget elementor-widget-heading\" data-id=\"4ae918b\" data-element_type=\"widget\" data-e-type=\"widget\" id=\"seo-word\" data-widget_type=\"heading.default\">\n\t\t\t\t<div class=\"elementor-widget-container\">\n\t\t\t\t\t<h2 class=\"elementor-heading-title elementor-size-default\">avocat droit p\u00e9nal de la circulation<\/h2>\t\t\t\t<\/div>\n\t\t\t\t<\/div>\n\t\t\t\t<div class=\"elementor-element elementor-element-59a19b1 elementor-hidden-desktop elementor-hidden-tablet elementor-hidden-mobile elementor-widget elementor-widget-heading\" data-id=\"59a19b1\" data-element_type=\"widget\" data-e-type=\"widget\" id=\"seo-word\" data-widget_type=\"heading.default\">\n\t\t\t\t<div class=\"elementor-widget-container\">\n\t\t\t\t\t<h5 class=\"elementor-heading-title elementor-size-default\">confiscation du permis de conduire<\/h5>\t\t\t\t<\/div>\n\t\t\t\t<\/div>\n\t\t\t\t<div class=\"elementor-element elementor-element-8ed7140 elementor-hidden-desktop elementor-hidden-tablet elementor-hidden-mobile elementor-widget elementor-widget-heading\" data-id=\"8ed7140\" data-element_type=\"widget\" data-e-type=\"widget\" id=\"seo-word\" data-widget_type=\"heading.default\">\n\t\t\t\t<div class=\"elementor-widget-container\">\n\t\t\t\t\t<h5 class=\"elementor-heading-title elementor-size-default\">retrait du permis de conduire<\/h5>\t\t\t\t<\/div>\n\t\t\t\t<\/div>\n\t\t\t\t<div class=\"elementor-element elementor-element-17b52a4 elementor-hidden-desktop elementor-hidden-tablet elementor-hidden-mobile elementor-widget elementor-widget-heading\" data-id=\"17b52a4\" data-element_type=\"widget\" data-e-type=\"widget\" id=\"seo-word\" data-widget_type=\"heading.default\">\n\t\t\t\t<div class=\"elementor-widget-container\">\n\t\t\t\t\t<h5 class=\"elementor-heading-title elementor-size-default\">conduite en \u00e9tat d'ivresse<\/h5>\t\t\t\t<\/div>\n\t\t\t\t<\/div>\n\t\t\t\t<div class=\"elementor-element elementor-element-dcc898f elementor-hidden-desktop elementor-hidden-tablet elementor-hidden-mobile elementor-widget elementor-widget-heading\" data-id=\"dcc898f\" data-element_type=\"widget\" data-e-type=\"widget\" id=\"seo-word\" data-widget_type=\"heading.default\">\n\t\t\t\t<div class=\"elementor-widget-container\">\n\t\t\t\t\t<h5 class=\"elementor-heading-title elementor-size-default\">Permis de conduire pour l'audition<\/h5>\t\t\t\t<\/div>\n\t\t\t\t<\/div>\n\t\t\t\t<div class=\"elementor-element elementor-element-ed4f99c elementor-hidden-desktop elementor-hidden-tablet elementor-hidden-mobile elementor-widget elementor-widget-heading\" data-id=\"ed4f99c\" data-element_type=\"widget\" data-e-type=\"widget\" id=\"seo-word\" data-widget_type=\"heading.default\">\n\t\t\t\t<div class=\"elementor-widget-container\">\n\t\t\t\t\t<h5 class=\"elementor-heading-title elementor-size-default\">accidents de la route blessures<\/h5>\t\t\t\t<\/div>\n\t\t\t\t<\/div>\n\t\t\t\t<div class=\"elementor-element elementor-element-0010988 elementor-hidden-desktop elementor-hidden-tablet elementor-hidden-mobile elementor-widget elementor-widget-heading\" data-id=\"0010988\" data-element_type=\"widget\" data-e-type=\"widget\" id=\"seo-word\" data-widget_type=\"heading.default\">\n\t\t\t\t<div class=\"elementor-widget-container\">\n\t\t\t\t\t<h5 class=\"elementor-heading-title elementor-size-default\">avocat droit p\u00e9nal overijssel<\/h5>\t\t\t\t<\/div>\n\t\t\t\t<\/div>\n\t\t\t\t<div class=\"elementor-element elementor-element-dda2836 elementor-hidden-desktop elementor-hidden-tablet elementor-hidden-mobile elementor-widget elementor-widget-heading\" data-id=\"dda2836\" data-element_type=\"widget\" data-e-type=\"widget\" id=\"seo-word\" data-widget_type=\"heading.default\">\n\t\t\t\t<div class=\"elementor-widget-container\">\n\t\t\t\t\t<h5 class=\"elementor-heading-title elementor-size-default\">avocat droit p\u00e9nal enschede<\/h5>\t\t\t\t<\/div>\n\t\t\t\t<\/div>\n\t\t\t\t<div class=\"elementor-element elementor-element-7d1c8d1 elementor-hidden-desktop elementor-hidden-tablet elementor-hidden-mobile elementor-widget elementor-widget-heading\" data-id=\"7d1c8d1\" data-element_type=\"widget\" data-e-type=\"widget\" id=\"seo-word\" data-widget_type=\"heading.default\">\n\t\t\t\t<div class=\"elementor-widget-container\">\n\t\t\t\t\t<h5 class=\"elementor-heading-title elementor-size-default\">droit p\u00e9nal enschede<\/h5>\t\t\t\t<\/div>\n\t\t\t\t<\/div>\n\t\t\t\t<div class=\"elementor-element elementor-element-10183f9 elementor-hidden-desktop elementor-hidden-tablet elementor-hidden-mobile elementor-widget elementor-widget-heading\" data-id=\"10183f9\" data-element_type=\"widget\" data-e-type=\"widget\" id=\"seo-word\" data-widget_type=\"heading.default\">\n\t\t\t\t<div class=\"elementor-widget-container\">\n\t\t\t\t\t<h5 class=\"elementor-heading-title elementor-size-default\">avocat p\u00e9nal enschede<\/h5>\t\t\t\t<\/div>\n\t\t\t\t<\/div>\n\t\t\t\t<div class=\"elementor-element elementor-element-35a6d00 elementor-hidden-desktop elementor-hidden-tablet elementor-hidden-mobile elementor-widget elementor-widget-heading\" data-id=\"35a6d00\" data-element_type=\"widget\" data-e-type=\"widget\" id=\"seo-word\" data-widget_type=\"heading.default\">\n\t\t\t\t<div class=\"elementor-widget-container\">\n\t\t\t\t\t<h5 class=\"elementor-heading-title elementor-size-default\">la conduite sous l'influence de l'alcool est une infraction au code de la route le droit p\u00e9nal de la circulation est une infraction au code de la route.<\/h5>\t\t\t\t<\/div>\n\t\t\t\t<\/div>\n\t\t\t\t<div class=\"elementor-element elementor-element-d0e9f17 elementor-hidden-desktop elementor-hidden-tablet elementor-hidden-mobile elementor-widget elementor-widget-heading\" data-id=\"d0e9f17\" data-element_type=\"widget\" data-e-type=\"widget\" id=\"seo-word\" data-widget_type=\"heading.default\">\n\t\t\t\t<div class=\"elementor-widget-container\">\n\t\t\t\t\t<h5 class=\"elementor-heading-title elementor-size-default\">A Enschede et Overijssel, les avocats p\u00e9nalistes de Derbedrosian Criminal Lawyers sont \u00e0 votre service. Nos avocats \u00e0 Enschede ont une grande exp\u00e9rience des affaires p\u00e9nales et sont sp\u00e9cialis\u00e9s dans le droit p\u00e9nal de la circulation.\n\nSi votre permis de conduire a \u00e9t\u00e9 retir\u00e9 ou confisqu\u00e9 \u00e0 la suite d'infractions au code de la route, cela peut avoir des cons\u00e9quences juridiques importantes pour votre permis de conduire. Les accidents de la route entra\u00eenant des blessures peuvent \u00e9galement donner lieu \u00e0 des proc\u00e9dures judiciaires complexes.\n\nIl est essentiel de demander l'assistance d'un avocat dans les affaires concernant le droit p\u00e9nal de la circulation, la saisie du permis de conduire ou les accidents de la circulation avec dommages corporels. Nos avocats \u00e0 Enschede sont l\u00e0 pour vous conseiller et repr\u00e9senter vos int\u00e9r\u00eats dans ces affaires juridiques.\n\nSi vous vous trouvez \u00e0 Enschede ou ailleurs en Overijssel et que vous avez besoin d'une aide juridique concernant le droit p\u00e9nal de la circulation ou des questions connexes, contactez Derbedrosian Criminal Lawyers pour une assistance professionnelle.\n\n\n\n\n<\/h5>\t\t\t\t<\/div>\n\t\t\t\t<\/div>\n\t\t\t\t<div class=\"elementor-element elementor-element-f9b5e24 color-scheme-inherit text-left elementor-widget elementor-widget-text-editor\" data-id=\"f9b5e24\" data-element_type=\"widget\" data-e-type=\"widget\" data-widget_type=\"text-editor.default\">\n\t\t\t\t<div class=\"elementor-widget-container\">\n\t\t\t\t\t\t\t\t\t<p><strong>Dans cet article, nous explorons le droit p\u00e9nal de la circulation aux Pays-Bas, qui se concentre sur les infractions commises sur la route. Les Pays-Bas sont en perp\u00e9tuel mouvement et, malheureusement, cela implique parfois des infractions et des accidents de la route.  Vous trouverez ici des informations pr\u00e9cieuses sur les aspects les plus courants du droit p\u00e9nal de la circulation. Qu'il s'agisse de<a href=\"https:\/\/www.derbedrosian.nl\/fr\/juridictions\/droit-penal\/confiscation-du-permis-de-conduire\/\"> licences confisqu\u00e9es<\/a>, <a href=\"https:\/\/www.derbedrosian.nl\/fr\/juridictions\/droit-penal\/conduite-en-etat-divresse\/\">conduite en \u00e9tat d'ivresse<\/a>\u00a0Ou tout simplement perdu votre permis de conduire.<\/strong><\/p>\t\t\t\t\t\t\t\t<\/div>\n\t\t\t\t<\/div>\n\t\t\t\t<div class=\"elementor-element elementor-element-7a59892 elementor-widget elementor-widget-spacer\" data-id=\"7a59892\" data-element_type=\"widget\" data-e-type=\"widget\" data-widget_type=\"spacer.default\">\n\t\t\t\t<div class=\"elementor-widget-container\">\n\t\t\t\t\t\t\t<div class=\"elementor-spacer\">\n\t\t\t<div class=\"elementor-spacer-inner\"><\/div>\n\t\t<\/div>\n\t\t\t\t\t\t<\/div>\n\t\t\t\t<\/div>\n\t\t\t\t<div class=\"elementor-element elementor-element-2fa7988 elementor-widget elementor-widget-heading\" data-id=\"2fa7988\" data-element_type=\"widget\" data-e-type=\"widget\" data-widget_type=\"heading.default\">\n\t\t\t\t<div class=\"elementor-widget-container\">\n\t\t\t\t\t<h3 class=\"elementor-heading-title elementor-size-default\">Qu'est-ce que le droit p\u00e9nal de la circulation ?<\/h3>\t\t\t\t<\/div>\n\t\t\t\t<\/div>\n\t\t\t\t<div class=\"elementor-element elementor-element-98fb8f8 color-scheme-inherit text-left elementor-widget elementor-widget-text-editor\" data-id=\"98fb8f8\" data-element_type=\"widget\" data-e-type=\"widget\" data-widget_type=\"text-editor.default\">\n\t\t\t\t<div class=\"elementor-widget-container\">\n\t\t\t\t\t\t\t\t\t<p>Le droit p\u00e9nal de la circulation d\u00e9signe le domaine du droit qui traite des infractions commises dans le cadre de la circulation, en particulier sur les routes et autoroutes publiques. Il couvre les infractions et les crimes li\u00e9s aux r\u00e8gles de circulation et \u00e0 l'utilisation des v\u00e9hicules.<\/p><p>Il est important de savoir que le droit p\u00e9nal de la circulation diff\u00e8re du droit civil de la circulation, qui se concentre sur la responsabilit\u00e9 et l'indemnisation des victimes d'accidents de la route. L'objectif du droit p\u00e9nal de la circulation est de maintenir l'ordre public et la s\u00e9curit\u00e9 sur la route par le biais de poursuites p\u00e9nales pour les infractions et les violations des droits de l'homme. <a href=\"https:\/\/www.derbedrosian.nl\/fr\/juridictions\/droit-penal\/crimes\/\">crimes.<\/a><\/p>\t\t\t\t\t\t\t\t<\/div>\n\t\t\t\t<\/div>\n\t\t\t\t<div class=\"elementor-element elementor-element-e27462b elementor-widget elementor-widget-spacer\" data-id=\"e27462b\" data-element_type=\"widget\" data-e-type=\"widget\" data-widget_type=\"spacer.default\">\n\t\t\t\t<div class=\"elementor-widget-container\">\n\t\t\t\t\t\t\t<div class=\"elementor-spacer\">\n\t\t\t<div class=\"elementor-spacer-inner\"><\/div>\n\t\t<\/div>\n\t\t\t\t\t\t<\/div>\n\t\t\t\t<\/div>\n\t\t\t\t<div class=\"elementor-element elementor-element-2a3ffa3 elementor-widget elementor-widget-heading\" data-id=\"2a3ffa3\" data-element_type=\"widget\" data-e-type=\"widget\" data-widget_type=\"heading.default\">\n\t\t\t\t<div class=\"elementor-widget-container\">\n\t\t\t\t\t<h3 class=\"elementor-heading-title elementor-size-default\">Permis de conduire retrouv\u00e9<\/h3>\t\t\t\t<\/div>\n\t\t\t\t<\/div>\n\t\t\t\t<div class=\"elementor-element elementor-element-cb838f2 color-scheme-inherit text-left elementor-widget elementor-widget-text-editor\" data-id=\"cb838f2\" data-element_type=\"widget\" data-e-type=\"widget\" data-widget_type=\"text-editor.default\">\n\t\t\t\t<div class=\"elementor-widget-container\">\n\t\t\t\t\t\t\t\t\t<p>La police peut d\u00e9cider de confisquer votre permis de conduire si votre comportement pr\u00e9sente des risques graves pour la s\u00e9curit\u00e9 routi\u00e8re. Nous avons \u00e9num\u00e9r\u00e9 ci-dessous quelques-unes des situations dans lesquelles votre permis de conduire peut \u00eatre confisqu\u00e9, entre autres.<\/p><ul><li><strong>Teneur en alcool :<\/strong> Si votre taux d'alcool\u00e9mie d\u00e9passe 1,3 promille.  Il existe une limite inf\u00e9rieure de 0,8 promille pour les conducteurs novices.<\/li><li><strong>Refus de l'alcootest et de la prise de sang :<\/strong> Si vous refusez de coop\u00e9rer \u00e0 un test d'alcool\u00e9mie, tel qu'un alcootest ou une prise de sang.<\/li><li><strong>Conduite dangereuse :<\/strong> Pour un comportement de conduite dangereux qui met en p\u00e9ril la s\u00e9curit\u00e9 routi\u00e8re.<\/li><li><strong>Violation de la limite de vitesse :<\/strong> Si vous d\u00e9passez de 50 kilom\u00e8tres par heure ou plus la limite de vitesse applicable. Pour les cyclomoteurs, il s'agit d'un exc\u00e8s de vitesse de 30 kilom\u00e8tres par heure ou plus.<\/li><li><a href=\"https:\/\/www.derbedrosian.nl\/fr\/juridictions\/droit-penal\/crimes\/drogues\/\"><strong>Consommation de drogues :<\/strong> <\/a>Si vous conduisez sous l'influence de drogues et d\u00e9passez les limites fix\u00e9es \u00e0 50 microgrammes d'amph\u00e9tamine, 3 microgrammes de cannabis, 20 microgrammes de morphine ou 10 milligrammes de GHB.<\/li><\/ul><p>Il est essentiel de comprendre ces situations pour \u00e9viter de se voir retirer son permis de conduire et pour prendre rapidement les mesures qui s'imposent si cela se produit. <a title=\"cabinet d&#039;avocats der bedrosian\" href=\"https:\/\/www.derbedrosian.nl\/fr\/avocats\/\">Nos avocats<\/a> sp\u00e9cialis\u00e9s dans le droit p\u00e9nal de la circulation sont pr\u00eats \u00e0 vous offrir une assistance juridique suppl\u00e9mentaire.<\/p>\t\t\t\t\t\t\t\t<\/div>\n\t\t\t\t<\/div>\n\t\t\t\t<div class=\"elementor-element elementor-element-3c60cd3 elementor-widget elementor-widget-spacer\" data-id=\"3c60cd3\" data-element_type=\"widget\" data-e-type=\"widget\" data-widget_type=\"spacer.default\">\n\t\t\t\t<div class=\"elementor-widget-container\">\n\t\t\t\t\t\t\t<div class=\"elementor-spacer\">\n\t\t\t<div class=\"elementor-spacer-inner\"><\/div>\n\t\t<\/div>\n\t\t\t\t\t\t<\/div>\n\t\t\t\t<\/div>\n\t\t\t\t<div class=\"elementor-element elementor-element-11c6f26 elementor-widget elementor-widget-heading\" data-id=\"11c6f26\" data-element_type=\"widget\" data-e-type=\"widget\" data-widget_type=\"heading.default\">\n\t\t\t\t<div class=\"elementor-widget-container\">\n\t\t\t\t\t<h3 class=\"elementor-heading-title elementor-size-default\">Perte du permis de conduire<\/h3>\t\t\t\t<\/div>\n\t\t\t\t<\/div>\n\t\t\t\t<div class=\"elementor-element elementor-element-6838551 color-scheme-inherit text-left elementor-widget elementor-widget-text-editor\" data-id=\"6838551\" data-element_type=\"widget\" data-e-type=\"widget\" data-widget_type=\"text-editor.default\">\n\t\t\t\t<div class=\"elementor-widget-container\">\n\t\t\t\t\t\t\t\t\t<p>Si vous avez perdu votre permis de conduire ou si on vous l'a vol\u00e9, vous devez contacter la municipalit\u00e9 pour en obtenir un nouveau. Il n'est pas n\u00e9cessaire de faire une d\u00e9claration \u00e0 la police, mais il peut s'\u00e9couler quelques jours ouvrables avant que vous ne receviez votre nouveau permis de conduire.<\/p><p>Il est important de ne pas conduire sans permis de conduire valide, sous peine d'amende si la police vous arr\u00eate.<\/p><ul><li><strong>Le permis de conduire n'est pas sur vous :<\/strong> Si vous avez un permis de conduire mais que vous ne l'avez pas sur vous lorsque vous conduisez, vous risquez une amende de 100 euros.<\/li><li><strong>Pas de permis de conduire :<\/strong> La conduite d'un v\u00e9hicule sans permis de conduire valide peut entra\u00eener de lourdes amendes, voire une peine d'emprisonnement en cas de r\u00e9cidive.<\/li><\/ul>\t\t\t\t\t\t\t\t<\/div>\n\t\t\t\t<\/div>\n\t\t\t\t<div class=\"elementor-element elementor-element-442d3a1 elementor-widget elementor-widget-spacer\" data-id=\"442d3a1\" data-element_type=\"widget\" data-e-type=\"widget\" data-widget_type=\"spacer.default\">\n\t\t\t\t<div class=\"elementor-widget-container\">\n\t\t\t\t\t\t\t<div class=\"elementor-spacer\">\n\t\t\t<div class=\"elementor-spacer-inner\"><\/div>\n\t\t<\/div>\n\t\t\t\t\t\t<\/div>\n\t\t\t\t<\/div>\n\t\t\t\t<div class=\"elementor-element elementor-element-b038cac elementor-widget elementor-widget-heading\" data-id=\"b038cac\" data-element_type=\"widget\" data-e-type=\"widget\" data-widget_type=\"heading.default\">\n\t\t\t\t<div class=\"elementor-widget-container\">\n\t\t\t\t\t<h3 class=\"elementor-heading-title elementor-size-default\">Accidents de la route<\/h3>\t\t\t\t<\/div>\n\t\t\t\t<\/div>\n\t\t\t\t<div class=\"elementor-element elementor-element-71a5165 color-scheme-inherit text-left elementor-widget elementor-widget-text-editor\" data-id=\"71a5165\" data-element_type=\"widget\" data-e-type=\"widget\" data-widget_type=\"text-editor.default\">\n\t\t\t\t<div class=\"elementor-widget-container\">\n\t\t\t\t\t\t\t\t\t<p>Lorsqu'un accident de la route blesse ou tue quelqu'un, la police ouvre une enqu\u00eate criminelle pour d\u00e9terminer la culpabilit\u00e9. Si vous \u00eates convoqu\u00e9 pour \u00eatre interrog\u00e9 en tant que suspect, il est judicieux de faire appel \u00e0 l'expertise d'un avocat sp\u00e9cialis\u00e9 en droit p\u00e9nal afin de prot\u00e9ger vos droits.<\/p><p>Dans certains cas, comme les collisions par l'arri\u00e8re, le conducteur qui vous suit peut \u00eatre tenu pour responsable des blessures subies. Si vous avez subi des blessures telles que le coup du lapin, vous avez souvent droit \u00e0 une indemnisation.<\/p><p>Un accident de la route implique souvent une collision entre des voitures, des cyclistes ou des pi\u00e9tons. Cela peut \u00eatre tr\u00e8s grave pour les personnes impliqu\u00e9es dans l'accident. Si une personne est bless\u00e9e, il est judicieux d'appeler la police. Elle examinera alors ce qui s'est pass\u00e9 exactement et si des personnes ont \u00e9t\u00e9 t\u00e9moins de l'accident. Pour que l'accident soit trait\u00e9 correctement, il est important de raconter clairement ce qui s'est pass\u00e9.<\/p>\t\t\t\t\t\t\t\t<\/div>\n\t\t\t\t<\/div>\n\t\t\t\t<div class=\"elementor-element elementor-element-1d2cd80 elementor-widget elementor-widget-heading\" data-id=\"1d2cd80\" data-element_type=\"widget\" data-e-type=\"widget\" data-widget_type=\"heading.default\">\n\t\t\t\t<div class=\"elementor-widget-container\">\n\t\t\t\t\t<h3 class=\"elementor-heading-title elementor-size-default\">Permis de conduire pour l'audition<\/h3>\t\t\t\t<\/div>\n\t\t\t\t<\/div>\n\t\t\t\t<div class=\"elementor-element elementor-element-a74ba2d elementor-widget elementor-widget-spacer\" data-id=\"a74ba2d\" data-element_type=\"widget\" data-e-type=\"widget\" data-widget_type=\"spacer.default\">\n\t\t\t\t<div class=\"elementor-widget-container\">\n\t\t\t\t\t\t\t<div class=\"elementor-spacer\">\n\t\t\t<div class=\"elementor-spacer-inner\"><\/div>\n\t\t<\/div>\n\t\t\t\t\t\t<\/div>\n\t\t\t\t<\/div>\n\t\t\t\t<div class=\"elementor-element elementor-element-4506c69 color-scheme-inherit text-left elementor-widget elementor-widget-text-editor\" data-id=\"4506c69\" data-element_type=\"widget\" data-e-type=\"widget\" data-widget_type=\"text-editor.default\">\n\t\t\t\t<div class=\"elementor-widget-container\">\n\t\t\t\t\t\t\t\t\t<p>Si une personne est reconnue coupable d'une infraction grave au code de la route, elle peut se voir retirer temporairement le droit de conduire une voiture. Cette mesure est \u00e9galement connue sous le nom de \"d\u00e9ch\u00e9ance du droit de conduire\". Il est important de savoir que cette d\u00e9cision peut \u00eatre prise non seulement par un juge, mais aussi par un procureur, de mani\u00e8re ind\u00e9pendante, sans l'autorisation d'un juge. Dans ce cas, vous recevrez une invitation \u00e0 un entretien avec le minist\u00e8re public (OM). Il est tr\u00e8s important de demander conseil \u00e0 un avocat p\u00e9naliste avant de participer \u00e0 cet entretien.<\/p><p>M\u00eame si vous avez re\u00e7u une lettre indiquant que vous devez vous pr\u00e9senter au tribunal, il est judicieux de prendre contact avec un avocat d\u00e8s que possible. Celui-ci pourra ainsi v\u00e9rifier s'il existe des circonstances particuli\u00e8res susceptibles d'avoir une incidence sur votre dossier.<\/p>\t\t\t\t\t\t\t\t<\/div>\n\t\t\t\t<\/div>\n\t\t\t\t<div class=\"elementor-element elementor-element-e5f5271 elementor-widget elementor-widget-spacer\" data-id=\"e5f5271\" data-element_type=\"widget\" data-e-type=\"widget\" data-widget_type=\"spacer.default\">\n\t\t\t\t<div class=\"elementor-widget-container\">\n\t\t\t\t\t\t\t<div class=\"elementor-spacer\">\n\t\t\t<div class=\"elementor-spacer-inner\"><\/div>\n\t\t<\/div>\n\t\t\t\t\t\t<\/div>\n\t\t\t\t<\/div>\n\t\t\t\t<div class=\"elementor-element elementor-element-2700f94 elementor-widget elementor-widget-heading\" data-id=\"2700f94\" data-element_type=\"widget\" data-e-type=\"widget\" data-widget_type=\"heading.default\">\n\t\t\t\t<div class=\"elementor-widget-container\">\n\t\t\t\t\t<h3 class=\"elementor-heading-title elementor-size-default\">Avocat sp\u00e9cialis\u00e9 en droit p\u00e9nal de la circulation<\/h3>\t\t\t\t<\/div>\n\t\t\t\t<\/div>\n\t\t\t\t<div class=\"elementor-element elementor-element-1dd257a color-scheme-inherit text-left elementor-widget elementor-widget-text-editor\" data-id=\"1dd257a\" data-element_type=\"widget\" data-e-type=\"widget\" data-widget_type=\"text-editor.default\">\n\t\t\t\t<div class=\"elementor-widget-container\">\n\t\t\t\t\t\t\t\t\t<p>Il est donc recommand\u00e9 de pr\u00e9senter votre cas \u00e0 un avocat qui pourra vous aider dans votre d\u00e9fense et d\u00e9terminer les \u00e9tapes suivantes. Que vous ayez subi un dommage corporel ou que vous rencontriez d'autres probl\u00e8mes juridiques, n'h\u00e9sitez pas \u00e0 prendre contact avec un avocat pour obtenir des conseils et une assistance.<\/p><p>Notre <a href=\"https:\/\/www.derbedrosian.nl\/fr\/avocats\/\">avocats sp\u00e9cialis\u00e9s<\/a> Les avocats du cabinet Der Bedrosian ont des ann\u00e9es d'exp\u00e9rience en droit p\u00e9nal et utiliseront leurs connaissances pour obtenir le meilleur r\u00e9sultat pour vous.m Lorsque vous vous sentez libre de nous contacter, nos avocats prendront des mesures pour r\u00e9cup\u00e9rer votre permis de conduire.<\/p>\t\t\t\t\t\t\t\t<\/div>\n\t\t\t\t<\/div>\n\t\t\t\t\t<\/div>\n\t\t\t\t<\/div>\n\t\t\t\t<\/div>","protected":false},"excerpt":{"rendered":"<p>avocat sp\u00e9cialis\u00e9 en droit p\u00e9nal routier permis de conduire confisqu\u00e9 droit de conduire retir\u00e9 conduite sous influence audience de r\u00e9vision droit de conduire accidents de la route blessures avocat p\u00e9naliste Overijssel avocat p\u00e9naliste<\/p>","protected":false},"author":1,"featured_media":0,"parent":10047,"menu_order":0,"comment_status":"closed","ping_status":"closed","template":"","meta":{"footnotes":""},"class_list":["post-10862","page","type-page","status-publish","hentry"],"_links":{"self":[{"href":"https:\/\/www.derbedrosian.nl\/fr\/wp-json\/wp\/v2\/pages\/10862","targetHints":{"allow":["GET"]}}],"collection":[{"href":"https:\/\/www.derbedrosian.nl\/fr\/wp-json\/wp\/v2\/pages"}],"about":[{"href":"https:\/\/www.derbedrosian.nl\/fr\/wp-json\/wp\/v2\/types\/page"}],"author":[{"embeddable":true,"href":"https:\/\/www.derbedrosian.nl\/fr\/wp-json\/wp\/v2\/users\/1"}],"replies":[{"embeddable":true,"href":"https:\/\/www.derbedrosian.nl\/fr\/wp-json\/wp\/v2\/comments?post=10862"}],"version-history":[{"count":0,"href":"https:\/\/www.derbedrosian.nl\/fr\/wp-json\/wp\/v2\/pages\/10862\/revisions"}],"up":[{"embeddable":true,"href":"https:\/\/www.derbedrosian.nl\/fr\/wp-json\/wp\/v2\/pages\/10047"}],"wp:attachment":[{"href":"https:\/\/www.derbedrosian.nl\/fr\/wp-json\/wp\/v2\/media?parent=10862"}],"curies":[{"name":"wp","href":"https:\/\/api.w.org\/{rel}","templated":true}]}}