{"id":10852,"date":"2023-05-29T10:08:09","date_gmt":"2023-05-29T08:08:09","guid":{"rendered":"https:\/\/derbedrosian.nl\/?page_id=10852"},"modified":"2025-12-21T15:43:16","modified_gmt":"2025-12-21T13:43:16","slug":"meurtre-et-homicide-involontaire","status":"publish","type":"page","link":"https:\/\/www.derbedrosian.nl\/fr\/rechtsgebieden\/strafrecht\/moord-en-doodslag\/","title":{"rendered":"Meurtre et homicide involontaire"},"content":{"rendered":"<div data-elementor-type=\"wp-page\" data-elementor-id=\"10852\" class=\"elementor elementor-10852\" data-elementor-post-type=\"page\">\n\t\t\t\t<div class=\"wd-negative-gap elementor-element elementor-element-c53b85e e-flex e-con-boxed e-con e-parent\" data-id=\"c53b85e\" data-element_type=\"container\" data-e-type=\"container\">\n\t\t\t\t\t<div class=\"e-con-inner\">\n\t\t\t\t<div class=\"elementor-element elementor-element-47bada5 elementor-hidden-desktop elementor-hidden-tablet elementor-hidden-mobile elementor-widget elementor-widget-wd_image_or_svg\" data-id=\"47bada5\" data-element_type=\"widget\" data-e-type=\"widget\" id=\"seo-word\" data-widget_type=\"wd_image_or_svg.default\">\n\t\t\t\t<div class=\"elementor-widget-container\">\n\t\t\t\t\t\n\t\t<div class=\"wd-image text-left\">\n\t\t\t\t\t\t\t\t<img loading=\"lazy\" decoding=\"async\" width=\"1000\" height=\"667\" src=\"https:\/\/www.derbedrosian.nl\/wp-content\/uploads\/rechtsgebied-moord.jpg\" class=\"attachment-full size-full\" alt=\"Homicide volontaire et homicide involontaire avocat punissable police suspect\u00e9 de meurtre diff\u00e9rence entre homicide involontaire et meurtre\" srcset=\"https:\/\/www.derbedrosian.nl\/wp-content\/uploads\/rechtsgebied-moord.jpg 1000w, https:\/\/www.derbedrosian.nl\/wp-content\/uploads\/rechtsgebied-moord-400x267.jpg 400w, https:\/\/www.derbedrosian.nl\/wp-content\/uploads\/rechtsgebied-moord-768x512.jpg 768w\" sizes=\"auto, (max-width: 1000px) 100vw, 1000px\" title=\"\">\t\t\t\t\t<\/div>\n\n\t\t\t\t\t\t<\/div>\n\t\t\t\t<\/div>\n\t\t\t\t<div class=\"elementor-element elementor-element-5dc92e6 elementor-hidden-desktop elementor-hidden-tablet elementor-hidden-mobile elementor-widget elementor-widget-heading\" data-id=\"5dc92e6\" data-element_type=\"widget\" data-e-type=\"widget\" id=\"seo-word\" data-widget_type=\"heading.default\">\n\t\t\t\t<div class=\"elementor-widget-container\">\n\t\t\t\t\t<h2 class=\"elementor-heading-title elementor-size-default\">Meurtre punissable<\/h2>\t\t\t\t<\/div>\n\t\t\t\t<\/div>\n\t\t\t\t<div class=\"elementor-element elementor-element-fad19da elementor-hidden-desktop elementor-hidden-tablet elementor-hidden-mobile elementor-widget elementor-widget-heading\" data-id=\"fad19da\" data-element_type=\"widget\" data-e-type=\"widget\" id=\"seo-word\" data-widget_type=\"heading.default\">\n\t\t\t\t<div class=\"elementor-widget-container\">\n\t\t\t\t\t<h5 class=\"elementor-heading-title elementor-size-default\">homicide involontaire et meurtre<\/h5>\t\t\t\t<\/div>\n\t\t\t\t<\/div>\n\t\t\t\t<div class=\"elementor-element elementor-element-79d75e7 elementor-hidden-desktop elementor-hidden-tablet elementor-hidden-mobile elementor-widget elementor-widget-heading\" data-id=\"79d75e7\" data-element_type=\"widget\" data-e-type=\"widget\" id=\"seo-word\" data-widget_type=\"heading.default\">\n\t\t\t\t<div class=\"elementor-widget-container\">\n\t\t\t\t\t<h5 class=\"elementor-heading-title elementor-size-default\">Diff\u00e9rence entre meurtre et homicide involontaire<\/h5>\t\t\t\t<\/div>\n\t\t\t\t<\/div>\n\t\t\t\t<div class=\"elementor-element elementor-element-a0a7e2c elementor-hidden-desktop elementor-hidden-tablet elementor-hidden-mobile elementor-widget elementor-widget-heading\" data-id=\"a0a7e2c\" data-element_type=\"widget\" data-e-type=\"widget\" id=\"seo-word\" data-widget_type=\"heading.default\">\n\t\t\t\t<div class=\"elementor-widget-container\">\n\t\t\t\t\t<h5 class=\"elementor-heading-title elementor-size-default\">avocat meurtre<\/h5>\t\t\t\t<\/div>\n\t\t\t\t<\/div>\n\t\t\t\t<div class=\"elementor-element elementor-element-e2f73cc elementor-hidden-desktop elementor-hidden-tablet elementor-hidden-mobile elementor-widget elementor-widget-heading\" data-id=\"e2f73cc\" data-element_type=\"widget\" data-e-type=\"widget\" id=\"seo-word\" data-widget_type=\"heading.default\">\n\t\t\t\t<div class=\"elementor-widget-container\">\n\t\t\t\t\t<h5 class=\"elementor-heading-title elementor-size-default\">soup\u00e7onn\u00e9 de meurtre<\/h5>\t\t\t\t<\/div>\n\t\t\t\t<\/div>\n\t\t\t\t<div class=\"elementor-element elementor-element-befe722 elementor-hidden-desktop elementor-hidden-tablet elementor-hidden-mobile elementor-widget elementor-widget-heading\" data-id=\"befe722\" data-element_type=\"widget\" data-e-type=\"widget\" id=\"seo-word\" data-widget_type=\"heading.default\">\n\t\t\t\t<div class=\"elementor-widget-container\">\n\t\t\t\t\t<h5 class=\"elementor-heading-title elementor-size-default\">projet de loi sur l'augmentation de la peine maximale l\u00e9gale pour homicide involontaire rapport projet de loi sur l'augmentation de la peine maximale l\u00e9gale pour homicide involontaire rapport projet de loi sur l'augmentation de la peine maximale l\u00e9gale pour homicide involontaire<\/h5>\t\t\t\t<\/div>\n\t\t\t\t<\/div>\n\t\t\t\t<div class=\"elementor-element elementor-element-c148f61 elementor-hidden-desktop elementor-hidden-tablet elementor-hidden-mobile elementor-widget elementor-widget-heading\" data-id=\"c148f61\" data-element_type=\"widget\" data-e-type=\"widget\" id=\"seo-word\" data-widget_type=\"heading.default\">\n\t\t\t\t<div class=\"elementor-widget-container\">\n\t\t\t\t\t<h5 class=\"elementor-heading-title elementor-size-default\">avocat p\u00e9nal enschede<\/h5>\t\t\t\t<\/div>\n\t\t\t\t<\/div>\n\t\t\t\t<div class=\"elementor-element elementor-element-4cce5b0 elementor-hidden-desktop elementor-hidden-tablet elementor-hidden-mobile elementor-widget elementor-widget-heading\" data-id=\"4cce5b0\" data-element_type=\"widget\" data-e-type=\"widget\" id=\"seo-word\" data-widget_type=\"heading.default\">\n\t\t\t\t<div class=\"elementor-widget-container\">\n\t\t\t\t\t<h5 class=\"elementor-heading-title elementor-size-default\">droit p\u00e9nal enschede<\/h5>\t\t\t\t<\/div>\n\t\t\t\t<\/div>\n\t\t\t\t<div class=\"elementor-element elementor-element-815d3d9 elementor-hidden-desktop elementor-hidden-tablet elementor-hidden-mobile elementor-widget elementor-widget-heading\" data-id=\"815d3d9\" data-element_type=\"widget\" data-e-type=\"widget\" id=\"seo-word\" data-widget_type=\"heading.default\">\n\t\t\t\t<div class=\"elementor-widget-container\">\n\t\t\t\t\t<h5 class=\"elementor-heading-title elementor-size-default\">avocat droit p\u00e9nal enschede<\/h5>\t\t\t\t<\/div>\n\t\t\t\t<\/div>\n\t\t\t\t<div class=\"elementor-element elementor-element-0b12c14 elementor-hidden-desktop elementor-hidden-tablet elementor-hidden-mobile elementor-widget elementor-widget-heading\" data-id=\"0b12c14\" data-element_type=\"widget\" data-e-type=\"widget\" id=\"seo-word\" data-widget_type=\"heading.default\">\n\t\t\t\t<div class=\"elementor-widget-container\">\n\t\t\t\t\t<h5 class=\"elementor-heading-title elementor-size-default\">avocat droit p\u00e9nal overijssel<\/h5>\t\t\t\t<\/div>\n\t\t\t\t<\/div>\n\t\t\t\t<div class=\"elementor-element elementor-element-7a9574f elementor-hidden-desktop elementor-hidden-tablet elementor-hidden-mobile elementor-widget elementor-widget-heading\" data-id=\"7a9574f\" data-element_type=\"widget\" data-e-type=\"widget\" id=\"seo-word\" data-widget_type=\"heading.default\">\n\t\t\t\t<div class=\"elementor-widget-container\">\n\t\t\t\t\t<h5 class=\"elementor-heading-title elementor-size-default\">A Enschede et Overijssel, vous trouverez les avocats p\u00e9nalistes exp\u00e9riment\u00e9s de Derbedrosian Criminal Lawyers. Nos avocats \u00e0 Enschede disposent d'une expertise approfondie dans les affaires p\u00e9nales, y compris les affaires graves telles que le meurtre et l'homicide involontaire.\n\nLe meurtre est une infraction p\u00e9nale grave qui entra\u00eene des sanctions s\u00e9v\u00e8res. La diff\u00e9rence entre le meurtre et l'homicide involontaire r\u00e9side dans la nature et l'intention de l'infraction. Le meurtre implique g\u00e9n\u00e9ralement la pr\u00e9m\u00e9ditation, tandis que l'homicide involontaire consiste \u00e0 tuer quelqu'un sans pr\u00e9m\u00e9ditation.\n\nSi vous \u00eates soup\u00e7onn\u00e9 de meurtre, vous vous trouvez dans une situation juridique tr\u00e8s grave. Il est essentiel de demander imm\u00e9diatement l'assistance juridique d'avocats sp\u00e9cialis\u00e9s en droit p\u00e9nal.\n\nNos avocats \u00e0 Enschede comprennent la gravit\u00e9 de cette question et sont disponibles pour vous conseiller et repr\u00e9senter vos int\u00e9r\u00eats dans les affaires p\u00e9nales dans lesquelles vous \u00eates soup\u00e7onn\u00e9 de meurtre. Si vous vous trouvez dans une telle situation, n'h\u00e9sitez pas \u00e0 contacter Derbedrosian Criminal Lawyers pour obtenir une assistance juridique professionnelle.<\/h5>\t\t\t\t<\/div>\n\t\t\t\t<\/div>\n\t\t\t\t<div class=\"elementor-element elementor-element-0795692 color-scheme-inherit text-left elementor-widget elementor-widget-text-editor\" data-id=\"0795692\" data-element_type=\"widget\" data-e-type=\"widget\" data-widget_type=\"text-editor.default\">\n\t\t\t\t<div class=\"elementor-widget-container\">\n\t\t\t\t\t\t\t\t\t<p><strong>Ces infractions, le meurtre et l'homicide involontaire, constituent deux des crimes les plus graves. <a href=\"https:\/\/www.derbedrosian.nl\/fr\/juridictions\/droit-penal\/crimes\/\">crimes <\/a>dans le cadre du droit p\u00e9nal des Pays-Bas. Ces crimes se rapportent \u00e0 des actes intentionnels qui privent quelqu'un de la vie. Bien qu'ils pr\u00e9sentent certaines similitudes, comme le caract\u00e8re intentionnel des actes, il existe des diff\u00e9rences juridiques cruciales qui d\u00e9terminent la condamnation et le traitement juridique de chaque cas.<\/strong><\/p>\t\t\t\t\t\t\t\t<\/div>\n\t\t\t\t<\/div>\n\t\t\t\t<div class=\"elementor-element elementor-element-bcbe6be elementor-widget elementor-widget-spacer\" data-id=\"bcbe6be\" data-element_type=\"widget\" data-e-type=\"widget\" data-widget_type=\"spacer.default\">\n\t\t\t\t<div class=\"elementor-widget-container\">\n\t\t\t\t\t\t\t<div class=\"elementor-spacer\">\n\t\t\t<div class=\"elementor-spacer-inner\"><\/div>\n\t\t<\/div>\n\t\t\t\t\t\t<\/div>\n\t\t\t\t<\/div>\n\t\t\t\t<div class=\"elementor-element elementor-element-88b5f13 elementor-widget elementor-widget-heading\" data-id=\"88b5f13\" data-element_type=\"widget\" data-e-type=\"widget\" data-widget_type=\"heading.default\">\n\t\t\t\t<div class=\"elementor-widget-container\">\n\t\t\t\t\t<h3 class=\"elementor-heading-title elementor-size-default\">Qu'entend-on par meurtre et homicide involontaire ?<\/h3>\t\t\t\t<\/div>\n\t\t\t\t<\/div>\n\t\t\t\t<div class=\"elementor-element elementor-element-c20a272 color-scheme-inherit text-left elementor-widget elementor-widget-text-editor\" data-id=\"c20a272\" data-element_type=\"widget\" data-e-type=\"widget\" data-widget_type=\"text-editor.default\">\n\t\t\t\t<div class=\"elementor-widget-container\">\n\t\t\t\t\t\t\t\t\t<p>Le meurtre et l'homicide involontaire sont des actes d\u00e9lib\u00e9r\u00e9s par lesquels une personne, avec ou sans pr\u00e9m\u00e9ditation, \u00f4te la vie \u00e0 une autre personne. Il s'agit d'un crime grave qui entra\u00eene de lourdes cons\u00e9quences juridiques.<\/p>\t\t\t\t\t\t\t\t<\/div>\n\t\t\t\t<\/div>\n\t\t\t\t<div class=\"elementor-element elementor-element-6b1a5c0 elementor-widget elementor-widget-spacer\" data-id=\"6b1a5c0\" data-element_type=\"widget\" data-e-type=\"widget\" data-widget_type=\"spacer.default\">\n\t\t\t\t<div class=\"elementor-widget-container\">\n\t\t\t\t\t\t\t<div class=\"elementor-spacer\">\n\t\t\t<div class=\"elementor-spacer-inner\"><\/div>\n\t\t<\/div>\n\t\t\t\t\t\t<\/div>\n\t\t\t\t<\/div>\n\t\t\t\t<div class=\"elementor-element elementor-element-3bf495c elementor-widget elementor-widget-heading\" data-id=\"3bf495c\" data-element_type=\"widget\" data-e-type=\"widget\" data-widget_type=\"heading.default\">\n\t\t\t\t<div class=\"elementor-widget-container\">\n\t\t\t\t\t<h3 class=\"elementor-heading-title elementor-size-default\">Quelle est la diff\u00e9rence entre un meurtre et un homicide involontaire ?<\/h3>\t\t\t\t<\/div>\n\t\t\t\t<\/div>\n\t\t\t\t<div class=\"elementor-element elementor-element-09ca8d4 color-scheme-inherit text-left elementor-widget elementor-widget-text-editor\" data-id=\"09ca8d4\" data-element_type=\"widget\" data-e-type=\"widget\" data-widget_type=\"text-editor.default\">\n\t\t\t\t<div class=\"elementor-widget-container\">\n\t\t\t\t\t\t\t\t\t<p>Le meurtre et l'homicide involontaire se ressemblent beaucoup \u00e0 premi\u00e8re vue, mais il existe de nettes diff\u00e9rences. Nous avons \u00e9num\u00e9r\u00e9 ci-dessous les similitudes et les diff\u00e9rences :<\/p><p><strong>Diff\u00e9rences :<\/strong><\/p><ul><li><strong>Pr\u00e9m\u00e9dit\u00e9 :<\/strong>\u00a0Le meurtre n\u00e9cessite une \"pr\u00e9m\u00e9ditation\", ce qui signifie que l'auteur a pens\u00e9 et planifi\u00e9 l'acte \u00e0 l'avance. L'homicide involontaire, en revanche, ne requiert pas cette planification et cette intention pr\u00e9alables.<\/li><li><strong>Nature impulsive :<\/strong>\u00a0l'homicide est impulsif et se produit sans planification pr\u00e9alable, tandis que le meurtre se caract\u00e9rise par une intention consciente de tuer apr\u00e8s r\u00e9flexion pr\u00e9alable.<\/li><li><strong>Classification juridique :<\/strong>\u00a0Le meurtre est d\u00e9crit \u00e0 l'article 289 du code p\u00e9nal, tandis que l'homicide involontaire est d\u00e9crit \u00e0 l'article 287 du m\u00eame code.<\/li><li><strong>P\u00e9nalit\u00e9 :<\/strong>\u00a0En g\u00e9n\u00e9ral, le meurtre donne lieu \u00e0 des peines plus s\u00e9v\u00e8res que l'homicide involontaire, car l'\u00e9l\u00e9ment de pr\u00e9m\u00e9ditation augmente la gravit\u00e9 de l'acte.<\/li><li><strong>Classification possible :<\/strong>\u00a0dans certaines situations, un cas peut \u00eatre initialement consid\u00e9r\u00e9 comme un homicide involontaire, puis \u00eatre requalifi\u00e9 en meurtre si des preuves de pr\u00e9m\u00e9ditation sont d\u00e9couvertes.<\/li><\/ul><p><strong>Accords :\u00a0<\/strong><\/p><ul><li><strong>Actes intentionnels :<\/strong>\u00a0Le meurtre et l'homicide involontaire impliquent des actes intentionnels par lesquels une personne est priv\u00e9e de sa vie.<br \/>Cons\u00e9quences juridiques : Ces deux d\u00e9lits ont de graves cons\u00e9quences juridiques pour le contrevenant, qui peut \u00eatre condamn\u00e9 \u00e0 une peine de prison ou \u00e0 d'autres sanctions en fonction des circonstances sp\u00e9cifiques de l'affaire.<\/li><li><strong>Moralement r\u00e9pr\u00e9hensible :<\/strong> Ces deux actes sont consid\u00e9r\u00e9s comme gravement r\u00e9pr\u00e9hensibles d'un point de vue moral parce qu'ils violent le droit \u00e0 la vie et causent de graves pr\u00e9judices aux individus et \u00e0 la soci\u00e9t\u00e9 dans son ensemble.<\/li><li><strong>Recherche :<\/strong> Le meurtre et l'homicide involontaire donnent lieu \u00e0 des enqu\u00eates visant \u00e0 \u00e9tablir les circonstances de l'acte, \u00e0 rassembler des preuves et \u00e0 d\u00e9terminer la responsabilit\u00e9 de l'auteur.<\/li><\/ul><p>Il convient de noter que les cons\u00e9quences juridiques exactes peuvent varier en fonction des circonstances sp\u00e9cifiques d'un cas.<\/p>\t\t\t\t\t\t\t\t<\/div>\n\t\t\t\t<\/div>\n\t\t\t\t<div class=\"elementor-element elementor-element-9c960ff elementor-widget elementor-widget-spacer\" data-id=\"9c960ff\" data-element_type=\"widget\" data-e-type=\"widget\" data-widget_type=\"spacer.default\">\n\t\t\t\t<div class=\"elementor-widget-container\">\n\t\t\t\t\t\t\t<div class=\"elementor-spacer\">\n\t\t\t<div class=\"elementor-spacer-inner\"><\/div>\n\t\t<\/div>\n\t\t\t\t\t\t<\/div>\n\t\t\t\t<\/div>\n\t\t\t\t<div class=\"elementor-element elementor-element-04535e7 elementor-widget elementor-widget-heading\" data-id=\"04535e7\" data-element_type=\"widget\" data-e-type=\"widget\" data-widget_type=\"heading.default\">\n\t\t\t\t<div class=\"elementor-widget-container\">\n\t\t\t\t\t<h3 class=\"elementor-heading-title elementor-size-default\">Peine pour meurtre et homicide involontaire<\/h3>\t\t\t\t<\/div>\n\t\t\t\t<\/div>\n\t\t\t\t<div class=\"elementor-element elementor-element-028687f color-scheme-inherit text-left elementor-widget elementor-widget-text-editor\" data-id=\"028687f\" data-element_type=\"widget\" data-e-type=\"widget\" data-widget_type=\"text-editor.default\">\n\t\t\t\t<div class=\"elementor-widget-container\">\n\t\t\t\t\t\t\t\t\t<p>Le meurtre et l'homicide involontaire comptent parmi les crimes les plus graves du droit p\u00e9nal et sont passibles de lourdes peines.<\/p>\n<ul>\n<li><strong>Peine maximale la plus \u00e9lev\u00e9e :<\/strong>&nbsp;la peine la plus lourde qui peut \u00eatre impos\u00e9e pour un meurtre est l'emprisonnement \u00e0 vie. Cela signifie que l'auteur de l'infraction peut \u00eatre maintenu en prison pour le reste de sa vie, sans possibilit\u00e9 de lib\u00e9ration conditionnelle.<\/li>\n<li><strong>Peines d'emprisonnement temporaires :<\/strong>&nbsp;Outre l'emprisonnement \u00e0 vie, les juges peuvent \u00e9galement imposer des peines d'emprisonnement temporaires pour meurtre. Ces peines temporaires varient, mais elles peuvent aller jusqu'\u00e0 30 ans, en fonction des circonstances de l'affaire et de l'appr\u00e9ciation du juge.<\/li>\n<li><strong>Consid\u00e9rations juridiques :<\/strong>&nbsp;La question de la peine \u00e0 infliger en cas de meurtre est complexe et d\u00e9pend de plusieurs facteurs. L'accusation r\u00e9clame souvent des peines d'emprisonnement sans sursis en raison de la gravit\u00e9 de l'infraction. N\u00e9anmoins, le juge a le devoir de prendre en compte toutes les circonstances pertinentes lorsqu'il d\u00e9termine la peine finale.<\/li>\n<li><strong>Circonstances de l'affaire :<\/strong>&nbsp;les circonstances de chaque affaire de meurtre peuvent varier consid\u00e9rablement. Les juges doivent prendre en compte des facteurs tels que la gravit\u00e9 du crime, les motivations de l'auteur, son \u00e9ventuel casier judiciaire et l'impact sur la victime et sa famille. Cela signifie que la d\u00e9termination de la peine peut varier d'une affaire \u00e0 l'autre.<\/li>\n<\/ul>\n<p>Dans l'ensemble, le meurtre est une infraction tr\u00e8s grave qui peut entra\u00eener des peines de prison \u00e0 perp\u00e9tuit\u00e9 ou de longues peines d'emprisonnement temporaire, en fonction des circonstances sp\u00e9cifiques et de l'appr\u00e9ciation du juge.<\/p>\t\t\t\t\t\t\t\t<\/div>\n\t\t\t\t<\/div>\n\t\t\t\t<div class=\"elementor-element elementor-element-4faa75b elementor-widget elementor-widget-spacer\" data-id=\"4faa75b\" data-element_type=\"widget\" data-e-type=\"widget\" data-widget_type=\"spacer.default\">\n\t\t\t\t<div class=\"elementor-widget-container\">\n\t\t\t\t\t\t\t<div class=\"elementor-spacer\">\n\t\t\t<div class=\"elementor-spacer-inner\"><\/div>\n\t\t<\/div>\n\t\t\t\t\t\t<\/div>\n\t\t\t\t<\/div>\n\t\t\t\t<div class=\"elementor-element elementor-element-a623a4a elementor-widget elementor-widget-heading\" data-id=\"a623a4a\" data-element_type=\"widget\" data-e-type=\"widget\" data-widget_type=\"heading.default\">\n\t\t\t\t<div class=\"elementor-widget-container\">\n\t\t\t\t\t<h3 class=\"elementor-heading-title elementor-size-default\">Homicide involontaire qualifi\u00e9 <\/h3>\t\t\t\t<\/div>\n\t\t\t\t<\/div>\n\t\t\t\t<div class=\"elementor-element elementor-element-340e0f8 color-scheme-inherit text-left elementor-widget elementor-widget-text-editor\" data-id=\"340e0f8\" data-element_type=\"widget\" data-e-type=\"widget\" data-widget_type=\"text-editor.default\">\n\t\t\t\t<div class=\"elementor-widget-container\">\n\t\t\t\t\t\t\t\t\t<p>L'homicide qualifi\u00e9 est une infraction l\u00e9gale aux Pays-Bas, d\u00e9crite \u00e0 l'article 288 du code p\u00e9nal. Il se distingue de l'homicide involontaire ordinaire par le fait qu'il a lieu dans le cadre de l'ex\u00e9cution d'une autre infraction p\u00e9nale. On parle d'homicide qualifi\u00e9 lorsque l'auteur, avant, pendant ou apr\u00e8s la commission d'un autre crime, prive d\u00e9lib\u00e9r\u00e9ment quelqu'un de sa vie pour faciliter, pr\u00e9parer ou minimiser les chances d'ex\u00e9cution de ce crime.<\/p><p>Aux Pays-Bas, l'homicide involontaire qualifi\u00e9 est puni plus s\u00e9v\u00e8rement que l'homicide involontaire ordinaire. Cette peine s'\u00e9l\u00e8ve \u00e0 30 ans d'emprisonnement. Cette peine plus s\u00e9v\u00e8re <span style=\"color: var(--wd-text-color); font-size: 17.6px; letter-spacing: var( --e-global-typography-text-letter-spacing ); text-transform: var( --e-global-typography-text-text-transform ); word-spacing: var( --e-global-typography-text-word-spacing );\">\u00a0montre bien la gravit\u00e9 du crime et le danger qu'il repr\u00e9sente pour la soci\u00e9t\u00e9. Le syst\u00e8me de justice p\u00e9nale vise \u00e0 la fois \u00e0 punir l'auteur de l'infraction et \u00e0 prot\u00e9ger la soci\u00e9t\u00e9 contre des crimes aussi graves.<\/span><\/p>\t\t\t\t\t\t\t\t<\/div>\n\t\t\t\t<\/div>\n\t\t\t\t<div class=\"elementor-element elementor-element-ae2dd1e elementor-widget elementor-widget-spacer\" data-id=\"ae2dd1e\" data-element_type=\"widget\" data-e-type=\"widget\" data-widget_type=\"spacer.default\">\n\t\t\t\t<div class=\"elementor-widget-container\">\n\t\t\t\t\t\t\t<div class=\"elementor-spacer\">\n\t\t\t<div class=\"elementor-spacer-inner\"><\/div>\n\t\t<\/div>\n\t\t\t\t\t\t<\/div>\n\t\t\t\t<\/div>\n\t\t\t\t<div class=\"elementor-element elementor-element-a640262 elementor-widget elementor-widget-heading\" data-id=\"a640262\" data-element_type=\"widget\" data-e-type=\"widget\" data-widget_type=\"heading.default\">\n\t\t\t\t<div class=\"elementor-widget-container\">\n\t\t\t\t\t<h3 class=\"elementor-heading-title elementor-size-default\">Avocat sp\u00e9cialis\u00e9 dans les affaires de meurtre et d'homicide involontaire<\/h3>\t\t\t\t<\/div>\n\t\t\t\t<\/div>\n\t\t\t\t<div class=\"elementor-element elementor-element-4725b5d color-scheme-inherit text-left elementor-widget elementor-widget-text-editor\" data-id=\"4725b5d\" data-element_type=\"widget\" data-e-type=\"widget\" data-widget_type=\"text-editor.default\">\n\t\t\t\t<div class=\"elementor-widget-container\">\n\t\t\t\t\t\t\t\t\t<p>Le fait d'\u00eatre soup\u00e7onn\u00e9 ne signifie pas que l'on est coupable. Dans le syst\u00e8me juridique n\u00e9erlandais, le principe \"innocent jusqu'\u00e0 preuve du contraire\" s'applique. Si vous \u00eates soup\u00e7onn\u00e9 de meurtre ou d'homicide involontaire, il est essentiel de prendre certaines mesures importantes pour prot\u00e9ger vos droits et traiter votre affaire de mani\u00e8re appropri\u00e9e.<\/p><p>En utilisant l'un des <a href=\"https:\/\/www.derbedrosian.nl\/fr\/avocats\/\">nos avocats sp\u00e9cialis\u00e9s<\/a> En nous contactant, vous augmentez vos chances d'obtenir un proc\u00e8s \u00e9quitable et de prouver votre innocence si c'est le cas. N'h\u00e9sitez donc pas \u00e0 nous contacter pour obtenir une aide juridique suppl\u00e9mentaire.<\/p>\t\t\t\t\t\t\t\t<\/div>\n\t\t\t\t<\/div>\n\t\t\t\t\t<\/div>\n\t\t\t\t<\/div>\n\t\t\t\t<\/div>","protected":false},"excerpt":{"rendered":"<p>Meurtre, homicide volontaire et meurtre Diff\u00e9rence entre meurtre et homicide volontaire Avocat sp\u00e9cialis\u00e9 dans les affaires de meurtre Suspect\u00e9 de meurtre Proposition de loi visant \u00e0 augmenter la peine maximale pour homicide volontaire Rapport<\/p>","protected":false},"author":1,"featured_media":0,"parent":10047,"menu_order":4,"comment_status":"closed","ping_status":"closed","template":"","meta":{"footnotes":""},"class_list":["post-10852","page","type-page","status-publish","hentry"],"_links":{"self":[{"href":"https:\/\/www.derbedrosian.nl\/fr\/wp-json\/wp\/v2\/pages\/10852","targetHints":{"allow":["GET"]}}],"collection":[{"href":"https:\/\/www.derbedrosian.nl\/fr\/wp-json\/wp\/v2\/pages"}],"about":[{"href":"https:\/\/www.derbedrosian.nl\/fr\/wp-json\/wp\/v2\/types\/page"}],"author":[{"embeddable":true,"href":"https:\/\/www.derbedrosian.nl\/fr\/wp-json\/wp\/v2\/users\/1"}],"replies":[{"embeddable":true,"href":"https:\/\/www.derbedrosian.nl\/fr\/wp-json\/wp\/v2\/comments?post=10852"}],"version-history":[{"count":0,"href":"https:\/\/www.derbedrosian.nl\/fr\/wp-json\/wp\/v2\/pages\/10852\/revisions"}],"up":[{"embeddable":true,"href":"https:\/\/www.derbedrosian.nl\/fr\/wp-json\/wp\/v2\/pages\/10047"}],"wp:attachment":[{"href":"https:\/\/www.derbedrosian.nl\/fr\/wp-json\/wp\/v2\/media?parent=10852"}],"curies":[{"name":"wp","href":"https:\/\/api.w.org\/{rel}","templated":true}]}}