{"id":10841,"date":"2023-05-29T10:03:27","date_gmt":"2023-05-29T08:03:27","guid":{"rendered":"https:\/\/derbedrosian.nl\/?page_id=10841"},"modified":"2025-12-20T18:22:19","modified_gmt":"2025-12-20T16:22:19","slug":"parjure","status":"publish","type":"page","link":"https:\/\/www.derbedrosian.nl\/fr\/rechtsgebieden\/strafrecht\/meineed\/","title":{"rendered":"Parjure"},"content":{"rendered":"<div data-elementor-type=\"wp-page\" data-elementor-id=\"10841\" class=\"elementor elementor-10841\" data-elementor-post-type=\"page\">\n\t\t\t\t<div class=\"wd-negative-gap elementor-element elementor-element-651a0a4 e-flex e-con-boxed e-con e-parent\" data-id=\"651a0a4\" data-element_type=\"container\" data-e-type=\"container\">\n\t\t\t\t\t<div class=\"e-con-inner\">\n\t\t\t\t<div class=\"elementor-element elementor-element-0ca4073 elementor-hidden-desktop elementor-hidden-tablet elementor-hidden-mobile elementor-widget elementor-widget-wd_image_or_svg\" data-id=\"0ca4073\" data-element_type=\"widget\" data-e-type=\"widget\" id=\"seo-word\" data-widget_type=\"wd_image_or_svg.default\">\n\t\t\t\t<div class=\"elementor-widget-container\">\n\t\t\t\t\t\n\t\t<div class=\"wd-image text-left\">\n\t\t\t\t\t\t\t\t<img loading=\"lazy\" decoding=\"async\" width=\"1000\" height=\"700\" src=\"https:\/\/www.derbedrosian.nl\/wp-content\/uploads\/rechtsgebieden-meineed.jpg\" class=\"attachment-full size-full\" alt=\"parjure peine commettre article droit p\u00e9nal avocat crime\" srcset=\"https:\/\/www.derbedrosian.nl\/wp-content\/uploads\/rechtsgebieden-meineed.jpg 1000w, https:\/\/www.derbedrosian.nl\/wp-content\/uploads\/rechtsgebieden-meineed-400x280.jpg 400w, https:\/\/www.derbedrosian.nl\/wp-content\/uploads\/rechtsgebieden-meineed-768x538.jpg 768w\" sizes=\"auto, (max-width: 1000px) 100vw, 1000px\" title=\"\">\t\t\t\t\t<\/div>\n\n\t\t\t\t\t\t<\/div>\n\t\t\t\t<\/div>\n\t\t\t\t<div class=\"elementor-element elementor-element-7920906 elementor-hidden-desktop elementor-hidden-tablet elementor-hidden-mobile elementor-widget elementor-widget-heading\" data-id=\"7920906\" data-element_type=\"widget\" data-e-type=\"widget\" id=\"seo-word\" data-widget_type=\"heading.default\">\n\t\t\t\t<div class=\"elementor-widget-container\">\n\t\t\t\t\t<h2 class=\"elementor-heading-title elementor-size-default\">parjure qu'est-ce que c'est<\/h2>\t\t\t\t<\/div>\n\t\t\t\t<\/div>\n\t\t\t\t<div class=\"elementor-element elementor-element-c709174 elementor-hidden-desktop elementor-hidden-tablet elementor-hidden-mobile elementor-widget elementor-widget-heading\" data-id=\"c709174\" data-element_type=\"widget\" data-e-type=\"widget\" id=\"seo-word\" data-widget_type=\"heading.default\">\n\t\t\t\t<div class=\"elementor-widget-container\">\n\t\t\t\t\t<h5 class=\"elementor-heading-title elementor-size-default\">le parjure est punissable<\/h5>\t\t\t\t<\/div>\n\t\t\t\t<\/div>\n\t\t\t\t<div class=\"elementor-element elementor-element-56aea83 elementor-hidden-desktop elementor-hidden-tablet elementor-hidden-mobile elementor-widget elementor-widget-heading\" data-id=\"56aea83\" data-element_type=\"widget\" data-e-type=\"widget\" id=\"seo-word\" data-widget_type=\"heading.default\">\n\t\t\t\t<div class=\"elementor-widget-container\">\n\t\t\t\t\t<h5 class=\"elementor-heading-title elementor-size-default\">Avocat sp\u00e9cialiste du parjure<\/h5>\t\t\t\t<\/div>\n\t\t\t\t<\/div>\n\t\t\t\t<div class=\"elementor-element elementor-element-2c2cd33 elementor-hidden-desktop elementor-hidden-tablet elementor-hidden-mobile elementor-widget elementor-widget-heading\" data-id=\"2c2cd33\" data-element_type=\"widget\" data-e-type=\"widget\" id=\"seo-word\" data-widget_type=\"heading.default\">\n\t\t\t\t<div class=\"elementor-widget-container\">\n\t\t\t\t\t<h5 class=\"elementor-heading-title elementor-size-default\">Peine pour parjure<\/h5>\t\t\t\t<\/div>\n\t\t\t\t<\/div>\n\t\t\t\t<div class=\"elementor-element elementor-element-d1dcecf elementor-hidden-desktop elementor-hidden-tablet elementor-hidden-mobile elementor-widget elementor-widget-heading\" data-id=\"d1dcecf\" data-element_type=\"widget\" data-e-type=\"widget\" id=\"seo-word\" data-widget_type=\"heading.default\">\n\t\t\t\t<div class=\"elementor-widget-container\">\n\t\t\t\t\t<h5 class=\"elementor-heading-title elementor-size-default\">se parjurer<\/h5>\t\t\t\t<\/div>\n\t\t\t\t<\/div>\n\t\t\t\t<div class=\"elementor-element elementor-element-f52e98d elementor-hidden-desktop elementor-hidden-tablet elementor-hidden-mobile elementor-widget elementor-widget-heading\" data-id=\"f52e98d\" data-element_type=\"widget\" data-e-type=\"widget\" id=\"seo-word\" data-widget_type=\"heading.default\">\n\t\t\t\t<div class=\"elementor-widget-container\">\n\t\t\t\t\t<h5 class=\"elementor-heading-title elementor-size-default\">preuves de parjure<\/h5>\t\t\t\t<\/div>\n\t\t\t\t<\/div>\n\t\t\t\t<div class=\"elementor-element elementor-element-38364df elementor-hidden-desktop elementor-hidden-tablet elementor-hidden-mobile elementor-widget elementor-widget-heading\" data-id=\"38364df\" data-element_type=\"widget\" data-e-type=\"widget\" id=\"seo-word\" data-widget_type=\"heading.default\">\n\t\t\t\t<div class=\"elementor-widget-container\">\n\t\t\t\t\t<h5 class=\"elementor-heading-title elementor-size-default\">droit de garder le silence parjure<\/h5>\t\t\t\t<\/div>\n\t\t\t\t<\/div>\n\t\t\t\t<div class=\"elementor-element elementor-element-99a5c98 elementor-hidden-desktop elementor-hidden-tablet elementor-hidden-mobile elementor-widget elementor-widget-heading\" data-id=\"99a5c98\" data-element_type=\"widget\" data-e-type=\"widget\" id=\"seo-word\" data-widget_type=\"heading.default\">\n\t\t\t\t<div class=\"elementor-widget-container\">\n\t\t\t\t\t<h5 class=\"elementor-heading-title elementor-size-default\">avocat p\u00e9nal enschede<\/h5>\t\t\t\t<\/div>\n\t\t\t\t<\/div>\n\t\t\t\t<div class=\"elementor-element elementor-element-dcac325 elementor-hidden-desktop elementor-hidden-tablet elementor-hidden-mobile elementor-widget elementor-widget-heading\" data-id=\"dcac325\" data-element_type=\"widget\" data-e-type=\"widget\" id=\"seo-word\" data-widget_type=\"heading.default\">\n\t\t\t\t<div class=\"elementor-widget-container\">\n\t\t\t\t\t<h5 class=\"elementor-heading-title elementor-size-default\">avocat droit p\u00e9nal enschede<\/h5>\t\t\t\t<\/div>\n\t\t\t\t<\/div>\n\t\t\t\t<div class=\"elementor-element elementor-element-a0e7b45 elementor-hidden-desktop elementor-hidden-tablet elementor-hidden-mobile elementor-widget elementor-widget-heading\" data-id=\"a0e7b45\" data-element_type=\"widget\" data-e-type=\"widget\" id=\"seo-word\" data-widget_type=\"heading.default\">\n\t\t\t\t<div class=\"elementor-widget-container\">\n\t\t\t\t\t<h5 class=\"elementor-heading-title elementor-size-default\">avocat droit p\u00e9nal overijssel<\/h5>\t\t\t\t<\/div>\n\t\t\t\t<\/div>\n\t\t\t\t<div class=\"elementor-element elementor-element-a9d3254 elementor-hidden-desktop elementor-hidden-tablet elementor-hidden-mobile elementor-widget elementor-widget-heading\" data-id=\"a9d3254\" data-element_type=\"widget\" data-e-type=\"widget\" id=\"seo-word\" data-widget_type=\"heading.default\">\n\t\t\t\t<div class=\"elementor-widget-container\">\n\t\t\t\t\t<h5 class=\"elementor-heading-title elementor-size-default\">a commis un parjure conseil juridique a d\u00e9lib\u00e9r\u00e9ment fait une fausse d\u00e9claration que l'accus\u00e9 a faite sous serment<\/h5>\t\t\t\t<\/div>\n\t\t\t\t<\/div>\n\t\t\t\t<div class=\"elementor-element elementor-element-7507472 elementor-hidden-desktop elementor-hidden-tablet elementor-hidden-mobile elementor-widget elementor-widget-heading\" data-id=\"7507472\" data-element_type=\"widget\" data-e-type=\"widget\" id=\"seo-word\" data-widget_type=\"heading.default\">\n\t\t\t\t<div class=\"elementor-widget-container\">\n\t\t\t\t\t<h5 class=\"elementor-heading-title elementor-size-default\">A Enschede, les avocats p\u00e9nalistes de Derbedrosian Criminal Lawyers offrent une assistance juridique experte. Si vous \u00eates impliqu\u00e9 dans une affaire judiciaire \u00e0 Enschede, il est conseill\u00e9 de faire appel \u00e0 un avocat exp\u00e9riment\u00e9, en particulier dans les affaires p\u00e9nales.\n\nUn aspect important des affaires p\u00e9nales est le droit de garder le silence. Le droit au silence signifie qu'un d\u00e9fendeur a le droit de garder le silence et ne peut \u00eatre contraint de faire une d\u00e9claration qui peut \u00eatre utilis\u00e9e contre lui. Le parjure, quant \u00e0 lui, consiste \u00e0 faire d\u00e9lib\u00e9r\u00e9ment une fausse d\u00e9claration sous serment. Le parjure est punissable et peut avoir de graves cons\u00e9quences juridiques.\n\nSi vous avez besoin d'un avis juridique concernant le parjure ou d'autres questions p\u00e9nales, vous pouvez faire confiance aux avocats d'Overijssel du cabinet Derbedrosian Criminal Lawyers. Nos avocats \u00e0 Enschede vous assisteront et vous fourniront les conseils appropri\u00e9s pour prot\u00e9ger vos droits et d\u00e9terminer le meilleur plan d'action pour votre situation.<\/h5>\t\t\t\t<\/div>\n\t\t\t\t<\/div>\n\t\t\t\t<div class=\"elementor-element elementor-element-6fe5149 color-scheme-inherit text-left elementor-widget elementor-widget-text-editor\" data-id=\"6fe5149\" data-element_type=\"widget\" data-e-type=\"widget\" data-widget_type=\"text-editor.default\">\n\t\t\t\t<div class=\"elementor-widget-container\">\n\t\t\t\t\t\t\t\t\t<p><strong>Le parjure joue un r\u00f4le tr\u00e8s n\u00e9gatif dans un proc\u00e8s p\u00e9nal. La v\u00e9rit\u00e9 rev\u00eat une grande importance au tribunal. C'est elle qui d\u00e9termine le cours d'une affaire p\u00e9nale. Mais que se passe-t-il lorsque quelqu'un d\u00e9forme d\u00e9lib\u00e9r\u00e9ment cette v\u00e9rit\u00e9 ? Dans cet article, nous approfondissons la notion de parjure, examinons les sanctions pr\u00e9vues par la loi et montrons les dommages qu'il peut causer \u00e0 une personne ou \u00e0 une entreprise.\u00a0<\/strong><\/p>\t\t\t\t\t\t\t\t<\/div>\n\t\t\t\t<\/div>\n\t\t\t\t<div class=\"elementor-element elementor-element-fed21e1 elementor-widget elementor-widget-spacer\" data-id=\"fed21e1\" data-element_type=\"widget\" data-e-type=\"widget\" data-widget_type=\"spacer.default\">\n\t\t\t\t<div class=\"elementor-widget-container\">\n\t\t\t\t\t\t\t<div class=\"elementor-spacer\">\n\t\t\t<div class=\"elementor-spacer-inner\"><\/div>\n\t\t<\/div>\n\t\t\t\t\t\t<\/div>\n\t\t\t\t<\/div>\n\t\t\t\t<div class=\"elementor-element elementor-element-73254d9 elementor-widget elementor-widget-heading\" data-id=\"73254d9\" data-element_type=\"widget\" data-e-type=\"widget\" data-widget_type=\"heading.default\">\n\t\t\t\t<div class=\"elementor-widget-container\">\n\t\t\t\t\t<h3 class=\"elementor-heading-title elementor-size-default\">\nQu'est-ce que le parjure ?\n<\/h3>\t\t\t\t<\/div>\n\t\t\t\t<\/div>\n\t\t\t\t<div class=\"elementor-element elementor-element-31fccf4 color-scheme-inherit text-left elementor-widget elementor-widget-text-editor\" data-id=\"31fccf4\" data-element_type=\"widget\" data-e-type=\"widget\" data-widget_type=\"text-editor.default\">\n\t\t\t\t<div class=\"elementor-widget-container\">\n\t\t\t\t\t\t\t\t\t<p>Le parjure est un <a href=\"https:\/\/www.derbedrosian.nl\/fr\/juridictions\/droit-penal\/crimes\/\">crime<\/a> Une personne affirme sciemment des fausset\u00e9s. Seules les personnes qui ont pr\u00eat\u00e9 serment ou fait une promesse peuvent se rendre coupables de parjure. Cela peut se produire, par exemple, lorsque vous t\u00e9moignez devant un tribunal, des fonctionnaires, des officiers de police ou une commission d'enqu\u00eate parlementaire. Le parjure est passible d'une peine d'emprisonnement pouvant aller jusqu'\u00e0 neuf ans. Si vous \u00eates soup\u00e7onn\u00e9 de parjure, il est conseill\u00e9 de consulter un avocat p\u00e9naliste pour obtenir des conseils d'expert le plus rapidement possible.<\/p>\t\t\t\t\t\t\t\t<\/div>\n\t\t\t\t<\/div>\n\t\t\t\t<div class=\"elementor-element elementor-element-485e3c9 elementor-widget elementor-widget-spacer\" data-id=\"485e3c9\" data-element_type=\"widget\" data-e-type=\"widget\" data-widget_type=\"spacer.default\">\n\t\t\t\t<div class=\"elementor-widget-container\">\n\t\t\t\t\t\t\t<div class=\"elementor-spacer\">\n\t\t\t<div class=\"elementor-spacer-inner\"><\/div>\n\t\t<\/div>\n\t\t\t\t\t\t<\/div>\n\t\t\t\t<\/div>\n\t\t\t\t<div class=\"elementor-element elementor-element-b8c3d59 elementor-widget elementor-widget-heading\" data-id=\"b8c3d59\" data-element_type=\"widget\" data-e-type=\"widget\" data-widget_type=\"heading.default\">\n\t\t\t\t<div class=\"elementor-widget-container\">\n\t\t\t\t\t<h3 class=\"elementor-heading-title elementor-size-default\">L'objectif de la prestation de serment<\/h3>\t\t\t\t<\/div>\n\t\t\t\t<\/div>\n\t\t\t\t<div class=\"elementor-element elementor-element-9cda2ac color-scheme-inherit text-left elementor-widget elementor-widget-text-editor\" data-id=\"9cda2ac\" data-element_type=\"widget\" data-e-type=\"widget\" data-widget_type=\"text-editor.default\">\n\t\t\t\t<div class=\"elementor-widget-container\">\n\t\t\t\t\t\t\t\t\t<p>Lorsque l'on pr\u00eate serment, cela signifie g\u00e9n\u00e9ralement que l'on s'engage \u00e0 dire la v\u00e9rit\u00e9. Cela signifie simplement que le \"preneur de serment\" montre qu'il comprend qu'il occupe une place particuli\u00e8re dans la soci\u00e9t\u00e9. Le mensonge est interdit car il viole la promesse d'\u00eatre honn\u00eate et complique la recherche de la v\u00e9rit\u00e9 au tribunal. Si quelqu'un ment sous serment, cela peut causer des probl\u00e8mes \u00e0 toutes les personnes impliqu\u00e9es dans une affaire judiciaire.<\/p>\t\t\t\t\t\t\t\t<\/div>\n\t\t\t\t<\/div>\n\t\t\t\t<div class=\"elementor-element elementor-element-2f6d061 elementor-widget elementor-widget-spacer\" data-id=\"2f6d061\" data-element_type=\"widget\" data-e-type=\"widget\" data-widget_type=\"spacer.default\">\n\t\t\t\t<div class=\"elementor-widget-container\">\n\t\t\t\t\t\t\t<div class=\"elementor-spacer\">\n\t\t\t<div class=\"elementor-spacer-inner\"><\/div>\n\t\t<\/div>\n\t\t\t\t\t\t<\/div>\n\t\t\t\t<\/div>\n\t\t\t\t<div class=\"elementor-element elementor-element-063e776 elementor-widget elementor-widget-heading\" data-id=\"063e776\" data-element_type=\"widget\" data-e-type=\"widget\" data-widget_type=\"heading.default\">\n\t\t\t\t<div class=\"elementor-widget-container\">\n\t\t\t\t\t<h3 class=\"elementor-heading-title elementor-size-default\">Parjure Code p\u00e9nal<\/h3>\t\t\t\t<\/div>\n\t\t\t\t<\/div>\n\t\t\t\t<div class=\"elementor-element elementor-element-8f78eee color-scheme-inherit text-left elementor-widget elementor-widget-text-editor\" data-id=\"8f78eee\" data-element_type=\"widget\" data-e-type=\"widget\" data-widget_type=\"text-editor.default\">\n\t\t\t\t<div class=\"elementor-widget-container\">\n\t\t\t\t\t\t\t\t\t<p>Le parjure est une infraction p\u00e9nale grave et directement contraire \u00e0 la loi. Les dispositions l\u00e9gales relatives au parjure sont \u00e9nonc\u00e9es aux articles 207, 207a et 207b du code p\u00e9nal. Ces articles sp\u00e9cifiques de la loi expliquent ce qui est consid\u00e9r\u00e9 comme un parjure et \u00e9tablissent sa punissabilit\u00e9.<\/p><p>Lorsqu'une personne est prise en flagrant d\u00e9lit de parjure, elle s'expose \u00e0 de lourdes cons\u00e9quences juridiques. En vertu de la loi, une personne reconnue coupable de parjure peut \u00eatre condamn\u00e9e \u00e0 une peine d'emprisonnement pouvant aller jusqu'\u00e0 six ans. En outre, le tribunal peut imposer une amende de 5\u00e8me cat\u00e9gorie, ce qui signifie que l'amende peut \u00eatre substantielle. Cette peine peut encore \u00eatre aggrav\u00e9e si le faux t\u00e9moignage a manifestement caus\u00e9 un pr\u00e9judice important \u00e0 une affaire, \u00e0 une personne ou au syst\u00e8me judiciaire dans son ensemble.<\/p><p>Il est donc de la plus haute importance de faire preuve d'honn\u00eatet\u00e9 et de sinc\u00e9rit\u00e9 dans tous les proc\u00e8s et d\u00e9clarations afin d'\u00e9viter les graves cons\u00e9quences d'un parjure.<\/p>\t\t\t\t\t\t\t\t<\/div>\n\t\t\t\t<\/div>\n\t\t\t\t<div class=\"elementor-element elementor-element-bc1c950 elementor-widget elementor-widget-spacer\" data-id=\"bc1c950\" data-element_type=\"widget\" data-e-type=\"widget\" data-widget_type=\"spacer.default\">\n\t\t\t\t<div class=\"elementor-widget-container\">\n\t\t\t\t\t\t\t<div class=\"elementor-spacer\">\n\t\t\t<div class=\"elementor-spacer-inner\"><\/div>\n\t\t<\/div>\n\t\t\t\t\t\t<\/div>\n\t\t\t\t<\/div>\n\t\t\t\t<div class=\"elementor-element elementor-element-c0f6a4c elementor-widget elementor-widget-heading\" data-id=\"c0f6a4c\" data-element_type=\"widget\" data-e-type=\"widget\" data-widget_type=\"heading.default\">\n\t\t\t\t<div class=\"elementor-widget-container\">\n\t\t\t\t\t<h3 class=\"elementor-heading-title elementor-size-default\">Droit au silence en cas de parjure<\/h3>\t\t\t\t<\/div>\n\t\t\t\t<\/div>\n\t\t\t\t<div class=\"elementor-element elementor-element-36313f2 color-scheme-inherit text-left elementor-widget elementor-widget-text-editor\" data-id=\"36313f2\" data-element_type=\"widget\" data-e-type=\"widget\" data-widget_type=\"text-editor.default\">\n\t\t\t\t<div class=\"elementor-widget-container\">\n\t\t\t\t\t\t\t\t\t<p>Lorsqu'une personne est accus\u00e9e d'une infraction p\u00e9nale, elle a le droit de garder le silence et n'est pas oblig\u00e9e de dire quoi que ce soit qui puisse \u00eatre retenu contre elle.<\/p><p>C'est ce qu'on appelle le droit au silence, un droit fondamental dans le syst\u00e8me juridique. En revanche, ce droit ne s'applique pas aux t\u00e9moins. Les t\u00e9moins sont oblig\u00e9s de r\u00e9pondre aux questions du juge, et ils doivent le faire avec sinc\u00e9rit\u00e9 et exactitude.<\/p><p>Cette diff\u00e9rence de droits entre les accus\u00e9s et les t\u00e9moins refl\u00e8te l'\u00e9quilibre d\u00e9licat entre la protection des droits individuels et la garantie de la v\u00e9racit\u00e9 de la proc\u00e9dure judiciaire.<\/p>\t\t\t\t\t\t\t\t<\/div>\n\t\t\t\t<\/div>\n\t\t\t\t<div class=\"elementor-element elementor-element-ce42919 elementor-widget elementor-widget-spacer\" data-id=\"ce42919\" data-element_type=\"widget\" data-e-type=\"widget\" data-widget_type=\"spacer.default\">\n\t\t\t\t<div class=\"elementor-widget-container\">\n\t\t\t\t\t\t\t<div class=\"elementor-spacer\">\n\t\t\t<div class=\"elementor-spacer-inner\"><\/div>\n\t\t<\/div>\n\t\t\t\t\t\t<\/div>\n\t\t\t\t<\/div>\n\t\t\t\t<div class=\"elementor-element elementor-element-1ebeaa4 elementor-widget elementor-widget-heading\" data-id=\"1ebeaa4\" data-element_type=\"widget\" data-e-type=\"widget\" data-widget_type=\"heading.default\">\n\t\t\t\t<div class=\"elementor-widget-container\">\n\t\t\t\t\t<h3 class=\"elementor-heading-title elementor-size-default\">Un avocat soup\u00e7onne un parjure<\/h3>\t\t\t\t<\/div>\n\t\t\t\t<\/div>\n\t\t\t\t<div class=\"elementor-element elementor-element-58e1d52 color-scheme-inherit text-left elementor-widget elementor-widget-text-editor\" data-id=\"58e1d52\" data-element_type=\"widget\" data-e-type=\"widget\" data-widget_type=\"text-editor.default\">\n\t\t\t\t<div class=\"elementor-widget-container\">\n\t\t\t\t\t\t\t\t\t<p>Si vous \u00eates suspect, vous avez le droit de garder le silence. Mais les t\u00e9moins n'ont pas ce droit. Ils doivent toujours r\u00e9pondre honn\u00eatement aux questions du juge.<\/p><p>Si vous faites l'objet d'une enqu\u00eate pour faux t\u00e9moignage ou si vous avez besoin d'une aide juridique suppl\u00e9mentaire, veuillez contacter <a href=\"https:\/\/www.derbedrosian.nl\/fr\/avocats\/\">nos avocats sp\u00e9cialis\u00e9s<\/a>\u00a0ayant de l'exp\u00e9rience dans le domaine de la<a href=\"https:\/\/www.derbedrosian.nl\/fr\/juridictions\/droit-penal\/\"> droit p\u00e9nal<\/a> peut vous conseiller et vous assister tout au long de la proc\u00e9dure afin d'\u00e9viter les probl\u00e8mes. Vos int\u00e9r\u00eats juridiques sont importants et nos avocats sont l\u00e0 pour vous aider.<\/p>\t\t\t\t\t\t\t\t<\/div>\n\t\t\t\t<\/div>\n\t\t\t\t\t<\/div>\n\t\t\t\t<\/div>\n\t\t\t\t<\/div>","protected":false},"excerpt":{"rendered":"<p>parjure qu'est-ce que le parjure est-il punissable parjure avocat parjure peine commettre un parjure prouver un parjure droit de garder le silence parjure avocat p\u00e9naliste enschede avocat p\u00e9naliste<\/p>","protected":false},"author":1,"featured_media":0,"parent":10047,"menu_order":0,"comment_status":"closed","ping_status":"closed","template":"","meta":{"footnotes":""},"class_list":["post-10841","page","type-page","status-publish","hentry"],"_links":{"self":[{"href":"https:\/\/www.derbedrosian.nl\/fr\/wp-json\/wp\/v2\/pages\/10841","targetHints":{"allow":["GET"]}}],"collection":[{"href":"https:\/\/www.derbedrosian.nl\/fr\/wp-json\/wp\/v2\/pages"}],"about":[{"href":"https:\/\/www.derbedrosian.nl\/fr\/wp-json\/wp\/v2\/types\/page"}],"author":[{"embeddable":true,"href":"https:\/\/www.derbedrosian.nl\/fr\/wp-json\/wp\/v2\/users\/1"}],"replies":[{"embeddable":true,"href":"https:\/\/www.derbedrosian.nl\/fr\/wp-json\/wp\/v2\/comments?post=10841"}],"version-history":[{"count":0,"href":"https:\/\/www.derbedrosian.nl\/fr\/wp-json\/wp\/v2\/pages\/10841\/revisions"}],"up":[{"embeddable":true,"href":"https:\/\/www.derbedrosian.nl\/fr\/wp-json\/wp\/v2\/pages\/10047"}],"wp:attachment":[{"href":"https:\/\/www.derbedrosian.nl\/fr\/wp-json\/wp\/v2\/media?parent=10841"}],"curies":[{"name":"wp","href":"https:\/\/api.w.org\/{rel}","templated":true}]}}