{"id":10831,"date":"2023-05-29T09:59:12","date_gmt":"2023-05-29T07:59:12","guid":{"rendered":"https:\/\/derbedrosian.nl\/?page_id=10831"},"modified":"2025-12-20T18:33:25","modified_gmt":"2025-12-20T16:33:25","slug":"drogues","status":"publish","type":"page","link":"https:\/\/www.derbedrosian.nl\/fr\/rechtsgebieden\/strafrecht\/drugs\/","title":{"rendered":"M\u00e9dicaments"},"content":{"rendered":"<div data-elementor-type=\"wp-page\" data-elementor-id=\"10831\" class=\"elementor elementor-10831\" data-elementor-post-type=\"page\">\n\t\t\t\t<div class=\"wd-negative-gap elementor-element elementor-element-3dcdca4 e-flex e-con-boxed e-con e-parent\" data-id=\"3dcdca4\" data-element_type=\"container\" data-e-type=\"container\">\n\t\t\t\t\t<div class=\"e-con-inner\">\n\t\t\t\t<div class=\"elementor-element elementor-element-6f51017 elementor-hidden-desktop elementor-hidden-tablet elementor-hidden-mobile elementor-widget elementor-widget-wd_image_or_svg\" data-id=\"6f51017\" data-element_type=\"widget\" data-e-type=\"widget\" id=\"seo-word\" data-widget_type=\"wd_image_or_svg.default\">\n\t\t\t\t<div class=\"elementor-widget-container\">\n\t\t\t\t\t\n\t\t<div class=\"wd-image text-left\">\n\t\t\t\t\t\t\t\t<img loading=\"lazy\" decoding=\"async\" width=\"1000\" height=\"667\" src=\"https:\/\/www.derbedrosian.nl\/wp-content\/uploads\/rechtsgebied-drugsbezit.jpg\" class=\"attachment-full size-full\" alt=\"possession de drogues peine police drogues dures drogues douces avocat\" srcset=\"https:\/\/www.derbedrosian.nl\/wp-content\/uploads\/rechtsgebied-drugsbezit.jpg 1000w, https:\/\/www.derbedrosian.nl\/wp-content\/uploads\/rechtsgebied-drugsbezit-400x267.jpg 400w, https:\/\/www.derbedrosian.nl\/wp-content\/uploads\/rechtsgebied-drugsbezit-768x512.jpg 768w\" sizes=\"auto, (max-width: 1000px) 100vw, 1000px\" title=\"\">\t\t\t\t\t<\/div>\n\n\t\t\t\t\t\t<\/div>\n\t\t\t\t<\/div>\n\t\t\t\t<div class=\"elementor-element elementor-element-e0dd7f0 elementor-hidden-desktop elementor-hidden-tablet elementor-hidden-mobile elementor-widget elementor-widget-heading\" data-id=\"e0dd7f0\" data-element_type=\"widget\" data-e-type=\"widget\" id=\"seo-word\" data-widget_type=\"heading.default\">\n\t\t\t\t<div class=\"elementor-widget-container\">\n\t\t\t\t\t<h2 class=\"elementor-heading-title elementor-size-default\">avocat pour la possession de drogue<\/h2>\t\t\t\t<\/div>\n\t\t\t\t<\/div>\n\t\t\t\t<div class=\"elementor-element elementor-element-58e30e8 elementor-hidden-desktop elementor-hidden-tablet elementor-hidden-mobile elementor-widget elementor-widget-heading\" data-id=\"58e30e8\" data-element_type=\"widget\" data-e-type=\"widget\" id=\"seo-word\" data-widget_type=\"heading.default\">\n\t\t\t\t<div class=\"elementor-widget-container\">\n\t\t\t\t\t<h5 class=\"elementor-heading-title elementor-size-default\">Avocat sp\u00e9cialis\u00e9 en droit de la drogue Enschede<\/h5>\t\t\t\t<\/div>\n\t\t\t\t<\/div>\n\t\t\t\t<div class=\"elementor-element elementor-element-3ecd847 elementor-hidden-desktop elementor-hidden-tablet elementor-hidden-mobile elementor-widget elementor-widget-heading\" data-id=\"3ecd847\" data-element_type=\"widget\" data-e-type=\"widget\" id=\"seo-word\" data-widget_type=\"heading.default\">\n\t\t\t\t<div class=\"elementor-widget-container\">\n\t\t\t\t\t<h5 class=\"elementor-heading-title elementor-size-default\">Avocat plantation de chanvre Enschede<\/h5>\t\t\t\t<\/div>\n\t\t\t\t<\/div>\n\t\t\t\t<div class=\"elementor-element elementor-element-78a2195 elementor-hidden-desktop elementor-hidden-tablet elementor-hidden-mobile elementor-widget elementor-widget-heading\" data-id=\"78a2195\" data-element_type=\"widget\" data-e-type=\"widget\" id=\"seo-word\" data-widget_type=\"heading.default\">\n\t\t\t\t<div class=\"elementor-widget-container\">\n\t\t\t\t\t<h5 class=\"elementor-heading-title elementor-size-default\">drogues punissables<\/h5>\t\t\t\t<\/div>\n\t\t\t\t<\/div>\n\t\t\t\t<div class=\"elementor-element elementor-element-e3259b2 elementor-hidden-desktop elementor-hidden-tablet elementor-hidden-mobile elementor-widget elementor-widget-heading\" data-id=\"e3259b2\" data-element_type=\"widget\" data-e-type=\"widget\" id=\"seo-word\" data-widget_type=\"heading.default\">\n\t\t\t\t<div class=\"elementor-widget-container\">\n\t\t\t\t\t<h5 class=\"elementor-heading-title elementor-size-default\">loi sur l'opium<\/h5>\t\t\t\t<\/div>\n\t\t\t\t<\/div>\n\t\t\t\t<div class=\"elementor-element elementor-element-db8ca5c elementor-hidden-desktop elementor-hidden-tablet elementor-hidden-mobile elementor-widget elementor-widget-heading\" data-id=\"db8ca5c\" data-element_type=\"widget\" data-e-type=\"widget\" id=\"seo-word\" data-widget_type=\"heading.default\">\n\t\t\t\t<div class=\"elementor-widget-container\">\n\t\t\t\t\t<h5 class=\"elementor-heading-title elementor-size-default\">drogues dures et drogues douces<\/h5>\t\t\t\t<\/div>\n\t\t\t\t<\/div>\n\t\t\t\t<div class=\"elementor-element elementor-element-fb226e9 elementor-hidden-desktop elementor-hidden-tablet elementor-hidden-mobile elementor-widget elementor-widget-heading\" data-id=\"fb226e9\" data-element_type=\"widget\" data-e-type=\"widget\" id=\"seo-word\" data-widget_type=\"heading.default\">\n\t\t\t\t<div class=\"elementor-widget-container\">\n\t\t\t\t\t<h5 class=\"elementor-heading-title elementor-size-default\">disponible en ligne \u00e0 l'adresse suivante : consult\u00e9 en novembre<\/h5>\t\t\t\t<\/div>\n\t\t\t\t<\/div>\n\t\t\t\t<div class=\"elementor-element elementor-element-b6d100e elementor-hidden-desktop elementor-hidden-tablet elementor-hidden-mobile elementor-widget elementor-widget-heading\" data-id=\"b6d100e\" data-element_type=\"widget\" data-e-type=\"widget\" id=\"seo-word\" data-widget_type=\"heading.default\">\n\t\t\t\t<div class=\"elementor-widget-container\">\n\t\t\t\t\t<h5 class=\"elementor-heading-title elementor-size-default\">ou possession mg comprim\u00e9 effets secondaires<\/h5>\t\t\t\t<\/div>\n\t\t\t\t<\/div>\n\t\t\t\t<div class=\"elementor-element elementor-element-e3b56ed elementor-hidden-desktop elementor-hidden-tablet elementor-hidden-mobile elementor-widget elementor-widget-heading\" data-id=\"e3b56ed\" data-element_type=\"widget\" data-e-type=\"widget\" id=\"seo-word\" data-widget_type=\"heading.default\">\n\t\t\t\t<div class=\"elementor-widget-container\">\n\t\t\t\t\t<h5 class=\"elementor-heading-title elementor-size-default\">avocat p\u00e9nal enschede<\/h5>\t\t\t\t<\/div>\n\t\t\t\t<\/div>\n\t\t\t\t<div class=\"elementor-element elementor-element-f1f91e8 elementor-hidden-desktop elementor-hidden-tablet elementor-hidden-mobile elementor-widget elementor-widget-heading\" data-id=\"f1f91e8\" data-element_type=\"widget\" data-e-type=\"widget\" id=\"seo-word\" data-widget_type=\"heading.default\">\n\t\t\t\t<div class=\"elementor-widget-container\">\n\t\t\t\t\t<h5 class=\"elementor-heading-title elementor-size-default\">avocat droit p\u00e9nal overijssel<\/h5>\t\t\t\t<\/div>\n\t\t\t\t<\/div>\n\t\t\t\t<div class=\"elementor-element elementor-element-a66f37a elementor-hidden-desktop elementor-hidden-tablet elementor-hidden-mobile elementor-widget elementor-widget-heading\" data-id=\"a66f37a\" data-element_type=\"widget\" data-e-type=\"widget\" id=\"seo-word\" data-widget_type=\"heading.default\">\n\t\t\t\t<div class=\"elementor-widget-container\">\n\t\t\t\t\t<h5 class=\"elementor-heading-title elementor-size-default\">Pour une assistance juridique \u00e0 Enschede et Overijssel, en particulier dans les cas de possession de drogue et de la loi sur l'opium, les avocats p\u00e9nalistes de Derbedrosian Criminal Lawyers sont vos partenaires fiables. Nos avocats \u00e0 Enschede disposent d'une grande exp\u00e9rience en droit p\u00e9nal et connaissent parfaitement la mati\u00e8re complexe des drogues dures et des drogues douces, ainsi que les dispositions l\u00e9gales de la loi sur l'opium.\n\nLorsque vous \u00eates confront\u00e9 \u00e0 un proc\u00e8s \u00e0 Enschede impliquant des accusations li\u00e9es \u00e0 la drogue, il est crucial de faire appel \u00e0 un avocat sp\u00e9cialis\u00e9 en droit p\u00e9nal \u00e0 Enschede. Nos avocats \u00e0 Overijssel sont l\u00e0 pour repr\u00e9senter vos int\u00e9r\u00eats et vous fournir une assistance et des conseils juridiques experts.\n\nN'h\u00e9sitez pas \u00e0 contacter Derbedrosian Criminal Lawyers \u00e0 Enschede si vous avez besoin d'un soutien juridique en mati\u00e8re de drogues. Nous sommes \u00e0 votre service.<\/h5>\t\t\t\t<\/div>\n\t\t\t\t<\/div>\n\t\t\t\t<div class=\"elementor-element elementor-element-9cf1c27 color-scheme-inherit text-left elementor-widget elementor-widget-text-editor\" data-id=\"9cf1c27\" data-element_type=\"widget\" data-e-type=\"widget\" data-widget_type=\"text-editor.default\">\n\t\t\t\t<div class=\"elementor-widget-container\">\n\t\t\t\t\t\t\t\t\t<p><strong>Dans le monde d'aujourd'hui, l'utilisation et la r\u00e9glementation des drogues font l'objet d'un d\u00e9bat permanent et d'une politique en constante \u00e9volution. Qu'il s'agisse des aspects juridiques, des risques pour la sant\u00e9 ou de l'impact social.<\/strong><\/p>\t\t\t\t\t\t\t\t<\/div>\n\t\t\t\t<\/div>\n\t\t\t\t<div class=\"elementor-element elementor-element-660ba4b elementor-widget elementor-widget-spacer\" data-id=\"660ba4b\" data-element_type=\"widget\" data-e-type=\"widget\" data-widget_type=\"spacer.default\">\n\t\t\t\t<div class=\"elementor-widget-container\">\n\t\t\t\t\t\t\t<div class=\"elementor-spacer\">\n\t\t\t<div class=\"elementor-spacer-inner\"><\/div>\n\t\t<\/div>\n\t\t\t\t\t\t<\/div>\n\t\t\t\t<\/div>\n\t\t\t\t<div class=\"elementor-element elementor-element-37a4add elementor-widget elementor-widget-heading\" data-id=\"37a4add\" data-element_type=\"widget\" data-e-type=\"widget\" data-widget_type=\"heading.default\">\n\t\t\t\t<div class=\"elementor-widget-container\">\n\t\t\t\t\t<h3 class=\"elementor-heading-title elementor-size-default\">Qu'entend-on par drogues ?<\/h3>\t\t\t\t<\/div>\n\t\t\t\t<\/div>\n\t\t\t\t<div class=\"elementor-element elementor-element-f6a976a color-scheme-inherit text-left elementor-widget elementor-widget-text-editor\" data-id=\"f6a976a\" data-element_type=\"widget\" data-e-type=\"widget\" data-widget_type=\"text-editor.default\">\n\t\t\t\t<div class=\"elementor-widget-container\">\n\t\t\t\t\t\t\t\t\t<p>Les drogues d\u00e9signent diverses substances ayant des propri\u00e9t\u00e9s psychoactives, qui peuvent \u00eatre l\u00e9gales ou ill\u00e9gales. Elles peuvent \u00eatre class\u00e9es en plusieurs cat\u00e9gories :<\/p><ul><li><strong>Drogues l\u00e9gales :<\/strong> comme l'alcool, la nicotine et certains m\u00e9dicaments sur ordonnance.<\/li><li><strong>Les drogues illicites :<\/strong> comme l'h\u00e9ro\u00efne, la coca\u00efne, l'ecstasy et la marijuana.<\/li><li><strong>M\u00e9dicaments sur ordonnance :<\/strong> Il s'agit de m\u00e9dicaments l\u00e9gaux qui ne peuvent \u00eatre utilis\u00e9s que sur prescription m\u00e9dicale.<\/li><\/ul>\t\t\t\t\t\t\t\t<\/div>\n\t\t\t\t<\/div>\n\t\t\t\t<div class=\"elementor-element elementor-element-f5a7a9e elementor-widget elementor-widget-spacer\" data-id=\"f5a7a9e\" data-element_type=\"widget\" data-e-type=\"widget\" data-widget_type=\"spacer.default\">\n\t\t\t\t<div class=\"elementor-widget-container\">\n\t\t\t\t\t\t\t<div class=\"elementor-spacer\">\n\t\t\t<div class=\"elementor-spacer-inner\"><\/div>\n\t\t<\/div>\n\t\t\t\t\t\t<\/div>\n\t\t\t\t<\/div>\n\t\t\t\t<div class=\"elementor-element elementor-element-cf9fe3c elementor-widget elementor-widget-heading\" data-id=\"cf9fe3c\" data-element_type=\"widget\" data-e-type=\"widget\" data-widget_type=\"heading.default\">\n\t\t\t\t<div class=\"elementor-widget-container\">\n\t\t\t\t\t<h3 class=\"elementor-heading-title elementor-size-default\">Loi sur l'opium et criminalit\u00e9 <\/h3>\t\t\t\t<\/div>\n\t\t\t\t<\/div>\n\t\t\t\t<div class=\"elementor-element elementor-element-3288add color-scheme-inherit text-left elementor-widget elementor-widget-text-editor\" data-id=\"3288add\" data-element_type=\"widget\" data-e-type=\"widget\" data-widget_type=\"text-editor.default\">\n\t\t\t\t<div class=\"elementor-widget-container\">\n\t\t\t\t\t\t\t\t\t<p>Aux Pays-Bas, il existe une loi qui pr\u00e9cise quels types de drogues ou autres substances sont interdits au commerce, \u00e0 la production et \u00e0 la contrebande. Cette loi est connue sous le nom de loi sur l'opium, qui \u00e9nonce toutes les dispositions l\u00e9gales relatives aux stup\u00e9fiants.<\/p><p>Il contient deux listes permettant de distinguer les drogues dures des drogues douces.<\/p><ul><li>Liste I de la loi sur l'opium : la premi\u00e8re d\u00e9crit les drogues dures qui peuvent avoir des effets graves sur la sant\u00e9 et entra\u00eener une d\u00e9pendance. La coca\u00efne, le GHB, le XTC et l'h\u00e9ro\u00efne en sont des exemples.<\/li><li>Liste II de la loi sur l'opium : la deuxi\u00e8me liste comprend les drogues douces, qui peuvent causer des probl\u00e8mes de sant\u00e9 et de d\u00e9pendance tout comme les drogues dures, mais avec un effet beaucoup plus l\u00e9ger. Les drogues douces les plus connues sont le cannabis et le haschisch.<\/li><\/ul><p>\u00c0 l'exception des coffee shops, la vente, la fabrication et la possession de drogues sont interdites. Cette interdiction est plus s\u00e9v\u00e8re pour les drogues dures telles que l'h\u00e9ro\u00efne et la coca\u00efne. La plupart des affaires de possession de drogue concernent des drogues dures ou de grandes quantit\u00e9s de drogues douces.<\/p><p>La vente de drogues douces telles que l'herbe et le haschisch fait l'objet d'une r\u00e9glementation sp\u00e9ciale dans le cadre de la loi sur l'opium, appel\u00e9e \"politique de tol\u00e9rance\". Dans ce cas, la vente de drogues douces n'est pas officiellement l\u00e9gale, mais dans la pratique, elle est autoris\u00e9e par les autorit\u00e9s.<\/p><p>Toutefois, lorsque le trafic et la production de drogues ill\u00e9gales \u00e0 grande \u00e9chelle sont impliqu\u00e9s, ils sont activement recherch\u00e9s et font l'objet de poursuites p\u00e9nales<\/p>\t\t\t\t\t\t\t\t<\/div>\n\t\t\t\t<\/div>\n\t\t\t\t<div class=\"elementor-element elementor-element-e9cba87 elementor-widget elementor-widget-spacer\" data-id=\"e9cba87\" data-element_type=\"widget\" data-e-type=\"widget\" data-widget_type=\"spacer.default\">\n\t\t\t\t<div class=\"elementor-widget-container\">\n\t\t\t\t\t\t\t<div class=\"elementor-spacer\">\n\t\t\t<div class=\"elementor-spacer-inner\"><\/div>\n\t\t<\/div>\n\t\t\t\t\t\t<\/div>\n\t\t\t\t<\/div>\n\t\t\t\t<div class=\"elementor-element elementor-element-c527cbe elementor-widget elementor-widget-heading\" data-id=\"c527cbe\" data-element_type=\"widget\" data-e-type=\"widget\" data-widget_type=\"heading.default\">\n\t\t\t\t<div class=\"elementor-widget-container\">\n\t\t\t\t\t<h2 class=\"elementor-heading-title elementor-size-default\">Diff\u00e9rence entre drogues dures et drogues douces<\/h2>\t\t\t\t<\/div>\n\t\t\t\t<\/div>\n\t\t\t\t<div class=\"elementor-element elementor-element-ef56398 color-scheme-inherit text-left elementor-widget elementor-widget-text-editor\" data-id=\"ef56398\" data-element_type=\"widget\" data-e-type=\"widget\" data-widget_type=\"text-editor.default\">\n\t\t\t\t<div class=\"elementor-widget-container\">\n\t\t\t\t\t\t\t\t\t<p>La classification des drogues dures et douces repose sur plusieurs facteurs, notamment leurs effets chimiques, leur statut juridique, les risques pour la sant\u00e9 et les sanctions :<\/p><p><strong>Effets chimiques<\/strong><\/p><p>Les drogues dures sont des substances plus puissantes que les drogues douces, avec un potentiel de dommages physiques et psychologiques, comme l'h\u00e9ro\u00efne et la coca\u00efne. Cela peut \u00e9galement s'appliquer aux drogues douces, mais avec un effet beaucoup plus doux.<\/p><p><strong>Statut juridique<\/strong><\/p><ul><li><strong>Drogues dures<\/strong>Les drogues illicites : Elles sont essentiellement ill\u00e9gales dans la plupart des pays, y compris les Pays-Bas, et les peines encourues pour la possession, la vente et la production sont s\u00e9v\u00e8res.<\/li><li><strong>Drogues douces<\/strong>Le statut juridique des drogues douces varie beaucoup d'un pays \u00e0 l'autre. Certains pays, comme les Pays-Bas, ont une politique de tol\u00e9rance \u00e0 l'\u00e9gard de certaines formes de drogues douces comme l'herbe. Cette politique est inscrite dans la loi sur l'opium.\u00a0<\/li><\/ul><p><strong>Risques pour la sant\u00e9<\/strong><\/p><ul><li><strong>Drogues dures<\/strong>Risques graves pour la sant\u00e9, y compris la d\u00e9pendance, les dommages physiques et mentaux et les surdoses potentiellement mortelles.<\/li><li><strong>Drogues douces<\/strong>Risques moins graves pour la sant\u00e9, bien qu'une consommation prolong\u00e9e et excessive puisse \u00eatre nocive, en particulier pour le syst\u00e8me respiratoire en cas de consommation de cannabis. Un effet de d\u00e9pendance peut \u00e9galement s'appliquer aux drogues douces.<\/li><\/ul>\t\t\t\t\t\t\t\t<\/div>\n\t\t\t\t<\/div>\n\t\t\t\t<div class=\"elementor-element elementor-element-8450ffd elementor-widget elementor-widget-spacer\" data-id=\"8450ffd\" data-element_type=\"widget\" data-e-type=\"widget\" data-widget_type=\"spacer.default\">\n\t\t\t\t<div class=\"elementor-widget-container\">\n\t\t\t\t\t\t\t<div class=\"elementor-spacer\">\n\t\t\t<div class=\"elementor-spacer-inner\"><\/div>\n\t\t<\/div>\n\t\t\t\t\t\t<\/div>\n\t\t\t\t<\/div>\n\t\t\t\t<div class=\"elementor-element elementor-element-1b091da elementor-widget elementor-widget-heading\" data-id=\"1b091da\" data-element_type=\"widget\" data-e-type=\"widget\" data-widget_type=\"heading.default\">\n\t\t\t\t<div class=\"elementor-widget-container\">\n\t\t\t\t\t<h3 class=\"elementor-heading-title elementor-size-default\">Quels sont les facteurs qui jouent un r\u00f4le dans les sanctions en mati\u00e8re de drogue ?<\/h3>\t\t\t\t<\/div>\n\t\t\t\t<\/div>\n\t\t\t\t<div class=\"elementor-element elementor-element-ce391c0 color-scheme-inherit text-left elementor-widget elementor-widget-text-editor\" data-id=\"ce391c0\" data-element_type=\"widget\" data-e-type=\"widget\" data-widget_type=\"text-editor.default\">\n\t\t\t\t<div class=\"elementor-widget-container\">\n\t\t\t\t\t\t\t\t\t<p>La possession, la vente et la production de stup\u00e9fiants impliquent de nombreux facteurs pour aboutir \u00e0 une sanction d\u00e9termin\u00e9e. Le montant le plus \u00e9lev\u00e9 de ces sanctions d\u00e9pend des \u00e9l\u00e9ments suivants :<\/p><ul><li><strong>L'\u00e2ge :<\/strong> l'\u00e2ge des personnes \u00e0 l'\u00e9gard desquelles des infractions ont \u00e9t\u00e9 commises peut avoir une incidence sur la d\u00e9termination de la peine. Par exemple, les mineurs peuvent \u00eatre trait\u00e9s diff\u00e9remment dans le syst\u00e8me de justice p\u00e9nale.<\/li><li><strong>Impact social :<\/strong> l'impact du crime sur la soci\u00e9t\u00e9 et sur les personnes directement impliqu\u00e9es joue un r\u00f4le dans la d\u00e9termination de la peine. Un pr\u00e9judice grave ou un impact sur autrui peut donner lieu \u00e0 des peines plus s\u00e9v\u00e8res.<\/li><li><strong>Degr\u00e9 d'engagement :<\/strong> Le r\u00f4le et l'implication d'une personne dans le trafic de drogue peuvent varier. Le niveau d'implication, tel que le r\u00f4le de gestionnaire ou de dirigeant, peut avoir une incidence sur la peine.<\/li><li><strong>Drogues douces ou drogues dures :<\/strong> La condamnation peut d\u00e9pendre de la classification des drogues en cause. Les drogues dures, consid\u00e9r\u00e9es comme plus dangereuses, peuvent entra\u00eener des peines plus s\u00e9v\u00e8res que les drogues douces.<\/li><li><strong>La quantit\u00e9, exprim\u00e9e en grammes :<\/strong> la quantit\u00e9 de drogue impliqu\u00e9e dans le crime peut \u00eatre un facteur important dans la d\u00e9termination de la peine. Des quantit\u00e9s plus importantes peuvent donner lieu \u00e0 des peines plus s\u00e9v\u00e8res en raison du risque de dommages plus importants et de l'impact sur la soci\u00e9t\u00e9.<\/li><\/ul>\t\t\t\t\t\t\t\t<\/div>\n\t\t\t\t<\/div>\n\t\t\t\t<div class=\"elementor-element elementor-element-efffd6e elementor-widget elementor-widget-spacer\" data-id=\"efffd6e\" data-element_type=\"widget\" data-e-type=\"widget\" data-widget_type=\"spacer.default\">\n\t\t\t\t<div class=\"elementor-widget-container\">\n\t\t\t\t\t\t\t<div class=\"elementor-spacer\">\n\t\t\t<div class=\"elementor-spacer-inner\"><\/div>\n\t\t<\/div>\n\t\t\t\t\t\t<\/div>\n\t\t\t\t<\/div>\n\t\t\t\t<div class=\"elementor-element elementor-element-939d987 elementor-widget elementor-widget-heading\" data-id=\"939d987\" data-element_type=\"widget\" data-e-type=\"widget\" data-widget_type=\"heading.default\">\n\t\t\t\t<div class=\"elementor-widget-container\">\n\t\t\t\t\t<h3 class=\"elementor-heading-title elementor-size-default\">Quantit\u00e9 maximale autoris\u00e9e<\/h3>\t\t\t\t<\/div>\n\t\t\t\t<\/div>\n\t\t\t\t<div class=\"elementor-element elementor-element-5db04a6 color-scheme-inherit text-left elementor-widget elementor-widget-text-editor\" data-id=\"5db04a6\" data-element_type=\"widget\" data-e-type=\"widget\" data-widget_type=\"text-editor.default\">\n\t\t\t\t<div class=\"elementor-widget-container\">\n\t\t\t\t\t\t\t\t\t<p>Vous trouverez ci-dessous une liste des diff\u00e9rents types de m\u00e9dicaments et des quantit\u00e9s maximales autoris\u00e9es aux Pays-Bas :<\/p><ul><li><strong>Le haschisch et l'herbe :<\/strong> Pour les produits du cannabis tels que le haschisch et l'herbe, la quantit\u00e9 maximale autoris\u00e9e est de 5 grammes.<\/li><li><strong>Coca\u00efne :<\/strong>\u00a00.5 g.<\/li><li><strong>XTC :<\/strong> Pour l'ecstasy (XTC), il y a un maximum d'une pilule.<\/li><li><strong>GHB : <\/strong>le GHB (acide gamma-hydroxybutyrique), 5 millilitres est la quantit\u00e9 maximale autoris\u00e9e.<\/li><li><strong>Culture du chanvre :<\/strong> lorsqu'il s'agit de cultiver des plants de chanvre, la limite est fix\u00e9e \u00e0 5 plants.<\/li><\/ul><p>Le d\u00e9passement de ces montants maximaux autoris\u00e9s peut avoir des cons\u00e9quences graves<\/p>\t\t\t\t\t\t\t\t<\/div>\n\t\t\t\t<\/div>\n\t\t\t\t<div class=\"elementor-element elementor-element-a4611bb elementor-widget elementor-widget-spacer\" data-id=\"a4611bb\" data-element_type=\"widget\" data-e-type=\"widget\" data-widget_type=\"spacer.default\">\n\t\t\t\t<div class=\"elementor-widget-container\">\n\t\t\t\t\t\t\t<div class=\"elementor-spacer\">\n\t\t\t<div class=\"elementor-spacer-inner\"><\/div>\n\t\t<\/div>\n\t\t\t\t\t\t<\/div>\n\t\t\t\t<\/div>\n\t\t\t\t<div class=\"elementor-element elementor-element-a5c03aa elementor-widget elementor-widget-heading\" data-id=\"a5c03aa\" data-element_type=\"widget\" data-e-type=\"widget\" data-widget_type=\"heading.default\">\n\t\t\t\t<div class=\"elementor-widget-container\">\n\t\t\t\t\t<h3 class=\"elementor-heading-title elementor-size-default\">Avocat sp\u00e9cialis\u00e9 en mati\u00e8re de possession de stup\u00e9fiants\n<\/h3>\t\t\t\t<\/div>\n\t\t\t\t<\/div>\n\t\t\t\t<div class=\"elementor-element elementor-element-da69342 color-scheme-inherit text-left elementor-widget elementor-widget-text-editor\" data-id=\"da69342\" data-element_type=\"widget\" data-e-type=\"widget\" data-widget_type=\"text-editor.default\">\n\t\t\t\t<div class=\"elementor-widget-container\">\n\t\t\t\t\t\t\t\t\t<p>Si vous avez re\u00e7u une citation \u00e0 compara\u00eetre pour d\u00e9tention pr\u00e9sum\u00e9e de drogue, il est conseill\u00e9 de faire appel \u00e0 un avocat exp\u00e9riment\u00e9 d\u00e8s que possible.<\/p><p>Le <a href=\"https:\/\/www.derbedrosian.nl\/fr\/avocats\/\">des juristes exp\u00e9riment\u00e9s<\/a> du cabinet d'avocats Der Bedrosian sont sp\u00e9cialis\u00e9s dans le domaine des <a href=\"https:\/\/www.derbedrosian.nl\/fr\/juridictions\/droit-penal\/crimes\/\">crimes<\/a> et vous soutiendra et vous conseillera tout au long de la proc\u00e9dure, afin de vous aider le plus efficacement possible dans votre affaire.<\/p><p>N'h\u00e9sitez donc pas \u00e0 nous contacter afin que nous puissions travailler sur la meilleure d\u00e9fense possible.<\/p>\t\t\t\t\t\t\t\t<\/div>\n\t\t\t\t<\/div>\n\t\t\t\t\t<\/div>\n\t\t\t\t<\/div>\n\t\t\t\t<\/div>","protected":false},"excerpt":{"rendered":"<p>avocat possession de stup\u00e9fiants Avocat sp\u00e9cialis\u00e9 dans les affaires de stup\u00e9fiants \u00e0 Enschede Avocat sp\u00e9cialis\u00e9 dans les plantations de cannabis \u00e0 Enschede stup\u00e9fiants punissables loi sur l'opium drogues dures et drogues douces disponibles en ligne \u00e0 l'adresse accessible<\/p>","protected":false},"author":1,"featured_media":0,"parent":10047,"menu_order":0,"comment_status":"closed","ping_status":"closed","template":"","meta":{"footnotes":""},"class_list":["post-10831","page","type-page","status-publish","hentry"],"_links":{"self":[{"href":"https:\/\/www.derbedrosian.nl\/fr\/wp-json\/wp\/v2\/pages\/10831","targetHints":{"allow":["GET"]}}],"collection":[{"href":"https:\/\/www.derbedrosian.nl\/fr\/wp-json\/wp\/v2\/pages"}],"about":[{"href":"https:\/\/www.derbedrosian.nl\/fr\/wp-json\/wp\/v2\/types\/page"}],"author":[{"embeddable":true,"href":"https:\/\/www.derbedrosian.nl\/fr\/wp-json\/wp\/v2\/users\/1"}],"replies":[{"embeddable":true,"href":"https:\/\/www.derbedrosian.nl\/fr\/wp-json\/wp\/v2\/comments?post=10831"}],"version-history":[{"count":0,"href":"https:\/\/www.derbedrosian.nl\/fr\/wp-json\/wp\/v2\/pages\/10831\/revisions"}],"up":[{"embeddable":true,"href":"https:\/\/www.derbedrosian.nl\/fr\/wp-json\/wp\/v2\/pages\/10047"}],"wp:attachment":[{"href":"https:\/\/www.derbedrosian.nl\/fr\/wp-json\/wp\/v2\/media?parent=10831"}],"curies":[{"name":"wp","href":"https:\/\/api.w.org\/{rel}","templated":true}]}}