{"id":10821,"date":"2023-05-29T09:56:02","date_gmt":"2023-05-29T07:56:02","guid":{"rendered":"https:\/\/derbedrosian.nl\/?page_id=10821"},"modified":"2025-12-21T16:42:07","modified_gmt":"2025-12-21T14:42:07","slug":"creation-dune-societe-neerlandaise","status":"publish","type":"page","link":"https:\/\/www.derbedrosian.nl\/fr\/rechtsgebieden\/zakelijke-dienstverlening\/opzetten-van-nederlands-onderneming\/","title":{"rendered":"Cr\u00e9ation d'une soci\u00e9t\u00e9 n\u00e9erlandaise"},"content":{"rendered":"<div data-elementor-type=\"wp-page\" data-elementor-id=\"10821\" class=\"elementor elementor-10821\" data-elementor-post-type=\"page\">\n\t\t\t\t<div class=\"wd-negative-gap elementor-element elementor-element-f28fca6 e-flex e-con-boxed e-con e-parent\" data-id=\"f28fca6\" data-element_type=\"container\" data-e-type=\"container\">\n\t\t\t\t\t<div class=\"e-con-inner\">\n\t\t\t\t<div class=\"elementor-element elementor-element-a4419ac elementor-hidden-desktop elementor-hidden-tablet elementor-hidden-mobile elementor-widget elementor-widget-wd_image_or_svg\" data-id=\"a4419ac\" data-element_type=\"widget\" data-e-type=\"widget\" id=\"seo-word\" data-widget_type=\"wd_image_or_svg.default\">\n\t\t\t\t<div class=\"elementor-widget-container\">\n\t\t\t\t\t\n\t\t<div class=\"wd-image text-left\">\n\t\t\t\t\t\t\t\t<img loading=\"lazy\" decoding=\"async\" width=\"1000\" height=\"659\" src=\"https:\/\/www.derbedrosian.nl\/wp-content\/uploads\/rechtsgebied-opzetten-van-nederlands-onderneming.jpg\" class=\"attachment-full size-full\" alt=\"Cr\u00e9ation d&#039;une soci\u00e9t\u00e9 n\u00e9erlandaise avocat business services bv kvk\" srcset=\"https:\/\/www.derbedrosian.nl\/wp-content\/uploads\/rechtsgebied-opzetten-van-nederlands-onderneming.jpg 1000w, https:\/\/www.derbedrosian.nl\/wp-content\/uploads\/rechtsgebied-opzetten-van-nederlands-onderneming-400x264.jpg 400w, https:\/\/www.derbedrosian.nl\/wp-content\/uploads\/rechtsgebied-opzetten-van-nederlands-onderneming-768x506.jpg 768w\" sizes=\"auto, (max-width: 1000px) 100vw, 1000px\" title=\"\">\t\t\t\t\t<\/div>\n\n\t\t\t\t\t\t<\/div>\n\t\t\t\t<\/div>\n\t\t\t\t<div class=\"elementor-element elementor-element-496c704 elementor-hidden-desktop elementor-hidden-tablet elementor-hidden-mobile elementor-widget elementor-widget-heading\" data-id=\"496c704\" data-element_type=\"widget\" data-e-type=\"widget\" id=\"seo-word\" data-widget_type=\"heading.default\">\n\t\t\t\t<div class=\"elementor-widget-container\">\n\t\t\t\t\t<h2 class=\"elementor-heading-title elementor-size-default\">Feuille de route pour la cr\u00e9ation d'une entreprise n\u00e9erlandaise<\/h2>\t\t\t\t<\/div>\n\t\t\t\t<\/div>\n\t\t\t\t<div class=\"elementor-element elementor-element-0fc64c4 elementor-hidden-desktop elementor-hidden-tablet elementor-hidden-mobile elementor-widget elementor-widget-heading\" data-id=\"0fc64c4\" data-element_type=\"widget\" data-e-type=\"widget\" id=\"seo-word\" data-widget_type=\"heading.default\">\n\t\t\t\t<div class=\"elementor-widget-container\">\n\t\t\t\t\t<h5 class=\"elementor-heading-title elementor-size-default\">nous vous aidons \u00e0 cr\u00e9er une entreprise<\/h5>\t\t\t\t<\/div>\n\t\t\t\t<\/div>\n\t\t\t\t<div class=\"elementor-element elementor-element-8fa8869 elementor-hidden-desktop elementor-hidden-tablet elementor-hidden-mobile elementor-widget elementor-widget-heading\" data-id=\"8fa8869\" data-element_type=\"widget\" data-e-type=\"widget\" id=\"seo-word\" data-widget_type=\"heading.default\">\n\t\t\t\t<div class=\"elementor-widget-container\">\n\t\t\t\t\t<h5 class=\"elementor-heading-title elementor-size-default\">les opportunit\u00e9s d'affaires, mais quelles formes d'entreprises<\/h5>\t\t\t\t<\/div>\n\t\t\t\t<\/div>\n\t\t\t\t<div class=\"elementor-element elementor-element-b0749db elementor-hidden-desktop elementor-hidden-tablet elementor-hidden-mobile elementor-widget elementor-widget-heading\" data-id=\"b0749db\" data-element_type=\"widget\" data-e-type=\"widget\" id=\"seo-word\" data-widget_type=\"heading.default\">\n\t\t\t\t<div class=\"elementor-widget-container\">\n\t\t\t\t\t<h5 class=\"elementor-heading-title elementor-size-default\">enregistrez vos travaux aux pays-bas<\/h5>\t\t\t\t<\/div>\n\t\t\t\t<\/div>\n\t\t\t\t<div class=\"elementor-element elementor-element-37131fc elementor-hidden-desktop elementor-hidden-tablet elementor-hidden-mobile elementor-widget elementor-widget-heading\" data-id=\"37131fc\" data-element_type=\"widget\" data-e-type=\"widget\" id=\"seo-word\" data-widget_type=\"heading.default\">\n\t\t\t\t<div class=\"elementor-widget-container\">\n\t\t\t\t\t<h5 class=\"elementor-heading-title elementor-size-default\">quels sont les formulaires d'entreprise<\/h5>\t\t\t\t<\/div>\n\t\t\t\t<\/div>\n\t\t\t\t<div class=\"elementor-element elementor-element-ad8e000 elementor-hidden-desktop elementor-hidden-tablet elementor-hidden-mobile elementor-widget elementor-widget-heading\" data-id=\"ad8e000\" data-element_type=\"widget\" data-e-type=\"widget\" id=\"seo-word\" data-widget_type=\"heading.default\">\n\t\t\t\t<div class=\"elementor-widget-container\">\n\t\t\t\t\t<h5 class=\"elementor-heading-title elementor-size-default\">Pays-Bas ind\u00e9pendants<\/h5>\t\t\t\t<\/div>\n\t\t\t\t<\/div>\n\t\t\t\t<div class=\"elementor-element elementor-element-b88a74a elementor-hidden-desktop elementor-hidden-tablet elementor-hidden-mobile elementor-widget elementor-widget-heading\" data-id=\"b88a74a\" data-element_type=\"widget\" data-e-type=\"widget\" id=\"seo-word\" data-widget_type=\"heading.default\">\n\t\t\t\t<div class=\"elementor-widget-container\">\n\t\t\t\t\t<h5 class=\"elementor-heading-title elementor-size-default\">De quoi avez-vous besoin pour cr\u00e9er une entreprise aux Pays-Bas ?<\/h5>\t\t\t\t<\/div>\n\t\t\t\t<\/div>\n\t\t\t\t<div class=\"elementor-element elementor-element-c7ad9c0 elementor-hidden-desktop elementor-hidden-tablet elementor-hidden-mobile elementor-widget elementor-widget-heading\" data-id=\"c7ad9c0\" data-element_type=\"widget\" data-e-type=\"widget\" id=\"seo-word\" data-widget_type=\"heading.default\">\n\t\t\t\t<div class=\"elementor-widget-container\">\n\t\t\t\t\t<h5 class=\"elementor-heading-title elementor-size-default\">Comment cr\u00e9er une entreprise aux Pays-Bas ?<\/h5>\t\t\t\t<\/div>\n\t\t\t\t<\/div>\n\t\t\t\t<div class=\"elementor-element elementor-element-2cd7bde elementor-hidden-desktop elementor-hidden-tablet elementor-hidden-mobile elementor-widget elementor-widget-heading\" data-id=\"2cd7bde\" data-element_type=\"widget\" data-e-type=\"widget\" id=\"seo-word\" data-widget_type=\"heading.default\">\n\t\t\t\t<div class=\"elementor-widget-container\">\n\t\t\t\t\t<h5 class=\"elementor-heading-title elementor-size-default\">avocat services aux entreprises enschede<\/h5>\t\t\t\t<\/div>\n\t\t\t\t<\/div>\n\t\t\t\t<div class=\"elementor-element elementor-element-591cedb elementor-hidden-desktop elementor-hidden-tablet elementor-hidden-mobile elementor-widget elementor-widget-heading\" data-id=\"591cedb\" data-element_type=\"widget\" data-e-type=\"widget\" id=\"seo-word\" data-widget_type=\"heading.default\">\n\t\t\t\t<div class=\"elementor-widget-container\">\n\t\t\t\t\t<h5 class=\"elementor-heading-title elementor-size-default\">services aux entreprises avocats overijssel<\/h5>\t\t\t\t<\/div>\n\t\t\t\t<\/div>\n\t\t\t\t<div class=\"elementor-element elementor-element-b8d9afa elementor-hidden-desktop elementor-hidden-tablet elementor-hidden-mobile elementor-widget elementor-widget-heading\" data-id=\"b8d9afa\" data-element_type=\"widget\" data-e-type=\"widget\" id=\"seo-word\" data-widget_type=\"heading.default\">\n\t\t\t\t<div class=\"elementor-widget-container\">\n\t\t\t\t\t<h5 class=\"elementor-heading-title elementor-size-default\">juristes d'entreprise derbedrosiens<\/h5>\t\t\t\t<\/div>\n\t\t\t\t<\/div>\n\t\t\t\t<div class=\"elementor-element elementor-element-ba40882 elementor-hidden-desktop elementor-hidden-tablet elementor-hidden-mobile elementor-widget elementor-widget-heading\" data-id=\"ba40882\" data-element_type=\"widget\" data-e-type=\"widget\" id=\"seo-word\" data-widget_type=\"heading.default\">\n\t\t\t\t<div class=\"elementor-widget-container\">\n\t\t\t\t\t<h5 class=\"elementor-heading-title elementor-size-default\">avocats d'affaires aux pays-bas<\/h5>\t\t\t\t<\/div>\n\t\t\t\t<\/div>\n\t\t\t\t<div class=\"elementor-element elementor-element-bd4f0d9 elementor-hidden-desktop elementor-hidden-tablet elementor-hidden-mobile elementor-widget elementor-widget-heading\" data-id=\"bd4f0d9\" data-element_type=\"widget\" data-e-type=\"widget\" id=\"seo-word\" data-widget_type=\"heading.default\">\n\t\t\t\t<div class=\"elementor-widget-container\">\n\t\t\t\t\t<h5 class=\"elementor-heading-title elementor-size-default\">La cr\u00e9ation d'une entreprise aux Pays-Bas est une \u00e9tape importante pour les entrepreneurs ind\u00e9pendants. Les avocats Derbedrosian sp\u00e9cialis\u00e9s dans les services aux entreprises, bas\u00e9s \u00e0 Enschede et op\u00e9rant dans l'Overijssel, comprennent les aspects juridiques des services aux entreprises et du droit des soci\u00e9t\u00e9s aux Pays-Bas. Nos avocats d'affaires peuvent vous aider \u00e0 chaque \u00e9tape de la cr\u00e9ation de votre entreprise.\n\nLe processus de cr\u00e9ation d'une soci\u00e9t\u00e9 aux Pays-Bas comporte plusieurs \u00e9tapes, notamment le choix de la forme juridique appropri\u00e9e, l'enregistrement de votre soci\u00e9t\u00e9 aupr\u00e8s de la Chambre de commerce, le respect des obligations fiscales et la r\u00e9daction de documents juridiquement contraignants. Nos avocats poss\u00e8dent l'expertise n\u00e9cessaire pour vous guider tout au long de ce processus et veiller \u00e0 ce que vos int\u00e9r\u00eats commerciaux soient l\u00e9galement prot\u00e9g\u00e9s.\n\nEn tant qu'entrepreneur ind\u00e9pendant souhaitant proposer des services commerciaux aux Pays-Bas, il est essentiel de prendre les bonnes mesures juridiques. Les avocats Derbedrosian Business Services Lawyers sont l\u00e0 pour vous aider \u00e0 prendre ces mesures et \u00e0 veiller \u00e0 ce que votre entreprise soit conforme \u00e0 toutes les lois et r\u00e9glementations applicables.\n\nN'h\u00e9sitez pas \u00e0 nous contacter pour obtenir des conseils juridiques d'experts et de l'aide pour la cr\u00e9ation de votre entreprise aux Pays-Bas. Nous nous engageons \u00e0 soutenir vos objectifs commerciaux et \u00e0 assurer une base juridique solide \u00e0 votre entreprise.<\/h5>\t\t\t\t<\/div>\n\t\t\t\t<\/div>\n\t\t\t\t<div class=\"elementor-element elementor-element-c5fb050 elementor-widget elementor-widget-heading\" data-id=\"c5fb050\" data-element_type=\"widget\" data-e-type=\"widget\" data-widget_type=\"heading.default\">\n\t\t\t\t<div class=\"elementor-widget-container\">\n\t\t\t\t\t<h3 class=\"elementor-heading-title elementor-size-default\">Cr\u00e9ation d'une soci\u00e9t\u00e9 n\u00e9erlandaise<\/h3>\t\t\t\t<\/div>\n\t\t\t\t<\/div>\n\t\t\t\t<div class=\"elementor-element elementor-element-b5568ec color-scheme-inherit text-left elementor-widget elementor-widget-text-editor\" data-id=\"b5568ec\" data-element_type=\"widget\" data-e-type=\"widget\" data-widget_type=\"text-editor.default\">\n\t\t\t\t<div class=\"elementor-widget-container\">\n\t\t\t\t\t\t\t\t\t<p>La cr\u00e9ation d'une entreprise n\u00e9erlandaise est une exp\u00e9rience passionnante pour de nombreuses personnes. Elle n\u00e9cessite une planification et une pr\u00e9paration minutieuses. Que vous soyez un entrepreneur exp\u00e9riment\u00e9 ou que vous entriez dans le monde des affaires pour la premi\u00e8re fois, il est essentiel pour votre r\u00e9ussite de comprendre les \u00e9tapes et les consid\u00e9rations li\u00e9es \u00e0 la cr\u00e9ation d'une entreprise n\u00e9erlandaise. Vous trouverez ci-dessous les principales \u00e9tapes et consid\u00e9rations \u00e0 prendre en compte lors de la cr\u00e9ation de votre propre entreprise :<\/p><ul><li><strong>R\u00e9daction du plan d'affaires :<\/strong> Le plan d'entreprise est l'\u00e9pine dorsale de votre entreprise et sert de guide \u00e0 vos activit\u00e9s. Il s'agit d'un document qui d\u00e9taille les objectifs, les strat\u00e9gies et les projections financi\u00e8res de votre entreprise. Prenez le temps de d\u00e9finir clairement votre vision et votre mission.<\/li><li><strong>R\u00e9aliser des \u00e9tudes de march\u00e9 :<\/strong> R\u00e9alisez une \u00e9tude de march\u00e9 approfondie pour comprendre votre march\u00e9 cible et d\u00e9finir votre strat\u00e9gie commerciale. Il s'agit notamment d'analyser les concurrents, les tendances du march\u00e9 et les opportunit\u00e9s. Identifier votre argument de vente unique (USP) pour vous diff\u00e9rencier des autres.<\/li><li><strong>\u00c9laboration d'un plan financier :<\/strong> La pr\u00e9paration d'un plan financier d\u00e9taill\u00e9 est essentielle pour \u00e9valuer la viabilit\u00e9 de votre entreprise. Il comprend la budg\u00e9tisation, l'analyse des investissements et les projections de flux de tr\u00e9sorerie. Il vous permet de fixer vos objectifs financiers de mani\u00e8re r\u00e9aliste.<\/li><li><strong>Nom de l'entreprise S\u00e9lectionnez :<\/strong> choisir un nom d'entreprise unique et appropri\u00e9 qui r\u00e9ponde aux exigences l\u00e9gales et corresponde \u00e0 l'identit\u00e9 de votre marque. V\u00e9rifiez si le nom choisi est disponible et enregistrez-le si n\u00e9cessaire.<\/li><li><strong>Choix de la forme juridique :<\/strong> D\u00e9terminez la forme juridique qui convient le mieux \u00e0 votre entreprise : entreprise individuelle, soci\u00e9t\u00e9 en nom collectif (VOF), soci\u00e9t\u00e9 \u00e0 responsabilit\u00e9 limit\u00e9e (BV) ou soci\u00e9t\u00e9 anonyme (NV). Ce choix aura une incidence sur vos obligations juridiques et fiscales.<\/li><li><strong>Tenue et conservation des dossiers :<\/strong> Tenez des registres financiers pr\u00e9cis conform\u00e9ment aux exigences l\u00e9gales. Veillez \u00e0 conserver les documents financiers tels que les factures, les re\u00e7us et les relev\u00e9s bancaires.<\/li><li><strong>Conditions g\u00e9n\u00e9rales et dispositions en mati\u00e8re d'assurance :<\/strong> \u00c9tablissez des conditions claires pour vous prot\u00e9ger et prot\u00e9ger vos clients. R\u00e9fl\u00e9chissez \u00e9galement aux assurances n\u00e9cessaires, comme l'assurance responsabilit\u00e9 civile, pour limiter les risques.<\/li><li><strong>R\u00e9pondre aux exigences l\u00e9gales :<\/strong> Recherchez et comprenez les exigences juridiques sp\u00e9cifiques et les permis applicables \u00e0 votre secteur d'activit\u00e9. Il est essentiel de respecter ces exigences pour \u00e9viter les probl\u00e8mes juridiques et permettre \u00e0 votre entreprise de fonctionner en toute l\u00e9galit\u00e9.<\/li><\/ul><p>Des conseils et une orientation professionnels tout au long de ce processus peuvent vous aider \u00e0 respecter tous les aspects juridiques, financiers et op\u00e9rationnels. La cr\u00e9ation d'une entreprise offre des opportunit\u00e9s, mais elle n\u00e9cessite \u00e9galement une pr\u00e9paration minutieuse et un d\u00e9vouement sans faille pour \u00eatre couronn\u00e9e de succ\u00e8s.<\/p>\t\t\t\t\t\t\t\t<\/div>\n\t\t\t\t<\/div>\n\t\t\t\t<div class=\"elementor-element elementor-element-613559a elementor-widget elementor-widget-spacer\" data-id=\"613559a\" data-element_type=\"widget\" data-e-type=\"widget\" data-widget_type=\"spacer.default\">\n\t\t\t\t<div class=\"elementor-widget-container\">\n\t\t\t\t\t\t\t<div class=\"elementor-spacer\">\n\t\t\t<div class=\"elementor-spacer-inner\"><\/div>\n\t\t<\/div>\n\t\t\t\t\t\t<\/div>\n\t\t\t\t<\/div>\n\t\t\t\t<div class=\"elementor-element elementor-element-6bf7b6e elementor-widget elementor-widget-heading\" data-id=\"6bf7b6e\" data-element_type=\"widget\" data-e-type=\"widget\" data-widget_type=\"heading.default\">\n\t\t\t\t<div class=\"elementor-widget-container\">\n\t\t\t\t\t<h3 class=\"elementor-heading-title elementor-size-default\">Cr\u00e9er une entreprise n\u00e9erlandaise en tant qu'\u00e9tranger ?<\/h3>\t\t\t\t<\/div>\n\t\t\t\t<\/div>\n\t\t\t\t<div class=\"elementor-element elementor-element-589efc1 color-scheme-inherit text-left elementor-widget elementor-widget-text-editor\" data-id=\"589efc1\" data-element_type=\"widget\" data-e-type=\"widget\" data-widget_type=\"text-editor.default\">\n\t\t\t\t<div class=\"elementor-widget-container\">\n\t\t\t\t\t\t\t\t\t<p>Les \u00e9trangers peuvent exercer une activit\u00e9 ind\u00e9pendante aux Pays-Bas, \u00e0 condition de remplir certaines conditions. Ces conditions visent \u00e0 garantir que votre travail apporte une contribution positive \u00e0 l'\u00e9conomie n\u00e9erlandaise. Si vous \u00eates un entrepreneur ind\u00e9pendant, vous pouvez demander la <a href=\"https:\/\/www.derbedrosian.nl\/fr\/juridictions\/droit-de-limmigration\/permis-de-sejour-travailleur-independant\/\">Permis de s\u00e9jour \"travailleur ind\u00e9pendant<\/a> les applications. Voici les principales conditions :<\/p><ul><li><strong>Conditions d'utilisation :<\/strong> vous devez remplir les conditions g\u00e9n\u00e9rales qui s'appliquent \u00e0 tous les demandeurs d'un permis de s\u00e9jour aux Pays-Bas. Il s'agit notamment de votre identit\u00e9, de votre \u00e9tat de sant\u00e9 et de vos \u00e9ventuels ant\u00e9c\u00e9dents criminels.<\/li><li><strong>Importance essentielle pour l'\u00e9conomie n\u00e9erlandaise :<\/strong>\u00a0votre travail doit avoir un impact substantiel sur l'\u00e9conomie n\u00e9erlandaise. Il peut s'agir, par exemple, de la cr\u00e9ation d'emplois, de l'attraction d'investissements ou de la fourniture de services ou de produits innovants.<\/li><li><strong>Inscription \u00e0 la Chambre de commerce :<\/strong>\u00a0vous devez \u00eatre inscrit au registre du commerce de la Chambre de commerce. Cette inscription est importante pour reconna\u00eetre formellement votre entreprise.<\/li><li><strong>Satisfaire aux exigences de revenu :<\/strong>\u00a0vous devez remplir des conditions de revenus sp\u00e9cifiques qui peuvent \u00eatre d\u00e9montr\u00e9es dans votre plan d'affaires. Le plan d'entreprise doit pr\u00e9ciser vos perspectives financi\u00e8res et la mani\u00e8re dont vous gagnerez votre vie.<\/li><\/ul><p>Des conseils juridiques peuvent vous aider \u00e0 vous assurer que vous r\u00e9pondez \u00e0 toutes les exigences et que vous pouvez mener \u00e0 bien vos projets d'entreprise. L'entrepreneuriat peut non seulement influencer votre propre avenir, mais aussi contribuer \u00e0 la croissance et au d\u00e9veloppement de l'\u00e9conomie n\u00e9erlandaise.<\/p>\t\t\t\t\t\t\t\t<\/div>\n\t\t\t\t<\/div>\n\t\t\t\t<div class=\"elementor-element elementor-element-341ac2e elementor-widget elementor-widget-spacer\" data-id=\"341ac2e\" data-element_type=\"widget\" data-e-type=\"widget\" data-widget_type=\"spacer.default\">\n\t\t\t\t<div class=\"elementor-widget-container\">\n\t\t\t\t\t\t\t<div class=\"elementor-spacer\">\n\t\t\t<div class=\"elementor-spacer-inner\"><\/div>\n\t\t<\/div>\n\t\t\t\t\t\t<\/div>\n\t\t\t\t<\/div>\n\t\t\t\t<div class=\"elementor-element elementor-element-38925a8 elementor-widget elementor-widget-heading\" data-id=\"38925a8\" data-element_type=\"widget\" data-e-type=\"widget\" data-widget_type=\"heading.default\">\n\t\t\t\t<div class=\"elementor-widget-container\">\n\t\t\t\t\t<h3 class=\"elementor-heading-title elementor-size-default\">Quels sont les co\u00fbts li\u00e9s \u00e0 la cr\u00e9ation d'une entreprise aux Pays-Bas ?<\/h3>\t\t\t\t<\/div>\n\t\t\t\t<\/div>\n\t\t\t\t<div class=\"elementor-element elementor-element-c45c0ca color-scheme-inherit text-left elementor-widget elementor-widget-text-editor\" data-id=\"c45c0ca\" data-element_type=\"widget\" data-e-type=\"widget\" data-widget_type=\"text-editor.default\">\n\t\t\t\t<div class=\"elementor-widget-container\">\n\t\t\t\t\t\t\t\t\t<p>La cr\u00e9ation d'une entreprise implique naturellement des co\u00fbts. Mais quels sont les frais auxquels vous pouvez vous attendre ? Nous avons dress\u00e9 ci-dessous une liste des principaux co\u00fbts :<\/p><ul><li><strong>Chambre de commerce (CoC) :<\/strong>\u00a0L'enregistrement d'une entreprise aupr\u00e8s de la Chambre de commerce est soumis \u00e0 une taxe unique de 75 euros.<\/li><li><strong>Frais de notaire :<\/strong>\u00a0Un notaire pr\u00e9pare un acte de soci\u00e9t\u00e9 pour votre entreprise. Les co\u00fbts varient en fonction de la complexit\u00e9 de l'acte et de vos besoins sp\u00e9cifiques.<\/li><li><strong>Frais de bureau :<\/strong>\u00a0Le montant de ces co\u00fbts d\u00e9pend de l'espace que vous utilisez comme bureau. Il peut s'agir d'un simple bureau \u00e0 domicile ou de la location d'un espace de bureau commercial.<\/li><li><strong>Frais de tenue de livres ou de comptabilit\u00e9 :<\/strong>\u00a0le montant de ces co\u00fbts d\u00e9pend de la mesure dans laquelle vous vous occupez vous-m\u00eame de la comptabilit\u00e9 et de la mesure dans laquelle vous confiez des t\u00e2ches \u00e0 un comptable ou \u00e0 un aide-comptable. Les co\u00fbts varient en fonction de la complexit\u00e9 de vos documents financiers et des besoins de votre entreprise.<\/li><\/ul><p>Il est judicieux de consulter un conseiller financier ou un comptable pour vous aider \u00e0 analyser et \u00e0 g\u00e9rer ces co\u00fbts afin que vous puissiez cr\u00e9er votre entreprise en toute confiance.<\/p>\t\t\t\t\t\t\t\t<\/div>\n\t\t\t\t<\/div>\n\t\t\t\t<div class=\"elementor-element elementor-element-0d475e6 elementor-widget elementor-widget-spacer\" data-id=\"0d475e6\" data-element_type=\"widget\" data-e-type=\"widget\" data-widget_type=\"spacer.default\">\n\t\t\t\t<div class=\"elementor-widget-container\">\n\t\t\t\t\t\t\t<div class=\"elementor-spacer\">\n\t\t\t<div class=\"elementor-spacer-inner\"><\/div>\n\t\t<\/div>\n\t\t\t\t\t\t<\/div>\n\t\t\t\t<\/div>\n\t\t\t\t<div class=\"elementor-element elementor-element-4e2298a elementor-widget elementor-widget-heading\" data-id=\"4e2298a\" data-element_type=\"widget\" data-e-type=\"widget\" data-widget_type=\"heading.default\">\n\t\t\t\t<div class=\"elementor-widget-container\">\n\t\t\t\t\t<h3 class=\"elementor-heading-title elementor-size-default\">Services juridiques aux entreprises<\/h3>\t\t\t\t<\/div>\n\t\t\t\t<\/div>\n\t\t\t\t<div class=\"elementor-element elementor-element-d75dd0e color-scheme-inherit text-left elementor-widget elementor-widget-text-editor\" data-id=\"d75dd0e\" data-element_type=\"widget\" data-e-type=\"widget\" data-widget_type=\"text-editor.default\">\n\t\t\t\t<div class=\"elementor-widget-container\">\n\t\t\t\t\t\t\t\t\t<p>Si vous cr\u00e9ez et g\u00e9rez une entreprise aux Pays-Bas, vous serez confront\u00e9 \u00e0 toutes sortes de d\u00e9fis et de probl\u00e8mes juridiques. Qu'il s'agisse de probl\u00e8mes avec vos employ\u00e9s, de contrats ou de probl\u00e8mes internes \u00e0 l'entreprise, il est important d'avoir acc\u00e8s \u00e0 des conseils juridiques fiables.<\/p><p>Le cabinet d'avocats Der Bedrosian pr\u00e9sente <a href=\"https:\/\/www.derbedrosian.nl\/fr\/avocats\/\">des avocats d\u00e9vou\u00e9s<\/a> ont une grande exp\u00e9rience dans les domaines suivants <a href=\"https:\/\/www.derbedrosian.nl\/fr\/juridictions\/services-professionnels\/\">services professionnels<\/a> et nous sommes pr\u00eats \u00e0 vous aider \u00e0 trouver des solutions \u00e0 vos d\u00e9fis commerciaux. Que vous soyez en train de d\u00e9marrer votre activit\u00e9 ou que vous soyez d\u00e9j\u00e0 un acteur \u00e9tabli, nous sommes l\u00e0 pour vous servir.<\/p><p>N'h\u00e9sitez donc pas \u00e0 nous contacter pour obtenir des conseils juridiques professionnels sp\u00e9cialement adapt\u00e9s \u00e0 votre situation personnelle.<\/p>\t\t\t\t\t\t\t\t<\/div>\n\t\t\t\t<\/div>\n\t\t\t\t\t<\/div>\n\t\t\t\t<\/div>\n\t\t\t\t<\/div>","protected":false},"excerpt":{"rendered":"<p>stappenplan opzetten van Nederlands onderneming wij helpen u op weg met het opzetten van een bedrijf zakelijke kansen maar welke<\/p>","protected":false},"author":1,"featured_media":0,"parent":10818,"menu_order":0,"comment_status":"closed","ping_status":"closed","template":"","meta":{"footnotes":""},"class_list":["post-10821","page","type-page","status-publish","hentry"],"_links":{"self":[{"href":"https:\/\/www.derbedrosian.nl\/fr\/wp-json\/wp\/v2\/pages\/10821","targetHints":{"allow":["GET"]}}],"collection":[{"href":"https:\/\/www.derbedrosian.nl\/fr\/wp-json\/wp\/v2\/pages"}],"about":[{"href":"https:\/\/www.derbedrosian.nl\/fr\/wp-json\/wp\/v2\/types\/page"}],"author":[{"embeddable":true,"href":"https:\/\/www.derbedrosian.nl\/fr\/wp-json\/wp\/v2\/users\/1"}],"replies":[{"embeddable":true,"href":"https:\/\/www.derbedrosian.nl\/fr\/wp-json\/wp\/v2\/comments?post=10821"}],"version-history":[{"count":0,"href":"https:\/\/www.derbedrosian.nl\/fr\/wp-json\/wp\/v2\/pages\/10821\/revisions"}],"up":[{"embeddable":true,"href":"https:\/\/www.derbedrosian.nl\/fr\/wp-json\/wp\/v2\/pages\/10818"}],"wp:attachment":[{"href":"https:\/\/www.derbedrosian.nl\/fr\/wp-json\/wp\/v2\/media?parent=10821"}],"curies":[{"name":"wp","href":"https:\/\/api.w.org\/{rel}","templated":true}]}}