{"id":10818,"date":"2023-05-29T09:54:27","date_gmt":"2023-05-29T07:54:27","guid":{"rendered":"https:\/\/derbedrosian.nl\/?page_id=10818"},"modified":"2025-12-21T16:41:40","modified_gmt":"2025-12-21T14:41:40","slug":"services-professionnels","status":"publish","type":"page","link":"https:\/\/www.derbedrosian.nl\/fr\/rechtsgebieden\/zakelijke-dienstverlening\/","title":{"rendered":"Services aux entreprises"},"content":{"rendered":"<div data-elementor-type=\"wp-page\" data-elementor-id=\"10818\" class=\"elementor elementor-10818\" data-elementor-post-type=\"page\">\n\t\t\t\t<div class=\"wd-negative-gap elementor-element elementor-element-b896e5b e-flex e-con-boxed e-con e-parent\" data-id=\"b896e5b\" data-element_type=\"container\" data-e-type=\"container\">\n\t\t\t\t\t<div class=\"e-con-inner\">\n\t\t\t\t<div class=\"elementor-element elementor-element-aeca049 elementor-hidden-desktop elementor-hidden-tablet elementor-hidden-mobile elementor-widget elementor-widget-wd_image_or_svg\" data-id=\"aeca049\" data-element_type=\"widget\" data-e-type=\"widget\" id=\"seo-word\" data-widget_type=\"wd_image_or_svg.default\">\n\t\t\t\t<div class=\"elementor-widget-container\">\n\t\t\t\t\t\n\t\t<div class=\"wd-image text-left\">\n\t\t\t\t\t\t\t\t<img loading=\"lazy\" decoding=\"async\" width=\"1000\" height=\"693\" src=\"https:\/\/www.derbedrosian.nl\/wp-content\/uploads\/rechtsgebied-zakelijke-dienstverlening-1.jpg\" class=\"attachment-full size-full\" alt=\"services aux entreprises juriste d&#039;entreprise n\u00e9erlandais\" srcset=\"https:\/\/www.derbedrosian.nl\/wp-content\/uploads\/rechtsgebied-zakelijke-dienstverlening-1.jpg 1000w, https:\/\/www.derbedrosian.nl\/wp-content\/uploads\/rechtsgebied-zakelijke-dienstverlening-1-400x277.jpg 400w, https:\/\/www.derbedrosian.nl\/wp-content\/uploads\/rechtsgebied-zakelijke-dienstverlening-1-768x532.jpg 768w\" sizes=\"auto, (max-width: 1000px) 100vw, 1000px\" title=\"\">\t\t\t\t\t<\/div>\n\n\t\t\t\t\t\t<\/div>\n\t\t\t\t<\/div>\n\t\t\t\t<div class=\"elementor-element elementor-element-c93c909 elementor-hidden-desktop elementor-hidden-tablet elementor-hidden-mobile elementor-widget elementor-widget-heading\" data-id=\"c93c909\" data-element_type=\"widget\" data-e-type=\"widget\" id=\"seo-word\" data-widget_type=\"heading.default\">\n\t\t\t\t<div class=\"elementor-widget-container\">\n\t\t\t\t\t<h2 class=\"elementor-heading-title elementor-size-default\">Avocats des services aux entreprises enschede<\/h2>\t\t\t\t<\/div>\n\t\t\t\t<\/div>\n\t\t\t\t<div class=\"elementor-element elementor-element-5f96024 elementor-hidden-desktop elementor-hidden-tablet elementor-hidden-mobile elementor-widget elementor-widget-heading\" data-id=\"5f96024\" data-element_type=\"widget\" data-e-type=\"widget\" id=\"seo-word\" data-widget_type=\"heading.default\">\n\t\t\t\t<div class=\"elementor-widget-container\">\n\t\t\t\t\t<h5 class=\"elementor-heading-title elementor-size-default\">cabinet d'avocats derbedrosian<\/h5>\t\t\t\t<\/div>\n\t\t\t\t<\/div>\n\t\t\t\t<div class=\"elementor-element elementor-element-60f926c elementor-hidden-desktop elementor-hidden-tablet elementor-hidden-mobile elementor-widget elementor-widget-heading\" data-id=\"60f926c\" data-element_type=\"widget\" data-e-type=\"widget\" id=\"seo-word\" data-widget_type=\"heading.default\">\n\t\t\t\t<div class=\"elementor-widget-container\">\n\t\t\t\t\t<h5 class=\"elementor-heading-title elementor-size-default\">\u00e9tablissement de services n\u00e9erlandais<\/h5>\t\t\t\t<\/div>\n\t\t\t\t<\/div>\n\t\t\t\t<div class=\"elementor-element elementor-element-b81c149 elementor-hidden-desktop elementor-hidden-tablet elementor-hidden-mobile elementor-widget elementor-widget-heading\" data-id=\"b81c149\" data-element_type=\"widget\" data-e-type=\"widget\" id=\"seo-word\" data-widget_type=\"heading.default\">\n\t\t\t\t<div class=\"elementor-widget-container\">\n\t\t\t\t\t<h5 class=\"elementor-heading-title elementor-size-default\">avocats d'entreprise overijssel <\/h5>\t\t\t\t<\/div>\n\t\t\t\t<\/div>\n\t\t\t\t<div class=\"elementor-element elementor-element-2227d60 elementor-hidden-desktop elementor-hidden-tablet elementor-hidden-mobile elementor-widget elementor-widget-heading\" data-id=\"2227d60\" data-element_type=\"widget\" data-e-type=\"widget\" id=\"seo-word\" data-widget_type=\"heading.default\">\n\t\t\t\t<div class=\"elementor-widget-container\">\n\t\t\t\t\t<h5 class=\"elementor-heading-title elementor-size-default\">juristes d'entreprise enschede<\/h5>\t\t\t\t<\/div>\n\t\t\t\t<\/div>\n\t\t\t\t<div class=\"elementor-element elementor-element-0cf22b8 elementor-hidden-desktop elementor-hidden-tablet elementor-hidden-mobile elementor-widget elementor-widget-heading\" data-id=\"0cf22b8\" data-element_type=\"widget\" data-e-type=\"widget\" id=\"seo-word\" data-widget_type=\"heading.default\">\n\t\t\t\t<div class=\"elementor-widget-container\">\n\t\t\t\t\t<h2 class=\"elementor-heading-title elementor-size-default\">opportunit\u00e9 d'emploi assurance services aux entreprises assurance autres services aux entreprises meilleurs prestataires de services aux entreprises aux pays-bas le secteur<\/h2>\t\t\t\t<\/div>\n\t\t\t\t<\/div>\n\t\t\t\t<div class=\"elementor-element elementor-element-82eed0f elementor-hidden-desktop elementor-hidden-tablet elementor-hidden-mobile elementor-widget elementor-widget-heading\" data-id=\"82eed0f\" data-element_type=\"widget\" data-e-type=\"widget\" id=\"seo-word\" data-widget_type=\"heading.default\">\n\t\t\t\t<div class=\"elementor-widget-container\">\n\t\t\t\t\t<h5 class=\"elementor-heading-title elementor-size-default\">Derbedrosian Business Services Lawyers, bas\u00e9 \u00e0 Enschede et op\u00e9rant dans la r\u00e9gion d'Overijssel, offre des conseils juridiques sp\u00e9cialis\u00e9s et une repr\u00e9sentation dans le domaine des services aux entreprises et du droit des soci\u00e9t\u00e9s. Nos avocats d'affaires exp\u00e9riment\u00e9s comprennent les aspects juridiques complexes de la mise en place de services n\u00e9erlandais et sont pr\u00eats \u00e0 aider les entreprises \u00e0 r\u00e9pondre \u00e0 leurs besoins juridiques.\n\nLa mise en place de services commerciaux aux Pays-Bas n\u00e9cessite une planification juridique minutieuse et le respect des lois et r\u00e9glementations en vigueur. Nos avocats connaissent bien ces questions et peuvent vous guider dans la mise en place de vos services tout en prot\u00e9geant vos int\u00e9r\u00eats et vos droits.\n\nQue vous soyez une entreprise nationale ou internationale engag\u00e9e dans les services aux entreprises ou que vous ayez besoin d'aide pour mettre en place un nouveau service aux Pays-Bas, les avocats Derbedrosian sp\u00e9cialis\u00e9s dans les services aux entreprises sont \u00e0 votre disposition. N'h\u00e9sitez pas \u00e0 nous contacter pour obtenir des conseils juridiques professionnels et une assistance sur mesure. Nous sommes l\u00e0 pour veiller \u00e0 vos int\u00e9r\u00eats commerciaux et vous aider \u00e0 mettre en place vos services aux Pays-Bas.<\/h5>\t\t\t\t<\/div>\n\t\t\t\t<\/div>\n\t\t\t\t<div class=\"elementor-element elementor-element-55deef1 elementor-hidden-desktop elementor-hidden-tablet elementor-hidden-mobile color-scheme-inherit text-left elementor-widget elementor-widget-text-editor\" data-id=\"55deef1\" data-element_type=\"widget\" data-e-type=\"widget\" id=\"seo-word\" data-widget_type=\"text-editor.default\">\n\t\t\t\t<div class=\"elementor-widget-container\">\n\t\t\t\t\t\t\t\t\t<p>Dans le monde dynamique et exigeant des affaires, les d\u00e9fis juridiques sont in\u00e9vitables. Les juristes d'entreprise n\u00e9erlandais jouent un r\u00f4le crucial en tant que partenaires juridiques pour vous aider \u00e0 relever ces d\u00e9fis et \u00e0 prot\u00e9ger et d\u00e9velopper votre entreprise.<\/p><p><em>Expertise juridique pour les entreprises<\/em><\/p><p>Les juristes d'entreprise n\u00e9erlandais comprennent les besoins juridiques sp\u00e9cifiques des entreprises et offrent une large gamme de services juridiques pour r\u00e9pondre \u00e0 ces besoins. Qu'il s'agisse d'une start-up, d'une entreprise de taille moyenne ou d'une grande entreprise, ces juristes ont l'expertise n\u00e9cessaire pour vous aider.<\/p>\t\t\t\t\t\t\t\t<\/div>\n\t\t\t\t<\/div>\n\t\t\t\t<div class=\"elementor-element elementor-element-ea8151d color-scheme-inherit text-left elementor-widget elementor-widget-text-editor\" data-id=\"ea8151d\" data-element_type=\"widget\" data-e-type=\"widget\" data-widget_type=\"text-editor.default\">\n\t\t\t\t<div class=\"elementor-widget-container\">\n\t\t\t\t\t\t\t\t\t<p><strong>M. Der Bedrosian peut agir en tant que Leading Lawyer, faisant le lien entre les clients et les experts sp\u00e9cialis\u00e9s dans diff\u00e9rents domaines. Gr\u00e2ce \u00e0 ses grandes qualit\u00e9s juridiques, il peut fournir des conseils sur mesure. En outre, gr\u00e2ce \u00e0 son vaste r\u00e9seau et \u00e0 ses qualit\u00e9s sociales, il peut mettre les clients en contact avec les bonnes personnes.<\/strong><\/p><p><strong>Les avocats sp\u00e9cialis\u00e9s dans les services aux entreprises jouent un r\u00f4le important en tant que conseillers juridiques et partenaires de confiance des entreprises et des soci\u00e9t\u00e9s. Ces experts juridiques sp\u00e9cialis\u00e9s comprennent les besoins juridiques sp\u00e9cifiques des entreprises clientes et fournissent des services juridiques essentiels pour prot\u00e9ger et promouvoir les int\u00e9r\u00eats des entreprises. \u00c0 une \u00e9poque o\u00f9 les entreprises sont de plus en plus confront\u00e9es \u00e0 des questions complexes susceptibles d'affecter leurs activit\u00e9s et leur croissance, le r\u00f4le de ces juristes est inestimable.<\/strong><\/p>\t\t\t\t\t\t\t\t<\/div>\n\t\t\t\t<\/div>\n\t\t\t\t<div class=\"elementor-element elementor-element-9c0ce77 elementor-widget elementor-widget-spacer\" data-id=\"9c0ce77\" data-element_type=\"widget\" data-e-type=\"widget\" data-widget_type=\"spacer.default\">\n\t\t\t\t<div class=\"elementor-widget-container\">\n\t\t\t\t\t\t\t<div class=\"elementor-spacer\">\n\t\t\t<div class=\"elementor-spacer-inner\"><\/div>\n\t\t<\/div>\n\t\t\t\t\t\t<\/div>\n\t\t\t\t<\/div>\n\t\t\t\t<div class=\"elementor-element elementor-element-7095395 elementor-widget elementor-widget-heading\" data-id=\"7095395\" data-element_type=\"widget\" data-e-type=\"widget\" data-widget_type=\"heading.default\">\n\t\t\t\t<div class=\"elementor-widget-container\">\n\t\t\t\t\t<h3 class=\"elementor-heading-title elementor-size-default\">Soutien juridique aux entreprises<\/h3>\t\t\t\t<\/div>\n\t\t\t\t<\/div>\n\t\t\t\t<div class=\"elementor-element elementor-element-a035b21 color-scheme-inherit text-left elementor-widget elementor-widget-text-editor\" data-id=\"a035b21\" data-element_type=\"widget\" data-e-type=\"widget\" data-widget_type=\"text-editor.default\">\n\t\t\t\t<div class=\"elementor-widget-container\">\n\t\t\t\t\t\t\t\t\t<p>Les services aux entreprises de la profession juridique jouent un r\u00f4le fondamental en fournissant aux soci\u00e9t\u00e9s et aux entreprises des connaissances juridiques sp\u00e9cialis\u00e9es. Cette expertise sp\u00e9cifique est adapt\u00e9e aux besoins souvent complexes du monde des affaires. Nous d\u00e9crivons ci-dessous les services essentiels offerts par les avocats sp\u00e9cialis\u00e9s dans les services aux entreprises :<\/p><ul><li><strong>N\u00e9gociations contractuelles :<\/strong>\u00a0Les avocats d'affaires sont comp\u00e9tents pour r\u00e9diger, r\u00e9viser et n\u00e9gocier des contrats. Leur principal objectif est de veiller \u00e0 ce que ces contrats soient non seulement juridiquement \u00e9tanches, mais aussi qu'ils prot\u00e8gent efficacement les int\u00e9r\u00eats de leurs clients.<\/li><li><strong>Fusions et acquisitions :<\/strong>\u00a0Dans les transactions commerciales importantes, telles que les fusions et les acquisitions, les juristes jouent un r\u00f4le crucial. Ils y contribuent en proc\u00e9dant \u00e0 une v\u00e9rification pr\u00e9alable approfondie, en pr\u00e9parant la documentation n\u00e9cessaire et en veillant \u00e0 ce que la transaction soit conforme \u00e0 toutes les exigences l\u00e9gales.<\/li><li><strong>Protection de la propri\u00e9t\u00e9 intellectuelle :<\/strong>\u00a0La protection de la propri\u00e9t\u00e9 intellectuelle, telle que les brevets, les marques et les droits d'auteur, est vitale pour les entreprises. Les avocats d'affaires conseillent les entreprises sur la mani\u00e8re de prot\u00e9ger et de faire respecter leur propri\u00e9t\u00e9 intellectuelle.<\/li><li><strong>Droit des soci\u00e9t\u00e9s :<\/strong>\u00a0Cela comprend non seulement la cr\u00e9ation d'entreprises, mais aussi le respect de la r\u00e9glementation et la fourniture de conseils juridiques g\u00e9n\u00e9raux aux entreprises dans le cadre de leurs activit\u00e9s quotidiennes.<\/li><\/ul><p>En fait, les juristes sp\u00e9cialis\u00e9s dans les services aux entreprises jouent un r\u00f4le de guide pour les entreprises. Ils s'efforcent de faire en sorte que les entreprises puissent fonctionner en toute s\u00e9curit\u00e9 et dans de bonnes conditions dans le monde compliqu\u00e9 des r\u00e8gles et des lois. Ils donnent des conseils avis\u00e9s et aident \u00e0 r\u00e9soudre les probl\u00e8mes, de sorte que les entreprises se sentent juridiquement solides et prosp\u00e8res, m\u00eame lorsqu'elles sont confront\u00e9es \u00e0 des probl\u00e8mes difficiles.<\/p>\t\t\t\t\t\t\t\t<\/div>\n\t\t\t\t<\/div>\n\t\t\t\t<div class=\"elementor-element elementor-element-d9b1290 elementor-widget elementor-widget-spacer\" data-id=\"d9b1290\" data-element_type=\"widget\" data-e-type=\"widget\" data-widget_type=\"spacer.default\">\n\t\t\t\t<div class=\"elementor-widget-container\">\n\t\t\t\t\t\t\t<div class=\"elementor-spacer\">\n\t\t\t<div class=\"elementor-spacer-inner\"><\/div>\n\t\t<\/div>\n\t\t\t\t\t\t<\/div>\n\t\t\t\t<\/div>\n\t\t\t\t<div class=\"elementor-element elementor-element-e2fac72 elementor-widget elementor-widget-heading\" data-id=\"e2fac72\" data-element_type=\"widget\" data-e-type=\"widget\" data-widget_type=\"heading.default\">\n\t\t\t\t<div class=\"elementor-widget-container\">\n\t\t\t\t\t<h3 class=\"elementor-heading-title elementor-size-default\">Services juridiques aux entreprises <\/h3>\t\t\t\t<\/div>\n\t\t\t\t<\/div>\n\t\t\t\t<div class=\"elementor-element elementor-element-b074379 color-scheme-inherit text-left elementor-widget elementor-widget-text-editor\" data-id=\"b074379\" data-element_type=\"widget\" data-e-type=\"widget\" data-widget_type=\"text-editor.default\">\n\t\t\t\t<div class=\"elementor-widget-container\">\n\t\t\t\t\t\t\t\t\t<p>Une affaire de services aux entreprises peut \u00eatre un processus compliqu\u00e9 qui peut prendre beaucoup de votre temps pr\u00e9cieux. Il est donc judicieux d'avoir le bon avocat \u00e0 vos c\u00f4t\u00e9s.<\/p><p>Le <a href=\"https:\/\/www.derbedrosian.nl\/fr\/avocats\/\">avocats<\/a> Le cabinet d'avocats Der Bedrosian peut vous aider pour les nombreux types de cat\u00e9gories concern\u00e9es. Ils peuvent vous mettre en contact avec les experts appropri\u00e9s. Que vous soyez confront\u00e9 \u00e0 un litige commercial ou que vous ayez besoin de conseils juridiques, notre cabinet d'avocats est pr\u00eat \u00e0 vous aider. Nos avocats discuteront d'abord avec vous de la situation actuelle et exploreront ensuite les options disponibles.<\/p><p>Faire appel \u00e0 un avocat exp\u00e9riment\u00e9 dans le domaine des services aux entreprises peut faire toute la diff\u00e9rence dans l'issue de votre affaire. Contactez-nous d\u00e8s aujourd'hui et laissez-nous vous aider \u00e0 obtenir les meilleurs r\u00e9sultats possibles dans votre affaire de services aux entreprises.<\/p>\t\t\t\t\t\t\t\t<\/div>\n\t\t\t\t<\/div>\n\t\t\t\t<div class=\"elementor-element elementor-element-4e15b36 elementor-widget elementor-widget-spacer\" data-id=\"4e15b36\" data-element_type=\"widget\" data-e-type=\"widget\" data-widget_type=\"spacer.default\">\n\t\t\t\t<div class=\"elementor-widget-container\">\n\t\t\t\t\t\t\t<div class=\"elementor-spacer\">\n\t\t\t<div class=\"elementor-spacer-inner\"><\/div>\n\t\t<\/div>\n\t\t\t\t\t\t<\/div>\n\t\t\t\t<\/div>\n\t\t\t\t<div class=\"elementor-element elementor-element-6104d66 color-scheme-inherit text-left elementor-widget elementor-widget-text-editor\" data-id=\"6104d66\" data-element_type=\"widget\" data-e-type=\"widget\" data-widget_type=\"text-editor.default\">\n\t\t\t\t<div class=\"elementor-widget-container\">\n\t\t\t\t\t\t\t\t\t<p><em>Les avocats du cabinet Der Bedrosian traitent les affaires suivantes en mati\u00e8re de services aux entreprises.<\/em><\/p>\t\t\t\t\t\t\t\t<\/div>\n\t\t\t\t<\/div>\n\t\t\t\t\t<\/div>\n\t\t\t\t<\/div>\n\t\t<div class=\"elementor-element elementor-element-f683106 e-con-full e-grid e-con e-child\" data-id=\"f683106\" data-element_type=\"container\" data-e-type=\"container\">\n\t\t\t\t<div class=\"elementor-element elementor-element-a2fb931 elementor-widget elementor-widget-wd_infobox\" data-id=\"a2fb931\" data-element_type=\"widget\" data-e-type=\"widget\" data-widget_type=\"wd_infobox.default\">\n\t\t\t\t<div class=\"elementor-widget-container\">\n\t\t\t\t\t\t\t<div class=\"info-box-wrapper\">\n\t\t\t<div class=\"wd-info-box text-center box-icon-align-top box-style-base color-scheme- with-animation with-btn box-btn-static\">\n\t\t\t\t\t\t\t\t\t<div class=\"box-icon-wrapper  box-with-icon box-icon-with-bg\">\n\t\t\t\t\t\t<div class=\"info-box-icon\">\n\t\t\t\t\t\t\t\t\t\t\t\t\t\t\t<span class=\"info-svg-wrapper info-icon\" style=\"width:50px; height:50px;\"><svg xmlns=\"http:\/\/www.w3.org\/2000\/svg\" id=\"svg-1786\" data-name=\"Layer 3\" viewbox=\"0 0 450 450\"><defs><style> .cls-1 { fill: #022444; } <\/style><\/defs><path class=\"cls-1\" d=\"m0,225v165h300v-165H0Zm277.5,142.5H22.5v-120h255v120Z\"><\/path><path class=\"cls-1\" d=\"m233.25,262.5H66.75c-3,23.25-19.5,28.5-29.25,30v31.5c9.75,2.25,26.25,8.25,29.25,29.25h165.75c3-25.5,19.5-30,29.25-30v-29.25c-9-1.5-26.25-6-28.5-31.5h0Zm-83.25,75c-16.5,0-30-13.5-30-30s13.5-30,30-30,30,13.5,30,30-13.5,30-30,30Z\"><\/path><path class=\"cls-1\" d=\"m0,405h300v15H0v-15Z\"><\/path><path class=\"cls-1\" d=\"m0,435h300v15H0v-15Z\"><\/path><path class=\"cls-1\" d=\"m15,60v150h135V60H15Zm60,120H30v-30h45v30Zm0-60H30v-30h45v30Zm60,60h-45v-30h45v30Zm0-60h-45v-30h45v30Z\"><\/path><path class=\"cls-1\" d=\"m165,0v210h135V0h-135Zm60,180h-45v-30h45v30Zm0-60h-45v-30h45v30Zm0-60h-45v-30h45v30Zm60,120h-45v-30h45v30Zm0-60h-45v-30h45v30Zm0-60h-45v-30h45v30Z\"><\/path><path class=\"cls-1\" d=\"m315,60v390h45v-60h45v60h45V60h-135Zm60,300h-45v-30h45v30Zm0-60h-45v-30h45v30Zm0-60h-45v-30h45v30Zm0-60h-45v-30h45v30Zm0-60h-45v-30h45v30Zm60,240h-45v-30h45v30Zm0-60h-45v-30h45v30Zm0-60h-45v-30h45v30Zm0-60h-45v-30h45v30Zm0-60h-45v-30h45v30Z\"><\/path><\/svg><\/span>\t\t\t\t\t\t\t\t\t\t\t\t\t<\/div>\n\t\t\t\t\t<\/div>\n\t\t\t\t\n\t\t\t\t<div class=\"info-box-content\">\n\t\t\t\t\t\n\t\t\t\t\t\t\t\t\t\t\t<h4\t\t\t\t\t\tclass=\"info-box-title title box-title-style-default wd-fontsize-m\" data-elementor-setting-key=\"title\">\n\t\t\t\t\t\t\t\tCr\u00e9ation d'une soci\u00e9t\u00e9 n\u00e9erlandaise  <span class=\"seo-word\">avocat Enschede<\/span>\t\t\t\t\t\t<\/h4>\n\t\t\t\t\t\n\t\t\t\t\t<div class=\"info-box-inner reset-last-child\"data-elementor-setting-key=\"content\"><p>Vous souhaitez obtenir des conseils et une assistance en mati\u00e8re d'entreprises et de contrats ? <\/p>\n<\/div>\n\n\t\t\t\t\t\t\t\t\t\t\t<div class=\"info-btn-wrapper\">\n\t\t\t\t\t\t\t\t\t<div class=\"wd-button-wrapper text-center\" >\n\t\t\t<a class=\"btn btn-style-default btn-shape-round btn-size-default btn-color-white btn-icon-pos-right\"  href=\"https:\/\/www.derbedrosian.nl\/fr\/juridictions\/services-professionnels\/creation-dune-societe-neerlandaise\/\" alt=\"opzetten van nederlandse onderneming advocaat\">\n\t\t\t\t<span class=\"wd-btn-text\" data-elementor-setting-key=\"text\">\n\t\t\t\t\tPlus d'informations \u279e\t\t\t\t<\/span>\n\n\t\t\t\t\t\t\t<\/a>\n\t\t<\/div>\n\t\t\t\t\t\t\t\t<\/div>\n\t\t\t\t\t\t\t\t\t<\/div>\n\n\t\t\t\t\t\t\t<\/div>\n\t\t<\/div>\n\t\t\t\t\t\t<\/div>\n\t\t\t\t<\/div>\n\t\t\t\t<\/div>\n\t\t\t\t<\/div>","protected":false},"excerpt":{"rendered":"<p>Zakelijke dienstverlening advocaten enschede derbedrosian advocaten onderneming opzetten van nederlands dienstverlening bedrijfsadvocaten overijssel bedrijfsadvocaten enschede baankans verzekeringen zakelijke dienstverlening verzekeringen<\/p>","protected":false},"author":1,"featured_media":0,"parent":9553,"menu_order":4,"comment_status":"closed","ping_status":"closed","template":"","meta":{"footnotes":""},"class_list":["post-10818","page","type-page","status-publish","hentry"],"_links":{"self":[{"href":"https:\/\/www.derbedrosian.nl\/fr\/wp-json\/wp\/v2\/pages\/10818","targetHints":{"allow":["GET"]}}],"collection":[{"href":"https:\/\/www.derbedrosian.nl\/fr\/wp-json\/wp\/v2\/pages"}],"about":[{"href":"https:\/\/www.derbedrosian.nl\/fr\/wp-json\/wp\/v2\/types\/page"}],"author":[{"embeddable":true,"href":"https:\/\/www.derbedrosian.nl\/fr\/wp-json\/wp\/v2\/users\/1"}],"replies":[{"embeddable":true,"href":"https:\/\/www.derbedrosian.nl\/fr\/wp-json\/wp\/v2\/comments?post=10818"}],"version-history":[{"count":0,"href":"https:\/\/www.derbedrosian.nl\/fr\/wp-json\/wp\/v2\/pages\/10818\/revisions"}],"up":[{"embeddable":true,"href":"https:\/\/www.derbedrosian.nl\/fr\/wp-json\/wp\/v2\/pages\/9553"}],"wp:attachment":[{"href":"https:\/\/www.derbedrosian.nl\/fr\/wp-json\/wp\/v2\/media?parent=10818"}],"curies":[{"name":"wp","href":"https:\/\/api.w.org\/{rel}","templated":true}]}}