{"id":10808,"date":"2023-05-29T09:51:20","date_gmt":"2023-05-29T07:51:20","guid":{"rendered":"https:\/\/derbedrosian.nl\/?page_id=10808"},"modified":"2025-12-21T16:39:02","modified_gmt":"2025-12-21T14:39:02","slug":"prestation-sociale","status":"publish","type":"page","link":"https:\/\/www.derbedrosian.nl\/fr\/rechtsgebieden\/sociaal-zekerheidsrecht\/bijstandsuitkering\/","title":{"rendered":"Prestations d'assistance"},"content":{"rendered":"<div data-elementor-type=\"wp-page\" data-elementor-id=\"10808\" class=\"elementor elementor-10808\" data-elementor-post-type=\"page\">\n\t\t\t\t<div class=\"wd-negative-gap elementor-element elementor-element-57990e8 e-flex e-con-boxed e-con e-parent\" data-id=\"57990e8\" data-element_type=\"container\" data-e-type=\"container\">\n\t\t\t\t\t<div class=\"e-con-inner\">\n\t\t\t\t<div class=\"elementor-element elementor-element-a8dad2d elementor-hidden-desktop elementor-hidden-tablet elementor-hidden-mobile elementor-widget elementor-widget-wd_image_or_svg\" data-id=\"a8dad2d\" data-element_type=\"widget\" data-e-type=\"widget\" id=\"seo-word\" data-widget_type=\"wd_image_or_svg.default\">\n\t\t\t\t<div class=\"elementor-widget-container\">\n\t\t\t\t\t\n\t\t<div class=\"wd-image text-left\">\n\t\t\t\t\t\t\t\t<img loading=\"lazy\" decoding=\"async\" width=\"1000\" height=\"563\" src=\"https:\/\/www.derbedrosian.nl\/wp-content\/uploads\/rechtsgebied-bijstand-uitkering.jpg\" class=\"attachment-full size-full\" alt=\"Demande de prestations de s\u00e9curit\u00e9 sociale unique 2023 avocat de la s\u00e9curit\u00e9 sociale\" srcset=\"https:\/\/www.derbedrosian.nl\/wp-content\/uploads\/rechtsgebied-bijstand-uitkering.jpg 1000w, https:\/\/www.derbedrosian.nl\/wp-content\/uploads\/rechtsgebied-bijstand-uitkering-400x225.jpg 400w, https:\/\/www.derbedrosian.nl\/wp-content\/uploads\/rechtsgebied-bijstand-uitkering-768x432.jpg 768w\" sizes=\"auto, (max-width: 1000px) 100vw, 1000px\" title=\"\">\t\t\t\t\t<\/div>\n\n\t\t\t\t\t\t<\/div>\n\t\t\t\t<\/div>\n\t\t\t\t<div class=\"elementor-element elementor-element-d7e646b elementor-hidden-desktop elementor-hidden-tablet elementor-hidden-mobile elementor-widget elementor-widget-heading\" data-id=\"d7e646b\" data-element_type=\"widget\" data-e-type=\"widget\" id=\"seo-word\" data-widget_type=\"heading.default\">\n\t\t\t\t<div class=\"elementor-widget-container\">\n\t\t\t\t\t<h2 class=\"elementor-heading-title elementor-size-default\">quel est le montant de l'allocation ? je n'en ai pas assez<\/h2>\t\t\t\t<\/div>\n\t\t\t\t<\/div>\n\t\t\t\t<div class=\"elementor-element elementor-element-91780e5 elementor-hidden-desktop elementor-hidden-tablet elementor-hidden-mobile elementor-widget elementor-widget-heading\" data-id=\"91780e5\" data-element_type=\"widget\" data-e-type=\"widget\" id=\"seo-word\" data-widget_type=\"heading.default\">\n\t\t\t\t<div class=\"elementor-widget-container\">\n\t\t\t\t\t<h5 class=\"elementor-heading-title elementor-size-default\">l'\u00e9ligibilit\u00e9 aux prestations sociales<\/h5>\t\t\t\t<\/div>\n\t\t\t\t<\/div>\n\t\t\t\t<div class=\"elementor-element elementor-element-17dbc8d elementor-hidden-desktop elementor-hidden-tablet elementor-hidden-mobile elementor-widget elementor-widget-heading\" data-id=\"17dbc8d\" data-element_type=\"widget\" data-e-type=\"widget\" id=\"seo-word\" data-widget_type=\"heading.default\">\n\t\t\t\t<div class=\"elementor-widget-container\">\n\t\t\t\t\t<h5 class=\"elementor-heading-title elementor-size-default\">a droit \u00e0 une assistance<\/h5>\t\t\t\t<\/div>\n\t\t\t\t<\/div>\n\t\t\t\t<div class=\"elementor-element elementor-element-900ae5a elementor-hidden-desktop elementor-hidden-tablet elementor-hidden-mobile elementor-widget elementor-widget-heading\" data-id=\"900ae5a\" data-element_type=\"widget\" data-e-type=\"widget\" id=\"seo-word\" data-widget_type=\"heading.default\">\n\t\t\t\t<div class=\"elementor-widget-container\">\n\t\t\t\t\t<h5 class=\"elementor-heading-title elementor-size-default\">demande d'aide<\/h5>\t\t\t\t<\/div>\n\t\t\t\t<\/div>\n\t\t\t\t<div class=\"elementor-element elementor-element-6f7550b elementor-hidden-desktop elementor-hidden-tablet elementor-hidden-mobile elementor-widget elementor-widget-heading\" data-id=\"6f7550b\" data-element_type=\"widget\" data-e-type=\"widget\" id=\"seo-word\" data-widget_type=\"heading.default\">\n\t\t\t\t<div class=\"elementor-widget-container\">\n\t\t\t\t\t<h5 class=\"elementor-heading-title elementor-size-default\">droit de la s\u00e9curit\u00e9 sociale<\/h5>\t\t\t\t<\/div>\n\t\t\t\t<\/div>\n\t\t\t\t<div class=\"elementor-element elementor-element-cd075ba elementor-hidden-desktop elementor-hidden-tablet elementor-hidden-mobile elementor-widget elementor-widget-heading\" data-id=\"cd075ba\" data-element_type=\"widget\" data-e-type=\"widget\" id=\"seo-word\" data-widget_type=\"heading.default\">\n\t\t\t\t<div class=\"elementor-widget-container\">\n\t\t\t\t\t<h5 class=\"elementor-heading-title elementor-size-default\">la prestation que je deviens que dois-je faire<\/h5>\t\t\t\t<\/div>\n\t\t\t\t<\/div>\n\t\t\t\t<div class=\"elementor-element elementor-element-492bea3 elementor-hidden-desktop elementor-hidden-tablet elementor-hidden-mobile elementor-widget elementor-widget-heading\" data-id=\"492bea3\" data-element_type=\"widget\" data-e-type=\"widget\" id=\"seo-word\" data-widget_type=\"heading.default\">\n\t\t\t\t<div class=\"elementor-widget-container\">\n\t\t\t\t\t<h5 class=\"elementor-heading-title elementor-size-default\">Avocat droit de la s\u00e9curit\u00e9 sociale overijssel<\/h5>\t\t\t\t<\/div>\n\t\t\t\t<\/div>\n\t\t\t\t<div class=\"elementor-element elementor-element-9548e4a elementor-hidden-desktop elementor-hidden-tablet elementor-hidden-mobile elementor-widget elementor-widget-heading\" data-id=\"9548e4a\" data-element_type=\"widget\" data-e-type=\"widget\" id=\"seo-word\" data-widget_type=\"heading.default\">\n\t\t\t\t<div class=\"elementor-widget-container\">\n\t\t\t\t\t<h5 class=\"elementor-heading-title elementor-size-default\">avocat droit de la s\u00e9curit\u00e9 sociale\nenschede<\/h5>\t\t\t\t<\/div>\n\t\t\t\t<\/div>\n\t\t\t\t<div class=\"elementor-element elementor-element-85e6caa elementor-hidden-desktop elementor-hidden-tablet elementor-hidden-mobile elementor-widget elementor-widget-heading\" data-id=\"85e6caa\" data-element_type=\"widget\" data-e-type=\"widget\" id=\"seo-word\" data-widget_type=\"heading.default\">\n\t\t\t\t<div class=\"elementor-widget-container\">\n\t\t\t\t\t<h5 class=\"elementor-heading-title elementor-size-default\">Avocat en droit de la s\u00e9curit\u00e9 sociale enschede<\/h5>\t\t\t\t<\/div>\n\t\t\t\t<\/div>\n\t\t\t\t<div class=\"elementor-element elementor-element-c39d5a1 elementor-hidden-desktop elementor-hidden-tablet elementor-hidden-mobile elementor-widget elementor-widget-heading\" data-id=\"c39d5a1\" data-element_type=\"widget\" data-e-type=\"widget\" id=\"seo-word\" data-widget_type=\"heading.default\">\n\t\t\t\t<div class=\"elementor-widget-container\">\n\t\t\t\t\t<h5 class=\"elementor-heading-title elementor-size-default\">la prestation que je deviens que dois-je faire<\/h5>\t\t\t\t<\/div>\n\t\t\t\t<\/div>\n\t\t\t\t<div class=\"elementor-element elementor-element-cdaf5d7 elementor-hidden-desktop elementor-hidden-tablet elementor-hidden-mobile elementor-widget elementor-widget-heading\" data-id=\"cdaf5d7\" data-element_type=\"widget\" data-e-type=\"widget\" id=\"seo-word\" data-widget_type=\"heading.default\">\n\t\t\t\t<div class=\"elementor-widget-container\">\n\t\t\t\t\t<h5 class=\"elementor-heading-title elementor-size-default\">Derbedrosian Social Security Lawyers, bas\u00e9 \u00e0 Enschede et op\u00e9rant dans la r\u00e9gion d'Overijssel, offre des conseils juridiques sp\u00e9cialis\u00e9s et une repr\u00e9sentation dans le domaine du droit de la s\u00e9curit\u00e9 sociale. Nos avocats d\u00e9vou\u00e9s comprennent les r\u00e9glementations et proc\u00e9dures complexes de ce domaine du droit et sont l\u00e0 pour vous aider \u00e0 r\u00e9soudre vos probl\u00e8mes juridiques.\n\nSi vous souhaitez b\u00e9n\u00e9ficier de prestations sociales et que vous avez besoin d'aide pour la proc\u00e9dure de demande, nos avocats peuvent vous guider et vous conseiller afin de vous assurer que vous r\u00e9pondez \u00e0 toutes les exigences et que vos droits sont prot\u00e9g\u00e9s.\n\nQu'il s'agisse d'une demande de prestations sociales ou d'autres questions li\u00e9es au droit de la s\u00e9curit\u00e9 sociale, vous \u00eates entre de bonnes mains chez Derbedrosian Social Security Lawyers. N'h\u00e9sitez pas \u00e0 nous contacter pour obtenir une assistance et des conseils juridiques sur mesure. Nous sommes pr\u00eats \u00e0 d\u00e9fendre vos int\u00e9r\u00eats.<\/h5>\t\t\t\t<\/div>\n\t\t\t\t<\/div>\n\t\t\t\t<div class=\"elementor-element elementor-element-8af98b5 elementor-widget elementor-widget-heading\" data-id=\"8af98b5\" data-element_type=\"widget\" data-e-type=\"widget\" data-widget_type=\"heading.default\">\n\t\t\t\t<div class=\"elementor-widget-container\">\n\t\t\t\t\t<h3 class=\"elementor-heading-title elementor-size-default\">Qu'est-ce qu'une prestation d'assistance ?<\/h3>\t\t\t\t<\/div>\n\t\t\t\t<\/div>\n\t\t\t\t<div class=\"elementor-element elementor-element-1f4c741 color-scheme-inherit text-left elementor-widget elementor-widget-text-editor\" data-id=\"1f4c741\" data-element_type=\"widget\" data-e-type=\"widget\" data-widget_type=\"text-editor.default\">\n\t\t\t\t<div class=\"elementor-widget-container\">\n\t\t\t\t\t\t\t\t\t<p>L'allocation d'assistance est une aide financi\u00e8re accord\u00e9e aux Pays-Bas aux personnes dont les revenus sont insuffisants pour couvrir leurs frais de subsistance de base. Elle sert de filet de s\u00e9curit\u00e9 au sein du syst\u00e8me de s\u00e9curit\u00e9 sociale et peut \u00eatre demand\u00e9e par les personnes et les familles rencontrant des difficult\u00e9s financi\u00e8res temporaires ou \u00e0 long terme.<\/p>\t\t\t\t\t\t\t\t<\/div>\n\t\t\t\t<\/div>\n\t\t\t\t<div class=\"elementor-element elementor-element-10cac1f elementor-widget elementor-widget-spacer\" data-id=\"10cac1f\" data-element_type=\"widget\" data-e-type=\"widget\" data-widget_type=\"spacer.default\">\n\t\t\t\t<div class=\"elementor-widget-container\">\n\t\t\t\t\t\t\t<div class=\"elementor-spacer\">\n\t\t\t<div class=\"elementor-spacer-inner\"><\/div>\n\t\t<\/div>\n\t\t\t\t\t\t<\/div>\n\t\t\t\t<\/div>\n\t\t\t\t<div class=\"elementor-element elementor-element-22fb611 elementor-widget elementor-widget-heading\" data-id=\"22fb611\" data-element_type=\"widget\" data-e-type=\"widget\" data-widget_type=\"heading.default\">\n\t\t\t\t<div class=\"elementor-widget-container\">\n\t\t\t\t\t<h3 class=\"elementor-heading-title elementor-size-default\">Ai-je droit \u00e0 des prestations sociales ?<\/h3>\t\t\t\t<\/div>\n\t\t\t\t<\/div>\n\t\t\t\t<div class=\"elementor-element elementor-element-eeaf8f3 color-scheme-inherit text-left elementor-widget elementor-widget-text-editor\" data-id=\"eeaf8f3\" data-element_type=\"widget\" data-e-type=\"widget\" data-widget_type=\"text-editor.default\">\n\t\t\t\t<div class=\"elementor-widget-container\">\n\t\t\t\t\t\t\t\t\t<p>Une prestation d'assistance est une aide financi\u00e8re destin\u00e9e aux personnes qui vivent aux Pays-Bas et qui rencontrent des difficult\u00e9s financi\u00e8res. Pour avoir droit \u00e0 une prestation d'assistance, vous devez remplir les conditions suivantes :<\/p><ul><li><strong>Nationalit\u00e9 ou permis de s\u00e9jour en cours de validit\u00e9 :\u00a0<\/strong> Tout d'abord, vous devez avoir la nationalit\u00e9 n\u00e9erlandaise ou \u00eatre titulaire d'un permis de s\u00e9jour en cours de validit\u00e9 vous autorisant \u00e0 s\u00e9journer aux Pays-Bas. Il s'agit d'une condition essentielle pour pouvoir b\u00e9n\u00e9ficier de l'aide.<\/li><li><strong>L'\u00e2ge :<\/strong> vous devez \u00eatre \u00e2g\u00e9 de 18 ans ou plus pour avoir droit aux prestations d'assistance. Cela signifie que les mineurs n'ont g\u00e9n\u00e9ralement pas droit \u00e0 l'aide.<\/li><li><strong>Revenus ou biens insuffisants :<\/strong> une autre condition est que vous n'ayez pas de revenus ou de biens suffisants pour subvenir \u00e0 vos besoins. Cela signifie que si vos ressources financi\u00e8res sont insuffisantes pour couvrir les frais de subsistance de base tels que le logement et la nourriture, vous pouvez b\u00e9n\u00e9ficier d'une aide.<\/li><li><strong>Aucun droit \u00e0 d'autres prestations :<\/strong> il est \u00e9galement important que vous n'ayez pas droit \u00e0 une autre prestation qui couvre des besoins financiers similaires. Il peut s'agir de prestations telles que la loi sur l'assurance ch\u00f4mage (WW) ou la loi sur le travail et le revenu selon la capacit\u00e9 de travail (WIA). Si vous avez droit \u00e0 une autre prestation, vous n'avez g\u00e9n\u00e9ralement pas droit aux prestations d'aide sociale.<\/li><\/ul><p>Il est \u00e9galement obligatoire que vous puissiez d\u00e9montrer que vous faites des efforts pour conserver ou retrouver un emploi. Cela inclut la recherche active d'un emploi ou la participation \u00e0 des programmes de r\u00e9int\u00e9gration si cela s'applique \u00e0 votre situation.<\/p>\t\t\t\t\t\t\t\t<\/div>\n\t\t\t\t<\/div>\n\t\t\t\t<div class=\"elementor-element elementor-element-ec2b466 elementor-widget elementor-widget-spacer\" data-id=\"ec2b466\" data-element_type=\"widget\" data-e-type=\"widget\" data-widget_type=\"spacer.default\">\n\t\t\t\t<div class=\"elementor-widget-container\">\n\t\t\t\t\t\t\t<div class=\"elementor-spacer\">\n\t\t\t<div class=\"elementor-spacer-inner\"><\/div>\n\t\t<\/div>\n\t\t\t\t\t\t<\/div>\n\t\t\t\t<\/div>\n\t\t\t\t<div class=\"elementor-element elementor-element-12d129c elementor-widget elementor-widget-heading\" data-id=\"12d129c\" data-element_type=\"widget\" data-e-type=\"widget\" data-widget_type=\"heading.default\">\n\t\t\t\t<div class=\"elementor-widget-container\">\n\t\t\t\t\t<h3 class=\"elementor-heading-title elementor-size-default\">Quel est le capital maximum pour b\u00e9n\u00e9ficier des prestations sociales ?<\/h3>\t\t\t\t<\/div>\n\t\t\t\t<\/div>\n\t\t\t\t<div class=\"elementor-element elementor-element-027f6f8 color-scheme-inherit text-left elementor-widget elementor-widget-text-editor\" data-id=\"027f6f8\" data-element_type=\"widget\" data-e-type=\"widget\" data-widget_type=\"text-editor.default\">\n\t\t\t\t<div class=\"elementor-widget-container\">\n\t\t\t\t\t\t\t\t\t<p>Lorsque vous avez droit \u00e0 des prestations sociales, vos ressources financi\u00e8res et les biens que vous \u00eates autoris\u00e9 \u00e0 poss\u00e9der sont limit\u00e9s. Ces limites<span style=\"color: var(--wd-text-color); font-size: 17.6px; letter-spacing: var( --e-global-typography-text-letter-spacing ); text-transform: var( --e-global-typography-text-text-transform ); word-spacing: var( --e-global-typography-text-word-spacing );\">\u00a0Les plafonds d'\u00e9pargne et d'actifs autoris\u00e9s ont pour but de garantir que les prestations d'aide sociale parviennent aux personnes qui en ont r\u00e9ellement besoin sur le plan financier. Les montants exacts des plafonds d'actifs sont d\u00e9crits ci-dessous.<\/span><\/p><ul><li><strong>Les personnes mari\u00e9es, les personnes vivant en concubinage et les parents isol\u00e9s :<\/strong> Pour ce groupe, la limite fix\u00e9e pour le patrimoine est de 15 210 euros. Cela signifie que si vous \u00eates mari\u00e9, en concubinage ou parent isol\u00e9, le montant total de votre \u00e9pargne et de votre patrimoine ne doit pas d\u00e9passer ce montant pour que vous puissiez b\u00e9n\u00e9ficier de l'aide.<\/li><li><strong>En simple :<\/strong> si vous \u00eates c\u00e9libataire, le plafond d'actifs est inf\u00e9rieur, \u00e0 7 605 euros. Cela signifie que les personnes seules doivent maintenir leur \u00e9pargne, leur patrimoine et leurs biens, tels qu'une voiture ou un h\u00e9ritage, en dessous de ce montant pour pouvoir b\u00e9n\u00e9ficier de l'aide.<\/li><\/ul>\t\t\t\t\t\t\t\t<\/div>\n\t\t\t\t<\/div>\n\t\t\t\t<div class=\"elementor-element elementor-element-c7e717c elementor-widget elementor-widget-spacer\" data-id=\"c7e717c\" data-element_type=\"widget\" data-e-type=\"widget\" data-widget_type=\"spacer.default\">\n\t\t\t\t<div class=\"elementor-widget-container\">\n\t\t\t\t\t\t\t<div class=\"elementor-spacer\">\n\t\t\t<div class=\"elementor-spacer-inner\"><\/div>\n\t\t<\/div>\n\t\t\t\t\t\t<\/div>\n\t\t\t\t<\/div>\n\t\t\t\t<div class=\"elementor-element elementor-element-15265a2 elementor-widget elementor-widget-heading\" data-id=\"15265a2\" data-element_type=\"widget\" data-e-type=\"widget\" data-widget_type=\"heading.default\">\n\t\t\t\t<div class=\"elementor-widget-container\">\n\t\t\t\t\t<h3 class=\"elementor-heading-title elementor-size-default\">Quand n'ai-je pas droit \u00e0 l'aide ?<\/h3>\t\t\t\t<\/div>\n\t\t\t\t<\/div>\n\t\t\t\t<div class=\"elementor-element elementor-element-4965faa color-scheme-inherit text-left elementor-widget elementor-widget-text-editor\" data-id=\"4965faa\" data-element_type=\"widget\" data-e-type=\"widget\" data-widget_type=\"text-editor.default\">\n\t\t\t\t<div class=\"elementor-widget-container\">\n\t\t\t\t\t\t\t\t\t<p>Il est important de bien comprendre les circonstances dans lesquelles vous n'avez pas droit aux prestations sociales. Voici quelques-unes de ces situations :<\/p><ul><li><strong>D\u00e9tention :<\/strong> si vous \u00eates emprisonn\u00e9 \u00e0 la suite d'une condamnation p\u00e9nale, vous n'avez g\u00e9n\u00e9ralement pas droit \u00e0 l'assistance.<\/li><li><strong>D\u00e9tention potentielle :<\/strong>\u00a0lorsque vous \u00eates sur le point d'\u00eatre emprisonn\u00e9 pour une affaire p\u00e9nale, votre droit \u00e0 l'assistance est g\u00e9n\u00e9ralement temporairement suspendu.<\/li><li><strong>Service militaire :<\/strong> si vous \u00eates actuellement dans l'arm\u00e9e et que vous percevez des revenus en tant que soldat, vous n'avez g\u00e9n\u00e9ralement pas droit \u00e0 l'aide.<\/li><li><strong>Pas de revenus en raison de la gr\u00e8ve :<\/strong>\u00a0si vous n'avez pas de revenus en raison de votre participation \u00e0 une gr\u00e8ve, cette situation n'est pas consid\u00e9r\u00e9e comme ouvrant droit \u00e0 l'assistance.<\/li><li><strong>R\u00e9sidence de longue dur\u00e9e hors des Pays-Bas :<\/strong> Un s\u00e9jour de plus de quatre semaines hors des Pays-Bas peut avoir une incidence sur le droit \u00e0 l'assistance. Il est conseill\u00e9 de consulter les r\u00e8gles et exigences sp\u00e9cifiques concernant le s\u00e9jour \u00e0 l'\u00e9tranger.<\/li><li><strong>Financement des \u00e9tudes :<\/strong> si vous avez droit \u00e0 une bourse d'\u00e9tudes ou si vous en b\u00e9n\u00e9ficiez d\u00e9j\u00e0, cela peut avoir une incidence sur votre droit \u00e0 l'aide.<\/li><li><strong>L'\u00e2ge et la r\u00e9sidence dans un \u00e9tablissement :<\/strong> si vous avez entre 18, 19 ou 20 ans et que vous \u00eates dans un \u00e9tablissement, cela peut avoir une incidence sur votre droit \u00e0 l'assistance.<\/li><li><strong>Cong\u00e9 sans solde :<\/strong>\u00a0si vous avez pris un cong\u00e9 sans solde, vous n'avez peut-\u00eatre pas droit \u00e0 une assistance pendant cette p\u00e9riode.<\/li><li><strong>Probl\u00e8mes de comportement chez les moins de 27 ans :<\/strong>\u00a0si vous avez moins de 27 ans et que votre comportement et votre attitude vous emp\u00eachent de remplir vos obligations, cela peut limiter votre droit \u00e0 l'assistance.<\/li><\/ul>\t\t\t\t\t\t\t\t<\/div>\n\t\t\t\t<\/div>\n\t\t\t\t<div class=\"elementor-element elementor-element-42f0ce1 elementor-widget elementor-widget-spacer\" data-id=\"42f0ce1\" data-element_type=\"widget\" data-e-type=\"widget\" data-widget_type=\"spacer.default\">\n\t\t\t\t<div class=\"elementor-widget-container\">\n\t\t\t\t\t\t\t<div class=\"elementor-spacer\">\n\t\t\t<div class=\"elementor-spacer-inner\"><\/div>\n\t\t<\/div>\n\t\t\t\t\t\t<\/div>\n\t\t\t\t<\/div>\n\t\t\t\t<div class=\"elementor-element elementor-element-525e02e elementor-widget elementor-widget-heading\" data-id=\"525e02e\" data-element_type=\"widget\" data-e-type=\"widget\" data-widget_type=\"heading.default\">\n\t\t\t\t<div class=\"elementor-widget-container\">\n\t\t\t\t\t<h3 class=\"elementor-heading-title elementor-size-default\">Avocat pour les prestations sociales<\/h3>\t\t\t\t<\/div>\n\t\t\t\t<\/div>\n\t\t\t\t<div class=\"elementor-element elementor-element-549b5a0 color-scheme-inherit text-left elementor-widget elementor-widget-text-editor\" data-id=\"549b5a0\" data-element_type=\"widget\" data-e-type=\"widget\" data-widget_type=\"text-editor.default\">\n\t\t\t\t<div class=\"elementor-widget-container\">\n\t\t\t\t\t\t\t\t\t<p>Le droit de la s\u00e9curit\u00e9 sociale est un domaine complexe qui comporte de nombreuses lois et autres r\u00e8gles auxquelles il faut pr\u00eater attention.<\/p><p>Pour \u00e9viter de rencontrer des probl\u00e8mes avec vos prestations sociales, il est judicieux de consulter un avocat. Le cabinet d'avocats Der Bedrosian a <a href=\"https:\/\/www.derbedrosian.nl\/fr\/avocats\/\">avocats sp\u00e9cialis\u00e9s<\/a> ayant de l'exp\u00e9rience dans le domaine de la <a href=\"https:\/\/www.derbedrosian.nl\/fr\/juridictions\/droit-de-la-securite-sociale\/\">droit de la s\u00e9curit\u00e9 sociale<\/a>\u00a0et sont pr\u00eats \u00e0 fournir un soutien professionnel.<\/p><p>Lorsque vous nous contactez, un avocat vous guidera personnellement sur votre situation.<\/p>\t\t\t\t\t\t\t\t<\/div>\n\t\t\t\t<\/div>\n\t\t\t\t\t<\/div>\n\t\t\t\t<\/div>\n\t\t\t\t<\/div>","protected":false},"excerpt":{"rendered":"<p>hoe hoog is de uitkering ik niet genoeg aanmerking voor een bijstandsuitkering recht heeft op bijstand bijstandsuitkering aanvragen sociaal zekerheidsrecht<\/p>","protected":false},"author":1,"featured_media":0,"parent":10804,"menu_order":0,"comment_status":"closed","ping_status":"closed","template":"","meta":{"footnotes":""},"class_list":["post-10808","page","type-page","status-publish","hentry"],"_links":{"self":[{"href":"https:\/\/www.derbedrosian.nl\/fr\/wp-json\/wp\/v2\/pages\/10808","targetHints":{"allow":["GET"]}}],"collection":[{"href":"https:\/\/www.derbedrosian.nl\/fr\/wp-json\/wp\/v2\/pages"}],"about":[{"href":"https:\/\/www.derbedrosian.nl\/fr\/wp-json\/wp\/v2\/types\/page"}],"author":[{"embeddable":true,"href":"https:\/\/www.derbedrosian.nl\/fr\/wp-json\/wp\/v2\/users\/1"}],"replies":[{"embeddable":true,"href":"https:\/\/www.derbedrosian.nl\/fr\/wp-json\/wp\/v2\/comments?post=10808"}],"version-history":[{"count":0,"href":"https:\/\/www.derbedrosian.nl\/fr\/wp-json\/wp\/v2\/pages\/10808\/revisions"}],"up":[{"embeddable":true,"href":"https:\/\/www.derbedrosian.nl\/fr\/wp-json\/wp\/v2\/pages\/10804"}],"wp:attachment":[{"href":"https:\/\/www.derbedrosian.nl\/fr\/wp-json\/wp\/v2\/media?parent=10808"}],"curies":[{"name":"wp","href":"https:\/\/api.w.org\/{rel}","templated":true}]}}