{"id":10799,"date":"2023-05-29T09:47:36","date_gmt":"2023-05-29T07:47:36","guid":{"rendered":"https:\/\/derbedrosian.nl\/?page_id=10799"},"modified":"2025-12-21T16:38:24","modified_gmt":"2025-12-21T14:38:24","slug":"procedure-medicale","status":"publish","type":"page","link":"https:\/\/www.derbedrosian.nl\/fr\/rechtsgebieden\/asielrecht\/medische-procedure\/","title":{"rendered":"Proc\u00e9dure m\u00e9dicale"},"content":{"rendered":"<div data-elementor-type=\"wp-page\" data-elementor-id=\"10799\" class=\"elementor elementor-10799\" data-elementor-post-type=\"page\">\n\t\t\t\t<div class=\"wd-negative-gap elementor-element elementor-element-69754f4 e-flex e-con-boxed e-con e-parent\" data-id=\"69754f4\" data-element_type=\"container\" data-e-type=\"container\">\n\t\t\t\t\t<div class=\"e-con-inner\">\n\t\t\t\t<div class=\"elementor-element elementor-element-a97c004 color-scheme-inherit text-left elementor-widget elementor-widget-text-editor\" data-id=\"a97c004\" data-element_type=\"widget\" data-e-type=\"widget\" data-widget_type=\"text-editor.default\">\n\t\t\t\t<div class=\"elementor-widget-container\">\n\t\t\t\t\t\t\t\t\t<p><strong>Le cabinet d'avocats Der Bedrosian dispose d'avocats sp\u00e9cialis\u00e9s dans le domaine des proc\u00e9dures m\u00e9dicales.<\/strong><\/p>\t\t\t\t\t\t\t\t<\/div>\n\t\t\t\t<\/div>\n\t\t\t\t<div class=\"elementor-element elementor-element-014b80a elementor-widget elementor-widget-spacer\" data-id=\"014b80a\" data-element_type=\"widget\" data-e-type=\"widget\" data-widget_type=\"spacer.default\">\n\t\t\t\t<div class=\"elementor-widget-container\">\n\t\t\t\t\t\t\t<div class=\"elementor-spacer\">\n\t\t\t<div class=\"elementor-spacer-inner\"><\/div>\n\t\t<\/div>\n\t\t\t\t\t\t<\/div>\n\t\t\t\t<\/div>\n\t\t\t\t<div class=\"elementor-element elementor-element-20731d3 elementor-widget elementor-widget-heading\" data-id=\"20731d3\" data-element_type=\"widget\" data-e-type=\"widget\" data-widget_type=\"heading.default\">\n\t\t\t\t<div class=\"elementor-widget-container\">\n\t\t\t\t\t<h3 class=\"elementor-heading-title elementor-size-default\">Permis de s\u00e9jour traitement m\u00e9dical<\/h3>\t\t\t\t<\/div>\n\t\t\t\t<\/div>\n\t\t\t\t<div class=\"elementor-element elementor-element-1530cd3 color-scheme-inherit text-left elementor-widget elementor-widget-text-editor\" data-id=\"1530cd3\" data-element_type=\"widget\" data-e-type=\"widget\" data-widget_type=\"text-editor.default\">\n\t\t\t\t<div class=\"elementor-widget-container\">\n\t\t\t\t\t\t\t\t\t<p>Il se peut que vous ne soyez pas autoris\u00e9 \u00e0 rester moins longtemps aux Pays-Bas, mais vous ne pouvez pas quitter les Pays-Bas en raison d'un traitement m\u00e9dical. Dans certaines situations, vous pouvez obtenir un permis de s\u00e9jour pour raisons m\u00e9dicales.<\/p><p><strong>Condition Proc\u00e9dure m\u00e9dicale<\/strong><\/p><ul><li>Vous ne pouvez pas voyager en raison de votre \u00e9tat de sant\u00e9 ou de celui d'un membre de votre famille.<\/li><li>Si l'arr\u00eat du traitement m\u00e9dical entra\u00eene une urgence m\u00e9dicale<\/li><li>Si le traitement m\u00e9dical ne peut avoir lieu dans votre pays d'origine.<\/li><\/ul>\t\t\t\t\t\t\t\t<\/div>\n\t\t\t\t<\/div>\n\t\t\t\t<div class=\"elementor-element elementor-element-9cbff0f elementor-widget elementor-widget-spacer\" data-id=\"9cbff0f\" data-element_type=\"widget\" data-e-type=\"widget\" data-widget_type=\"spacer.default\">\n\t\t\t\t<div class=\"elementor-widget-container\">\n\t\t\t\t\t\t\t<div class=\"elementor-spacer\">\n\t\t\t<div class=\"elementor-spacer-inner\"><\/div>\n\t\t<\/div>\n\t\t\t\t\t\t<\/div>\n\t\t\t\t<\/div>\n\t\t\t\t<div class=\"elementor-element elementor-element-3c76ff3 elementor-widget elementor-widget-heading\" data-id=\"3c76ff3\" data-element_type=\"widget\" data-e-type=\"widget\" data-widget_type=\"heading.default\">\n\t\t\t\t<div class=\"elementor-widget-container\">\n\t\t\t\t\t<h3 class=\"elementor-heading-title elementor-size-default\">\u00c9valuation IND<\/h3>\t\t\t\t<\/div>\n\t\t\t\t<\/div>\n\t\t\t\t<div class=\"elementor-element elementor-element-2340bca color-scheme-inherit text-left elementor-widget elementor-widget-text-editor\" data-id=\"2340bca\" data-element_type=\"widget\" data-e-type=\"widget\" data-widget_type=\"text-editor.default\">\n\t\t\t\t<div class=\"elementor-widget-container\">\n\t\t\t\t\t\t\t\t\tL'IND \u00e9value la situation m\u00e9dicale de l'\u00e9tranger \u00e0 diff\u00e9rents moments. Tout d'abord, l'IND \u00e9value la situation m\u00e9dicale au moment de la d\u00e9cision sur la demande de s\u00e9jour. En outre, l'IND effectue un test m\u00e9dical lorsque l'\u00e9tranger demande un report de d\u00e9part.\t\t\t\t\t\t\t\t<\/div>\n\t\t\t\t<\/div>\n\t\t\t\t<div class=\"elementor-element elementor-element-200194d elementor-widget elementor-widget-spacer\" data-id=\"200194d\" data-element_type=\"widget\" data-e-type=\"widget\" data-widget_type=\"spacer.default\">\n\t\t\t\t<div class=\"elementor-widget-container\">\n\t\t\t\t\t\t\t<div class=\"elementor-spacer\">\n\t\t\t<div class=\"elementor-spacer-inner\"><\/div>\n\t\t<\/div>\n\t\t\t\t\t\t<\/div>\n\t\t\t\t<\/div>\n\t\t\t\t<div class=\"elementor-element elementor-element-11a3f24 elementor-widget elementor-widget-heading\" data-id=\"11a3f24\" data-element_type=\"widget\" data-e-type=\"widget\" data-widget_type=\"heading.default\">\n\t\t\t\t<div class=\"elementor-widget-container\">\n\t\t\t\t\t<h3 class=\"elementor-heading-title elementor-size-default\">Bureau de conseil m\u00e9dical<\/h3>\t\t\t\t<\/div>\n\t\t\t\t<\/div>\n\t\t\t\t<div class=\"elementor-element elementor-element-785e670 color-scheme-inherit text-left elementor-widget elementor-widget-text-editor\" data-id=\"785e670\" data-element_type=\"widget\" data-e-type=\"widget\" data-widget_type=\"text-editor.default\">\n\t\t\t\t<div class=\"elementor-widget-container\">\n\t\t\t\t\t\t\t\t\t<p>Le Bureau of Medical Advice (BMA) joue un r\u00f4le important dans l'\u00e9valuation des demandes de report de d\u00e9part pr\u00e9sent\u00e9es au Service de l'immigration et de la naturalisation (IND). L'IND dispose d'un personnel sp\u00e9cialis\u00e9 qui traite ces demandes. Le report du d\u00e9part est accord\u00e9 dans certaines situations, \u00e0 savoir<\/p><ul><li><strong>La tuberculose :<\/strong> Si la personne a \u00e9t\u00e9 diagnostiqu\u00e9e avec la tuberculose.<\/li><li><strong>Admission dans un \u00e9tablissement m\u00e9dical :<\/strong> lorsqu'une personne est admise dans un \u00e9tablissement m\u00e9dical et ne peut pas encore en sortir.<\/li><li><strong>Les femmes dans la maternit\u00e9 :<\/strong> si les femmes sont susceptibles d'accoucher dans les six semaines ou si elles sont en p\u00e9riode de maternit\u00e9.<\/li><\/ul><p>Pour b\u00e9n\u00e9ficier d'un report de d\u00e9part, des conditions sp\u00e9cifiques doivent \u00eatre remplies, et l'avis du BMA joue un r\u00f4le central \u00e0 cet \u00e9gard. L'IND accorde un report lorsque l'avis du BMA montre que les soins m\u00e9dicaux n\u00e9cessaires ne sont pas disponibles dans le pays d'origine et qu'une situation d'urgence risque de survenir rapidement et d'entra\u00eener la mort, l'invalidit\u00e9 ou des dommages physiques.<\/p><p>Si les possibilit\u00e9s de traitement m\u00e9dical sont suffisantes dans le pays d'origine, la demande de report sera rejet\u00e9e. En outre, l'AMB peut recommander que le voyage ait lieu dans certaines conditions afin de garantir la sant\u00e9 et la s\u00e9curit\u00e9 de la personne concern\u00e9e. Dans certains cas, l'AMB peut \u00e9galement recommander que le ressortissant \u00e9tranger soit transf\u00e9r\u00e9 chez un m\u00e9decin ou un sp\u00e9cialiste pour recevoir des soins m\u00e9dicaux suppl\u00e9mentaires apr\u00e8s son arriv\u00e9e.<\/p><p>La BMA joue un r\u00f4le essentiel dans la protection de la sant\u00e9 et du bien-\u00eatre des personnes qui demandent un d\u00e9part diff\u00e9r\u00e9 pour des raisons m\u00e9dicales. Le processus est minutieux et bas\u00e9 sur des \u00e9valuations m\u00e9dicales afin de s'assurer que les bonnes d\u00e9cisions sont prises dans ces domaines sensibles\".<\/p>\t\t\t\t\t\t\t\t<\/div>\n\t\t\t\t<\/div>\n\t\t\t\t<div class=\"elementor-element elementor-element-0575ccc elementor-widget elementor-widget-spacer\" data-id=\"0575ccc\" data-element_type=\"widget\" data-e-type=\"widget\" data-widget_type=\"spacer.default\">\n\t\t\t\t<div class=\"elementor-widget-container\">\n\t\t\t\t\t\t\t<div class=\"elementor-spacer\">\n\t\t\t<div class=\"elementor-spacer-inner\"><\/div>\n\t\t<\/div>\n\t\t\t\t\t\t<\/div>\n\t\t\t\t<\/div>\n\t\t\t\t<div class=\"elementor-element elementor-element-528d009 elementor-widget elementor-widget-heading\" data-id=\"528d009\" data-element_type=\"widget\" data-e-type=\"widget\" data-widget_type=\"heading.default\">\n\t\t\t\t<div class=\"elementor-widget-container\">\n\t\t\t\t\t<h3 class=\"elementor-heading-title elementor-size-default\">Avocat permis de s\u00e9jour raisons m\u00e9dicales<\/h3>\t\t\t\t<\/div>\n\t\t\t\t<\/div>\n\t\t\t\t<div class=\"elementor-element elementor-element-4fda1d9 color-scheme-inherit text-left elementor-widget elementor-widget-text-editor\" data-id=\"4fda1d9\" data-element_type=\"widget\" data-e-type=\"widget\" data-widget_type=\"text-editor.default\">\n\t\t\t\t<div class=\"elementor-widget-container\">\n\t\t\t\t\t\t\t\t\t<p>Une proc\u00e9dure de r\u00e9clamation concernant votre avocat pour un permis de s\u00e9jour pour raisons m\u00e9dicales comprend plusieurs \u00e9tapes. Nous souhaitons vous expliquer clairement la proc\u00e9dure :<\/p><ul><li><strong>Plainte :<\/strong> vous ne pouvez d\u00e9poser votre plainte que par \u00e9crit aupr\u00e8s du tribunal. Celui-ci enregistrera votre plainte et en enverra une copie au procureur g\u00e9n\u00e9ral.<\/li><li><strong>\u00c9valuation de la plainte :<\/strong> la Chambre des plaintes d\u00e9terminera s'il est n\u00e9cessaire que vous fournissiez des explications suppl\u00e9mentaires lors d'une audience. Cela peut d\u00e9pendre de la nature de votre plainte.<\/li><li><strong>Appel \u00e0 la session :<\/strong> si la Chambre des plaintes d\u00e9cide qu'une audience est n\u00e9cessaire, vous recevrez une convocation.<\/li><li><strong>Si\u00e8ge :<\/strong> au cours de l'audition, la chambre des plaintes discutera de votre plainte et posera toutes les questions n\u00e9cessaires pour mieux comprendre votre cas.<\/li><li><strong>D\u00e9cision :<\/strong> \u00e0 l'issue de l'audience, la chambre de rattachement rend une d\u00e9cision qui peut \u00eatre positive ou n\u00e9gative. Elle s'efforce de le faire dans les six semaines suivant l'audience.<\/li><li><strong>Aucun recours possible :<\/strong> il est important de savoir qu'il n'y a pas de possibilit\u00e9 d'appel apr\u00e8s la d\u00e9cision de la chambre de saisie. Cette d\u00e9cision est d\u00e9finitive.<\/li><\/ul>\t\t\t\t\t\t\t\t<\/div>\n\t\t\t\t<\/div>\n\t\t\t\t<div class=\"elementor-element elementor-element-09f6be3 elementor-widget elementor-widget-spacer\" data-id=\"09f6be3\" data-element_type=\"widget\" data-e-type=\"widget\" data-widget_type=\"spacer.default\">\n\t\t\t\t<div class=\"elementor-widget-container\">\n\t\t\t\t\t\t\t<div class=\"elementor-spacer\">\n\t\t\t<div class=\"elementor-spacer-inner\"><\/div>\n\t\t<\/div>\n\t\t\t\t\t\t<\/div>\n\t\t\t\t<\/div>\n\t\t\t\t<div class=\"elementor-element elementor-element-4ab6840 elementor-widget elementor-widget-heading\" data-id=\"4ab6840\" data-element_type=\"widget\" data-e-type=\"widget\" data-widget_type=\"heading.default\">\n\t\t\t\t<div class=\"elementor-widget-container\">\n\t\t\t\t\t<h3 class=\"elementor-heading-title elementor-size-default\">Proc\u00e9dure de plainte avocat <\/h3>\t\t\t\t<\/div>\n\t\t\t\t<\/div>\n\t\t\t\t<div class=\"elementor-element elementor-element-d510590 color-scheme-inherit text-left elementor-widget elementor-widget-text-editor\" data-id=\"d510590\" data-element_type=\"widget\" data-e-type=\"widget\" data-widget_type=\"text-editor.default\">\n\t\t\t\t<div class=\"elementor-widget-container\">\n\t\t\t\t\t\t\t\t\t<p>Vous \u00eates actuellement malade ou suivez un traitement m\u00e9dical, mais vous devez quitter les Pays-Bas ? Nous comprenons que cette situation peut \u00eatre difficile et nous vous conseillons de contacter imm\u00e9diatement notre cabinet d'avocats.<\/p><p>Nos avocats exp\u00e9riment\u00e9s connaissent bien les lois relatives \u00e0 l'immigration et aux questions m\u00e9dicales. Ils sont l\u00e0 pour vous aider \u00e0 prolonger votre s\u00e9jour aux Pays-Bas, m\u00eame si vous avez besoin de soins m\u00e9dicaux.<\/p><p>Contactez-nous d\u00e8s aujourd'hui afin que nous puissions examiner la situation avec vous.<\/p>\t\t\t\t\t\t\t\t<\/div>\n\t\t\t\t<\/div>\n\t\t\t\t\t<\/div>\n\t\t\t\t<\/div>\n\t\t\t\t<\/div>","protected":false},"excerpt":{"rendered":"<p>Le cabinet d'avocats Der Bedrosian dispose d'avocats sp\u00e9cialis\u00e9s dans le domaine des proc\u00e9dures m\u00e9dicales. Permis de s\u00e9jour traitement m\u00e9dical Il peut arriver que<\/p>","protected":false},"author":1,"featured_media":0,"parent":10757,"menu_order":0,"comment_status":"closed","ping_status":"closed","template":"","meta":{"footnotes":""},"class_list":["post-10799","page","type-page","status-publish","hentry"],"_links":{"self":[{"href":"https:\/\/www.derbedrosian.nl\/fr\/wp-json\/wp\/v2\/pages\/10799","targetHints":{"allow":["GET"]}}],"collection":[{"href":"https:\/\/www.derbedrosian.nl\/fr\/wp-json\/wp\/v2\/pages"}],"about":[{"href":"https:\/\/www.derbedrosian.nl\/fr\/wp-json\/wp\/v2\/types\/page"}],"author":[{"embeddable":true,"href":"https:\/\/www.derbedrosian.nl\/fr\/wp-json\/wp\/v2\/users\/1"}],"replies":[{"embeddable":true,"href":"https:\/\/www.derbedrosian.nl\/fr\/wp-json\/wp\/v2\/comments?post=10799"}],"version-history":[{"count":0,"href":"https:\/\/www.derbedrosian.nl\/fr\/wp-json\/wp\/v2\/pages\/10799\/revisions"}],"up":[{"embeddable":true,"href":"https:\/\/www.derbedrosian.nl\/fr\/wp-json\/wp\/v2\/pages\/10757"}],"wp:attachment":[{"href":"https:\/\/www.derbedrosian.nl\/fr\/wp-json\/wp\/v2\/media?parent=10799"}],"curies":[{"name":"wp","href":"https:\/\/api.w.org\/{rel}","templated":true}]}}