{"id":10794,"date":"2023-05-29T09:45:51","date_gmt":"2023-05-29T07:45:51","guid":{"rendered":"https:\/\/derbedrosian.nl\/?page_id=10794"},"modified":"2025-12-21T16:36:26","modified_gmt":"2025-12-21T14:36:26","slug":"demandes-dasile-repetees-aa","status":"publish","type":"page","link":"https:\/\/www.derbedrosian.nl\/fr\/rechtsgebieden\/asielrecht\/herhaalde-asielaanvragen-hasa\/","title":{"rendered":"Demandes d'asile r\u00e9p\u00e9t\u00e9es HASA"},"content":{"rendered":"<div data-elementor-type=\"wp-page\" data-elementor-id=\"10794\" class=\"elementor elementor-10794\" data-elementor-post-type=\"page\">\n\t\t\t\t<div class=\"wd-negative-gap elementor-element elementor-element-25c683a e-flex e-con-boxed e-con e-parent\" data-id=\"25c683a\" data-element_type=\"container\" data-e-type=\"container\">\n\t\t\t\t\t<div class=\"e-con-inner\">\n\t\t\t\t<div class=\"elementor-element elementor-element-9d6b899 elementor-hidden-desktop elementor-hidden-tablet elementor-hidden-mobile elementor-widget elementor-widget-wd_image_or_svg\" data-id=\"9d6b899\" data-element_type=\"widget\" data-e-type=\"widget\" id=\"seo-word\" data-widget_type=\"wd_image_or_svg.default\">\n\t\t\t\t<div class=\"elementor-widget-container\">\n\t\t\t\t\t\n\t\t<div class=\"wd-image text-left\">\n\t\t\t\t\t\t\t\t<img loading=\"lazy\" decoding=\"async\" width=\"1000\" height=\"666\" src=\"https:\/\/www.derbedrosian.nl\/wp-content\/uploads\/rechtsgebied-herhaalde-asielaanvragen.jpg\" class=\"attachment-full size-full\" alt=\"demandes d&#039;asile r\u00e9p\u00e9t\u00e9es formulaire HASA avocat droit d&#039;asile hasa ind\" srcset=\"https:\/\/www.derbedrosian.nl\/wp-content\/uploads\/rechtsgebied-herhaalde-asielaanvragen.jpg 1000w, https:\/\/www.derbedrosian.nl\/wp-content\/uploads\/rechtsgebied-herhaalde-asielaanvragen-400x266.jpg 400w, https:\/\/www.derbedrosian.nl\/wp-content\/uploads\/rechtsgebied-herhaalde-asielaanvragen-768x511.jpg 768w\" sizes=\"auto, (max-width: 1000px) 100vw, 1000px\" title=\"\">\t\t\t\t\t<\/div>\n\n\t\t\t\t\t\t<\/div>\n\t\t\t\t<\/div>\n\t\t\t\t<div class=\"elementor-element elementor-element-dde9491 elementor-hidden-desktop elementor-hidden-tablet elementor-hidden-mobile elementor-widget elementor-widget-heading\" data-id=\"dde9491\" data-element_type=\"widget\" data-e-type=\"widget\" id=\"seo-word\" data-widget_type=\"heading.default\">\n\t\t\t\t<div class=\"elementor-widget-container\">\n\t\t\t\t\t<h2 class=\"elementor-heading-title elementor-size-default\">droit d'asile <\/h2>\t\t\t\t<\/div>\n\t\t\t\t<\/div>\n\t\t\t\t<div class=\"elementor-element elementor-element-c5268c6 elementor-hidden-desktop elementor-hidden-tablet elementor-hidden-mobile elementor-widget elementor-widget-heading\" data-id=\"c5268c6\" data-element_type=\"widget\" data-e-type=\"widget\" id=\"seo-word\" data-widget_type=\"heading.default\">\n\t\t\t\t<div class=\"elementor-widget-container\">\n\t\t\t\t\t<h5 class=\"elementor-heading-title elementor-size-default\">Formulaire de demande d'asile renouvel\u00e9e<\/h5>\t\t\t\t<\/div>\n\t\t\t\t<\/div>\n\t\t\t\t<div class=\"elementor-element elementor-element-8c5eff1 elementor-hidden-desktop elementor-hidden-tablet elementor-hidden-mobile elementor-widget elementor-widget-heading\" data-id=\"8c5eff1\" data-element_type=\"widget\" data-e-type=\"widget\" id=\"seo-word\" data-widget_type=\"heading.default\">\n\t\t\t\t<div class=\"elementor-widget-container\">\n\t\t\t\t\t<h5 class=\"elementor-heading-title elementor-size-default\">ind<\/h5>\t\t\t\t<\/div>\n\t\t\t\t<\/div>\n\t\t\t\t<div class=\"elementor-element elementor-element-85f44a0 elementor-hidden-desktop elementor-hidden-tablet elementor-hidden-mobile elementor-widget elementor-widget-heading\" data-id=\"85f44a0\" data-element_type=\"widget\" data-e-type=\"widget\" id=\"seo-word\" data-widget_type=\"heading.default\">\n\t\t\t\t<div class=\"elementor-widget-container\">\n\t\t\t\t\t<h5 class=\"elementor-heading-title elementor-size-default\">avocat sp\u00e9cialis\u00e9 en droit d'asile<\/h5>\t\t\t\t<\/div>\n\t\t\t\t<\/div>\n\t\t\t\t<div class=\"elementor-element elementor-element-9a3cb72 elementor-hidden-desktop elementor-hidden-mobile elementor-widget elementor-widget-heading\" data-id=\"9a3cb72\" data-element_type=\"widget\" data-e-type=\"widget\" id=\"seo-word\" data-widget_type=\"heading.default\">\n\t\t\t\t<div class=\"elementor-widget-container\">\n\t\t\t\t\t<h5 class=\"elementor-heading-title elementor-size-default\">diff\u00e9rence entre le droit des r\u00e9fugi\u00e9s et le droit d'asile<\/h5>\t\t\t\t<\/div>\n\t\t\t\t<\/div>\n\t\t\t\t<div class=\"elementor-element elementor-element-d06d2d9 elementor-hidden-desktop elementor-hidden-tablet elementor-hidden-mobile elementor-widget elementor-widget-heading\" data-id=\"d06d2d9\" data-element_type=\"widget\" data-e-type=\"widget\" id=\"seo-word\" data-widget_type=\"heading.default\">\n\t\t\t\t<div class=\"elementor-widget-container\">\n\t\t\t\t\t<h5 class=\"elementor-heading-title elementor-size-default\">La demande d'asile r\u00e9p\u00e9t\u00e9e a<\/h5>\t\t\t\t<\/div>\n\t\t\t\t<\/div>\n\t\t\t\t<div class=\"elementor-element elementor-element-145a390 elementor-hidden-desktop elementor-hidden-tablet elementor-hidden-mobile elementor-widget elementor-widget-heading\" data-id=\"145a390\" data-element_type=\"widget\" data-e-type=\"widget\" id=\"seo-word\" data-widget_type=\"heading.default\">\n\t\t\t\t<div class=\"elementor-widget-container\">\n\t\t\t\t\t<h5 class=\"elementor-heading-title elementor-size-default\">lettre ouverte \u00e0 la deuxi\u00e8me chambre<\/h5>\t\t\t\t<\/div>\n\t\t\t\t<\/div>\n\t\t\t\t<div class=\"elementor-element elementor-element-62e6d20 elementor-hidden-desktop elementor-hidden-tablet elementor-hidden-mobile elementor-widget elementor-widget-heading\" data-id=\"62e6d20\" data-element_type=\"widget\" data-e-type=\"widget\" id=\"seo-word\" data-widget_type=\"heading.default\">\n\t\t\t\t<div class=\"elementor-widget-container\">\n\t\t\t\t\t<h5 class=\"elementor-heading-title elementor-size-default\">jour points v phase<\/h5>\t\t\t\t<\/div>\n\t\t\t\t<\/div>\n\t\t\t\t<div class=\"elementor-element elementor-element-8a580e3 elementor-hidden-desktop elementor-hidden-tablet elementor-hidden-mobile elementor-widget elementor-widget-heading\" data-id=\"8a580e3\" data-element_type=\"widget\" data-e-type=\"widget\" id=\"seo-word\" data-widget_type=\"heading.default\">\n\t\t\t\t<div class=\"elementor-widget-container\">\n\t\t\t\t\t<h5 class=\"elementor-heading-title elementor-size-default\">avocat enschede droit d'asile<\/h5>\t\t\t\t<\/div>\n\t\t\t\t<\/div>\n\t\t\t\t<div class=\"elementor-element elementor-element-8cfdb2b elementor-hidden-desktop elementor-hidden-tablet elementor-hidden-mobile elementor-widget elementor-widget-heading\" data-id=\"8cfdb2b\" data-element_type=\"widget\" data-e-type=\"widget\" id=\"seo-word\" data-widget_type=\"heading.default\">\n\t\t\t\t<div class=\"elementor-widget-container\">\n\t\t\t\t\t<h5 class=\"elementor-heading-title elementor-size-default\">droit d'asile enschede<\/h5>\t\t\t\t<\/div>\n\t\t\t\t<\/div>\n\t\t\t\t<div class=\"elementor-element elementor-element-ced9ced elementor-hidden-desktop elementor-hidden-tablet elementor-hidden-mobile elementor-widget elementor-widget-heading\" data-id=\"ced9ced\" data-element_type=\"widget\" data-e-type=\"widget\" id=\"seo-word\" data-widget_type=\"heading.default\">\n\t\t\t\t<div class=\"elementor-widget-container\">\n\t\t\t\t\t<h5 class=\"elementor-heading-title elementor-size-default\">avocat droit d'asile overijssel<\/h5>\t\t\t\t<\/div>\n\t\t\t\t<\/div>\n\t\t\t\t<div class=\"elementor-element elementor-element-554c7a3 elementor-hidden-desktop elementor-hidden-tablet elementor-hidden-mobile elementor-widget elementor-widget-heading\" data-id=\"554c7a3\" data-element_type=\"widget\" data-e-type=\"widget\" id=\"seo-word\" data-widget_type=\"heading.default\">\n\t\t\t\t<div class=\"elementor-widget-container\">\n\t\t\t\t\t<h5 class=\"elementor-heading-title elementor-size-default\">avocat droit d'asile enschede<\/h5>\t\t\t\t<\/div>\n\t\t\t\t<\/div>\n\t\t\t\t<div class=\"elementor-element elementor-element-e34074f elementor-hidden-desktop elementor-hidden-tablet elementor-hidden-mobile elementor-widget elementor-widget-heading\" data-id=\"e34074f\" data-element_type=\"widget\" data-e-type=\"widget\" id=\"seo-word\" data-widget_type=\"heading.default\">\n\t\t\t\t<div class=\"elementor-widget-container\">\n\t\t\t\t\t<h5 class=\"elementor-heading-title elementor-size-default\">deuxi\u00e8me chambre sur la proc\u00e9dure d'asile<\/h5>\t\t\t\t<\/div>\n\t\t\t\t<\/div>\n\t\t\t\t<div class=\"elementor-element elementor-element-3cce8b2 elementor-hidden-desktop elementor-hidden-tablet elementor-hidden-mobile elementor-widget elementor-widget-heading\" data-id=\"3cce8b2\" data-element_type=\"widget\" data-e-type=\"widget\" id=\"seo-word\" data-widget_type=\"heading.default\">\n\t\t\t\t<div class=\"elementor-widget-container\">\n\t\t\t\t\t<h5 class=\"elementor-heading-title elementor-size-default\">Une demande d'asile r\u00e9p\u00e9t\u00e9e, souvent appel\u00e9e demande d'asile r\u00e9p\u00e9t\u00e9e (HASA), peut \u00eatre introduite lorsqu'un demandeur d'asile dispose de nouvelles informations montrant qu'il pourrait y avoir de nouveaux motifs de protection. Il s'agit d'une proc\u00e9dure juridique complexe qui n\u00e9cessite des conseils juridiques sp\u00e9cialis\u00e9s.\n\nDerbedrosian Vreemdelingenrecht Advocaten \u00e0 Enschede et Overijssel comprend les d\u00e9fis auxquels les demandeurs d'asile sont confront\u00e9s lors de demandes d'asile r\u00e9p\u00e9t\u00e9es. Notre \u00e9quipe d'avocats sp\u00e9cialis\u00e9s peut vous aider \u00e0 remplir le formulaire de demande d'asile r\u00e9p\u00e9t\u00e9e et \u00e0 introduire votre demande d'asile r\u00e9p\u00e9t\u00e9e.\n\nEn outre, nous comprenons l'importance de soulever ces questions aupr\u00e8s des d\u00e9cideurs politiques et nous pouvons vous conseiller sur la r\u00e9daction d'une lettre de licenciement adress\u00e9e \u00e0 la Chambre des repr\u00e9sentants afin d'attirer l'attention sur votre situation.\n\nSi vous envisagez d'introduire une demande d'asile r\u00e9p\u00e9t\u00e9e, si vous avez besoin d'aide pour la proc\u00e9dure ou si vous souhaitez obtenir des conseils sur la communication avec les d\u00e9cideurs politiques, n'h\u00e9sitez pas \u00e0 contacter Derbedrosian Immigration Lawyers. Nous sommes pr\u00eats \u00e0 vous aider et \u00e0 prot\u00e9ger vos droits.<\/h5>\t\t\t\t<\/div>\n\t\t\t\t<\/div>\n\t\t\t\t<div class=\"elementor-element elementor-element-1211059 color-scheme-inherit text-left elementor-widget elementor-widget-text-editor\" data-id=\"1211059\" data-element_type=\"widget\" data-e-type=\"widget\" data-widget_type=\"text-editor.default\">\n\t\t\t\t<div class=\"elementor-widget-container\">\n\t\t\t\t\t\t\t\t\t<p><strong>Vous avez d\u00e9j\u00e0 introduit une demande d'asile qui a \u00e9t\u00e9 rejet\u00e9e, mais la situation dans votre pays d'origine a chang\u00e9 ? La demande d'asile r\u00e9p\u00e9t\u00e9e HASA peut \u00eatre la solution que vous recherchez. Gr\u00e2ce \u00e0 la HASA, vous avez la possibilit\u00e9 de faire r\u00e9examiner votre dossier et d'avoir ainsi une nouvelle chance d'avoir un avenir s\u00fbr aux Pays-Bas.<\/strong><\/p>\t\t\t\t\t\t\t\t<\/div>\n\t\t\t\t<\/div>\n\t\t\t\t<div class=\"elementor-element elementor-element-7885935 elementor-widget elementor-widget-spacer\" data-id=\"7885935\" data-element_type=\"widget\" data-e-type=\"widget\" data-widget_type=\"spacer.default\">\n\t\t\t\t<div class=\"elementor-widget-container\">\n\t\t\t\t\t\t\t<div class=\"elementor-spacer\">\n\t\t\t<div class=\"elementor-spacer-inner\"><\/div>\n\t\t<\/div>\n\t\t\t\t\t\t<\/div>\n\t\t\t\t<\/div>\n\t\t\t\t<div class=\"elementor-element elementor-element-1e92872 elementor-widget elementor-widget-heading\" data-id=\"1e92872\" data-element_type=\"widget\" data-e-type=\"widget\" data-widget_type=\"heading.default\">\n\t\t\t\t<div class=\"elementor-widget-container\">\n\t\t\t\t\t<h3 class=\"elementor-heading-title elementor-size-default\">Quand parle-t-on de demandes d'asile r\u00e9p\u00e9t\u00e9es (Repeat Asylum Applications HASA) ?<\/h3>\t\t\t\t<\/div>\n\t\t\t\t<\/div>\n\t\t\t\t<div class=\"elementor-element elementor-element-045c632 color-scheme-inherit text-left elementor-widget elementor-widget-text-editor\" data-id=\"045c632\" data-element_type=\"widget\" data-e-type=\"widget\" data-widget_type=\"text-editor.default\">\n\t\t\t\t<div class=\"elementor-widget-container\">\n\t\t\t\t\t\t\t\t\t<p>Une nouvelle demande d'asile La HASA offre la possibilit\u00e9 de d\u00e9poser une nouvelle demande d'asile aux Pays-Bas si des changements importants sont intervenus dans votre pays d'origine ou dans votre situation personnelle. Cette proc\u00e9dure est con\u00e7ue pour donner aux personnes dont la demande a d\u00e9j\u00e0 \u00e9t\u00e9 rejet\u00e9e une chance de voir leur dossier r\u00e9examin\u00e9. La HASA vise \u00e0 garantir l'\u00e9quit\u00e9 et la diligence n\u00e9cessaire aux personnes qui ont des raisons de croire que leur demande d'asile pr\u00e9c\u00e9dente n'a pas \u00e9t\u00e9 \u00e9valu\u00e9e correctement.<\/p>\t\t\t\t\t\t\t\t<\/div>\n\t\t\t\t<\/div>\n\t\t\t\t<div class=\"elementor-element elementor-element-79c274a elementor-widget elementor-widget-spacer\" data-id=\"79c274a\" data-element_type=\"widget\" data-e-type=\"widget\" data-widget_type=\"spacer.default\">\n\t\t\t\t<div class=\"elementor-widget-container\">\n\t\t\t\t\t\t\t<div class=\"elementor-spacer\">\n\t\t\t<div class=\"elementor-spacer-inner\"><\/div>\n\t\t<\/div>\n\t\t\t\t\t\t<\/div>\n\t\t\t\t<\/div>\n\t\t\t\t<div class=\"elementor-element elementor-element-565ffb0 elementor-widget elementor-widget-heading\" data-id=\"565ffb0\" data-element_type=\"widget\" data-e-type=\"widget\" data-widget_type=\"heading.default\">\n\t\t\t\t<div class=\"elementor-widget-container\">\n\t\t\t\t\t<h3 class=\"elementor-heading-title elementor-size-default\">Demandes d'asile r\u00e9p\u00e9t\u00e9es Conditions de l'HASA<\/h3>\t\t\t\t<\/div>\n\t\t\t\t<\/div>\n\t\t\t\t<div class=\"elementor-element elementor-element-ac344f8 color-scheme-inherit text-left elementor-widget elementor-widget-text-editor\" data-id=\"ac344f8\" data-element_type=\"widget\" data-e-type=\"widget\" data-widget_type=\"text-editor.default\">\n\t\t\t\t<div class=\"elementor-widget-container\">\n\t\t\t\t\t\t\t\t\t<p>Pour pouvoir introduire une demande d'asile r\u00e9p\u00e9t\u00e9e aux Pays-Bas, certaines conditions g\u00e9n\u00e9rales doivent \u00eatre remplies. Nous avons \u00e9num\u00e9r\u00e9 ci-dessous les conditions pour une telle demande d'asile.<\/p><ul><li><strong>Physiquement sur le territoire n\u00e9erlandais :<\/strong> tout d'abord, vous devez vous trouver sur le territoire n\u00e9erlandais au moment de l'introduction de la demande. Cela signifie que vous devez \u00eatre physiquement pr\u00e9sent aux Pays-Bas au moment de l'introduction de la demande HASA.<\/li><li><strong>Refus ou retrait ant\u00e9rieur du permis de s\u00e9jour :<\/strong> vous avez d\u00e9j\u00e0 demand\u00e9 l'asile aux Pays-Bas et que cette demande a \u00e9t\u00e9 rejet\u00e9e par le Service de l'Immigration et de la Naturalisation (IND). Cela peut \u00e9galement \u00eatre le cas si votre permis de s\u00e9jour pour demandeurs d'asile a \u00e9t\u00e9 r\u00e9voqu\u00e9 par l'IND.<\/li><li><strong>Changement de situation ou de pays d'origine :<\/strong> il doit y avoir eu des changements dans votre situation personnelle ou dans la situation de votre pays d'origine. Ces changements peuvent aller de circonstances personnelles \u00e0 des modifications de la politique de l'IND ou \u00e0 de nouvelles d\u00e9cisions judiciaires concernant votre cas....<\/li><\/ul>\t\t\t\t\t\t\t\t<\/div>\n\t\t\t\t<\/div>\n\t\t\t\t<div class=\"elementor-element elementor-element-c5e7b27 elementor-widget elementor-widget-spacer\" data-id=\"c5e7b27\" data-element_type=\"widget\" data-e-type=\"widget\" data-widget_type=\"spacer.default\">\n\t\t\t\t<div class=\"elementor-widget-container\">\n\t\t\t\t\t\t\t<div class=\"elementor-spacer\">\n\t\t\t<div class=\"elementor-spacer-inner\"><\/div>\n\t\t<\/div>\n\t\t\t\t\t\t<\/div>\n\t\t\t\t<\/div>\n\t\t\t\t<div class=\"elementor-element elementor-element-3e65d96 elementor-widget elementor-widget-heading\" data-id=\"3e65d96\" data-element_type=\"widget\" data-e-type=\"widget\" data-widget_type=\"heading.default\">\n\t\t\t\t<div class=\"elementor-widget-container\">\n\t\t\t\t\t<h3 class=\"elementor-heading-title elementor-size-default\">D\u00e9cision de l'IND<\/h3>\t\t\t\t<\/div>\n\t\t\t\t<\/div>\n\t\t\t\t<div class=\"elementor-element elementor-element-f0e41b4 color-scheme-inherit text-left elementor-widget elementor-widget-text-editor\" data-id=\"f0e41b4\" data-element_type=\"widget\" data-e-type=\"widget\" data-widget_type=\"text-editor.default\">\n\t\t\t\t<div class=\"elementor-widget-container\">\n\t\t\t\t\t\t\t\t\t<p>Un formulaire de demande est disponible sur le site web de l'IND. Il est important que ce formulaire soit enti\u00e8rement rempli en n\u00e9erlandais et qu'il soit \u00e9tay\u00e9 autant que possible par des preuves pertinentes. Apr\u00e8s l'introduction de la demande, il appartient \u00e0 l'IND d'\u00e9valuer si une audition aura lieu ou non.<\/p><p>Si la d\u00e9cision est positive, elle sera annonc\u00e9e imm\u00e9diatement le jour m\u00eame de l'audience. M\u00eame dans le cas d'une d\u00e9cision n\u00e9gative, elle sera \u00e9galement annonc\u00e9e le m\u00eame jour. Apr\u00e8s cette annonce, votre avocat disposera d'un jour pour r\u00e9pondre \u00e0 la d\u00e9cision. Le lendemain, l'IND prendra une autre d\u00e9cision ou indiquera qu'elle a besoin de plus de temps, par exemple pour mener des enqu\u00eates plus approfondies sur certains documents.<\/p>\t\t\t\t\t\t\t\t<\/div>\n\t\t\t\t<\/div>\n\t\t\t\t<div class=\"elementor-element elementor-element-52bfeb7 elementor-widget elementor-widget-spacer\" data-id=\"52bfeb7\" data-element_type=\"widget\" data-e-type=\"widget\" data-widget_type=\"spacer.default\">\n\t\t\t\t<div class=\"elementor-widget-container\">\n\t\t\t\t\t\t\t<div class=\"elementor-spacer\">\n\t\t\t<div class=\"elementor-spacer-inner\"><\/div>\n\t\t<\/div>\n\t\t\t\t\t\t<\/div>\n\t\t\t\t<\/div>\n\t\t\t\t<div class=\"elementor-element elementor-element-fcd6808 elementor-widget elementor-widget-heading\" data-id=\"fcd6808\" data-element_type=\"widget\" data-e-type=\"widget\" data-widget_type=\"heading.default\">\n\t\t\t\t<div class=\"elementor-widget-container\">\n\t\t\t\t\t<h3 class=\"elementor-heading-title elementor-size-default\">Appel<\/h3>\t\t\t\t<\/div>\n\t\t\t\t<\/div>\n\t\t\t\t<div class=\"elementor-element elementor-element-7001e0b color-scheme-inherit text-left elementor-widget elementor-widget-text-editor\" data-id=\"7001e0b\" data-element_type=\"widget\" data-e-type=\"widget\" data-widget_type=\"text-editor.default\">\n\t\t\t\t<div class=\"elementor-widget-container\">\n\t\t\t\t\t\t\t\t\t<p>En cas de rejet de plusieurs demandes d'asile successives, mais aussi en cas de d\u00e9cision n\u00e9gative du Service de l'immigration et de la naturalisation (IND), vous avez la possibilit\u00e9 d'introduire un recours devant le tribunal. Si la d\u00e9cision du tribunal est \u00e9galement n\u00e9gative, il existe une autre possibilit\u00e9 de recours devant la section du droit administratif du Conseil d'\u00c9tat (ABvRS).<\/p><p>Cette proc\u00e9dure d'appel vous donne une occasion suppl\u00e9mentaire de faire r\u00e9examiner votre dossier et de pr\u00e9senter des arguments et des preuves suppl\u00e9mentaires. L'ABvRS est un organisme ind\u00e9pendant qui \u00e9value la l\u00e9galit\u00e9 de la d\u00e9cision de l'IND.<\/p>\t\t\t\t\t\t\t\t<\/div>\n\t\t\t\t<\/div>\n\t\t\t\t<div class=\"elementor-element elementor-element-f29c2e6 elementor-widget elementor-widget-spacer\" data-id=\"f29c2e6\" data-element_type=\"widget\" data-e-type=\"widget\" data-widget_type=\"spacer.default\">\n\t\t\t\t<div class=\"elementor-widget-container\">\n\t\t\t\t\t\t\t<div class=\"elementor-spacer\">\n\t\t\t<div class=\"elementor-spacer-inner\"><\/div>\n\t\t<\/div>\n\t\t\t\t\t\t<\/div>\n\t\t\t\t<\/div>\n\t\t\t\t<div class=\"elementor-element elementor-element-d9c540a elementor-widget elementor-widget-heading\" data-id=\"d9c540a\" data-element_type=\"widget\" data-e-type=\"widget\" data-widget_type=\"heading.default\">\n\t\t\t\t<div class=\"elementor-widget-container\">\n\t\t\t\t\t<h3 class=\"elementor-heading-title elementor-size-default\">Comment se d\u00e9roule la proc\u00e9dure de demande d'asile r\u00e9p\u00e9t\u00e9e (HASA) ?<\/h3>\t\t\t\t<\/div>\n\t\t\t\t<\/div>\n\t\t\t\t<div class=\"elementor-element elementor-element-79df8a5 color-scheme-inherit text-left elementor-widget elementor-widget-text-editor\" data-id=\"79df8a5\" data-element_type=\"widget\" data-e-type=\"widget\" data-widget_type=\"text-editor.default\">\n\t\t\t\t<div class=\"elementor-widget-container\">\n\t\t\t\t\t\t\t\t\t<p>La proc\u00e9dure de demande d'asile aux Pays-Bas comporte plusieurs \u00e9tapes. Voici un aper\u00e7u plus d\u00e9taill\u00e9 de la proc\u00e9dure :<\/p><ul><li><strong>V\u00e9rifier les conditions :<\/strong> Avant d'introduire une demande HASA, il est important de v\u00e9rifier si vous remplissez les conditions pour introduire une demande d'asile r\u00e9p\u00e9t\u00e9e. Ces conditions peuvent varier en fonction de votre situation sp\u00e9cifique.<\/li><li><strong>Collecte de documents :<\/strong>\u00a0rassembler tous les documents pertinents que vous pouvez utiliser pour appuyer votre demande d'asile. Il peut s'agir de nouvelles preuves montrant que votre situation a chang\u00e9 depuis la demande d'asile pr\u00e9c\u00e9dente.<\/li><li><strong>Faire une demande :<\/strong>\u00a0le formulaire de candidature en n\u00e9erlandais et le d\u00e9poser au guichet de la HASA \u00e0 Ter Apel. Veillez \u00e0 joindre tous les documents requis.<\/li><li><strong>V\u00e9rification de la demande :<\/strong>\u00a0le service d'immigration et de naturalisation (IND) \u00e9value votre demande et v\u00e9rifie qu'elle est compl\u00e8te. S'il manque des documents ou des informations, l'IND peut vous demander de les compl\u00e9ter.<\/li><li><strong>Audition ou non :<\/strong>\u00a0Si l'IND estime qu'il y a suffisamment de faits nouveaux ou de changements de circonstances qui justifient un r\u00e9examen, une audition peut avoir lieu au cours de laquelle vous aurez l'occasion d'expliquer davantage votre cas. Cette audition a pour but de fournir des informations suppl\u00e9mentaires et de r\u00e9pondre \u00e0 toute question que l'IND pourrait avoir.<\/li><li><strong>D\u00e9cision sur la demande :<\/strong>\u00a0Sur la base des documents soumis, de l'audition et d'autres informations pertinentes, l'IND prendra une d\u00e9cision sur votre demande HASA. Cette d\u00e9cision peut \u00eatre positive ou n\u00e9gative.<\/li><li><strong>Obtenir le permis de s\u00e9jour :<\/strong>\u00a0Si la demande d'autorisation est approuv\u00e9e, vous recevrez un permis de s\u00e9jour. Vous pouvez retirer ce permis aupr\u00e8s de l'IND ou d'une autre autorit\u00e9 d\u00e9sign\u00e9e. Veillez \u00e0 suivre toutes les \u00e9tapes n\u00e9cessaires pour recevoir et activer votre permis de s\u00e9jour.<\/li><\/ul>\t\t\t\t\t\t\t\t<\/div>\n\t\t\t\t<\/div>\n\t\t\t\t<div class=\"elementor-element elementor-element-86138b9 elementor-widget elementor-widget-spacer\" data-id=\"86138b9\" data-element_type=\"widget\" data-e-type=\"widget\" data-widget_type=\"spacer.default\">\n\t\t\t\t<div class=\"elementor-widget-container\">\n\t\t\t\t\t\t\t<div class=\"elementor-spacer\">\n\t\t\t<div class=\"elementor-spacer-inner\"><\/div>\n\t\t<\/div>\n\t\t\t\t\t\t<\/div>\n\t\t\t\t<\/div>\n\t\t\t\t<div class=\"elementor-element elementor-element-2a2a4fe elementor-widget elementor-widget-heading\" data-id=\"2a2a4fe\" data-element_type=\"widget\" data-e-type=\"widget\" data-widget_type=\"heading.default\">\n\t\t\t\t<div class=\"elementor-widget-container\">\n\t\t\t\t\t<h3 class=\"elementor-heading-title elementor-size-default\">Avocat pour les demandes d'asile r\u00e9p\u00e9t\u00e9es<\/h3>\t\t\t\t<\/div>\n\t\t\t\t<\/div>\n\t\t\t\t<div class=\"elementor-element elementor-element-1cd712b color-scheme-inherit text-left elementor-widget elementor-widget-text-editor\" data-id=\"1cd712b\" data-element_type=\"widget\" data-e-type=\"widget\" data-widget_type=\"text-editor.default\">\n\t\t\t\t<div class=\"elementor-widget-container\">\n\t\t\t\t\t\t\t\t\t<p>Il est essentiel de suivre la proc\u00e9dure d'asile pour obtenir des informations pr\u00e9cises, ce qui peut prendre beaucoup de temps si l'on ne fait pas appel \u00e0 un avocat exp\u00e9riment\u00e9.<\/p><p>Le cabinet Der Bedrosian compte des avocats sp\u00e9cialis\u00e9s dans les domaines suivants <a href=\"https:\/\/www.derbedrosian.nl\/fr\/juridictions\/droit-dasile\/\">droit d'asile<\/a> et offrent donc une aide professionnelle tout au long de votre processus.<\/p><p>N'h\u00e9sitez donc pas \u00e0 nous contacter pour trouver une solution. <a href=\"https:\/\/www.derbedrosian.nl\/fr\/avocats\/\">avocat exp\u00e9riment\u00e9<\/a> discuter de votre situation.<\/p>\t\t\t\t\t\t\t\t<\/div>\n\t\t\t\t<\/div>\n\t\t\t\t\t<\/div>\n\t\t\t\t<\/div>\n\t\t\t\t<\/div>","protected":false},"excerpt":{"rendered":"<p>droit d'asile Formulaire de demande d'asile r\u00e9p\u00e9t\u00e9e avocat sp\u00e9cialis\u00e9 en droit d'asile droit des r\u00e9fugi\u00e9s et droit d'asile diff\u00e9rence demande d'asile r\u00e9p\u00e9t\u00e9e hasa lettre urgente \u00e0 la Chambre des repr\u00e9sentants jour<\/p>","protected":false},"author":1,"featured_media":0,"parent":10757,"menu_order":0,"comment_status":"closed","ping_status":"closed","template":"","meta":{"footnotes":""},"class_list":["post-10794","page","type-page","status-publish","hentry"],"_links":{"self":[{"href":"https:\/\/www.derbedrosian.nl\/fr\/wp-json\/wp\/v2\/pages\/10794","targetHints":{"allow":["GET"]}}],"collection":[{"href":"https:\/\/www.derbedrosian.nl\/fr\/wp-json\/wp\/v2\/pages"}],"about":[{"href":"https:\/\/www.derbedrosian.nl\/fr\/wp-json\/wp\/v2\/types\/page"}],"author":[{"embeddable":true,"href":"https:\/\/www.derbedrosian.nl\/fr\/wp-json\/wp\/v2\/users\/1"}],"replies":[{"embeddable":true,"href":"https:\/\/www.derbedrosian.nl\/fr\/wp-json\/wp\/v2\/comments?post=10794"}],"version-history":[{"count":0,"href":"https:\/\/www.derbedrosian.nl\/fr\/wp-json\/wp\/v2\/pages\/10794\/revisions"}],"up":[{"embeddable":true,"href":"https:\/\/www.derbedrosian.nl\/fr\/wp-json\/wp\/v2\/pages\/10757"}],"wp:attachment":[{"href":"https:\/\/www.derbedrosian.nl\/fr\/wp-json\/wp\/v2\/media?parent=10794"}],"curies":[{"name":"wp","href":"https:\/\/api.w.org\/{rel}","templated":true}]}}