{"id":10789,"date":"2023-05-29T09:44:21","date_gmt":"2023-05-29T07:44:21","guid":{"rendered":"https:\/\/derbedrosian.nl\/?page_id=10789"},"modified":"2025-12-21T16:35:30","modified_gmt":"2025-12-21T14:35:30","slug":"regroupement-familial-apres-le-regroupement","status":"publish","type":"page","link":"https:\/\/www.derbedrosian.nl\/fr\/rechtsgebieden\/asielrecht\/gezinshereniging-nareis\/","title":{"rendered":"Regroupement familial (apr\u00e8s le voyage)"},"content":{"rendered":"<div data-elementor-type=\"wp-page\" data-elementor-id=\"10789\" class=\"elementor elementor-10789\" data-elementor-post-type=\"page\">\n\t\t\t\t<div class=\"wd-negative-gap elementor-element elementor-element-fde68bb e-flex e-con-boxed e-con e-parent\" data-id=\"fde68bb\" data-element_type=\"container\" data-e-type=\"container\">\n\t\t\t\t\t<div class=\"e-con-inner\">\n\t\t\t\t<div class=\"elementor-element elementor-element-141c632 color-scheme-inherit text-left elementor-widget elementor-widget-text-editor\" data-id=\"141c632\" data-element_type=\"widget\" data-e-type=\"widget\" data-widget_type=\"text-editor.default\">\n\t\t\t\t<div class=\"elementor-widget-container\">\n\t\t\t\t\t\t\t\t\t<p><strong>Le cabinet d'avocats Der Bedrosian dispose d'avocats sp\u00e9cialis\u00e9s dans le domaine du regroupement familial (apr\u00e8s le retour).<\/strong><\/p>\t\t\t\t\t\t\t\t<\/div>\n\t\t\t\t<\/div>\n\t\t\t\t<div class=\"elementor-element elementor-element-f0240e2 elementor-widget elementor-widget-heading\" data-id=\"f0240e2\" data-element_type=\"widget\" data-e-type=\"widget\" data-widget_type=\"heading.default\">\n\t\t\t\t<div class=\"elementor-widget-container\">\n\t\t\t\t\t<h3 class=\"elementor-heading-title elementor-size-default\">Qu'est-ce qu'une r\u00e9union de famille ?<\/h3>\t\t\t\t<\/div>\n\t\t\t\t<\/div>\n\t\t\t\t<div class=\"elementor-element elementor-element-274f90e color-scheme-inherit text-left elementor-widget elementor-widget-text-editor\" data-id=\"274f90e\" data-element_type=\"widget\" data-e-type=\"widget\" data-widget_type=\"text-editor.default\">\n\t\t\t\t<div class=\"elementor-widget-container\">\n\t\t\t\t\t\t\t\t\t<p>Le regroupement familial consiste \u00e0 r\u00e9unir une famille qui a \u00e9t\u00e9 s\u00e9par\u00e9e en raison d'une guerre ou de ses cons\u00e9quences. Une fois qu'un r\u00e9fugi\u00e9 a obtenu un permis de s\u00e9jour, il peut faire venir les membres de sa famille aux Pays-Bas.<\/p>\t\t\t\t\t\t\t\t<\/div>\n\t\t\t\t<\/div>\n\t\t\t\t<div class=\"elementor-element elementor-element-09590f8 elementor-widget elementor-widget-spacer\" data-id=\"09590f8\" data-element_type=\"widget\" data-e-type=\"widget\" data-widget_type=\"spacer.default\">\n\t\t\t\t<div class=\"elementor-widget-container\">\n\t\t\t\t\t\t\t<div class=\"elementor-spacer\">\n\t\t\t<div class=\"elementor-spacer-inner\"><\/div>\n\t\t<\/div>\n\t\t\t\t\t\t<\/div>\n\t\t\t\t<\/div>\n\t\t\t\t<div class=\"elementor-element elementor-element-0542018 elementor-widget elementor-widget-heading\" data-id=\"0542018\" data-element_type=\"widget\" data-e-type=\"widget\" data-widget_type=\"heading.default\">\n\t\t\t\t<div class=\"elementor-widget-container\">\n\t\t\t\t\t<h3 class=\"elementor-heading-title elementor-size-default\">P\u00e9riode apr\u00e8s le voyage<\/h3>\t\t\t\t<\/div>\n\t\t\t\t<\/div>\n\t\t\t\t<div class=\"elementor-element elementor-element-5bfee2e color-scheme-inherit text-left elementor-widget elementor-widget-text-editor\" data-id=\"5bfee2e\" data-element_type=\"widget\" data-e-type=\"widget\" data-widget_type=\"text-editor.default\">\n\t\t\t\t<div class=\"elementor-widget-container\">\n\t\t\t\t\t\t\t\t\tLa demande de regroupement familial et la demande de permis de s\u00e9jour apr\u00e8s le voyage doivent \u00eatre introduites dans les trois mois suivant la date \u00e0 laquelle le regroupant a \u00e9t\u00e9 inform\u00e9 qu'il a obtenu un permis d'asile. \t\t\t\t\t\t\t\t<\/div>\n\t\t\t\t<\/div>\n\t\t\t\t<div class=\"elementor-element elementor-element-7974393 elementor-widget elementor-widget-spacer\" data-id=\"7974393\" data-element_type=\"widget\" data-e-type=\"widget\" data-widget_type=\"spacer.default\">\n\t\t\t\t<div class=\"elementor-widget-container\">\n\t\t\t\t\t\t\t<div class=\"elementor-spacer\">\n\t\t\t<div class=\"elementor-spacer-inner\"><\/div>\n\t\t<\/div>\n\t\t\t\t\t\t<\/div>\n\t\t\t\t<\/div>\n\t\t\t\t<div class=\"elementor-element elementor-element-77380f5 elementor-widget elementor-widget-heading\" data-id=\"77380f5\" data-element_type=\"widget\" data-e-type=\"widget\" data-widget_type=\"heading.default\">\n\t\t\t\t<div class=\"elementor-widget-container\">\n\t\t\t\t\t<h3 class=\"elementor-heading-title elementor-size-default\">Conditions<\/h3>\t\t\t\t<\/div>\n\t\t\t\t<\/div>\n\t\t\t\t<div class=\"elementor-element elementor-element-981610a color-scheme-inherit text-left elementor-widget elementor-widget-text-editor\" data-id=\"981610a\" data-element_type=\"widget\" data-e-type=\"widget\" data-widget_type=\"text-editor.default\">\n\t\t\t\t<div class=\"elementor-widget-container\">\n\t\t\t\t\t\t\t\t\t<ul><li>Vous avez un permis de s\u00e9jour au titre de l'asile<\/li><li>Vous ne pouvez introduire cette demande que pour : votre conjoint, votre partenaire, votre enfant (en famille d'accueil), vos parents ( Vous ne pouvez introduire une demande pour vos parents que si vous \u00e9tiez c\u00e9libataire et \u00e2g\u00e9 de moins de 18 ans lorsque vous avez introduit votre demande d'asile.<\/li><li>Vous demandez le vmv pour le membre de votre famille dans les trois mois qui suivent la r\u00e9ception du permis d'asile.<\/li><li>Le membre de votre famille appartient \u00e0 votre famille et a \u00e9galement appartenu \u00e0 votre famille \u00e0 l'\u00e9tranger.<\/li><li>Vous devez tous deux \u00eatre \u00e2g\u00e9s de 18 ans ou plus si vous demandez le vmv pour votre conjoint ou partenaire.<\/li><li>Le membre de votre famille n'a pas commis de d\u00e9lit ou de crime<\/li><li>Le parent retardataire du pays d'origine doit signer un formulaire de consentement. Le parent autorise ainsi le d\u00e9part de l'enfant vers les Pays-Bas.<\/li><li>Vous devez prouver l'identit\u00e9 du membre de votre famille et son lien de parent\u00e9 \u00e0 l'aide de documents.<\/li><\/ul>\t\t\t\t\t\t\t\t<\/div>\n\t\t\t\t<\/div>\n\t\t\t\t<div class=\"elementor-element elementor-element-7f67a54 elementor-widget elementor-widget-spacer\" data-id=\"7f67a54\" data-element_type=\"widget\" data-e-type=\"widget\" data-widget_type=\"spacer.default\">\n\t\t\t\t<div class=\"elementor-widget-container\">\n\t\t\t\t\t\t\t<div class=\"elementor-spacer\">\n\t\t\t<div class=\"elementor-spacer-inner\"><\/div>\n\t\t<\/div>\n\t\t\t\t\t\t<\/div>\n\t\t\t\t<\/div>\n\t\t\t\t<div class=\"elementor-element elementor-element-720ebd7 elementor-widget elementor-widget-heading\" data-id=\"720ebd7\" data-element_type=\"widget\" data-e-type=\"widget\" data-widget_type=\"heading.default\">\n\t\t\t\t<div class=\"elementor-widget-container\">\n\t\t\t\t\t<h3 class=\"elementor-heading-title elementor-size-default\">Proc\u00e9dure Regroupement familial<\/h3>\t\t\t\t<\/div>\n\t\t\t\t<\/div>\n\t\t\t\t<div class=\"elementor-element elementor-element-24d4bc0 color-scheme-inherit text-left elementor-widget elementor-widget-text-editor\" data-id=\"24d4bc0\" data-element_type=\"widget\" data-e-type=\"widget\" data-widget_type=\"text-editor.default\">\n\t\t\t\t<div class=\"elementor-widget-container\">\n\t\t\t\t\t\t\t\t\t<ul><li><strong>V\u00e9rifier les conditions :<\/strong>\u00a0le premier point important de la proc\u00e9dure de regroupement familial est de v\u00e9rifier soigneusement que vous remplissez toutes les conditions requises avant d'entamer la proc\u00e9dure.<\/li><li><strong>Collecte de documents :<\/strong>\u00a0Rassemblez tous les documents et pi\u00e8ces justificatives n\u00e9cessaires \u00e0 l'appui de votre demande. Il s'agit notamment des documents d'identit\u00e9, des actes de mariage, des actes de naissance des enfants et d'autres documents pertinents.<\/li><li><strong>Soumettre la demande :<\/strong>\u00a0Soumettez votre demande au service d'immigration et de naturalisation (IND). Remplissez correctement tous les formulaires et assurez-vous de joindre tous les documents requis.<\/li><li><strong>Paiement des co\u00fbts :<\/strong>\u00a0payer les frais requis pour votre demande. Assurez-vous d'\u00eatre au courant des taxes en vigueur et de les payer \u00e0 temps.<\/li><li><strong>En attente d'une d\u00e9cision sur la demande :<\/strong>\u00a0Apr\u00e8s avoir soumis votre demande, vous devez attendre patiemment que l'IND \u00e9value votre dossier. Gardez \u00e0 l'esprit que cela peut prendre un certain temps, soyez donc patient.<\/li><li><strong>D\u00e9cision sur la demande :<\/strong>\u00a0une fois que l'IND a pris une d\u00e9cision sur votre demande, vous serez inform\u00e9 du r\u00e9sultat. Celle-ci peut \u00eatre positive ou n\u00e9gative, en fonction de votre situation.<\/li><li><strong>Obtenir le Mvv et se rendre aux Pays-Bas :<\/strong> Si votre demande est accept\u00e9e, vous pouvez demander un permis de s\u00e9jour provisoire (MVV) \u00e0 l'ambassade ou au consulat n\u00e9erlandais de votre pays d'origine. Le MVV vous permet de vous rendre aux Pays-Bas.<\/li><li>Enregistrement aux Pays-Bas : une fois arriv\u00e9 aux Pays-Bas, vous devrez vous enregistrer aupr\u00e8s de la municipalit\u00e9 o\u00f9 vous vivrez. C'est l\u00e0 que vous prendrez d'autres mesures pour officialiser votre regroupement familial et vous int\u00e9grer dans la soci\u00e9t\u00e9 n\u00e9erlandaise.<\/li><\/ul><p>Cette proc\u00e9dure \u00e9tape par \u00e9tape donne un aper\u00e7u de ce qui vous attend au cours de la proc\u00e9dure de regroupement familial aux Pays-Bas. Il est tr\u00e8s important de proc\u00e9der avec pr\u00e9cision et patience \u00e0 chaque \u00e9tape afin de garantir le bon d\u00e9roulement de votre demande.<\/p>\t\t\t\t\t\t\t\t<\/div>\n\t\t\t\t<\/div>\n\t\t\t\t<div class=\"elementor-element elementor-element-614c2d7 elementor-widget elementor-widget-spacer\" data-id=\"614c2d7\" data-element_type=\"widget\" data-e-type=\"widget\" data-widget_type=\"spacer.default\">\n\t\t\t\t<div class=\"elementor-widget-container\">\n\t\t\t\t\t\t\t<div class=\"elementor-spacer\">\n\t\t\t<div class=\"elementor-spacer-inner\"><\/div>\n\t\t<\/div>\n\t\t\t\t\t\t<\/div>\n\t\t\t\t<\/div>\n\t\t\t\t<div class=\"elementor-element elementor-element-eb094a8 elementor-widget elementor-widget-heading\" data-id=\"eb094a8\" data-element_type=\"widget\" data-e-type=\"widget\" data-widget_type=\"heading.default\">\n\t\t\t\t<div class=\"elementor-widget-container\">\n\t\t\t\t\t<h3 class=\"elementor-heading-title elementor-size-default\">Avocat Regroupement familial apr\u00e8s l'arriv\u00e9e<\/h3>\t\t\t\t<\/div>\n\t\t\t\t<\/div>\n\t\t\t\t<div class=\"elementor-element elementor-element-da6acdc color-scheme-inherit text-left elementor-widget elementor-widget-text-editor\" data-id=\"da6acdc\" data-element_type=\"widget\" data-e-type=\"widget\" data-widget_type=\"text-editor.default\">\n\t\t\t\t<div class=\"elementor-widget-container\">\n\t\t\t\t\t\t\t\t\tLa proc\u00e9dure de regroupement familial peut rapidement se compliquer si l'une des conditions n'est pas remplie. Par exemple, si le service d'immigration et de naturalisation (IND) doute de l'authenticit\u00e9 de votre relation lorsqu'elle n'est pas justifi\u00e9e. Les avocats exp\u00e9riment\u00e9s du cabinet Der Bedrosian Law Firm poss\u00e8dent des connaissances et une exp\u00e9rience approfondies dans le domaine du regroupement familial et sont pr\u00eats \u00e0 vous aider \u00e0 naviguer \u00e0 travers ce processus. D\u00e8s que vous prenez contact avec notre cabinet, nous vous mettons en relation directe avec un avocat sp\u00e9cialis\u00e9. Nous faisons tout cela pour vous soutenir dans votre qu\u00eate du regroupement familial.\t\t\t\t\t\t\t\t<\/div>\n\t\t\t\t<\/div>\n\t\t\t\t\t<\/div>\n\t\t\t\t<\/div>\n\t\t\t\t<\/div>","protected":false},"excerpt":{"rendered":"<p>Advocatenkantoor Der Bedrosian beschikt over gespecialiseerde advocaten op het gebied van gezinshereniging (nareis). Wat is een gezinshereniging? Gezinshereniging is het<\/p>","protected":false},"author":1,"featured_media":0,"parent":10757,"menu_order":0,"comment_status":"closed","ping_status":"closed","template":"","meta":{"footnotes":""},"class_list":["post-10789","page","type-page","status-publish","hentry"],"_links":{"self":[{"href":"https:\/\/www.derbedrosian.nl\/fr\/wp-json\/wp\/v2\/pages\/10789","targetHints":{"allow":["GET"]}}],"collection":[{"href":"https:\/\/www.derbedrosian.nl\/fr\/wp-json\/wp\/v2\/pages"}],"about":[{"href":"https:\/\/www.derbedrosian.nl\/fr\/wp-json\/wp\/v2\/types\/page"}],"author":[{"embeddable":true,"href":"https:\/\/www.derbedrosian.nl\/fr\/wp-json\/wp\/v2\/users\/1"}],"replies":[{"embeddable":true,"href":"https:\/\/www.derbedrosian.nl\/fr\/wp-json\/wp\/v2\/comments?post=10789"}],"version-history":[{"count":0,"href":"https:\/\/www.derbedrosian.nl\/fr\/wp-json\/wp\/v2\/pages\/10789\/revisions"}],"up":[{"embeddable":true,"href":"https:\/\/www.derbedrosian.nl\/fr\/wp-json\/wp\/v2\/pages\/10757"}],"wp:attachment":[{"href":"https:\/\/www.derbedrosian.nl\/fr\/wp-json\/wp\/v2\/media?parent=10789"}],"curies":[{"name":"wp","href":"https:\/\/api.w.org\/{rel}","templated":true}]}}