{"id":10779,"date":"2023-05-27T14:33:07","date_gmt":"2023-05-27T12:33:07","guid":{"rendered":"https:\/\/derbedrosian.nl\/?page_id=10779"},"modified":"2025-12-21T16:34:41","modified_gmt":"2025-12-21T14:34:41","slug":"procedure-dasile-neerlandaise","status":"publish","type":"page","link":"https:\/\/www.derbedrosian.nl\/fr\/rechtsgebieden\/asielrecht\/dutch-asylum-procedure\/","title":{"rendered":"Proc\u00e9dure d'asile n\u00e9erlandaise"},"content":{"rendered":"<div data-elementor-type=\"wp-page\" data-elementor-id=\"10779\" class=\"elementor elementor-10779\" data-elementor-post-type=\"page\">\n\t\t\t\t<div class=\"wd-negative-gap elementor-element elementor-element-f40594e e-flex e-con-boxed e-con e-parent\" data-id=\"f40594e\" data-element_type=\"container\" data-e-type=\"container\">\n\t\t\t\t\t<div class=\"e-con-inner\">\n\t\t\t\t<div class=\"elementor-element elementor-element-8ed3410 elementor-hidden-desktop elementor-hidden-tablet elementor-hidden-mobile elementor-widget elementor-widget-wd_image_or_svg\" data-id=\"8ed3410\" data-element_type=\"widget\" data-e-type=\"widget\" id=\"seo-word\" data-widget_type=\"wd_image_or_svg.default\">\n\t\t\t\t<div class=\"elementor-widget-container\">\n\t\t\t\t\t\n\t\t<div class=\"wd-image text-left\">\n\t\t\t\t\t\t\t\t<img loading=\"lazy\" decoding=\"async\" width=\"1000\" height=\"667\" src=\"https:\/\/www.derbedrosian.nl\/wp-content\/uploads\/rechtsgebied-dutch-asylum-procedure.jpg\" class=\"attachment-full size-full\" alt=\"Proc\u00e9dure d&#039;asile n\u00e9erlandaise ind droit d&#039;asile avocat d\u00e9termination de l&#039;orientation sexuelle\" srcset=\"https:\/\/www.derbedrosian.nl\/wp-content\/uploads\/rechtsgebied-dutch-asylum-procedure.jpg 1000w, https:\/\/www.derbedrosian.nl\/wp-content\/uploads\/rechtsgebied-dutch-asylum-procedure-400x267.jpg 400w, https:\/\/www.derbedrosian.nl\/wp-content\/uploads\/rechtsgebied-dutch-asylum-procedure-768x512.jpg 768w\" sizes=\"auto, (max-width: 1000px) 100vw, 1000px\" title=\"\">\t\t\t\t\t<\/div>\n\n\t\t\t\t\t\t<\/div>\n\t\t\t\t<\/div>\n\t\t\t\t<div class=\"elementor-element elementor-element-ba6fc08 elementor-hidden-desktop elementor-hidden-tablet elementor-hidden-mobile elementor-widget elementor-widget-heading\" data-id=\"ba6fc08\" data-element_type=\"widget\" data-e-type=\"widget\" id=\"seo-word\" data-widget_type=\"heading.default\">\n\t\t\t\t<div class=\"elementor-widget-container\">\n\t\t\t\t\t<h2 class=\"elementor-heading-title elementor-size-default\">D\u00e9terminer l'orientation sexuelle<\/h2>\t\t\t\t<\/div>\n\t\t\t\t<\/div>\n\t\t\t\t<div class=\"elementor-element elementor-element-efaddac elementor-hidden-desktop elementor-hidden-tablet elementor-hidden-mobile elementor-widget elementor-widget-heading\" data-id=\"efaddac\" data-element_type=\"widget\" data-e-type=\"widget\" id=\"seo-word\" data-widget_type=\"heading.default\">\n\t\t\t\t<div class=\"elementor-widget-container\">\n\t\t\t\t\t<h5 class=\"elementor-heading-title elementor-size-default\">ind<\/h5>\t\t\t\t<\/div>\n\t\t\t\t<\/div>\n\t\t\t\t<div class=\"elementor-element elementor-element-9eea203 elementor-hidden-desktop elementor-hidden-tablet elementor-hidden-mobile elementor-widget elementor-widget-heading\" data-id=\"9eea203\" data-element_type=\"widget\" data-e-type=\"widget\" id=\"seo-word\" data-widget_type=\"heading.default\">\n\t\t\t\t<div class=\"elementor-widget-container\">\n\t\t\t\t\t<h5 class=\"elementor-heading-title elementor-size-default\">droit d'asile<\/h5>\t\t\t\t<\/div>\n\t\t\t\t<\/div>\n\t\t\t\t<div class=\"elementor-element elementor-element-c7a1109 elementor-hidden-desktop elementor-hidden-tablet elementor-hidden-mobile elementor-widget elementor-widget-heading\" data-id=\"c7a1109\" data-element_type=\"widget\" data-e-type=\"widget\" id=\"seo-word\" data-widget_type=\"heading.default\">\n\t\t\t\t<div class=\"elementor-widget-container\">\n\t\t\t\t\t<h5 class=\"elementor-heading-title elementor-size-default\">avocat droit d'asile enschede<\/h5>\t\t\t\t<\/div>\n\t\t\t\t<\/div>\n\t\t\t\t<div class=\"elementor-element elementor-element-1f5fb10 elementor-hidden-desktop elementor-hidden-tablet elementor-hidden-mobile elementor-widget elementor-widget-heading\" data-id=\"1f5fb10\" data-element_type=\"widget\" data-e-type=\"widget\" id=\"seo-word\" data-widget_type=\"heading.default\">\n\t\t\t\t<div class=\"elementor-widget-container\">\n\t\t\t\t\t<h5 class=\"elementor-heading-title elementor-size-default\">avocat droit d'asile overijssel<\/h5>\t\t\t\t<\/div>\n\t\t\t\t<\/div>\n\t\t\t\t<div class=\"elementor-element elementor-element-a99d3c6 elementor-hidden-desktop elementor-hidden-tablet elementor-hidden-mobile elementor-widget elementor-widget-heading\" data-id=\"a99d3c6\" data-element_type=\"widget\" data-e-type=\"widget\" id=\"seo-word\" data-widget_type=\"heading.default\">\n\t\t\t\t<div class=\"elementor-widget-container\">\n\t\t\t\t\t<h5 class=\"elementor-heading-title elementor-size-default\">droit d'asile enschede<\/h5>\t\t\t\t<\/div>\n\t\t\t\t<\/div>\n\t\t\t\t<div class=\"elementor-element elementor-element-f0990de elementor-hidden-desktop elementor-hidden-tablet elementor-hidden-mobile elementor-widget elementor-widget-heading\" data-id=\"f0990de\" data-element_type=\"widget\" data-e-type=\"widget\" id=\"seo-word\" data-widget_type=\"heading.default\">\n\t\t\t\t<div class=\"elementor-widget-container\">\n\t\t\t\t\t<h5 class=\"elementor-heading-title elementor-size-default\">avocat enschede droit d'asile<\/h5>\t\t\t\t<\/div>\n\t\t\t\t<\/div>\n\t\t\t\t<div class=\"elementor-element elementor-element-bbf6404 elementor-hidden-desktop elementor-hidden-tablet elementor-hidden-mobile elementor-widget elementor-widget-heading\" data-id=\"bbf6404\" data-element_type=\"widget\" data-e-type=\"widget\" id=\"seo-word\" data-widget_type=\"heading.default\">\n\t\t\t\t<div class=\"elementor-widget-container\">\n\t\t\t\t\t<h5 class=\"elementor-heading-title elementor-size-default\">Demande d'asile aux Pays-Bas<\/h5>\t\t\t\t<\/div>\n\t\t\t\t<\/div>\n\t\t\t\t<div class=\"elementor-element elementor-element-26fdffd elementor-hidden-desktop elementor-hidden-tablet elementor-hidden-mobile elementor-widget elementor-widget-heading\" data-id=\"26fdffd\" data-element_type=\"widget\" data-e-type=\"widget\" id=\"seo-word\" data-widget_type=\"heading.default\">\n\t\t\t\t<div class=\"elementor-widget-container\">\n\t\t\t\t\t<h5 class=\"elementor-heading-title elementor-size-default\">L'\u00e9tablissement de l'orientation sexuelle d'une personne peut \u00eatre une question cruciale dans les dossiers d'asile. Aux Pays-Bas, vous pouvez demander l'asile sur la base de votre orientation sexuelle si vous pouvez prouver que vous \u00eates pers\u00e9cut\u00e9 dans votre pays d'origine en raison de votre orientation. Le Service de l'immigration et de la naturalisation (IND) est charg\u00e9 d'\u00e9valuer les demandes d'asile, y compris celles fond\u00e9es sur l'orientation sexuelle.\n\nDerbedrosian Immigration Lawyers \u00e0 Enschede et Overijssel est exp\u00e9riment\u00e9 dans la repr\u00e9sentation des demandeurs d'asile aux Pays-Bas, y compris ceux qui demandent l'asile sur la base de leur orientation sexuelle. Nous comprenons la complexit\u00e9 de la proc\u00e9dure d'asile n\u00e9erlandaise et offrons des conseils juridiques experts et une orientation tout au long de la proc\u00e9dure.\n\nSi vous avez des questions sur la demande d'asile aux Pays-Bas en raison de votre orientation sexuelle, sur la proc\u00e9dure IND ou si vous avez besoin d'une assistance juridique, n'h\u00e9sitez pas \u00e0 contacter Derbedrosian Immigration Lawyers. Nous sommes pr\u00eats \u00e0 vous aider et \u00e0 prot\u00e9ger vos droits.<\/h5>\t\t\t\t<\/div>\n\t\t\t\t<\/div>\n\t\t\t\t<div class=\"elementor-element elementor-element-f72bc4b color-scheme-inherit text-left elementor-widget elementor-widget-text-editor\" data-id=\"f72bc4b\" data-element_type=\"widget\" data-e-type=\"widget\" data-widget_type=\"text-editor.default\">\n\t\t\t\t<div class=\"elementor-widget-container\">\n\t\t\t\t\t\t\t\t\t<p><strong>La proc\u00e9dure d'asile n\u00e9erlandaise, \u00e9galement connue sous le nom de proc\u00e9dure d'asile n\u00e9erlandaise, fait partie de la politique d'immigration et d'asile des Pays-Bas. Cette proc\u00e9dure vise \u00e0 d\u00e9terminer si les personnes qui cherchent refuge aux Pays-Bas en raison d'un danger imminent dans leur pays d'origine ont droit \u00e0 l'asile et \u00e0 la protection.<\/strong><\/p>\t\t\t\t\t\t\t\t<\/div>\n\t\t\t\t<\/div>\n\t\t\t\t<div class=\"elementor-element elementor-element-46f76d8 elementor-widget elementor-widget-spacer\" data-id=\"46f76d8\" data-element_type=\"widget\" data-e-type=\"widget\" data-widget_type=\"spacer.default\">\n\t\t\t\t<div class=\"elementor-widget-container\">\n\t\t\t\t\t\t\t<div class=\"elementor-spacer\">\n\t\t\t<div class=\"elementor-spacer-inner\"><\/div>\n\t\t<\/div>\n\t\t\t\t\t\t<\/div>\n\t\t\t\t<\/div>\n\t\t\t\t<div class=\"elementor-element elementor-element-7341996 elementor-widget elementor-widget-heading\" data-id=\"7341996\" data-element_type=\"widget\" data-e-type=\"widget\" data-widget_type=\"heading.default\">\n\t\t\t\t<div class=\"elementor-widget-container\">\n\t\t\t\t\t<h3 class=\"elementor-heading-title elementor-size-default\">Quelle est la proc\u00e9dure d'asile n\u00e9erlandaise (LGBTI et convertis) ?<\/h3>\t\t\t\t<\/div>\n\t\t\t\t<\/div>\n\t\t\t\t<div class=\"elementor-element elementor-element-168303d color-scheme-inherit text-left elementor-widget elementor-widget-text-editor\" data-id=\"168303d\" data-element_type=\"widget\" data-e-type=\"widget\" data-widget_type=\"text-editor.default\">\n\t\t\t\t<div class=\"elementor-widget-container\">\n\t\t\t\t\t\t\t\t\t<p>La proc\u00e9dure d'asile n\u00e9erlandaise, qui vise sp\u00e9cifiquement les demandeurs d'asile et les convertis LGBT (lesbiennes, gays, bisexuels, transgenres et intersexu\u00e9s), a \u00e9t\u00e9 mise en place pour r\u00e9pondre aux d\u00e9fis et aux risques particuliers auxquels les personnes LGBT et les convertis sont confront\u00e9s dans leur pays d'origine.<\/p><p>Gr\u00e2ce \u00e0 cette proc\u00e9dure sp\u00e9ciale, les demandeurs d'asile re\u00e7oivent des informations sur leurs droits et sur la proc\u00e9dure d'asile aux Pays-Bas. Ils apportent \u00e9galement un soutien \u00e9motionnel et des conseils aux demandeurs d'asile LGBT, qui sont souvent confront\u00e9s \u00e0 des exp\u00e9riences traumatisantes et \u00e0 la crainte d'\u00eatre pers\u00e9cut\u00e9s. En outre, ils peuvent fournir une assistance juridique et aider \u00e0 pr\u00e9parer des d\u00e9clarations d'asile cr\u00e9dibles qui refl\u00e8tent fid\u00e8lement la situation personnelle du demandeur d'asile.<\/p>\t\t\t\t\t\t\t\t<\/div>\n\t\t\t\t<\/div>\n\t\t\t\t<div class=\"elementor-element elementor-element-f21f580 elementor-widget elementor-widget-spacer\" data-id=\"f21f580\" data-element_type=\"widget\" data-e-type=\"widget\" data-widget_type=\"spacer.default\">\n\t\t\t\t<div class=\"elementor-widget-container\">\n\t\t\t\t\t\t\t<div class=\"elementor-spacer\">\n\t\t\t<div class=\"elementor-spacer-inner\"><\/div>\n\t\t<\/div>\n\t\t\t\t\t\t<\/div>\n\t\t\t\t<\/div>\n\t\t\t\t<div class=\"elementor-element elementor-element-5a99f7c elementor-widget elementor-widget-heading\" data-id=\"5a99f7c\" data-element_type=\"widget\" data-e-type=\"widget\" data-widget_type=\"heading.default\">\n\t\t\t\t<div class=\"elementor-widget-container\">\n\t\t\t\t\t<h3 class=\"elementor-heading-title elementor-size-default\">D\u00e9terminer l'orientation sexuelle<\/h3>\t\t\t\t<\/div>\n\t\t\t\t<\/div>\n\t\t\t\t<div class=\"elementor-element elementor-element-0857c83 color-scheme-inherit text-left elementor-widget elementor-widget-text-editor\" data-id=\"0857c83\" data-element_type=\"widget\" data-e-type=\"widget\" data-widget_type=\"text-editor.default\">\n\t\t\t\t<div class=\"elementor-widget-container\">\n\t\t\t\t\t\t\t\t\t<p>L'orientation sexuelle d'une personne ne pouvant \u00eatre v\u00e9rifi\u00e9e par des documents, le service d'immigration et de naturalisation (IND) donne aux demandeurs d'asile de nombreuses occasions de parler de leur orientation sexuelle ou de leur identit\u00e9 de genre. Au cours de cette conversation importante, plusieurs sujets sont abord\u00e9s, notamment la situation des personnes LGBT (lesbiennes, gays, bisexuels, transgenres et intersexu\u00e9s) dans le pays d'origine.<\/p><p>L'objectif de ce processus est de garantir que les demandeurs d'asile qui sont pers\u00e9cut\u00e9s, discrimin\u00e9s ou menac\u00e9s en raison de leur orientation sexuelle ou de leur identit\u00e9 de genre re\u00e7oivent la protection dont ils ont besoin.<\/p>\t\t\t\t\t\t\t\t<\/div>\n\t\t\t\t<\/div>\n\t\t\t\t<div class=\"elementor-element elementor-element-3a073aa elementor-widget elementor-widget-spacer\" data-id=\"3a073aa\" data-element_type=\"widget\" data-e-type=\"widget\" data-widget_type=\"spacer.default\">\n\t\t\t\t<div class=\"elementor-widget-container\">\n\t\t\t\t\t\t\t<div class=\"elementor-spacer\">\n\t\t\t<div class=\"elementor-spacer-inner\"><\/div>\n\t\t<\/div>\n\t\t\t\t\t\t<\/div>\n\t\t\t\t<\/div>\n\t\t\t\t<div class=\"elementor-element elementor-element-3350203 elementor-widget elementor-widget-heading\" data-id=\"3350203\" data-element_type=\"widget\" data-e-type=\"widget\" data-widget_type=\"heading.default\">\n\t\t\t\t<div class=\"elementor-widget-container\">\n\t\t\t\t\t<h3 class=\"elementor-heading-title elementor-size-default\">IND<\/h3>\t\t\t\t<\/div>\n\t\t\t\t<\/div>\n\t\t\t\t<div class=\"elementor-element elementor-element-a4f83ad color-scheme-inherit text-left elementor-widget elementor-widget-text-editor\" data-id=\"a4f83ad\" data-element_type=\"widget\" data-e-type=\"widget\" data-widget_type=\"text-editor.default\">\n\t\t\t\t<div class=\"elementor-widget-container\">\n\t\t\t\t\t\t\t\t\t<p>L'IND \u00e9value les demandeurs d'asile qui ont droit \u00e0 un permis de s\u00e9jour en raison de leur orientation sexuelle dans le cadre de la proc\u00e9dure d'asile n\u00e9erlandaise. Cette \u00e9valuation n\u00e9cessite l'examen des d\u00e9clarations concernant l'orientation sexuelle du demandeur d'asile.<\/p><p>L'employ\u00e9 de l'IND qui \u00e9value le dossier du demandeur d'asile doit examiner attentivement si les choses que le demandeur d'asile dit \u00e0 propos de son orientation sexuelle sont vraies. C'est difficile car il est parfois difficile de savoir si quelqu'un dit la v\u00e9rit\u00e9 sur ses sentiments et son identit\u00e9.<\/p><p>Pour mener cette \u00e9valuation de mani\u00e8re \u00e9quitable, l'IND utilise des instructions de travail sp\u00e9cifiques con\u00e7ues pour les cas o\u00f9 l'orientation LGBT (lesbiennes, gays, bisexuels, transgenres et intersexu\u00e9s) est invoqu\u00e9e comme motif d'asile dans le cadre de la proc\u00e9dure d'asile n\u00e9erlandaise. Ces instructions contiennent des lignes directrices et des proc\u00e9dures visant \u00e0 garantir que l'\u00e9valuation est effectu\u00e9e avec soin et \u00e9quit\u00e9, en accordant une attention particuli\u00e8re \u00e0 la complexit\u00e9 de ces questions.<\/p>\t\t\t\t\t\t\t\t<\/div>\n\t\t\t\t<\/div>\n\t\t\t\t<div class=\"elementor-element elementor-element-14ef9e2 elementor-widget elementor-widget-spacer\" data-id=\"14ef9e2\" data-element_type=\"widget\" data-e-type=\"widget\" data-widget_type=\"spacer.default\">\n\t\t\t\t<div class=\"elementor-widget-container\">\n\t\t\t\t\t\t\t<div class=\"elementor-spacer\">\n\t\t\t<div class=\"elementor-spacer-inner\"><\/div>\n\t\t<\/div>\n\t\t\t\t\t\t<\/div>\n\t\t\t\t<\/div>\n\t\t\t\t<div class=\"elementor-element elementor-element-d94ed20 elementor-widget elementor-widget-heading\" data-id=\"d94ed20\" data-element_type=\"widget\" data-e-type=\"widget\" data-widget_type=\"heading.default\">\n\t\t\t\t<div class=\"elementor-widget-container\">\n\t\t\t\t\t<h3 class=\"elementor-heading-title elementor-size-default\">Proc\u00e9dure d'asile<\/h3>\t\t\t\t<\/div>\n\t\t\t\t<\/div>\n\t\t\t\t<div class=\"elementor-element elementor-element-b0330db color-scheme-inherit text-left elementor-widget elementor-widget-text-editor\" data-id=\"b0330db\" data-element_type=\"widget\" data-e-type=\"widget\" data-widget_type=\"text-editor.default\">\n\t\t\t\t<div class=\"elementor-widget-container\">\n\t\t\t\t\t\t\t\t\t<p>Cette politique vise \u00e0 prot\u00e9ger les personnes menac\u00e9es si elles retournent dans leur pays d'origine.<\/p><ul><li><strong>Demande d'asile :<\/strong>\u00a0Cette proc\u00e9dure commence lorsqu'une personne demande l'asile aux Pays-Bas. Cette demande peut \u00eatre d\u00e9pos\u00e9e \u00e0 la fronti\u00e8re, \u00e0 l'a\u00e9roport ou dans un centre pour demandeurs d'asile. Apr\u00e8s l'introduction de la demande, une \u00e9valuation approfondie de la situation du demandeur d'asile commence.<\/li><li><strong>Motifs de demande d'asile :<\/strong>\u00a0Tout d'abord, les motifs de la demande d'asile sont examin\u00e9s. Ces motifs peuvent aller de la pers\u00e9cution politique \u00e0 la discrimination fond\u00e9e sur le sexe, l'orientation sexuelle ou la religion. Il est essentiel que le demandeur d'asile fournisse des informations d\u00e9taill\u00e9es et honn\u00eates sur ses ant\u00e9c\u00e9dents et les risques auxquels il est confront\u00e9 dans son pays d'origine.<\/li><li><strong>\u00c9valuation de la cr\u00e9dibilit\u00e9 :<\/strong>\u00a0Outre l'examen des motifs de la demande d'asile, des entretiens sont men\u00e9s pour \u00e9valuer la cr\u00e9dibilit\u00e9 de l'histoire du demandeur d'asile. Ce processus peut prendre un certain temps, car il est tr\u00e8s important de bien comprendre la situation de la personne.<\/li><li><strong>Action en justice :<\/strong>\u00a0En outre, les \u00e9tapes l\u00e9gales sont suivies pour traiter correctement la demande. Les demandeurs d'asile ont \u00e9galement la possibilit\u00e9 de contester les d\u00e9cisions s'ils ne sont pas d'accord avec le r\u00e9sultat de leur demande. Pour ce faire, il suffit de soumettre un avis d'objection contenant des arguments clairs sur les raisons pour lesquelles vous n'\u00eates pas d'accord avec le r\u00e9sultat.<\/li><\/ul>\t\t\t\t\t\t\t\t<\/div>\n\t\t\t\t<\/div>\n\t\t\t\t<div class=\"elementor-element elementor-element-adb87e8 elementor-widget elementor-widget-spacer\" data-id=\"adb87e8\" data-element_type=\"widget\" data-e-type=\"widget\" data-widget_type=\"spacer.default\">\n\t\t\t\t<div class=\"elementor-widget-container\">\n\t\t\t\t\t\t\t<div class=\"elementor-spacer\">\n\t\t\t<div class=\"elementor-spacer-inner\"><\/div>\n\t\t<\/div>\n\t\t\t\t\t\t<\/div>\n\t\t\t\t<\/div>\n\t\t\t\t<div class=\"elementor-element elementor-element-158756c elementor-widget elementor-widget-heading\" data-id=\"158756c\" data-element_type=\"widget\" data-e-type=\"widget\" data-widget_type=\"heading.default\">\n\t\t\t\t<div class=\"elementor-widget-container\">\n\t\t\t\t\t<h3 class=\"elementor-heading-title elementor-size-default\">Avocat n\u00e9erlandais sp\u00e9cialis\u00e9 dans les questions d'asile <\/h3>\t\t\t\t<\/div>\n\t\t\t\t<\/div>\n\t\t\t\t<div class=\"elementor-element elementor-element-2a105bb color-scheme-inherit text-left elementor-widget elementor-widget-text-editor\" data-id=\"2a105bb\" data-element_type=\"widget\" data-e-type=\"widget\" data-widget_type=\"text-editor.default\">\n\t\t\t\t<div class=\"elementor-widget-container\">\n\t\t\t\t\t\t\t\t\t<p>La proc\u00e9dure de demande d'asile peut \u00eatre assez compliqu\u00e9e. Elle implique de nombreuses r\u00e8gles et lois qui doivent \u00eatre strictement respect\u00e9es. Il est donc judicieux de faire appel \u00e0 un avocat exp\u00e9riment\u00e9.<\/p><p>Le <a href=\"https:\/\/www.derbedrosian.nl\/fr\/avocats\/\">des juristes exp\u00e9riment\u00e9s<\/a> du cabinet d'avocats der Bedrosian sont sp\u00e9cialis\u00e9s dans la <a href=\"https:\/\/www.derbedrosian.nl\/fr\/juridictions\/droit-dasile\/\">droit d'asile<\/a> et peut donc vous aider \u00e0 bien des \u00e9gards<\/p><p>En outre, les avocats peuvent vous informer de vos droits. Il peut \u00e9galement vous pr\u00e9parer aux questions auxquelles vous pouvez vous attendre. En cas de probl\u00e8me, les avocats peuvent s'adresser aux personnes qui d\u00e9cident de l'octroi de l'asile.<\/p>\t\t\t\t\t\t\t\t<\/div>\n\t\t\t\t<\/div>\n\t\t\t\t\t<\/div>\n\t\t\t\t<\/div>\n\t\t\t\t<\/div>","protected":false},"excerpt":{"rendered":"<p>D\u00e9terminer l'orientation sexuelle dans le droit d'asile droit d'asile avocat enschede droit d'asile avocat overijssel droit d'asile enschede avocat enschede droit d'asile Demande d'asile n\u00e9erlandais Le<\/p>","protected":false},"author":1,"featured_media":0,"parent":10757,"menu_order":0,"comment_status":"closed","ping_status":"closed","template":"","meta":{"footnotes":""},"class_list":["post-10779","page","type-page","status-publish","hentry"],"_links":{"self":[{"href":"https:\/\/www.derbedrosian.nl\/fr\/wp-json\/wp\/v2\/pages\/10779","targetHints":{"allow":["GET"]}}],"collection":[{"href":"https:\/\/www.derbedrosian.nl\/fr\/wp-json\/wp\/v2\/pages"}],"about":[{"href":"https:\/\/www.derbedrosian.nl\/fr\/wp-json\/wp\/v2\/types\/page"}],"author":[{"embeddable":true,"href":"https:\/\/www.derbedrosian.nl\/fr\/wp-json\/wp\/v2\/users\/1"}],"replies":[{"embeddable":true,"href":"https:\/\/www.derbedrosian.nl\/fr\/wp-json\/wp\/v2\/comments?post=10779"}],"version-history":[{"count":0,"href":"https:\/\/www.derbedrosian.nl\/fr\/wp-json\/wp\/v2\/pages\/10779\/revisions"}],"up":[{"embeddable":true,"href":"https:\/\/www.derbedrosian.nl\/fr\/wp-json\/wp\/v2\/pages\/10757"}],"wp:attachment":[{"href":"https:\/\/www.derbedrosian.nl\/fr\/wp-json\/wp\/v2\/media?parent=10779"}],"curies":[{"name":"wp","href":"https:\/\/api.w.org\/{rel}","templated":true}]}}