{"id":10717,"date":"2023-05-26T16:50:04","date_gmt":"2023-05-26T14:50:04","guid":{"rendered":"https:\/\/derbedrosian.nl\/?page_id=10717"},"modified":"2025-12-21T16:08:47","modified_gmt":"2025-12-21T14:08:47","slug":"permis-de-sejour-travailleur-independant","status":"publish","type":"page","link":"https:\/\/www.derbedrosian.nl\/fr\/rechtsgebieden\/vreemdelingenrecht\/verblijfsvergunning-zelfstandige-ondernemer\/","title":{"rendered":"Carte de s\u00e9jour entrepreneur ind\u00e9pendant"},"content":{"rendered":"<div data-elementor-type=\"wp-page\" data-elementor-id=\"10717\" class=\"elementor elementor-10717\" data-elementor-post-type=\"page\">\n\t\t\t\t<div class=\"wd-negative-gap elementor-element elementor-element-88bd715 e-flex e-con-boxed e-con e-parent\" data-id=\"88bd715\" data-element_type=\"container\" data-e-type=\"container\">\n\t\t\t\t\t<div class=\"e-con-inner\">\n\t\t\t\t<div class=\"elementor-element elementor-element-d086250 elementor-hidden-desktop elementor-hidden-tablet elementor-hidden-mobile elementor-widget elementor-widget-wd_image_or_svg\" data-id=\"d086250\" data-element_type=\"widget\" data-e-type=\"widget\" id=\"seo-word\" data-widget_type=\"wd_image_or_svg.default\">\n\t\t\t\t<div class=\"elementor-widget-container\">\n\t\t\t\t\t\n\t\t<div class=\"wd-image text-left\">\n\t\t\t\t\t\t\t\t<img loading=\"lazy\" decoding=\"async\" width=\"1000\" height=\"667\" src=\"https:\/\/www.derbedrosian.nl\/wp-content\/uploads\/rechtsgebied-verblijfsvergunning-zelfstandige-ondernemer.jpg\" class=\"attachment-full size-full\" alt=\"demande de permis de s\u00e9jour travailleur ind\u00e9pendant avocat droit des \u00e9trangers\" srcset=\"https:\/\/www.derbedrosian.nl\/wp-content\/uploads\/rechtsgebied-verblijfsvergunning-zelfstandige-ondernemer.jpg 1000w, https:\/\/www.derbedrosian.nl\/wp-content\/uploads\/rechtsgebied-verblijfsvergunning-zelfstandige-ondernemer-400x267.jpg 400w, https:\/\/www.derbedrosian.nl\/wp-content\/uploads\/rechtsgebied-verblijfsvergunning-zelfstandige-ondernemer-768x512.jpg 768w\" sizes=\"auto, (max-width: 1000px) 100vw, 1000px\" title=\"\">\t\t\t\t\t<\/div>\n\n\t\t\t\t\t\t<\/div>\n\t\t\t\t<\/div>\n\t\t\t\t<div class=\"elementor-element elementor-element-8756ea9 elementor-hidden-desktop elementor-hidden-tablet elementor-hidden-mobile elementor-widget elementor-widget-heading\" data-id=\"8756ea9\" data-element_type=\"widget\" data-e-type=\"widget\" id=\"seo-word\" data-widget_type=\"heading.default\">\n\t\t\t\t<div class=\"elementor-widget-container\">\n\t\t\t\t\t<h2 class=\"elementor-heading-title elementor-size-default\">droit de l'immigration<\/h2>\t\t\t\t<\/div>\n\t\t\t\t<\/div>\n\t\t\t\t<div class=\"elementor-element elementor-element-cc89742 elementor-hidden-desktop elementor-hidden-tablet elementor-hidden-mobile elementor-widget elementor-widget-heading\" data-id=\"cc89742\" data-element_type=\"widget\" data-e-type=\"widget\" id=\"seo-word\" data-widget_type=\"heading.default\">\n\t\t\t\t<div class=\"elementor-widget-container\">\n\t\t\t\t\t<h5 class=\"elementor-heading-title elementor-size-default\">demander un permis de s\u00e9jour pour devenir ind\u00e9pendant<\/h5>\t\t\t\t<\/div>\n\t\t\t\t<\/div>\n\t\t\t\t<div class=\"elementor-element elementor-element-bc46928 elementor-hidden-desktop elementor-hidden-tablet elementor-hidden-mobile elementor-widget elementor-widget-heading\" data-id=\"bc46928\" data-element_type=\"widget\" data-e-type=\"widget\" id=\"seo-word\" data-widget_type=\"heading.default\">\n\t\t\t\t<div class=\"elementor-widget-container\">\n\t\t\t\t\t<h5 class=\"elementor-heading-title elementor-size-default\">ind permis de s\u00e9jour travailleur ind\u00e9pendant<\/h5>\t\t\t\t<\/div>\n\t\t\t\t<\/div>\n\t\t\t\t<div class=\"elementor-element elementor-element-14ad2ae elementor-hidden-desktop elementor-hidden-tablet elementor-hidden-mobile elementor-widget elementor-widget-heading\" data-id=\"14ad2ae\" data-element_type=\"widget\" data-e-type=\"widget\" id=\"seo-word\" data-widget_type=\"heading.default\">\n\t\t\t\t<div class=\"elementor-widget-container\">\n\t\t\t\t\t<h5 class=\"elementor-heading-title elementor-size-default\">syst\u00e8me de points<\/h5>\t\t\t\t<\/div>\n\t\t\t\t<\/div>\n\t\t\t\t<div class=\"elementor-element elementor-element-4efe020 elementor-hidden-desktop elementor-hidden-tablet elementor-hidden-mobile elementor-widget elementor-widget-heading\" data-id=\"4efe020\" data-element_type=\"widget\" data-e-type=\"widget\" id=\"seo-word\" data-widget_type=\"heading.default\">\n\t\t\t\t<div class=\"elementor-widget-container\">\n\t\t\t\t\t<h5 class=\"elementor-heading-title elementor-size-default\">avocat en droit de l'immigration enschede<\/h5>\t\t\t\t<\/div>\n\t\t\t\t<\/div>\n\t\t\t\t<div class=\"elementor-element elementor-element-8097bb2 elementor-hidden-desktop elementor-hidden-tablet elementor-hidden-mobile elementor-widget elementor-widget-heading\" data-id=\"8097bb2\" data-element_type=\"widget\" data-e-type=\"widget\" id=\"seo-word\" data-widget_type=\"heading.default\">\n\t\t\t\t<div class=\"elementor-widget-container\">\n\t\t\t\t\t<h5 class=\"elementor-heading-title elementor-size-default\">avocat en droit de l'immigration overijssel<\/h5>\t\t\t\t<\/div>\n\t\t\t\t<\/div>\n\t\t\t\t<div class=\"elementor-element elementor-element-873cf86 elementor-hidden-desktop elementor-hidden-tablet elementor-hidden-mobile elementor-widget elementor-widget-heading\" data-id=\"873cf86\" data-element_type=\"widget\" data-e-type=\"widget\" id=\"seo-word\" data-widget_type=\"heading.default\">\n\t\t\t\t<div class=\"elementor-widget-container\">\n\t\t\t\t\t<h5 class=\"elementor-heading-title elementor-size-default\">droit des \u00e9trangers enschede<\/h5>\t\t\t\t<\/div>\n\t\t\t\t<\/div>\n\t\t\t\t<div class=\"elementor-element elementor-element-e56016a elementor-hidden-desktop elementor-hidden-tablet elementor-hidden-mobile elementor-widget elementor-widget-heading\" data-id=\"e56016a\" data-element_type=\"widget\" data-e-type=\"widget\" id=\"seo-word\" data-widget_type=\"heading.default\">\n\t\t\t\t<div class=\"elementor-widget-container\">\n\t\t\t\t\t<h5 class=\"elementor-heading-title elementor-size-default\">avocat enschede aliens law<\/h5>\t\t\t\t<\/div>\n\t\t\t\t<\/div>\n\t\t\t\t<div class=\"elementor-element elementor-element-ec191a7 elementor-hidden-desktop elementor-hidden-tablet elementor-hidden-mobile elementor-widget elementor-widget-heading\" data-id=\"ec191a7\" data-element_type=\"widget\" data-e-type=\"widget\" id=\"seo-word\" data-widget_type=\"heading.default\">\n\t\t\t\t<div class=\"elementor-widget-container\">\n\t\t\t\t\t<h5 class=\"elementor-heading-title elementor-size-default\">en tant qu'entrepreneur \u00e9tranger pour un prix fixe et le droit de privil\u00e8ge en droit pour la r\u00e9percussion de l'imp\u00f4t sur le revenu.<\/h5>\t\t\t\t<\/div>\n\t\t\t\t<\/div>\n\t\t\t\t<div class=\"elementor-element elementor-element-5740c84 elementor-hidden-desktop elementor-hidden-tablet elementor-hidden-mobile elementor-widget elementor-widget-heading\" data-id=\"5740c84\" data-element_type=\"widget\" data-e-type=\"widget\" id=\"seo-word\" data-widget_type=\"heading.default\">\n\t\t\t\t<div class=\"elementor-widget-container\">\n\t\t\t\t\t<h5 class=\"elementor-heading-title elementor-size-default\">La demande d'un permis de s\u00e9jour en tant qu'ind\u00e9pendant aux Pays-Bas est une proc\u00e9dure bas\u00e9e sur un syst\u00e8me de points. Le Service de l'immigration et de la naturalisation (IND) a d\u00e9fini des crit\u00e8res sp\u00e9cifiques auxquels vous devez r\u00e9pondre pour obtenir un tel permis de s\u00e9jour.\n\nDerbedrosian Aliens Lawyers \u00e0 Enschede et Overijssel comprend l'importance d'une demande correcte de permis de s\u00e9jour en tant qu'ind\u00e9pendant et du respect du syst\u00e8me de points. Nos avocats sp\u00e9cialis\u00e9s en immigration peuvent vous conseiller et vous guider tout au long de la proc\u00e9dure afin de s'assurer que vous remplissez les conditions requises.\n\nQue vous soyez en train de d\u00e9poser une demande aupr\u00e8s de l'IND ou que vous souhaitiez obtenir de plus amples informations sur le syst\u00e8me de points et les conditions d'obtention d'un permis de s\u00e9jour en tant qu'entrepreneur ind\u00e9pendant, n'h\u00e9sitez pas \u00e0 contacter Derbedrosian Immigration Lawyers. Nous sommes pr\u00eats \u00e0 vous aider et \u00e0 veiller \u00e0 ce que votre demande r\u00e9ponde \u00e0 toutes les exigences l\u00e9gales afin que vous puissiez rester aux Pays-Bas en tant qu'entrepreneur ind\u00e9pendant.<\/h5>\t\t\t\t<\/div>\n\t\t\t\t<\/div>\n\t\t\t\t<div class=\"elementor-element elementor-element-6786bb8 elementor-widget elementor-widget-heading\" data-id=\"6786bb8\" data-element_type=\"widget\" data-e-type=\"widget\" data-widget_type=\"heading.default\">\n\t\t\t\t<div class=\"elementor-widget-container\">\n\t\t\t\t\t<h3 class=\"elementor-heading-title elementor-size-default\">Qu'entend-on par \"entrepreneur ind\u00e9pendant titulaire d'un permis de s\u00e9jour\" ?<\/h3>\t\t\t\t<\/div>\n\t\t\t\t<\/div>\n\t\t\t\t<div class=\"elementor-element elementor-element-38ba973 color-scheme-inherit text-left elementor-widget elementor-widget-text-editor\" data-id=\"38ba973\" data-element_type=\"widget\" data-e-type=\"widget\" data-widget_type=\"text-editor.default\">\n\t\t\t\t<div class=\"elementor-widget-container\">\n\t\t\t\t\t\t\t\t\t<p>Un \"permis de s\u00e9jour pour entrepreneur ind\u00e9pendant\" aux Pays-Bas est un permis qui donne aux entrepreneurs \u00e9trangers le droit de vivre ici et de diriger leur propre entreprise. Ce permis vise \u00e0 donner aux entrepreneurs la possibilit\u00e9 de contribuer \u00e0 l'\u00e9conomie n\u00e9erlandaise et \u00e0 l'innovation. Pour obtenir ce permis, les demandeurs doivent remplir des conditions strictes, notamment obtenir des points dans le cadre d'un syst\u00e8me de points.<\/p>\t\t\t\t\t\t\t\t<\/div>\n\t\t\t\t<\/div>\n\t\t\t\t<div class=\"elementor-element elementor-element-789e398 elementor-widget elementor-widget-spacer\" data-id=\"789e398\" data-element_type=\"widget\" data-e-type=\"widget\" data-widget_type=\"spacer.default\">\n\t\t\t\t<div class=\"elementor-widget-container\">\n\t\t\t\t\t\t\t<div class=\"elementor-spacer\">\n\t\t\t<div class=\"elementor-spacer-inner\"><\/div>\n\t\t<\/div>\n\t\t\t\t\t\t<\/div>\n\t\t\t\t<\/div>\n\t\t\t\t<div class=\"elementor-element elementor-element-67f26fa elementor-widget elementor-widget-heading\" data-id=\"67f26fa\" data-element_type=\"widget\" data-e-type=\"widget\" data-widget_type=\"heading.default\">\n\t\t\t\t<div class=\"elementor-widget-container\">\n\t\t\t\t\t<h3 class=\"elementor-heading-title elementor-size-default\">Conditions d'octroi du permis de s\u00e9jour pour les entrepreneurs ind\u00e9pendants<\/h3>\t\t\t\t<\/div>\n\t\t\t\t<\/div>\n\t\t\t\t<div class=\"elementor-element elementor-element-3a442a2 color-scheme-inherit text-left elementor-widget elementor-widget-text-editor\" data-id=\"3a442a2\" data-element_type=\"widget\" data-e-type=\"widget\" data-widget_type=\"text-editor.default\">\n\t\t\t\t<div class=\"elementor-widget-container\">\n\t\t\t\t\t\t\t\t\t<p>Pour obtenir un permis de s\u00e9jour en tant qu'ind\u00e9pendant aux Pays-Bas, vous devez remplir des conditions sp\u00e9cifiques qui doivent \u00eatre scrupuleusement respect\u00e9es. Nous expliquons ces conditions plus en d\u00e9tail ci-dessous :<\/p><ul><li><strong>Contribution positive \u00e0 l'\u00e9conomie de march\u00e9 :<\/strong>\u00a0Tout d'abord, votre entreprise doit clairement apporter une contribution positive au d\u00e9veloppement \u00e9conomique des Pays-Bas. Vos activit\u00e9s commerciales doivent viser \u00e0 g\u00e9n\u00e9rer de la valeur ajout\u00e9e et de la croissance, et vous devez disposer d'une strat\u00e9gie solide pour atteindre ces objectifs.<\/li><li><strong>Pays d'origine :<\/strong>\u00a0le pays d'origine peut avoir une incidence sur votre demande. Il est important de noter que certains pays europ\u00e9ens, tels que la Norv\u00e8ge, l'Islande, la Suisse et le Liechtenstein, permettent \u00e0 leurs r\u00e9sidents de venir travailler aux Pays-Bas en tant qu'ind\u00e9pendants sans autorisation sp\u00e9cifique. Si vous n'\u00eates pas originaire de l'un de ces pays, vous devez respecter des r\u00e8gles et des conditions strictes pour pouvoir obtenir un permis de s\u00e9jour.<\/li><li><strong>Le syst\u00e8me de points :\u00a0<\/strong>Pour obtenir un permis de s\u00e9jour en tant qu'entrepreneur ind\u00e9pendant aux Pays-Bas, vous devez prouver que votre entreprise est r\u00e9ellement utile aux Pays-Bas. Le Service de l'immigration et de la naturalisation (IND) utilise pour ce faire un \"syst\u00e8me de points\". Ce syst\u00e8me prend en compte plusieurs \u00e9l\u00e9ments, tels que votre plan d'entreprise, votre exp\u00e9rience et la mani\u00e8re dont votre entreprise contribuera \u00e0 l'\u00e9conomie n\u00e9erlandaise. Nous aborderons le syst\u00e8me de points s\u00e9par\u00e9ment ci-dessous.<\/li><\/ul>\t\t\t\t\t\t\t\t<\/div>\n\t\t\t\t<\/div>\n\t\t\t\t<div class=\"elementor-element elementor-element-152233f elementor-widget elementor-widget-spacer\" data-id=\"152233f\" data-element_type=\"widget\" data-e-type=\"widget\" data-widget_type=\"spacer.default\">\n\t\t\t\t<div class=\"elementor-widget-container\">\n\t\t\t\t\t\t\t<div class=\"elementor-spacer\">\n\t\t\t<div class=\"elementor-spacer-inner\"><\/div>\n\t\t<\/div>\n\t\t\t\t\t\t<\/div>\n\t\t\t\t<\/div>\n\t\t\t\t<div class=\"elementor-element elementor-element-fbf620d elementor-widget elementor-widget-heading\" data-id=\"fbf620d\" data-element_type=\"widget\" data-e-type=\"widget\" data-widget_type=\"heading.default\">\n\t\t\t\t<div class=\"elementor-widget-container\">\n\t\t\t\t\t<h3 class=\"elementor-heading-title elementor-size-default\">Le syst\u00e8me de points<\/h3>\t\t\t\t<\/div>\n\t\t\t\t<\/div>\n\t\t\t\t<div class=\"elementor-element elementor-element-eb8d7e5 color-scheme-inherit text-left elementor-widget elementor-widget-text-editor\" data-id=\"eb8d7e5\" data-element_type=\"widget\" data-e-type=\"widget\" data-widget_type=\"text-editor.default\">\n\t\t\t\t<div class=\"elementor-widget-container\">\n\t\t\t\t\t\t\t\t\t<p>Pour rester aux Pays-Bas en tant qu'entrepreneur ind\u00e9pendant, vous devez d\u00e9montrer que votre entreprise apporte une valeur ajout\u00e9e aux Pays-Bas et pour les Pays-Bas. L'IND \u00e9value cette valeur \u00e0 l'aide d'un \"syst\u00e8me de points\".<br \/>Le syst\u00e8me de points comporte trois volets :<\/p><ul><li><strong>Plan d'affaires :<\/strong> Il s'agit des plans de votre entreprise, tels que le nombre de personnes que vous comptez atteindre, la mani\u00e8re dont vous l'organiserez et la mani\u00e8re dont vous la financerez.<\/li><li><strong>Exp\u00e9rience personnelle :<\/strong> Pour ce faire, ils examinent votre connaissance des Pays-Bas, votre formation et votre exp\u00e9rience en tant qu'entrepreneur.<\/li><li><strong>Valeur ajout\u00e9e pour les Pays-Bas :<\/strong> Cela signifie qu'ils s'int\u00e9ressent \u00e0 votre degr\u00e9 d'innovation ou \u00e0 la cr\u00e9ation d'emplois.<\/li><\/ul><p>Pour obtenir une licence en tant qu'ind\u00e9pendant, vous devez obtenir au moins 90 points au total, et au moins 30 points pour chaque section. Si vous avez un bon niveau d'\u00e9tudes et que vous obtenez au moins 45 points pour les deux premi\u00e8res sections (plan d'entreprise et exp\u00e9rience personnelle), vous n'avez pas besoin d'obtenir plus de points pour la troisi\u00e8me section.<\/p>\t\t\t\t\t\t\t\t<\/div>\n\t\t\t\t<\/div>\n\t\t\t\t<div class=\"elementor-element elementor-element-af86f84 elementor-widget elementor-widget-spacer\" data-id=\"af86f84\" data-element_type=\"widget\" data-e-type=\"widget\" data-widget_type=\"spacer.default\">\n\t\t\t\t<div class=\"elementor-widget-container\">\n\t\t\t\t\t\t\t<div class=\"elementor-spacer\">\n\t\t\t<div class=\"elementor-spacer-inner\"><\/div>\n\t\t<\/div>\n\t\t\t\t\t\t<\/div>\n\t\t\t\t<\/div>\n\t\t\t\t<div class=\"elementor-element elementor-element-7c0e3d5 elementor-widget elementor-widget-heading\" data-id=\"7c0e3d5\" data-element_type=\"widget\" data-e-type=\"widget\" data-widget_type=\"heading.default\">\n\t\t\t\t<div class=\"elementor-widget-container\">\n\t\t\t\t\t<h3 class=\"elementor-heading-title elementor-size-default\">Proc\u00e9dure relative au titre de s\u00e9jour pour les entrepreneurs ind\u00e9pendants<\/h3>\t\t\t\t<\/div>\n\t\t\t\t<\/div>\n\t\t\t\t<div class=\"elementor-element elementor-element-2777105 color-scheme-inherit text-left elementor-widget elementor-widget-text-editor\" data-id=\"2777105\" data-element_type=\"widget\" data-e-type=\"widget\" data-widget_type=\"text-editor.default\">\n\t\t\t\t<div class=\"elementor-widget-container\">\n\t\t\t\t\t\t\t\t\t<p>La proc\u00e9dure d'obtention d'un permis de s\u00e9jour pour devenir ind\u00e9pendant aux Pays-Bas comporte plusieurs \u00e9tapes, que nous expliquons bri\u00e8vement ci-dessous.<\/p><ul><li><strong>Collecte de documents :<\/strong>\u00a0la premi\u00e8re \u00e9tape consiste \u00e0 v\u00e9rifier soigneusement et \u00e0 rassembler tous les documents requis. Il est important que tous les documents officiels \u00e9trangers soient l\u00e9galis\u00e9s et traduits en n\u00e9erlandais avant d'\u00eatre soumis.<\/li><li><strong>Soumettre la demande :<\/strong>\u00a0introduire une demande \u00e9crite de permis de s\u00e9jour. Cette demande doit \u00eatre introduite dans un d\u00e9lai de 3 mois apr\u00e8s l'arriv\u00e9e aux Pays-Bas. Tous les documents n\u00e9cessaires doivent \u00eatre joints \u00e0 la demande. Les frais de dossier s'\u00e9l\u00e8vent \u00e0<\/li><li><strong>Paiement :<\/strong>\u00a0Veuillez noter que les frais de dossier s'\u00e9l\u00e8vent \u00e0 350,00 euros. Il est important de payer ces frais correctement.<\/li><li><strong>D\u00e9cision de l'IND :<\/strong>\u00a0le Service de l'immigration et de la naturalisation (IND) \u00e9valuera votre demande et est tenu par la loi de prendre une d\u00e9cision dans un d\u00e9lai de 90 jours. L'IND vous informera si la d\u00e9cision est prolong\u00e9e ou s'il manque des informations dans votre demande.<\/li><li><strong>D\u00e9cision re\u00e7ue :<\/strong>\u00a0Apr\u00e8s l'\u00e9valuation, vous recevrez une notification \u00e9crite contenant la d\u00e9cision, qui peut \u00eatre positive ou n\u00e9gative. En cas de d\u00e9cision positive, vous recevrez le \"permis de s\u00e9jour pour entrepreneur ind\u00e9pendant\". En cas de d\u00e9cision n\u00e9gative, vous aurez la possibilit\u00e9 de contester la d\u00e9cision de l'IND.<\/li><li><strong>Recouvrement de la carte de s\u00e9jour :<\/strong>\u00a0si la d\u00e9cision de l'IND est positive, vous recevrez une notification \u00e9crite indiquant la date \u00e0 laquelle le permis de s\u00e9jour peut \u00eatre retir\u00e9 au guichet de l'IND. Veuillez noter que le retrait du permis de s\u00e9jour n'est possible que sur rendez-vous.<\/li><\/ul>\t\t\t\t\t\t\t\t<\/div>\n\t\t\t\t<\/div>\n\t\t\t\t<div class=\"elementor-element elementor-element-7b3abb0 elementor-widget elementor-widget-spacer\" data-id=\"7b3abb0\" data-element_type=\"widget\" data-e-type=\"widget\" data-widget_type=\"spacer.default\">\n\t\t\t\t<div class=\"elementor-widget-container\">\n\t\t\t\t\t\t\t<div class=\"elementor-spacer\">\n\t\t\t<div class=\"elementor-spacer-inner\"><\/div>\n\t\t<\/div>\n\t\t\t\t\t\t<\/div>\n\t\t\t\t<\/div>\n\t\t\t\t<div class=\"elementor-element elementor-element-6e135cf elementor-widget elementor-widget-heading\" data-id=\"6e135cf\" data-element_type=\"widget\" data-e-type=\"widget\" data-widget_type=\"heading.default\">\n\t\t\t\t<div class=\"elementor-widget-container\">\n\t\t\t\t\t<h3 class=\"elementor-heading-title elementor-size-default\">Permis de s\u00e9jour pour avocat ind\u00e9pendant<\/h3>\t\t\t\t<\/div>\n\t\t\t\t<\/div>\n\t\t\t\t<div class=\"elementor-element elementor-element-fa51cf7 color-scheme-inherit text-left elementor-widget elementor-widget-text-editor\" data-id=\"fa51cf7\" data-element_type=\"widget\" data-e-type=\"widget\" data-widget_type=\"text-editor.default\">\n\t\t\t\t<div class=\"elementor-widget-container\">\n\t\t\t\t\t\t\t\t\t<p>L'ensemble de ce processus peut prendre une part consid\u00e9rable de votre temps pr\u00e9cieux. Le cabinet d'avocats Der Bedrosian est compos\u00e9 de<a href=\"https:\/\/www.derbedrosian.nl\/fr\/avocats\/\"> des juristes exp\u00e9riment\u00e9s<\/a> avec une sp\u00e9cialisation dans la <a href=\"https:\/\/www.derbedrosian.nl\/fr\/juridictions\/droit-de-limmigration\/\">le droit de l'immigration.<\/a><\/p><p>Contactez-nous d\u00e8s aujourd'hui et laissez-nous vous aider \u00e0 r\u00e9ussir votre candidature.<\/p>\t\t\t\t\t\t\t\t<\/div>\n\t\t\t\t<\/div>\n\t\t\t\t\t<\/div>\n\t\t\t\t<\/div>\n\t\t\t\t<\/div>","protected":false},"excerpt":{"rendered":"<p>vreemdelingenrecht verblijfsvergunning zelfstandig ondernemer aanvragen ind verblijfsvergunning zelfstandig ondernemer puntensysteem vreemdelingenrecht advocaat enschede vreemdelingenrecht advocaat overijssel vreemdelingenrecht enschede advocaat enschede<\/p>","protected":false},"author":1,"featured_media":0,"parent":10627,"menu_order":0,"comment_status":"closed","ping_status":"closed","template":"","meta":{"footnotes":""},"class_list":["post-10717","page","type-page","status-publish","hentry"],"_links":{"self":[{"href":"https:\/\/www.derbedrosian.nl\/fr\/wp-json\/wp\/v2\/pages\/10717","targetHints":{"allow":["GET"]}}],"collection":[{"href":"https:\/\/www.derbedrosian.nl\/fr\/wp-json\/wp\/v2\/pages"}],"about":[{"href":"https:\/\/www.derbedrosian.nl\/fr\/wp-json\/wp\/v2\/types\/page"}],"author":[{"embeddable":true,"href":"https:\/\/www.derbedrosian.nl\/fr\/wp-json\/wp\/v2\/users\/1"}],"replies":[{"embeddable":true,"href":"https:\/\/www.derbedrosian.nl\/fr\/wp-json\/wp\/v2\/comments?post=10717"}],"version-history":[{"count":0,"href":"https:\/\/www.derbedrosian.nl\/fr\/wp-json\/wp\/v2\/pages\/10717\/revisions"}],"up":[{"embeddable":true,"href":"https:\/\/www.derbedrosian.nl\/fr\/wp-json\/wp\/v2\/pages\/10627"}],"wp:attachment":[{"href":"https:\/\/www.derbedrosian.nl\/fr\/wp-json\/wp\/v2\/media?parent=10717"}],"curies":[{"name":"wp","href":"https:\/\/api.w.org\/{rel}","templated":true}]}}