{"id":10697,"date":"2023-05-26T16:03:51","date_gmt":"2023-05-26T14:03:51","guid":{"rendered":"https:\/\/derbedrosian.nl\/?page_id=10697"},"modified":"2025-12-21T16:04:53","modified_gmt":"2025-12-21T14:04:53","slug":"permis-de-sejour-sans-faute-de-leur-part","status":"publish","type":"page","link":"https:\/\/www.derbedrosian.nl\/fr\/rechtsgebieden\/vreemdelingenrecht\/verblijfsvergunning-buiten-schuld\/","title":{"rendered":"Permis de s\u00e9jour sans faute"},"content":{"rendered":"<div data-elementor-type=\"wp-page\" data-elementor-id=\"10697\" class=\"elementor elementor-10697\" data-elementor-post-type=\"page\">\n\t\t\t\t<div class=\"wd-negative-gap elementor-element elementor-element-4e82d63 e-flex e-con-boxed e-con e-parent\" data-id=\"4e82d63\" data-element_type=\"container\" data-e-type=\"container\">\n\t\t\t\t\t<div class=\"e-con-inner\">\n\t\t\t\t<div class=\"elementor-element elementor-element-77beea1 elementor-hidden-desktop elementor-hidden-tablet elementor-hidden-mobile elementor-widget elementor-widget-wd_image_or_svg\" data-id=\"77beea1\" data-element_type=\"widget\" data-e-type=\"widget\" id=\"seo-word\" data-widget_type=\"wd_image_or_svg.default\">\n\t\t\t\t<div class=\"elementor-widget-container\">\n\t\t\t\t\t\n\t\t<div class=\"wd-image text-left\">\n\t\t\t\t\t\t\t\t<img loading=\"lazy\" decoding=\"async\" width=\"1000\" height=\"667\" src=\"https:\/\/www.derbedrosian.nl\/wp-content\/uploads\/rechtsgebied-verblijfsvergunning-buiten-schuld.jpg\" class=\"attachment-full size-full\" alt=\"Titre de s\u00e9jour sans faute de l&#039;avocat DT&amp;V (Service de rapatriement et de d\u00e9part) conditions droit des \u00e9trangers visa\" srcset=\"https:\/\/www.derbedrosian.nl\/wp-content\/uploads\/rechtsgebied-verblijfsvergunning-buiten-schuld.jpg 1000w, https:\/\/www.derbedrosian.nl\/wp-content\/uploads\/rechtsgebied-verblijfsvergunning-buiten-schuld-400x267.jpg 400w, https:\/\/www.derbedrosian.nl\/wp-content\/uploads\/rechtsgebied-verblijfsvergunning-buiten-schuld-768x512.jpg 768w\" sizes=\"auto, (max-width: 1000px) 100vw, 1000px\" title=\"\">\t\t\t\t\t<\/div>\n\n\t\t\t\t\t\t<\/div>\n\t\t\t\t<\/div>\n\t\t\t\t<div class=\"elementor-element elementor-element-3b78b60 elementor-hidden-desktop elementor-hidden-tablet elementor-hidden-mobile elementor-widget elementor-widget-heading\" data-id=\"3b78b60\" data-element_type=\"widget\" data-e-type=\"widget\" id=\"seo-word\" data-widget_type=\"heading.default\">\n\t\t\t\t<div class=\"elementor-widget-container\">\n\t\t\t\t\t<h2 class=\"elementor-heading-title elementor-size-default\">avocat Permis de s\u00e9jour sans faute de sa part<\/h2>\t\t\t\t<\/div>\n\t\t\t\t<\/div>\n\t\t\t\t<div class=\"elementor-element elementor-element-58aa2cf elementor-hidden-desktop elementor-hidden-tablet elementor-hidden-mobile elementor-widget elementor-widget-heading\" data-id=\"58aa2cf\" data-element_type=\"widget\" data-e-type=\"widget\" id=\"seo-word\" data-widget_type=\"heading.default\">\n\t\t\t\t<div class=\"elementor-widget-container\">\n\t\t\t\t\t<h5 class=\"elementor-heading-title elementor-size-default\">Demander un permis de s\u00e9jour sans qu'il y ait faute de leur part<\/h5>\t\t\t\t<\/div>\n\t\t\t\t<\/div>\n\t\t\t\t<div class=\"elementor-element elementor-element-c53fd78 elementor-hidden-desktop elementor-hidden-tablet elementor-hidden-mobile elementor-widget elementor-widget-heading\" data-id=\"c53fd78\" data-element_type=\"widget\" data-e-type=\"widget\" id=\"seo-word\" data-widget_type=\"heading.default\">\n\t\t\t\t<div class=\"elementor-widget-container\">\n\t\t\t\t\t<h5 class=\"elementor-heading-title elementor-size-default\">Service de rapatriement et de d\u00e9part (DT&amp;V)\n<\/h5>\t\t\t\t<\/div>\n\t\t\t\t<\/div>\n\t\t\t\t<div class=\"elementor-element elementor-element-9e79ca4 elementor-hidden-desktop elementor-hidden-tablet elementor-hidden-mobile elementor-widget elementor-widget-heading\" data-id=\"9e79ca4\" data-element_type=\"widget\" data-e-type=\"widget\" id=\"seo-word\" data-widget_type=\"heading.default\">\n\t\t\t\t<div class=\"elementor-widget-container\">\n\t\t\t\t\t<h5 class=\"elementor-heading-title elementor-size-default\">Droit de l'immigration<\/h5>\t\t\t\t<\/div>\n\t\t\t\t<\/div>\n\t\t\t\t<div class=\"elementor-element elementor-element-efe2b47 elementor-hidden-desktop elementor-hidden-tablet elementor-hidden-mobile elementor-widget elementor-widget-heading\" data-id=\"efe2b47\" data-element_type=\"widget\" data-e-type=\"widget\" id=\"seo-word\" data-widget_type=\"heading.default\">\n\t\t\t\t<div class=\"elementor-widget-container\">\n\t\t\t\t\t<h5 class=\"elementor-heading-title elementor-size-default\">avocat en droit de l'immigration enschede<\/h5>\t\t\t\t<\/div>\n\t\t\t\t<\/div>\n\t\t\t\t<div class=\"elementor-element elementor-element-d7de649 elementor-hidden-desktop elementor-hidden-tablet elementor-hidden-mobile elementor-widget elementor-widget-heading\" data-id=\"d7de649\" data-element_type=\"widget\" data-e-type=\"widget\" id=\"seo-word\" data-widget_type=\"heading.default\">\n\t\t\t\t<div class=\"elementor-widget-container\">\n\t\t\t\t\t<h5 class=\"elementor-heading-title elementor-size-default\">avocat en droit de l'immigration overijssel<\/h5>\t\t\t\t<\/div>\n\t\t\t\t<\/div>\n\t\t\t\t<div class=\"elementor-element elementor-element-dac1cab elementor-hidden-desktop elementor-hidden-tablet elementor-hidden-mobile elementor-widget elementor-widget-heading\" data-id=\"dac1cab\" data-element_type=\"widget\" data-e-type=\"widget\" id=\"seo-word\" data-widget_type=\"heading.default\">\n\t\t\t\t<div class=\"elementor-widget-container\">\n\t\t\t\t\t<h5 class=\"elementor-heading-title elementor-size-default\">droit des \u00e9trangers enschede<\/h5>\t\t\t\t<\/div>\n\t\t\t\t<\/div>\n\t\t\t\t<div class=\"elementor-element elementor-element-df5865a elementor-hidden-desktop elementor-hidden-tablet elementor-hidden-mobile elementor-widget elementor-widget-heading\" data-id=\"df5865a\" data-element_type=\"widget\" data-e-type=\"widget\" id=\"seo-word\" data-widget_type=\"heading.default\">\n\t\t\t\t<div class=\"elementor-widget-container\">\n\t\t\t\t\t<h5 class=\"elementor-heading-title elementor-size-default\">avocat enschede aliens law<\/h5>\t\t\t\t<\/div>\n\t\t\t\t<\/div>\n\t\t\t\t<div class=\"elementor-element elementor-element-72c00aa elementor-hidden-desktop elementor-hidden-tablet elementor-hidden-mobile elementor-widget elementor-widget-heading\" data-id=\"72c00aa\" data-element_type=\"widget\" data-e-type=\"widget\" id=\"seo-word\" data-widget_type=\"heading.default\">\n\t\t\t\t<div class=\"elementor-widget-container\">\n\t\t\t\t\t<h5 class=\"elementor-heading-title elementor-size-default\">qu'est-ce qu'un there cannot leave the netherlands ? existe-t-il un permis de s\u00e9jour sp\u00e9cial ?<\/h5>\t\t\t\t<\/div>\n\t\t\t\t<\/div>\n\t\t\t\t<div class=\"elementor-element elementor-element-76d0107 elementor-hidden-desktop elementor-hidden-tablet elementor-hidden-mobile elementor-widget elementor-widget-heading\" data-id=\"76d0107\" data-element_type=\"widget\" data-e-type=\"widget\" id=\"seo-word\" data-widget_type=\"heading.default\">\n\t\t\t\t<div class=\"elementor-widget-container\">\n\t\t\t\t\t<h5 class=\"elementor-heading-title elementor-size-default\">Le permis de s\u00e9jour \"sans faute\" est un instrument juridique important dans le cadre de la l\u00e9gislation sur l'immigration. Ce permis est destin\u00e9 aux personnes qui ne peuvent pas quitter les Pays-Bas pour des raisons ind\u00e9pendantes de leur volont\u00e9. La demande d'un permis de s\u00e9jour \"sans faute\" peut \u00eatre une proc\u00e9dure complexe, qui prend en compte des crit\u00e8res et des r\u00e8gles sp\u00e9cifiques.\n\nLe Service de rapatriement et de d\u00e9part (DT&amp;V) joue un r\u00f4le dans la proc\u00e9dure de d\u00e9livrance du permis de s\u00e9jour et de retour. Il est important de demander l'avis et l'assistance d'avocats sp\u00e9cialis\u00e9s en droit de l'immigration, tels que Derbedrosian Vreemdelingenrecht Advocaten \u00e0 Enschede et Overijssel, lorsque vous envisagez de demander un permis de s\u00e9jour \"sans faute\" ou de traiter avec le DT&amp;V.\n\nNos avocats comprennent la complexit\u00e9 de ces proc\u00e9dures et sont pr\u00eats \u00e0 vous conseiller et \u00e0 vous guider tout au long de la proc\u00e9dure de demande et de la communication avec le DT&amp;V. Si vous avez besoin d'aide concernant les permis de s\u00e9jour \"sans faute de votre part\" ou d'autres questions de droit de l'immigration, n'h\u00e9sitez pas \u00e0 contacter Derbedrosian Immigration Lawyers. Nous sommes l\u00e0 pour vous aider et prot\u00e9ger vos droits.<\/h5>\t\t\t\t<\/div>\n\t\t\t\t<\/div>\n\t\t\t\t<div class=\"elementor-element elementor-element-9b79d93 elementor-widget elementor-widget-heading\" data-id=\"9b79d93\" data-element_type=\"widget\" data-e-type=\"widget\" data-widget_type=\"heading.default\">\n\t\t\t\t<div class=\"elementor-widget-container\">\n\t\t\t\t\t<h3 class=\"elementor-heading-title elementor-size-default\">Qu'entend-on par \"permis de s\u00e9jour irr\u00e9prochable\" ?<\/h3>\t\t\t\t<\/div>\n\t\t\t\t<\/div>\n\t\t\t\t<div class=\"elementor-element elementor-element-01f9d0a color-scheme-inherit text-left elementor-widget elementor-widget-text-editor\" data-id=\"01f9d0a\" data-element_type=\"widget\" data-e-type=\"widget\" data-widget_type=\"text-editor.default\">\n\t\t\t\t<div class=\"elementor-widget-container\">\n\t\t\t\t\t\t\t\t\t<p>Selon la loi sur les \u00e9trangers, une personne en situation irr\u00e9guli\u00e8re qui s\u00e9journe aux Pays-Bas doit quitter le pays. Gr\u00e2ce \u00e0 un permis de s\u00e9jour appel\u00e9 \"Permis de s\u00e9jour sans faute\", la personne qui veut quitter les Pays-Bas peut rester aux Pays-Bas m\u00eame si elle n'a pas de document d'identit\u00e9 ou si le pays d'o\u00f9 elle vient ne coop\u00e8re pas \u00e0 son d\u00e9part des Pays-Bas. Dans de tels cas, ce permis offre une solution l\u00e9gale et humanitaire \u00e0 une situation complexe.<\/p>\t\t\t\t\t\t\t\t<\/div>\n\t\t\t\t<\/div>\n\t\t\t\t<div class=\"elementor-element elementor-element-7ac62af elementor-widget elementor-widget-spacer\" data-id=\"7ac62af\" data-element_type=\"widget\" data-e-type=\"widget\" data-widget_type=\"spacer.default\">\n\t\t\t\t<div class=\"elementor-widget-container\">\n\t\t\t\t\t\t\t<div class=\"elementor-spacer\">\n\t\t\t<div class=\"elementor-spacer-inner\"><\/div>\n\t\t<\/div>\n\t\t\t\t\t\t<\/div>\n\t\t\t\t<\/div>\n\t\t\t\t<div class=\"elementor-element elementor-element-30f83de elementor-widget elementor-widget-heading\" data-id=\"30f83de\" data-element_type=\"widget\" data-e-type=\"widget\" data-widget_type=\"heading.default\">\n\t\t\t\t<div class=\"elementor-widget-container\">\n\t\t\t\t\t<h3 class=\"elementor-heading-title elementor-size-default\">Puis-je pr\u00e9tendre \u00e0 un permis de s\u00e9jour sans qu'il y ait faute de ma part ?<\/h3>\t\t\t\t<\/div>\n\t\t\t\t<\/div>\n\t\t\t\t<div class=\"elementor-element elementor-element-96d932d color-scheme-inherit text-left elementor-widget elementor-widget-text-editor\" data-id=\"96d932d\" data-element_type=\"widget\" data-e-type=\"widget\" data-widget_type=\"text-editor.default\">\n\t\t\t\t<div class=\"elementor-widget-container\">\n\t\t\t\t\t\t\t\t\t<p>Pour obtenir un \"permis de s\u00e9jour sans faute\", vous devez d\u00e9montrer de mani\u00e8re convaincante que les circonstances qui vous emp\u00eachent de quitter les Pays-Bas sont totalement ind\u00e9pendantes de votre volont\u00e9 et que ce n'est pas votre faute si vous ne pouvez pas partir.<\/p><p>Vous trouverez ci-dessous les conditions sp\u00e9cifiques pour obtenir cette licence :<\/p><ul><li><strong>Identification (ID) :<\/strong> il est essentiel que toute personne puisse \u00e9tablir votre nationalit\u00e9 et votre identit\u00e9 sans aucun doute. Pour ce faire, vous devez disposer de documents valides et v\u00e9rifiables confirmant votre nationalit\u00e9 et votre identit\u00e9. L'absence de tels documents peut rendre difficile l'obtention de ce permis.<\/li><li><strong>Coop\u00e9ration avec (DT&amp;V) :<\/strong> pendant votre s\u00e9jour aux Pays-Bas, vous \u00eates cens\u00e9 avoir fait des efforts continus pour coop\u00e9rer avec le service de rapatriement et de d\u00e9part (DT&amp;V) en vue de quitter les Pays-Bas. Vous devez notamment participer aux entretiens, fournir des informations pertinentes et suivre les instructions donn\u00e9es pour faciliter votre d\u00e9part.<\/li><li><strong>Motivation :<\/strong> vous devez d\u00e9montrer votre motivation \u00e0 retourner dans votre pays d'origine. Cette motivation peut \u00eatre \u00e9tay\u00e9e par une d\u00e9claration cr\u00e9dible expliquant pourquoi vous souhaitez retourner dans votre pays et les mesures que vous avez prises pour y parvenir. Une motivation claire \u00e0 retourner dans votre pays est un \u00e9l\u00e9ment crucial dans la demande d'un \"permis de s\u00e9jour sans faute de votre part\".<\/li><\/ul>\t\t\t\t\t\t\t\t<\/div>\n\t\t\t\t<\/div>\n\t\t\t\t<div class=\"elementor-element elementor-element-b0770ce elementor-widget elementor-widget-spacer\" data-id=\"b0770ce\" data-element_type=\"widget\" data-e-type=\"widget\" data-widget_type=\"spacer.default\">\n\t\t\t\t<div class=\"elementor-widget-container\">\n\t\t\t\t\t\t\t<div class=\"elementor-spacer\">\n\t\t\t<div class=\"elementor-spacer-inner\"><\/div>\n\t\t<\/div>\n\t\t\t\t\t\t<\/div>\n\t\t\t\t<\/div>\n\t\t\t\t<div class=\"elementor-element elementor-element-5d32e89 elementor-widget elementor-widget-heading\" data-id=\"5d32e89\" data-element_type=\"widget\" data-e-type=\"widget\" data-widget_type=\"heading.default\">\n\t\t\t\t<div class=\"elementor-widget-container\">\n\t\t\t\t\t<h3 class=\"elementor-heading-title elementor-size-default\">Membres de la famille<\/h3>\t\t\t\t<\/div>\n\t\t\t\t<\/div>\n\t\t\t\t<div class=\"elementor-element elementor-element-1172612 color-scheme-inherit text-left elementor-widget elementor-widget-text-editor\" data-id=\"1172612\" data-element_type=\"widget\" data-e-type=\"widget\" data-widget_type=\"text-editor.default\">\n\t\t\t\t<div class=\"elementor-widget-container\">\n\t\t\t\t\t\t\t\t\t<p>Parfois, les membres de votre famille, comme votre partenaire et vos enfants de moins de 18 ans, peuvent \u00e9galement s\u00e9journer aux Pays-Bas. Dans ce cas, des r\u00e8gles sp\u00e9cifiques s'appliquent, auxquelles vous et les membres de votre famille devez vous conformer. Les conditions qui s'appliquent \u00e0 vous et aux membres de votre famille sont \u00e9num\u00e9r\u00e9es ci-dessous.<\/p><ul><li><strong>S\u00e9jour conjoint :<\/strong> vous et les membres de votre famille devez \u00eatre pr\u00e9sents aux Pays-Bas en m\u00eame temps. Cela signifie que vous ne pouvez pas r\u00e9sider dans le pays s\u00e9par\u00e9ment alors que les membres de votre famille sont ailleurs. La cohabitation aux Pays-Bas est essentielle pour que les membres de votre famille puissent b\u00e9n\u00e9ficier d'un droit de s\u00e9jour.<\/li><li><strong>Relation familiale :<\/strong> il doit y avoir une certitude absolue quant \u00e0 la situation familiale des personnes concern\u00e9es. Cela signifie qu'il faut pouvoir prouver le lien de parent\u00e9 au moyen de documents officiels, tels que des actes de naissance ou des actes de mariage. Il est tr\u00e8s important de pouvoir prouver que les liens familiaux sont l\u00e9gitimes et incontestables.<\/li><\/ul>\t\t\t\t\t\t\t\t<\/div>\n\t\t\t\t<\/div>\n\t\t\t\t<div class=\"elementor-element elementor-element-b75afe6 elementor-widget elementor-widget-spacer\" data-id=\"b75afe6\" data-element_type=\"widget\" data-e-type=\"widget\" data-widget_type=\"spacer.default\">\n\t\t\t\t<div class=\"elementor-widget-container\">\n\t\t\t\t\t\t\t<div class=\"elementor-spacer\">\n\t\t\t<div class=\"elementor-spacer-inner\"><\/div>\n\t\t<\/div>\n\t\t\t\t\t\t<\/div>\n\t\t\t\t<\/div>\n\t\t\t\t<div class=\"elementor-element elementor-element-50bdf4b elementor-widget elementor-widget-heading\" data-id=\"50bdf4b\" data-element_type=\"widget\" data-e-type=\"widget\" data-widget_type=\"heading.default\">\n\t\t\t\t<div class=\"elementor-widget-container\">\n\t\t\t\t\t<h2 class=\"elementor-heading-title elementor-size-default\">Proc\u00e9dure <\/h2>\t\t\t\t<\/div>\n\t\t\t\t<\/div>\n\t\t\t\t<div class=\"elementor-element elementor-element-68e0642 color-scheme-inherit text-left elementor-widget elementor-widget-text-editor\" data-id=\"68e0642\" data-element_type=\"widget\" data-e-type=\"widget\" data-widget_type=\"text-editor.default\">\n\t\t\t\t<div class=\"elementor-widget-container\">\n\t\t\t\t\t\t\t\t\t<ul><li><strong>D\u00e9p\u00f4t de la demande :<\/strong>&nbsp;la premi\u00e8re \u00e9tape pour obtenir un permis de s\u00e9jour \"sans faute\" est d'introduire une demande officielle. Cette d\u00e9marche doit \u00eatre effectu\u00e9e par un ressortissant \u00e9tranger qui ne peut pas quitter les Pays-Bas pour des raisons ind\u00e9pendantes de sa volont\u00e9. La demande peut \u00eatre d\u00e9pos\u00e9e aupr\u00e8s du Service de l'immigration et de la naturalisation (IND), l'organisme responsable du traitement de ces demandes.<\/li>\n<li><strong>Recherche et \u00e9valuation :<\/strong>&nbsp;apr\u00e8s l'introduction de la demande, l'IND m\u00e8ne une enqu\u00eate approfondie et \u00e9value la situation. Il s'agit notamment de recueillir des informations pour v\u00e9rifier si le ressortissant \u00e9tranger est r\u00e9ellement incapable de retourner dans son pays d'origine en raison de circonstances insurmontables.<\/li>\n<li><strong>Charge de la preuve :<\/strong>&nbsp;il est essentiel que le ressortissant \u00e9tranger fournisse des preuves convaincantes pour justifier sa situation. Ces preuves peuvent varier en fonction des circonstances individuelles, mais elles doivent d\u00e9montrer qu'il n'y a pas de possibilit\u00e9 raisonnable de retourner dans le pays d'origine.<\/li>\n<li><strong>Prise de d\u00e9cision :<\/strong>&nbsp;Sur la base de l'enqu\u00eate et de l'\u00e9valuation effectu\u00e9es, l'IND prend une d\u00e9cision sur la demande de permis de s\u00e9jour \"sans faute\". Si l'\u00e9tranger remplit les conditions requises et que les preuves pr\u00e9sent\u00e9es sont convaincantes, le permis est accord\u00e9. Si la demande est approuv\u00e9e, l'\u00e9tranger peut rester l\u00e9galement aux Pays-Bas et b\u00e9n\u00e9ficier de certains droits et facilit\u00e9s.<\/li><\/ul>\t\t\t\t\t\t\t\t<\/div>\n\t\t\t\t<\/div>\n\t\t\t\t<div class=\"elementor-element elementor-element-5e90d2c elementor-widget elementor-widget-spacer\" data-id=\"5e90d2c\" data-element_type=\"widget\" data-e-type=\"widget\" data-widget_type=\"spacer.default\">\n\t\t\t\t<div class=\"elementor-widget-container\">\n\t\t\t\t\t\t\t<div class=\"elementor-spacer\">\n\t\t\t<div class=\"elementor-spacer-inner\"><\/div>\n\t\t<\/div>\n\t\t\t\t\t\t<\/div>\n\t\t\t\t<\/div>\n\t\t\t\t<div class=\"elementor-element elementor-element-89298ce elementor-widget elementor-widget-heading\" data-id=\"89298ce\" data-element_type=\"widget\" data-e-type=\"widget\" data-widget_type=\"heading.default\">\n\t\t\t\t<div class=\"elementor-widget-container\">\n\t\t\t\t\t<h3 class=\"elementor-heading-title elementor-size-default\">Service de rapatriement et de d\u00e9part (DT&amp;V)<\/h3>\t\t\t\t<\/div>\n\t\t\t\t<\/div>\n\t\t\t\t<div class=\"elementor-element elementor-element-d31607e color-scheme-inherit text-left elementor-widget elementor-widget-text-editor\" data-id=\"d31607e\" data-element_type=\"widget\" data-e-type=\"widget\" data-widget_type=\"text-editor.default\">\n\t\t\t\t<div class=\"elementor-widget-container\">\n\t\t\t\t\t\t\t\t\t<p>Le service de rapatriement et de d\u00e9part (DT&amp;V) est charg\u00e9 de veiller \u00e0 ce que les personnes qui doivent quitter les Pays-Bas le fassent effectivement. Dans ce cas, l'obtention d'un permis de s\u00e9jour est souvent une proc\u00e9dure complexe. Le DT&amp;V peut parfois douter de la volont\u00e9 r\u00e9elle d'une personne de retourner dans son pays d'origine et du fait qu'elle ait fait des efforts suffisants pour satisfaire aux exigences l\u00e9gales. Il est donc extr\u00eamement important de contacter le DT&amp;V en temps utile et de suivre ses instructions \u00e0 la lettre.<\/p>\t\t\t\t\t\t\t\t<\/div>\n\t\t\t\t<\/div>\n\t\t\t\t<div class=\"elementor-element elementor-element-9edd9a6 elementor-widget elementor-widget-spacer\" data-id=\"9edd9a6\" data-element_type=\"widget\" data-e-type=\"widget\" data-widget_type=\"spacer.default\">\n\t\t\t\t<div class=\"elementor-widget-container\">\n\t\t\t\t\t\t\t<div class=\"elementor-spacer\">\n\t\t\t<div class=\"elementor-spacer-inner\"><\/div>\n\t\t<\/div>\n\t\t\t\t\t\t<\/div>\n\t\t\t\t<\/div>\n\t\t\t\t<div class=\"elementor-element elementor-element-cd70734 elementor-widget elementor-widget-heading\" data-id=\"cd70734\" data-element_type=\"widget\" data-e-type=\"widget\" data-widget_type=\"heading.default\">\n\t\t\t\t<div class=\"elementor-widget-container\">\n\t\t\t\t\t<h3 class=\"elementor-heading-title elementor-size-default\">Permis de s\u00e9jour sans faute de l'avocat<\/h3>\t\t\t\t<\/div>\n\t\t\t\t<\/div>\n\t\t\t\t<div class=\"elementor-element elementor-element-07ff750 color-scheme-inherit text-left elementor-widget elementor-widget-text-editor\" data-id=\"07ff750\" data-element_type=\"widget\" data-e-type=\"widget\" data-widget_type=\"text-editor.default\">\n\t\t\t\t<div class=\"elementor-widget-container\">\n\t\t\t\t\t\t\t\t\t<p>L'obtention d'un permis de s\u00e9jour sans faute est un processus qui prendra beaucoup de temps si l'on ne fait pas appel \u00e0 un avocat exp\u00e9riment\u00e9. Les<a href=\"https:\/\/www.derbedrosian.nl\/fr\/avocats\/\"> avocats<\/a> du cabinet d'avocats Der Bedrosian sont sp\u00e9cialis\u00e9s dans la <a href=\"https:\/\/www.derbedrosian.nl\/fr\/juridictions\/droit-de-limmigration\/\">droit de l'immigration<\/a>\u00a0et fournir une assistance juridique compl\u00e8te.<\/p><p>N'h\u00e9sitez donc pas \u00e0 nous contacter pour obtenir des conseils gratuits.<\/p>\t\t\t\t\t\t\t\t<\/div>\n\t\t\t\t<\/div>\n\t\t\t\t\t<\/div>\n\t\t\t\t<\/div>\n\t\t\t\t<\/div>","protected":false},"excerpt":{"rendered":"<p>avocat Permis de s\u00e9jour Sans faute Permis de s\u00e9jour Sans faute demander Service Retour et d\u00e9part (DT&amp;V) Droit des \u00e9trangers avocat sp\u00e9cialis\u00e9 en droit des \u00e9trangers \u00e0 Enschede avocat sp\u00e9cialis\u00e9 en droit des \u00e9trangers dans la province d'Overijssel<\/p>","protected":false},"author":1,"featured_media":0,"parent":10627,"menu_order":0,"comment_status":"closed","ping_status":"closed","template":"","meta":{"footnotes":""},"class_list":["post-10697","page","type-page","status-publish","hentry"],"_links":{"self":[{"href":"https:\/\/www.derbedrosian.nl\/fr\/wp-json\/wp\/v2\/pages\/10697","targetHints":{"allow":["GET"]}}],"collection":[{"href":"https:\/\/www.derbedrosian.nl\/fr\/wp-json\/wp\/v2\/pages"}],"about":[{"href":"https:\/\/www.derbedrosian.nl\/fr\/wp-json\/wp\/v2\/types\/page"}],"author":[{"embeddable":true,"href":"https:\/\/www.derbedrosian.nl\/fr\/wp-json\/wp\/v2\/users\/1"}],"replies":[{"embeddable":true,"href":"https:\/\/www.derbedrosian.nl\/fr\/wp-json\/wp\/v2\/comments?post=10697"}],"version-history":[{"count":0,"href":"https:\/\/www.derbedrosian.nl\/fr\/wp-json\/wp\/v2\/pages\/10697\/revisions"}],"up":[{"embeddable":true,"href":"https:\/\/www.derbedrosian.nl\/fr\/wp-json\/wp\/v2\/pages\/10627"}],"wp:attachment":[{"href":"https:\/\/www.derbedrosian.nl\/fr\/wp-json\/wp\/v2\/media?parent=10697"}],"curies":[{"name":"wp","href":"https:\/\/api.w.org\/{rel}","templated":true}]}}