{"id":10692,"date":"2023-05-26T16:02:10","date_gmt":"2023-05-26T14:02:10","guid":{"rendered":"https:\/\/derbedrosian.nl\/?page_id=10692"},"modified":"2025-12-21T16:04:07","modified_gmt":"2025-12-21T14:04:07","slug":"droit-de-sejour-des-citoyens-de-lue","status":"publish","type":"page","link":"https:\/\/www.derbedrosian.nl\/fr\/rechtsgebieden\/vreemdelingenrecht\/verblijfsrecht-eu-burger\/","title":{"rendered":"Droit de s\u00e9jour Citoyen de l'UE"},"content":{"rendered":"<div data-elementor-type=\"wp-page\" data-elementor-id=\"10692\" class=\"elementor elementor-10692\" data-elementor-post-type=\"page\">\n\t\t\t\t<div class=\"wd-negative-gap elementor-element elementor-element-b05a20d e-flex e-con-boxed e-con e-parent\" data-id=\"b05a20d\" data-element_type=\"container\" data-e-type=\"container\">\n\t\t\t\t\t<div class=\"e-con-inner\">\n\t\t\t\t<div class=\"elementor-element elementor-element-89e1860 elementor-hidden-desktop elementor-hidden-tablet elementor-hidden-mobile elementor-widget elementor-widget-wd_image_or_svg\" data-id=\"89e1860\" data-element_type=\"widget\" data-e-type=\"widget\" id=\"seo-word\" data-widget_type=\"wd_image_or_svg.default\">\n\t\t\t\t<div class=\"elementor-widget-container\">\n\t\t\t\t\t\n\t\t<div class=\"wd-image text-left\">\n\t\t\t\t\t\t\t\t<img loading=\"lazy\" decoding=\"async\" width=\"1000\" height=\"667\" src=\"https:\/\/www.derbedrosian.nl\/wp-content\/uploads\/rechtsgebied-verblijfsrecht-eu-burger-1.jpg\" class=\"attachment-full size-full\" alt=\"Droit de s\u00e9jour Citoyen de l&#039;UE Avocat Pays-Bas Droit des \u00e9trangers Permis de s\u00e9jour Visa IND ind\" srcset=\"https:\/\/www.derbedrosian.nl\/wp-content\/uploads\/rechtsgebied-verblijfsrecht-eu-burger-1.jpg 1000w, https:\/\/www.derbedrosian.nl\/wp-content\/uploads\/rechtsgebied-verblijfsrecht-eu-burger-1-400x267.jpg 400w, https:\/\/www.derbedrosian.nl\/wp-content\/uploads\/rechtsgebied-verblijfsrecht-eu-burger-1-768x512.jpg 768w\" sizes=\"auto, (max-width: 1000px) 100vw, 1000px\" title=\"\">\t\t\t\t\t<\/div>\n\n\t\t\t\t\t\t<\/div>\n\t\t\t\t<\/div>\n\t\t\t\t<div class=\"elementor-element elementor-element-97a0527 elementor-hidden-desktop elementor-hidden-tablet elementor-hidden-mobile elementor-widget elementor-widget-heading\" data-id=\"97a0527\" data-element_type=\"widget\" data-e-type=\"widget\" id=\"seo-word\" data-widget_type=\"heading.default\">\n\t\t\t\t<div class=\"elementor-widget-container\">\n\t\t\t\t\t<h2 class=\"elementor-heading-title elementor-size-default\">Droit de s\u00e9jour Pays-Bas<\/h2>\t\t\t\t<\/div>\n\t\t\t\t<\/div>\n\t\t\t\t<div class=\"elementor-element elementor-element-3629efb elementor-hidden-desktop elementor-hidden-tablet elementor-hidden-mobile elementor-widget elementor-widget-heading\" data-id=\"3629efb\" data-element_type=\"widget\" data-e-type=\"widget\" id=\"seo-word\" data-widget_type=\"heading.default\">\n\t\t\t\t<div class=\"elementor-widget-container\">\n\t\t\t\t\t<h5 class=\"elementor-heading-title elementor-size-default\">Droit de s\u00e9jour Conditions de l'UE<\/h5>\t\t\t\t<\/div>\n\t\t\t\t<\/div>\n\t\t\t\t<div class=\"elementor-element elementor-element-4cf1a29 elementor-hidden-desktop elementor-hidden-tablet elementor-hidden-mobile elementor-widget elementor-widget-heading\" data-id=\"4cf1a29\" data-element_type=\"widget\" data-e-type=\"widget\" id=\"seo-word\" data-widget_type=\"heading.default\">\n\t\t\t\t<div class=\"elementor-widget-container\">\n\t\t\t\t\t<h5 class=\"elementor-heading-title elementor-size-default\">Que signifie le droit de s\u00e9jour ?<\/h5>\t\t\t\t<\/div>\n\t\t\t\t<\/div>\n\t\t\t\t<div class=\"elementor-element elementor-element-0dc8ef1 elementor-hidden-desktop elementor-hidden-tablet elementor-hidden-mobile elementor-widget elementor-widget-heading\" data-id=\"0dc8ef1\" data-element_type=\"widget\" data-e-type=\"widget\" id=\"seo-word\" data-widget_type=\"heading.default\">\n\t\t\t\t<div class=\"elementor-widget-container\">\n\t\t\t\t\t<h5 class=\"elementor-heading-title elementor-size-default\">Combien de temps pouvez-vous rester en Europe ?<\/h5>\t\t\t\t<\/div>\n\t\t\t\t<\/div>\n\t\t\t\t<div class=\"elementor-element elementor-element-24199f6 elementor-hidden-desktop elementor-hidden-tablet elementor-hidden-mobile elementor-widget elementor-widget-heading\" data-id=\"24199f6\" data-element_type=\"widget\" data-e-type=\"widget\" id=\"seo-word\" data-widget_type=\"heading.default\">\n\t\t\t\t<div class=\"elementor-widget-container\">\n\t\t\t\t\t<h5 class=\"elementor-heading-title elementor-size-default\">avocat sp\u00e9cialis\u00e9 en droit de l'immigration<\/h5>\t\t\t\t<\/div>\n\t\t\t\t<\/div>\n\t\t\t\t<div class=\"elementor-element elementor-element-6915dda elementor-hidden-desktop elementor-hidden-tablet elementor-hidden-mobile elementor-widget elementor-widget-heading\" data-id=\"6915dda\" data-element_type=\"widget\" data-e-type=\"widget\" id=\"seo-word\" data-widget_type=\"heading.default\">\n\t\t\t\t<div class=\"elementor-widget-container\">\n\t\t\t\t\t<h5 class=\"elementor-heading-title elementor-size-default\">avocat en droit de l'immigration enschede<\/h5>\t\t\t\t<\/div>\n\t\t\t\t<\/div>\n\t\t\t\t<div class=\"elementor-element elementor-element-663e8b3 elementor-hidden-desktop elementor-hidden-tablet elementor-hidden-mobile elementor-widget elementor-widget-heading\" data-id=\"663e8b3\" data-element_type=\"widget\" data-e-type=\"widget\" id=\"seo-word\" data-widget_type=\"heading.default\">\n\t\t\t\t<div class=\"elementor-widget-container\">\n\t\t\t\t\t<h5 class=\"elementor-heading-title elementor-size-default\">avocat en droit de l'immigration overijssel<\/h5>\t\t\t\t<\/div>\n\t\t\t\t<\/div>\n\t\t\t\t<div class=\"elementor-element elementor-element-cb74d2c elementor-hidden-desktop elementor-hidden-tablet elementor-hidden-mobile elementor-widget elementor-widget-heading\" data-id=\"cb74d2c\" data-element_type=\"widget\" data-e-type=\"widget\" id=\"seo-word\" data-widget_type=\"heading.default\">\n\t\t\t\t<div class=\"elementor-widget-container\">\n\t\t\t\t\t<h5 class=\"elementor-heading-title elementor-size-default\">droit des \u00e9trangers enschede<\/h5>\t\t\t\t<\/div>\n\t\t\t\t<\/div>\n\t\t\t\t<div class=\"elementor-element elementor-element-74d3f9a elementor-hidden-desktop elementor-hidden-tablet elementor-hidden-mobile elementor-widget elementor-widget-heading\" data-id=\"74d3f9a\" data-element_type=\"widget\" data-e-type=\"widget\" id=\"seo-word\" data-widget_type=\"heading.default\">\n\t\t\t\t<div class=\"elementor-widget-container\">\n\t\t\t\t\t<h5 class=\"elementor-heading-title elementor-size-default\">avocat enschede aliens law<\/h5>\t\t\t\t<\/div>\n\t\t\t\t<\/div>\n\t\t\t\t<div class=\"elementor-element elementor-element-102039a elementor-hidden-desktop elementor-hidden-tablet elementor-hidden-mobile elementor-widget elementor-widget-heading\" data-id=\"102039a\" data-element_type=\"widget\" data-e-type=\"widget\" id=\"seo-word\" data-widget_type=\"heading.default\">\n\t\t\t\t<div class=\"elementor-widget-container\">\n\t\t\t\t\t<h5 class=\"elementor-heading-title elementor-size-default\">pas de r\u00e9glementation juridique soutien chiffres r\u00e9seau de transformation r\u00e9glementation juridique soutien chiffres r\u00e9seau de transformation pour les citoyens de l'ue ayant le droit de s'\u00e9tablir librement et les membres de leur famille r\u00e9glementation soutien chiffres r\u00e9seau de transformation pour les municipalit\u00e9s social <\/h5>\t\t\t\t<\/div>\n\t\t\t\t<\/div>\n\t\t\t\t<div class=\"elementor-element elementor-element-56de84d elementor-hidden-desktop elementor-hidden-tablet elementor-hidden-mobile elementor-widget elementor-widget-heading\" data-id=\"56de84d\" data-element_type=\"widget\" data-e-type=\"widget\" id=\"seo-word\" data-widget_type=\"heading.default\">\n\t\t\t\t<div class=\"elementor-widget-container\">\n\t\t\t\t\t<h5 class=\"elementor-heading-title elementor-size-default\">Le droit de s\u00e9jour dans l'Union europ\u00e9enne est un sujet cl\u00e9 du droit de l'immigration et concerne les conditions et les r\u00e8gles auxquelles les citoyens \u00e9trangers doivent se conformer pour r\u00e9sider dans un \u00c9tat membre de l'UE. Ce droit d\u00e9termine la dur\u00e9e du s\u00e9jour en Europe et les conditions de s\u00e9jour aux Pays-Bas.\n\nLe droit de s\u00e9jour dans l'Union europ\u00e9enne est une mati\u00e8re juridique complexe qui d\u00e9pend de plusieurs facteurs, tels que la nationalit\u00e9, le but du s\u00e9jour et d'autres circonstances individuelles. Il est important de comprendre ce que signifie ce droit et quelles sont les conditions applicables \u00e0 votre situation sp\u00e9cifique.\n\nSi vous avez besoin d'un conseil juridique ou d'une assistance concernant le droit de s\u00e9jour dans l'Union europ\u00e9enne ou aux Pays-Bas, veuillez contacter Derbedrosian Vreemdelingenrecht Advocaten \u00e0 Enschede et Overijssel. Nos avocats sp\u00e9cialis\u00e9s en immigration sont pr\u00eats \u00e0 vous conseiller et \u00e0 vous guider afin que vous puissiez prendre les bonnes mesures pour satisfaire aux exigences du droit de s\u00e9jour dans l'Union europ\u00e9enne et aux Pays-Bas.\n\n\n\n\n\n<\/h5>\t\t\t\t<\/div>\n\t\t\t\t<\/div>\n\t\t\t\t<div class=\"elementor-element elementor-element-16d40dd elementor-widget elementor-widget-heading\" data-id=\"16d40dd\" data-element_type=\"widget\" data-e-type=\"widget\" data-widget_type=\"heading.default\">\n\t\t\t\t<div class=\"elementor-widget-container\">\n\t\t\t\t\t<h3 class=\"elementor-heading-title elementor-size-default\">Qu'est-ce que le droit de s\u00e9jour d'un citoyen de l'UE ?<\/h3>\t\t\t\t<\/div>\n\t\t\t\t<\/div>\n\t\t\t\t<div class=\"elementor-element elementor-element-6743b5b color-scheme-inherit text-left elementor-widget elementor-widget-text-editor\" data-id=\"6743b5b\" data-element_type=\"widget\" data-e-type=\"widget\" data-widget_type=\"text-editor.default\">\n\t\t\t\t<div class=\"elementor-widget-container\">\n\t\t\t\t\t\t\t\t\t<p>Le \u2018droit de s\u00e9jour des citoyens de l'UE\u2019 fait r\u00e9f\u00e9rence au droit qu'ont les citoyens des \u00c9tats membres de l'Union europ\u00e9enne de s\u00e9journer librement dans d'autres \u00c9tats membres de l'UE pendant une p\u00e9riode de six mois, sans avoir \u00e0 justifier d'une raison particuli\u00e8re pour leur pr\u00e9sence.<\/p><p>Toutefois, apr\u00e8s ces six premiers mois, les citoyens de l'UE doivent \u00eatre en mesure de prouver pourquoi ils restent aux Pays-Bas. Il peut s'agir, par exemple, d'\u00e9tudes ou de la cr\u00e9ation d'une entreprise.<\/p><p>Si des citoyens de l'UE ont des membres de leur famille qui n'ont pas la nationalit\u00e9 de l'UE et qu'ils souhaitent demander la r\u00e9sidence de leur famille aux Pays-Bas, ils doivent s'inscrire aupr\u00e8s du Service de l'immigration et de la naturalisation (IND). Cet enregistrement est n\u00e9cessaire pour soumettre une demande pour les membres de leur famille qui ne sont pas ressortissants de l'UE. Il est tr\u00e8s important de comprendre et de suivre ces r\u00e8gles pour s'assurer que la r\u00e9sidence et les demandes sont conformes aux lois et r\u00e8glements applicables aux Pays-Bas.<\/p>\t\t\t\t\t\t\t\t<\/div>\n\t\t\t\t<\/div>\n\t\t\t\t<div class=\"elementor-element elementor-element-c9b520c elementor-widget elementor-widget-spacer\" data-id=\"c9b520c\" data-element_type=\"widget\" data-e-type=\"widget\" data-widget_type=\"spacer.default\">\n\t\t\t\t<div class=\"elementor-widget-container\">\n\t\t\t\t\t\t\t<div class=\"elementor-spacer\">\n\t\t\t<div class=\"elementor-spacer-inner\"><\/div>\n\t\t<\/div>\n\t\t\t\t\t\t<\/div>\n\t\t\t\t<\/div>\n\t\t\t\t<div class=\"elementor-element elementor-element-664de77 elementor-widget elementor-widget-heading\" data-id=\"664de77\" data-element_type=\"widget\" data-e-type=\"widget\" data-widget_type=\"heading.default\">\n\t\t\t\t<div class=\"elementor-widget-container\">\n\t\t\t\t\t<h3 class=\"elementor-heading-title elementor-size-default\">Droit de s\u00e9jour Conditions pour les citoyens de l'UE<\/h3>\t\t\t\t<\/div>\n\t\t\t\t<\/div>\n\t\t\t\t<div class=\"elementor-element elementor-element-d959a4e elementor-widget__width-initial color-scheme-inherit text-left elementor-widget elementor-widget-text-editor\" data-id=\"d959a4e\" data-element_type=\"widget\" data-e-type=\"widget\" data-widget_type=\"text-editor.default\">\n\t\t\t\t<div class=\"elementor-widget-container\">\n\t\t\t\t\t\t\t\t\t<p>Les Pays-Bas disposent d'une l\u00e9gislation europ\u00e9enne qui permet aux citoyens de l'UE, de l'EEE et de la Suisse de r\u00e9sider dans le pays. Toutefois, il existe certaines conditions pour les citoyens de l'UE :<\/p><ul><li><strong>Id :<\/strong>\u00a0vous devez toujours avoir sur vous une preuve d'identit\u00e9 valable, telle qu'une carte d'identit\u00e9 ou un passeport.<\/li><li><strong>S\u00e9curit\u00e9 publique :<\/strong>\u00a0Pour obtenir le droit de s\u00e9journer en tant que citoyen de l'UE, vous ne devez pas constituer une menace pour l'ordre public, ce qui peut \u00eatre le cas si vous avez \u00e9t\u00e9<a href=\"https:\/\/www.derbedrosian.nl\/fr\/juridictions\/droit-penal\/crimes\/\"> crime<\/a> engag\u00e9s.<\/li><li><strong>Enregistrement municipal :<\/strong>\u00a0Si vous pr\u00e9voyez de s\u00e9journer aux Pays-Bas pendant plus de quatre mois, vous devez vous inscrire aupr\u00e8s de la commune dans laquelle vous s\u00e9journez.<\/li><li><strong>Permis de travail :<\/strong> dans certains cas, il est n\u00e9cessaire de demander un permis de travail pour travailler aux Pays-Bas.<\/li><li><strong>Temps de travail et revenus :<\/strong> Vous devez travailler au moins 16 heures par semaine ou gagner au moins 50% de la norme d'assistance sociale.<\/li><li><strong>L'assurance maladie :\u00a0<\/strong>Pour acc\u00e9der aux soins m\u00e9dicaux, il est n\u00e9cessaire de disposer d'une assurance maladie n\u00e9erlandaise.<\/li><li><strong>Chambre de commerce (CoC) :<\/strong>\u00a0Si vous \u00eates propri\u00e9taire d'une entreprise ou ind\u00e9pendant, vous devez vous inscrire aupr\u00e8s de la Chambre de commerce.<\/li><\/ul><p>En tant que citoyen de l'UE, vous pouvez chercher du travail aux Pays-Bas pendant les trois premiers mois. Pendant cette p\u00e9riode, vous aurez peut-\u00eatre droit \u00e0 une allocation. Si vous n'avez pas trouv\u00e9 d'emploi apr\u00e8s ces trois mois, mais que vous gagnez suffisamment d'argent sans percevoir d'allocation, vous pouvez rester aux Pays-Bas pour continuer \u00e0 chercher du travail. Il est important de conna\u00eetre ces r\u00e8gles pour que votre s\u00e9jour aux Pays-Bas reste l\u00e9gal.<\/p>\t\t\t\t\t\t\t\t<\/div>\n\t\t\t\t<\/div>\n\t\t\t\t<div class=\"elementor-element elementor-element-b2af945 elementor-widget elementor-widget-spacer\" data-id=\"b2af945\" data-element_type=\"widget\" data-e-type=\"widget\" data-widget_type=\"spacer.default\">\n\t\t\t\t<div class=\"elementor-widget-container\">\n\t\t\t\t\t\t\t<div class=\"elementor-spacer\">\n\t\t\t<div class=\"elementor-spacer-inner\"><\/div>\n\t\t<\/div>\n\t\t\t\t\t\t<\/div>\n\t\t\t\t<\/div>\n\t\t\t\t<div class=\"elementor-element elementor-element-42f6668 elementor-widget elementor-widget-heading\" data-id=\"42f6668\" data-element_type=\"widget\" data-e-type=\"widget\" data-widget_type=\"heading.default\">\n\t\t\t\t<div class=\"elementor-widget-container\">\n\t\t\t\t\t<h3 class=\"elementor-heading-title elementor-size-default\">Droit de s\u00e9jour Citoyen de l'UE Pays-Bas<\/h3>\t\t\t\t<\/div>\n\t\t\t\t<\/div>\n\t\t\t\t<div class=\"elementor-element elementor-element-02035a7 color-scheme-inherit text-left elementor-widget elementor-widget-text-editor\" data-id=\"02035a7\" data-element_type=\"widget\" data-e-type=\"widget\" data-widget_type=\"text-editor.default\">\n\t\t\t\t<div class=\"elementor-widget-container\">\n\t\t\t\t\t\t\t\t\t<p>Si vous \u00eates originaire d'un pays de l'UE, de l'EEE ou de la Suisse et que vous souhaitez travailler aux Pays-Bas, vous devez remplir certaines conditions :<\/p><ul><li><strong>ID valide :<\/strong>\u00a0Tout d'abord, il est essentiel que vous soyez toujours en possession d'un passeport ou d'une carte d'identit\u00e9 en cours de validit\u00e9. Il vous servira de pi\u00e8ce d'identit\u00e9 officielle pendant votre s\u00e9jour aux Pays-Bas.<\/li><li><strong>Heures de travail et revenus :<\/strong>\u00a0En outre, vous devez travailler au moins 16 heures par semaine ou gagner au moins 50% de la norme d'assistance sociale applicable \u00e0 votre situation sp\u00e9cifique. Cela garantit votre participation active au march\u00e9 du travail.<\/li><li><strong>L'assurance maladie :<\/strong>\u00a0il est obligatoire d'avoir une assurance maladie n\u00e9erlandaise, qui vous donne acc\u00e8s aux soins m\u00e9dicaux aux Pays-Bas. Cette assurance garantit vos besoins en mati\u00e8re de soins de sant\u00e9 pendant votre s\u00e9jour.<\/li><li><strong>Inscription au KVK :<\/strong>\u00a0Si vous avez votre propre entreprise ou si vous \u00eates ind\u00e9pendant, vous devez vous inscrire aupr\u00e8s de la Chambre de commerce (CoC). Cet enregistrement est n\u00e9cessaire pour exercer l\u00e9galement vos activit\u00e9s professionnelles aux Pays-Bas.<\/li><\/ul><p>Il est important de se tenir au courant des exigences et des r\u00e9glementations relatives \u00e0 votre situation professionnelle aux Pays-Bas.<\/p>\t\t\t\t\t\t\t\t<\/div>\n\t\t\t\t<\/div>\n\t\t\t\t<div class=\"elementor-element elementor-element-3eb0aa5 elementor-widget elementor-widget-spacer\" data-id=\"3eb0aa5\" data-element_type=\"widget\" data-e-type=\"widget\" data-widget_type=\"spacer.default\">\n\t\t\t\t<div class=\"elementor-widget-container\">\n\t\t\t\t\t\t\t<div class=\"elementor-spacer\">\n\t\t\t<div class=\"elementor-spacer-inner\"><\/div>\n\t\t<\/div>\n\t\t\t\t\t\t<\/div>\n\t\t\t\t<\/div>\n\t\t\t\t<div class=\"elementor-element elementor-element-8537ede elementor-widget elementor-widget-heading\" data-id=\"8537ede\" data-element_type=\"widget\" data-e-type=\"widget\" data-widget_type=\"heading.default\">\n\t\t\t\t<div class=\"elementor-widget-container\">\n\t\t\t\t\t<h3 class=\"elementor-heading-title elementor-size-default\">Demander le droit de s\u00e9journer pour travailler pour un citoyen de l'UE<\/h3>\t\t\t\t<\/div>\n\t\t\t\t<\/div>\n\t\t\t\t<div class=\"elementor-element elementor-element-3b27969 color-scheme-inherit text-left elementor-widget elementor-widget-text-editor\" data-id=\"3b27969\" data-element_type=\"widget\" data-e-type=\"widget\" data-widget_type=\"text-editor.default\">\n\t\t\t\t<div class=\"elementor-widget-container\">\n\t\t\t\t\t\t\t\t\t<p>Si vous \u00eates originaire d'un pays de l'UE, de l'EEE ou de la Suisse et que vous souhaitez demander le droit de s\u00e9jour des citoyens de l'UE pour travailler aux Pays-Bas, vous devez remplir certaines conditions :<\/p><ul><li><strong>ID valide :<\/strong>\u00a0Vous devez \u00eatre en possession d'un passeport ou d'une carte d'identit\u00e9 en cours de validit\u00e9, indispensable \u00e0 votre identification et \u00e0 votre enregistrement aux Pays-Bas.<\/li><li><strong>Conditions d'emploi :<\/strong>\u00a0Pour remplir les conditions de participation au travail, vous devez travailler au moins 16 heures par semaine ou gagner au moins 50% de la norme d'aide sociale applicable \u00e0 votre situation.<\/li><li><strong>L'assurance maladie :<\/strong>\u00a0il est obligatoire de souscrire une assurance maladie n\u00e9erlandaise pour couvrir les frais de sant\u00e9 aux Pays-Bas. Cette assurance vous permettra d'acc\u00e9der aux soins m\u00e9dicaux et vous couvrira en cas de frais de sant\u00e9.<\/li><li><strong>Inscription \u00e0 la Chambre de commerce :<\/strong>\u00a0si vous avez votre propre entreprise ou si vous \u00eates ind\u00e9pendant, vous devez vous inscrire aupr\u00e8s de la Chambre de commerce (CoC).<\/li><\/ul><p>Si, apr\u00e8s cette p\u00e9riode de trois mois, vous n'avez toujours pas trouv\u00e9 de travail, mais que vous disposez de revenus suffisants sans prestations sociales, vous pouvez rester aux Pays-Bas pour continuer \u00e0 chercher du travail.<\/p>\t\t\t\t\t\t\t\t<\/div>\n\t\t\t\t<\/div>\n\t\t\t\t<div class=\"elementor-element elementor-element-f1fa703 elementor-widget elementor-widget-spacer\" data-id=\"f1fa703\" data-element_type=\"widget\" data-e-type=\"widget\" data-widget_type=\"spacer.default\">\n\t\t\t\t<div class=\"elementor-widget-container\">\n\t\t\t\t\t\t\t<div class=\"elementor-spacer\">\n\t\t\t<div class=\"elementor-spacer-inner\"><\/div>\n\t\t<\/div>\n\t\t\t\t\t\t<\/div>\n\t\t\t\t<\/div>\n\t\t\t\t<div class=\"elementor-element elementor-element-b16d5f1 elementor-widget elementor-widget-heading\" data-id=\"b16d5f1\" data-element_type=\"widget\" data-e-type=\"widget\" data-widget_type=\"heading.default\">\n\t\t\t\t<div class=\"elementor-widget-container\">\n\t\t\t\t\t<h3 class=\"elementor-heading-title elementor-size-default\">Demande de droit de s\u00e9jour pour \u00e9tudes d'un citoyen de l'UE<\/h3>\t\t\t\t<\/div>\n\t\t\t\t<\/div>\n\t\t\t\t<div class=\"elementor-element elementor-element-cf02ecf color-scheme-inherit text-left elementor-widget elementor-widget-text-editor\" data-id=\"cf02ecf\" data-element_type=\"widget\" data-e-type=\"widget\" data-widget_type=\"text-editor.default\">\n\t\t\t\t<div class=\"elementor-widget-container\">\n\t\t\t\t\t\t\t\t\t<p>Si vous souhaitez demander le droit de s\u00e9journer aux Pays-Bas en tant que citoyen de l'UE, vous devez remplir certaines conditions :<\/p><ul><li><strong>ID valide :<\/strong>\u00a0Vous devez \u00eatre en possession d'un passeport ou d'une carte d'identit\u00e9 en cours de validit\u00e9. Ce document est essentiel pour votre identification et votre enregistrement aux Pays-Bas.<\/li><li><strong>Inscription \u00e0 un cours de formation agr\u00e9\u00e9 :<\/strong> vous devez \u00eatre inscrit dans un \u00e9tablissement d'enseignement aux Pays-Bas qui est officiellement reconnu par les autorit\u00e9s \u00e9ducatives comp\u00e9tentes.<\/li><li><strong>Ressources financi\u00e8res suffisantes :<\/strong>\u00a0il est n\u00e9cessaire que vous disposiez de ressources financi\u00e8res suffisantes pour subvenir \u00e0 vos besoins pendant votre s\u00e9jour aux Pays-Bas. Cela comprend les d\u00e9penses telles que le logement, la nourriture, le mat\u00e9riel d'\u00e9tude et d'autres frais.<\/li><li><strong>L'assurance maladie :\u00a0<\/strong>La souscription d'une assurance maladie n\u00e9erlandaise est \u00e9galement l'une des conditions \u00e0 remplir. Elle permet d'acc\u00e9der aux soins m\u00e9dicaux et de couvrir les d\u00e9penses de sant\u00e9.<\/li><\/ul><p>Il est conseill\u00e9 de demander des informations actualis\u00e9es aux autorit\u00e9s n\u00e9erlandaises charg\u00e9es de l'immigration afin d'\u00eatre pleinement conscient des conditions requises pour vos \u00e9tudes aux Pays-Bas.<\/p>\t\t\t\t\t\t\t\t<\/div>\n\t\t\t\t<\/div>\n\t\t\t\t<div class=\"elementor-element elementor-element-d6b6efe elementor-widget elementor-widget-spacer\" data-id=\"d6b6efe\" data-element_type=\"widget\" data-e-type=\"widget\" data-widget_type=\"spacer.default\">\n\t\t\t\t<div class=\"elementor-widget-container\">\n\t\t\t\t\t\t\t<div class=\"elementor-spacer\">\n\t\t\t<div class=\"elementor-spacer-inner\"><\/div>\n\t\t<\/div>\n\t\t\t\t\t\t<\/div>\n\t\t\t\t<\/div>\n\t\t\t\t<div class=\"elementor-element elementor-element-b8b432b elementor-widget elementor-widget-heading\" data-id=\"b8b432b\" data-element_type=\"widget\" data-e-type=\"widget\" data-widget_type=\"heading.default\">\n\t\t\t\t<div class=\"elementor-widget-container\">\n\t\t\t\t\t<h3 class=\"elementor-heading-title elementor-size-default\">Avocat demandant le droit de s\u00e9jour d'un citoyen de l'UE<\/h3>\t\t\t\t<\/div>\n\t\t\t\t<\/div>\n\t\t\t\t<div class=\"elementor-element elementor-element-6e89e25 color-scheme-inherit text-left elementor-widget elementor-widget-text-editor\" data-id=\"6e89e25\" data-element_type=\"widget\" data-e-type=\"widget\" data-widget_type=\"text-editor.default\">\n\t\t\t\t<div class=\"elementor-widget-container\">\n\t\t\t\t\t\t\t\t\t<p>Si vous \u00eates un citoyen de l'UE et que vous envisagez de demander un permis de s\u00e9jour, il est judicieux d'obtenir un permis de s\u00e9jour. <a href=\"https:\/\/www.derbedrosian.nl\/fr\/avocats\/\">avocat sp\u00e9cialis\u00e9<\/a> consulter. Si vous n'h\u00e9sitez pas \u00e0 contacter notre cabinet d'avocats, un avocat exp\u00e9riment\u00e9 dans le domaine du droit de l'immigration et de l'asile pourra vous aider. <a href=\"https:\/\/www.derbedrosian.nl\/fr\/juridictions\/droit-de-limmigration\/\">droit de l'immigration<\/a> vous parler, vous guider pas \u00e0 pas tout au long de la proc\u00e9dure et vous aider \u00e0 demander le permis de s\u00e9jour.<\/p>\t\t\t\t\t\t\t\t<\/div>\n\t\t\t\t<\/div>\n\t\t\t\t\t<\/div>\n\t\t\t\t<\/div>\n\t\t\t\t<\/div>","protected":false},"excerpt":{"rendered":"<p>Verblijfsrecht Nederland verblijfsrecht EU voorwaarden Wat betekent verblijfsrecht? Hoe lang mag je in Europa blijven? advocaat vreemdelingenrecht vreemdelingenrecht advocaat enschede<\/p>","protected":false},"author":1,"featured_media":0,"parent":10627,"menu_order":0,"comment_status":"closed","ping_status":"closed","template":"","meta":{"footnotes":""},"class_list":["post-10692","page","type-page","status-publish","hentry"],"_links":{"self":[{"href":"https:\/\/www.derbedrosian.nl\/fr\/wp-json\/wp\/v2\/pages\/10692","targetHints":{"allow":["GET"]}}],"collection":[{"href":"https:\/\/www.derbedrosian.nl\/fr\/wp-json\/wp\/v2\/pages"}],"about":[{"href":"https:\/\/www.derbedrosian.nl\/fr\/wp-json\/wp\/v2\/types\/page"}],"author":[{"embeddable":true,"href":"https:\/\/www.derbedrosian.nl\/fr\/wp-json\/wp\/v2\/users\/1"}],"replies":[{"embeddable":true,"href":"https:\/\/www.derbedrosian.nl\/fr\/wp-json\/wp\/v2\/comments?post=10692"}],"version-history":[{"count":0,"href":"https:\/\/www.derbedrosian.nl\/fr\/wp-json\/wp\/v2\/pages\/10692\/revisions"}],"up":[{"embeddable":true,"href":"https:\/\/www.derbedrosian.nl\/fr\/wp-json\/wp\/v2\/pages\/10627"}],"wp:attachment":[{"href":"https:\/\/www.derbedrosian.nl\/fr\/wp-json\/wp\/v2\/media?parent=10692"}],"curies":[{"name":"wp","href":"https:\/\/api.w.org\/{rel}","templated":true}]}}