{"id":10687,"date":"2023-05-26T16:00:31","date_gmt":"2023-05-26T14:00:31","guid":{"rendered":"https:\/\/derbedrosian.nl\/?page_id=10687"},"modified":"2025-12-21T16:03:21","modified_gmt":"2025-12-21T14:03:21","slug":"permis-de-travail","status":"publish","type":"page","link":"https:\/\/www.derbedrosian.nl\/fr\/rechtsgebieden\/vreemdelingenrecht\/tewerkstellingsvergunning\/","title":{"rendered":"Permis de travail"},"content":{"rendered":"<div data-elementor-type=\"wp-page\" data-elementor-id=\"10687\" class=\"elementor elementor-10687\" data-elementor-post-type=\"page\">\n\t\t\t\t<div class=\"wd-negative-gap elementor-element elementor-element-cb29eb1 e-flex e-con-boxed e-con e-parent\" data-id=\"cb29eb1\" data-element_type=\"container\" data-e-type=\"container\">\n\t\t\t\t\t<div class=\"e-con-inner\">\n\t\t\t\t<div class=\"elementor-element elementor-element-c9696ed elementor-hidden-desktop elementor-hidden-tablet elementor-hidden-mobile elementor-widget elementor-widget-wd_image_or_svg\" data-id=\"c9696ed\" data-element_type=\"widget\" data-e-type=\"widget\" id=\"seo-word\" data-widget_type=\"wd_image_or_svg.default\">\n\t\t\t\t<div class=\"elementor-widget-container\">\n\t\t\t\t\t\n\t\t<div class=\"wd-image text-left\">\n\t\t\t\t\t\t\t\t<img loading=\"lazy\" decoding=\"async\" width=\"1000\" height=\"667\" src=\"https:\/\/www.derbedrosian.nl\/wp-content\/uploads\/rechtsgebied-tewerkstellingsvergunning.jpg\" class=\"attachment-full size-full\" alt=\"Demande de permis de travail Ukraine ind avocat\" srcset=\"https:\/\/www.derbedrosian.nl\/wp-content\/uploads\/rechtsgebied-tewerkstellingsvergunning.jpg 1000w, https:\/\/www.derbedrosian.nl\/wp-content\/uploads\/rechtsgebied-tewerkstellingsvergunning-400x267.jpg 400w, https:\/\/www.derbedrosian.nl\/wp-content\/uploads\/rechtsgebied-tewerkstellingsvergunning-768x512.jpg 768w\" sizes=\"auto, (max-width: 1000px) 100vw, 1000px\" title=\"\">\t\t\t\t\t<\/div>\n\n\t\t\t\t\t\t<\/div>\n\t\t\t\t<\/div>\n\t\t\t\t<div class=\"elementor-element elementor-element-7ec710d elementor-hidden-desktop elementor-hidden-tablet elementor-hidden-mobile elementor-widget elementor-widget-heading\" data-id=\"7ec710d\" data-element_type=\"widget\" data-e-type=\"widget\" id=\"seo-word\" data-widget_type=\"heading.default\">\n\t\t\t\t<div class=\"elementor-widget-container\">\n\t\t\t\t\t<h2 class=\"elementor-heading-title elementor-size-default\">Avocat sp\u00e9cialis\u00e9 dans les permis de travail<\/h2>\t\t\t\t<\/div>\n\t\t\t\t<\/div>\n\t\t\t\t<div class=\"elementor-element elementor-element-2291545 elementor-hidden-desktop elementor-hidden-tablet elementor-hidden-mobile elementor-widget elementor-widget-heading\" data-id=\"2291545\" data-element_type=\"widget\" data-e-type=\"widget\" id=\"seo-word\" data-widget_type=\"heading.default\">\n\t\t\t\t<div class=\"elementor-widget-container\">\n\t\t\t\t\t<h5 class=\"elementor-heading-title elementor-size-default\">Permis de travail en Ukraine<\/h5>\t\t\t\t<\/div>\n\t\t\t\t<\/div>\n\t\t\t\t<div class=\"elementor-element elementor-element-4cbc071 elementor-hidden-desktop elementor-hidden-tablet elementor-hidden-mobile elementor-widget elementor-widget-heading\" data-id=\"4cbc071\" data-element_type=\"widget\" data-e-type=\"widget\" id=\"seo-word\" data-widget_type=\"heading.default\">\n\t\t\t\t<div class=\"elementor-widget-container\">\n\t\t\t\t\t<h5 class=\"elementor-heading-title elementor-size-default\">Conditions du permis de travail<\/h5>\t\t\t\t<\/div>\n\t\t\t\t<\/div>\n\t\t\t\t<div class=\"elementor-element elementor-element-5a2693f elementor-hidden-desktop elementor-hidden-tablet elementor-hidden-mobile elementor-widget elementor-widget-heading\" data-id=\"5a2693f\" data-element_type=\"widget\" data-e-type=\"widget\" id=\"seo-word\" data-widget_type=\"heading.default\">\n\t\t\t\t<div class=\"elementor-widget-container\">\n\t\t\t\t\t<h5 class=\"elementor-heading-title elementor-size-default\">droit de l'immigration<\/h5>\t\t\t\t<\/div>\n\t\t\t\t<\/div>\n\t\t\t\t<div class=\"elementor-element elementor-element-d9d3038 elementor-hidden-desktop elementor-hidden-tablet elementor-hidden-mobile elementor-widget elementor-widget-heading\" data-id=\"d9d3038\" data-element_type=\"widget\" data-e-type=\"widget\" id=\"seo-word\" data-widget_type=\"heading.default\">\n\t\t\t\t<div class=\"elementor-widget-container\">\n\t\t\t\t\t<h5 class=\"elementor-heading-title elementor-size-default\">demande de permis de travail uwv<\/h5>\t\t\t\t<\/div>\n\t\t\t\t<\/div>\n\t\t\t\t<div class=\"elementor-element elementor-element-f7c53d2 elementor-hidden-desktop elementor-hidden-tablet elementor-hidden-mobile elementor-widget elementor-widget-heading\" data-id=\"f7c53d2\" data-element_type=\"widget\" data-e-type=\"widget\" id=\"seo-word\" data-widget_type=\"heading.default\">\n\t\t\t\t<div class=\"elementor-widget-container\">\n\t\t\t\t\t<h5 class=\"elementor-heading-title elementor-size-default\">avocat en droit de l'immigration enschede<\/h5>\t\t\t\t<\/div>\n\t\t\t\t<\/div>\n\t\t\t\t<div class=\"elementor-element elementor-element-fd4e24b elementor-hidden-desktop elementor-hidden-tablet elementor-hidden-mobile elementor-widget elementor-widget-heading\" data-id=\"fd4e24b\" data-element_type=\"widget\" data-e-type=\"widget\" id=\"seo-word\" data-widget_type=\"heading.default\">\n\t\t\t\t<div class=\"elementor-widget-container\">\n\t\t\t\t\t<h5 class=\"elementor-heading-title elementor-size-default\">avocat en droit de l'immigration overijssel<\/h5>\t\t\t\t<\/div>\n\t\t\t\t<\/div>\n\t\t\t\t<div class=\"elementor-element elementor-element-df024ef elementor-hidden-desktop elementor-hidden-tablet elementor-hidden-mobile elementor-widget elementor-widget-heading\" data-id=\"df024ef\" data-element_type=\"widget\" data-e-type=\"widget\" id=\"seo-word\" data-widget_type=\"heading.default\">\n\t\t\t\t<div class=\"elementor-widget-container\">\n\t\t\t\t\t<h5 class=\"elementor-heading-title elementor-size-default\">droit des \u00e9trangers enschede<\/h5>\t\t\t\t<\/div>\n\t\t\t\t<\/div>\n\t\t\t\t<div class=\"elementor-element elementor-element-c1c50b9 elementor-hidden-desktop elementor-hidden-tablet elementor-hidden-mobile elementor-widget elementor-widget-heading\" data-id=\"c1c50b9\" data-element_type=\"widget\" data-e-type=\"widget\" id=\"seo-word\" data-widget_type=\"heading.default\">\n\t\t\t\t<div class=\"elementor-widget-container\">\n\t\t\t\t\t<h5 class=\"elementor-heading-title elementor-size-default\">avocat enschede aliens law<\/h5>\t\t\t\t<\/div>\n\t\t\t\t<\/div>\n\t\t\t\t<div class=\"elementor-element elementor-element-3cedad2 elementor-hidden-desktop elementor-hidden-tablet elementor-hidden-mobile elementor-widget elementor-widget-heading\" data-id=\"3cedad2\" data-element_type=\"widget\" data-e-type=\"widget\" id=\"seo-word\" data-widget_type=\"heading.default\">\n\t\t\t\t<div class=\"elementor-widget-container\">\n\t\t\t\t\t<h5 class=\"elementor-heading-title elementor-size-default\">permis de travail ou permis combin\u00e9 retrait permis de travail ou permis de s\u00e9jour combin\u00e9 et permis combin\u00e9 en raison de l'objectif de<\/h5>\t\t\t\t<\/div>\n\t\t\t\t<\/div>\n\t\t\t\t<div class=\"elementor-element elementor-element-82f4103 elementor-hidden-desktop elementor-hidden-tablet elementor-hidden-mobile elementor-widget elementor-widget-heading\" data-id=\"82f4103\" data-element_type=\"widget\" data-e-type=\"widget\" id=\"seo-word\" data-widget_type=\"heading.default\">\n\t\t\t\t<div class=\"elementor-widget-container\">\n\t\t\t\t\t<h5 class=\"elementor-heading-title elementor-size-default\">\u00c0 Enschede et Overijssel, vous pouvez compter sur les avocats en droit de l'immigration de Derbedrosian Immigration Lawyers, qui peuvent vous aider dans les affaires concernant les permis de travail et les questions connexes.\n\nUn permis de travail est un permis essentiel pour les personnes qui souhaitent venir travailler aux Pays-Bas depuis l'Ukraine. Des conditions sp\u00e9cifiques doivent \u00eatre remplies lors de la demande d'un permis de travail, et l'UWV joue un r\u00f4le dans ce processus.\n\nNos avocats sp\u00e9cialis\u00e9s en droit de l'immigration \u00e0 Enschede ont une grande exp\u00e9rience de ces demandes et peuvent vous conseiller sur les conditions et les proc\u00e9dures d'obtention d'un permis de travail.\n\nSi vous avez des questions sur les permis de travail, les demandes aupr\u00e8s de l'UWV, le retrait des permis ou d'autres questions relatives au droit de l'immigration, n'h\u00e9sitez pas \u00e0 contacter Derbedrosian Immigration Lawyers. Nous sommes pr\u00eats \u00e0 vous aider et \u00e0 veiller \u00e0 ce que vos droits soient prot\u00e9g\u00e9s dans le contexte des permis de travail et des autorisations connexes.\n<\/h5>\t\t\t\t<\/div>\n\t\t\t\t<\/div>\n\t\t\t\t<div class=\"elementor-element elementor-element-d8ac0c7 color-scheme-inherit text-left elementor-widget elementor-widget-text-editor\" data-id=\"d8ac0c7\" data-element_type=\"widget\" data-e-type=\"widget\" data-widget_type=\"text-editor.default\">\n\t\t\t\t<div class=\"elementor-widget-container\">\n\t\t\t\t\t\t\t\t\t<p><strong>Il est parfois n\u00e9cessaire d'avoir un permis sp\u00e9cial pour travailler aux Pays-Bas. Ce permis est appel\u00e9 \u2018 permis de travail \u2019 (TWV). En r\u00e8gle g\u00e9n\u00e9rale, les ressortissants de pays tiers (les personnes qui ne sont pas originaires de l'UE) ont besoin d'un tel permis.<\/strong><\/p>\t\t\t\t\t\t\t\t<\/div>\n\t\t\t\t<\/div>\n\t\t\t\t<div class=\"elementor-element elementor-element-1e21452 elementor-widget elementor-widget-spacer\" data-id=\"1e21452\" data-element_type=\"widget\" data-e-type=\"widget\" data-widget_type=\"spacer.default\">\n\t\t\t\t<div class=\"elementor-widget-container\">\n\t\t\t\t\t\t\t<div class=\"elementor-spacer\">\n\t\t\t<div class=\"elementor-spacer-inner\"><\/div>\n\t\t<\/div>\n\t\t\t\t\t\t<\/div>\n\t\t\t\t<\/div>\n\t\t\t\t<div class=\"elementor-element elementor-element-c0835ec elementor-widget elementor-widget-heading\" data-id=\"c0835ec\" data-element_type=\"widget\" data-e-type=\"widget\" data-widget_type=\"heading.default\">\n\t\t\t\t<div class=\"elementor-widget-container\">\n\t\t\t\t\t<h3 class=\"elementor-heading-title elementor-size-default\">Qu'est-ce qu'un permis de travail ?<\/h3>\t\t\t\t<\/div>\n\t\t\t\t<\/div>\n\t\t\t\t<div class=\"elementor-element elementor-element-2664ed6 color-scheme-inherit text-left elementor-widget elementor-widget-text-editor\" data-id=\"2664ed6\" data-element_type=\"widget\" data-e-type=\"widget\" data-widget_type=\"text-editor.default\">\n\t\t\t\t<div class=\"elementor-widget-container\">\n\t\t\t\t\t\t\t\t\t<p>Un permis de travail (TWV) peut \u00eatre consid\u00e9r\u00e9 comme une autorisation n\u00e9cessaire aux travailleurs \u00e9trangers pour travailler l\u00e9galement aux Pays-Bas. La proc\u00e9dure exige un respect scrupuleux des lois et des r\u00e8glements. Tant les employeurs que les employ\u00e9s doivent \u00eatre bien inform\u00e9s de ce processus afin de maintenir une relation de travail fructueuse et l\u00e9gale.<\/p>\t\t\t\t\t\t\t\t<\/div>\n\t\t\t\t<\/div>\n\t\t\t\t<div class=\"elementor-element elementor-element-d52921b elementor-widget elementor-widget-spacer\" data-id=\"d52921b\" data-element_type=\"widget\" data-e-type=\"widget\" data-widget_type=\"spacer.default\">\n\t\t\t\t<div class=\"elementor-widget-container\">\n\t\t\t\t\t\t\t<div class=\"elementor-spacer\">\n\t\t\t<div class=\"elementor-spacer-inner\"><\/div>\n\t\t<\/div>\n\t\t\t\t\t\t<\/div>\n\t\t\t\t<\/div>\n\t\t\t\t<div class=\"elementor-element elementor-element-c3d1e8d elementor-widget elementor-widget-heading\" data-id=\"c3d1e8d\" data-element_type=\"widget\" data-e-type=\"widget\" data-widget_type=\"heading.default\">\n\t\t\t\t<div class=\"elementor-widget-container\">\n\t\t\t\t\t<h3 class=\"elementor-heading-title elementor-size-default\">Conditions du permis de travail (TWV)<\/h3>\t\t\t\t<\/div>\n\t\t\t\t<\/div>\n\t\t\t\t<div class=\"elementor-element elementor-element-718c8cd color-scheme-inherit text-left elementor-widget elementor-widget-text-editor\" data-id=\"718c8cd\" data-element_type=\"widget\" data-e-type=\"widget\" data-widget_type=\"text-editor.default\">\n\t\t\t\t<div class=\"elementor-widget-container\">\n\t\t\t\t\t\t\t\t\t<p>Pour obtenir un permis de travail (TWV), certaines conditions importantes doivent \u00eatre remplies. Nous les avons \u00e9num\u00e9r\u00e9es ci-dessous :<\/p><ul><li><strong>Respect des conditions de travail et de la l\u00e9gislation :<\/strong> l'employeur doit \u00e0 tout moment maintenir les conditions de travail applicables et ne pas enfreindre la l\u00e9gislation du travail. Il doit notamment se conformer \u00e0 la r\u00e9glementation sur le salaire minimum, garantir des conditions de travail ad\u00e9quates et respecter les horaires de travail conform\u00e9ment aux dispositions l\u00e9gales. Il est de la plus haute importance que le lieu de travail r\u00e9ponde aux normes l\u00e9gales.<\/li><li><strong>Permis de s\u00e9jour en cours de validit\u00e9 :<\/strong>\u00a0une condition essentielle est que l'employ\u00e9 ait d\u00e9j\u00e0 un permis de s\u00e9jour valide pour r\u00e9sider et travailler aux Pays-Bas.<\/li><\/ul><p>Si, en tant qu'employeur, vous souhaitez demander un TWV, vous devez soumettre cette demande \u00e0 l'UWV (Uitvoeringsinstituut Werknemersverzekeringen). Veuillez noter qu'il peut s'\u00e9couler plusieurs semaines avant qu'une d\u00e9cision ne soit prise concernant votre demande.<\/p><p>L'absence de demande de TWV peut avoir de graves cons\u00e9quences pour une entreprise, notamment des amendes pouvant aller jusqu'\u00e0 8 000 euros pour l'emploi de travailleurs sans le permis requis. Il est donc de la plus haute importance que les employeurs respectent scrupuleusement les lois et r\u00e9glementations relatives aux permis de travail afin d'\u00e9viter les probl\u00e8mes juridiques et les sanctions financi\u00e8res.<\/p>\t\t\t\t\t\t\t\t<\/div>\n\t\t\t\t<\/div>\n\t\t\t\t<div class=\"elementor-element elementor-element-92e0758 elementor-widget elementor-widget-spacer\" data-id=\"92e0758\" data-element_type=\"widget\" data-e-type=\"widget\" data-widget_type=\"spacer.default\">\n\t\t\t\t<div class=\"elementor-widget-container\">\n\t\t\t\t\t\t\t<div class=\"elementor-spacer\">\n\t\t\t<div class=\"elementor-spacer-inner\"><\/div>\n\t\t<\/div>\n\t\t\t\t\t\t<\/div>\n\t\t\t\t<\/div>\n\t\t\t\t<div class=\"elementor-element elementor-element-2369330 elementor-widget elementor-widget-heading\" data-id=\"2369330\" data-element_type=\"widget\" data-e-type=\"widget\" data-widget_type=\"heading.default\">\n\t\t\t\t<div class=\"elementor-widget-container\">\n\t\t\t\t\t<h3 class=\"elementor-heading-title elementor-size-default\">Comment demander un permis de travail en tant qu'employeur ?<\/h3>\t\t\t\t<\/div>\n\t\t\t\t<\/div>\n\t\t\t\t<div class=\"elementor-element elementor-element-3e68711 color-scheme-inherit text-left elementor-widget elementor-widget-text-editor\" data-id=\"3e68711\" data-element_type=\"widget\" data-e-type=\"widget\" data-widget_type=\"text-editor.default\">\n\t\t\t\t<div class=\"elementor-widget-container\">\n\t\t\t\t\t\t\t\t\t<ul><li><strong>Candidature \u00e0 l'UWV :<\/strong> \u00e0 l'UWV, un employeur a la possibilit\u00e9 de demander un permis de travail. Il est important de noter que ce permis est \u00e0 la fois personnel et professionnel, ce qui signifie qu'il est valable pour un employ\u00e9 et un emploi sp\u00e9cifiques.<\/li><li><strong>\u00c9valuation de l'UWV :<\/strong> l'UWV \u00e9value la demande et prend une d\u00e9cision sur l'octroi du permis dans un d\u00e9lai maximum de cinq semaines.<\/li><\/ul>\t\t\t\t\t\t\t\t<\/div>\n\t\t\t\t<\/div>\n\t\t\t\t<div class=\"elementor-element elementor-element-d6af95f elementor-widget elementor-widget-spacer\" data-id=\"d6af95f\" data-element_type=\"widget\" data-e-type=\"widget\" data-widget_type=\"spacer.default\">\n\t\t\t\t<div class=\"elementor-widget-container\">\n\t\t\t\t\t\t\t<div class=\"elementor-spacer\">\n\t\t\t<div class=\"elementor-spacer-inner\"><\/div>\n\t\t<\/div>\n\t\t\t\t\t\t<\/div>\n\t\t\t\t<\/div>\n\t\t\t\t<div class=\"elementor-element elementor-element-9797714 elementor-widget elementor-widget-heading\" data-id=\"9797714\" data-element_type=\"widget\" data-e-type=\"widget\" data-widget_type=\"heading.default\">\n\t\t\t\t<div class=\"elementor-widget-container\">\n\t\t\t\t\t<h3 class=\"elementor-heading-title elementor-size-default\">Permis de travail Ukraine<\/h3>\t\t\t\t<\/div>\n\t\t\t\t<\/div>\n\t\t\t\t<div class=\"elementor-element elementor-element-cbd87c1 color-scheme-inherit text-left elementor-widget elementor-widget-text-editor\" data-id=\"cbd87c1\" data-element_type=\"widget\" data-e-type=\"widget\" data-widget_type=\"text-editor.default\">\n\t\t\t\t<div class=\"elementor-widget-container\">\n\t\t\t\t\t\t\t\t\t<p>Les travailleurs ukrainiens sont soumis \u00e0 une r\u00e9glementation sp\u00e9cifique et favorable en mati\u00e8re de permis de travail aux Pays-Bas. Contrairement \u00e0 de nombreux autres citoyens non europ\u00e9ens, il n'est pas n\u00e9cessaire de demander un permis de travail pour les travailleurs ukrainiens s'ils r\u00e9pondent \u00e0 certains crit\u00e8res. Ces crit\u00e8res sont les suivants :<\/p><ul><li><strong>En vertu de la directive sur la protection temporaire de l'Union europ\u00e9enne :<\/strong>\u00a0Tout d'abord, votre employ\u00e9 doit \u00eatre couvert par la \"directive sur la protection temporaire de l'Union europ\u00e9enne\". Cette directive s'applique aux citoyens ukrainiens qui recherchent une protection temporaire dans l'UE en raison de circonstances particuli\u00e8res dans leur pays d'origine. Cela peut \u00eatre le cas, par exemple, en cas d'instabilit\u00e9 politique, de conflit arm\u00e9 ou de graves violations des droits de l'homme en Ukraine.<\/li><li><strong>Contrat de travail :<\/strong>\u00a0Deuxi\u00e8mement, il est essentiel que votre employ\u00e9 ukrainien ait un contrat de travail valide. Cela signifie qu'il doit exister un accord \u00e9crit entre l'employ\u00e9 et l'employeur d\u00e9finissant les conditions d'emploi, telles que le salaire, les heures de travail et la description du poste. Ce contrat de travail doit r\u00e9pondre aux exigences l\u00e9gales applicables aux contrats de travail aux Pays-Bas.<\/li><\/ul>\t\t\t\t\t\t\t\t<\/div>\n\t\t\t\t<\/div>\n\t\t\t\t<div class=\"elementor-element elementor-element-e9eb7f5 elementor-widget elementor-widget-spacer\" data-id=\"e9eb7f5\" data-element_type=\"widget\" data-e-type=\"widget\" data-widget_type=\"spacer.default\">\n\t\t\t\t<div class=\"elementor-widget-container\">\n\t\t\t\t\t\t\t<div class=\"elementor-spacer\">\n\t\t\t<div class=\"elementor-spacer-inner\"><\/div>\n\t\t<\/div>\n\t\t\t\t\t\t<\/div>\n\t\t\t\t<\/div>\n\t\t\t\t<div class=\"elementor-element elementor-element-fa39963 elementor-widget elementor-widget-heading\" data-id=\"fa39963\" data-element_type=\"widget\" data-e-type=\"widget\" data-widget_type=\"heading.default\">\n\t\t\t\t<div class=\"elementor-widget-container\">\n\t\t\t\t\t<h3 class=\"elementor-heading-title elementor-size-default\">Quelle est la dur\u00e9e de validit\u00e9 d'un permis de travail (TWV) ?<\/h3>\t\t\t\t<\/div>\n\t\t\t\t<\/div>\n\t\t\t\t<div class=\"elementor-element elementor-element-0373861 color-scheme-inherit text-left elementor-widget elementor-widget-text-editor\" data-id=\"0373861\" data-element_type=\"widget\" data-e-type=\"widget\" data-widget_type=\"text-editor.default\">\n\t\t\t\t<div class=\"elementor-widget-container\">\n\t\t\t\t\t\t\t\t\t<p>En g\u00e9n\u00e9ral, un permis de travail (TWV) a une dur\u00e9e de validit\u00e9 maximale d'un an. Il s'agit de la p\u00e9riode standard fix\u00e9e afin de garantir que l'employeur et l'employ\u00e9 continuent \u00e0 remplir les conditions requises et de permettre des contr\u00f4les r\u00e9guliers du respect de la l\u00e9gislation sur les \u00e9trangers. Il est important de noter qu'il existe des cas o\u00f9 la dur\u00e9e de validit\u00e9 d'un TWV peut \u00eatre prolong\u00e9e, et dans certaines situations, cette prolongation peut aller jusqu'\u00e0 trois ans.<\/p><p>La possibilit\u00e9 de prolonger un TWV d\u00e9pend de plusieurs facteurs, notamment la situation professionnelle sp\u00e9cifique et la l\u00e9gislation et la r\u00e9glementation en vigueur au moment de la prolongation. Le Service de l'immigration et de la naturalisation (IND) applique des directives et des exigences strictes pour l'octroi des prolongations. Il est essentiel de les respecter scrupuleusement afin d'obtenir une prolongation.<\/p>\t\t\t\t\t\t\t\t<\/div>\n\t\t\t\t<\/div>\n\t\t\t\t<div class=\"elementor-element elementor-element-fc468f6 elementor-widget elementor-widget-spacer\" data-id=\"fc468f6\" data-element_type=\"widget\" data-e-type=\"widget\" data-widget_type=\"spacer.default\">\n\t\t\t\t<div class=\"elementor-widget-container\">\n\t\t\t\t\t\t\t<div class=\"elementor-spacer\">\n\t\t\t<div class=\"elementor-spacer-inner\"><\/div>\n\t\t<\/div>\n\t\t\t\t\t\t<\/div>\n\t\t\t\t<\/div>\n\t\t\t\t<div class=\"elementor-element elementor-element-5809e3f elementor-widget elementor-widget-heading\" data-id=\"5809e3f\" data-element_type=\"widget\" data-e-type=\"widget\" data-widget_type=\"heading.default\">\n\t\t\t\t<div class=\"elementor-widget-container\">\n\t\t\t\t\t<h3 class=\"elementor-heading-title elementor-size-default\">Situations particuli\u00e8res<\/h3>\t\t\t\t<\/div>\n\t\t\t\t<\/div>\n\t\t\t\t<div class=\"elementor-element elementor-element-511e4b7 color-scheme-inherit text-left elementor-widget elementor-widget-text-editor\" data-id=\"511e4b7\" data-element_type=\"widget\" data-e-type=\"widget\" data-widget_type=\"text-editor.default\">\n\t\t\t\t<div class=\"elementor-widget-container\">\n\t\t\t\t\t\t\t\t\tIl existe des exceptions pour des situations sp\u00e9cifiques. Par exemple, il existe un arrangement sp\u00e9cial pour les chefs de cuisine des restaurants asiatiques, qui leur permet d'obtenir plus facilement un TWV sous certaines conditions strictes. D'autres cat\u00e9gories sp\u00e9ciales s'appliquent \u00e9galement sous certaines conditions, comme les musiciens ou les enseignants des coll\u00e8ges et universit\u00e9s internationaux.\t\t\t\t\t\t\t\t<\/div>\n\t\t\t\t<\/div>\n\t\t\t\t<div class=\"elementor-element elementor-element-443e13f elementor-widget elementor-widget-spacer\" data-id=\"443e13f\" data-element_type=\"widget\" data-e-type=\"widget\" data-widget_type=\"spacer.default\">\n\t\t\t\t<div class=\"elementor-widget-container\">\n\t\t\t\t\t\t\t<div class=\"elementor-spacer\">\n\t\t\t<div class=\"elementor-spacer-inner\"><\/div>\n\t\t<\/div>\n\t\t\t\t\t\t<\/div>\n\t\t\t\t<\/div>\n\t\t\t\t<div class=\"elementor-element elementor-element-721cbed elementor-widget elementor-widget-heading\" data-id=\"721cbed\" data-element_type=\"widget\" data-e-type=\"widget\" data-widget_type=\"heading.default\">\n\t\t\t\t<div class=\"elementor-widget-container\">\n\t\t\t\t\t<h3 class=\"elementor-heading-title elementor-size-default\">Avocat sp\u00e9cialis\u00e9 dans les permis de travail<\/h3>\t\t\t\t<\/div>\n\t\t\t\t<\/div>\n\t\t\t\t<div class=\"elementor-element elementor-element-ecdef05 color-scheme-inherit text-left elementor-widget elementor-widget-text-editor\" data-id=\"ecdef05\" data-element_type=\"widget\" data-e-type=\"widget\" data-widget_type=\"text-editor.default\">\n\t\t\t\t<div class=\"elementor-widget-container\">\n\t\t\t\t\t\t\t\t\t<p>La demande de permis de travail (TWV) n'est pas une proc\u00e9dure simple et peut prendre un certain temps.<\/p><p>Il est conseill\u00e9 de faire appel \u00e0 l'un de nos avocats d\u00e8s que possible. <a href=\"https:\/\/www.derbedrosian.nl\/fr\/avocats\/\">Nos avocats<\/a> sont sp\u00e9cialis\u00e9s dans la <a href=\"https:\/\/www.derbedrosian.nl\/fr\/juridictions\/droit-de-limmigration\/\">droit de l'immigration<\/a> et peut vous aider \u00e0 demander un TWV. N'h\u00e9sitez pas \u00e0 nous contacter pour obtenir une aide juridique suppl\u00e9mentaire.<\/p>\t\t\t\t\t\t\t\t<\/div>\n\t\t\t\t<\/div>\n\t\t\t\t\t<\/div>\n\t\t\t\t<\/div>\n\t\t\t\t<\/div>","protected":false},"excerpt":{"rendered":"<p>Advocaat tewerkstellingsvergunning Oekra\u00efne tewerkstellingsvergunning Voorwaarden tewerkstellingsvergunning vreemdelingenrecht tewerkstellingsvergunning aanvragen uwv vreemdelingenrecht advocaat enschede vreemdelingenrecht advocaat overijssel vreemdelingenrecht enschede advocaat enschede<\/p>","protected":false},"author":1,"featured_media":0,"parent":10627,"menu_order":0,"comment_status":"closed","ping_status":"closed","template":"","meta":{"footnotes":""},"class_list":["post-10687","page","type-page","status-publish","hentry"],"_links":{"self":[{"href":"https:\/\/www.derbedrosian.nl\/fr\/wp-json\/wp\/v2\/pages\/10687","targetHints":{"allow":["GET"]}}],"collection":[{"href":"https:\/\/www.derbedrosian.nl\/fr\/wp-json\/wp\/v2\/pages"}],"about":[{"href":"https:\/\/www.derbedrosian.nl\/fr\/wp-json\/wp\/v2\/types\/page"}],"author":[{"embeddable":true,"href":"https:\/\/www.derbedrosian.nl\/fr\/wp-json\/wp\/v2\/users\/1"}],"replies":[{"embeddable":true,"href":"https:\/\/www.derbedrosian.nl\/fr\/wp-json\/wp\/v2\/comments?post=10687"}],"version-history":[{"count":0,"href":"https:\/\/www.derbedrosian.nl\/fr\/wp-json\/wp\/v2\/pages\/10687\/revisions"}],"up":[{"embeddable":true,"href":"https:\/\/www.derbedrosian.nl\/fr\/wp-json\/wp\/v2\/pages\/10627"}],"wp:attachment":[{"href":"https:\/\/www.derbedrosian.nl\/fr\/wp-json\/wp\/v2\/media?parent=10687"}],"curies":[{"name":"wp","href":"https:\/\/api.w.org\/{rel}","templated":true}]}}