{"id":10682,"date":"2023-05-26T15:50:36","date_gmt":"2023-05-26T13:50:36","guid":{"rendered":"https:\/\/derbedrosian.nl\/?page_id=10682"},"modified":"2025-12-21T16:01:40","modified_gmt":"2025-12-21T14:01:40","slug":"decision-de-retour","status":"publish","type":"page","link":"https:\/\/www.derbedrosian.nl\/fr\/rechtsgebieden\/vreemdelingenrecht\/terugkeerbesluit\/","title":{"rendered":"D\u00e9cision de retour"},"content":{"rendered":"<div data-elementor-type=\"wp-page\" data-elementor-id=\"10682\" class=\"elementor elementor-10682\" data-elementor-post-type=\"page\">\n\t\t\t\t<div class=\"wd-negative-gap elementor-element elementor-element-a587312 e-flex e-con-boxed e-con e-parent\" data-id=\"a587312\" data-element_type=\"container\" data-e-type=\"container\">\n\t\t\t\t\t<div class=\"e-con-inner\">\n\t\t\t\t<div class=\"elementor-element elementor-element-bf3d679 elementor-hidden-desktop elementor-hidden-tablet elementor-hidden-mobile elementor-widget elementor-widget-wd_image_or_svg\" data-id=\"bf3d679\" data-element_type=\"widget\" data-e-type=\"widget\" id=\"seo-word\" data-widget_type=\"wd_image_or_svg.default\">\n\t\t\t\t<div class=\"elementor-widget-container\">\n\t\t\t\t\t\n\t\t<div class=\"wd-image text-left\">\n\t\t\t\t\t\t\t\t<img loading=\"lazy\" decoding=\"async\" width=\"1000\" height=\"668\" src=\"https:\/\/www.derbedrosian.nl\/wp-content\/uploads\/rechtsgebied-terugkeerbesluit.jpg\" class=\"attachment-full size-full\" alt=\"d\u00e9cision de retour lev\u00e9e avocat d\u00e9cision recours d\u00e9cision de retour\" srcset=\"https:\/\/www.derbedrosian.nl\/wp-content\/uploads\/rechtsgebied-terugkeerbesluit.jpg 1000w, https:\/\/www.derbedrosian.nl\/wp-content\/uploads\/rechtsgebied-terugkeerbesluit-400x267.jpg 400w, https:\/\/www.derbedrosian.nl\/wp-content\/uploads\/rechtsgebied-terugkeerbesluit-768x513.jpg 768w\" sizes=\"auto, (max-width: 1000px) 100vw, 1000px\" title=\"\">\t\t\t\t\t<\/div>\n\n\t\t\t\t\t\t<\/div>\n\t\t\t\t<\/div>\n\t\t\t\t<div class=\"elementor-element elementor-element-d4b308a elementor-hidden-desktop elementor-hidden-tablet elementor-hidden-mobile elementor-widget elementor-widget-heading\" data-id=\"d4b308a\" data-element_type=\"widget\" data-e-type=\"widget\" id=\"seo-word\" data-widget_type=\"heading.default\">\n\t\t\t\t<div class=\"elementor-widget-container\">\n\t\t\t\t\t<h2 class=\"elementor-heading-title elementor-size-default\">d\u00e9cision de retour de l'avocat<\/h2>\t\t\t\t<\/div>\n\t\t\t\t<\/div>\n\t\t\t\t<div class=\"elementor-element elementor-element-4755776 elementor-hidden-desktop elementor-hidden-tablet elementor-hidden-mobile elementor-widget elementor-widget-heading\" data-id=\"4755776\" data-element_type=\"widget\" data-e-type=\"widget\" id=\"seo-word\" data-widget_type=\"heading.default\">\n\t\t\t\t<div class=\"elementor-widget-container\">\n\t\t\t\t\t<h5 class=\"elementor-heading-title elementor-size-default\">retour d\u00e9cision d\u00e9cision<\/h5>\t\t\t\t<\/div>\n\t\t\t\t<\/div>\n\t\t\t\t<div class=\"elementor-element elementor-element-57b379b elementor-hidden-desktop elementor-hidden-tablet elementor-hidden-mobile elementor-widget elementor-widget-heading\" data-id=\"57b379b\" data-element_type=\"widget\" data-e-type=\"widget\" id=\"seo-word\" data-widget_type=\"heading.default\">\n\t\t\t\t<div class=\"elementor-widget-container\">\n\t\t\t\t\t<h5 class=\"elementor-heading-title elementor-size-default\">appel retour d\u00e9cision<\/h5>\t\t\t\t<\/div>\n\t\t\t\t<\/div>\n\t\t\t\t<div class=\"elementor-element elementor-element-dea1465 elementor-hidden-desktop elementor-hidden-tablet elementor-hidden-mobile elementor-widget elementor-widget-heading\" data-id=\"dea1465\" data-element_type=\"widget\" data-e-type=\"widget\" id=\"seo-word\" data-widget_type=\"heading.default\">\n\t\t\t\t<div class=\"elementor-widget-container\">\n\t\t\t\t\t<h5 class=\"elementor-heading-title elementor-size-default\">lev\u00e9e de la d\u00e9cision de retour<\/h5>\t\t\t\t<\/div>\n\t\t\t\t<\/div>\n\t\t\t\t<div class=\"elementor-element elementor-element-e9d6bb1 elementor-hidden-desktop elementor-hidden-tablet elementor-hidden-mobile elementor-widget elementor-widget-heading\" data-id=\"e9d6bb1\" data-element_type=\"widget\" data-e-type=\"widget\" id=\"seo-word\" data-widget_type=\"heading.default\">\n\t\t\t\t<div class=\"elementor-widget-container\">\n\t\t\t\t\t<h5 class=\"elementor-heading-title elementor-size-default\">droit de l'immigration<\/h5>\t\t\t\t<\/div>\n\t\t\t\t<\/div>\n\t\t\t\t<div class=\"elementor-element elementor-element-5ccea5a elementor-hidden-desktop elementor-hidden-tablet elementor-hidden-mobile elementor-widget elementor-widget-heading\" data-id=\"5ccea5a\" data-element_type=\"widget\" data-e-type=\"widget\" id=\"seo-word\" data-widget_type=\"heading.default\">\n\t\t\t\t<div class=\"elementor-widget-container\">\n\t\t\t\t\t<h5 class=\"elementor-heading-title elementor-size-default\">avocat en droit de l'immigration enschede<\/h5>\t\t\t\t<\/div>\n\t\t\t\t<\/div>\n\t\t\t\t<div class=\"elementor-element elementor-element-3129534 elementor-hidden-desktop elementor-hidden-tablet elementor-hidden-mobile elementor-widget elementor-widget-heading\" data-id=\"3129534\" data-element_type=\"widget\" data-e-type=\"widget\" id=\"seo-word\" data-widget_type=\"heading.default\">\n\t\t\t\t<div class=\"elementor-widget-container\">\n\t\t\t\t\t<h5 class=\"elementor-heading-title elementor-size-default\">avocat en droit de l'immigration overijssel<\/h5>\t\t\t\t<\/div>\n\t\t\t\t<\/div>\n\t\t\t\t<div class=\"elementor-element elementor-element-3189326 elementor-hidden-desktop elementor-hidden-tablet elementor-hidden-mobile elementor-widget elementor-widget-heading\" data-id=\"3189326\" data-element_type=\"widget\" data-e-type=\"widget\" id=\"seo-word\" data-widget_type=\"heading.default\">\n\t\t\t\t<div class=\"elementor-widget-container\">\n\t\t\t\t\t<h5 class=\"elementor-heading-title elementor-size-default\">droit des \u00e9trangers enschede<\/h5>\t\t\t\t<\/div>\n\t\t\t\t<\/div>\n\t\t\t\t<div class=\"elementor-element elementor-element-1d82020 color-scheme-inherit text-left elementor-widget elementor-widget-text-editor\" data-id=\"1d82020\" data-element_type=\"widget\" data-e-type=\"widget\" id=\"seo-word\" data-widget_type=\"text-editor.default\">\n\t\t\t\t<div class=\"elementor-widget-container\">\n\t\t\t\t\t\t\t\t\t<p>d\u00e9cision de retour et interdiction d'entr\u00e9e aux Pays-Bas de sa propre initiative, c'est-\u00e0-dire le processus et les d\u00e9marches \u00e0 entreprendre pour retourner dans le pays d'origine, ainsi que les conditions et r\u00e9glementations sp\u00e9cifiques applicables \u00e0 la d\u00e9cision de retour et \u00e0 l'interdiction d'entr\u00e9e.<\/p>\t\t\t\t\t\t\t\t<\/div>\n\t\t\t\t<\/div>\n\t\t\t\t<div class=\"elementor-element elementor-element-09494fd elementor-hidden-desktop elementor-hidden-tablet elementor-hidden-mobile elementor-widget elementor-widget-heading\" data-id=\"09494fd\" data-element_type=\"widget\" data-e-type=\"widget\" id=\"seo-word\" data-widget_type=\"heading.default\">\n\t\t\t\t<div class=\"elementor-widget-container\">\n\t\t\t\t\t<h5 class=\"elementor-heading-title elementor-size-default\">avocat enschede aliens law<\/h5>\t\t\t\t<\/div>\n\t\t\t\t<\/div>\n\t\t\t\t<div class=\"elementor-element elementor-element-7811f20 color-scheme-inherit text-left elementor-widget elementor-widget-text-editor\" data-id=\"7811f20\" data-element_type=\"widget\" data-e-type=\"widget\" data-widget_type=\"text-editor.default\">\n\t\t\t\t<div class=\"elementor-widget-container\">\n\t\t\t\t\t\t\t\t\t<p><strong>Aux Pays-Bas, la \"d\u00e9cision de retour\" d\u00e9signe une proc\u00e9dure juridique sp\u00e9cifique applicable aux personnes qui se trouvent dans le pays sans avoir le statut de r\u00e9sident requis. Cette d\u00e9cision a d'importantes implications juridiques et affecte le s\u00e9jour des personnes aux Pays-Bas.<\/strong><\/p>\t\t\t\t\t\t\t\t<\/div>\n\t\t\t\t<\/div>\n\t\t\t\t<div class=\"elementor-element elementor-element-dd3db22 elementor-widget elementor-widget-spacer\" data-id=\"dd3db22\" data-element_type=\"widget\" data-e-type=\"widget\" data-widget_type=\"spacer.default\">\n\t\t\t\t<div class=\"elementor-widget-container\">\n\t\t\t\t\t\t\t<div class=\"elementor-spacer\">\n\t\t\t<div class=\"elementor-spacer-inner\"><\/div>\n\t\t<\/div>\n\t\t\t\t\t\t<\/div>\n\t\t\t\t<\/div>\n\t\t\t\t<div class=\"elementor-element elementor-element-692aab6 elementor-widget elementor-widget-heading\" data-id=\"692aab6\" data-element_type=\"widget\" data-e-type=\"widget\" data-widget_type=\"heading.default\">\n\t\t\t\t<div class=\"elementor-widget-container\">\n\t\t\t\t\t<h3 class=\"elementor-heading-title elementor-size-default\">Qu'est-ce qu'une d\u00e9cision de retour ?<\/h3>\t\t\t\t<\/div>\n\t\t\t\t<\/div>\n\t\t\t\t<div class=\"elementor-element elementor-element-fb6855a color-scheme-inherit text-left elementor-widget elementor-widget-text-editor\" data-id=\"fb6855a\" data-element_type=\"widget\" data-e-type=\"widget\" data-widget_type=\"text-editor.default\">\n\t\t\t\t<div class=\"elementor-widget-container\">\n\t\t\t\t\t\t\t\t\t<p>Une d\u00e9cision de retour est une d\u00e9claration juridique qui signifie simplement que votre s\u00e9jour aux Pays-Bas est ill\u00e9gal et que vous \u00eates oblig\u00e9 de quitter le pays, ainsi que tous les pays de l'UE\/EEE et la Suisse. Cette situation se produit lorsque votre demande de visa de s\u00e9jour temporaire est rejet\u00e9e, et parfois une interdiction d'entr\u00e9e peut m\u00eame \u00eatre impos\u00e9e, ce qui signifie que vous n'\u00eates pas autoris\u00e9 \u00e0 revenir dans le pays pendant une certaine p\u00e9riode. C'est notamment le cas si le rejet est li\u00e9 \u00e0 des troubles de l'ordre public.<\/p>\t\t\t\t\t\t\t\t<\/div>\n\t\t\t\t<\/div>\n\t\t\t\t<div class=\"elementor-element elementor-element-9130cb7 elementor-widget elementor-widget-spacer\" data-id=\"9130cb7\" data-element_type=\"widget\" data-e-type=\"widget\" data-widget_type=\"spacer.default\">\n\t\t\t\t<div class=\"elementor-widget-container\">\n\t\t\t\t\t\t\t<div class=\"elementor-spacer\">\n\t\t\t<div class=\"elementor-spacer-inner\"><\/div>\n\t\t<\/div>\n\t\t\t\t\t\t<\/div>\n\t\t\t\t<\/div>\n\t\t\t\t<div class=\"elementor-element elementor-element-c76a020 elementor-widget elementor-widget-heading\" data-id=\"c76a020\" data-element_type=\"widget\" data-e-type=\"widget\" data-widget_type=\"heading.default\">\n\t\t\t\t<div class=\"elementor-widget-container\">\n\t\t\t\t\t<h3 class=\"elementor-heading-title elementor-size-default\">\u00c0 qui s'applique une d\u00e9cision de retour ?\n<\/h3>\t\t\t\t<\/div>\n\t\t\t\t<\/div>\n\t\t\t\t<div class=\"elementor-element elementor-element-85d8417 color-scheme-inherit text-left elementor-widget elementor-widget-text-editor\" data-id=\"85d8417\" data-element_type=\"widget\" data-e-type=\"widget\" data-widget_type=\"text-editor.default\">\n\t\t\t\t<div class=\"elementor-widget-container\">\n\t\t\t\t\t\t\t\t\t<p>La d\u00e9cision de retour est une mesure l\u00e9gale applicable aux personnes qui ne sont pas ressortissantes d'un pays de l'UE\/EEE ou de la Suisse et qui se trouvent aux Pays-Bas. Il existe plusieurs situations dans lesquelles une telle d\u00e9cision de retour peut \u00eatre rendue :<\/p><ul><li><strong>Rejet de la demande de permis de s\u00e9jour :<\/strong> L'une des situations dans lesquelles vous pouvez recevoir une d\u00e9cision de retour est lorsque le service d'immigration et de naturalisation (IND) rejette votre demande de permis de s\u00e9jour. La d\u00e9cision de retour peut alors faire partie de cette d\u00e9cision n\u00e9gative. Cela peut se produire si votre demande ne remplit pas les conditions requises ou s'il existe d'autres motifs l\u00e9gaux de rejet.<\/li><li><strong>R\u00e9vocation du permis de s\u00e9jour :<\/strong> Une autre situation dans laquelle une d\u00e9cision de retour peut \u00eatre prise est lorsque l'IND d\u00e9cide de r\u00e9voquer votre permis de s\u00e9jour. La d\u00e9cision de retour fait alors partie de cette d\u00e9cision. Cela peut se produire si vous avez enfreint les conditions de votre permis de s\u00e9jour, par exemple en enfreignant la loi ou en ne respectant pas les r\u00e8gles relatives \u00e0 votre s\u00e9jour.<\/li><li><strong>S\u00e9jour ill\u00e9gal d\u00e9termin\u00e9 par les autorit\u00e9s : <\/strong>si la police ou la police militaire royale vous rencontre \u00e0 la fronti\u00e8re ou aux Pays-Bas et conclut que vous \u00eates en situation irr\u00e9guli\u00e8re. Cela peut se produire si vous n'avez pas de permis de s\u00e9jour valable ou si vous avez omis d'en demander un. Dans ce cas, la d\u00e9cision de retour est utilis\u00e9e comme mesure l\u00e9gale pour vous obliger \u00e0 quitter le pays.<\/li><\/ul><p>Il est essentiel de comprendre qu'une d\u00e9cision de retour est une affaire juridique s\u00e9rieuse. Le respect des d\u00e9lais et des proc\u00e9dures qui y sont pr\u00e9vus est tr\u00e8s important. Si vous n'\u00eates pas d'accord avec une d\u00e9cision de retour, vous avez le droit de vous opposer ou de faire appel, comme indiqu\u00e9 pr\u00e9c\u00e9demment. Il est conseill\u00e9 de demander un avis juridique et de prendre les mesures appropri\u00e9es pour comprendre et g\u00e9rer votre situation dans les limites de la loi. Cela peut vous aider \u00e0 prot\u00e9ger vos droits et \u00e0 \u00e9viter toute complication juridique.<\/p>\t\t\t\t\t\t\t\t<\/div>\n\t\t\t\t<\/div>\n\t\t\t\t<div class=\"elementor-element elementor-element-37fad05 elementor-widget elementor-widget-spacer\" data-id=\"37fad05\" data-element_type=\"widget\" data-e-type=\"widget\" data-widget_type=\"spacer.default\">\n\t\t\t\t<div class=\"elementor-widget-container\">\n\t\t\t\t\t\t\t<div class=\"elementor-spacer\">\n\t\t\t<div class=\"elementor-spacer-inner\"><\/div>\n\t\t<\/div>\n\t\t\t\t\t\t<\/div>\n\t\t\t\t<\/div>\n\t\t\t\t<div class=\"elementor-element elementor-element-a26fa5a elementor-widget elementor-widget-heading\" data-id=\"a26fa5a\" data-element_type=\"widget\" data-e-type=\"widget\" data-widget_type=\"heading.default\">\n\t\t\t\t<div class=\"elementor-widget-container\">\n\t\t\t\t\t<h3 class=\"elementor-heading-title elementor-size-default\">Effets n\u00e9gatifs de la d\u00e9cision de retour<\/h3>\t\t\t\t<\/div>\n\t\t\t\t<\/div>\n\t\t\t\t<div class=\"elementor-element elementor-element-fa71844 color-scheme-inherit text-left elementor-widget elementor-widget-text-editor\" data-id=\"fa71844\" data-element_type=\"widget\" data-e-type=\"widget\" data-widget_type=\"text-editor.default\">\n\t\t\t\t<div class=\"elementor-widget-container\">\n\t\t\t\t\t\t\t\t\t<p>Une d\u00e9cision de retour peut avoir des cons\u00e9quences importantes pour la personne concern\u00e9e. Voici quelques effets possibles d'une d\u00e9cision de retour :<\/p><ul><li><strong>D\u00e9part obligatoire :<\/strong> Une d\u00e9cision de retour signifie que la personne doit quitter les Pays-Bas et retourner dans son pays d'origine ou dans un autre pays o\u00f9 elle est l\u00e9galement autoris\u00e9e \u00e0 r\u00e9sider. Le non-respect de cette d\u00e9cision peut entra\u00eener des cons\u00e9quences juridiques, telles qu'une interdiction d'entr\u00e9e sur le territoire.<\/li><li><strong>Proc\u00e9dure d'expulsion :<\/strong> si la personne ne part pas de son plein gr\u00e9, une proc\u00e9dure d'\u00e9loignement peut \u00eatre engag\u00e9e afin de proc\u00e9der \u00e0 son retour forc\u00e9. Cela peut impliquer le maintien de la personne dans un centre de d\u00e9tention jusqu'\u00e0 ce que l'expulsion puisse avoir lieu.<\/li><li><a href=\"https:\/\/www.derbedrosian.nl\/fr\/juridictions\/droit-de-limmigration\/interdiction-dentree\/\"><strong>Interdiction d'entr\u00e9e :<\/strong><\/a>\u00a0une interdiction d'entr\u00e9e peut \u00e9galement \u00eatre impos\u00e9e, ce qui signifie que la personne n'est pas autoris\u00e9e \u00e0 entrer aux Pays-Bas pendant une certaine p\u00e9riode. Le non-respect de cette interdiction d'entr\u00e9e peut avoir des cons\u00e9quences p\u00e9nales, telles qu'une amende ou une peine d'emprisonnement.<\/li><\/ul>\t\t\t\t\t\t\t\t<\/div>\n\t\t\t\t<\/div>\n\t\t\t\t<div class=\"elementor-element elementor-element-a044565 elementor-widget elementor-widget-spacer\" data-id=\"a044565\" data-element_type=\"widget\" data-e-type=\"widget\" data-widget_type=\"spacer.default\">\n\t\t\t\t<div class=\"elementor-widget-container\">\n\t\t\t\t\t\t\t<div class=\"elementor-spacer\">\n\t\t\t<div class=\"elementor-spacer-inner\"><\/div>\n\t\t<\/div>\n\t\t\t\t\t\t<\/div>\n\t\t\t\t<\/div>\n\t\t\t\t<div class=\"elementor-element elementor-element-bdf7b45 elementor-widget elementor-widget-heading\" data-id=\"bdf7b45\" data-element_type=\"widget\" data-e-type=\"widget\" data-widget_type=\"heading.default\">\n\t\t\t\t<div class=\"elementor-widget-container\">\n\t\t\t\t\t<h3 class=\"elementor-heading-title elementor-size-default\">Objection \u00e0 la d\u00e9cision de retour<\/h3>\t\t\t\t<\/div>\n\t\t\t\t<\/div>\n\t\t\t\t<div class=\"elementor-element elementor-element-f9c76d3 color-scheme-inherit text-left elementor-widget elementor-widget-text-editor\" data-id=\"f9c76d3\" data-element_type=\"widget\" data-e-type=\"widget\" data-widget_type=\"text-editor.default\">\n\t\t\t\t<div class=\"elementor-widget-container\">\n\t\t\t\t\t\t\t\t\t<p>Si vous n'\u00eates pas d'accord avec une d\u00e9cision de retour, vous avez la possibilit\u00e9 de faire opposition \u00e0 la d\u00e9cision ou de faire appel. La notification officielle de la d\u00e9cision explique en d\u00e9tail comment vous pouvez d\u00e9poser une objection aupr\u00e8s du Service de l'immigration et de la naturalisation (IND) ou faire appel devant le tribunal.<\/p><p>Toutefois, dans certaines circonstances, vous n'\u00eates pas tenu de quitter le pays imm\u00e9diatement apr\u00e8s qu'une d\u00e9cision de retour a \u00e9t\u00e9 prise :<\/p><ul><li><strong>Demande de permis de s\u00e9jour :<\/strong>\u00a0Si, apr\u00e8s avoir re\u00e7u une d\u00e9cision de retour, vous choisissez de demander un permis de s\u00e9jour, vous \u00eates autoris\u00e9 \u00e0 rester aux Pays-Bas en attendant l'examen de votre demande. Cela vous permet de pr\u00e9senter votre dossier et d'attendre la d\u00e9cision concernant votre statut de r\u00e9sident.<\/li><li><strong>Recours ou objection :<\/strong>\u00a0Si votre demande de permis de s\u00e9jour a \u00e9t\u00e9 rejet\u00e9e et que vous faites appel ou opposition \u00e0 cette d\u00e9cision dans le d\u00e9lai imparti, vous n'\u00eates pas oblig\u00e9 de partir imm\u00e9diatement. Pendant la proc\u00e9dure de recours ou d'opposition, vous pouvez rester aux Pays-Bas jusqu'\u00e0 ce qu'une d\u00e9cision d\u00e9finitive soit prise.<\/li><\/ul><p>Il est important de savoir que si vous n'avez pas de statut de r\u00e9sident valide aux Pays-Bas et que vous ne prenez pas de mesures pour mettre votre situation en conformit\u00e9 avec la loi, vous risquez d'\u00eatre d\u00e9tenu dans un \u00e9tablissement sp\u00e9cial appel\u00e9 \"centre de d\u00e9tention\". Ce centre de d\u00e9tention ressemble \u00e0 une cellule de prison et est utilis\u00e9 pour d\u00e9tenir les personnes qui ne remplissent pas les conditions pour r\u00e9sider aux Pays-Bas.<\/p>\t\t\t\t\t\t\t\t<\/div>\n\t\t\t\t<\/div>\n\t\t\t\t<div class=\"elementor-element elementor-element-0013d6a elementor-widget elementor-widget-spacer\" data-id=\"0013d6a\" data-element_type=\"widget\" data-e-type=\"widget\" data-widget_type=\"spacer.default\">\n\t\t\t\t<div class=\"elementor-widget-container\">\n\t\t\t\t\t\t\t<div class=\"elementor-spacer\">\n\t\t\t<div class=\"elementor-spacer-inner\"><\/div>\n\t\t<\/div>\n\t\t\t\t\t\t<\/div>\n\t\t\t\t<\/div>\n\t\t\t\t<div class=\"elementor-element elementor-element-750046e elementor-widget elementor-widget-heading\" data-id=\"750046e\" data-element_type=\"widget\" data-e-type=\"widget\" data-widget_type=\"heading.default\">\n\t\t\t\t<div class=\"elementor-widget-container\">\n\t\t\t\t\t<h3 class=\"elementor-heading-title elementor-size-default\">D\u00e9cision de retour de l'avocat<\/h3>\t\t\t\t<\/div>\n\t\t\t\t<\/div>\n\t\t\t\t<div class=\"elementor-element elementor-element-d562b0b color-scheme-inherit text-left elementor-widget elementor-widget-text-editor\" data-id=\"d562b0b\" data-element_type=\"widget\" data-e-type=\"widget\" data-widget_type=\"text-editor.default\">\n\t\t\t\t<div class=\"elementor-widget-container\">\n\t\t\t\t\t\t\t\t\t<p>Si vous \u00eates confront\u00e9 \u00e0 une d\u00e9cision de retour, il est important de contacter un avocat imm\u00e9diatement. Que vous ayez des questions sur vos droits, que vous souhaitiez contester une d\u00e9cision de retour ou que vous ayez besoin de prendre des mesures pour am\u00e9liorer votre situation, nous sommes l\u00e0 pour vous aider.<\/p><p>Le cabinet d'avocats Der Bedrosian pr\u00e9sente <a href=\"https:\/\/www.derbedrosian.nl\/fr\/avocats\/\">avocats sp\u00e9cialis\u00e9s<\/a> dans le <a href=\"https:\/\/www.derbedrosian.nl\/fr\/juridictions\/droit-de-limmigration\/\">droit de l'immigration<\/a> et nous sommes heureux de vous aider au cours du processus. N'h\u00e9sitez pas \u00e0 nous appeler pour discuter de votre situation.<\/p>\t\t\t\t\t\t\t\t<\/div>\n\t\t\t\t<\/div>\n\t\t\t\t\t<\/div>\n\t\t\t\t<\/div>\n\t\t\t\t<\/div>","protected":false},"excerpt":{"rendered":"<p>avocat d\u00e9cision de retour d\u00e9cision de retour jugement appel d\u00e9cision de retour annulation d\u00e9cision de retour droit des \u00e9trangers droit des \u00e9trangers avocat enschede droit des \u00e9trangers avocat overijssel droit des \u00e9trangers enschede d\u00e9cision de retour et interdiction d'entr\u00e9e sur le territoire<\/p>","protected":false},"author":1,"featured_media":0,"parent":10627,"menu_order":0,"comment_status":"closed","ping_status":"closed","template":"","meta":{"footnotes":""},"class_list":["post-10682","page","type-page","status-publish","hentry"],"_links":{"self":[{"href":"https:\/\/www.derbedrosian.nl\/fr\/wp-json\/wp\/v2\/pages\/10682","targetHints":{"allow":["GET"]}}],"collection":[{"href":"https:\/\/www.derbedrosian.nl\/fr\/wp-json\/wp\/v2\/pages"}],"about":[{"href":"https:\/\/www.derbedrosian.nl\/fr\/wp-json\/wp\/v2\/types\/page"}],"author":[{"embeddable":true,"href":"https:\/\/www.derbedrosian.nl\/fr\/wp-json\/wp\/v2\/users\/1"}],"replies":[{"embeddable":true,"href":"https:\/\/www.derbedrosian.nl\/fr\/wp-json\/wp\/v2\/comments?post=10682"}],"version-history":[{"count":0,"href":"https:\/\/www.derbedrosian.nl\/fr\/wp-json\/wp\/v2\/pages\/10682\/revisions"}],"up":[{"embeddable":true,"href":"https:\/\/www.derbedrosian.nl\/fr\/wp-json\/wp\/v2\/pages\/10627"}],"wp:attachment":[{"href":"https:\/\/www.derbedrosian.nl\/fr\/wp-json\/wp\/v2\/media?parent=10682"}],"curies":[{"name":"wp","href":"https:\/\/api.w.org\/{rel}","templated":true}]}}