{"id":10677,"date":"2023-05-26T15:48:18","date_gmt":"2023-05-26T13:48:18","guid":{"rendered":"https:\/\/derbedrosian.nl\/?page_id=10677"},"modified":"2025-12-21T15:58:40","modified_gmt":"2025-12-21T13:58:40","slug":"declaration-non-desiree","status":"publish","type":"page","link":"https:\/\/www.derbedrosian.nl\/fr\/rechtsgebieden\/vreemdelingenrecht\/ongewenstverklaring\/","title":{"rendered":"D\u00e9claration non d\u00e9sir\u00e9e"},"content":{"rendered":"<div data-elementor-type=\"wp-page\" data-elementor-id=\"10677\" class=\"elementor elementor-10677\" data-elementor-post-type=\"page\">\n\t\t\t\t<div class=\"wd-negative-gap elementor-element elementor-element-76dd1dd e-flex e-con-boxed e-con e-parent\" data-id=\"76dd1dd\" data-element_type=\"container\" data-e-type=\"container\">\n\t\t\t\t\t<div class=\"e-con-inner\">\n\t\t\t\t<div class=\"elementor-element elementor-element-77f8a99 elementor-hidden-desktop elementor-hidden-tablet elementor-hidden-mobile elementor-widget elementor-widget-wd_image_or_svg\" data-id=\"77f8a99\" data-element_type=\"widget\" data-e-type=\"widget\" id=\"seo-word\" data-widget_type=\"wd_image_or_svg.default\">\n\t\t\t\t<div class=\"elementor-widget-container\">\n\t\t\t\t\t\n\t\t<div class=\"wd-image text-left\">\n\t\t\t\t\t\t\t\t<img loading=\"lazy\" decoding=\"async\" width=\"1000\" height=\"667\" src=\"https:\/\/www.derbedrosian.nl\/wp-content\/uploads\/rechtsgebied-ongewenstverklaring.jpg\" class=\"attachment-full size-full\" alt=\"ind\u00e9sirabilit\u00e9 annulation interdiction d&#039;entr\u00e9e avocat permis de s\u00e9jour IND\" srcset=\"https:\/\/www.derbedrosian.nl\/wp-content\/uploads\/rechtsgebied-ongewenstverklaring.jpg 1000w, https:\/\/www.derbedrosian.nl\/wp-content\/uploads\/rechtsgebied-ongewenstverklaring-400x267.jpg 400w, https:\/\/www.derbedrosian.nl\/wp-content\/uploads\/rechtsgebied-ongewenstverklaring-768x512.jpg 768w\" sizes=\"auto, (max-width: 1000px) 100vw, 1000px\" title=\"\">\t\t\t\t\t<\/div>\n\n\t\t\t\t\t\t<\/div>\n\t\t\t\t<\/div>\n\t\t\t\t<div class=\"elementor-element elementor-element-82078fc elementor-hidden-desktop elementor-hidden-tablet elementor-hidden-mobile elementor-widget elementor-widget-heading\" data-id=\"82078fc\" data-element_type=\"widget\" data-e-type=\"widget\" id=\"seo-word\" data-widget_type=\"heading.default\">\n\t\t\t\t<div class=\"elementor-widget-container\">\n\t\t\t\t\t<h2 class=\"elementor-heading-title elementor-size-default\">interdiction d'entr\u00e9e d\u00e9claration ind\u00e9sirable<\/h2>\t\t\t\t<\/div>\n\t\t\t\t<\/div>\n\t\t\t\t<div class=\"elementor-element elementor-element-d5480f4 elementor-hidden-desktop elementor-hidden-tablet elementor-hidden-mobile elementor-widget elementor-widget-heading\" data-id=\"d5480f4\" data-element_type=\"widget\" data-e-type=\"widget\" id=\"seo-word\" data-widget_type=\"heading.default\">\n\t\t\t\t<div class=\"elementor-widget-container\">\n\t\t\t\t\t<h5 class=\"elementor-heading-title elementor-size-default\">d\u00e9claration d'ind\u00e9sirabilit\u00e9 au regard du droit p\u00e9nal<\/h5>\t\t\t\t<\/div>\n\t\t\t\t<\/div>\n\t\t\t\t<div class=\"elementor-element elementor-element-3ffba1e elementor-hidden-desktop elementor-hidden-tablet elementor-hidden-mobile elementor-widget elementor-widget-heading\" data-id=\"3ffba1e\" data-element_type=\"widget\" data-e-type=\"widget\" id=\"seo-word\" data-widget_type=\"heading.default\">\n\t\t\t\t<div class=\"elementor-widget-container\">\n\t\t\t\t\t<h5 class=\"elementor-heading-title elementor-size-default\">demander une d\u00e9claration d'ind\u00e9sirabilit\u00e9<\/h5>\t\t\t\t<\/div>\n\t\t\t\t<\/div>\n\t\t\t\t<div class=\"elementor-element elementor-element-2ff1edd elementor-hidden-desktop elementor-hidden-tablet elementor-hidden-mobile elementor-widget elementor-widget-heading\" data-id=\"2ff1edd\" data-element_type=\"widget\" data-e-type=\"widget\" id=\"seo-word\" data-widget_type=\"heading.default\">\n\t\t\t\t<div class=\"elementor-widget-container\">\n\t\t\t\t\t<h5 class=\"elementor-heading-title elementor-size-default\">la criminalisation de l'ind\u00e9sirabilit\u00e9<\/h5>\t\t\t\t<\/div>\n\t\t\t\t<\/div>\n\t\t\t\t<div class=\"elementor-element elementor-element-d641bd3 elementor-hidden-desktop elementor-hidden-tablet elementor-hidden-mobile elementor-widget elementor-widget-heading\" data-id=\"d641bd3\" data-element_type=\"widget\" data-e-type=\"widget\" id=\"seo-word\" data-widget_type=\"heading.default\">\n\t\t\t\t<div class=\"elementor-widget-container\">\n\t\t\t\t\t<h5 class=\"elementor-heading-title elementor-size-default\">attestation d'ind\u00e9sirabilit\u00e9 et\/ou interdiction d'entr\u00e9e restriction visa du march\u00e9 du travail et dur\u00e9e de validit\u00e9 lev\u00e9e de l'ancienne attestation d'ind\u00e9sirabilit\u00e9 impos\u00e9e avant l'ancienne attestation d'ind\u00e9sirabilit\u00e9 impos\u00e9e avant le mois de d\u00e9cembre<\/h5>\t\t\t\t<\/div>\n\t\t\t\t<\/div>\n\t\t\t\t<div class=\"elementor-element elementor-element-772e6ec elementor-hidden-desktop elementor-hidden-tablet elementor-hidden-mobile elementor-widget elementor-widget-heading\" data-id=\"772e6ec\" data-element_type=\"widget\" data-e-type=\"widget\" id=\"seo-word\" data-widget_type=\"heading.default\">\n\t\t\t\t<div class=\"elementor-widget-container\">\n\t\t\t\t\t<h5 class=\"elementor-heading-title elementor-size-default\">r\u00e8gles de politique g\u00e9n\u00e9rale pour la lev\u00e9e temporaire de la d\u00e9cision d'\u00e9mettre une alerte<\/h5>\t\t\t\t<\/div>\n\t\t\t\t<\/div>\n\t\t\t\t<div class=\"elementor-element elementor-element-c66054e elementor-hidden-desktop elementor-hidden-tablet elementor-hidden-mobile elementor-widget elementor-widget-heading\" data-id=\"c66054e\" data-element_type=\"widget\" data-e-type=\"widget\" id=\"seo-word\" data-widget_type=\"heading.default\">\n\t\t\t\t<div class=\"elementor-widget-container\">\n\t\t\t\t\t<h5 class=\"elementor-heading-title elementor-size-default\">avocat en droit de l'immigration enschede<\/h5>\t\t\t\t<\/div>\n\t\t\t\t<\/div>\n\t\t\t\t<div class=\"elementor-element elementor-element-9ae2ef2 elementor-hidden-desktop elementor-hidden-tablet elementor-hidden-mobile elementor-widget elementor-widget-heading\" data-id=\"9ae2ef2\" data-element_type=\"widget\" data-e-type=\"widget\" id=\"seo-word\" data-widget_type=\"heading.default\">\n\t\t\t\t<div class=\"elementor-widget-container\">\n\t\t\t\t\t<h5 class=\"elementor-heading-title elementor-size-default\">avocat en droit de l'immigration overijssel<\/h5>\t\t\t\t<\/div>\n\t\t\t\t<\/div>\n\t\t\t\t<div class=\"elementor-element elementor-element-a9cd106 elementor-hidden-desktop elementor-hidden-tablet elementor-hidden-mobile elementor-widget elementor-widget-heading\" data-id=\"a9cd106\" data-element_type=\"widget\" data-e-type=\"widget\" id=\"seo-word\" data-widget_type=\"heading.default\">\n\t\t\t\t<div class=\"elementor-widget-container\">\n\t\t\t\t\t<h5 class=\"elementor-heading-title elementor-size-default\">droit des \u00e9trangers enschede<\/h5>\t\t\t\t<\/div>\n\t\t\t\t<\/div>\n\t\t\t\t<div class=\"elementor-element elementor-element-6ea98cf elementor-hidden-desktop elementor-hidden-tablet elementor-hidden-mobile elementor-widget elementor-widget-heading\" data-id=\"6ea98cf\" data-element_type=\"widget\" data-e-type=\"widget\" id=\"seo-word\" data-widget_type=\"heading.default\">\n\t\t\t\t<div class=\"elementor-widget-container\">\n\t\t\t\t\t<h5 class=\"elementor-heading-title elementor-size-default\">avocat enschede aliens law<\/h5>\t\t\t\t<\/div>\n\t\t\t\t<\/div>\n\t\t\t\t<div class=\"elementor-element elementor-element-3800064 elementor-hidden-desktop elementor-hidden-tablet elementor-hidden-mobile elementor-widget elementor-widget-heading\" data-id=\"3800064\" data-element_type=\"widget\" data-e-type=\"widget\" id=\"seo-word\" data-widget_type=\"heading.default\">\n\t\t\t\t<div class=\"elementor-widget-container\">\n\t\t\t\t\t<h5 class=\"elementor-heading-title elementor-size-default\">A Enschede et Overijssel, vous pouvez compter sur les avocats experts en immigration de Derbedrosian Immigration Lawyers. Nous savons que l'ind\u00e9sirabilit\u00e9 est une question juridique complexe en mati\u00e8re de droit de l'immigration.\n\nUne d\u00e9claration d'ind\u00e9sirabilit\u00e9 signifie qu'une personne n'est plus la bienvenue aux Pays-Bas et peut avoir de graves cons\u00e9quences. Elle peut entra\u00eener des poursuites p\u00e9nales et d'autres probl\u00e8mes juridiques.\n\nLa demande de lev\u00e9e d'une d\u00e9claration d'ind\u00e9sirabilit\u00e9 est une proc\u00e9dure juridique qui doit \u00eatre suivie avec soin. Il existe des r\u00e8gles de principe concernant la lev\u00e9e temporaire d'une d\u00e9claration d'ind\u00e9sirabilit\u00e9, mais elles d\u00e9pendent des circonstances sp\u00e9cifiques du cas.\n\nNos avocats en droit de l'immigration \u00e0 Enschede sont disponibles pour vous conseiller et vous guider dans les affaires impliquant des d\u00e9clarations d'ind\u00e9sirabilit\u00e9 et des demandes d'\u00e9loignement. Nous comprenons la complexit\u00e9 de ces situations et nous vous aiderons \u00e0 faire en sorte que vos droits soient respect\u00e9s.\n\nSi vous avez besoin d'une assistance juridique en mati\u00e8re de d\u00e9claration d'ind\u00e9sirabilit\u00e9, n'h\u00e9sitez pas \u00e0 contacter Derbedrosian Immigration Lawyers. Nous sommes l\u00e0 pour vous aider et traiter votre dossier, dans le but de minimiser les cons\u00e9quences de la d\u00e9claration d'ind\u00e9sirabilit\u00e9 et de prot\u00e9ger vos droits.<\/h5>\t\t\t\t<\/div>\n\t\t\t\t<\/div>\n\t\t\t\t<div class=\"elementor-element elementor-element-6202735 color-scheme-inherit text-left elementor-widget elementor-widget-text-editor\" data-id=\"6202735\" data-element_type=\"widget\" data-e-type=\"widget\" data-widget_type=\"text-editor.default\">\n\t\t\t\t<div class=\"elementor-widget-container\">\n\t\t\t\t\t\t\t\t\t<p><strong>La mesure de \"d\u00e9claration ind\u00e9sirable\" est appliqu\u00e9e aux \u00e9trangers qui ne sont pas les bienvenus aux Pays-Bas. Cette mesure peut \u00eatre impos\u00e9e pour diverses raisons, telles que des condamnations p\u00e9nales, des probl\u00e8mes de s\u00e9curit\u00e9 nationale ou des violations de la loi sur l'immigration. L'objectif de la d\u00e9claration d'ind\u00e9sirabilit\u00e9 est d'\u00e9carter les personnes consid\u00e9r\u00e9es comme une menace pour l'ordre public ou la s\u00e9curit\u00e9 nationale.<\/strong><\/p>\t\t\t\t\t\t\t\t<\/div>\n\t\t\t\t<\/div>\n\t\t\t\t<div class=\"elementor-element elementor-element-9371e37 elementor-widget elementor-widget-spacer\" data-id=\"9371e37\" data-element_type=\"widget\" data-e-type=\"widget\" data-widget_type=\"spacer.default\">\n\t\t\t\t<div class=\"elementor-widget-container\">\n\t\t\t\t\t\t\t<div class=\"elementor-spacer\">\n\t\t\t<div class=\"elementor-spacer-inner\"><\/div>\n\t\t<\/div>\n\t\t\t\t\t\t<\/div>\n\t\t\t\t<\/div>\n\t\t\t\t<div class=\"elementor-element elementor-element-fb5b297 elementor-widget elementor-widget-heading\" data-id=\"fb5b297\" data-element_type=\"widget\" data-e-type=\"widget\" data-widget_type=\"heading.default\">\n\t\t\t\t<div class=\"elementor-widget-container\">\n\t\t\t\t\t<h3 class=\"elementor-heading-title elementor-size-default\">Que signifie une d\u00e9claration d'ind\u00e9sirabilit\u00e9 ? <\/h3>\t\t\t\t<\/div>\n\t\t\t\t<\/div>\n\t\t\t\t<div class=\"elementor-element elementor-element-e658e17 color-scheme-inherit text-left elementor-widget elementor-widget-text-editor\" data-id=\"e658e17\" data-element_type=\"widget\" data-e-type=\"widget\" data-widget_type=\"text-editor.default\">\n\t\t\t\t<div class=\"elementor-widget-container\">\n\t\t\t\t\t\t\t\t\t<p>Une d\u00e9claration d'ind\u00e9sirable est une d\u00e9cision selon laquelle vous \u00eates un \u00e9tranger ind\u00e9sirable aux Pays-Bas. Le gouvernement n\u00e9erlandais estime que vous ne devriez pas \u00eatre aux Pays-Bas. Les personnes ind\u00e9sirables doivent quitter les Pays-Bas imm\u00e9diatement, ce qui signifie qu'elles ne sont plus autoris\u00e9es \u00e0 rester aux Pays-Bas, par exemple parce qu'elles ont \u00e9t\u00e9 condamn\u00e9es pour un crime. Il s'agit souvent de personnes qui repr\u00e9sentent un danger pour les Pays-Bas.<\/p>\t\t\t\t\t\t\t\t<\/div>\n\t\t\t\t<\/div>\n\t\t\t\t<div class=\"elementor-element elementor-element-cd7ba9b elementor-widget elementor-widget-spacer\" data-id=\"cd7ba9b\" data-element_type=\"widget\" data-e-type=\"widget\" data-widget_type=\"spacer.default\">\n\t\t\t\t<div class=\"elementor-widget-container\">\n\t\t\t\t\t\t\t<div class=\"elementor-spacer\">\n\t\t\t<div class=\"elementor-spacer-inner\"><\/div>\n\t\t<\/div>\n\t\t\t\t\t\t<\/div>\n\t\t\t\t<\/div>\n\t\t\t\t<div class=\"elementor-element elementor-element-7821fde elementor-widget elementor-widget-heading\" data-id=\"7821fde\" data-element_type=\"widget\" data-e-type=\"widget\" data-widget_type=\"heading.default\">\n\t\t\t\t<div class=\"elementor-widget-container\">\n\t\t\t\t\t<h3 class=\"elementor-heading-title elementor-size-default\">Cons\u00e9quences d'\u00eatre d\u00e9clar\u00e9 ind\u00e9sirable<\/h3>\t\t\t\t<\/div>\n\t\t\t\t<\/div>\n\t\t\t\t<div class=\"elementor-element elementor-element-5cfcaf7 color-scheme-inherit text-left elementor-widget elementor-widget-text-editor\" data-id=\"5cfcaf7\" data-element_type=\"widget\" data-e-type=\"widget\" data-widget_type=\"text-editor.default\">\n\t\t\t\t<div class=\"elementor-widget-container\">\n\t\t\t\t\t\t\t\t\t<p>Si vous faites l'objet d'une d\u00e9claration d'ind\u00e9sirabilit\u00e9, il est imp\u00e9ratif que vous quittiez les Pays-Bas imm\u00e9diatement. Si vous tentez malgr\u00e9 tout de revenir aux Pays-Bas, vous risquez une peine d'emprisonnement pouvant aller jusqu'\u00e0 6 mois ou une amende. Dans certains cas, les autorit\u00e9s n\u00e9erlandaises peuvent m\u00eame d\u00e9cider de vous expulser au-del\u00e0 de la fronti\u00e8re.<\/p><p>En ce qui concerne les complications li\u00e9es \u00e0 la d\u00e9claration d'ind\u00e9sirabilit\u00e9, il n'y a pas de date de fin pr\u00e9d\u00e9termin\u00e9e. Seul le Service de l'immigration et de la naturalisation (IND) est habilit\u00e9 \u00e0 d\u00e9cider de la fin de la d\u00e9claration d'ind\u00e9sirabilit\u00e9.<\/p>\t\t\t\t\t\t\t\t<\/div>\n\t\t\t\t<\/div>\n\t\t\t\t<div class=\"elementor-element elementor-element-be55a29 elementor-widget elementor-widget-spacer\" data-id=\"be55a29\" data-element_type=\"widget\" data-e-type=\"widget\" data-widget_type=\"spacer.default\">\n\t\t\t\t<div class=\"elementor-widget-container\">\n\t\t\t\t\t\t\t<div class=\"elementor-spacer\">\n\t\t\t<div class=\"elementor-spacer-inner\"><\/div>\n\t\t<\/div>\n\t\t\t\t\t\t<\/div>\n\t\t\t\t<\/div>\n\t\t\t\t<div class=\"elementor-element elementor-element-082d019 elementor-widget elementor-widget-heading\" data-id=\"082d019\" data-element_type=\"widget\" data-e-type=\"widget\" data-widget_type=\"heading.default\">\n\t\t\t\t<div class=\"elementor-widget-container\">\n\t\t\t\t\t<h3 class=\"elementor-heading-title elementor-size-default\">\u00c0 qui s'applique une d\u00e9claration ind\u00e9sirable ?\n<\/h3>\t\t\t\t<\/div>\n\t\t\t\t<\/div>\n\t\t\t\t<div class=\"elementor-element elementor-element-bd87fc2 color-scheme-inherit text-left elementor-widget elementor-widget-text-editor\" data-id=\"bd87fc2\" data-element_type=\"widget\" data-e-type=\"widget\" data-widget_type=\"text-editor.default\">\n\t\t\t\t<div class=\"elementor-widget-container\">\n\t\t\t\t\t\t\t\t\t<p>Actuellement, la d\u00e9claration d'ind\u00e9sirabilit\u00e9 ne s'applique qu'aux personnes originaires de l'Union europ\u00e9enne (UE). \u00c9tant donn\u00e9 que les citoyens de l'UE peuvent g\u00e9n\u00e9ralement circuler librement au sein de l'UE, il doit exister des raisons particuli\u00e8rement fond\u00e9es pour leur refuser ce droit. Une telle mesure n'est prise que lorsqu'une personne repr\u00e9sente \u00e0 ce moment-l\u00e0 une menace claire et grave pour l'ordre public.<\/p><p>La d\u00e9claration d'ind\u00e9sirabilit\u00e9 ne s'applique pas aux personnes qui ne sont pas ressortissantes de l'UE, souvent appel\u00e9es ressortissants de pays tiers. Dans certaines circonstances sp\u00e9cifiques, une interdiction d'entr\u00e9e sur le territoire peut \u00eatre prononc\u00e9e. Cette interdiction d'entr\u00e9e peut \u00eatre de dur\u00e9e variable et est g\u00e9n\u00e9ralement appliqu\u00e9e lorsqu'il existe des raisons manifestes de refuser l'acc\u00e8s aux Pays-Bas ou \u00e0 l'UE.<\/p><p>Il est important de noter que tant la d\u00e9claration d'ind\u00e9sirabilit\u00e9 que l'interdiction d'entr\u00e9e sur le territoire sont des mesures juridiques graves et qu'elles sont soumises \u00e0 des proc\u00e9dures juridiques strictes. Dans de tels cas, il est conseill\u00e9 de demander un avis juridique afin de bien comprendre et prot\u00e9ger vos droits et vos options.<\/p>\t\t\t\t\t\t\t\t<\/div>\n\t\t\t\t<\/div>\n\t\t\t\t<div class=\"elementor-element elementor-element-32291b5 elementor-widget elementor-widget-spacer\" data-id=\"32291b5\" data-element_type=\"widget\" data-e-type=\"widget\" data-widget_type=\"spacer.default\">\n\t\t\t\t<div class=\"elementor-widget-container\">\n\t\t\t\t\t\t\t<div class=\"elementor-spacer\">\n\t\t\t<div class=\"elementor-spacer-inner\"><\/div>\n\t\t<\/div>\n\t\t\t\t\t\t<\/div>\n\t\t\t\t<\/div>\n\t\t\t\t<div class=\"elementor-element elementor-element-d2d9bec elementor-widget elementor-widget-heading\" data-id=\"d2d9bec\" data-element_type=\"widget\" data-e-type=\"widget\" data-widget_type=\"heading.default\">\n\t\t\t\t<div class=\"elementor-widget-container\">\n\t\t\t\t\t<h3 class=\"elementor-heading-title elementor-size-default\">Annulation d'une d\u00e9claration ind\u00e9sirable<\/h3>\t\t\t\t<\/div>\n\t\t\t\t<\/div>\n\t\t\t\t<div class=\"elementor-element elementor-element-44e4571 color-scheme-inherit text-left elementor-widget elementor-widget-text-editor\" data-id=\"44e4571\" data-element_type=\"widget\" data-e-type=\"widget\" data-widget_type=\"text-editor.default\">\n\t\t\t\t<div class=\"elementor-widget-container\">\n\t\t\t\t\t\t\t\t\t<p>Apr\u00e8s un certain temps, vous pouvez demander la lev\u00e9e de la \"d\u00e9claration d'ind\u00e9sirabilit\u00e9\". Dans cette demande, vous devez prouver que vous avez effectivement r\u00e9sid\u00e9 hors des Pays-Bas pendant une certaine p\u00e9riode. La dur\u00e9e de cette p\u00e9riode d\u00e9pend de la gravit\u00e9 du d\u00e9lit pour lequel la d\u00e9claration d'ind\u00e9sirabilit\u00e9 a \u00e9t\u00e9 prononc\u00e9e. Il est \u00e9galement important que vous n'ayez pas commis de nouvelles infractions pendant cette p\u00e9riode.<\/p><p>Dans certains cas, la \"d\u00e9claration d'ind\u00e9sirabilit\u00e9\" peut \u00eatre temporairement lev\u00e9e, par exemple en cas de circonstances familiales graves ou lorsque vous devez t\u00e9moigner dans une affaire judiciaire en cours. Il s'agit d'une d\u00e9rogation temporaire destin\u00e9e \u00e0 tenir compte de circonstances particuli\u00e8res.<\/p><p>Il est essentiel de comprendre que la proc\u00e9dure de lev\u00e9e ou de suspension temporaire d'un \"arr\u00eat\u00e9 d'interdiction d'exercer\" doit \u00eatre soigneusement suivie et que des conseils juridiques professionnels sont souvent n\u00e9cessaires pour obtenir les meilleurs r\u00e9sultats.<\/p>\t\t\t\t\t\t\t\t<\/div>\n\t\t\t\t<\/div>\n\t\t\t\t<div class=\"elementor-element elementor-element-fc4fd6f elementor-widget elementor-widget-spacer\" data-id=\"fc4fd6f\" data-element_type=\"widget\" data-e-type=\"widget\" data-widget_type=\"spacer.default\">\n\t\t\t\t<div class=\"elementor-widget-container\">\n\t\t\t\t\t\t\t<div class=\"elementor-spacer\">\n\t\t\t<div class=\"elementor-spacer-inner\"><\/div>\n\t\t<\/div>\n\t\t\t\t\t\t<\/div>\n\t\t\t\t<\/div>\n\t\t\t\t<div class=\"elementor-element elementor-element-1129e00 elementor-widget elementor-widget-heading\" data-id=\"1129e00\" data-element_type=\"widget\" data-e-type=\"widget\" data-widget_type=\"heading.default\">\n\t\t\t\t<div class=\"elementor-widget-container\">\n\t\t\t\t\t<h3 class=\"elementor-heading-title elementor-size-default\">Avocat sp\u00e9cialis\u00e9 en droit de l'immigration<\/h3>\t\t\t\t<\/div>\n\t\t\t\t<\/div>\n\t\t\t\t<div class=\"elementor-element elementor-element-450038b color-scheme-inherit text-left elementor-widget elementor-widget-text-editor\" data-id=\"450038b\" data-element_type=\"widget\" data-e-type=\"widget\" data-widget_type=\"text-editor.default\">\n\t\t\t\t<div class=\"elementor-widget-container\">\n\t\t\t\t\t\t\t\t\t<p>Si vous \u00eates confront\u00e9 \u00e0 une d\u00e9claration d'ind\u00e9sirabilit\u00e9, il est judicieux de demander l'assistance juridique d'un avocat sp\u00e9cialis\u00e9. La proc\u00e9dure entourant les d\u00e9clarations d'ind\u00e9sirabilit\u00e9 peut \u00eatre complexe et il est essentiel de prot\u00e9ger vos droits.<\/p><p>En nous contactant, vous pouvez compter sur l'expertise d'un juriste exp\u00e9riment\u00e9, sp\u00e9cialis\u00e9 dans ce domaine juridique. Nos avocats vous conseilleront et vous guideront dans les d\u00e9marches \u00e0 entreprendre pour rem\u00e9dier \u00e0 votre situation. Vous n'\u00eates pas seul, nous sommes l\u00e0 pour vous aider et d\u00e9fendre vos int\u00e9r\u00eats juridiques. N'h\u00e9sitez pas \u00e0 nous contacter et \u00e0 vous entretenir avec l'un de nos avocats. <a href=\"https:\/\/www.derbedrosian.nl\/fr\/avocats\/\">nos avocats d\u00e9vou\u00e9s<\/a> est pr\u00eat \u00e0 vous aider.<\/p>\t\t\t\t\t\t\t\t<\/div>\n\t\t\t\t<\/div>\n\t\t\t\t\t<\/div>\n\t\t\t\t<\/div>\n\t\t\t\t<\/div>","protected":false},"excerpt":{"rendered":"<p>interdiction d'entr\u00e9e d\u00e9claration d'ind\u00e9sirabilit\u00e9 d\u00e9claration d'ind\u00e9sirabilit\u00e9 p\u00e9nale demander une d\u00e9claration d'ind\u00e9sirabilit\u00e9 d\u00e9claration d'ind\u00e9sirabilit\u00e9 punissable d\u00e9claration d'ind\u00e9sirabilit\u00e9 et\/ou interdiction d'entr\u00e9e restriction inscription au registre du march\u00e9 du travail et dur\u00e9e de validit\u00e9 lever une ancienne d\u00e9claration d'ind\u00e9sirabilit\u00e9 impos\u00e9e pour<\/p>","protected":false},"author":1,"featured_media":0,"parent":10627,"menu_order":0,"comment_status":"closed","ping_status":"closed","template":"","meta":{"footnotes":""},"class_list":["post-10677","page","type-page","status-publish","hentry"],"_links":{"self":[{"href":"https:\/\/www.derbedrosian.nl\/fr\/wp-json\/wp\/v2\/pages\/10677","targetHints":{"allow":["GET"]}}],"collection":[{"href":"https:\/\/www.derbedrosian.nl\/fr\/wp-json\/wp\/v2\/pages"}],"about":[{"href":"https:\/\/www.derbedrosian.nl\/fr\/wp-json\/wp\/v2\/types\/page"}],"author":[{"embeddable":true,"href":"https:\/\/www.derbedrosian.nl\/fr\/wp-json\/wp\/v2\/users\/1"}],"replies":[{"embeddable":true,"href":"https:\/\/www.derbedrosian.nl\/fr\/wp-json\/wp\/v2\/comments?post=10677"}],"version-history":[{"count":0,"href":"https:\/\/www.derbedrosian.nl\/fr\/wp-json\/wp\/v2\/pages\/10677\/revisions"}],"up":[{"embeddable":true,"href":"https:\/\/www.derbedrosian.nl\/fr\/wp-json\/wp\/v2\/pages\/10627"}],"wp:attachment":[{"href":"https:\/\/www.derbedrosian.nl\/fr\/wp-json\/wp\/v2\/media?parent=10677"}],"curies":[{"name":"wp","href":"https:\/\/api.w.org\/{rel}","templated":true}]}}