{"id":10672,"date":"2023-05-26T15:46:52","date_gmt":"2023-05-26T13:46:52","guid":{"rendered":"https:\/\/derbedrosian.nl\/?page_id=10672"},"modified":"2025-12-21T15:57:38","modified_gmt":"2025-12-21T13:57:38","slug":"naturalisation","status":"publish","type":"page","link":"https:\/\/www.derbedrosian.nl\/fr\/rechtsgebieden\/vreemdelingenrecht\/naturalisatie\/","title":{"rendered":"Naturalisation"},"content":{"rendered":"<div data-elementor-type=\"wp-page\" data-elementor-id=\"10672\" class=\"elementor elementor-10672\" data-elementor-post-type=\"page\">\n\t\t\t\t<div class=\"wd-negative-gap elementor-element elementor-element-0355ced e-flex e-con-boxed e-con e-parent\" data-id=\"0355ced\" data-element_type=\"container\" data-e-type=\"container\">\n\t\t\t\t\t<div class=\"e-con-inner\">\n\t\t\t\t<div class=\"elementor-element elementor-element-d217c91 elementor-hidden-desktop elementor-hidden-tablet elementor-hidden-mobile elementor-widget elementor-widget-wd_image_or_svg\" data-id=\"d217c91\" data-element_type=\"widget\" data-e-type=\"widget\" id=\"seo-word\" data-widget_type=\"wd_image_or_svg.default\">\n\t\t\t\t<div class=\"elementor-widget-container\">\n\t\t\t\t\t\n\t\t<div class=\"wd-image text-left\">\n\t\t\t\t\t\t\t\t<img loading=\"lazy\" decoding=\"async\" width=\"1000\" height=\"667\" src=\"https:\/\/www.derbedrosian.nl\/wp-content\/uploads\/rechtsgebied-naturalisatie.jpg\" class=\"attachment-full size-full\" alt=\"Avocat sp\u00e9cialis\u00e9 en naturalisation Permis de s\u00e9jour n\u00e9erlandais IND Proc\u00e9dure de naturalisation Demandes de naturalisation\" srcset=\"https:\/\/www.derbedrosian.nl\/wp-content\/uploads\/rechtsgebied-naturalisatie.jpg 1000w, https:\/\/www.derbedrosian.nl\/wp-content\/uploads\/rechtsgebied-naturalisatie-400x267.jpg 400w, https:\/\/www.derbedrosian.nl\/wp-content\/uploads\/rechtsgebied-naturalisatie-768x512.jpg 768w\" sizes=\"auto, (max-width: 1000px) 100vw, 1000px\" title=\"\">\t\t\t\t\t<\/div>\n\n\t\t\t\t\t\t<\/div>\n\t\t\t\t<\/div>\n\t\t\t\t<div class=\"elementor-element elementor-element-51618ec elementor-hidden-desktop elementor-hidden-tablet elementor-hidden-mobile elementor-widget elementor-widget-heading\" data-id=\"51618ec\" data-element_type=\"widget\" data-e-type=\"widget\" id=\"seo-word\" data-widget_type=\"heading.default\">\n\t\t\t\t<div class=\"elementor-widget-container\">\n\t\t\t\t\t<h2 class=\"elementor-heading-title elementor-size-default\">naturalisation pays-bas <\/h2>\t\t\t\t<\/div>\n\t\t\t\t<\/div>\n\t\t\t\t<div class=\"elementor-element elementor-element-ef380d0 elementor-hidden-desktop elementor-hidden-tablet elementor-hidden-mobile elementor-widget elementor-widget-heading\" data-id=\"ef380d0\" data-element_type=\"widget\" data-e-type=\"widget\" id=\"seo-word\" data-widget_type=\"heading.default\">\n\t\t\t\t<div class=\"elementor-widget-container\">\n\t\t\t\t\t<h5 class=\"elementor-heading-title elementor-size-default\">\u00e9ligibilit\u00e9 \u00e0 la naturalisation <\/h5>\t\t\t\t<\/div>\n\t\t\t\t<\/div>\n\t\t\t\t<div class=\"elementor-element elementor-element-0da9e32 elementor-hidden-desktop elementor-hidden-tablet elementor-hidden-mobile elementor-widget elementor-widget-heading\" data-id=\"0da9e32\" data-element_type=\"widget\" data-e-type=\"widget\" id=\"seo-word\" data-widget_type=\"heading.default\">\n\t\t\t\t<div class=\"elementor-widget-container\">\n\t\t\t\t\t<h5 class=\"elementor-heading-title elementor-size-default\">conditions de naturalisation <\/h5>\t\t\t\t<\/div>\n\t\t\t\t<\/div>\n\t\t\t\t<div class=\"elementor-element elementor-element-7e29108 elementor-hidden-desktop elementor-hidden-tablet elementor-hidden-mobile elementor-widget elementor-widget-heading\" data-id=\"7e29108\" data-element_type=\"widget\" data-e-type=\"widget\" id=\"seo-word\" data-widget_type=\"heading.default\">\n\t\t\t\t<div class=\"elementor-widget-container\">\n\t\t\t\t\t<h5 class=\"elementor-heading-title elementor-size-default\">IND<\/h5>\t\t\t\t<\/div>\n\t\t\t\t<\/div>\n\t\t\t\t<div class=\"elementor-element elementor-element-73b89f8 elementor-hidden-desktop elementor-hidden-tablet elementor-hidden-mobile elementor-widget elementor-widget-heading\" data-id=\"73b89f8\" data-element_type=\"widget\" data-e-type=\"widget\" id=\"seo-word\" data-widget_type=\"heading.default\">\n\t\t\t\t<div class=\"elementor-widget-container\">\n\t\t\t\t\t<h5 class=\"elementor-heading-title elementor-size-default\">co\u00fbts de naturalisation<\/h5>\t\t\t\t<\/div>\n\t\t\t\t<\/div>\n\t\t\t\t<div class=\"elementor-element elementor-element-ba9925f elementor-hidden-desktop elementor-hidden-tablet elementor-hidden-mobile elementor-widget elementor-widget-heading\" data-id=\"ba9925f\" data-element_type=\"widget\" data-e-type=\"widget\" id=\"seo-word\" data-widget_type=\"heading.default\">\n\t\t\t\t<div class=\"elementor-widget-container\">\n\t\t\t\t\t<h5 class=\"elementor-heading-title elementor-size-default\">avocat naturalisation<\/h5>\t\t\t\t<\/div>\n\t\t\t\t<\/div>\n\t\t\t\t<div class=\"elementor-element elementor-element-5de5b63 elementor-hidden-desktop elementor-hidden-tablet elementor-hidden-mobile elementor-widget elementor-widget-heading\" data-id=\"5de5b63\" data-element_type=\"widget\" data-e-type=\"widget\" id=\"seo-word\" data-widget_type=\"heading.default\">\n\t\t\t\t<div class=\"elementor-widget-container\">\n\t\t\t\t\t<h5 class=\"elementor-heading-title elementor-size-default\">avocat en droit de l'immigration enschede<\/h5>\t\t\t\t<\/div>\n\t\t\t\t<\/div>\n\t\t\t\t<div class=\"elementor-element elementor-element-dd6c2de elementor-hidden-desktop elementor-hidden-tablet elementor-hidden-mobile elementor-widget elementor-widget-heading\" data-id=\"dd6c2de\" data-element_type=\"widget\" data-e-type=\"widget\" id=\"seo-word\" data-widget_type=\"heading.default\">\n\t\t\t\t<div class=\"elementor-widget-container\">\n\t\t\t\t\t<h5 class=\"elementor-heading-title elementor-size-default\">avocat en droit de l'immigration overijssel<\/h5>\t\t\t\t<\/div>\n\t\t\t\t<\/div>\n\t\t\t\t<div class=\"elementor-element elementor-element-20cd703 elementor-hidden-desktop elementor-hidden-tablet elementor-hidden-mobile elementor-widget elementor-widget-heading\" data-id=\"20cd703\" data-element_type=\"widget\" data-e-type=\"widget\" id=\"seo-word\" data-widget_type=\"heading.default\">\n\t\t\t\t<div class=\"elementor-widget-container\">\n\t\t\t\t\t<h5 class=\"elementor-heading-title elementor-size-default\">droit des \u00e9trangers enschede<\/h5>\t\t\t\t<\/div>\n\t\t\t\t<\/div>\n\t\t\t\t<div class=\"elementor-element elementor-element-d586f66 elementor-hidden-desktop elementor-hidden-tablet elementor-hidden-mobile elementor-widget elementor-widget-heading\" data-id=\"d586f66\" data-element_type=\"widget\" data-e-type=\"widget\" id=\"seo-word\" data-widget_type=\"heading.default\">\n\t\t\t\t<div class=\"elementor-widget-container\">\n\t\t\t\t\t<h5 class=\"elementor-heading-title elementor-size-default\">avocat enschede aliens law<\/h5>\t\t\t\t<\/div>\n\t\t\t\t<\/div>\n\t\t\t\t<div class=\"elementor-element elementor-element-2301267 elementor-hidden-desktop elementor-hidden-tablet elementor-hidden-mobile elementor-widget elementor-widget-heading\" data-id=\"2301267\" data-element_type=\"widget\" data-e-type=\"widget\" id=\"seo-word\" data-widget_type=\"heading.default\">\n\t\t\t\t<div class=\"elementor-widget-container\">\n\t\t\t\t\t<h5 class=\"elementor-heading-title elementor-size-default\">Comment cela fonctionne-t-il de faire venir des enfants de moins de ans Combien de temps cela prend-il Qui paie ?<\/h5>\t\t\t\t<\/div>\n\t\t\t\t<\/div>\n\t\t\t\t<div class=\"elementor-element elementor-element-adf226d color-scheme-inherit text-left elementor-widget elementor-widget-text-editor\" data-id=\"adf226d\" data-element_type=\"widget\" data-e-type=\"widget\" data-widget_type=\"text-editor.default\">\n\t\t\t\t<div class=\"elementor-widget-container\">\n\t\t\t\t\t\t\t\t\t<p><strong>La naturalisation aux Pays-Bas est la proc\u00e9dure l\u00e9gale par laquelle les \u00e9trangers peuvent obtenir la nationalit\u00e9 n\u00e9erlandaise. Cette proc\u00e9dure comporte des conditions et des \u00e9tapes sp\u00e9cifiques qui doivent \u00eatre suivies pour devenir officiellement citoyen n\u00e9erlandais. Dans cette introduction, nous allons donner un bref aper\u00e7u des principaux aspects de la naturalisation aux Pays-Bas, y compris les conditions et les proc\u00e9dures \u00e0 suivre pour obtenir la nationalit\u00e9 n\u00e9erlandaise.<\/strong><\/p>\t\t\t\t\t\t\t\t<\/div>\n\t\t\t\t<\/div>\n\t\t\t\t<div class=\"elementor-element elementor-element-4beda8d elementor-widget elementor-widget-spacer\" data-id=\"4beda8d\" data-element_type=\"widget\" data-e-type=\"widget\" data-widget_type=\"spacer.default\">\n\t\t\t\t<div class=\"elementor-widget-container\">\n\t\t\t\t\t\t\t<div class=\"elementor-spacer\">\n\t\t\t<div class=\"elementor-spacer-inner\"><\/div>\n\t\t<\/div>\n\t\t\t\t\t\t<\/div>\n\t\t\t\t<\/div>\n\t\t\t\t<div class=\"elementor-element elementor-element-45caff7 elementor-widget elementor-widget-heading\" data-id=\"45caff7\" data-element_type=\"widget\" data-e-type=\"widget\" data-widget_type=\"heading.default\">\n\t\t\t\t<div class=\"elementor-widget-container\">\n\t\t\t\t\t<h3 class=\"elementor-heading-title elementor-size-default\">Quand parle-t-on de naturalisation ?<\/h3>\t\t\t\t<\/div>\n\t\t\t\t<\/div>\n\t\t\t\t<div class=\"elementor-element elementor-element-2cdcf74 color-scheme-inherit text-left elementor-widget elementor-widget-text-editor\" data-id=\"2cdcf74\" data-element_type=\"widget\" data-e-type=\"widget\" data-widget_type=\"text-editor.default\">\n\t\t\t\t<div class=\"elementor-widget-container\">\n\t\t\t\t\t\t\t\t\t<p>La naturalisation consiste simplement \u00e0 obtenir la nationalit\u00e9 n\u00e9erlandaise. Si vous \u00eates un \u00e9tranger et que vous avez r\u00e9sid\u00e9 l\u00e9galement aux Pays-Bas pendant une p\u00e9riode ininterrompue de cinq ans, vous pouvez pr\u00e9tendre \u00e0 la naturalisation en tant que citoyen n\u00e9erlandais. Il est essentiel de comprendre que la d\u00e9cision finale concernant votre demande de naturalisation est prise par le Service de l'immigration et de la naturalisation (IND).<\/p><p>N'oubliez pas que la d\u00e9cision de l'IND concernant votre demande de naturalisation peut prendre jusqu'\u00e0 un an.<\/p><p>Si vous \u00eates mari\u00e9(e) \u00e0 un(e) ressortissant(e) n\u00e9erlandais(e) et que vous vivez ensemble, une p\u00e9riode plus courte de 3 ans s'applique avant que vous ne puissiez pr\u00e9tendre \u00e0 la naturalisation.<br \/>Le processus de naturalisation est une \u00e9tape importante pour ceux qui choisissent d'acqu\u00e9rir la nationalit\u00e9 n\u00e9erlandaise. Elle exige de la patience et un respect scrupuleux des exigences fix\u00e9es par l'IND.<\/p>\t\t\t\t\t\t\t\t<\/div>\n\t\t\t\t<\/div>\n\t\t\t\t<div class=\"elementor-element elementor-element-03d8f74 elementor-widget elementor-widget-spacer\" data-id=\"03d8f74\" data-element_type=\"widget\" data-e-type=\"widget\" data-widget_type=\"spacer.default\">\n\t\t\t\t<div class=\"elementor-widget-container\">\n\t\t\t\t\t\t\t<div class=\"elementor-spacer\">\n\t\t\t<div class=\"elementor-spacer-inner\"><\/div>\n\t\t<\/div>\n\t\t\t\t\t\t<\/div>\n\t\t\t\t<\/div>\n\t\t\t\t<div class=\"elementor-element elementor-element-20b517d elementor-widget elementor-widget-heading\" data-id=\"20b517d\" data-element_type=\"widget\" data-e-type=\"widget\" data-widget_type=\"heading.default\">\n\t\t\t\t<div class=\"elementor-widget-container\">\n\t\t\t\t\t<h3 class=\"elementor-heading-title elementor-size-default\">Conditions de naturalisation<\/h3>\t\t\t\t<\/div>\n\t\t\t\t<\/div>\n\t\t\t\t<div class=\"elementor-element elementor-element-943cc97 color-scheme-inherit text-left elementor-widget elementor-widget-text-editor\" data-id=\"943cc97\" data-element_type=\"widget\" data-e-type=\"widget\" data-widget_type=\"text-editor.default\">\n\t\t\t\t<div class=\"elementor-widget-container\">\n\t\t\t\t\t\t\t\t\t<p>Pour devenir citoyen n\u00e9erlandais, vous devez respecter certaines r\u00e8gles. Voici les principales conditions \u00e0 remplir.<\/p><ul><li><strong>Terme r\u00e9sidentiel :<\/strong>\u00a0Comme nous l'avons d\u00e9j\u00e0 mentionn\u00e9, la dur\u00e9e de r\u00e9sidence est une condition. La naturalisation exige que vous ayez v\u00e9cu aux Pays-Bas de mani\u00e8re ininterrompue pendant les cinq derni\u00e8res ann\u00e9es. Il est tr\u00e8s important que vous puissiez prouver que vous avez effectivement eu un lieu de r\u00e9sidence permanent aux Pays-Bas pendant cette p\u00e9riode. Cela prouve le lien que vous avez accumul\u00e9 avec le pays.<\/li><li><strong>Permis de s\u00e9jour :<\/strong>\u00a0il est imp\u00e9ratif d'avoir un permis de s\u00e9jour valide au moment de la demande de naturalisation. Cela signifie que vous devez avoir l'autorisation officielle de s\u00e9journer aux Pays-Bas. Sans permis de s\u00e9jour valide, votre demande de naturalisation ne pourra pas \u00eatre trait\u00e9e.<\/li><li><a href=\"https:\/\/www.derbedrosian.nl\/fr\/juridictions\/droit-penal\/crimes\/\"><strong>Infraction :<\/strong><\/a>\u00a0les ant\u00e9c\u00e9dents criminels sont un \u00e9l\u00e9ment important \u00e0 prendre en compte pour la naturalisation. Le Service de l'immigration et de la naturalisation (IND) se r\u00e9serve le droit de rejeter votre demande de naturalisation en cas de probl\u00e8mes d'ordre public, en particulier si vous avez \u00e9t\u00e9 condamn\u00e9 pour un d\u00e9lit p\u00e9nal dans les cinq ans pr\u00e9c\u00e9dant votre demande. En particulier, une peine de prison ou un travail d'int\u00e9r\u00eat g\u00e9n\u00e9ral peut affecter l'approbation de votre demande de naturalisation.<\/li><\/ul><p>Il est tr\u00e8s important de conna\u00eetre ces conditions et de s'assurer que vous remplissez toutes les exigences avant de d\u00e9poser votre demande de naturalisation. Le respect de ces crit\u00e8res est essentiel \u00e0 la r\u00e9ussite de la proc\u00e9dure de naturalisation aux Pays-Bas.<\/p>\t\t\t\t\t\t\t\t<\/div>\n\t\t\t\t<\/div>\n\t\t\t\t<div class=\"elementor-element elementor-element-68c933b elementor-widget elementor-widget-spacer\" data-id=\"68c933b\" data-element_type=\"widget\" data-e-type=\"widget\" data-widget_type=\"spacer.default\">\n\t\t\t\t<div class=\"elementor-widget-container\">\n\t\t\t\t\t\t\t<div class=\"elementor-spacer\">\n\t\t\t<div class=\"elementor-spacer-inner\"><\/div>\n\t\t<\/div>\n\t\t\t\t\t\t<\/div>\n\t\t\t\t<\/div>\n\t\t\t\t<div class=\"elementor-element elementor-element-ddbc397 elementor-widget elementor-widget-heading\" data-id=\"ddbc397\" data-element_type=\"widget\" data-e-type=\"widget\" data-widget_type=\"heading.default\">\n\t\t\t\t<div class=\"elementor-widget-container\">\n\t\t\t\t\t<h3 class=\"elementor-heading-title elementor-size-default\">Proc\u00e9dure de naturalisation<\/h3>\t\t\t\t<\/div>\n\t\t\t\t<\/div>\n\t\t\t\t<div class=\"elementor-element elementor-element-0b33e1d color-scheme-inherit text-left elementor-widget elementor-widget-text-editor\" data-id=\"0b33e1d\" data-element_type=\"widget\" data-e-type=\"widget\" data-widget_type=\"text-editor.default\">\n\t\t\t\t<div class=\"elementor-widget-container\">\n\t\t\t\t\t\t\t\t\t<p>La proc\u00e9dure de naturalisation aux Pays-Bas comporte plusieurs \u00e9tapes afin de s'assurer que tout se d\u00e9roule correctement et conform\u00e9ment \u00e0 la loi. Voici les \u00e9tapes d\u00e9taill\u00e9es :<\/p><ul><li><strong>Soumettre la demande :<\/strong>\u00a0Dans un premier temps, vous d\u00e9posez une demande de naturalisation aupr\u00e8s de votre commune de r\u00e9sidence. Cette demande est appel\u00e9e demande de naturalisation. Il s'agit de la demande formelle d'obtention de la nationalit\u00e9 n\u00e9erlandaise.<\/li><li><strong>Contr\u00f4le des documents :<\/strong>\u00a0Apr\u00e8s le d\u00e9p\u00f4t de la demande de naturalisation, la commune \u00e9value votre demande. Elle v\u00e9rifiera que vous avez pr\u00e9sent\u00e9 tous les documents requis et confirmera votre identit\u00e9. Il est important de rappeler que cette \u00e9tape entra\u00eene des frais que vous devrez payer apr\u00e8s que la commune aura transmis votre demande \u00e0 l'IND (Service de l'immigration et de la naturalisation).<\/li><li><strong>Approbation de l'IND :<\/strong>\u00a0Si votre demande est approuv\u00e9e par l'IND, une \u00e9tape importante suivra. Vous serez invit\u00e9 \u00e0 une c\u00e9r\u00e9monie sp\u00e9ciale au cours de laquelle vous recevrez officiellement la nationalit\u00e9 n\u00e9erlandaise. Il s'agit d'une reconnaissance symbolique et l\u00e9gale de votre nouveau statut de citoyen n\u00e9erlandais.<\/li><li><strong>Examen d'int\u00e9gration civique (le cas \u00e9ch\u00e9ant) :<\/strong>\u00a0Dans certains cas, il peut \u00eatre n\u00e9cessaire de passer un examen d'int\u00e9gration dans le cadre de la proc\u00e9dure de naturalisation. Cet examen teste vos connaissances de la langue et de la culture n\u00e9erlandaises.<\/li><\/ul><p>La proc\u00e9dure de naturalisation est une proc\u00e9dure juridique importante qui n\u00e9cessite une attention particuli\u00e8re aux d\u00e9tails. Il est conseill\u00e9 de demander l'avis d'un professionnel \u00e0 chaque \u00e9tape et de s'assurer que vous remplissez toutes les conditions et obligations li\u00e9es \u00e0 la naturalisation.<\/p>\t\t\t\t\t\t\t\t<\/div>\n\t\t\t\t<\/div>\n\t\t\t\t<div class=\"elementor-element elementor-element-5bcac3b elementor-widget elementor-widget-spacer\" data-id=\"5bcac3b\" data-element_type=\"widget\" data-e-type=\"widget\" data-widget_type=\"spacer.default\">\n\t\t\t\t<div class=\"elementor-widget-container\">\n\t\t\t\t\t\t\t<div class=\"elementor-spacer\">\n\t\t\t<div class=\"elementor-spacer-inner\"><\/div>\n\t\t<\/div>\n\t\t\t\t\t\t<\/div>\n\t\t\t\t<\/div>\n\t\t\t\t<div class=\"elementor-element elementor-element-6a21d19 elementor-widget elementor-widget-heading\" data-id=\"6a21d19\" data-element_type=\"widget\" data-e-type=\"widget\" data-widget_type=\"heading.default\">\n\t\t\t\t<div class=\"elementor-widget-container\">\n\t\t\t\t\t<h3 class=\"elementor-heading-title elementor-size-default\">Proc\u00e9dure d'option<\/h3>\t\t\t\t<\/div>\n\t\t\t\t<\/div>\n\t\t\t\t<div class=\"elementor-element elementor-element-c7f78c5 color-scheme-inherit text-left elementor-widget elementor-widget-text-editor\" data-id=\"c7f78c5\" data-element_type=\"widget\" data-e-type=\"widget\" data-widget_type=\"text-editor.default\">\n\t\t\t\t<div class=\"elementor-widget-container\">\n\t\t\t\t\t\t\t\t\t<p>La proc\u00e9dure d'option offre la possibilit\u00e9 d'obtenir la nationalit\u00e9 n\u00e9erlandaise. Cependant, tout le monde ne peut pas b\u00e9n\u00e9ficier de cette proc\u00e9dure. Vous trouverez ci-dessous les situations dans lesquelles vous avez droit \u00e0 un permis de s\u00e9jour via la proc\u00e9dure d'option.<\/p><ul><li><strong>R\u00e9sider aux Pays-Bas avec un permis de s\u00e9jour :<\/strong> si vous r\u00e9sidez actuellement aux Pays-Bas et disposez d'un permis de s\u00e9jour en cours de validit\u00e9, vous pouvez b\u00e9n\u00e9ficier de la proc\u00e9dure d'option.<\/li><li><strong>Vivre aux Pays-Bas en tant que citoyen de l'Union :<\/strong>\u00a0Un citoyen de l'Union est une personne qui a la nationalit\u00e9 d'un pays appartenant \u00e0 l'UE, \u00e0 l'EEE ou \u00e0 la Suisse. Si vous appartenez \u00e0 cette cat\u00e9gorie, vous n'avez pas besoin de permis de s\u00e9jour pour vivre aux Pays-Bas et vous pouvez suivre la proc\u00e9dure d'option.<\/li><li><strong>R\u00e9sider \u00e0 l'\u00e9tranger ou dans la partie carib\u00e9enne du Royaume des Pays-Bas avec un permis de s\u00e9jour :<\/strong>\u00a0si vous r\u00e9sidez en dehors des Pays-Bas, y compris dans la partie carib\u00e9enne du Royaume des Pays-Bas (comprenant Aruba, Cura\u00e7ao et Saint-Martin, ainsi que les communes sp\u00e9ciales de Bonaire, Saint-Eustache et Saba) et que vous disposez d'un permis de s\u00e9jour en cours de validit\u00e9, vous pouvez b\u00e9n\u00e9ficier de la proc\u00e9dure d'option.<\/li><\/ul><p>Il est important de noter que l'obtention de la nationalit\u00e9 n\u00e9erlandaise en dehors des Pays-Bas est une proc\u00e9dure diff\u00e9rente de celle suivie aux Pays-Bas.<\/p>\t\t\t\t\t\t\t\t<\/div>\n\t\t\t\t<\/div>\n\t\t\t\t<div class=\"elementor-element elementor-element-fc0f543 elementor-widget elementor-widget-spacer\" data-id=\"fc0f543\" data-element_type=\"widget\" data-e-type=\"widget\" data-widget_type=\"spacer.default\">\n\t\t\t\t<div class=\"elementor-widget-container\">\n\t\t\t\t\t\t\t<div class=\"elementor-spacer\">\n\t\t\t<div class=\"elementor-spacer-inner\"><\/div>\n\t\t<\/div>\n\t\t\t\t\t\t<\/div>\n\t\t\t\t<\/div>\n\t\t\t\t<div class=\"elementor-element elementor-element-2689269 elementor-widget elementor-widget-heading\" data-id=\"2689269\" data-element_type=\"widget\" data-e-type=\"widget\" data-widget_type=\"heading.default\">\n\t\t\t\t<div class=\"elementor-widget-container\">\n\t\t\t\t\t<h3 class=\"elementor-heading-title elementor-size-default\">Co\u00fbt de la naturalisation<\/h3>\t\t\t\t<\/div>\n\t\t\t\t<\/div>\n\t\t\t\t<div class=\"elementor-element elementor-element-07c5b17 color-scheme-inherit text-left elementor-widget elementor-widget-text-editor\" data-id=\"07c5b17\" data-element_type=\"widget\" data-e-type=\"widget\" data-widget_type=\"text-editor.default\">\n\t\t\t\t<div class=\"elementor-widget-container\">\n\t\t\t\t\t\t\t\t\t<p>Le co\u00fbt de la naturalisation peut varier en fonction de votre situation. Voici les co\u00fbts pour diff\u00e9rents cas de figure :<\/p><ul><li><strong>Naturalisation individuelle :<\/strong> Si vous souhaitez uniquement \u00eatre naturalis\u00e9, le co\u00fbt est de 945,00 \u20ac.<\/li><li><strong>Demande conjointe : <\/strong>Si vous et votre partenaire d\u00e9posez votre candidature ensemble, le co\u00fbt est de 1206,00 \u20ac.<\/li><li><strong>Famille avec enfants : <\/strong>Si vous avez un enfant de moins de 18 ans qui souhaite \u00e9galement \u00eatre naturalis\u00e9, le co\u00fbt est de 139,00 \u20ac.<\/li><li><strong>Situations particuli\u00e8res : <\/strong>Pour les personnes sans nationalit\u00e9 ou titulaires d'un permis d'asile, le co\u00fbt est de 703,00 euros.<\/li><\/ul><p>Veuillez noter que ces co\u00fbts ne concernent que la proc\u00e9dure de naturalisation proprement dite. En fonction de votre situation sp\u00e9cifique, des frais suppl\u00e9mentaires peuvent s'appliquer. Il est judicieux de garder cela \u00e0 l'esprit lorsque vous planifiez votre proc\u00e9dure de naturalisation.<\/p>\t\t\t\t\t\t\t\t<\/div>\n\t\t\t\t<\/div>\n\t\t\t\t<div class=\"elementor-element elementor-element-52e817c elementor-widget elementor-widget-spacer\" data-id=\"52e817c\" data-element_type=\"widget\" data-e-type=\"widget\" data-widget_type=\"spacer.default\">\n\t\t\t\t<div class=\"elementor-widget-container\">\n\t\t\t\t\t\t\t<div class=\"elementor-spacer\">\n\t\t\t<div class=\"elementor-spacer-inner\"><\/div>\n\t\t<\/div>\n\t\t\t\t\t\t<\/div>\n\t\t\t\t<\/div>\n\t\t\t\t<div class=\"elementor-element elementor-element-b43ce84 elementor-widget elementor-widget-heading\" data-id=\"b43ce84\" data-element_type=\"widget\" data-e-type=\"widget\" data-widget_type=\"heading.default\">\n\t\t\t\t<div class=\"elementor-widget-container\">\n\t\t\t\t\t<h3 class=\"elementor-heading-title elementor-size-default\">Avocat pour la naturalisation<\/h3>\t\t\t\t<\/div>\n\t\t\t\t<\/div>\n\t\t\t\t<div class=\"elementor-element elementor-element-556ed09 color-scheme-inherit text-left elementor-widget elementor-widget-text-editor\" data-id=\"556ed09\" data-element_type=\"widget\" data-e-type=\"widget\" data-widget_type=\"text-editor.default\">\n\t\t\t\t<div class=\"elementor-widget-container\">\n\t\t\t\t\t\t\t\t\t<p>Il est conseill\u00e9 de faire appel \u00e0 un avocat sp\u00e9cialis\u00e9 dans les domaines suivants <a href=\"https:\/\/www.derbedrosian.nl\/fr\/juridictions\/droit-de-limmigration\/\">droit de l'immigration<\/a> peut vous aider dans votre processus de naturalisation. Au cabinet d'avocats Derbedrosian, nous avons des avocats qui connaissent bien le droit de l'immigration. N'h\u00e9sitez pas \u00e0 nous contacter. Nous vous mettrons en contact avec l'un des avocats suivants <a href=\"https:\/\/www.derbedrosian.nl\/fr\/avocats\/\">nos avocats<\/a> qui peut vous aider dans vos d\u00e9marches juridiques.<\/p>\t\t\t\t\t\t\t\t<\/div>\n\t\t\t\t<\/div>\n\t\t\t\t\t<\/div>\n\t\t\t\t<\/div>\n\t\t\t\t<\/div>","protected":false},"excerpt":{"rendered":"<p>naturalisatie nederland in aanmerking komen naturalisatie voorwaarden naturalisatie IND naturalisatie kosten advocaat naturalisatie vreemdelingenrecht advocaat enschede vreemdelingenrecht advocaat overijssel vreemdelingenrecht<\/p>","protected":false},"author":1,"featured_media":0,"parent":10627,"menu_order":0,"comment_status":"closed","ping_status":"closed","template":"","meta":{"footnotes":""},"class_list":["post-10672","page","type-page","status-publish","hentry"],"_links":{"self":[{"href":"https:\/\/www.derbedrosian.nl\/fr\/wp-json\/wp\/v2\/pages\/10672","targetHints":{"allow":["GET"]}}],"collection":[{"href":"https:\/\/www.derbedrosian.nl\/fr\/wp-json\/wp\/v2\/pages"}],"about":[{"href":"https:\/\/www.derbedrosian.nl\/fr\/wp-json\/wp\/v2\/types\/page"}],"author":[{"embeddable":true,"href":"https:\/\/www.derbedrosian.nl\/fr\/wp-json\/wp\/v2\/users\/1"}],"replies":[{"embeddable":true,"href":"https:\/\/www.derbedrosian.nl\/fr\/wp-json\/wp\/v2\/comments?post=10672"}],"version-history":[{"count":0,"href":"https:\/\/www.derbedrosian.nl\/fr\/wp-json\/wp\/v2\/pages\/10672\/revisions"}],"up":[{"embeddable":true,"href":"https:\/\/www.derbedrosian.nl\/fr\/wp-json\/wp\/v2\/pages\/10627"}],"wp:attachment":[{"href":"https:\/\/www.derbedrosian.nl\/fr\/wp-json\/wp\/v2\/media?parent=10672"}],"curies":[{"name":"wp","href":"https:\/\/api.w.org\/{rel}","templated":true}]}}